{"id":293,"date":"2018-04-05T12:36:17","date_gmt":"2018-04-05T10:36:17","guid":{"rendered":"http:\/\/fgei.ummto.dz\/?page_id=293"},"modified":"2025-06-16T12:23:23","modified_gmt":"2025-06-16T10:23:23","slug":"mot-du-doyen","status":"publish","type":"page","link":"https:\/\/www.ummto.dz\/fdsp\/mot-du-doyen\/","title":{"rendered":"Mot du Doyen"},"content":{"rendered":"<p>[et_pb_section fb_built=\u00a0\u00bb1&Prime; custom_padding_last_edited=\u00a0\u00bbon|desktop\u00a0\u00bb admin_label=\u00a0\u00bbHeader\u00a0\u00bb _builder_version=\u00a0\u00bb4.16&Prime; use_background_color_gradient=\u00a0\u00bbon\u00a0\u00bb background_color_gradient_type=\u00a0\u00bbcircular\u00a0\u00bb background_color_gradient_direction_radial=\u00a0\u00bbtop left\u00a0\u00bb background_color_gradient_stops=\u00a0\u00bbrgba(0,79,140,0.34) 0%|#00385e 50%\u00a0\u00bb background_color_gradient_overlays_image=\u00a0\u00bbon\u00a0\u00bb background_color_gradient_start=\u00a0\u00bbrgba(0,79,140,0.34)\u00a0\u00bb background_color_gradient_end=\u00a0\u00bb#00385e\u00a0\u00bb background_color_gradient_end_position=\u00a0\u00bb50%\u00a0\u00bb background_image=\u00a0\u00bbhttps:\/\/www.ummto.dz\/fdsp\/wp-content\/uploads\/2021\/11\/funeral-home-image-03.jpg\u00a0\u00bb custom_padding=\u00a0\u00bb10vh|0|12vh||false|false\u00a0\u00bb custom_padding_tablet=\u00a0\u00bb10vh||10vh||false\u00a0\u00bb custom_padding_phone=\u00a0\u00bb5vh||5vh||false\u00a0\u00bb top_divider_style=\u00a0\u00bbwave2&Prime; top_divider_color=\u00a0\u00bbrgba(12,113,195,0.11)\u00a0\u00bb top_divider_height=\u00a0\u00bb460px\u00a0\u00bb top_divider_flip=\u00a0\u00bbhorizontal\u00a0\u00bb bottom_divider_style=\u00a0\u00bbcurve\u00a0\u00bb bottom_divider_color=\u00a0\u00bb#ffffff\u00a0\u00bb bottom_divider_height=\u00a0\u00bb3vw\u00a0\u00bb bottom_divider_flip=\u00a0\u00bbvertical\u00a0\u00bb global_colors_info=\u00a0\u00bb{}\u00a0\u00bb][et_pb_row column_structure=\u00a0\u00bb1_2,1_4,1_4&Prime; _builder_version=\u00a0\u00bb4.16&Prime; global_colors_info=\u00a0\u00bb{}\u00a0\u00bb][et_pb_column type=\u00a0\u00bb1_2&Prime; _builder_version=\u00a0\u00bb4.16&Prime; custom_padding=\u00a0\u00bb|||\u00a0\u00bb global_colors_info=\u00a0\u00bb{}\u00a0\u00bb custom_padding__hover=\u00a0\u00bb|||\u00a0\u00bb][et_pb_text admin_label=\u00a0\u00bbTexte\u00a0\u00bb _builder_version=\u00a0\u00bb4.16&Prime; text_font=\u00a0\u00bb||||||||\u00a0\u00bb ul_font=\u00a0\u00bb||||||||\u00a0\u00bb ol_font=\u00a0\u00bb||||||||\u00a0\u00bb header_font=\u00a0\u00bbVollkorn||||||||\u00a0\u00bb header_font_size=\u00a0\u00bb84px\u00a0\u00bb header_letter_spacing=\u00a0\u00bb1px\u00a0\u00bb header_line_height=\u00a0\u00bb1.2em\u00a0\u00bb header_2_font=\u00a0\u00bbVollkorn||||||||\u00a0\u00bb header_2_font_size=\u00a0\u00bb44px\u00a0\u00bb header_2_letter_spacing=\u00a0\u00bb1px\u00a0\u00bb header_2_line_height=\u00a0\u00bb1.4em\u00a0\u00bb header_3_font=\u00a0\u00bb||||||||\u00a0\u00bb header_4_font=\u00a0\u00bb||||||||\u00a0\u00bb header_5_font=\u00a0\u00bb||||||||\u00a0\u00bb header_6_font=\u00a0\u00bb||||||||\u00a0\u00bb background_layout=\u00a0\u00bbdark\u00a0\u00bb max_width=\u00a0\u00bb800px\u00a0\u00bb module_alignment=\u00a0\u00bbleft\u00a0\u00bb custom_margin=\u00a0\u00bb||20px|\u00a0\u00bb animation_style=\u00a0\u00bbslide\u00a0\u00bb animation_direction=\u00a0\u00bbleft\u00a0\u00bb animation_intensity_slide=\u00a0\u00bb2%\u00a0\u00bb header_font_size_tablet=\u00a0\u00bb35px\u00a0\u00bb header_font_size_phone=\u00a0\u00bb30px\u00a0\u00bb header_font_size_last_edited=\u00a0\u00bbon|desktop\u00a0\u00bb header_2_font_size_tablet=\u00a0\u00bb35px\u00a0\u00bb header_2_font_size_phone=\u00a0\u00bb30px\u00a0\u00bb header_2_font_size_last_edited=\u00a0\u00bbon|desktop\u00a0\u00bb global_colors_info=\u00a0\u00bb{}\u00a0\u00bb]<\/p>\n<div class=\" bd-layoutitemsbox-23 bd-flex-wide\">\n<div class=\" bd-content-6\">\n<div class=\"bd-container-inner\">\n<div class=\" bd-blog-3 \">\n<div class=\" bd-grid-6\">\n<div class=\"container-fluid\">\n<div class=\"separated-grid row\">\n<div class=\"separated-item-38 col-md-24 first-col last-row last-col\">\n<div class=\"bd-griditem-38\">\n<article class=\" bd-article-3\">\n<h3 class=\"bd-container-inner\" style=\"text-align: center\"><strong><a href=\"http:\/\/10.5.120.77\/FDSP1\/index.php\/mot-du-doyen\">\u00a0<\/a><\/strong><\/h3>\n<div class=\" bd-layoutbox-8 clearfix\">\n<div class=\"bd-container-inner\">\n<div class=\" bd-posticonprint-6 print-action\">\u00a0<\/div>\n<\/div>\n<\/div>\n<div class=\" bd-layoutbox-10 clearfix\">\n<div class=\"bd-container-inner\">\n<h3 class=\" bd-postcontent-3 bd-tagstyles\"><em>Bienvenue sur le site internet de la Facult\u00e9 de droit et des sciences politiques de l\u2019Universit\u00e9 Mouloud Mammeri de Tizi-Ouzou.<a class=\"hasTooltip\" title=\"La Fac par les chiffres\" href=\"http:\/\/10.5.120.77\/FDSP1\/index.php\/la-fac-par-les-chiffres\" rel=\"prev\" aria-label=\"Article pr\u00e9c\u00e9dent\u00a0: La Fac par les chiffres\">\u00a0<\/a><\/em><\/h3>\n<\/div>\n<\/div>\n<\/article>\n<\/div>\n<\/div>\n<\/div>\n<\/div>\n<\/div>\n<\/div>\n<\/div>\n<\/div>\n<\/div>\n<p>[\/et_pb_text][\/et_pb_column][et_pb_column type=\u00a0\u00bb1_4&Prime; _builder_version=\u00a0\u00bb4.16&Prime; custom_padding=\u00a0\u00bb|||\u00a0\u00bb global_colors_info=\u00a0\u00bb{}\u00a0\u00bb custom_padding__hover=\u00a0\u00bb|||\u00a0\u00bb][\/et_pb_column][et_pb_column type=\u00a0\u00bb1_4&Prime; _builder_version=\u00a0\u00bb4.16&Prime; custom_padding=\u00a0\u00bb|||\u00a0\u00bb global_colors_info=\u00a0\u00bb{}\u00a0\u00bb custom_padding__hover=\u00a0\u00bb|||\u00a0\u00bb][\/et_pb_column][\/et_pb_row][\/et_pb_section][et_pb_section fb_built=\u00a0\u00bb1&Prime; admin_label=\u00a0\u00bbServices\u00a0\u00bb _builder_version=\u00a0\u00bb4.16&Prime; custom_padding=\u00a0\u00bb55px|0px|54px|0px|false|false\u00a0\u00bb global_colors_info=\u00a0\u00bb{}\u00a0\u00bb][et_pb_row column_structure=\u00a0\u00bb1_5,3_5,1_5&Prime; _builder_version=\u00a0\u00bb4.27.4&Prime; custom_margin=\u00a0\u00bb0px||||false|false\u00a0\u00bb custom_padding=\u00a0\u00bb0px|0px|0|0px|false|false\u00a0\u00bb global_colors_info=\u00a0\u00bb{}\u00a0\u00bb][et_pb_column type=\u00a0\u00bb1_5&Prime; _builder_version=\u00a0\u00bb4.16&Prime; custom_padding=\u00a0\u00bb|||\u00a0\u00bb global_colors_info=\u00a0\u00bb{}\u00a0\u00bb custom_padding__hover=\u00a0\u00bb|||\u00a0\u00bb][\/et_pb_column][et_pb_column type=\u00a0\u00bb3_5&Prime; _builder_version=\u00a0\u00bb4.27.4&Prime; custom_padding=\u00a0\u00bb|||\u00a0\u00bb hover_enabled=\u00a0\u00bb0&Prime; global_colors_info=\u00a0\u00bb{}\u00a0\u00bb custom_padding__hover=\u00a0\u00bb|||\u00a0\u00bb sticky_enabled=\u00a0\u00bb0&Prime;][et_pb_text admin_label=\u00a0\u00bbTexte\u00a0\u00bb _builder_version=\u00a0\u00bb4.27.4&Prime; _module_preset=\u00a0\u00bbdefault\u00a0\u00bb text_font=\u00a0\u00bb||||||||\u00a0\u00bb text_text_color=\u00a0\u00bb#1d77c1&Prime; text_font_size=\u00a0\u00bb16px\u00a0\u00bb ul_font=\u00a0\u00bb||||||||\u00a0\u00bb ol_font=\u00a0\u00bb||||||||\u00a0\u00bb header_font=\u00a0\u00bbVollkorn||||||||\u00a0\u00bb header_font_size=\u00a0\u00bb84px\u00a0\u00bb header_letter_spacing=\u00a0\u00bb1px\u00a0\u00bb header_line_height=\u00a0\u00bb1.2em\u00a0\u00bb header_2_font=\u00a0\u00bbVollkorn||||||||\u00a0\u00bb header_2_font_size=\u00a0\u00bb44px\u00a0\u00bb header_2_letter_spacing=\u00a0\u00bb1px\u00a0\u00bb header_2_line_height=\u00a0\u00bb1.4em\u00a0\u00bb header_3_font=\u00a0\u00bb||||||||\u00a0\u00bb header_4_font=\u00a0\u00bb||||||||\u00a0\u00bb header_5_font=\u00a0\u00bb||||||||\u00a0\u00bb header_6_font=\u00a0\u00bb||||||||\u00a0\u00bb background_color=\u00a0\u00bb#FFFFFF\u00a0\u00bb text_orientation=\u00a0\u00bbcenter\u00a0\u00bb max_width=\u00a0\u00bb800px\u00a0\u00bb module_alignment=\u00a0\u00bbleft\u00a0\u00bb custom_margin=\u00a0\u00bb||20px|\u00a0\u00bb animation_style=\u00a0\u00bbslide\u00a0\u00bb animation_direction=\u00a0\u00bbleft\u00a0\u00bb animation_intensity_slide=\u00a0\u00bb2%\u00a0\u00bb hover_enabled=\u00a0\u00bb0&Prime; header_font_size_tablet=\u00a0\u00bb35px\u00a0\u00bb header_font_size_phone=\u00a0\u00bb30px\u00a0\u00bb header_font_size_last_edited=\u00a0\u00bbon|desktop\u00a0\u00bb header_2_font_size_tablet=\u00a0\u00bb35px\u00a0\u00bb header_2_font_size_phone=\u00a0\u00bb30px\u00a0\u00bb header_2_font_size_last_edited=\u00a0\u00bbon|desktop\u00a0\u00bb global_colors_info=\u00a0\u00bb{}\u00a0\u00bb sticky_enabled=\u00a0\u00bb0&Prime;]<\/p>\n<div class=\"bd-flex-vertical bd-flex-wide\">\n<div class=\" bd-layoutitemsbox-23 bd-flex-wide\">\n<div class=\" bd-content-6\">\n<div class=\"bd-container-inner\">\n<div class=\" bd-blog-3 \">\n<div class=\" bd-grid-6\">\n<div class=\"container-fluid\">\n<div class=\"separated-grid row\">\n<div class=\"separated-item-38 col-md-24 first-col last-row last-col\">\n<div class=\"bd-griditem-38\">\n<article>\n<h2>\u00a0\u00a0 Mot du Doyen<\/h2>\n<\/article>\n<article><\/article>\n<article class=\" bd-article-3\">\n<p style=\"text-align: center\"><span style=\"color: #000000\">\u00a0 \u00a0 \u00a0 \u00a0 La communaut\u00e9 universitaire de la Facult\u00e9 de Droit et des sciences politiques de l&rsquo;Universit\u00e9 Mouloud Mammeri de Tizi-ouzou est heureuse de vous accueillir et de vous souhaiter la bienvenue. Ce site est destin\u00e9 \u00e0 vous servir de guide lors de vos \u00e9tudes au sein de notre Facult\u00e9. Le corps enseignants, les responsables p\u00e9dagogiques et administratifs sont \u00e0 votre disposition pour vous permettre de mener \u00e0 bien votre cursus universitaire. <\/span><\/p>\n<p style=\"text-align: center\"><span style=\"color: #000000\">Pour nous, l&rsquo;universit\u00e9, lieu d&rsquo;enseignement et de recherche, est aussi un lieu d&rsquo;\u00e9change et de convivialit\u00e9. Nous vous souhaitons la bienvenue dans votre Facult\u00e9 active, ouverte sur le monde et dont l&rsquo;objectif est de vous offrir une formation qui r\u00e9pond aux exigences de performance, d&rsquo;un savoir \u00e9lev\u00e9 imp\u00e9ratif, \u00e9l\u00e9ment d\u00e9terminant dans le processus d&rsquo;int\u00e9gration \u00e0 l&rsquo;espace universel. Formation qui vous permettra une insertion m\u00e9rit\u00e9e parmi les grandes institutions universitaires mondialement reconnues.<\/span><\/p>\n<p style=\"text-align: center\"><span style=\"color: #800000\"> Pr. IGLOULI Mohamed<\/span><\/p>\n<div class=\" bd-layoutbox-10 clearfix\">\n<div class=\"bd-container-inner\">\n<div class=\" bd-postcontent-3 bd-tagstyles\">\n<div class=\"bd-container-inner\" style=\"text-align: center\"><span style=\"color: #000000\"><em>Doyen de la Facult\u00e9 de Droit et des Sciences politiques<br \/>de l&rsquo;Universit\u00e9 Mouloud Mammeri de Tizi-Ouzou.<\/em><\/span><\/div>\n<\/div>\n<\/div>\n<\/div>\n<\/article>\n<\/div>\n<div><\/div>\n<div class=\"bd-griditem-38\">\n<div><\/div>\n<article class=\" bd-article-3\">\n<div class=\" bd-layoutbox-10 clearfix\">\n<div class=\"bd-container-inner\">\n<div class=\" bd-postcontent-3 bd-tagstyles\"><\/div>\n<\/div>\n<\/div>\n<\/article>\n<\/div>\n<\/div>\n<\/div>\n<\/div>\n<\/div>\n<\/div>\n<\/div>\n<\/div>\n<\/div>\n<\/div>\n<p>[\/et_pb_text][\/et_pb_column][et_pb_column type=\u00a0\u00bb1_5&Prime; _builder_version=\u00a0\u00bb4.16&Prime; custom_padding=\u00a0\u00bb|||\u00a0\u00bb global_colors_info=\u00a0\u00bb{}\u00a0\u00bb custom_padding__hover=\u00a0\u00bb|||\u00a0\u00bb][et_pb_divider color=\u00a0\u00bbrgba(0,0,0,0.08)\u00a0\u00bb divider_position=\u00a0\u00bbbottom\u00a0\u00bb divider_weight=\u00a0\u00bb2px\u00a0\u00bb disabled_on=\u00a0\u00bbon|on|off\u00a0\u00bb _builder_version=\u00a0\u00bb4.16&Prime; animation_style=\u00a0\u00bbslide\u00a0\u00bb animation_direction=\u00a0\u00bbleft\u00a0\u00bb locked=\u00a0\u00bboff\u00a0\u00bb global_colors_info=\u00a0\u00bb{}\u00a0\u00bb][\/et_pb_divider][\/et_pb_column][\/et_pb_row][\/et_pb_section]<\/p>\n","protected":false},"excerpt":{"rendered":"<p>\u00a0 \u00a0 Bienvenue sur le site internet de la Facult\u00e9 de droit et des sciences politiques de l\u2019Universit\u00e9 Mouloud Mammeri de Tizi-Ouzou.\u00a0 \u00a0\u00a0 Mot du Doyen \u00a0 \u00a0 \u00a0 \u00a0 La communaut\u00e9 universitaire de la Facult\u00e9 de Droit et des sciences politiques de l&rsquo;Universit\u00e9 Mouloud Mammeri de Tizi-ouzou est heureuse de vous accueillir et de [&hellip;]<\/p>\n","protected":false},"author":1,"featured_media":0,"parent":0,"menu_order":0,"comment_status":"closed","ping_status":"closed","template":"","meta":{"_et_pb_use_builder":"on","_et_pb_old_content":"<p><strong>\u00a0Bienvenue sur le site internet de la Facult\u00e9 de droit et de science politique de l\u2019Universit\u00e9 Mouloud Mammeri de Tizi-Ouzou.<\/strong><\/p><p>La communaut\u00e9 universitaire de la Facult\u00e9 de Droit et des sciences politiques de l'Universit\u00e9 Mouloud Mammeri de Tizi-ouzou est heureuse de vous accueillir et de vous souhaiter la bienvenue.<\/p><p>Ce site est destin\u00e9 \u00e0 vous servir de guide lors de vos \u00e9tudes au sein de notre Facult\u00e9.<\/p><p>Le corps enseignants, les responsables p\u00e9dagogiques et administratifs sont \u00e0 votre disposition pour vous permettre de mener\u00a0\u00e0 bien votre cursus universitaire.<\/p><p>Pour nous, l'universit\u00e9, lieu d'enseignement et de recherche, est aussi un lieu d'\u00e9change et de convivialit\u00e9.<\/p><p>Nous vous souhaitons la bienvenue dans votre Facult\u00e9 active, ouverte sur le monde et dont l'objectif est de vous offrir une formation qui r\u00e9pond aux exigences de performance, d'un savoir \u00e9lev\u00e9 imp\u00e9ratif, \u00e9l\u00e9ment d\u00e9terminant dans le processus d'int\u00e9gration \u00e0 l'espace universel. Formation qui vous permettra une insertion m\u00e9rit\u00e9e parmi les grandes institutions universitaires mondialement reconnues.<\/p><p>\u00a0<\/p><p><em>Pr. IGLOULI Mohamed<br \/>Doyen de la Facult\u00e9 de Droit et des Sciences politiques<br \/>de l'Universit\u00e9 Mouloud Mammeri de Tizi-Ouzou.<\/em><\/p>","_et_gb_content_width":"","footnotes":""},"class_list":["post-293","page","type-page","status-publish","hentry"],"yoast_head":"<!-- This site is optimized with the Yoast SEO plugin v27.3 - https:\/\/yoast.com\/product\/yoast-seo-wordpress\/ -->\n<title>Mot du Doyen - Facult\u00e9 De Droit Et Des Sciences Politiques<\/title>\n<meta name=\"robots\" content=\"index, follow, max-snippet:-1, max-image-preview:large, max-video-preview:-1\" \/>\n<link rel=\"canonical\" href=\"https:\/\/www.ummto.dz\/fdsp\/mot-du-doyen\/\" \/>\n<meta property=\"og:locale\" content=\"fr_FR\" \/>\n<meta property=\"og:type\" content=\"article\" \/>\n<meta property=\"og:title\" content=\"Mot du Doyen - Facult\u00e9 De Droit Et Des Sciences Politiques\" \/>\n<meta property=\"og:description\" content=\"\u00a0 \u00a0 Bienvenue sur le site internet de la Facult\u00e9 de droit et des sciences politiques de l\u2019Universit\u00e9 Mouloud Mammeri de Tizi-Ouzou.\u00a0 \u00a0\u00a0 Mot du Doyen \u00a0 \u00a0 \u00a0 \u00a0 La communaut\u00e9 universitaire de la Facult\u00e9 de Droit et des sciences politiques de l&#039;Universit\u00e9 Mouloud Mammeri de Tizi-ouzou est heureuse de vous accueillir et de [&hellip;]\" \/>\n<meta property=\"og:url\" content=\"https:\/\/www.ummto.dz\/fdsp\/mot-du-doyen\/\" \/>\n<meta property=\"og:site_name\" content=\"Facult\u00e9 De Droit Et Des Sciences Politiques\" \/>\n<meta property=\"article:modified_time\" content=\"2025-06-16T10:23:23+00:00\" \/>\n<meta name=\"twitter:card\" content=\"summary_large_image\" \/>\n<meta name=\"twitter:label1\" content=\"Dur\u00e9e de lecture estim\u00e9e\" \/>\n\t<meta name=\"twitter:data1\" content=\"1 minute\" \/>\n<script type=\"application\/ld+json\" class=\"yoast-schema-graph\">{\"@context\":\"https:\\\/\\\/schema.org\",\"@graph\":[{\"@type\":\"WebPage\",\"@id\":\"https:\\\/\\\/www.ummto.dz\\\/fdsp\\\/mot-du-doyen\\\/\",\"url\":\"https:\\\/\\\/www.ummto.dz\\\/fdsp\\\/mot-du-doyen\\\/\",\"name\":\"Mot du Doyen - Facult\u00e9 De Droit Et Des Sciences Politiques\",\"isPartOf\":{\"@id\":\"https:\\\/\\\/www.ummto.dz\\\/fdsp\\\/#website\"},\"datePublished\":\"2018-04-05T10:36:17+00:00\",\"dateModified\":\"2025-06-16T10:23:23+00:00\",\"breadcrumb\":{\"@id\":\"https:\\\/\\\/www.ummto.dz\\\/fdsp\\\/mot-du-doyen\\\/#breadcrumb\"},\"inLanguage\":\"fr-FR\",\"potentialAction\":[{\"@type\":\"ReadAction\",\"target\":[\"https:\\\/\\\/www.ummto.dz\\\/fdsp\\\/mot-du-doyen\\\/\"]}]},{\"@type\":\"BreadcrumbList\",\"@id\":\"https:\\\/\\\/www.ummto.dz\\\/fdsp\\\/mot-du-doyen\\\/#breadcrumb\",\"itemListElement\":[{\"@type\":\"ListItem\",\"position\":1,\"name\":\"Accueil\",\"item\":\"https:\\\/\\\/www.ummto.dz\\\/fdsp\\\/\"},{\"@type\":\"ListItem\",\"position\":2,\"name\":\"Mot du Doyen\"}]},{\"@type\":\"WebSite\",\"@id\":\"https:\\\/\\\/www.ummto.dz\\\/fdsp\\\/#website\",\"url\":\"https:\\\/\\\/www.ummto.dz\\\/fdsp\\\/\",\"name\":\"Facult\u00e9 De Droit Et Des Sciences Politiques\",\"description\":\"Facult\u00e9 de Droit\",\"potentialAction\":[{\"@type\":\"SearchAction\",\"target\":{\"@type\":\"EntryPoint\",\"urlTemplate\":\"https:\\\/\\\/www.ummto.dz\\\/fdsp\\\/?s={search_term_string}\"},\"query-input\":{\"@type\":\"PropertyValueSpecification\",\"valueRequired\":true,\"valueName\":\"search_term_string\"}}],\"inLanguage\":\"fr-FR\"}]}<\/script>\n<!-- \/ Yoast SEO plugin. -->","yoast_head_json":{"title":"Mot du Doyen - Facult\u00e9 De Droit Et Des Sciences Politiques","robots":{"index":"index","follow":"follow","max-snippet":"max-snippet:-1","max-image-preview":"max-image-preview:large","max-video-preview":"max-video-preview:-1"},"canonical":"https:\/\/www.ummto.dz\/fdsp\/mot-du-doyen\/","og_locale":"fr_FR","og_type":"article","og_title":"Mot du Doyen - Facult\u00e9 De Droit Et Des Sciences Politiques","og_description":"\u00a0 \u00a0 Bienvenue sur le site internet de la Facult\u00e9 de droit et des sciences politiques de l\u2019Universit\u00e9 Mouloud Mammeri de Tizi-Ouzou.\u00a0 \u00a0\u00a0 Mot du Doyen \u00a0 \u00a0 \u00a0 \u00a0 La communaut\u00e9 universitaire de la Facult\u00e9 de Droit et des sciences politiques de l'Universit\u00e9 Mouloud Mammeri de Tizi-ouzou est heureuse de vous accueillir et de [&hellip;]","og_url":"https:\/\/www.ummto.dz\/fdsp\/mot-du-doyen\/","og_site_name":"Facult\u00e9 De Droit Et Des Sciences Politiques","article_modified_time":"2025-06-16T10:23:23+00:00","twitter_card":"summary_large_image","twitter_misc":{"Dur\u00e9e de lecture estim\u00e9e":"1 minute"},"schema":{"@context":"https:\/\/schema.org","@graph":[{"@type":"WebPage","@id":"https:\/\/www.ummto.dz\/fdsp\/mot-du-doyen\/","url":"https:\/\/www.ummto.dz\/fdsp\/mot-du-doyen\/","name":"Mot du Doyen - Facult\u00e9 De Droit Et Des Sciences Politiques","isPartOf":{"@id":"https:\/\/www.ummto.dz\/fdsp\/#website"},"datePublished":"2018-04-05T10:36:17+00:00","dateModified":"2025-06-16T10:23:23+00:00","breadcrumb":{"@id":"https:\/\/www.ummto.dz\/fdsp\/mot-du-doyen\/#breadcrumb"},"inLanguage":"fr-FR","potentialAction":[{"@type":"ReadAction","target":["https:\/\/www.ummto.dz\/fdsp\/mot-du-doyen\/"]}]},{"@type":"BreadcrumbList","@id":"https:\/\/www.ummto.dz\/fdsp\/mot-du-doyen\/#breadcrumb","itemListElement":[{"@type":"ListItem","position":1,"name":"Accueil","item":"https:\/\/www.ummto.dz\/fdsp\/"},{"@type":"ListItem","position":2,"name":"Mot du Doyen"}]},{"@type":"WebSite","@id":"https:\/\/www.ummto.dz\/fdsp\/#website","url":"https:\/\/www.ummto.dz\/fdsp\/","name":"Facult\u00e9 De Droit Et Des Sciences Politiques","description":"Facult\u00e9 de Droit","potentialAction":[{"@type":"SearchAction","target":{"@type":"EntryPoint","urlTemplate":"https:\/\/www.ummto.dz\/fdsp\/?s={search_term_string}"},"query-input":{"@type":"PropertyValueSpecification","valueRequired":true,"valueName":"search_term_string"}}],"inLanguage":"fr-FR"}]}},"_links":{"self":[{"href":"https:\/\/www.ummto.dz\/fdsp\/wp-json\/wp\/v2\/pages\/293","targetHints":{"allow":["GET"]}}],"collection":[{"href":"https:\/\/www.ummto.dz\/fdsp\/wp-json\/wp\/v2\/pages"}],"about":[{"href":"https:\/\/www.ummto.dz\/fdsp\/wp-json\/wp\/v2\/types\/page"}],"author":[{"embeddable":true,"href":"https:\/\/www.ummto.dz\/fdsp\/wp-json\/wp\/v2\/users\/1"}],"replies":[{"embeddable":true,"href":"https:\/\/www.ummto.dz\/fdsp\/wp-json\/wp\/v2\/comments?post=293"}],"version-history":[{"count":13,"href":"https:\/\/www.ummto.dz\/fdsp\/wp-json\/wp\/v2\/pages\/293\/revisions"}],"predecessor-version":[{"id":5861,"href":"https:\/\/www.ummto.dz\/fdsp\/wp-json\/wp\/v2\/pages\/293\/revisions\/5861"}],"wp:attachment":[{"href":"https:\/\/www.ummto.dz\/fdsp\/wp-json\/wp\/v2\/media?parent=293"}],"curies":[{"name":"wp","href":"https:\/\/api.w.org\/{rel}","templated":true}]}}