{"id":360,"date":"2018-06-27T11:00:26","date_gmt":"2018-06-27T09:00:26","guid":{"rendered":"http:\/\/fgei.ummto.dz\/?page_id=360"},"modified":"2022-06-09T14:12:23","modified_gmt":"2022-06-09T12:12:23","slug":"doctorat-classique","status":"publish","type":"page","link":"https:\/\/www.ummto.dz\/fdsp\/doctorat-classique\/","title":{"rendered":"Doctorat classique"},"content":{"rendered":"<p>[et_pb_section fb_built=\u00a0\u00bb1&Prime; admin_label=\u00a0\u00bbHero\u00a0\u00bb _builder_version=\u00a0\u00bb4.16&Prime; background_color=\u00a0\u00bb#084666&Prime; use_background_color_gradient=\u00a0\u00bbon\u00a0\u00bb background_color_gradient_direction=\u00a0\u00bb170deg\u00a0\u00bb background_color_gradient_stops=\u00a0\u00bb#002e4f 1%|rgba(8,70,102,0.8) 100%\u00a0\u00bb background_color_gradient_overlays_image=\u00a0\u00bbon\u00a0\u00bb background_color_gradient_start=\u00a0\u00bb#002e4f\u00a0\u00bb background_color_gradient_start_position=\u00a0\u00bb1%\u00a0\u00bb background_color_gradient_end=\u00a0\u00bbrgba(8,70,102,0.8)\u00a0\u00bb background_image=\u00a0\u00bbhttps:\/\/www.ummto.dz\/fdsp\/wp-content\/uploads\/2022\/01\/Accountant-Image-27.jpg\u00a0\u00bb custom_padding=\u00a0\u00bb||54px|||\u00a0\u00bb global_colors_info=\u00a0\u00bb{}\u00a0\u00bb][et_pb_row _builder_version=\u00a0\u00bb4.16&Prime; background_size=\u00a0\u00bbinitial\u00a0\u00bb background_position=\u00a0\u00bbtop_left\u00a0\u00bb background_repeat=\u00a0\u00bbrepeat\u00a0\u00bb custom_padding=\u00a0\u00bb27px|0px|27px|0px|false|false\u00a0\u00bb global_colors_info=\u00a0\u00bb{}\u00a0\u00bb][et_pb_column type=\u00a0\u00bb4_4&Prime; _builder_version=\u00a0\u00bb4.16&Prime; custom_padding=\u00a0\u00bb|||\u00a0\u00bb global_colors_info=\u00a0\u00bb{}\u00a0\u00bb custom_padding__hover=\u00a0\u00bb|||\u00a0\u00bb][et_pb_text _builder_version=\u00a0\u00bb4.16&Prime; text_font=\u00a0\u00bb||||||||\u00a0\u00bb text_font_size=\u00a0\u00bb20px\u00a0\u00bb text_line_height=\u00a0\u00bb1.8em\u00a0\u00bb header_font=\u00a0\u00bbOpen Sans|800|||||||\u00a0\u00bb header_font_size=\u00a0\u00bb60px\u00a0\u00bb header_line_height=\u00a0\u00bb1.3em\u00a0\u00bb background_size=\u00a0\u00bbinitial\u00a0\u00bb background_position=\u00a0\u00bbtop_left\u00a0\u00bb background_repeat=\u00a0\u00bbrepeat\u00a0\u00bb background_layout=\u00a0\u00bbdark\u00a0\u00bb max_width=\u00a0\u00bb600px\u00a0\u00bb custom_margin=\u00a0\u00bb|||\u00a0\u00bb custom_margin_tablet=\u00a0\u00bb|100px||\u00a0\u00bb custom_margin_phone=\u00a0\u00bb|30px||\u00a0\u00bb custom_margin_last_edited=\u00a0\u00bboff|desktop\u00a0\u00bb header_font_size_tablet=\u00a0\u00bb50px\u00a0\u00bb header_font_size_phone=\u00a0\u00bb40px\u00a0\u00bb header_font_size_last_edited=\u00a0\u00bbon|phone\u00a0\u00bb header_line_height_tablet=\u00a0\u00bb\u00a0\u00bb header_line_height_phone=\u00a0\u00bb\u00a0\u00bb header_line_height_last_edited=\u00a0\u00bbon|desktop\u00a0\u00bb global_colors_info=\u00a0\u00bb{}\u00a0\u00bb]<\/p>\n<h1>Post Graduation<\/h1>\n<p>&nbsp;<\/p>\n<p>[\/et_pb_text][\/et_pb_column][\/et_pb_row][\/et_pb_section][et_pb_section fb_built=\u00a0\u00bb1&Prime; admin_label=\u00a0\u00bbAbout us\u00a0\u00bb _builder_version=\u00a0\u00bb4.16&Prime; global_colors_info=\u00a0\u00bb{}\u00a0\u00bb][et_pb_row column_structure=\u00a0\u00bb1_2,1_2&Prime; _builder_version=\u00a0\u00bb4.16&Prime; max_width=\u00a0\u00bb1280px\u00a0\u00bb use_custom_width=\u00a0\u00bbon\u00a0\u00bb custom_width_px=\u00a0\u00bb1280px\u00a0\u00bb global_colors_info=\u00a0\u00bb{}\u00a0\u00bb][et_pb_column type=\u00a0\u00bb1_2&Prime; _builder_version=\u00a0\u00bb4.16&Prime; custom_padding=\u00a0\u00bb|||\u00a0\u00bb global_colors_info=\u00a0\u00bb{}\u00a0\u00bb custom_padding__hover=\u00a0\u00bb|||\u00a0\u00bb][et_pb_text _builder_version=\u00a0\u00bb4.16&Prime; header_font=\u00a0\u00bb||||||||\u00a0\u00bb header_2_font=\u00a0\u00bb||||||||\u00a0\u00bb header_3_font=\u00a0\u00bb||||||||\u00a0\u00bb header_4_font=\u00a0\u00bbMontserrat|700||on|||||\u00a0\u00bb header_4_text_color=\u00a0\u00bb#a2aab2&Prime; header_4_font_size=\u00a0\u00bb15px\u00a0\u00bb header_4_letter_spacing=\u00a0\u00bb2px\u00a0\u00bb header_4_line_height=\u00a0\u00bb1.6em\u00a0\u00bb max_width_tablet=\u00a0\u00bb700px\u00a0\u00bb max_width_phone=\u00a0\u00bb700px\u00a0\u00bb max_width_last_edited=\u00a0\u00bboff|desktop\u00a0\u00bb custom_margin=\u00a0\u00bb|||\u00a0\u00bb custom_margin_tablet=\u00a0\u00bb|0px||\u00a0\u00bb custom_margin_phone=\u00a0\u00bb|0px||\u00a0\u00bb custom_margin_last_edited=\u00a0\u00bboff|desktop\u00a0\u00bb header_2_font_size_tablet=\u00a0\u00bb30px\u00a0\u00bb header_2_font_size_last_edited=\u00a0\u00bboff|desktop\u00a0\u00bb locked=\u00a0\u00bboff\u00a0\u00bb global_colors_info=\u00a0\u00bb{}\u00a0\u00bb]<\/p>\n<h3>Doctorat classique<\/h3>\n<p>[\/et_pb_text][et_pb_text _builder_version=\u00a0\u00bb4.16&Prime; text_font=\u00a0\u00bb||||||||\u00a0\u00bb text_font_size=\u00a0\u00bb16px\u00a0\u00bb text_line_height=\u00a0\u00bb2em\u00a0\u00bb header_font=\u00a0\u00bb||||||||\u00a0\u00bb header_2_font=\u00a0\u00bbMontserrat|800|||||||\u00a0\u00bb header_2_font_size=\u00a0\u00bb30px\u00a0\u00bb header_2_line_height=\u00a0\u00bb1.5em\u00a0\u00bb header_3_font=\u00a0\u00bb||||||||\u00a0\u00bb header_4_font=\u00a0\u00bb||||||||\u00a0\u00bb max_width=\u00a0\u00bb520px\u00a0\u00bb max_width_tablet=\u00a0\u00bb700px\u00a0\u00bb max_width_phone=\u00a0\u00bb700px\u00a0\u00bb max_width_last_edited=\u00a0\u00bboff|desktop\u00a0\u00bb custom_margin=\u00a0\u00bb|||\u00a0\u00bb custom_margin_tablet=\u00a0\u00bb|0px||\u00a0\u00bb custom_margin_phone=\u00a0\u00bb|0px||\u00a0\u00bb custom_margin_last_edited=\u00a0\u00bboff|desktop\u00a0\u00bb custom_padding=\u00a0\u00bb0px|||||\u00a0\u00bb header_2_font_size_tablet=\u00a0\u00bb30px\u00a0\u00bb header_2_font_size_phone=\u00a0\u00bb20px\u00a0\u00bb header_2_font_size_last_edited=\u00a0\u00bbon|phone\u00a0\u00bb border_color_all=\u00a0\u00bb#12eaa6&Prime; border_width_top=\u00a0\u00bb2px\u00a0\u00bb locked=\u00a0\u00bboff\u00a0\u00bb global_colors_info=\u00a0\u00bb{}\u00a0\u00bb]<\/p>\n<h4><strong>Constitution du dossier d\u2019inscription en Doctorat<\/strong><\/h4>\n<p>[\/et_pb_text][et_pb_image src=\u00a0\u00bbhttps:\/\/www.ummto.dz\/fdsp\/wp-content\/uploads\/2022\/01\/law-firm-08.jpg\u00a0\u00bb align_tablet=\u00a0\u00bbcenter\u00a0\u00bb align_phone=\u00a0\u00bbcenter\u00a0\u00bb align_last_edited=\u00a0\u00bbon|desktop\u00a0\u00bb _builder_version=\u00a0\u00bb4.16&Prime; max_width=\u00a0\u00bb70%\u00a0\u00bb max_width_tablet=\u00a0\u00bb\u00a0\u00bb max_width_phone=\u00a0\u00bb\u00a0\u00bb max_width_last_edited=\u00a0\u00bbon|tablet\u00a0\u00bb module_alignment=\u00a0\u00bbright\u00a0\u00bb animation_style=\u00a0\u00bbslide\u00a0\u00bb animation_direction=\u00a0\u00bbleft\u00a0\u00bb animation_delay=\u00a0\u00bb200ms\u00a0\u00bb animation_intensity_slide=\u00a0\u00bb10%\u00a0\u00bb locked=\u00a0\u00bboff\u00a0\u00bb global_colors_info=\u00a0\u00bb{}\u00a0\u00bb][\/et_pb_image][et_pb_text _builder_version=\u00a0\u00bb4.17.4&Prime; text_font=\u00a0\u00bb||||||||\u00a0\u00bb text_font_size=\u00a0\u00bb16px\u00a0\u00bb text_line_height=\u00a0\u00bb2em\u00a0\u00bb header_font=\u00a0\u00bb||||||||\u00a0\u00bb header_2_font=\u00a0\u00bbMontserrat|800|||||||\u00a0\u00bb header_2_font_size=\u00a0\u00bb30px\u00a0\u00bb header_2_line_height=\u00a0\u00bb1.5em\u00a0\u00bb header_3_font=\u00a0\u00bb||||||||\u00a0\u00bb header_4_font=\u00a0\u00bb||||||||\u00a0\u00bb max_width_tablet=\u00a0\u00bb700px\u00a0\u00bb max_width_phone=\u00a0\u00bb700px\u00a0\u00bb max_width_last_edited=\u00a0\u00bboff|desktop\u00a0\u00bb custom_margin=\u00a0\u00bb|||\u00a0\u00bb custom_margin_tablet=\u00a0\u00bb|0px||\u00a0\u00bb custom_margin_phone=\u00a0\u00bb|0px||\u00a0\u00bb custom_margin_last_edited=\u00a0\u00bboff|desktop\u00a0\u00bb custom_padding=\u00a0\u00bb20px|||\u00a0\u00bb hover_enabled=\u00a0\u00bb0&Prime; header_2_font_size_tablet=\u00a0\u00bb30px\u00a0\u00bb header_2_font_size_phone=\u00a0\u00bb20px\u00a0\u00bb header_2_font_size_last_edited=\u00a0\u00bbon|phone\u00a0\u00bb border_color_all=\u00a0\u00bb#12eaa6&Prime; border_width_top=\u00a0\u00bb2px\u00a0\u00bb locked=\u00a0\u00bboff\u00a0\u00bb global_colors_info=\u00a0\u00bb{}\u00a0\u00bb sticky_enabled=\u00a0\u00bb0&Prime;]<\/p>\n<ul>\n<li><strong>Pi\u00e8ces \u00e0 fournir:<\/strong>(l\u2019int\u00e9ress\u00e9 aura \u00e0\u00a0fournir deux exemplaires\u00a0du dossier,(Document \u00e0 r\u00e9cup\u00e9rer du service post\u00a0 graduation)<\/li>\n<li>Formulaire de demande d\u2019inscription en 1<sup>\u00e9re<\/sup>ann\u00e9e de th\u00e8se de Doctorat, vis\u00e9 par le Directeur de th\u00e8se.<\/li>\n<li>Attestations de non inscription \u00e0 une ou plusieurs formations \u00e0 l\u2019UMMTO ou en dehors de l\u2019UMMTO (D\u00e9claration sur l\u2019Honneur l\u00e9galis\u00e9e).<\/li>\n<li>Copies des dipl\u00f4mes (Bac, Graduation, Magister), \u00e0 joindre \u00e9quivalence pour tout dipl\u00f4me obtenu \u00e0 l\u2019\u00e9tranger.<\/li>\n<li>Extrait d\u2019acte de naissance r\u00e9cent.<\/li>\n<li>Attestations de fonction (qualit\u00e9 enseignant \u00e0 l\u2019universit\u00e9).<\/li>\n<li>Autorisation de l\u2019employeur (candidats salari\u00e9s).<\/li>\n<li>Original du plan de travail d\u00e9taill\u00e9, dat\u00e9 de sign\u00e9 par le Directeur de th\u00e8se et par le Co-directeur de th\u00e8se.<\/li>\n<li>CV du Directeur de th\u00e8se.<\/li>\n<li>CV du Co-directeur de th\u00e8se.<\/li>\n<li>Frais d\u2019inscription *Mandat*, (Document \u00e0 r\u00e9cup\u00e9rer du service post graduation)<\/li>\n<li>(02) photos d\u2019identit\u00e9 (nom et pr\u00e9nom au verso).<\/li>\n<li>Proc\u00e8s Verbal de soutenance de Magister pour les candidats hors \u00e9tablissement.<\/li>\n<li>Engagement par rapport au plagiat.<\/li>\n<\/ul>\n<p><strong>Pour\u00a0 les cas de transfert\u00a0:<\/strong><\/p>\n<ul>\n<li>Fiche de transfert en 03 exemplaires vis\u00e9s par les deux (02) \u00e9tablissements d\u2019origine et d\u2019accueil (Pr\u00e9sident du CSF, Doyen de la Facult\u00e9, Vice Recteur\/PGRS).<\/li>\n<li>Proc\u00e8s Verbal du Conseil Scientifique avalisant le sujet et le Directeur de th\u00e8se et accordant le transfert et l\u2019inscription pour l\u2019ann\u00e9e en cours.<\/li>\n<li>Attestation de non inscription \u00e0 une ou plusieurs formations \u00e0 l\u2019UMMTO ou hors UMMTO (D\u00e9claration sur l\u2019Honneur l\u00e9galis\u00e9e)\u00a0.<\/li>\n<li>Copie des dipl\u00f4mes\u00a0: Bac, Graduation, Magister (joindre \u00e9quivalence de tout dipl\u00f4me \u00e9tranger).<\/li>\n<li>Dossiers d\u2019inscription ant\u00e9rieurs (\u00e9tablissement d\u2019origine).<\/li>\n<\/ul>\n<p><strong>Remarque\u00a0:<\/strong><\/p>\n<ul>\n<li>Les fiches de transfert sont \u00e0 retirer aupr\u00e8s de l\u2019Universit\u00e9 d\u2019origine,(Document \u00e0 r\u00e9cup\u00e9rer du service post graduation)<\/li>\n<li>Aucun transfert vers l\u2019UMMTO ne peut \u00eatre accord\u00e9 dans les cas suivants\u00a0:<\/li>\n<\/ul>\n<ol>\n<li>Interruption d\u2019inscription.<\/li>\n<li>Transfert en derni\u00e8re ann\u00e9e d\u2019inscription (ann\u00e9e de soutenance).<\/li>\n<li>D\u00e9passement de la dur\u00e9e r\u00e9glementaire.<\/li>\n<\/ol>\n<p>&nbsp;<\/p>\n<p>[\/et_pb_text][\/et_pb_column][et_pb_column type=\u00a0\u00bb1_2&Prime; _builder_version=\u00a0\u00bb4.16&Prime; custom_padding=\u00a0\u00bb14%|||\u00a0\u00bb custom_padding_tablet=\u00a0\u00bb0%|||\u00a0\u00bb custom_padding_phone=\u00a0\u00bb0%|||\u00a0\u00bb custom_padding_last_edited=\u00a0\u00bbon|desktop\u00a0\u00bb global_colors_info=\u00a0\u00bb{}\u00a0\u00bb padding_tablet=\u00a0\u00bb0%|||\u00a0\u00bb padding_last_edited=\u00a0\u00bbon|desktop\u00a0\u00bb custom_padding__hover=\u00a0\u00bb|||\u00a0\u00bb padding_phone=\u00a0\u00bb0%|||\u00a0\u00bb][et_pb_text _builder_version=\u00a0\u00bb4.16&Prime; text_font=\u00a0\u00bb||||||||\u00a0\u00bb text_font_size=\u00a0\u00bb16px\u00a0\u00bb text_line_height=\u00a0\u00bb2em\u00a0\u00bb header_font=\u00a0\u00bb||||||||\u00a0\u00bb header_2_font=\u00a0\u00bbMontserrat|800|||||||\u00a0\u00bb header_2_font_size=\u00a0\u00bb30px\u00a0\u00bb header_2_line_height=\u00a0\u00bb1.5em\u00a0\u00bb header_3_font=\u00a0\u00bb||||||||\u00a0\u00bb header_4_font=\u00a0\u00bb||||||||\u00a0\u00bb max_width=\u00a0\u00bb520px\u00a0\u00bb max_width_tablet=\u00a0\u00bb700px\u00a0\u00bb max_width_phone=\u00a0\u00bb700px\u00a0\u00bb max_width_last_edited=\u00a0\u00bboff|desktop\u00a0\u00bb custom_margin=\u00a0\u00bb|||\u00a0\u00bb custom_margin_tablet=\u00a0\u00bb|0px||\u00a0\u00bb custom_margin_phone=\u00a0\u00bb|0px||\u00a0\u00bb custom_margin_last_edited=\u00a0\u00bboff|desktop\u00a0\u00bb custom_padding=\u00a0\u00bb0px|||||\u00a0\u00bb header_2_font_size_tablet=\u00a0\u00bb30px\u00a0\u00bb header_2_font_size_phone=\u00a0\u00bb20px\u00a0\u00bb header_2_font_size_last_edited=\u00a0\u00bbon|phone\u00a0\u00bb border_color_all=\u00a0\u00bb#12eaa6&Prime; border_width_top=\u00a0\u00bb2px\u00a0\u00bb locked=\u00a0\u00bboff\u00a0\u00bb global_colors_info=\u00a0\u00bb{}\u00a0\u00bb]<\/p>\n<h4 style=\"text-align: left\"><strong>Constitution du dossier de r\u00e9inscription en Doctorat<\/strong><\/h4>\n<p>[\/et_pb_text][et_pb_video image_src=\u00a0\u00bbhttps:\/\/www.ummto.dz\/fdsp\/wp-content\/uploads\/2022\/01\/law-firm-25.jpg\u00a0\u00bb _builder_version=\u00a0\u00bb4.16&Prime; custom_margin=\u00a0\u00bb||10%|\u00a0\u00bb custom_margin_tablet=\u00a0\u00bb\u00a0\u00bb custom_margin_phone=\u00a0\u00bb\u00a0\u00bb custom_margin_last_edited=\u00a0\u00bbon|tablet\u00a0\u00bb animation_style=\u00a0\u00bbslide\u00a0\u00bb animation_direction=\u00a0\u00bbright\u00a0\u00bb animation_intensity_slide=\u00a0\u00bb10%\u00a0\u00bb locked=\u00a0\u00bboff\u00a0\u00bb global_colors_info=\u00a0\u00bb{}\u00a0\u00bb][\/et_pb_video][et_pb_image src=\u00a0\u00bbhttps:\/\/www.ummto.dz\/fdsp\/wp-content\/uploads\/2022\/01\/law-firm-03.jpg\u00a0\u00bb align_tablet=\u00a0\u00bbcenter\u00a0\u00bb align_phone=\u00a0\u00bbcenter\u00a0\u00bb align_last_edited=\u00a0\u00bbon|desktop\u00a0\u00bb _builder_version=\u00a0\u00bb4.16&Prime; max_width=\u00a0\u00bb70%\u00a0\u00bb max_width_tablet=\u00a0\u00bb\u00a0\u00bb max_width_phone=\u00a0\u00bb\u00a0\u00bb max_width_last_edited=\u00a0\u00bbon|tablet\u00a0\u00bb animation_style=\u00a0\u00bbslide\u00a0\u00bb animation_direction=\u00a0\u00bbright\u00a0\u00bb animation_delay=\u00a0\u00bb400ms\u00a0\u00bb animation_intensity_slide=\u00a0\u00bb10%\u00a0\u00bb global_colors_info=\u00a0\u00bb{}\u00a0\u00bb][\/et_pb_image][et_pb_text _builder_version=\u00a0\u00bb4.16&Prime; text_font=\u00a0\u00bb||||||||\u00a0\u00bb text_font_size=\u00a0\u00bb16px\u00a0\u00bb text_line_height=\u00a0\u00bb2em\u00a0\u00bb header_font=\u00a0\u00bb||||||||\u00a0\u00bb header_2_font=\u00a0\u00bbMontserrat|800|||||||\u00a0\u00bb header_2_font_size=\u00a0\u00bb30px\u00a0\u00bb header_2_line_height=\u00a0\u00bb1.5em\u00a0\u00bb header_3_font=\u00a0\u00bb||||||||\u00a0\u00bb header_4_font=\u00a0\u00bb||||||||\u00a0\u00bb max_width=\u00a0\u00bb520px\u00a0\u00bb max_width_tablet=\u00a0\u00bb700px\u00a0\u00bb max_width_phone=\u00a0\u00bb700px\u00a0\u00bb max_width_last_edited=\u00a0\u00bboff|desktop\u00a0\u00bb custom_margin=\u00a0\u00bb|||\u00a0\u00bb custom_margin_tablet=\u00a0\u00bb|0px||\u00a0\u00bb custom_margin_phone=\u00a0\u00bb|0px||\u00a0\u00bb custom_margin_last_edited=\u00a0\u00bboff|desktop\u00a0\u00bb custom_padding=\u00a0\u00bb20px|||\u00a0\u00bb header_2_font_size_tablet=\u00a0\u00bb30px\u00a0\u00bb header_2_font_size_phone=\u00a0\u00bb20px\u00a0\u00bb header_2_font_size_last_edited=\u00a0\u00bbon|phone\u00a0\u00bb locked=\u00a0\u00bboff\u00a0\u00bb global_colors_info=\u00a0\u00bb{}\u00a0\u00bb]<\/p>\n<p><strong>Pi\u00e8ces \u00e0 fournir\u00a0:<\/strong><\/p>\n<ul>\n<li>Formulaire de r\u00e9inscription\u00a0 (imprim\u00e9 fourni et r\u00e9cup\u00e9rer au niveau du d\u00e9partement).<\/li>\n<li>\u00c9tat d\u2019avancement vis\u00e9 par le Directeur de th\u00e8se et par le Co \u2013Directeur.<\/li>\n<li>Certificat de scolarit\u00e9 de la derni\u00e8re inscription.<\/li>\n<li>(02) photos d\u2019identit\u00e9,(Document \u00e0 r\u00e9cup\u00e9rer du service post graduation)<\/li>\n<\/ul>\n<p>[\/et_pb_text][\/et_pb_column][\/et_pb_row][\/et_pb_section]<\/p>\n","protected":false},"excerpt":{"rendered":"<p>Post Graduation &nbsp;Doctorat classiqueConstitution du dossier d\u2019inscription en Doctorat Pi\u00e8ces \u00e0 fournir:(l\u2019int\u00e9ress\u00e9 aura \u00e0\u00a0fournir deux exemplaires\u00a0du dossier,(Document \u00e0 r\u00e9cup\u00e9rer du service post\u00a0 graduation) Formulaire de demande d\u2019inscription en 1\u00e9reann\u00e9e de th\u00e8se de Doctorat, vis\u00e9 par le Directeur de th\u00e8se. Attestations de non inscription \u00e0 une ou plusieurs formations \u00e0 l\u2019UMMTO ou en dehors de l\u2019UMMTO [&hellip;]<\/p>\n","protected":false},"author":1,"featured_media":0,"parent":0,"menu_order":0,"comment_status":"closed","ping_status":"closed","template":"","meta":{"_et_pb_use_builder":"on","_et_pb_old_content":"","_et_gb_content_width":"","footnotes":""},"class_list":["post-360","page","type-page","status-publish","hentry"],"yoast_head":"<!-- This site is optimized with the Yoast SEO plugin v27.3 - https:\/\/yoast.com\/product\/yoast-seo-wordpress\/ -->\n<title>Doctorat classique - Facult\u00e9 De Droit Et Des Sciences Politiques<\/title>\n<meta name=\"robots\" content=\"index, follow, max-snippet:-1, max-image-preview:large, max-video-preview:-1\" \/>\n<link rel=\"canonical\" href=\"https:\/\/www.ummto.dz\/fdsp\/doctorat-classique\/\" \/>\n<meta property=\"og:locale\" content=\"fr_FR\" \/>\n<meta property=\"og:type\" content=\"article\" \/>\n<meta property=\"og:title\" content=\"Doctorat classique - Facult\u00e9 De Droit Et Des Sciences Politiques\" \/>\n<meta property=\"og:description\" content=\"Post Graduation &nbsp;Doctorat classiqueConstitution du dossier d\u2019inscription en Doctorat Pi\u00e8ces \u00e0 fournir:(l\u2019int\u00e9ress\u00e9 aura \u00e0\u00a0fournir deux exemplaires\u00a0du dossier,(Document \u00e0 r\u00e9cup\u00e9rer du service post\u00a0 graduation) Formulaire de demande d\u2019inscription en 1\u00e9reann\u00e9e de th\u00e8se de Doctorat, vis\u00e9 par le Directeur de th\u00e8se. Attestations de non inscription \u00e0 une ou plusieurs formations \u00e0 l\u2019UMMTO ou en dehors de l\u2019UMMTO [&hellip;]\" \/>\n<meta property=\"og:url\" content=\"https:\/\/www.ummto.dz\/fdsp\/doctorat-classique\/\" \/>\n<meta property=\"og:site_name\" content=\"Facult\u00e9 De Droit Et Des Sciences Politiques\" \/>\n<meta property=\"article:modified_time\" content=\"2022-06-09T12:12:23+00:00\" \/>\n<meta name=\"twitter:card\" content=\"summary_large_image\" \/>\n<meta name=\"twitter:label1\" content=\"Dur\u00e9e de lecture estim\u00e9e\" \/>\n\t<meta name=\"twitter:data1\" content=\"7 minutes\" \/>\n<script type=\"application\/ld+json\" class=\"yoast-schema-graph\">{\"@context\":\"https:\\\/\\\/schema.org\",\"@graph\":[{\"@type\":\"WebPage\",\"@id\":\"https:\\\/\\\/www.ummto.dz\\\/fdsp\\\/doctorat-classique\\\/\",\"url\":\"https:\\\/\\\/www.ummto.dz\\\/fdsp\\\/doctorat-classique\\\/\",\"name\":\"Doctorat classique - Facult\u00e9 De Droit Et Des Sciences Politiques\",\"isPartOf\":{\"@id\":\"https:\\\/\\\/www.ummto.dz\\\/fdsp\\\/#website\"},\"datePublished\":\"2018-06-27T09:00:26+00:00\",\"dateModified\":\"2022-06-09T12:12:23+00:00\",\"breadcrumb\":{\"@id\":\"https:\\\/\\\/www.ummto.dz\\\/fdsp\\\/doctorat-classique\\\/#breadcrumb\"},\"inLanguage\":\"fr-FR\",\"potentialAction\":[{\"@type\":\"ReadAction\",\"target\":[\"https:\\\/\\\/www.ummto.dz\\\/fdsp\\\/doctorat-classique\\\/\"]}]},{\"@type\":\"BreadcrumbList\",\"@id\":\"https:\\\/\\\/www.ummto.dz\\\/fdsp\\\/doctorat-classique\\\/#breadcrumb\",\"itemListElement\":[{\"@type\":\"ListItem\",\"position\":1,\"name\":\"Accueil\",\"item\":\"https:\\\/\\\/www.ummto.dz\\\/fdsp\\\/\"},{\"@type\":\"ListItem\",\"position\":2,\"name\":\"Doctorat classique\"}]},{\"@type\":\"WebSite\",\"@id\":\"https:\\\/\\\/www.ummto.dz\\\/fdsp\\\/#website\",\"url\":\"https:\\\/\\\/www.ummto.dz\\\/fdsp\\\/\",\"name\":\"Facult\u00e9 De Droit Et Des Sciences Politiques\",\"description\":\"Facult\u00e9 de Droit\",\"potentialAction\":[{\"@type\":\"SearchAction\",\"target\":{\"@type\":\"EntryPoint\",\"urlTemplate\":\"https:\\\/\\\/www.ummto.dz\\\/fdsp\\\/?s={search_term_string}\"},\"query-input\":{\"@type\":\"PropertyValueSpecification\",\"valueRequired\":true,\"valueName\":\"search_term_string\"}}],\"inLanguage\":\"fr-FR\"}]}<\/script>\n<!-- \/ Yoast SEO plugin. -->","yoast_head_json":{"title":"Doctorat classique - Facult\u00e9 De Droit Et Des Sciences Politiques","robots":{"index":"index","follow":"follow","max-snippet":"max-snippet:-1","max-image-preview":"max-image-preview:large","max-video-preview":"max-video-preview:-1"},"canonical":"https:\/\/www.ummto.dz\/fdsp\/doctorat-classique\/","og_locale":"fr_FR","og_type":"article","og_title":"Doctorat classique - Facult\u00e9 De Droit Et Des Sciences Politiques","og_description":"Post Graduation &nbsp;Doctorat classiqueConstitution du dossier d\u2019inscription en Doctorat Pi\u00e8ces \u00e0 fournir:(l\u2019int\u00e9ress\u00e9 aura \u00e0\u00a0fournir deux exemplaires\u00a0du dossier,(Document \u00e0 r\u00e9cup\u00e9rer du service post\u00a0 graduation) Formulaire de demande d\u2019inscription en 1\u00e9reann\u00e9e de th\u00e8se de Doctorat, vis\u00e9 par le Directeur de th\u00e8se. Attestations de non inscription \u00e0 une ou plusieurs formations \u00e0 l\u2019UMMTO ou en dehors de l\u2019UMMTO [&hellip;]","og_url":"https:\/\/www.ummto.dz\/fdsp\/doctorat-classique\/","og_site_name":"Facult\u00e9 De Droit Et Des Sciences Politiques","article_modified_time":"2022-06-09T12:12:23+00:00","twitter_card":"summary_large_image","twitter_misc":{"Dur\u00e9e de lecture estim\u00e9e":"7 minutes"},"schema":{"@context":"https:\/\/schema.org","@graph":[{"@type":"WebPage","@id":"https:\/\/www.ummto.dz\/fdsp\/doctorat-classique\/","url":"https:\/\/www.ummto.dz\/fdsp\/doctorat-classique\/","name":"Doctorat classique - Facult\u00e9 De Droit Et Des Sciences Politiques","isPartOf":{"@id":"https:\/\/www.ummto.dz\/fdsp\/#website"},"datePublished":"2018-06-27T09:00:26+00:00","dateModified":"2022-06-09T12:12:23+00:00","breadcrumb":{"@id":"https:\/\/www.ummto.dz\/fdsp\/doctorat-classique\/#breadcrumb"},"inLanguage":"fr-FR","potentialAction":[{"@type":"ReadAction","target":["https:\/\/www.ummto.dz\/fdsp\/doctorat-classique\/"]}]},{"@type":"BreadcrumbList","@id":"https:\/\/www.ummto.dz\/fdsp\/doctorat-classique\/#breadcrumb","itemListElement":[{"@type":"ListItem","position":1,"name":"Accueil","item":"https:\/\/www.ummto.dz\/fdsp\/"},{"@type":"ListItem","position":2,"name":"Doctorat classique"}]},{"@type":"WebSite","@id":"https:\/\/www.ummto.dz\/fdsp\/#website","url":"https:\/\/www.ummto.dz\/fdsp\/","name":"Facult\u00e9 De Droit Et Des Sciences Politiques","description":"Facult\u00e9 de Droit","potentialAction":[{"@type":"SearchAction","target":{"@type":"EntryPoint","urlTemplate":"https:\/\/www.ummto.dz\/fdsp\/?s={search_term_string}"},"query-input":{"@type":"PropertyValueSpecification","valueRequired":true,"valueName":"search_term_string"}}],"inLanguage":"fr-FR"}]}},"_links":{"self":[{"href":"https:\/\/www.ummto.dz\/fdsp\/wp-json\/wp\/v2\/pages\/360","targetHints":{"allow":["GET"]}}],"collection":[{"href":"https:\/\/www.ummto.dz\/fdsp\/wp-json\/wp\/v2\/pages"}],"about":[{"href":"https:\/\/www.ummto.dz\/fdsp\/wp-json\/wp\/v2\/types\/page"}],"author":[{"embeddable":true,"href":"https:\/\/www.ummto.dz\/fdsp\/wp-json\/wp\/v2\/users\/1"}],"replies":[{"embeddable":true,"href":"https:\/\/www.ummto.dz\/fdsp\/wp-json\/wp\/v2\/comments?post=360"}],"version-history":[{"count":23,"href":"https:\/\/www.ummto.dz\/fdsp\/wp-json\/wp\/v2\/pages\/360\/revisions"}],"predecessor-version":[{"id":4504,"href":"https:\/\/www.ummto.dz\/fdsp\/wp-json\/wp\/v2\/pages\/360\/revisions\/4504"}],"wp:attachment":[{"href":"https:\/\/www.ummto.dz\/fdsp\/wp-json\/wp\/v2\/media?parent=360"}],"curies":[{"name":"wp","href":"https:\/\/api.w.org\/{rel}","templated":true}]}}