{"id":366,"date":"2018-06-27T11:01:25","date_gmt":"2018-06-27T09:01:25","guid":{"rendered":"http:\/\/fgei.ummto.dz\/?page_id=366"},"modified":"2022-06-20T15:21:19","modified_gmt":"2022-06-20T13:21:19","slug":"lmd","status":"publish","type":"page","link":"https:\/\/www.ummto.dz\/fdsp\/lmd\/","title":{"rendered":"LMD"},"content":{"rendered":"<p>[et_pb_section fb_built=\u00a0\u00bb1&Prime; admin_label=\u00a0\u00bbHero\u00a0\u00bb _builder_version=\u00a0\u00bb4.16&Prime; background_color=\u00a0\u00bb#084666&Prime; use_background_color_gradient=\u00a0\u00bbon\u00a0\u00bb background_color_gradient_direction=\u00a0\u00bb170deg\u00a0\u00bb background_color_gradient_stops=\u00a0\u00bb#002e4f 1%|rgba(8,70,102,0.8) 100%\u00a0\u00bb background_color_gradient_overlays_image=\u00a0\u00bbon\u00a0\u00bb background_color_gradient_start=\u00a0\u00bb#002e4f\u00a0\u00bb background_color_gradient_start_position=\u00a0\u00bb1%\u00a0\u00bb background_color_gradient_end=\u00a0\u00bbrgba(8,70,102,0.8)\u00a0\u00bb background_image=\u00a0\u00bbhttps:\/\/www.ummto.dz\/fdsp\/wp-content\/uploads\/2022\/01\/Accountant-Image-27.jpg\u00a0\u00bb custom_padding=\u00a0\u00bb||54px|||\u00a0\u00bb global_colors_info=\u00a0\u00bb{}\u00a0\u00bb theme_builder_area=\u00a0\u00bbpost_content\u00a0\u00bb][et_pb_row _builder_version=\u00a0\u00bb4.16&Prime; background_size=\u00a0\u00bbinitial\u00a0\u00bb background_position=\u00a0\u00bbtop_left\u00a0\u00bb background_repeat=\u00a0\u00bbrepeat\u00a0\u00bb custom_padding=\u00a0\u00bb27px|0px|27px|0px|false|false\u00a0\u00bb global_colors_info=\u00a0\u00bb{}\u00a0\u00bb theme_builder_area=\u00a0\u00bbpost_content\u00a0\u00bb][et_pb_column type=\u00a0\u00bb4_4&Prime; _builder_version=\u00a0\u00bb4.16&Prime; custom_padding=\u00a0\u00bb|||\u00a0\u00bb global_colors_info=\u00a0\u00bb{}\u00a0\u00bb custom_padding__hover=\u00a0\u00bb|||\u00a0\u00bb theme_builder_area=\u00a0\u00bbpost_content\u00a0\u00bb][et_pb_text _builder_version=\u00a0\u00bb4.16&Prime; text_font=\u00a0\u00bb||||||||\u00a0\u00bb text_font_size=\u00a0\u00bb20px\u00a0\u00bb text_line_height=\u00a0\u00bb1.8em\u00a0\u00bb header_font=\u00a0\u00bbOpen Sans|800|||||||\u00a0\u00bb header_font_size=\u00a0\u00bb60px\u00a0\u00bb header_line_height=\u00a0\u00bb1.3em\u00a0\u00bb background_size=\u00a0\u00bbinitial\u00a0\u00bb background_position=\u00a0\u00bbtop_left\u00a0\u00bb background_repeat=\u00a0\u00bbrepeat\u00a0\u00bb background_layout=\u00a0\u00bbdark\u00a0\u00bb max_width=\u00a0\u00bb600px\u00a0\u00bb custom_margin=\u00a0\u00bb|||\u00a0\u00bb custom_margin_tablet=\u00a0\u00bb|100px||\u00a0\u00bb custom_margin_phone=\u00a0\u00bb|30px||\u00a0\u00bb custom_margin_last_edited=\u00a0\u00bboff|desktop\u00a0\u00bb header_font_size_tablet=\u00a0\u00bb50px\u00a0\u00bb header_font_size_phone=\u00a0\u00bb40px\u00a0\u00bb header_font_size_last_edited=\u00a0\u00bbon|phone\u00a0\u00bb header_line_height_tablet=\u00a0\u00bb\u00a0\u00bb header_line_height_phone=\u00a0\u00bb\u00a0\u00bb header_line_height_last_edited=\u00a0\u00bbon|desktop\u00a0\u00bb global_colors_info=\u00a0\u00bb{}\u00a0\u00bb theme_builder_area=\u00a0\u00bbpost_content\u00a0\u00bb]<\/p>\n<h1>Post Graduation<\/h1>\n<p>&nbsp;<\/p>\n<p>[\/et_pb_text][\/et_pb_column][\/et_pb_row][\/et_pb_section][et_pb_section fb_built=\u00a0\u00bb1&Prime; admin_label=\u00a0\u00bbAbout us\u00a0\u00bb _builder_version=\u00a0\u00bb4.16&Prime; global_colors_info=\u00a0\u00bb{}\u00a0\u00bb theme_builder_area=\u00a0\u00bbpost_content\u00a0\u00bb][et_pb_row column_structure=\u00a0\u00bb1_2,1_2&Prime; _builder_version=\u00a0\u00bb4.16&Prime; max_width=\u00a0\u00bb1280px\u00a0\u00bb use_custom_width=\u00a0\u00bbon\u00a0\u00bb custom_width_px=\u00a0\u00bb1280px\u00a0\u00bb global_colors_info=\u00a0\u00bb{}\u00a0\u00bb theme_builder_area=\u00a0\u00bbpost_content\u00a0\u00bb][et_pb_column type=\u00a0\u00bb1_2&Prime; _builder_version=\u00a0\u00bb4.16&Prime; custom_padding=\u00a0\u00bb|||\u00a0\u00bb global_colors_info=\u00a0\u00bb{}\u00a0\u00bb custom_padding__hover=\u00a0\u00bb|||\u00a0\u00bb theme_builder_area=\u00a0\u00bbpost_content\u00a0\u00bb][et_pb_text _builder_version=\u00a0\u00bb4.17.4&Prime; header_font=\u00a0\u00bb||||||||\u00a0\u00bb header_2_font=\u00a0\u00bb||||||||\u00a0\u00bb header_3_font=\u00a0\u00bb||||||||\u00a0\u00bb header_4_font=\u00a0\u00bbMontserrat|700||on|||||\u00a0\u00bb header_4_text_color=\u00a0\u00bb#a2aab2&Prime; header_4_font_size=\u00a0\u00bb15px\u00a0\u00bb header_4_letter_spacing=\u00a0\u00bb2px\u00a0\u00bb header_4_line_height=\u00a0\u00bb1.6em\u00a0\u00bb max_width_tablet=\u00a0\u00bb700px\u00a0\u00bb max_width_phone=\u00a0\u00bb700px\u00a0\u00bb max_width_last_edited=\u00a0\u00bboff|desktop\u00a0\u00bb custom_margin=\u00a0\u00bb|||\u00a0\u00bb custom_margin_tablet=\u00a0\u00bb|0px||\u00a0\u00bb custom_margin_phone=\u00a0\u00bb|0px||\u00a0\u00bb custom_margin_last_edited=\u00a0\u00bboff|desktop\u00a0\u00bb header_2_font_size_tablet=\u00a0\u00bb30px\u00a0\u00bb header_2_font_size_last_edited=\u00a0\u00bboff|desktop\u00a0\u00bb locked=\u00a0\u00bboff\u00a0\u00bb global_colors_info=\u00a0\u00bb{}\u00a0\u00bb theme_builder_area=\u00a0\u00bbpost_content\u00a0\u00bb]<\/p>\n<h2><strong>Doctorat LMD<\/strong><\/h2>\n<p>[\/et_pb_text][et_pb_text _builder_version=\u00a0\u00bb4.17.4&Prime; text_font=\u00a0\u00bb||||||||\u00a0\u00bb text_font_size=\u00a0\u00bb16px\u00a0\u00bb text_line_height=\u00a0\u00bb2em\u00a0\u00bb header_font=\u00a0\u00bb||||||||\u00a0\u00bb header_2_font=\u00a0\u00bbMontserrat|800|||||||\u00a0\u00bb header_2_font_size=\u00a0\u00bb30px\u00a0\u00bb header_2_line_height=\u00a0\u00bb1.5em\u00a0\u00bb header_3_font=\u00a0\u00bb||||||||\u00a0\u00bb header_4_font=\u00a0\u00bb||||||||\u00a0\u00bb max_width=\u00a0\u00bb520px\u00a0\u00bb max_width_tablet=\u00a0\u00bb700px\u00a0\u00bb max_width_phone=\u00a0\u00bb700px\u00a0\u00bb max_width_last_edited=\u00a0\u00bboff|desktop\u00a0\u00bb custom_margin=\u00a0\u00bb|||\u00a0\u00bb custom_margin_tablet=\u00a0\u00bb|0px||\u00a0\u00bb custom_margin_phone=\u00a0\u00bb|0px||\u00a0\u00bb custom_margin_last_edited=\u00a0\u00bboff|desktop\u00a0\u00bb custom_padding=\u00a0\u00bb0px|||||\u00a0\u00bb header_2_font_size_tablet=\u00a0\u00bb30px\u00a0\u00bb header_2_font_size_phone=\u00a0\u00bb20px\u00a0\u00bb header_2_font_size_last_edited=\u00a0\u00bbon|phone\u00a0\u00bb border_color_all=\u00a0\u00bb#12eaa6&Prime; border_width_top=\u00a0\u00bb2px\u00a0\u00bb locked=\u00a0\u00bboff\u00a0\u00bb global_colors_info=\u00a0\u00bb{}\u00a0\u00bb theme_builder_area=\u00a0\u00bbpost_content\u00a0\u00bb]<\/p>\n<p><strong><u><\/u><\/strong><\/p>\n<p><strong><u>Constitution du dossier d\u2019inscription en Doctorat 3<sup>\u00e8me<\/sup>Cycle (LMD)<\/u><\/strong><\/p>\n<p>[\/et_pb_text][et_pb_image src=\u00a0\u00bbhttps:\/\/www.ummto.dz\/fdsp\/wp-content\/uploads\/2022\/01\/law-firm-08.jpg\u00a0\u00bb align_tablet=\u00a0\u00bbcenter\u00a0\u00bb align_phone=\u00a0\u00bbcenter\u00a0\u00bb align_last_edited=\u00a0\u00bbon|desktop\u00a0\u00bb _builder_version=\u00a0\u00bb4.16&Prime; max_width=\u00a0\u00bb70%\u00a0\u00bb max_width_tablet=\u00a0\u00bb\u00a0\u00bb max_width_phone=\u00a0\u00bb\u00a0\u00bb max_width_last_edited=\u00a0\u00bbon|tablet\u00a0\u00bb module_alignment=\u00a0\u00bbright\u00a0\u00bb animation_style=\u00a0\u00bbslide\u00a0\u00bb animation_direction=\u00a0\u00bbleft\u00a0\u00bb animation_delay=\u00a0\u00bb200ms\u00a0\u00bb animation_intensity_slide=\u00a0\u00bb10%\u00a0\u00bb locked=\u00a0\u00bboff\u00a0\u00bb global_colors_info=\u00a0\u00bb{}\u00a0\u00bb theme_builder_area=\u00a0\u00bbpost_content\u00a0\u00bb][\/et_pb_image][et_pb_text _builder_version=\u00a0\u00bb4.17.4&Prime; text_font=\u00a0\u00bb||||||||\u00a0\u00bb text_font_size=\u00a0\u00bb16px\u00a0\u00bb text_line_height=\u00a0\u00bb2em\u00a0\u00bb header_font=\u00a0\u00bb||||||||\u00a0\u00bb header_2_font=\u00a0\u00bbMontserrat|800|||||||\u00a0\u00bb header_2_font_size=\u00a0\u00bb30px\u00a0\u00bb header_2_line_height=\u00a0\u00bb1.5em\u00a0\u00bb header_3_font=\u00a0\u00bb||||||||\u00a0\u00bb header_4_font=\u00a0\u00bb||||||||\u00a0\u00bb max_width_tablet=\u00a0\u00bb700px\u00a0\u00bb max_width_phone=\u00a0\u00bb700px\u00a0\u00bb max_width_last_edited=\u00a0\u00bboff|desktop\u00a0\u00bb custom_margin=\u00a0\u00bb|||\u00a0\u00bb custom_margin_tablet=\u00a0\u00bb|0px||\u00a0\u00bb custom_margin_phone=\u00a0\u00bb|0px||\u00a0\u00bb custom_margin_last_edited=\u00a0\u00bboff|desktop\u00a0\u00bb custom_padding=\u00a0\u00bb20px|||\u00a0\u00bb header_2_font_size_tablet=\u00a0\u00bb30px\u00a0\u00bb header_2_font_size_phone=\u00a0\u00bb20px\u00a0\u00bb header_2_font_size_last_edited=\u00a0\u00bbon|phone\u00a0\u00bb border_color_all=\u00a0\u00bb#12eaa6&Prime; border_width_top=\u00a0\u00bb2px\u00a0\u00bb locked=\u00a0\u00bboff\u00a0\u00bb global_colors_info=\u00a0\u00bb{}\u00a0\u00bb theme_builder_area=\u00a0\u00bbpost_content\u00a0\u00bb]<\/p>\n<p>\u00a0<strong>Pi\u00e8ces \u00e0 fournir\u00a0:<\/strong><\/p>\n<p><strong><u>Premi\u00e8re inscription<\/u><\/strong><strong><u>\u00a0<\/u><\/strong>(l\u2019int\u00e9ress\u00e9 aura \u00e0 fournir<strong>\u00a0deux exemplaires<\/strong>\u00a0du dossier)<\/p>\n<ul>\n<li>Formulaire de demande d\u2019inscription en 1<sup>\u00e9re<\/sup>ann\u00e9e de Doctorat *LMD*<strong>\u00a0<\/strong>,(Document \u00e0 r\u00e9cup\u00e9rer du service post\u00a0 graduation)<\/li>\n<li>D\u00e9claration sur l\u2019honneur de non inscription en Post-Graduation l\u00e9galis\u00e9es<strong><\/strong>.<\/li>\n<li>Lettre de motivation (comprenant l\u2019adresse compl\u00e8te, le t\u00e9l\u00e9phone, et l\u2019Email).<\/li>\n<li>Copie authentifi\u00e9e de l\u2019annexe descriptive du dipl\u00f4me de Master.<\/li>\n<li>Copie authentifi\u00e9e de l\u2019attestation de classement du 2<sup>\u00e8me<\/sup>cycle du candidat.<\/li>\n<li>Original de l\u2019autorisation de l\u2019employeur pour les candidats salari\u00e9s.<\/li>\n<li>Photocopie authentifi\u00e9e des dipl\u00f4mes du BAC + 1<sup>er<\/sup>et 2<sup>\u00e8me<\/sup>\u00a0cycle (Licence et Master), \u00e0 joindre \u00e9quivalence pour tout dipl\u00f4me obtenu \u00e0 l\u2019\u00e9tranger.<\/li>\n<li>Extrait d\u2019acte de naissance r\u00e9cent.<\/li>\n<li>Droits d\u2019inscription (Mandat).<\/li>\n<li>Copie authentifi\u00e9e des relev\u00e9s des notes de tout le cursus avec pr\u00e9cision des sessions (Licence et Master).<\/li>\n<li>Photos d\u2019identit\u00e9 (nom et pr\u00e9nom au verso).<\/li>\n<li>Enveloppes timbr\u00e9es et libell\u00e9es \u00e0 l\u2019adresse du candidat.<\/li>\n<\/ul>\n<p><strong><u>Deuxi\u00e8mes inscription<\/u><\/strong><\/p>\n<ul>\n<li>Original du plan de travail d\u00e9taill\u00e9, dat\u00e9 de sign\u00e9 par le Directeur de th\u00e8se.<\/li>\n<li>CV du Directeur de th\u00e8se.<\/li>\n<li>Attestation de co-direction de th\u00e8se vis\u00e9e par l\u2019encadreur.<\/li>\n<li>CV du co-directeur de th\u00e8se.<\/li>\n<li>Engagement par rapport au plagiat (conform\u00e9ment \u00e0 l\u2019arr\u00eat\u00e9 N\u00b0 933 du 28\/07\/2016) (\u00e0 t\u00e9l\u00e9charger ici).<\/li>\n<\/ul>\n<p>[\/et_pb_text][\/et_pb_column][et_pb_column type=\u00a0\u00bb1_2&Prime; _builder_version=\u00a0\u00bb4.16&Prime; custom_padding=\u00a0\u00bb14%|||\u00a0\u00bb custom_padding_tablet=\u00a0\u00bb0%|||\u00a0\u00bb custom_padding_phone=\u00a0\u00bb0%|||\u00a0\u00bb custom_padding_last_edited=\u00a0\u00bbon|desktop\u00a0\u00bb global_colors_info=\u00a0\u00bb{}\u00a0\u00bb padding_tablet=\u00a0\u00bb0%|||\u00a0\u00bb padding_last_edited=\u00a0\u00bbon|desktop\u00a0\u00bb custom_padding__hover=\u00a0\u00bb|||\u00a0\u00bb padding_phone=\u00a0\u00bb0%|||\u00a0\u00bb theme_builder_area=\u00a0\u00bbpost_content\u00a0\u00bb][et_pb_text _builder_version=\u00a0\u00bb4.17.4&Prime; text_font=\u00a0\u00bb||||||||\u00a0\u00bb text_font_size=\u00a0\u00bb16px\u00a0\u00bb text_line_height=\u00a0\u00bb2em\u00a0\u00bb header_font=\u00a0\u00bb||||||||\u00a0\u00bb header_2_font=\u00a0\u00bbMontserrat|800|||||||\u00a0\u00bb header_2_font_size=\u00a0\u00bb30px\u00a0\u00bb header_2_line_height=\u00a0\u00bb1.5em\u00a0\u00bb header_3_font=\u00a0\u00bb||||||||\u00a0\u00bb header_4_font=\u00a0\u00bb||||||||\u00a0\u00bb max_width=\u00a0\u00bb520px\u00a0\u00bb max_width_tablet=\u00a0\u00bb700px\u00a0\u00bb max_width_phone=\u00a0\u00bb700px\u00a0\u00bb max_width_last_edited=\u00a0\u00bboff|desktop\u00a0\u00bb custom_margin=\u00a0\u00bb|||\u00a0\u00bb custom_margin_tablet=\u00a0\u00bb|0px||\u00a0\u00bb custom_margin_phone=\u00a0\u00bb|0px||\u00a0\u00bb custom_margin_last_edited=\u00a0\u00bboff|desktop\u00a0\u00bb custom_padding=\u00a0\u00bb0px|||||\u00a0\u00bb header_2_font_size_tablet=\u00a0\u00bb30px\u00a0\u00bb header_2_font_size_phone=\u00a0\u00bb20px\u00a0\u00bb header_2_font_size_last_edited=\u00a0\u00bbon|phone\u00a0\u00bb border_color_all=\u00a0\u00bb#12eaa6&Prime; border_width_top=\u00a0\u00bb2px\u00a0\u00bb locked=\u00a0\u00bboff\u00a0\u00bb global_colors_info=\u00a0\u00bb{}\u00a0\u00bb theme_builder_area=\u00a0\u00bbpost_content\u00a0\u00bb]<\/p>\n<p><strong><u><\/u><\/strong><\/p>\n<p><strong><u>Constitution du dossier de r\u00e9inscription en Doctorat 3<sup>\u00e8me<\/sup>Cycle (LMD)<\/u><\/strong><\/p>\n<p>[\/et_pb_text][et_pb_video image_src=\u00a0\u00bbhttps:\/\/www.ummto.dz\/fdsp\/wp-content\/uploads\/2022\/01\/law-firm-25.jpg\u00a0\u00bb _builder_version=\u00a0\u00bb4.16&Prime; custom_margin=\u00a0\u00bb||10%|\u00a0\u00bb custom_margin_tablet=\u00a0\u00bb\u00a0\u00bb custom_margin_phone=\u00a0\u00bb\u00a0\u00bb custom_margin_last_edited=\u00a0\u00bbon|tablet\u00a0\u00bb animation_style=\u00a0\u00bbslide\u00a0\u00bb animation_direction=\u00a0\u00bbright\u00a0\u00bb animation_intensity_slide=\u00a0\u00bb10%\u00a0\u00bb locked=\u00a0\u00bboff\u00a0\u00bb global_colors_info=\u00a0\u00bb{}\u00a0\u00bb theme_builder_area=\u00a0\u00bbpost_content\u00a0\u00bb][\/et_pb_video][et_pb_image src=\u00a0\u00bbhttps:\/\/www.ummto.dz\/fdsp\/wp-content\/uploads\/2022\/01\/law-firm-03.jpg\u00a0\u00bb align_tablet=\u00a0\u00bbcenter\u00a0\u00bb align_phone=\u00a0\u00bbcenter\u00a0\u00bb align_last_edited=\u00a0\u00bbon|desktop\u00a0\u00bb _builder_version=\u00a0\u00bb4.16&Prime; max_width=\u00a0\u00bb70%\u00a0\u00bb max_width_tablet=\u00a0\u00bb\u00a0\u00bb max_width_phone=\u00a0\u00bb\u00a0\u00bb max_width_last_edited=\u00a0\u00bbon|tablet\u00a0\u00bb animation_style=\u00a0\u00bbslide\u00a0\u00bb animation_direction=\u00a0\u00bbright\u00a0\u00bb animation_delay=\u00a0\u00bb400ms\u00a0\u00bb animation_intensity_slide=\u00a0\u00bb10%\u00a0\u00bb global_colors_info=\u00a0\u00bb{}\u00a0\u00bb theme_builder_area=\u00a0\u00bbpost_content\u00a0\u00bb][\/et_pb_image][et_pb_text _builder_version=\u00a0\u00bb4.17.4&Prime; text_font=\u00a0\u00bb||||||||\u00a0\u00bb text_font_size=\u00a0\u00bb16px\u00a0\u00bb text_line_height=\u00a0\u00bb2em\u00a0\u00bb header_font=\u00a0\u00bb||||||||\u00a0\u00bb header_2_font=\u00a0\u00bbMontserrat|800|||||||\u00a0\u00bb header_2_font_size=\u00a0\u00bb30px\u00a0\u00bb header_2_line_height=\u00a0\u00bb1.5em\u00a0\u00bb header_3_font=\u00a0\u00bb||||||||\u00a0\u00bb header_4_font=\u00a0\u00bb||||||||\u00a0\u00bb max_width=\u00a0\u00bb520px\u00a0\u00bb max_width_tablet=\u00a0\u00bb700px\u00a0\u00bb max_width_phone=\u00a0\u00bb700px\u00a0\u00bb max_width_last_edited=\u00a0\u00bboff|desktop\u00a0\u00bb custom_margin=\u00a0\u00bb|||\u00a0\u00bb custom_margin_tablet=\u00a0\u00bb|0px||\u00a0\u00bb custom_margin_phone=\u00a0\u00bb|0px||\u00a0\u00bb custom_margin_last_edited=\u00a0\u00bboff|desktop\u00a0\u00bb custom_padding=\u00a0\u00bb20px|||\u00a0\u00bb header_2_font_size_tablet=\u00a0\u00bb30px\u00a0\u00bb header_2_font_size_phone=\u00a0\u00bb20px\u00a0\u00bb header_2_font_size_last_edited=\u00a0\u00bbon|phone\u00a0\u00bb locked=\u00a0\u00bboff\u00a0\u00bb global_colors_info=\u00a0\u00bb{}\u00a0\u00bb theme_builder_area=\u00a0\u00bbpost_content\u00a0\u00bb]<\/p>\n<p><strong>\u00a0Pi\u00e8ces \u00e0 fournir<\/strong><\/p>\n<ul>\n<li>Formulaire de r\u00e9inscription\u00a0\u00a0,(Document \u00e0 r\u00e9cup\u00e9rer du service post graduation)<\/li>\n<li>Etat d\u2019avancement vis\u00e9 par le Directeur de th\u00e8se et par le Co-Directeur.<\/li>\n<li>Demande de d\u00e9rogation exceptionnelle pour une r\u00e9inscription suppl\u00e9mentaire en 4<sup>\u00e8me<\/sup>et 5<sup>\u00e8me<\/sup>\u00a0ann\u00e9e<\/li>\n<\/ul>\n<p>En cas de d\u00e9sistement de l\u2019encadreur, de changement ou reformulation de l\u2019intitul\u00e9 de la th\u00e8se, l\u2019encadreur doit pr\u00e9senter une demande manuscrite dat\u00e9 et sign\u00e9 par ce dernier<\/p>\n<p>[\/et_pb_text][\/et_pb_column][\/et_pb_row][\/et_pb_section]<\/p>\n","protected":false},"excerpt":{"rendered":"<p>Post Graduation &nbsp;Doctorat LMD Constitution du dossier d\u2019inscription en Doctorat 3\u00e8meCycle (LMD)\u00a0Pi\u00e8ces \u00e0 fournir\u00a0: Premi\u00e8re inscription\u00a0(l\u2019int\u00e9ress\u00e9 aura \u00e0 fournir\u00a0deux exemplaires\u00a0du dossier) Formulaire de demande d\u2019inscription en 1\u00e9reann\u00e9e de Doctorat *LMD*\u00a0,(Document \u00e0 r\u00e9cup\u00e9rer du service post\u00a0 graduation) D\u00e9claration sur l\u2019honneur de non inscription en Post-Graduation l\u00e9galis\u00e9es. Lettre de motivation (comprenant l\u2019adresse compl\u00e8te, le t\u00e9l\u00e9phone, et l\u2019Email). [&hellip;]<\/p>\n","protected":false},"author":1,"featured_media":0,"parent":0,"menu_order":0,"comment_status":"closed","ping_status":"closed","template":"","meta":{"_et_pb_use_builder":"on","_et_pb_old_content":"","_et_gb_content_width":"","footnotes":""},"class_list":["post-366","page","type-page","status-publish","hentry"],"yoast_head":"<!-- This site is optimized with the Yoast SEO plugin v27.3 - https:\/\/yoast.com\/product\/yoast-seo-wordpress\/ -->\n<title>LMD - Facult\u00e9 De Droit Et Des Sciences Politiques<\/title>\n<meta name=\"robots\" content=\"index, follow, max-snippet:-1, max-image-preview:large, max-video-preview:-1\" \/>\n<link rel=\"canonical\" href=\"https:\/\/www.ummto.dz\/fdsp\/lmd\/\" \/>\n<meta property=\"og:locale\" content=\"fr_FR\" \/>\n<meta property=\"og:type\" content=\"article\" \/>\n<meta property=\"og:title\" content=\"LMD - Facult\u00e9 De Droit Et Des Sciences Politiques\" \/>\n<meta property=\"og:description\" content=\"Post Graduation &nbsp;Doctorat LMD Constitution du dossier d\u2019inscription en Doctorat 3\u00e8meCycle (LMD)\u00a0Pi\u00e8ces \u00e0 fournir\u00a0: Premi\u00e8re inscription\u00a0(l\u2019int\u00e9ress\u00e9 aura \u00e0 fournir\u00a0deux exemplaires\u00a0du dossier) Formulaire de demande d\u2019inscription en 1\u00e9reann\u00e9e de Doctorat *LMD*\u00a0,(Document \u00e0 r\u00e9cup\u00e9rer du service post\u00a0 graduation) D\u00e9claration sur l\u2019honneur de non inscription en Post-Graduation l\u00e9galis\u00e9es. Lettre de motivation (comprenant l\u2019adresse compl\u00e8te, le t\u00e9l\u00e9phone, et l\u2019Email). [&hellip;]\" \/>\n<meta property=\"og:url\" content=\"https:\/\/www.ummto.dz\/fdsp\/lmd\/\" \/>\n<meta property=\"og:site_name\" content=\"Facult\u00e9 De Droit Et Des Sciences Politiques\" \/>\n<meta property=\"article:modified_time\" content=\"2022-06-20T13:21:19+00:00\" \/>\n<meta name=\"twitter:card\" content=\"summary_large_image\" \/>\n<script type=\"application\/ld+json\" class=\"yoast-schema-graph\">{\"@context\":\"https:\\\/\\\/schema.org\",\"@graph\":[{\"@type\":\"WebPage\",\"@id\":\"https:\\\/\\\/www.ummto.dz\\\/fdsp\\\/lmd\\\/\",\"url\":\"https:\\\/\\\/www.ummto.dz\\\/fdsp\\\/lmd\\\/\",\"name\":\"LMD - Facult\u00e9 De Droit Et Des Sciences Politiques\",\"isPartOf\":{\"@id\":\"https:\\\/\\\/www.ummto.dz\\\/fdsp\\\/#website\"},\"datePublished\":\"2018-06-27T09:01:25+00:00\",\"dateModified\":\"2022-06-20T13:21:19+00:00\",\"breadcrumb\":{\"@id\":\"https:\\\/\\\/www.ummto.dz\\\/fdsp\\\/lmd\\\/#breadcrumb\"},\"inLanguage\":\"fr-FR\",\"potentialAction\":[{\"@type\":\"ReadAction\",\"target\":[\"https:\\\/\\\/www.ummto.dz\\\/fdsp\\\/lmd\\\/\"]}]},{\"@type\":\"BreadcrumbList\",\"@id\":\"https:\\\/\\\/www.ummto.dz\\\/fdsp\\\/lmd\\\/#breadcrumb\",\"itemListElement\":[{\"@type\":\"ListItem\",\"position\":1,\"name\":\"Accueil\",\"item\":\"https:\\\/\\\/www.ummto.dz\\\/fdsp\\\/\"},{\"@type\":\"ListItem\",\"position\":2,\"name\":\"LMD\"}]},{\"@type\":\"WebSite\",\"@id\":\"https:\\\/\\\/www.ummto.dz\\\/fdsp\\\/#website\",\"url\":\"https:\\\/\\\/www.ummto.dz\\\/fdsp\\\/\",\"name\":\"Facult\u00e9 De Droit Et Des Sciences Politiques\",\"description\":\"Facult\u00e9 de Droit\",\"potentialAction\":[{\"@type\":\"SearchAction\",\"target\":{\"@type\":\"EntryPoint\",\"urlTemplate\":\"https:\\\/\\\/www.ummto.dz\\\/fdsp\\\/?s={search_term_string}\"},\"query-input\":{\"@type\":\"PropertyValueSpecification\",\"valueRequired\":true,\"valueName\":\"search_term_string\"}}],\"inLanguage\":\"fr-FR\"}]}<\/script>\n<!-- \/ Yoast SEO plugin. -->","yoast_head_json":{"title":"LMD - Facult\u00e9 De Droit Et Des Sciences Politiques","robots":{"index":"index","follow":"follow","max-snippet":"max-snippet:-1","max-image-preview":"max-image-preview:large","max-video-preview":"max-video-preview:-1"},"canonical":"https:\/\/www.ummto.dz\/fdsp\/lmd\/","og_locale":"fr_FR","og_type":"article","og_title":"LMD - Facult\u00e9 De Droit Et Des Sciences Politiques","og_description":"Post Graduation &nbsp;Doctorat LMD Constitution du dossier d\u2019inscription en Doctorat 3\u00e8meCycle (LMD)\u00a0Pi\u00e8ces \u00e0 fournir\u00a0: Premi\u00e8re inscription\u00a0(l\u2019int\u00e9ress\u00e9 aura \u00e0 fournir\u00a0deux exemplaires\u00a0du dossier) Formulaire de demande d\u2019inscription en 1\u00e9reann\u00e9e de Doctorat *LMD*\u00a0,(Document \u00e0 r\u00e9cup\u00e9rer du service post\u00a0 graduation) D\u00e9claration sur l\u2019honneur de non inscription en Post-Graduation l\u00e9galis\u00e9es. Lettre de motivation (comprenant l\u2019adresse compl\u00e8te, le t\u00e9l\u00e9phone, et l\u2019Email). [&hellip;]","og_url":"https:\/\/www.ummto.dz\/fdsp\/lmd\/","og_site_name":"Facult\u00e9 De Droit Et Des Sciences Politiques","article_modified_time":"2022-06-20T13:21:19+00:00","twitter_card":"summary_large_image","schema":{"@context":"https:\/\/schema.org","@graph":[{"@type":"WebPage","@id":"https:\/\/www.ummto.dz\/fdsp\/lmd\/","url":"https:\/\/www.ummto.dz\/fdsp\/lmd\/","name":"LMD - Facult\u00e9 De Droit Et Des Sciences Politiques","isPartOf":{"@id":"https:\/\/www.ummto.dz\/fdsp\/#website"},"datePublished":"2018-06-27T09:01:25+00:00","dateModified":"2022-06-20T13:21:19+00:00","breadcrumb":{"@id":"https:\/\/www.ummto.dz\/fdsp\/lmd\/#breadcrumb"},"inLanguage":"fr-FR","potentialAction":[{"@type":"ReadAction","target":["https:\/\/www.ummto.dz\/fdsp\/lmd\/"]}]},{"@type":"BreadcrumbList","@id":"https:\/\/www.ummto.dz\/fdsp\/lmd\/#breadcrumb","itemListElement":[{"@type":"ListItem","position":1,"name":"Accueil","item":"https:\/\/www.ummto.dz\/fdsp\/"},{"@type":"ListItem","position":2,"name":"LMD"}]},{"@type":"WebSite","@id":"https:\/\/www.ummto.dz\/fdsp\/#website","url":"https:\/\/www.ummto.dz\/fdsp\/","name":"Facult\u00e9 De Droit Et Des Sciences Politiques","description":"Facult\u00e9 de Droit","potentialAction":[{"@type":"SearchAction","target":{"@type":"EntryPoint","urlTemplate":"https:\/\/www.ummto.dz\/fdsp\/?s={search_term_string}"},"query-input":{"@type":"PropertyValueSpecification","valueRequired":true,"valueName":"search_term_string"}}],"inLanguage":"fr-FR"}]}},"_links":{"self":[{"href":"https:\/\/www.ummto.dz\/fdsp\/wp-json\/wp\/v2\/pages\/366","targetHints":{"allow":["GET"]}}],"collection":[{"href":"https:\/\/www.ummto.dz\/fdsp\/wp-json\/wp\/v2\/pages"}],"about":[{"href":"https:\/\/www.ummto.dz\/fdsp\/wp-json\/wp\/v2\/types\/page"}],"author":[{"embeddable":true,"href":"https:\/\/www.ummto.dz\/fdsp\/wp-json\/wp\/v2\/users\/1"}],"replies":[{"embeddable":true,"href":"https:\/\/www.ummto.dz\/fdsp\/wp-json\/wp\/v2\/comments?post=366"}],"version-history":[{"count":12,"href":"https:\/\/www.ummto.dz\/fdsp\/wp-json\/wp\/v2\/pages\/366\/revisions"}],"predecessor-version":[{"id":4565,"href":"https:\/\/www.ummto.dz\/fdsp\/wp-json\/wp\/v2\/pages\/366\/revisions\/4565"}],"wp:attachment":[{"href":"https:\/\/www.ummto.dz\/fdsp\/wp-json\/wp\/v2\/media?parent=366"}],"curies":[{"name":"wp","href":"https:\/\/api.w.org\/{rel}","templated":true}]}}