{"id":3259,"date":"2022-05-04T15:42:50","date_gmt":"2022-05-04T13:42:50","guid":{"rendered":"https:\/\/www.ummto.dz\/fgc\/?page_id=3259"},"modified":"2022-05-04T15:42:51","modified_gmt":"2022-05-04T13:42:51","slug":"listes-globales-architecture","status":"publish","type":"page","link":"https:\/\/www.ummto.dz\/fgc\/listes-globales-architecture\/","title":{"rendered":"Listes globales architecture"},"content":{"rendered":"\n[et_pb_section fb_built=\u00a0\u00bb1&Prime; theme_builder_area=\u00a0\u00bbpost_content\u00a0\u00bb _builder_version=\u00a0\u00bb4.17.3&Prime; _module_preset=\u00a0\u00bbdefault\u00a0\u00bb][et_pb_row _builder_version=\u00a0\u00bb4.17.3&Prime; _module_preset=\u00a0\u00bbdefault\u00a0\u00bb theme_builder_area=\u00a0\u00bbpost_content\u00a0\u00bb custom_padding=\u00a0\u00bb10px||0px|||\u00a0\u00bb min_height=\u00a0\u00bb66.8px\u00a0\u00bb][et_pb_column _builder_version=\u00a0\u00bb4.17.3&Prime; _module_preset=\u00a0\u00bbdefault\u00a0\u00bb type=\u00a0\u00bb4_4&Prime; theme_builder_area=\u00a0\u00bbpost_content\u00a0\u00bb][et_pb_text _builder_version=\u00a0\u00bb4.17.3&Prime; _module_preset=\u00a0\u00bbdefault\u00a0\u00bb theme_builder_area=\u00a0\u00bbpost_content\u00a0\u00bb hover_enabled=\u00a0\u00bb0&Prime; sticky_enabled=\u00a0\u00bb0&Prime; custom_padding=\u00a0\u00bb||0px|||\u00a0\u00bb]<h4 style=\"text-align: center\">Listes globales architecture<\/h4>\n<p>&nbsp;<\/p>[\/et_pb_text][\/et_pb_column][\/et_pb_row][et_pb_row _builder_version=\u00a0\u00bb4.17.3&Prime; _module_preset=\u00a0\u00bbdefault\u00a0\u00bb column_structure=\u00a0\u00bb1_2,1_2&Prime; theme_builder_area=\u00a0\u00bbpost_content\u00a0\u00bb][et_pb_column _builder_version=\u00a0\u00bb4.17.3&Prime; _module_preset=\u00a0\u00bbdefault\u00a0\u00bb type=\u00a0\u00bb1_2&Prime; theme_builder_area=\u00a0\u00bbpost_content\u00a0\u00bb][et_pb_text _builder_version=\u00a0\u00bb4.17.3&Prime; _module_preset=\u00a0\u00bbdefault\u00a0\u00bb theme_builder_area=\u00a0\u00bbpost_content\u00a0\u00bb hover_enabled=\u00a0\u00bb0&Prime; sticky_enabled=\u00a0\u00bb0&Prime; border_radii=\u00a0\u00bbon|2px|2px|2px|2px\u00a0\u00bb border_width_all=\u00a0\u00bb2px\u00a0\u00bb border_style_all=\u00a0\u00bbridge\u00a0\u00bb box_shadow_style=\u00a0\u00bbpreset2&Prime;]<p><a href=\"https:\/\/www.ummto.dz\/fgc\/wp-content\/uploads\/2022\/05\/LISTE-1annee-licence-2.docx\" rel=\"attachment wp-att-5927\">Liste 1 ere ann\u00e9e licence<\/a><\/p>\n<p><a href=\"https:\/\/www.ummto.dz\/fgc\/wp-content\/uploads\/2022\/05\/liste-2annee-LICENCE-2.docx\" rel=\"attachment wp-att-5928\">Liste 2 eme ann\u00e9e licence<\/a><\/p>\n<p><a href=\"https:\/\/www.ummto.dz\/fgc\/wp-content\/uploads\/2022\/05\/LISTE-GLOBALE-L3-1-2.docx\" rel=\"attachment wp-att-5929\">Liste 3 eme ann\u00e9e licence<\/a><\/p>[\/et_pb_text][\/et_pb_column][et_pb_column _builder_version=\u00a0\u00bb4.17.3&Prime; _module_preset=\u00a0\u00bbdefault\u00a0\u00bb type=\u00a0\u00bb1_2&Prime; theme_builder_area=\u00a0\u00bbpost_content\u00a0\u00bb][et_pb_text _builder_version=\u00a0\u00bb4.17.3&Prime; _module_preset=\u00a0\u00bbdefault\u00a0\u00bb theme_builder_area=\u00a0\u00bbpost_content\u00a0\u00bb hover_enabled=\u00a0\u00bb0&Prime; sticky_enabled=\u00a0\u00bb0&Prime; border_radii=\u00a0\u00bbon|2px|2px|2px|2px\u00a0\u00bb border_width_all=\u00a0\u00bb2px\u00a0\u00bb border_style_all=\u00a0\u00bbridge\u00a0\u00bb box_shadow_style=\u00a0\u00bbpreset2&Prime; min_height=\u00a0\u00bb104.5px\u00a0\u00bb custom_margin=\u00a0\u00bb||6px|||\u00a0\u00bb]<p><a href=\"https:\/\/www.ummto.dz\/fgc\/wp-content\/uploads\/2022\/05\/liste-master-1-1.docx\" rel=\"attachment wp-att-5918\">Liste Master\u00a0 1<\/a><\/p>\n<p><a href=\"https:\/\/www.ummto.dz\/fgc\/wp-content\/uploads\/2022\/05\/LISTE-MASTER2.docx\" rel=\"attachment wp-att-5922\">Liste Master\u00a0 2<\/a><\/p>\n<p><a href=\"https:\/\/www.ummto.dz\/fgc\/wp-content\/uploads\/2022\/05\/liste-master-1-1.docx\" rel=\"attachment wp-att-5918\"><\/a><\/p>[\/et_pb_text][\/et_pb_column][\/et_pb_row][\/et_pb_section]\n","protected":false},"excerpt":{"rendered":"<p>Listes globales architecture &nbsp;Liste 1 ere ann\u00e9e licence Liste 2 eme ann\u00e9e licence Liste 3 eme ann\u00e9e licenceListe Master\u00a0 1 Liste Master\u00a0 2<\/p>\n","protected":false},"author":4,"featured_media":0,"parent":0,"menu_order":0,"comment_status":"closed","ping_status":"closed","template":"","meta":{"_et_pb_use_builder":"on","_et_pb_old_content":"","_et_gb_content_width":"","footnotes":""},"class_list":["post-3259","page","type-page","status-publish","hentry"],"yoast_head":"<!-- This site is optimized with the Yoast SEO plugin v27.3 - https:\/\/yoast.com\/product\/yoast-seo-wordpress\/ -->\n<title>Listes globales architecture - Facult\u00e9 de G\u00e9nie de la Construction<\/title>\n<meta name=\"robots\" content=\"index, follow, max-snippet:-1, max-image-preview:large, max-video-preview:-1\" \/>\n<link rel=\"canonical\" href=\"https:\/\/www.ummto.dz\/fgc\/listes-globales-architecture\/\" \/>\n<meta property=\"og:locale\" content=\"fr_FR\" \/>\n<meta property=\"og:type\" content=\"article\" \/>\n<meta property=\"og:title\" content=\"Listes globales architecture - Facult\u00e9 de G\u00e9nie de la Construction\" \/>\n<meta property=\"og:description\" content=\"Listes globales architecture &nbsp;Liste 1 ere ann\u00e9e licence Liste 2 eme ann\u00e9e licence Liste 3 eme ann\u00e9e licenceListe Master\u00a0 1 Liste Master\u00a0 2\" \/>\n<meta property=\"og:url\" content=\"https:\/\/www.ummto.dz\/fgc\/listes-globales-architecture\/\" \/>\n<meta property=\"og:site_name\" content=\"Facult\u00e9 de G\u00e9nie de la Construction\" \/>\n<meta property=\"article:modified_time\" content=\"2022-05-04T13:42:51+00:00\" \/>\n<meta name=\"twitter:card\" content=\"summary_large_image\" \/>\n<meta name=\"twitter:label1\" content=\"Dur\u00e9e de lecture estim\u00e9e\" \/>\n\t<meta name=\"twitter:data1\" content=\"1 minute\" \/>\n<script type=\"application\/ld+json\" class=\"yoast-schema-graph\">{\"@context\":\"https:\\\/\\\/schema.org\",\"@graph\":[{\"@type\":\"WebPage\",\"@id\":\"https:\\\/\\\/www.ummto.dz\\\/fgc\\\/listes-globales-architecture\\\/\",\"url\":\"https:\\\/\\\/www.ummto.dz\\\/fgc\\\/listes-globales-architecture\\\/\",\"name\":\"Listes globales architecture - Facult\u00e9 de G\u00e9nie de la Construction\",\"isPartOf\":{\"@id\":\"https:\\\/\\\/www.ummto.dz\\\/fgc\\\/#website\"},\"datePublished\":\"2022-05-04T13:42:50+00:00\",\"dateModified\":\"2022-05-04T13:42:51+00:00\",\"breadcrumb\":{\"@id\":\"https:\\\/\\\/www.ummto.dz\\\/fgc\\\/listes-globales-architecture\\\/#breadcrumb\"},\"inLanguage\":\"fr-FR\",\"potentialAction\":[{\"@type\":\"ReadAction\",\"target\":[\"https:\\\/\\\/www.ummto.dz\\\/fgc\\\/listes-globales-architecture\\\/\"]}]},{\"@type\":\"BreadcrumbList\",\"@id\":\"https:\\\/\\\/www.ummto.dz\\\/fgc\\\/listes-globales-architecture\\\/#breadcrumb\",\"itemListElement\":[{\"@type\":\"ListItem\",\"position\":1,\"name\":\"Accueil\",\"item\":\"https:\\\/\\\/www.ummto.dz\\\/fgc\\\/\"},{\"@type\":\"ListItem\",\"position\":2,\"name\":\"Listes globales architecture\"}]},{\"@type\":\"WebSite\",\"@id\":\"https:\\\/\\\/www.ummto.dz\\\/fgc\\\/#website\",\"url\":\"https:\\\/\\\/www.ummto.dz\\\/fgc\\\/\",\"name\":\"Facult\u00e9 de G\u00e9nie de la Construction\",\"description\":\"Facult\u00e9 de G\u00e9nie de la Construction\",\"potentialAction\":[{\"@type\":\"SearchAction\",\"target\":{\"@type\":\"EntryPoint\",\"urlTemplate\":\"https:\\\/\\\/www.ummto.dz\\\/fgc\\\/?s={search_term_string}\"},\"query-input\":{\"@type\":\"PropertyValueSpecification\",\"valueRequired\":true,\"valueName\":\"search_term_string\"}}],\"inLanguage\":\"fr-FR\"}]}<\/script>\n<!-- \/ Yoast SEO plugin. -->","yoast_head_json":{"title":"Listes globales architecture - Facult\u00e9 de G\u00e9nie de la Construction","robots":{"index":"index","follow":"follow","max-snippet":"max-snippet:-1","max-image-preview":"max-image-preview:large","max-video-preview":"max-video-preview:-1"},"canonical":"https:\/\/www.ummto.dz\/fgc\/listes-globales-architecture\/","og_locale":"fr_FR","og_type":"article","og_title":"Listes globales architecture - Facult\u00e9 de G\u00e9nie de la Construction","og_description":"Listes globales architecture &nbsp;Liste 1 ere ann\u00e9e licence Liste 2 eme ann\u00e9e licence Liste 3 eme ann\u00e9e licenceListe Master\u00a0 1 Liste Master\u00a0 2","og_url":"https:\/\/www.ummto.dz\/fgc\/listes-globales-architecture\/","og_site_name":"Facult\u00e9 de G\u00e9nie de la Construction","article_modified_time":"2022-05-04T13:42:51+00:00","twitter_card":"summary_large_image","twitter_misc":{"Dur\u00e9e de lecture estim\u00e9e":"1 minute"},"schema":{"@context":"https:\/\/schema.org","@graph":[{"@type":"WebPage","@id":"https:\/\/www.ummto.dz\/fgc\/listes-globales-architecture\/","url":"https:\/\/www.ummto.dz\/fgc\/listes-globales-architecture\/","name":"Listes globales architecture - Facult\u00e9 de G\u00e9nie de la Construction","isPartOf":{"@id":"https:\/\/www.ummto.dz\/fgc\/#website"},"datePublished":"2022-05-04T13:42:50+00:00","dateModified":"2022-05-04T13:42:51+00:00","breadcrumb":{"@id":"https:\/\/www.ummto.dz\/fgc\/listes-globales-architecture\/#breadcrumb"},"inLanguage":"fr-FR","potentialAction":[{"@type":"ReadAction","target":["https:\/\/www.ummto.dz\/fgc\/listes-globales-architecture\/"]}]},{"@type":"BreadcrumbList","@id":"https:\/\/www.ummto.dz\/fgc\/listes-globales-architecture\/#breadcrumb","itemListElement":[{"@type":"ListItem","position":1,"name":"Accueil","item":"https:\/\/www.ummto.dz\/fgc\/"},{"@type":"ListItem","position":2,"name":"Listes globales architecture"}]},{"@type":"WebSite","@id":"https:\/\/www.ummto.dz\/fgc\/#website","url":"https:\/\/www.ummto.dz\/fgc\/","name":"Facult\u00e9 de G\u00e9nie de la Construction","description":"Facult\u00e9 de G\u00e9nie de la Construction","potentialAction":[{"@type":"SearchAction","target":{"@type":"EntryPoint","urlTemplate":"https:\/\/www.ummto.dz\/fgc\/?s={search_term_string}"},"query-input":{"@type":"PropertyValueSpecification","valueRequired":true,"valueName":"search_term_string"}}],"inLanguage":"fr-FR"}]}},"_links":{"self":[{"href":"https:\/\/www.ummto.dz\/fgc\/wp-json\/wp\/v2\/pages\/3259","targetHints":{"allow":["GET"]}}],"collection":[{"href":"https:\/\/www.ummto.dz\/fgc\/wp-json\/wp\/v2\/pages"}],"about":[{"href":"https:\/\/www.ummto.dz\/fgc\/wp-json\/wp\/v2\/types\/page"}],"author":[{"embeddable":true,"href":"https:\/\/www.ummto.dz\/fgc\/wp-json\/wp\/v2\/users\/4"}],"replies":[{"embeddable":true,"href":"https:\/\/www.ummto.dz\/fgc\/wp-json\/wp\/v2\/comments?post=3259"}],"version-history":[{"count":5,"href":"https:\/\/www.ummto.dz\/fgc\/wp-json\/wp\/v2\/pages\/3259\/revisions"}],"predecessor-version":[{"id":5931,"href":"https:\/\/www.ummto.dz\/fgc\/wp-json\/wp\/v2\/pages\/3259\/revisions\/5931"}],"wp:attachment":[{"href":"https:\/\/www.ummto.dz\/fgc\/wp-json\/wp\/v2\/media?parent=3259"}],"curies":[{"name":"wp","href":"https:\/\/api.w.org\/{rel}","templated":true}]}}