{"id":349,"date":"2018-06-27T10:57:58","date_gmt":"2018-06-27T08:57:58","guid":{"rendered":"http:\/\/fgei.ummto.dz\/?page_id=349"},"modified":"2022-10-24T16:12:11","modified_gmt":"2022-10-24T14:12:11","slug":"soutenance","status":"publish","type":"page","link":"https:\/\/www.ummto.dz\/fgc\/post-graduation\/soutenance\/","title":{"rendered":"Soutenances"},"content":{"rendered":"<p>[et_pb_section fb_built=\u00a0\u00bb1&Prime; _builder_version=\u00a0\u00bb4.18.0&Prime; _module_preset=\u00a0\u00bbdefault\u00a0\u00bb background_enable_image=\u00a0\u00bboff\u00a0\u00bb min_height=\u00a0\u00bb535px\u00a0\u00bb global_colors_info=\u00a0\u00bb{}\u00a0\u00bb][et_pb_row _builder_version=\u00a0\u00bb4.18.0&Prime; _module_preset=\u00a0\u00bbdefault\u00a0\u00bb global_colors_info=\u00a0\u00bb{}\u00a0\u00bb][et_pb_column type=\u00a0\u00bb4_4&Prime; _builder_version=\u00a0\u00bb4.18.0&Prime; _module_preset=\u00a0\u00bbdefault\u00a0\u00bb global_colors_info=\u00a0\u00bb{}\u00a0\u00bb][dsm_text_divider header=\u00a0\u00bbSoutenances de doctorat\u00a0\u00bb _builder_version=\u00a0\u00bb4.18.0&Prime; _module_preset=\u00a0\u00bbdefault\u00a0\u00bb global_colors_info=\u00a0\u00bb{}\u00a0\u00bb][\/dsm_text_divider][\/et_pb_column][\/et_pb_row][et_pb_row column_structure=\u00a0\u00bb2_3,1_3&Prime; _builder_version=\u00a0\u00bb4.18.0&Prime; _module_preset=\u00a0\u00bbdefault\u00a0\u00bb background_enable_image=\u00a0\u00bboff\u00a0\u00bb background_size=\u00a0\u00bbcustom\u00a0\u00bb background_image_width=\u00a0\u00bb100%\u00a0\u00bb background_image_height=\u00a0\u00bb100%\u00a0\u00bb min_height=\u00a0\u00bb404px\u00a0\u00bb global_colors_info=\u00a0\u00bb{}\u00a0\u00bb][et_pb_column type=\u00a0\u00bb2_3&Prime; _builder_version=\u00a0\u00bb4.18.0&Prime; _module_preset=\u00a0\u00bbdefault\u00a0\u00bb background_image=\u00a0\u00bbhttps:\/\/www.ummto.dz\/fgc\/wp-content\/uploads\/2022\/10\/fond-soutenance-2-300&#215;284.jpg\u00a0\u00bb background_size=\u00a0\u00bbstretch\u00a0\u00bb global_colors_info=\u00a0\u00bb{}\u00a0\u00bb][et_pb_text _builder_version=\u00a0\u00bb4.18.0&Prime; _module_preset=\u00a0\u00bbdefault\u00a0\u00bb width=\u00a0\u00bb90%\u00a0\u00bb max_width=\u00a0\u00bb90%\u00a0\u00bb min_height=\u00a0\u00bb350px\u00a0\u00bb height=\u00a0\u00bb300px\u00a0\u00bb max_height=\u00a0\u00bb300px\u00a0\u00bb overflow-y=\u00a0\u00bbscroll\u00a0\u00bb custom_padding=\u00a0\u00bb2px|5px|2px|5px|false|false\u00a0\u00bb hover_enabled=\u00a0\u00bb0&Prime; global_colors_info=\u00a0\u00bb{}\u00a0\u00bb sticky_enabled=\u00a0\u00bb0&Prime;]<\/p>\n<p style=\"text-align: center\"><span style=\"color: #000080\"><strong><em><u>Constitution du dossier de soutenance d\u2019une th\u00e8se de DOCTORAT <\/u><\/em><\/strong><\/span><\/p>\n<p style=\"text-align: center\"><strong><em><u>(Demande de notification)<\/u><\/em><\/strong><\/p>\n<table border=\"1\" style=\"border-collapse: collapse;width: 100%;height: 10px\">\n<tbody>\n<tr style=\"height: 10px\">\n<td style=\"width: 100%;height: 10px\"><span style=\"color: #0000ff\"><em><strong>1-<\/strong><\/em><\/span>Imprim\u00e9 de demande de notification du jury d\u00fbment renseign\u00e9 et sign\u00e9 par le candidat. <span style=\"color: #999999\">(Fourni par l\u2019administration)<\/span><br \/><span style=\"color: #0000ff\"><em><strong>2-<\/strong><\/em><\/span>Attestation de conformit\u00e9 du dossier de soutenance, vis\u00e9 par le Vice Doyen charg\u00e9 de la Post Graduation.<br \/><span style=\"color: #0000ff\"><em><strong>3-<\/strong><\/em><\/span>Une (01) photo d\u2019identit\u00e9. <span style=\"color: #999999\">(Inscrire le nom et pr\u00e9nom au verso)<\/span><br \/><span style=\"color: #0000ff\"><em><strong>4-<\/strong><\/em><\/span>P.V du CSF mentionnant la proposition du jury et l\u2019intitul\u00e9 exact du dernier sujet de th\u00e8se, <span style=\"color: #999999\">(V\u00e9rifier l\u2019exactitude de l\u2019intitul\u00e9 par rapport aux fiches d\u2019inscriptions. La conformit\u00e9 du Jury, la mention du nom, pr\u00e9nom, grade, qualit\u00e9 et lieu d\u2019exercice de chaque membre)<\/span><br \/><span style=\"color: #0000ff\"><em><strong>5-<\/strong><\/em><\/span>Fiche d\u2019identification du sujet de recherche. <span style=\"color: #999999\">(Fournie par l\u2019administration, elle doit \u00eatre saisie sur micro puis imprim\u00e9e par t\u2019\u00e9tudiant)<\/span><br \/><span style=\"color: #0000ff\"><em><strong>6-<\/strong><\/em><\/span>Photocopies l\u00e9galis\u00e9es des dipl\u00f4mes du BAC, graduation et Magister <span style=\"color: #999999\">(joindre l\u2019\u00e9quivalence de tout dipl\u00f4me obtenu \u00e0 l\u2019\u00e9tranger).<\/span><br \/><span style=\"color: #0000ff\"><em><strong>7-<\/strong><\/em><\/span>Extrait d\u2019acte de naissance r\u00e9cent, <span style=\"color: #999999\">(de pr\u00e9f\u00e9rence r\u00e9cent)<\/span><br \/><span style=\"color: #0000ff\"><em><strong>8-<\/strong><\/em><\/span>Un exemplaire de la th\u00e8se. <span style=\"color: #999999\">(Avec une page de garde conforme au mod\u00e8le utilis\u00e9 \u00e0 l\u2019UMMTO et un r\u00e9sum\u00e9 en fran\u00e7ais et en anglais au verso de la derni\u00e8re page).<\/span><br \/><span style=\"color: #0000ff\"><em><strong>9-<\/strong><\/em><\/span>Un r\u00e9sum\u00e9 de la th\u00e8se en 05 pages au minimum, muni d\u2019une page de garde.<br \/><span style=\"color: #0000ff\"><em><strong>10-<\/strong><\/em><\/span>Original du rapport favorable \u00e0 la soutenance dat\u00e9 et sign\u00e9 par le promoteur <span style=\"color: #999999\">(Portant nom et pr\u00e9nom du doctorant ainsi que l\u2019intitul\u00e9 exact du sujet conform\u00e9ment \u00e0 la derni\u00e8re fiche d\u2019inscription)<\/span><br \/><span style=\"color: #0000ff\"><em><strong>11-<\/strong><\/em><\/span>Un exemplaire imprim\u00e9 de la publication + une gravure en PDF s\u00e9curis\u00e9 sur un CD.<br \/><span style=\"color: #0000ff\"><em><strong>12-<\/strong><\/em><\/span>Fiche de recevabilit\u00e9 de(s) publication(s) vis\u00e9e par le CSD et CSF.<br \/><span style=\"color: #0000ff\"><em><strong>13-<\/strong><\/em><\/span>Une fiche de synth\u00e8se \u00e0 saisir et \u00e0 imprimer <span style=\"color: #999999\">(Imprim\u00e9 fourni par l\u2019administration demand\u00e9 par le CSF)<\/span><br \/><span style=\"color: #0000ff\"><em><strong>14-<\/strong><\/em><\/span>Copies des certificats de scolarit\u00e9 de la 1ere \u00e0 la derni\u00e8re ann\u00e9e<br \/><span style=\"color: #0000ff\"><em><strong>15-<\/strong><\/em><\/span>Originaux des dossiers d\u2019inscription <span style=\"color: #999999\">(A\/C de l\u2019ann\u00e9e 2007\/2008).<\/span><\/td>\n<\/tr>\n<\/tbody>\n<\/table>\n<p>[\/et_pb_text][et_pb_text _builder_version=\u00a0\u00bb4.18.0&Prime; _module_preset=\u00a0\u00bbdefault\u00a0\u00bb global_colors_info=\u00a0\u00bb{}\u00a0\u00bb]<\/p>\n<p style=\"text-align: center\"><a href=\"https:\/\/www.ummto.dz\/fgc\/wp-content\/uploads\/2022\/10\/constitution-de-soutenance-de-these-de-doctorat.pdf\" target=\"_blank\" rel=\"noopener\">Constitution du dossier de soutenance<\/a><\/p>\n<p>[\/et_pb_text][\/et_pb_column][et_pb_column type=\u00a0\u00bb1_3&Prime; _builder_version=\u00a0\u00bb4.18.0&Prime; _module_preset=\u00a0\u00bbdefault\u00a0\u00bb global_colors_info=\u00a0\u00bb{}\u00a0\u00bb][et_pb_post_slider include_categories=\u00a0\u00bb58,52,55,53,54,56,62,57&Prime; _builder_version=\u00a0\u00bb4.18.0&Prime; _module_preset=\u00a0\u00bbdefault\u00a0\u00bb global_colors_info=\u00a0\u00bb{}\u00a0\u00bb][\/et_pb_post_slider][et_pb_text _builder_version=\u00a0\u00bb4.18.0&Prime; _module_preset=\u00a0\u00bbdefault\u00a0\u00bb custom_margin=\u00a0\u00bb|||2px|false|false\u00a0\u00bb custom_padding=\u00a0\u00bb|||8px|false|false\u00a0\u00bb box_shadow_style=\u00a0\u00bbpreset2&Prime; global_colors_info=\u00a0\u00bb{}\u00a0\u00bb]<\/p>\n<h4 style=\"text-align: center\"><span style=\"text-decoration: underline;color: #0000ff\"><em><strong>Post Graduation<\/strong><\/em><\/span><\/h4>\n<p style=\"text-align: center\"><span style=\"text-decoration: underline;color: #0000ff\"><em><strong>Liste des documents \u00e0 t\u00e9lecharger<\/strong><\/em><\/span><\/p>\n<p style=\"text-align: center\"><span style=\"text-decoration: underline;color: #0000ff\"><em><strong><\/strong><\/em><\/span><\/p>\n<ul>\n<li><a href=\"https:\/\/www.ummto.dz\/fgc\/wp-content\/uploads\/2022\/10\/Annexe-1.pdf\">Annexe 1 : Rapport de soutenabilit\u00e9 (par le directeur de th\u00e8se).<\/a><\/li>\n<li><a href=\"https:\/\/www.ummto.dz\/fgc\/wp-content\/uploads\/2022\/10\/Annexe-2.pdf\">Annexe 2 : Rapport sur la publication (par le directeur de th\u00e8se).<\/a><\/li>\n<li><a href=\"https:\/\/www.ummto.dz\/fgc\/wp-content\/uploads\/2022\/10\/Annexe-3.pdf\">Annexe 3 : Attestation d\u2019inscription r\u00e9guli\u00e8re en doctorat.<\/a><\/li>\n<li><a href=\"https:\/\/www.ummto.dz\/fgc\/wp-content\/uploads\/2022\/10\/Annexe-4.pdf\">Annexe 4 : Cat\u00e9gorisation des revues Scientifiques.<\/a><\/li>\n<li><a href=\"https:\/\/www.ummto.dz\/fgc\/wp-content\/uploads\/2022\/10\/Annexe-5.pdf\">Annexe 5 : Formulaire d\u2019expertise (par les membres du Jury et les examinateurs).<\/a><\/li>\n<li><a href=\"https:\/\/www.ummto.dz\/fgc\/wp-content\/uploads\/2022\/10\/Annexe-6.pdf\">Annexe 6 : Formulaire de lev\u00e9 de r\u00e9serves (par le pr\u00e9sident de Jury apr\u00e8s soutenance)<\/a><strong>.<\/strong><\/li>\n<li><a href=\"https:\/\/www.ummto.dz\/fgc\/wp-content\/uploads\/2022\/10\/Categorie-de-la-revue.pdf\">Cat\u00e9gorie de la revue<\/a><\/li>\n<li><a href=\"https:\/\/www.ummto.dz\/fgc\/wp-content\/uploads\/2022\/10\/Fiche-de-Controle-de-legibilite-de-la-revue.pdf\">Fiche de contr\u00f4le de l&rsquo;\u00e9ligibilit\u00e9 de la revue<\/a><\/li>\n<li><a href=\"https:\/\/www.ummto.dz\/fgc\/wp-content\/uploads\/2022\/10\/Fiche-Recevabilite-de-la-Revue-et-de-lEditeur.pdf\">Fiche de recevabilit\u00e9 de la revue et de l&rsquo;editeur<\/a><\/li>\n<li><a href=\"https:\/\/www.ummto.dz\/fgc\/wp-content\/uploads\/2022\/10\/Fiche-didentification-du-sujet.pdf\">Fiche d&rsquo;identification du sujet<\/a><\/li>\n<li><a href=\"https:\/\/www.ummto.dz\/fgc\/wp-content\/uploads\/2022\/10\/Fiche-renseignements.pdf\">Fiche de renseignement<\/a><\/li>\n<li><a href=\"https:\/\/www.ummto.dz\/fgc\/wp-content\/uploads\/2022\/10\/Proposition-de-Jury.pdf\">Proposition de jury<\/a><\/li>\n<\/ul>\n<p>[\/et_pb_text][\/et_pb_column][\/et_pb_row][\/et_pb_section]<\/p>\n","protected":false},"excerpt":{"rendered":"<p><div class=\"et_pb_module dsm_text_divider dsm_text_divider_0\">\n\t\t\t\t\n\t\t\t\t\n\t\t\t\t\n\t\t\t\t\n\t\t\t\t\n\t\t\t\t\n\t\t\t\t<div class=\"et_pb_module_inner\">\n\t\t\t\t\t<div class=\"dsm-text-divider-wrapper dsm-text-divider-align-center et_pb_bg_layout_light\">\n\t\t\t\t\n\t\t\t\t\n\t\t\t\t<div class=\"dsm-text-divider-before dsm-divider\"><\/div>\n\t\t\t\t<h3 class=\"dsm-text-divider-header et_pb_module_header\"><span>Soutenances de doctorat<\/span><\/h3>\n\t\t\t\t<div class=\"dsm-text-divider-after dsm-divider\"><\/div>\n\t\t\t<\/div>\n\t\t\t\t<\/div>\n\t\t\t<\/div>Constitution du dossier de soutenance d\u2019une th\u00e8se de DOCTORAT (Demande de notification) 1-Imprim\u00e9 de demande de notification du jury d\u00fbment renseign\u00e9 et sign\u00e9 par le candidat. (Fourni par l\u2019administration)2-Attestation de conformit\u00e9 du dossier de soutenance, vis\u00e9 par le Vice Doyen charg\u00e9 de la Post Graduation.3-Une (01) photo d\u2019identit\u00e9. (Inscrire [&hellip;]<\/p>\n","protected":false},"author":1,"featured_media":0,"parent":215,"menu_order":0,"comment_status":"closed","ping_status":"closed","template":"","meta":{"_et_pb_use_builder":"on","_et_pb_old_content":"","_et_gb_content_width":"","footnotes":""},"class_list":["post-349","page","type-page","status-publish","hentry"],"yoast_head":"<!-- This site is optimized with the Yoast SEO plugin v27.3 - https:\/\/yoast.com\/product\/yoast-seo-wordpress\/ -->\n<title>Soutenances - Facult\u00e9 de G\u00e9nie de la Construction<\/title>\n<meta name=\"description\" content=\"Soutenances Doctorat Post graduation Facult\u00e9 du G\u00e9nie de la Construction Universit\u00e9 Mouloud MAMMERI de Tizi Ouzou\" \/>\n<meta name=\"robots\" content=\"index, follow, max-snippet:-1, max-image-preview:large, max-video-preview:-1\" \/>\n<link rel=\"canonical\" href=\"https:\/\/www.ummto.dz\/fgc\/post-graduation\/soutenance\/\" \/>\n<meta property=\"og:locale\" content=\"fr_FR\" \/>\n<meta property=\"og:type\" content=\"article\" \/>\n<meta property=\"og:title\" content=\"Soutenances - Facult\u00e9 de G\u00e9nie de la Construction\" \/>\n<meta property=\"og:description\" content=\"Soutenances Doctorat Post graduation Facult\u00e9 du G\u00e9nie de la Construction Universit\u00e9 Mouloud MAMMERI de Tizi Ouzou\" \/>\n<meta property=\"og:url\" content=\"https:\/\/www.ummto.dz\/fgc\/post-graduation\/soutenance\/\" \/>\n<meta property=\"og:site_name\" content=\"Facult\u00e9 de G\u00e9nie de la Construction\" \/>\n<meta property=\"article:modified_time\" content=\"2022-10-24T14:12:11+00:00\" \/>\n<meta name=\"twitter:card\" content=\"summary_large_image\" \/>\n<meta name=\"twitter:label1\" content=\"Dur\u00e9e de lecture estim\u00e9e\" \/>\n\t<meta name=\"twitter:data1\" content=\"3 minutes\" \/>\n<script type=\"application\/ld+json\" class=\"yoast-schema-graph\">{\"@context\":\"https:\\\/\\\/schema.org\",\"@graph\":[{\"@type\":\"WebPage\",\"@id\":\"https:\\\/\\\/www.ummto.dz\\\/fgc\\\/post-graduation\\\/soutenance\\\/\",\"url\":\"https:\\\/\\\/www.ummto.dz\\\/fgc\\\/post-graduation\\\/soutenance\\\/\",\"name\":\"Soutenances - Facult\u00e9 de G\u00e9nie de la Construction\",\"isPartOf\":{\"@id\":\"https:\\\/\\\/www.ummto.dz\\\/fgc\\\/#website\"},\"datePublished\":\"2018-06-27T08:57:58+00:00\",\"dateModified\":\"2022-10-24T14:12:11+00:00\",\"description\":\"Soutenances Doctorat Post graduation Facult\u00e9 du G\u00e9nie de la Construction Universit\u00e9 Mouloud MAMMERI de Tizi Ouzou\",\"breadcrumb\":{\"@id\":\"https:\\\/\\\/www.ummto.dz\\\/fgc\\\/post-graduation\\\/soutenance\\\/#breadcrumb\"},\"inLanguage\":\"fr-FR\",\"potentialAction\":[{\"@type\":\"ReadAction\",\"target\":[\"https:\\\/\\\/www.ummto.dz\\\/fgc\\\/post-graduation\\\/soutenance\\\/\"]}]},{\"@type\":\"BreadcrumbList\",\"@id\":\"https:\\\/\\\/www.ummto.dz\\\/fgc\\\/post-graduation\\\/soutenance\\\/#breadcrumb\",\"itemListElement\":[{\"@type\":\"ListItem\",\"position\":1,\"name\":\"Accueil\",\"item\":\"https:\\\/\\\/www.ummto.dz\\\/fgc\\\/\"},{\"@type\":\"ListItem\",\"position\":2,\"name\":\"Post-Graduation\",\"item\":\"https:\\\/\\\/www.ummto.dz\\\/fgc\\\/post-graduation\\\/\"},{\"@type\":\"ListItem\",\"position\":3,\"name\":\"Soutenances\"}]},{\"@type\":\"WebSite\",\"@id\":\"https:\\\/\\\/www.ummto.dz\\\/fgc\\\/#website\",\"url\":\"https:\\\/\\\/www.ummto.dz\\\/fgc\\\/\",\"name\":\"Facult\u00e9 de G\u00e9nie de la Construction\",\"description\":\"Facult\u00e9 de G\u00e9nie de la Construction\",\"potentialAction\":[{\"@type\":\"SearchAction\",\"target\":{\"@type\":\"EntryPoint\",\"urlTemplate\":\"https:\\\/\\\/www.ummto.dz\\\/fgc\\\/?s={search_term_string}\"},\"query-input\":{\"@type\":\"PropertyValueSpecification\",\"valueRequired\":true,\"valueName\":\"search_term_string\"}}],\"inLanguage\":\"fr-FR\"}]}<\/script>\n<!-- \/ Yoast SEO plugin. -->","yoast_head_json":{"title":"Soutenances - Facult\u00e9 de G\u00e9nie de la Construction","description":"Soutenances Doctorat Post graduation Facult\u00e9 du G\u00e9nie de la Construction Universit\u00e9 Mouloud MAMMERI de Tizi Ouzou","robots":{"index":"index","follow":"follow","max-snippet":"max-snippet:-1","max-image-preview":"max-image-preview:large","max-video-preview":"max-video-preview:-1"},"canonical":"https:\/\/www.ummto.dz\/fgc\/post-graduation\/soutenance\/","og_locale":"fr_FR","og_type":"article","og_title":"Soutenances - Facult\u00e9 de G\u00e9nie de la Construction","og_description":"Soutenances Doctorat Post graduation Facult\u00e9 du G\u00e9nie de la Construction Universit\u00e9 Mouloud MAMMERI de Tizi Ouzou","og_url":"https:\/\/www.ummto.dz\/fgc\/post-graduation\/soutenance\/","og_site_name":"Facult\u00e9 de G\u00e9nie de la Construction","article_modified_time":"2022-10-24T14:12:11+00:00","twitter_card":"summary_large_image","twitter_misc":{"Dur\u00e9e de lecture estim\u00e9e":"3 minutes"},"schema":{"@context":"https:\/\/schema.org","@graph":[{"@type":"WebPage","@id":"https:\/\/www.ummto.dz\/fgc\/post-graduation\/soutenance\/","url":"https:\/\/www.ummto.dz\/fgc\/post-graduation\/soutenance\/","name":"Soutenances - Facult\u00e9 de G\u00e9nie de la Construction","isPartOf":{"@id":"https:\/\/www.ummto.dz\/fgc\/#website"},"datePublished":"2018-06-27T08:57:58+00:00","dateModified":"2022-10-24T14:12:11+00:00","description":"Soutenances Doctorat Post graduation Facult\u00e9 du G\u00e9nie de la Construction Universit\u00e9 Mouloud MAMMERI de Tizi Ouzou","breadcrumb":{"@id":"https:\/\/www.ummto.dz\/fgc\/post-graduation\/soutenance\/#breadcrumb"},"inLanguage":"fr-FR","potentialAction":[{"@type":"ReadAction","target":["https:\/\/www.ummto.dz\/fgc\/post-graduation\/soutenance\/"]}]},{"@type":"BreadcrumbList","@id":"https:\/\/www.ummto.dz\/fgc\/post-graduation\/soutenance\/#breadcrumb","itemListElement":[{"@type":"ListItem","position":1,"name":"Accueil","item":"https:\/\/www.ummto.dz\/fgc\/"},{"@type":"ListItem","position":2,"name":"Post-Graduation","item":"https:\/\/www.ummto.dz\/fgc\/post-graduation\/"},{"@type":"ListItem","position":3,"name":"Soutenances"}]},{"@type":"WebSite","@id":"https:\/\/www.ummto.dz\/fgc\/#website","url":"https:\/\/www.ummto.dz\/fgc\/","name":"Facult\u00e9 de G\u00e9nie de la Construction","description":"Facult\u00e9 de G\u00e9nie de la Construction","potentialAction":[{"@type":"SearchAction","target":{"@type":"EntryPoint","urlTemplate":"https:\/\/www.ummto.dz\/fgc\/?s={search_term_string}"},"query-input":{"@type":"PropertyValueSpecification","valueRequired":true,"valueName":"search_term_string"}}],"inLanguage":"fr-FR"}]}},"_links":{"self":[{"href":"https:\/\/www.ummto.dz\/fgc\/wp-json\/wp\/v2\/pages\/349","targetHints":{"allow":["GET"]}}],"collection":[{"href":"https:\/\/www.ummto.dz\/fgc\/wp-json\/wp\/v2\/pages"}],"about":[{"href":"https:\/\/www.ummto.dz\/fgc\/wp-json\/wp\/v2\/types\/page"}],"author":[{"embeddable":true,"href":"https:\/\/www.ummto.dz\/fgc\/wp-json\/wp\/v2\/users\/1"}],"replies":[{"embeddable":true,"href":"https:\/\/www.ummto.dz\/fgc\/wp-json\/wp\/v2\/comments?post=349"}],"version-history":[{"count":26,"href":"https:\/\/www.ummto.dz\/fgc\/wp-json\/wp\/v2\/pages\/349\/revisions"}],"predecessor-version":[{"id":7734,"href":"https:\/\/www.ummto.dz\/fgc\/wp-json\/wp\/v2\/pages\/349\/revisions\/7734"}],"up":[{"embeddable":true,"href":"https:\/\/www.ummto.dz\/fgc\/wp-json\/wp\/v2\/pages\/215"}],"wp:attachment":[{"href":"https:\/\/www.ummto.dz\/fgc\/wp-json\/wp\/v2\/media?parent=349"}],"curies":[{"name":"wp","href":"https:\/\/api.w.org\/{rel}","templated":true}]}}