{"id":352,"date":"2018-06-27T10:58:45","date_gmt":"2018-06-27T08:58:45","guid":{"rendered":"http:\/\/fgei.ummto.dz\/?page_id=352"},"modified":"2024-12-04T14:43:11","modified_gmt":"2024-12-04T13:43:11","slug":"conseil-scientifique-de-faculte","status":"publish","type":"page","link":"https:\/\/www.ummto.dz\/fgc\/post-graduation\/conseil-scientifique-de-faculte\/","title":{"rendered":"Conseil scientifique de Facult\u00e9"},"content":{"rendered":"<p>[et_pb_section fb_built=\u00a0\u00bb1&Prime; _builder_version=\u00a0\u00bb4.19.2&Prime; _module_preset=\u00a0\u00bbdefault\u00a0\u00bb global_colors_info=\u00a0\u00bb{}\u00a0\u00bb][et_pb_row _builder_version=\u00a0\u00bb4.19.2&Prime; _module_preset=\u00a0\u00bbdefault\u00a0\u00bb global_colors_info=\u00a0\u00bb{}\u00a0\u00bb][et_pb_column type=\u00a0\u00bb4_4&Prime; _builder_version=\u00a0\u00bb4.19.2&Prime; _module_preset=\u00a0\u00bbdefault\u00a0\u00bb global_colors_info=\u00a0\u00bb{}\u00a0\u00bb][et_pb_accordion _builder_version=\u00a0\u00bb4.19.2&Prime; _module_preset=\u00a0\u00bbdefault\u00a0\u00bb global_colors_info=\u00a0\u00bb{}\u00a0\u00bb][et_pb_accordion_item title=\u00a0\u00bbConseil scientifique de Facult\u00e9\u00a0\u00bb open=\u00a0\u00bbon\u00a0\u00bb _builder_version=\u00a0\u00bb4.19.2&Prime; _module_preset=\u00a0\u00bbdefault\u00a0\u00bb global_colors_info=\u00a0\u00bb{}\u00a0\u00bb][\/et_pb_accordion_item][\/et_pb_accordion][et_pb_text _builder_version=\u00a0\u00bb4.27.4&Prime; _module_preset=\u00a0\u00bbdefault\u00a0\u00bb hover_enabled=\u00a0\u00bb0&Prime; global_colors_info=\u00a0\u00bb{}\u00a0\u00bb sticky_enabled=\u00a0\u00bb0&Prime;]<\/p>\n<ul>\n<li style=\"text-align: left\"><a href=\"https:\/\/www.ummto.dz\/fgc\/wp-content\/uploads\/2024\/06\/PV-du-CSF-au-27-mai-2024.pdf\" rel=\"attachment wp-att-13126\">PV du CSF au 27 mai 2024<\/a><\/li>\n<li style=\"text-align: left\"><a href=\"https:\/\/www.ummto.dz\/fgc\/wp-content\/uploads\/2024\/05\/PV_CSF_AVRIL-2024.pdf\" rel=\"attachment wp-att-12916\">PV_CSF_AVRIL 2024<\/a><\/li>\n<li style=\"text-align: left\"><a href=\"https:\/\/www.ummto.dz\/fgc\/wp-content\/uploads\/2024\/12\/PV_CSF_FGC-19-Novembre-2024.pdf\" rel=\"attachment wp-att-14047\">PV_CSF_FGC 19 Novembre 2024<\/a><\/li>\n<\/ul>\n<p>&nbsp;<\/p>\n<p>[\/et_pb_text][\/et_pb_column][\/et_pb_row][\/et_pb_section]<\/p>\n","protected":false},"excerpt":{"rendered":"<p>PV du CSF au 27 mai 2024 PV_CSF_AVRIL 2024 PV_CSF_FGC 19 Novembre 2024 &nbsp;<\/p>\n","protected":false},"author":1,"featured_media":0,"parent":215,"menu_order":0,"comment_status":"closed","ping_status":"closed","template":"","meta":{"_et_pb_use_builder":"on","_et_pb_old_content":"","_et_gb_content_width":"","footnotes":""},"class_list":["post-352","page","type-page","status-publish","hentry"],"yoast_head":"<!-- This site is optimized with the Yoast SEO plugin v27.3 - https:\/\/yoast.com\/product\/yoast-seo-wordpress\/ -->\n<title>Conseil scientifique de Facult\u00e9 - Facult\u00e9 de G\u00e9nie de la Construction<\/title>\n<meta name=\"description\" content=\"Conseil scientifique de facult\u00e9\" \/>\n<meta name=\"robots\" content=\"index, follow, max-snippet:-1, max-image-preview:large, max-video-preview:-1\" \/>\n<link rel=\"canonical\" href=\"https:\/\/www.ummto.dz\/fgc\/post-graduation\/conseil-scientifique-de-faculte\/\" \/>\n<meta property=\"og:locale\" content=\"fr_FR\" \/>\n<meta property=\"og:type\" content=\"article\" \/>\n<meta property=\"og:title\" content=\"Conseil scientifique de Facult\u00e9 - Facult\u00e9 de G\u00e9nie de la Construction\" \/>\n<meta property=\"og:description\" content=\"Conseil scientifique de facult\u00e9\" \/>\n<meta property=\"og:url\" content=\"https:\/\/www.ummto.dz\/fgc\/post-graduation\/conseil-scientifique-de-faculte\/\" \/>\n<meta property=\"og:site_name\" content=\"Facult\u00e9 de G\u00e9nie de la Construction\" \/>\n<meta property=\"article:modified_time\" content=\"2024-12-04T13:43:11+00:00\" \/>\n<meta name=\"twitter:card\" content=\"summary_large_image\" \/>\n<meta name=\"twitter:label1\" content=\"Dur\u00e9e de lecture estim\u00e9e\" \/>\n\t<meta name=\"twitter:data1\" content=\"1 minute\" \/>\n<script type=\"application\/ld+json\" class=\"yoast-schema-graph\">{\"@context\":\"https:\\\/\\\/schema.org\",\"@graph\":[{\"@type\":\"WebPage\",\"@id\":\"https:\\\/\\\/www.ummto.dz\\\/fgc\\\/post-graduation\\\/conseil-scientifique-de-faculte\\\/\",\"url\":\"https:\\\/\\\/www.ummto.dz\\\/fgc\\\/post-graduation\\\/conseil-scientifique-de-faculte\\\/\",\"name\":\"Conseil scientifique de Facult\u00e9 - Facult\u00e9 de G\u00e9nie de la Construction\",\"isPartOf\":{\"@id\":\"https:\\\/\\\/www.ummto.dz\\\/fgc\\\/#website\"},\"datePublished\":\"2018-06-27T08:58:45+00:00\",\"dateModified\":\"2024-12-04T13:43:11+00:00\",\"description\":\"Conseil scientifique de facult\u00e9\",\"breadcrumb\":{\"@id\":\"https:\\\/\\\/www.ummto.dz\\\/fgc\\\/post-graduation\\\/conseil-scientifique-de-faculte\\\/#breadcrumb\"},\"inLanguage\":\"fr-FR\",\"potentialAction\":[{\"@type\":\"ReadAction\",\"target\":[\"https:\\\/\\\/www.ummto.dz\\\/fgc\\\/post-graduation\\\/conseil-scientifique-de-faculte\\\/\"]}]},{\"@type\":\"BreadcrumbList\",\"@id\":\"https:\\\/\\\/www.ummto.dz\\\/fgc\\\/post-graduation\\\/conseil-scientifique-de-faculte\\\/#breadcrumb\",\"itemListElement\":[{\"@type\":\"ListItem\",\"position\":1,\"name\":\"Accueil\",\"item\":\"https:\\\/\\\/www.ummto.dz\\\/fgc\\\/\"},{\"@type\":\"ListItem\",\"position\":2,\"name\":\"Post-Graduation\",\"item\":\"https:\\\/\\\/www.ummto.dz\\\/fgc\\\/post-graduation\\\/\"},{\"@type\":\"ListItem\",\"position\":3,\"name\":\"Conseil scientifique de Facult\u00e9\"}]},{\"@type\":\"WebSite\",\"@id\":\"https:\\\/\\\/www.ummto.dz\\\/fgc\\\/#website\",\"url\":\"https:\\\/\\\/www.ummto.dz\\\/fgc\\\/\",\"name\":\"Facult\u00e9 de G\u00e9nie de la Construction\",\"description\":\"Facult\u00e9 de G\u00e9nie de la Construction\",\"potentialAction\":[{\"@type\":\"SearchAction\",\"target\":{\"@type\":\"EntryPoint\",\"urlTemplate\":\"https:\\\/\\\/www.ummto.dz\\\/fgc\\\/?s={search_term_string}\"},\"query-input\":{\"@type\":\"PropertyValueSpecification\",\"valueRequired\":true,\"valueName\":\"search_term_string\"}}],\"inLanguage\":\"fr-FR\"}]}<\/script>\n<!-- \/ Yoast SEO plugin. -->","yoast_head_json":{"title":"Conseil scientifique de Facult\u00e9 - Facult\u00e9 de G\u00e9nie de la Construction","description":"Conseil scientifique de facult\u00e9","robots":{"index":"index","follow":"follow","max-snippet":"max-snippet:-1","max-image-preview":"max-image-preview:large","max-video-preview":"max-video-preview:-1"},"canonical":"https:\/\/www.ummto.dz\/fgc\/post-graduation\/conseil-scientifique-de-faculte\/","og_locale":"fr_FR","og_type":"article","og_title":"Conseil scientifique de Facult\u00e9 - Facult\u00e9 de G\u00e9nie de la Construction","og_description":"Conseil scientifique de facult\u00e9","og_url":"https:\/\/www.ummto.dz\/fgc\/post-graduation\/conseil-scientifique-de-faculte\/","og_site_name":"Facult\u00e9 de G\u00e9nie de la Construction","article_modified_time":"2024-12-04T13:43:11+00:00","twitter_card":"summary_large_image","twitter_misc":{"Dur\u00e9e de lecture estim\u00e9e":"1 minute"},"schema":{"@context":"https:\/\/schema.org","@graph":[{"@type":"WebPage","@id":"https:\/\/www.ummto.dz\/fgc\/post-graduation\/conseil-scientifique-de-faculte\/","url":"https:\/\/www.ummto.dz\/fgc\/post-graduation\/conseil-scientifique-de-faculte\/","name":"Conseil scientifique de Facult\u00e9 - Facult\u00e9 de G\u00e9nie de la Construction","isPartOf":{"@id":"https:\/\/www.ummto.dz\/fgc\/#website"},"datePublished":"2018-06-27T08:58:45+00:00","dateModified":"2024-12-04T13:43:11+00:00","description":"Conseil scientifique de facult\u00e9","breadcrumb":{"@id":"https:\/\/www.ummto.dz\/fgc\/post-graduation\/conseil-scientifique-de-faculte\/#breadcrumb"},"inLanguage":"fr-FR","potentialAction":[{"@type":"ReadAction","target":["https:\/\/www.ummto.dz\/fgc\/post-graduation\/conseil-scientifique-de-faculte\/"]}]},{"@type":"BreadcrumbList","@id":"https:\/\/www.ummto.dz\/fgc\/post-graduation\/conseil-scientifique-de-faculte\/#breadcrumb","itemListElement":[{"@type":"ListItem","position":1,"name":"Accueil","item":"https:\/\/www.ummto.dz\/fgc\/"},{"@type":"ListItem","position":2,"name":"Post-Graduation","item":"https:\/\/www.ummto.dz\/fgc\/post-graduation\/"},{"@type":"ListItem","position":3,"name":"Conseil scientifique de Facult\u00e9"}]},{"@type":"WebSite","@id":"https:\/\/www.ummto.dz\/fgc\/#website","url":"https:\/\/www.ummto.dz\/fgc\/","name":"Facult\u00e9 de G\u00e9nie de la Construction","description":"Facult\u00e9 de G\u00e9nie de la Construction","potentialAction":[{"@type":"SearchAction","target":{"@type":"EntryPoint","urlTemplate":"https:\/\/www.ummto.dz\/fgc\/?s={search_term_string}"},"query-input":{"@type":"PropertyValueSpecification","valueRequired":true,"valueName":"search_term_string"}}],"inLanguage":"fr-FR"}]}},"_links":{"self":[{"href":"https:\/\/www.ummto.dz\/fgc\/wp-json\/wp\/v2\/pages\/352","targetHints":{"allow":["GET"]}}],"collection":[{"href":"https:\/\/www.ummto.dz\/fgc\/wp-json\/wp\/v2\/pages"}],"about":[{"href":"https:\/\/www.ummto.dz\/fgc\/wp-json\/wp\/v2\/types\/page"}],"author":[{"embeddable":true,"href":"https:\/\/www.ummto.dz\/fgc\/wp-json\/wp\/v2\/users\/1"}],"replies":[{"embeddable":true,"href":"https:\/\/www.ummto.dz\/fgc\/wp-json\/wp\/v2\/comments?post=352"}],"version-history":[{"count":9,"href":"https:\/\/www.ummto.dz\/fgc\/wp-json\/wp\/v2\/pages\/352\/revisions"}],"predecessor-version":[{"id":14048,"href":"https:\/\/www.ummto.dz\/fgc\/wp-json\/wp\/v2\/pages\/352\/revisions\/14048"}],"up":[{"embeddable":true,"href":"https:\/\/www.ummto.dz\/fgc\/wp-json\/wp\/v2\/pages\/215"}],"wp:attachment":[{"href":"https:\/\/www.ummto.dz\/fgc\/wp-json\/wp\/v2\/media?parent=352"}],"curies":[{"name":"wp","href":"https:\/\/api.w.org\/{rel}","templated":true}]}}