{"id":3520,"date":"2021-11-22T17:22:15","date_gmt":"2021-11-22T16:22:15","guid":{"rendered":"https:\/\/www.ummto.dz\/fgc\/?page_id=3520"},"modified":"2023-01-16T14:27:10","modified_gmt":"2023-01-16T13:27:10","slug":"3-cycle-lmd","status":"publish","type":"page","link":"https:\/\/www.ummto.dz\/fgc\/post-graduation\/soutenance\/3-cycle-lmd\/","title":{"rendered":"3\u00b0 cycle LMD"},"content":{"rendered":"<p>[et_pb_section fb_built=\u00a0\u00bb1&Prime; _builder_version=\u00a0\u00bb4.17.4&Prime; _module_preset=\u00a0\u00bbdefault\u00a0\u00bb global_colors_info=\u00a0\u00bb{}\u00a0\u00bb][et_pb_row column_structure=\u00a0\u00bb2_3,1_3&Prime; _builder_version=\u00a0\u00bb4.17.4&Prime; _module_preset=\u00a0\u00bbdefault\u00a0\u00bb global_colors_info=\u00a0\u00bb{}\u00a0\u00bb][et_pb_column type=\u00a0\u00bb2_3&Prime; _builder_version=\u00a0\u00bb4.17.4&Prime; _module_preset=\u00a0\u00bbdefault\u00a0\u00bb global_colors_info=\u00a0\u00bb{}\u00a0\u00bb][et_pb_gallery gallery_ids=\u00a0\u00bb6534,6550,8387&Prime; fullwidth=\u00a0\u00bbon\u00a0\u00bb _builder_version=\u00a0\u00bb4.19.4&Prime; _module_preset=\u00a0\u00bbdefault\u00a0\u00bb hover_enabled=\u00a0\u00bb0&Prime; global_colors_info=\u00a0\u00bb{}\u00a0\u00bb box_shadow_style=\u00a0\u00bbpreset6&Prime; sticky_enabled=\u00a0\u00bb0&Prime;][\/et_pb_gallery][\/et_pb_column][et_pb_column type=\u00a0\u00bb1_3&Prime; _builder_version=\u00a0\u00bb4.17.4&Prime; _module_preset=\u00a0\u00bbdefault\u00a0\u00bb global_colors_info=\u00a0\u00bb{}\u00a0\u00bb][et_pb_text _builder_version=\u00a0\u00bb4.17.4&Prime; _module_preset=\u00a0\u00bbdefault\u00a0\u00bb custom_margin=\u00a0\u00bb2px|2px|2px|2px|false|false\u00a0\u00bb custom_padding=\u00a0\u00bb2px|2px|2px|2px|false|false\u00a0\u00bb border_radii=\u00a0\u00bbon|2px|2px|2px|2px\u00a0\u00bb border_width_all=\u00a0\u00bb2px\u00a0\u00bb border_style_all=\u00a0\u00bbridge\u00a0\u00bb global_colors_info=\u00a0\u00bb{}\u00a0\u00bb]<\/p>\n<p style=\"text-align: center\"><em><strong>Articles du jour<\/strong><\/em><\/p>\n<p style=\"text-align: center\"><em><strong><\/strong><\/em><\/p>\n<p style=\"text-align: center\"><em><strong><\/strong><\/em><\/p>\n<p style=\"text-align: center\"><em><strong><\/strong><\/em><\/p>\n<p style=\"text-align: center\"><em><strong><\/strong><\/em><\/p>\n<p>[\/et_pb_text][et_pb_post_slider include_categories=\u00a0\u00bb58&Prime; _builder_version=\u00a0\u00bb4.17.4&Prime; _module_preset=\u00a0\u00bbdefault\u00a0\u00bb min_height=\u00a0\u00bb545.3px\u00a0\u00bb custom_padding=\u00a0\u00bb||0px|||\u00a0\u00bb global_colors_info=\u00a0\u00bb{}\u00a0\u00bb][\/et_pb_post_slider][\/et_pb_column][\/et_pb_row][\/et_pb_section]<\/p>\n","protected":false},"excerpt":{"rendered":"<p>Articles du jour<\/p>\n","protected":false},"author":1,"featured_media":0,"parent":349,"menu_order":0,"comment_status":"closed","ping_status":"closed","template":"","meta":{"_et_pb_use_builder":"on","_et_pb_old_content":"","_et_gb_content_width":"","footnotes":""},"class_list":["post-3520","page","type-page","status-publish","hentry"],"yoast_head":"<!-- This site is optimized with the Yoast SEO plugin v27.2 - https:\/\/yoast.com\/product\/yoast-seo-wordpress\/ -->\n<title>3\u00b0 cycle LMD - Facult\u00e9 de G\u00e9nie de la Construction<\/title>\n<meta name=\"robots\" content=\"index, follow, max-snippet:-1, max-image-preview:large, max-video-preview:-1\" \/>\n<link rel=\"canonical\" href=\"https:\/\/www.ummto.dz\/fgc\/post-graduation\/soutenance\/3-cycle-lmd\/\" \/>\n<meta property=\"og:locale\" content=\"fr_FR\" \/>\n<meta property=\"og:type\" content=\"article\" \/>\n<meta property=\"og:title\" content=\"3\u00b0 cycle LMD - Facult\u00e9 de G\u00e9nie de la Construction\" \/>\n<meta property=\"og:description\" content=\"Articles du jour\" \/>\n<meta property=\"og:url\" content=\"https:\/\/www.ummto.dz\/fgc\/post-graduation\/soutenance\/3-cycle-lmd\/\" \/>\n<meta property=\"og:site_name\" content=\"Facult\u00e9 de G\u00e9nie de la Construction\" \/>\n<meta property=\"article:modified_time\" content=\"2023-01-16T13:27:10+00:00\" \/>\n<meta name=\"twitter:card\" content=\"summary_large_image\" \/>\n<meta name=\"twitter:label1\" content=\"Dur\u00e9e de lecture estim\u00e9e\" \/>\n\t<meta name=\"twitter:data1\" content=\"1 minute\" \/>\n<script type=\"application\/ld+json\" class=\"yoast-schema-graph\">{\"@context\":\"https:\/\/schema.org\",\"@graph\":[{\"@type\":\"WebPage\",\"@id\":\"https:\/\/www.ummto.dz\/fgc\/post-graduation\/soutenance\/3-cycle-lmd\/\",\"url\":\"https:\/\/www.ummto.dz\/fgc\/post-graduation\/soutenance\/3-cycle-lmd\/\",\"name\":\"3\u00b0 cycle LMD - Facult\u00e9 de G\u00e9nie de la Construction\",\"isPartOf\":{\"@id\":\"https:\/\/www.ummto.dz\/fgc\/#website\"},\"datePublished\":\"2021-11-22T16:22:15+00:00\",\"dateModified\":\"2023-01-16T13:27:10+00:00\",\"breadcrumb\":{\"@id\":\"https:\/\/www.ummto.dz\/fgc\/post-graduation\/soutenance\/3-cycle-lmd\/#breadcrumb\"},\"inLanguage\":\"fr-FR\",\"potentialAction\":[{\"@type\":\"ReadAction\",\"target\":[\"https:\/\/www.ummto.dz\/fgc\/post-graduation\/soutenance\/3-cycle-lmd\/\"]}]},{\"@type\":\"BreadcrumbList\",\"@id\":\"https:\/\/www.ummto.dz\/fgc\/post-graduation\/soutenance\/3-cycle-lmd\/#breadcrumb\",\"itemListElement\":[{\"@type\":\"ListItem\",\"position\":1,\"name\":\"Accueil\",\"item\":\"https:\/\/www.ummto.dz\/fgc\/\"},{\"@type\":\"ListItem\",\"position\":2,\"name\":\"Post-Graduation\",\"item\":\"https:\/\/www.ummto.dz\/fgc\/post-graduation\/\"},{\"@type\":\"ListItem\",\"position\":3,\"name\":\"Soutenances\",\"item\":\"https:\/\/www.ummto.dz\/fgc\/post-graduation\/soutenance\/\"},{\"@type\":\"ListItem\",\"position\":4,\"name\":\"3\u00b0 cycle LMD\"}]},{\"@type\":\"WebSite\",\"@id\":\"https:\/\/www.ummto.dz\/fgc\/#website\",\"url\":\"https:\/\/www.ummto.dz\/fgc\/\",\"name\":\"Facult\u00e9 de G\u00e9nie de la Construction\",\"description\":\"Facult\u00e9 de G\u00e9nie de la Construction\",\"potentialAction\":[{\"@type\":\"SearchAction\",\"target\":{\"@type\":\"EntryPoint\",\"urlTemplate\":\"https:\/\/www.ummto.dz\/fgc\/?s={search_term_string}\"},\"query-input\":{\"@type\":\"PropertyValueSpecification\",\"valueRequired\":true,\"valueName\":\"search_term_string\"}}],\"inLanguage\":\"fr-FR\"}]}<\/script>\n<!-- \/ Yoast SEO plugin. -->","yoast_head_json":{"title":"3\u00b0 cycle LMD - Facult\u00e9 de G\u00e9nie de la Construction","robots":{"index":"index","follow":"follow","max-snippet":"max-snippet:-1","max-image-preview":"max-image-preview:large","max-video-preview":"max-video-preview:-1"},"canonical":"https:\/\/www.ummto.dz\/fgc\/post-graduation\/soutenance\/3-cycle-lmd\/","og_locale":"fr_FR","og_type":"article","og_title":"3\u00b0 cycle LMD - Facult\u00e9 de G\u00e9nie de la Construction","og_description":"Articles du jour","og_url":"https:\/\/www.ummto.dz\/fgc\/post-graduation\/soutenance\/3-cycle-lmd\/","og_site_name":"Facult\u00e9 de G\u00e9nie de la Construction","article_modified_time":"2023-01-16T13:27:10+00:00","twitter_card":"summary_large_image","twitter_misc":{"Dur\u00e9e de lecture estim\u00e9e":"1 minute"},"schema":{"@context":"https:\/\/schema.org","@graph":[{"@type":"WebPage","@id":"https:\/\/www.ummto.dz\/fgc\/post-graduation\/soutenance\/3-cycle-lmd\/","url":"https:\/\/www.ummto.dz\/fgc\/post-graduation\/soutenance\/3-cycle-lmd\/","name":"3\u00b0 cycle LMD - Facult\u00e9 de G\u00e9nie de la Construction","isPartOf":{"@id":"https:\/\/www.ummto.dz\/fgc\/#website"},"datePublished":"2021-11-22T16:22:15+00:00","dateModified":"2023-01-16T13:27:10+00:00","breadcrumb":{"@id":"https:\/\/www.ummto.dz\/fgc\/post-graduation\/soutenance\/3-cycle-lmd\/#breadcrumb"},"inLanguage":"fr-FR","potentialAction":[{"@type":"ReadAction","target":["https:\/\/www.ummto.dz\/fgc\/post-graduation\/soutenance\/3-cycle-lmd\/"]}]},{"@type":"BreadcrumbList","@id":"https:\/\/www.ummto.dz\/fgc\/post-graduation\/soutenance\/3-cycle-lmd\/#breadcrumb","itemListElement":[{"@type":"ListItem","position":1,"name":"Accueil","item":"https:\/\/www.ummto.dz\/fgc\/"},{"@type":"ListItem","position":2,"name":"Post-Graduation","item":"https:\/\/www.ummto.dz\/fgc\/post-graduation\/"},{"@type":"ListItem","position":3,"name":"Soutenances","item":"https:\/\/www.ummto.dz\/fgc\/post-graduation\/soutenance\/"},{"@type":"ListItem","position":4,"name":"3\u00b0 cycle LMD"}]},{"@type":"WebSite","@id":"https:\/\/www.ummto.dz\/fgc\/#website","url":"https:\/\/www.ummto.dz\/fgc\/","name":"Facult\u00e9 de G\u00e9nie de la Construction","description":"Facult\u00e9 de G\u00e9nie de la Construction","potentialAction":[{"@type":"SearchAction","target":{"@type":"EntryPoint","urlTemplate":"https:\/\/www.ummto.dz\/fgc\/?s={search_term_string}"},"query-input":{"@type":"PropertyValueSpecification","valueRequired":true,"valueName":"search_term_string"}}],"inLanguage":"fr-FR"}]}},"_links":{"self":[{"href":"https:\/\/www.ummto.dz\/fgc\/wp-json\/wp\/v2\/pages\/3520","targetHints":{"allow":["GET"]}}],"collection":[{"href":"https:\/\/www.ummto.dz\/fgc\/wp-json\/wp\/v2\/pages"}],"about":[{"href":"https:\/\/www.ummto.dz\/fgc\/wp-json\/wp\/v2\/types\/page"}],"author":[{"embeddable":true,"href":"https:\/\/www.ummto.dz\/fgc\/wp-json\/wp\/v2\/users\/1"}],"replies":[{"embeddable":true,"href":"https:\/\/www.ummto.dz\/fgc\/wp-json\/wp\/v2\/comments?post=3520"}],"version-history":[{"count":8,"href":"https:\/\/www.ummto.dz\/fgc\/wp-json\/wp\/v2\/pages\/3520\/revisions"}],"predecessor-version":[{"id":8388,"href":"https:\/\/www.ummto.dz\/fgc\/wp-json\/wp\/v2\/pages\/3520\/revisions\/8388"}],"up":[{"embeddable":true,"href":"https:\/\/www.ummto.dz\/fgc\/wp-json\/wp\/v2\/pages\/349"}],"wp:attachment":[{"href":"https:\/\/www.ummto.dz\/fgc\/wp-json\/wp\/v2\/media?parent=3520"}],"curies":[{"name":"wp","href":"https:\/\/api.w.org\/{rel}","templated":true}]}}