{"id":362,"date":"2018-06-27T11:00:39","date_gmt":"2018-06-27T09:00:39","guid":{"rendered":"http:\/\/fgei.ummto.dz\/?page_id=362"},"modified":"2022-10-09T16:02:24","modified_gmt":"2022-10-09T14:02:24","slug":"doctorat-lmd","status":"publish","type":"page","link":"https:\/\/www.ummto.dz\/fgc\/post-graduation\/inscription\/doctorat-lmd\/","title":{"rendered":"Doctorat LMD"},"content":{"rendered":"<p>[et_pb_section fb_built=\u00a0\u00bb1&Prime; _builder_version=\u00a0\u00bb4.18.0&Prime; _module_preset=\u00a0\u00bbdefault\u00a0\u00bb global_colors_info=\u00a0\u00bb{}\u00a0\u00bb][et_pb_row column_structure=\u00a0\u00bb3_4,1_4&Prime; _builder_version=\u00a0\u00bb4.18.0&Prime; _module_preset=\u00a0\u00bbdefault\u00a0\u00bb width=\u00a0\u00bb100%\u00a0\u00bb min_height=\u00a0\u00bb258px\u00a0\u00bb border_radii=\u00a0\u00bbon|1px|1px|1px|1px\u00a0\u00bb border_width_all=\u00a0\u00bb1px\u00a0\u00bb border_style_all=\u00a0\u00bbinset\u00a0\u00bb global_colors_info=\u00a0\u00bb{}\u00a0\u00bb][et_pb_column type=\u00a0\u00bb3_4&Prime; _builder_version=\u00a0\u00bb4.18.0&Prime; _module_preset=\u00a0\u00bbdefault\u00a0\u00bb global_colors_info=\u00a0\u00bb{}\u00a0\u00bb][et_pb_text _builder_version=\u00a0\u00bb4.18.0&Prime; _module_preset=\u00a0\u00bbdefault\u00a0\u00bb custom_padding=\u00a0\u00bb12px||||false|false\u00a0\u00bb box_shadow_style=\u00a0\u00bbpreset6&Prime; box_shadow_color=\u00a0\u00bb#0C71C3&Prime; global_colors_info=\u00a0\u00bb{}\u00a0\u00bb]<\/p>\n<h4 style=\"text-align: center\">Inscription \/ r\u00e9inscription en Doctorat LMD<\/h4>\n<p>[\/et_pb_text][et_pb_text _builder_version=\u00a0\u00bb4.18.0&Prime; _module_preset=\u00a0\u00bbdefault\u00a0\u00bb custom_padding=\u00a0\u00bb0px|||18px|false|false\u00a0\u00bb global_colors_info=\u00a0\u00bb{}\u00a0\u00bb]<\/p>\n<p style=\"text-align: center\"><strong>\u00a0 Constitution<\/strong><strong>\u00a0<\/strong><strong>du<\/strong><strong>\u00a0<\/strong><strong>dossier<\/strong><strong>\u00a0<\/strong><strong>d\u2019inscription<\/strong><\/p>\n<p style=\"text-align: center\"><strong>en<\/strong><strong>\u00a0<\/strong><strong>premi\u00e8re<\/strong><strong>\u00a0<\/strong><strong>ann\u00e9e<\/strong><strong>\u00a0<\/strong><strong>Doctorat<\/strong><strong>\u00a0<\/strong><strong>Es Science<\/strong><strong>\u00a0<\/strong><strong>et<\/strong><strong>\u00a0<\/strong><strong>LMD<\/strong><\/p>\n<p style=\"text-align: center\">\u00a0<strong>(Deux<\/strong><strong>\u00a0<\/strong><strong>exemplaires<\/strong><strong>\u00a0<\/strong><strong>:<\/strong><strong>\u00a0<\/strong><strong>original<\/strong><strong>\u00a0<\/strong><strong>+<\/strong><strong>\u00a0<\/strong><strong>copie).<\/strong><\/p>\n<p>&nbsp;<\/p>\n<ol>\n<li>Formulaired\u2019inscription en 1\u00e8re ann\u00e9e Doctorat LMD 2022\/2023 vis\u00e9 par le directeur de th\u00e8se et le co-directeur s\u2019il y\u2019a lieu, le CSD, le CSF et le Doyen.<\/li>\n<\/ol>\n<p><span style=\"color: #999999\"><a href=\"https:\/\/www.ummto.dz\/fgc\/wp-content\/uploads\/2022\/10\/formulaire-dinscription-doctorat.pdf\" target=\"_blank\" rel=\"noopener\" title=\"formulaire d'inscription\">Formulaire en t\u00e9l\u00e9chargement<\/a> ou fourni par l\u2019administration (veuillez indiquer le num\u00e9ro de t\u00e9l\u00e9phone, l\u2019email\u00a0 \u00a0 \u00a0 \u00a0 \u00a0 \u00a0 \u00a0 \u00a0 \u00a0 \u00a0 \u00a0ainsi que la photo \u00e0 coller sur chaque exemplaire).<\/span><\/p>\n<ol start=\"2\">\n<li>D\u00e9claration sur l\u2019honneur de non inscription en doctorat.<\/li>\n<\/ol>\n<p><span style=\"color: #999999\"><a href=\"https:\/\/www.ummto.dz\/fgc\/wp-content\/uploads\/2022\/10\/Declaration-sur-lhonneur-de-non-inscription-en-poste-graduation.pdf\" target=\"_blank\" rel=\"noopener\" title=\"D\u00e9claration sur l'honneur\">A t\u00e9l\u00e9charger ici<\/a> ou fourni par l\u2019administration \u00e0 l\u00e9galiser.<\/span><\/p>\n<ol start=\"3\">\n<li>Attestation du<strong>\u00a0<\/strong><strong>BAC<\/strong>,\u00a01er\u00a0cycle\u00a0(Licence),\u00a02\u00e8me\u00a0cycle\u00a0(original\u00a0du\u00a0Master\u00a0et\u00a0une\u00a0copie)<\/li>\n<\/ol>\n<p><span style=\"color: #999999\">Joindre \u00e9quivalence de tout dipl\u00f4me obtenu \u00e0 l\u2019\u00e9tranger.<\/span><\/p>\n<ol start=\"4\">\n<li>Autorisation de l\u2019employeur pour les candidats salari\u00e9s.<\/li>\n<li>Attestation de non activit\u00e9 salariale pour les candidats non-salari\u00e9s.<\/li>\n<li>Acte de naissance r\u00e9cent (N\u00b012 de pr\u00e9f\u00e9rence).<\/li>\n<li>02 photos d\u2019identit\u00e9 (nom, pr\u00e9nom au verso)<\/li>\n<li>Original du plan de travail d\u00e9taill\u00e9, dat\u00e9 et sign\u00e9 par le Directeur de th\u00e8se et le co-directeur s\u2019il y\u2019a lieu.<\/li>\n<li>CV du Directeur de th\u00e8se et du co-directeur de th\u00e8se s\u2019il y\u2019a lieu.<\/li>\n<li>Attestation de co-direction de th\u00e8se vis\u00e9e par les deux directeurs.<\/li>\n<li>Engagement\u00a0 \u00a0(<a href=\"https:\/\/www.ummto.dz\/fgc\/wp-content\/uploads\/2022\/10\/Engagement.pdf\" target=\"_blank\" rel=\"noopener\" title=\"Engagement\">\u00e0\u00a0t\u00e9l\u00e9charger<\/a>).<\/li>\n<li>Fiche d\u2019identification du sujet de recherche.<\/li>\n<\/ol>\n<p><span style=\"color: #999999\">Fournie par l\u2019administration, elle doit \u00eatre saisie sur micro et imprim\u00e9e par l\u2019\u00e9tudiant.<\/span><\/p>\n<ol start=\"13\">\n<li>Carnet du Doctorant sign\u00e9 et vis\u00e9 par les diff\u00e9rents partenaires (la charte de th\u00e8se)<\/li>\n<\/ol>\n<p><span style=\"color: #999999\">(Document fourni par l\u2019administration)<\/span><\/p>\n<ol start=\"14\">\n<li>Droits d\u2019inscription (mandat carte <a href=\"https:\/\/www.ummto.dz\/fgc\/wp-content\/uploads\/2022\/10\/mandat_CCP-FGC_22-23-scaled.webp\">\u00e0 t\u00e9l\u00e9charger ici<\/a>)<\/li>\n<li>Relev\u00e9 de notes de tous le cursus avec pr\u00e9cision des sessions (Licence, Master)<\/li>\n<\/ol>\n<p>&nbsp;<\/p>\n<p><strong>NB<\/strong><strong>\u00a0<\/strong><strong>:<\/strong><strong>\u00a0<\/strong><strong>Tout<\/strong><strong>\u00a0<\/strong><strong>laur\u00e9at<\/strong><strong>\u00a0<\/strong><strong>de<\/strong><strong>\u00a0<\/strong><strong>nationalis\u00e9<\/strong><strong>\u00a0<\/strong><strong>\u00e9trang\u00e8re<\/strong><strong>\u00a0<\/strong><strong>est<\/strong><strong>\u00a0<\/strong><strong>tenu<\/strong><strong>\u00a0<\/strong><strong>de<\/strong><strong>\u00a0<\/strong><strong>pr\u00e9senter<\/strong><strong>\u00a0<\/strong><strong>une<\/strong><strong>\u00a0<\/strong><strong>autorisation<\/strong><strong>\u00a0<\/strong><strong>de<\/strong><strong>\u00a0<\/strong><strong>la<\/strong><\/p>\n<p><strong>direction<\/strong><strong>\u00a0<\/strong><strong>de<\/strong><strong>\u00a0<\/strong><strong>la<\/strong><strong>\u00a0<\/strong><strong>coop\u00e9ration<\/strong><strong>\u00a0<\/strong><strong>et<\/strong><strong>\u00a0<\/strong><strong>des<\/strong><strong>\u00a0<\/strong><strong>\u00e9changes<\/strong><strong>\u00a0<\/strong><strong>inter<\/strong><strong>\u00a0<\/strong><strong>universitaires<\/strong><strong>\u00a0<\/strong><strong>du<\/strong><strong>\u00a0<\/strong><strong>Ministre<\/strong><strong>\u00a0<\/strong><strong>Alg\u00e9rien<\/strong><strong>\u00a0<\/strong><strong>de<\/strong><\/p>\n<p><strong>l\u2019Enseignement<\/strong><strong>\u00a0<\/strong><strong>Sup\u00e9rieur.<\/strong><\/p>\n<p>&nbsp;<\/p>\n<p>[\/et_pb_text][\/et_pb_column][et_pb_column type=\u00a0\u00bb1_4&Prime; _builder_version=\u00a0\u00bb4.18.0&Prime; _module_preset=\u00a0\u00bbdefault\u00a0\u00bb global_colors_info=\u00a0\u00bb{}\u00a0\u00bb][et_pb_text _builder_version=\u00a0\u00bb4.18.0&Prime; _module_preset=\u00a0\u00bbdefault\u00a0\u00bb custom_margin=\u00a0\u00bb|||2px|false|false\u00a0\u00bb custom_padding=\u00a0\u00bb|||8px|false|false\u00a0\u00bb box_shadow_style=\u00a0\u00bbpreset2&Prime; global_colors_info=\u00a0\u00bb{}\u00a0\u00bb]<\/p>\n<h4 style=\"text-align: center\"><span style=\"text-decoration: underline;color: #0000ff\"><em><strong>Post Graduation<\/strong><\/em><\/span><\/h4>\n<ul>\n<li>Concours d&rsquo;acc\u00e8s en doctorat<\/li>\n<li><a href=\"https:\/\/www.ummto.dz\/fgc\/post-graduation\/inscription\/doctorat-classique\/\" title=\"Doctorat classique\">Inscription \/ r\u00e9inscription en doctorat Classique<\/a><\/li>\n<li><a href=\"https:\/\/www.ummto.dz\/fgc\/post-graduation\/inscription\/doctorat-lmd\/\" title=\"Doctorat LMD\">Inscription \/ r\u00e9inscription en doctorat LMD<\/a><\/li>\n<li>Soutenance doctorat Es Sciences<\/li>\n<li>Soutenance doctorat 3eme Cycle<\/li>\n<li>Dossier Habilitation<\/li>\n<li>Dossier bourse<\/li>\n<li>Dossier Dipl\u00f4me<\/li>\n<li>Dossier de transfert<\/li>\n<\/ul>\n<p>[\/et_pb_text][et_pb_text _builder_version=\u00a0\u00bb4.18.0&Prime; _module_preset=\u00a0\u00bbdefault\u00a0\u00bb custom_margin=\u00a0\u00bb|||2px|false|false\u00a0\u00bb custom_padding=\u00a0\u00bb|||8px|false|false\u00a0\u00bb hover_enabled=\u00a0\u00bb0&Prime; box_shadow_style=\u00a0\u00bbpreset2&Prime; global_colors_info=\u00a0\u00bb{}\u00a0\u00bb sticky_enabled=\u00a0\u00bb0&Prime;]<\/p>\n<h4 style=\"text-align: center\"><span style=\"text-decoration: underline;color: #0000ff\"><em><strong>Post Graduation<\/strong><\/em><\/span><\/h4>\n<p style=\"text-align: center\"><span style=\"text-decoration: underline;color: #0000ff\"><em><strong>Liste des documents \u00e0 t\u00e9lecharger<\/strong><\/em><\/span><\/p>\n<p style=\"text-align: center\"><span style=\"text-decoration: underline;color: #0000ff\"><em><strong><\/strong><\/em><\/span><\/p>\n<ul>\n<li><span style=\"color: #999999\"><a href=\"https:\/\/www.ummto.dz\/fgc\/wp-content\/uploads\/2022\/10\/formulaire-dinscription-doctorat.pdf\" target=\"_blank\" rel=\"noopener\" title=\"formulaire d'inscription\">Formulaire d&rsquo;inscription<\/a><\/span><\/li>\n<li><span style=\"color: #999999\"><a href=\"https:\/\/www.ummto.dz\/fgc\/wp-content\/uploads\/2022\/10\/Declaration-sur-lhonneur-de-non-inscription-en-poste-graduation.pdf\" target=\"_blank\" rel=\"noopener\" title=\"D\u00e9claration sur l'honneur\">D\u00e9claration sur l&rsquo;honneur<\/a><\/span><\/li>\n<li><a href=\"https:\/\/www.ummto.dz\/fgc\/wp-content\/uploads\/2022\/10\/Engagement.pdf\" target=\"_blank\" rel=\"noopener\" title=\"Engagement\">Engagement<\/a><\/li>\n<li><a href=\"https:\/\/www.ummto.dz\/fgc\/wp-content\/uploads\/2022\/10\/mandat_CCP-FGC_22-23-scaled.jpg\">Mandat carte doctorant<\/a><\/li>\n<li><a href=\"https:\/\/www.ummto.dz\/fgc\/wp-content\/uploads\/2022\/10\/identification-du-sujet-1.pdf\">Fiche d&rsquo;identification de sujet<\/a><\/li>\n<li><\/li>\n<\/ul>\n<p>[\/et_pb_text][\/et_pb_column][\/et_pb_row][\/et_pb_section]<\/p>\n","protected":false},"excerpt":{"rendered":"<p>Inscription \/ r\u00e9inscription en Doctorat LMD\u00a0 Constitution\u00a0du\u00a0dossier\u00a0d\u2019inscription en\u00a0premi\u00e8re\u00a0ann\u00e9e\u00a0Doctorat\u00a0Es Science\u00a0et\u00a0LMD \u00a0(Deux\u00a0exemplaires\u00a0:\u00a0original\u00a0+\u00a0copie). &nbsp; Formulaired\u2019inscription en 1\u00e8re ann\u00e9e Doctorat LMD 2022\/2023 vis\u00e9 par le directeur de th\u00e8se et le co-directeur s\u2019il y\u2019a lieu, le CSD, le CSF et le Doyen. Formulaire en t\u00e9l\u00e9chargement ou fourni par l\u2019administration (veuillez indiquer le num\u00e9ro de t\u00e9l\u00e9phone, l\u2019email\u00a0 \u00a0 \u00a0 \u00a0 \u00a0 [&hellip;]<\/p>\n","protected":false},"author":1,"featured_media":0,"parent":347,"menu_order":0,"comment_status":"closed","ping_status":"closed","template":"","meta":{"_et_pb_use_builder":"on","_et_pb_old_content":"","_et_gb_content_width":"","footnotes":""},"class_list":["post-362","page","type-page","status-publish","hentry"],"yoast_head":"<!-- This site is optimized with the Yoast SEO plugin v27.3 - https:\/\/yoast.com\/product\/yoast-seo-wordpress\/ -->\n<title>Doctorat LMD - Facult\u00e9 de G\u00e9nie de la Construction<\/title>\n<meta name=\"description\" content=\"Doctorat LMD post graduation Facult\u00e9 du G\u00e9nie de la Construction Universit\u00e9 Mouloud MAMMERI de Tizi Ouzou\" \/>\n<meta name=\"robots\" content=\"index, follow, max-snippet:-1, max-image-preview:large, max-video-preview:-1\" \/>\n<link rel=\"canonical\" href=\"https:\/\/www.ummto.dz\/fgc\/post-graduation\/inscription\/doctorat-lmd\/\" \/>\n<meta property=\"og:locale\" content=\"fr_FR\" \/>\n<meta property=\"og:type\" content=\"article\" \/>\n<meta property=\"og:title\" content=\"Doctorat LMD - Facult\u00e9 de G\u00e9nie de la Construction\" \/>\n<meta property=\"og:description\" content=\"Doctorat LMD post graduation Facult\u00e9 du G\u00e9nie de la Construction Universit\u00e9 Mouloud MAMMERI de Tizi Ouzou\" \/>\n<meta property=\"og:url\" content=\"https:\/\/www.ummto.dz\/fgc\/post-graduation\/inscription\/doctorat-lmd\/\" \/>\n<meta property=\"og:site_name\" content=\"Facult\u00e9 de G\u00e9nie de la Construction\" \/>\n<meta property=\"article:modified_time\" content=\"2022-10-09T14:02:24+00:00\" \/>\n<meta name=\"twitter:card\" content=\"summary_large_image\" \/>\n<script type=\"application\/ld+json\" class=\"yoast-schema-graph\">{\"@context\":\"https:\\\/\\\/schema.org\",\"@graph\":[{\"@type\":\"WebPage\",\"@id\":\"https:\\\/\\\/www.ummto.dz\\\/fgc\\\/post-graduation\\\/inscription\\\/doctorat-lmd\\\/\",\"url\":\"https:\\\/\\\/www.ummto.dz\\\/fgc\\\/post-graduation\\\/inscription\\\/doctorat-lmd\\\/\",\"name\":\"Doctorat LMD - Facult\u00e9 de G\u00e9nie de la Construction\",\"isPartOf\":{\"@id\":\"https:\\\/\\\/www.ummto.dz\\\/fgc\\\/#website\"},\"datePublished\":\"2018-06-27T09:00:39+00:00\",\"dateModified\":\"2022-10-09T14:02:24+00:00\",\"description\":\"Doctorat LMD post graduation Facult\u00e9 du G\u00e9nie de la Construction Universit\u00e9 Mouloud MAMMERI de Tizi Ouzou\",\"breadcrumb\":{\"@id\":\"https:\\\/\\\/www.ummto.dz\\\/fgc\\\/post-graduation\\\/inscription\\\/doctorat-lmd\\\/#breadcrumb\"},\"inLanguage\":\"fr-FR\",\"potentialAction\":[{\"@type\":\"ReadAction\",\"target\":[\"https:\\\/\\\/www.ummto.dz\\\/fgc\\\/post-graduation\\\/inscription\\\/doctorat-lmd\\\/\"]}]},{\"@type\":\"BreadcrumbList\",\"@id\":\"https:\\\/\\\/www.ummto.dz\\\/fgc\\\/post-graduation\\\/inscription\\\/doctorat-lmd\\\/#breadcrumb\",\"itemListElement\":[{\"@type\":\"ListItem\",\"position\":1,\"name\":\"Accueil\",\"item\":\"https:\\\/\\\/www.ummto.dz\\\/fgc\\\/\"},{\"@type\":\"ListItem\",\"position\":2,\"name\":\"Post-Graduation\",\"item\":\"https:\\\/\\\/www.ummto.dz\\\/fgc\\\/post-graduation\\\/\"},{\"@type\":\"ListItem\",\"position\":3,\"name\":\"Inscription\",\"item\":\"https:\\\/\\\/www.ummto.dz\\\/fgc\\\/post-graduation\\\/inscription\\\/\"},{\"@type\":\"ListItem\",\"position\":4,\"name\":\"Doctorat LMD\"}]},{\"@type\":\"WebSite\",\"@id\":\"https:\\\/\\\/www.ummto.dz\\\/fgc\\\/#website\",\"url\":\"https:\\\/\\\/www.ummto.dz\\\/fgc\\\/\",\"name\":\"Facult\u00e9 de G\u00e9nie de la Construction\",\"description\":\"Facult\u00e9 de G\u00e9nie de la Construction\",\"potentialAction\":[{\"@type\":\"SearchAction\",\"target\":{\"@type\":\"EntryPoint\",\"urlTemplate\":\"https:\\\/\\\/www.ummto.dz\\\/fgc\\\/?s={search_term_string}\"},\"query-input\":{\"@type\":\"PropertyValueSpecification\",\"valueRequired\":true,\"valueName\":\"search_term_string\"}}],\"inLanguage\":\"fr-FR\"}]}<\/script>\n<!-- \/ Yoast SEO plugin. -->","yoast_head_json":{"title":"Doctorat LMD - Facult\u00e9 de G\u00e9nie de la Construction","description":"Doctorat LMD post graduation Facult\u00e9 du G\u00e9nie de la Construction Universit\u00e9 Mouloud MAMMERI de Tizi Ouzou","robots":{"index":"index","follow":"follow","max-snippet":"max-snippet:-1","max-image-preview":"max-image-preview:large","max-video-preview":"max-video-preview:-1"},"canonical":"https:\/\/www.ummto.dz\/fgc\/post-graduation\/inscription\/doctorat-lmd\/","og_locale":"fr_FR","og_type":"article","og_title":"Doctorat LMD - Facult\u00e9 de G\u00e9nie de la Construction","og_description":"Doctorat LMD post graduation Facult\u00e9 du G\u00e9nie de la Construction Universit\u00e9 Mouloud MAMMERI de Tizi Ouzou","og_url":"https:\/\/www.ummto.dz\/fgc\/post-graduation\/inscription\/doctorat-lmd\/","og_site_name":"Facult\u00e9 de G\u00e9nie de la Construction","article_modified_time":"2022-10-09T14:02:24+00:00","twitter_card":"summary_large_image","schema":{"@context":"https:\/\/schema.org","@graph":[{"@type":"WebPage","@id":"https:\/\/www.ummto.dz\/fgc\/post-graduation\/inscription\/doctorat-lmd\/","url":"https:\/\/www.ummto.dz\/fgc\/post-graduation\/inscription\/doctorat-lmd\/","name":"Doctorat LMD - Facult\u00e9 de G\u00e9nie de la Construction","isPartOf":{"@id":"https:\/\/www.ummto.dz\/fgc\/#website"},"datePublished":"2018-06-27T09:00:39+00:00","dateModified":"2022-10-09T14:02:24+00:00","description":"Doctorat LMD post graduation Facult\u00e9 du G\u00e9nie de la Construction Universit\u00e9 Mouloud MAMMERI de Tizi Ouzou","breadcrumb":{"@id":"https:\/\/www.ummto.dz\/fgc\/post-graduation\/inscription\/doctorat-lmd\/#breadcrumb"},"inLanguage":"fr-FR","potentialAction":[{"@type":"ReadAction","target":["https:\/\/www.ummto.dz\/fgc\/post-graduation\/inscription\/doctorat-lmd\/"]}]},{"@type":"BreadcrumbList","@id":"https:\/\/www.ummto.dz\/fgc\/post-graduation\/inscription\/doctorat-lmd\/#breadcrumb","itemListElement":[{"@type":"ListItem","position":1,"name":"Accueil","item":"https:\/\/www.ummto.dz\/fgc\/"},{"@type":"ListItem","position":2,"name":"Post-Graduation","item":"https:\/\/www.ummto.dz\/fgc\/post-graduation\/"},{"@type":"ListItem","position":3,"name":"Inscription","item":"https:\/\/www.ummto.dz\/fgc\/post-graduation\/inscription\/"},{"@type":"ListItem","position":4,"name":"Doctorat LMD"}]},{"@type":"WebSite","@id":"https:\/\/www.ummto.dz\/fgc\/#website","url":"https:\/\/www.ummto.dz\/fgc\/","name":"Facult\u00e9 de G\u00e9nie de la Construction","description":"Facult\u00e9 de G\u00e9nie de la Construction","potentialAction":[{"@type":"SearchAction","target":{"@type":"EntryPoint","urlTemplate":"https:\/\/www.ummto.dz\/fgc\/?s={search_term_string}"},"query-input":{"@type":"PropertyValueSpecification","valueRequired":true,"valueName":"search_term_string"}}],"inLanguage":"fr-FR"}]}},"_links":{"self":[{"href":"https:\/\/www.ummto.dz\/fgc\/wp-json\/wp\/v2\/pages\/362","targetHints":{"allow":["GET"]}}],"collection":[{"href":"https:\/\/www.ummto.dz\/fgc\/wp-json\/wp\/v2\/pages"}],"about":[{"href":"https:\/\/www.ummto.dz\/fgc\/wp-json\/wp\/v2\/types\/page"}],"author":[{"embeddable":true,"href":"https:\/\/www.ummto.dz\/fgc\/wp-json\/wp\/v2\/users\/1"}],"replies":[{"embeddable":true,"href":"https:\/\/www.ummto.dz\/fgc\/wp-json\/wp\/v2\/comments?post=362"}],"version-history":[{"count":30,"href":"https:\/\/www.ummto.dz\/fgc\/wp-json\/wp\/v2\/pages\/362\/revisions"}],"predecessor-version":[{"id":7473,"href":"https:\/\/www.ummto.dz\/fgc\/wp-json\/wp\/v2\/pages\/362\/revisions\/7473"}],"up":[{"embeddable":true,"href":"https:\/\/www.ummto.dz\/fgc\/wp-json\/wp\/v2\/pages\/347"}],"wp:attachment":[{"href":"https:\/\/www.ummto.dz\/fgc\/wp-json\/wp\/v2\/media?parent=362"}],"curies":[{"name":"wp","href":"https:\/\/api.w.org\/{rel}","templated":true}]}}