{"id":48,"date":"2018-01-29T19:30:40","date_gmt":"2018-01-29T18:30:40","guid":{"rendered":"http:\/\/fgei.ummto.dz\/?page_id=48"},"modified":"2024-09-26T16:14:40","modified_gmt":"2024-09-26T14:14:40","slug":"groupes-et-sections","status":"publish","type":"page","link":"https:\/\/www.ummto.dz\/fgc\/groupes-et-sections\/","title":{"rendered":"Groupes et Sections"},"content":{"rendered":"<p>[et_pb_section fb_built=\u00a0\u00bb1&Prime; theme_builder_area=\u00a0\u00bbpost_content\u00a0\u00bb _builder_version=\u00a0\u00bb4.27.0&Prime; _module_preset=\u00a0\u00bbdefault\u00a0\u00bb][et_pb_row _builder_version=\u00a0\u00bb4.27.0&Prime; _module_preset=\u00a0\u00bbdefault\u00a0\u00bb theme_builder_area=\u00a0\u00bbpost_content\u00a0\u00bb min_height=\u00a0\u00bb131.8px\u00a0\u00bb][et_pb_column _builder_version=\u00a0\u00bb4.27.0&Prime; _module_preset=\u00a0\u00bbdefault\u00a0\u00bb type=\u00a0\u00bb4_4&Prime; theme_builder_area=\u00a0\u00bbpost_content\u00a0\u00bb][dsm_text_divider _builder_version=\u00a0\u00bb4.27.0&Prime; _module_preset=\u00a0\u00bbdefault\u00a0\u00bb theme_builder_area=\u00a0\u00bbpost_content\u00a0\u00bb header=\u00a0\u00bbGroupes et sections\u00a0\u00bb hover_enabled=\u00a0\u00bb0&Prime; sticky_enabled=\u00a0\u00bb0&Prime;][\/dsm_text_divider][et_pb_text _builder_version=\u00a0\u00bb4.27.0&Prime; _module_preset=\u00a0\u00bbdefault\u00a0\u00bb theme_builder_area=\u00a0\u00bbpost_content\u00a0\u00bb hover_enabled=\u00a0\u00bb0&Prime; sticky_enabled=\u00a0\u00bb0&Prime;]<\/p>\n<p style=\"text-align: center\">Listes des etudiants GM<\/p>\n<p style=\"text-align: center\">ST ing\u00e9nieurs<\/p>\n<p style=\"text-align: center\"><a href=\"https:\/\/www.ummto.dz\/fgc\/wp-content\/uploads\/2024\/09\/Listes-1ere-Annee-TC-ingenieur-2024-2025.pdf\" rel=\"attachment wp-att-13501\">Listes 1\u00e9re Ann\u00e9e TC ing\u00e9nieur 2024-2025<\/a><\/p>\n<p style=\"text-align: center\"><a href=\"https:\/\/www.ummto.dz\/fgc\/wp-content\/uploads\/2024\/09\/Listes-des-etudiants-1-ere-annee-ingenieur-GM-et-GC.pdf\" rel=\"attachment wp-att-13502\">Listes des \u00e9tudiants 1 \u00e9re ann\u00e9e ing\u00e9nieur GM et GC<\/a><\/p>\n<p style=\"text-align: center\"><a href=\"https:\/\/www.ummto.dz\/fgc\/wp-content\/uploads\/2024\/09\/Listes-des-etudiants-2-eme-annee-ST-ingenieur-GM.pdf\" rel=\"attachment wp-att-13503\">Listes des \u00e9tudiants 2 \u00e9me ann\u00e9e ST ing\u00e9nieur GM<\/a><\/p>\n<p style=\"text-align: center\"><a href=\"https:\/\/www.ummto.dz\/fgc\/wp-content\/uploads\/2024\/09\/Listes-des-etudiants-2-eme-annee-TC-ingenieur.pdf\" rel=\"attachment wp-att-13504\">Listes des \u00e9tudiants 2 \u00e9me ann\u00e9e TC ing\u00e9nieur<\/a><\/p>\n<p style=\"text-align: center\">Licence<\/p>\n<p style=\"text-align: center\"><a href=\"https:\/\/www.ummto.dz\/fgc\/wp-content\/uploads\/2024\/09\/Listes-des-etudiants-L2-GM-2024_2025.pdf\" rel=\"attachment wp-att-13505\">Listes des etudiants L2 GM 2024_2025<\/a><\/p>\n<p style=\"text-align: center\"><a href=\"https:\/\/www.ummto.dz\/fgc\/wp-content\/uploads\/2024\/09\/Listes-des-etudiants-L3-GM-2024_2025.pdf\" rel=\"attachment wp-att-13506\">Listes des etudiants L3 GM 2024_2025<\/a><\/p>\n<p style=\"text-align: center\">Master<\/p>\n<p style=\"text-align: center\"><a href=\"https:\/\/www.ummto.dz\/fgc\/wp-content\/uploads\/2024\/09\/Listes-des-etudiants-M1-GM-2024_2025.pdf\" rel=\"attachment wp-att-13507\">Listes des etudiants M1 GM 2024_2025<\/a><\/p>\n<p style=\"text-align: center\"><a href=\"https:\/\/www.ummto.dz\/fgc\/wp-content\/uploads\/2024\/09\/Listes-des-etudiants-M2-GM-2024_2025.pdf\" rel=\"attachment wp-att-13508\">Listes des etudiants M2 GM 2024_2025<\/a><\/p>\n<p>[\/et_pb_text][\/et_pb_column][\/et_pb_row][\/et_pb_section]<\/p>\n","protected":false},"excerpt":{"rendered":"<p><div class=\"et_pb_module dsm_text_divider dsm_text_divider_0\">\n\t\t\t\t\n\t\t\t\t\n\t\t\t\t\n\t\t\t\t\n\t\t\t\t\n\t\t\t\t\n\t\t\t\t<div class=\"et_pb_module_inner\">\n\t\t\t\t\t<div class=\"dsm-text-divider-wrapper dsm-text-divider-align-center et_pb_bg_layout_light\">\n\t\t\t\t\n\t\t\t\t\n\t\t\t\t<div class=\"dsm-text-divider-before dsm-divider\"><\/div>\n\t\t\t\t<h3 class=\"dsm-text-divider-header et_pb_module_header\"><span>Groupes et sections<\/span><\/h3>\n\t\t\t\t<div class=\"dsm-text-divider-after dsm-divider\"><\/div>\n\t\t\t<\/div>\n\t\t\t\t<\/div>\n\t\t\t<\/div>Listes des etudiants GM ST ing\u00e9nieurs Listes 1\u00e9re Ann\u00e9e TC ing\u00e9nieur 2024-2025 Listes des \u00e9tudiants 1 \u00e9re ann\u00e9e ing\u00e9nieur GM et GC Listes des \u00e9tudiants 2 \u00e9me ann\u00e9e ST ing\u00e9nieur GM Listes des \u00e9tudiants 2 \u00e9me ann\u00e9e TC ing\u00e9nieur Licence Listes des etudiants L2 GM 2024_2025 Listes [&hellip;]<\/p>\n","protected":false},"author":1,"featured_media":0,"parent":0,"menu_order":0,"comment_status":"closed","ping_status":"closed","template":"","meta":{"_et_pb_use_builder":"on","_et_pb_old_content":"","_et_gb_content_width":"","footnotes":""},"class_list":["post-48","page","type-page","status-publish","hentry"],"yoast_head":"<!-- This site is optimized with the Yoast SEO plugin v27.3 - https:\/\/yoast.com\/product\/yoast-seo-wordpress\/ -->\n<title>Groupes et Sections - Facult\u00e9 de G\u00e9nie de la Construction<\/title>\n<meta name=\"robots\" content=\"index, follow, max-snippet:-1, max-image-preview:large, max-video-preview:-1\" \/>\n<link rel=\"canonical\" href=\"https:\/\/www.ummto.dz\/fgc\/groupes-et-sections\/\" \/>\n<meta property=\"og:locale\" content=\"fr_FR\" \/>\n<meta property=\"og:type\" content=\"article\" \/>\n<meta property=\"og:title\" content=\"Groupes et Sections - Facult\u00e9 de G\u00e9nie de la Construction\" \/>\n<meta property=\"og:description\" content=\"Listes des etudiants GM ST ing\u00e9nieurs Listes 1\u00e9re Ann\u00e9e TC ing\u00e9nieur 2024-2025 Listes des \u00e9tudiants 1 \u00e9re ann\u00e9e ing\u00e9nieur GM et GC Listes des \u00e9tudiants 2 \u00e9me ann\u00e9e ST ing\u00e9nieur GM Listes des \u00e9tudiants 2 \u00e9me ann\u00e9e TC ing\u00e9nieur Licence Listes des etudiants L2 GM 2024_2025 Listes [&hellip;]\" \/>\n<meta property=\"og:url\" content=\"https:\/\/www.ummto.dz\/fgc\/groupes-et-sections\/\" \/>\n<meta property=\"og:site_name\" content=\"Facult\u00e9 de G\u00e9nie de la Construction\" \/>\n<meta property=\"article:modified_time\" content=\"2024-09-26T14:14:40+00:00\" \/>\n<meta name=\"twitter:card\" content=\"summary_large_image\" \/>\n<meta name=\"twitter:label1\" content=\"Dur\u00e9e de lecture estim\u00e9e\" \/>\n\t<meta name=\"twitter:data1\" content=\"1 minute\" \/>\n<script type=\"application\/ld+json\" class=\"yoast-schema-graph\">{\"@context\":\"https:\\\/\\\/schema.org\",\"@graph\":[{\"@type\":\"WebPage\",\"@id\":\"https:\\\/\\\/www.ummto.dz\\\/fgc\\\/groupes-et-sections\\\/\",\"url\":\"https:\\\/\\\/www.ummto.dz\\\/fgc\\\/groupes-et-sections\\\/\",\"name\":\"Groupes et Sections - Facult\u00e9 de G\u00e9nie de la Construction\",\"isPartOf\":{\"@id\":\"https:\\\/\\\/www.ummto.dz\\\/fgc\\\/#website\"},\"datePublished\":\"2018-01-29T18:30:40+00:00\",\"dateModified\":\"2024-09-26T14:14:40+00:00\",\"breadcrumb\":{\"@id\":\"https:\\\/\\\/www.ummto.dz\\\/fgc\\\/groupes-et-sections\\\/#breadcrumb\"},\"inLanguage\":\"fr-FR\",\"potentialAction\":[{\"@type\":\"ReadAction\",\"target\":[\"https:\\\/\\\/www.ummto.dz\\\/fgc\\\/groupes-et-sections\\\/\"]}]},{\"@type\":\"BreadcrumbList\",\"@id\":\"https:\\\/\\\/www.ummto.dz\\\/fgc\\\/groupes-et-sections\\\/#breadcrumb\",\"itemListElement\":[{\"@type\":\"ListItem\",\"position\":1,\"name\":\"Accueil\",\"item\":\"https:\\\/\\\/www.ummto.dz\\\/fgc\\\/\"},{\"@type\":\"ListItem\",\"position\":2,\"name\":\"Groupes et Sections\"}]},{\"@type\":\"WebSite\",\"@id\":\"https:\\\/\\\/www.ummto.dz\\\/fgc\\\/#website\",\"url\":\"https:\\\/\\\/www.ummto.dz\\\/fgc\\\/\",\"name\":\"Facult\u00e9 de G\u00e9nie de la Construction\",\"description\":\"Facult\u00e9 de G\u00e9nie de la Construction\",\"potentialAction\":[{\"@type\":\"SearchAction\",\"target\":{\"@type\":\"EntryPoint\",\"urlTemplate\":\"https:\\\/\\\/www.ummto.dz\\\/fgc\\\/?s={search_term_string}\"},\"query-input\":{\"@type\":\"PropertyValueSpecification\",\"valueRequired\":true,\"valueName\":\"search_term_string\"}}],\"inLanguage\":\"fr-FR\"}]}<\/script>\n<!-- \/ Yoast SEO plugin. -->","yoast_head_json":{"title":"Groupes et Sections - Facult\u00e9 de G\u00e9nie de la Construction","robots":{"index":"index","follow":"follow","max-snippet":"max-snippet:-1","max-image-preview":"max-image-preview:large","max-video-preview":"max-video-preview:-1"},"canonical":"https:\/\/www.ummto.dz\/fgc\/groupes-et-sections\/","og_locale":"fr_FR","og_type":"article","og_title":"Groupes et Sections - Facult\u00e9 de G\u00e9nie de la Construction","og_description":"Listes des etudiants GM ST ing\u00e9nieurs Listes 1\u00e9re Ann\u00e9e TC ing\u00e9nieur 2024-2025 Listes des \u00e9tudiants 1 \u00e9re ann\u00e9e ing\u00e9nieur GM et GC Listes des \u00e9tudiants 2 \u00e9me ann\u00e9e ST ing\u00e9nieur GM Listes des \u00e9tudiants 2 \u00e9me ann\u00e9e TC ing\u00e9nieur Licence Listes des etudiants L2 GM 2024_2025 Listes [&hellip;]","og_url":"https:\/\/www.ummto.dz\/fgc\/groupes-et-sections\/","og_site_name":"Facult\u00e9 de G\u00e9nie de la Construction","article_modified_time":"2024-09-26T14:14:40+00:00","twitter_card":"summary_large_image","twitter_misc":{"Dur\u00e9e de lecture estim\u00e9e":"1 minute"},"schema":{"@context":"https:\/\/schema.org","@graph":[{"@type":"WebPage","@id":"https:\/\/www.ummto.dz\/fgc\/groupes-et-sections\/","url":"https:\/\/www.ummto.dz\/fgc\/groupes-et-sections\/","name":"Groupes et Sections - Facult\u00e9 de G\u00e9nie de la Construction","isPartOf":{"@id":"https:\/\/www.ummto.dz\/fgc\/#website"},"datePublished":"2018-01-29T18:30:40+00:00","dateModified":"2024-09-26T14:14:40+00:00","breadcrumb":{"@id":"https:\/\/www.ummto.dz\/fgc\/groupes-et-sections\/#breadcrumb"},"inLanguage":"fr-FR","potentialAction":[{"@type":"ReadAction","target":["https:\/\/www.ummto.dz\/fgc\/groupes-et-sections\/"]}]},{"@type":"BreadcrumbList","@id":"https:\/\/www.ummto.dz\/fgc\/groupes-et-sections\/#breadcrumb","itemListElement":[{"@type":"ListItem","position":1,"name":"Accueil","item":"https:\/\/www.ummto.dz\/fgc\/"},{"@type":"ListItem","position":2,"name":"Groupes et Sections"}]},{"@type":"WebSite","@id":"https:\/\/www.ummto.dz\/fgc\/#website","url":"https:\/\/www.ummto.dz\/fgc\/","name":"Facult\u00e9 de G\u00e9nie de la Construction","description":"Facult\u00e9 de G\u00e9nie de la Construction","potentialAction":[{"@type":"SearchAction","target":{"@type":"EntryPoint","urlTemplate":"https:\/\/www.ummto.dz\/fgc\/?s={search_term_string}"},"query-input":{"@type":"PropertyValueSpecification","valueRequired":true,"valueName":"search_term_string"}}],"inLanguage":"fr-FR"}]}},"_links":{"self":[{"href":"https:\/\/www.ummto.dz\/fgc\/wp-json\/wp\/v2\/pages\/48","targetHints":{"allow":["GET"]}}],"collection":[{"href":"https:\/\/www.ummto.dz\/fgc\/wp-json\/wp\/v2\/pages"}],"about":[{"href":"https:\/\/www.ummto.dz\/fgc\/wp-json\/wp\/v2\/types\/page"}],"author":[{"embeddable":true,"href":"https:\/\/www.ummto.dz\/fgc\/wp-json\/wp\/v2\/users\/1"}],"replies":[{"embeddable":true,"href":"https:\/\/www.ummto.dz\/fgc\/wp-json\/wp\/v2\/comments?post=48"}],"version-history":[{"count":3,"href":"https:\/\/www.ummto.dz\/fgc\/wp-json\/wp\/v2\/pages\/48\/revisions"}],"predecessor-version":[{"id":13511,"href":"https:\/\/www.ummto.dz\/fgc\/wp-json\/wp\/v2\/pages\/48\/revisions\/13511"}],"wp:attachment":[{"href":"https:\/\/www.ummto.dz\/fgc\/wp-json\/wp\/v2\/media?parent=48"}],"curies":[{"name":"wp","href":"https:\/\/api.w.org\/{rel}","templated":true}]}}