{"id":7247,"date":"2022-09-28T16:30:20","date_gmt":"2022-09-28T14:30:20","guid":{"rendered":"https:\/\/www.ummto.dz\/fgc\/?page_id=7247"},"modified":"2022-09-28T16:35:27","modified_gmt":"2022-09-28T14:35:27","slug":"emplois-du-temps-hydraulique","status":"publish","type":"page","link":"https:\/\/www.ummto.dz\/fgc\/departements-5\/departement-dhydraulique\/emplois-du-temps-hydraulique\/","title":{"rendered":"Emplois du temps Hydraulique"},"content":{"rendered":"<p>[et_pb_section fb_built=\u00a0\u00bb1&Prime; _builder_version=\u00a0\u00bb4.16&Prime; _module_preset=\u00a0\u00bbdefault\u00a0\u00bb global_colors_info=\u00a0\u00bb{}\u00a0\u00bb theme_builder_area=\u00a0\u00bbpost_content\u00a0\u00bb][et_pb_row column_structure=\u00a0\u00bb1_4,1_4,1_4,1_4&Prime; _builder_version=\u00a0\u00bb4.16&Prime; _module_preset=\u00a0\u00bbdefault\u00a0\u00bb custom_padding=\u00a0\u00bb||0px|||\u00a0\u00bb global_colors_info=\u00a0\u00bb{}\u00a0\u00bb theme_builder_area=\u00a0\u00bbpost_content\u00a0\u00bb][et_pb_column type=\u00a0\u00bb1_4&Prime; _builder_version=\u00a0\u00bb4.16&Prime; _module_preset=\u00a0\u00bbdefault\u00a0\u00bb global_colors_info=\u00a0\u00bb{}\u00a0\u00bb theme_builder_area=\u00a0\u00bbpost_content\u00a0\u00bb][et_pb_image src=\u00a0\u00bbhttps:\/\/www.ummto.dz\/fgc\/wp-content\/uploads\/2021\/10\/dspace-1.webp\u00a0\u00bb title_text=\u00a0\u00bbdspace\u00a0\u00bb url=\u00a0\u00bbhttps:\/\/dl.ummto.dz\/\u00a0\u00bb url_new_window=\u00a0\u00bbon\u00a0\u00bb _builder_version=\u00a0\u00bb4.16&Prime; _module_preset=\u00a0\u00bbdefault\u00a0\u00bb box_shadow_style=\u00a0\u00bbpreset1&Prime; global_colors_info=\u00a0\u00bb{}\u00a0\u00bb theme_builder_area=\u00a0\u00bbpost_content\u00a0\u00bb][\/et_pb_image][\/et_pb_column][et_pb_column type=\u00a0\u00bb1_4&Prime; _builder_version=\u00a0\u00bb4.16&Prime; _module_preset=\u00a0\u00bbdefault\u00a0\u00bb global_colors_info=\u00a0\u00bb{}\u00a0\u00bb theme_builder_area=\u00a0\u00bbpost_content\u00a0\u00bb][et_pb_image src=\u00a0\u00bbhttps:\/\/www.ummto.dz\/fgc\/wp-content\/uploads\/2021\/10\/moodle-2.webp\u00a0\u00bb title_text=\u00a0\u00bbmoodle\u00a0\u00bb url=\u00a0\u00bbhttps:\/\/teleensm.ummto.dz\/\u00a0\u00bb url_new_window=\u00a0\u00bbon\u00a0\u00bb _builder_version=\u00a0\u00bb4.16&Prime; _module_preset=\u00a0\u00bbdefault\u00a0\u00bb box_shadow_style=\u00a0\u00bbpreset1&Prime; global_colors_info=\u00a0\u00bb{}\u00a0\u00bb theme_builder_area=\u00a0\u00bbpost_content\u00a0\u00bb][\/et_pb_image][\/et_pb_column][et_pb_column type=\u00a0\u00bb1_4&Prime; _builder_version=\u00a0\u00bb4.16&Prime; _module_preset=\u00a0\u00bbdefault\u00a0\u00bb global_colors_info=\u00a0\u00bb{}\u00a0\u00bb theme_builder_area=\u00a0\u00bbpost_content\u00a0\u00bb][et_pb_image src=\u00a0\u00bbhttps:\/\/www.ummto.dz\/fgc\/wp-content\/uploads\/2021\/10\/S.N.D.L-1.webp\u00a0\u00bb title_text=\u00a0\u00bbS.N.D.L\u00a0\u00bb url=\u00a0\u00bbhttps:\/\/www.sndl.cerist.dz\/\u00a0\u00bb url_new_window=\u00a0\u00bbon\u00a0\u00bb _builder_version=\u00a0\u00bb4.16&Prime; _module_preset=\u00a0\u00bbdefault\u00a0\u00bb custom_margin=\u00a0\u00bb8px||||false|false\u00a0\u00bb box_shadow_style=\u00a0\u00bbpreset1&Prime; global_colors_info=\u00a0\u00bb{}\u00a0\u00bb theme_builder_area=\u00a0\u00bbpost_content\u00a0\u00bb][\/et_pb_image][\/et_pb_column][et_pb_column type=\u00a0\u00bb1_4&Prime; _builder_version=\u00a0\u00bb4.16&Prime; _module_preset=\u00a0\u00bbdefault\u00a0\u00bb global_colors_info=\u00a0\u00bb{}\u00a0\u00bb theme_builder_area=\u00a0\u00bbpost_content\u00a0\u00bb][et_pb_image src=\u00a0\u00bbhttps:\/\/www.ummto.dz\/fgc\/wp-content\/uploads\/2021\/10\/BU-1.webp\u00a0\u00bb title_text=\u00a0\u00bbBU\u00a0\u00bb url=\u00a0\u00bbhttps:\/\/www.ummto.dz\/bibliotheque-universitaire\/\u00a0\u00bb url_new_window=\u00a0\u00bbon\u00a0\u00bb _builder_version=\u00a0\u00bb4.16&Prime; _module_preset=\u00a0\u00bbdefault\u00a0\u00bb box_shadow_style=\u00a0\u00bbpreset1&Prime; global_colors_info=\u00a0\u00bb{}\u00a0\u00bb theme_builder_area=\u00a0\u00bbpost_content\u00a0\u00bb][\/et_pb_image][\/et_pb_column][\/et_pb_row][et_pb_row column_structure=\u00a0\u00bb3_4,1_4&Prime; _builder_version=\u00a0\u00bb4.16&Prime; _module_preset=\u00a0\u00bbdefault\u00a0\u00bb custom_padding=\u00a0\u00bb||0px|||\u00a0\u00bb global_colors_info=\u00a0\u00bb{}\u00a0\u00bb theme_builder_area=\u00a0\u00bbpost_content\u00a0\u00bb][et_pb_column type=\u00a0\u00bb3_4&Prime; _builder_version=\u00a0\u00bb4.16&Prime; _module_preset=\u00a0\u00bbdefault\u00a0\u00bb global_colors_info=\u00a0\u00bb{}\u00a0\u00bb theme_builder_area=\u00a0\u00bbpost_content\u00a0\u00bb][dsm_text_divider header=\u00a0\u00bbEmplois du temps Hydraulique\u00a0\u00bb _builder_version=\u00a0\u00bb4.18.0&Prime; _module_preset=\u00a0\u00bbdefault\u00a0\u00bb min_height=\u00a0\u00bb30px\u00a0\u00bb max_height=\u00a0\u00bb30px\u00a0\u00bb hover_enabled=\u00a0\u00bb0&Prime; box_shadow_style=\u00a0\u00bbpreset1&Prime; box_shadow_position=\u00a0\u00bbinner\u00a0\u00bb global_colors_info=\u00a0\u00bb{}\u00a0\u00bb theme_builder_area=\u00a0\u00bbpost_content\u00a0\u00bb sticky_enabled=\u00a0\u00bb0&Prime;][\/dsm_text_divider][et_pb_blog fullwidth=\u00a0\u00bboff\u00a0\u00bb posts_number=\u00a0\u00bb5&Prime; include_categories=\u00a0\u00bb44&Prime; meta_date=\u00a0\u00bbj M y\u00a0\u00bb show_author=\u00a0\u00bboff\u00a0\u00bb show_excerpt=\u00a0\u00bboff\u00a0\u00bb use_overlay=\u00a0\u00bbon\u00a0\u00bb hover_overlay_color=\u00a0\u00bbrgba(0,0,0,0.36)\u00a0\u00bb module_class=\u00a0\u00bbdt-blog\u00a0\u00bb _builder_version=\u00a0\u00bb4.18.0&Prime; _module_preset=\u00a0\u00bbdefault\u00a0\u00bb header_text_color=\u00a0\u00bb#000000&Prime; header_font_size=\u00a0\u00bb17px\u00a0\u00bb header_line_height=\u00a0\u00bb1.1em\u00a0\u00bb meta_font=\u00a0\u00bb||||||||\u00a0\u00bb meta_text_align=\u00a0\u00bbright\u00a0\u00bb meta_text_color=\u00a0\u00bb#0C71C3&Prime; meta_font_size=\u00a0\u00bb10px\u00a0\u00bb meta_line_height=\u00a0\u00bb1.2em\u00a0\u00bb pagination_font=\u00a0\u00bb||||||||\u00a0\u00bb pagination_text_color=\u00a0\u00bb#8300E9&Prime; background_color=\u00a0\u00bb#FFFFFF\u00a0\u00bb use_background_color_gradient=\u00a0\u00bbon\u00a0\u00bb background_color_gradient_stops=\u00a0\u00bbrgba(14,178,162,0.14) 0%|rgba(55,62,163,0.13) 100%\u00a0\u00bb background_color_gradient_start=\u00a0\u00bbrgba(14,178,162,0.14)\u00a0\u00bb background_color_gradient_end=\u00a0\u00bbrgba(55,62,163,0.13)\u00a0\u00bb custom_margin=\u00a0\u00bb0px||0px||false|false\u00a0\u00bb custom_padding=\u00a0\u00bb10px|10px|10px|10px|false|false\u00a0\u00bb hover_enabled=\u00a0\u00bb0&Prime; border_radii=\u00a0\u00bbon|10px|10px|10px|10px\u00a0\u00bb border_width_all=\u00a0\u00bb0px\u00a0\u00bb border_color_all=\u00a0\u00bb#FFFFFF\u00a0\u00bb border_radii_image=\u00a0\u00bbon|9px|9px|9px|9px\u00a0\u00bb box_shadow_style=\u00a0\u00bbpreset6&Prime; global_colors_info=\u00a0\u00bb{}\u00a0\u00bb theme_builder_area=\u00a0\u00bbpost_content\u00a0\u00bb sticky_enabled=\u00a0\u00bb0&Prime;][\/et_pb_blog][\/et_pb_column][et_pb_column type=\u00a0\u00bb1_4&Prime; _builder_version=\u00a0\u00bb4.16&Prime; _module_preset=\u00a0\u00bbdefault\u00a0\u00bb global_colors_info=\u00a0\u00bb{}\u00a0\u00bb theme_builder_area=\u00a0\u00bbpost_content\u00a0\u00bb][et_pb_sidebar _builder_version=\u00a0\u00bb4.16&Prime; _module_preset=\u00a0\u00bbdefault\u00a0\u00bb custom_padding=\u00a0\u00bb||72px|||\u00a0\u00bb global_colors_info=\u00a0\u00bb{}\u00a0\u00bb theme_builder_area=\u00a0\u00bbpost_content\u00a0\u00bb][\/et_pb_sidebar][\/et_pb_column][\/et_pb_row][\/et_pb_section]<\/p>\n","protected":false},"excerpt":{"rendered":"<div class=\"et_pb_module dsm_text_divider dsm_text_divider_0\">\n\t\t\t\t\n\t\t\t\t\n\t\t\t\t\n\t\t\t\t\n\t\t\t\t\n\t\t\t\t\n\t\t\t\t<div class=\"et_pb_module_inner\">\n\t\t\t\t\t<div class=\"dsm-text-divider-wrapper dsm-text-divider-align-center et_pb_bg_layout_light\">\n\t\t\t\t\n\t\t\t\t\n\t\t\t\t<div class=\"dsm-text-divider-before dsm-divider\"><\/div>\n\t\t\t\t<h3 class=\"dsm-text-divider-header et_pb_module_header\"><span>Emplois du temps Hydraulique<\/span><\/h3>\n\t\t\t\t<div class=\"dsm-text-divider-after dsm-divider\"><\/div>\n\t\t\t<\/div>\n\t\t\t\t<\/div>\n\t\t\t<\/div>\n","protected":false},"author":4,"featured_media":0,"parent":5097,"menu_order":0,"comment_status":"closed","ping_status":"closed","template":"","meta":{"_et_pb_use_builder":"on","_et_pb_old_content":"","_et_gb_content_width":"","footnotes":""},"class_list":["post-7247","page","type-page","status-publish","hentry"],"yoast_head":"<!-- This site is optimized with the Yoast SEO plugin v27.2 - https:\/\/yoast.com\/product\/yoast-seo-wordpress\/ -->\n<title>Emplois du temps Hydraulique - Facult\u00e9 de G\u00e9nie de la Construction<\/title>\n<meta name=\"robots\" content=\"index, follow, max-snippet:-1, max-image-preview:large, max-video-preview:-1\" \/>\n<link rel=\"canonical\" href=\"https:\/\/www.ummto.dz\/fgc\/departements-5\/departement-dhydraulique\/emplois-du-temps-hydraulique\/\" \/>\n<meta property=\"og:locale\" content=\"fr_FR\" \/>\n<meta property=\"og:type\" content=\"article\" \/>\n<meta property=\"og:title\" content=\"Emplois du temps Hydraulique - Facult\u00e9 de G\u00e9nie de la Construction\" \/>\n<meta property=\"og:url\" content=\"https:\/\/www.ummto.dz\/fgc\/departements-5\/departement-dhydraulique\/emplois-du-temps-hydraulique\/\" \/>\n<meta property=\"og:site_name\" content=\"Facult\u00e9 de G\u00e9nie de la Construction\" \/>\n<meta property=\"article:modified_time\" content=\"2022-09-28T14:35:27+00:00\" \/>\n<meta name=\"twitter:card\" content=\"summary_large_image\" \/>\n<meta name=\"twitter:description\" content=\"[dsm_text_divider header=&quot;Emplois du temps Hydraulique&quot; _builder_version=&quot;4.18.0&quot; _module_preset=&quot;default&quot; min_height=&quot;30px&quot; max_height=&quot;30px&quot; hover_enabled=&quot;0&quot; box_shadow_style=&quot;preset1&quot; box_shadow_position=&quot;inner&quot; global_colors_info=&quot;{}&quot; theme_builder_area=&quot;post_content&quot; sticky_enabled=&quot;0&quot;][\/dsm_text_divider]\" \/>\n<script type=\"application\/ld+json\" class=\"yoast-schema-graph\">{\"@context\":\"https:\/\/schema.org\",\"@graph\":[{\"@type\":\"WebPage\",\"@id\":\"https:\/\/www.ummto.dz\/fgc\/departements-5\/departement-dhydraulique\/emplois-du-temps-hydraulique\/\",\"url\":\"https:\/\/www.ummto.dz\/fgc\/departements-5\/departement-dhydraulique\/emplois-du-temps-hydraulique\/\",\"name\":\"Emplois du temps Hydraulique - Facult\u00e9 de G\u00e9nie de la Construction\",\"isPartOf\":{\"@id\":\"https:\/\/www.ummto.dz\/fgc\/#website\"},\"datePublished\":\"2022-09-28T14:30:20+00:00\",\"dateModified\":\"2022-09-28T14:35:27+00:00\",\"breadcrumb\":{\"@id\":\"https:\/\/www.ummto.dz\/fgc\/departements-5\/departement-dhydraulique\/emplois-du-temps-hydraulique\/#breadcrumb\"},\"inLanguage\":\"fr-FR\",\"potentialAction\":[{\"@type\":\"ReadAction\",\"target\":[\"https:\/\/www.ummto.dz\/fgc\/departements-5\/departement-dhydraulique\/emplois-du-temps-hydraulique\/\"]}]},{\"@type\":\"BreadcrumbList\",\"@id\":\"https:\/\/www.ummto.dz\/fgc\/departements-5\/departement-dhydraulique\/emplois-du-temps-hydraulique\/#breadcrumb\",\"itemListElement\":[{\"@type\":\"ListItem\",\"position\":1,\"name\":\"Accueil\",\"item\":\"https:\/\/www.ummto.dz\/fgc\/\"},{\"@type\":\"ListItem\",\"position\":2,\"name\":\"D\u00e9partements\",\"item\":\"https:\/\/www.ummto.dz\/fgc\/departements-5\/\"},{\"@type\":\"ListItem\",\"position\":3,\"name\":\"Hydraulique\",\"item\":\"https:\/\/www.ummto.dz\/fgc\/departements-5\/departement-dhydraulique\/\"},{\"@type\":\"ListItem\",\"position\":4,\"name\":\"Emplois du temps Hydraulique\"}]},{\"@type\":\"WebSite\",\"@id\":\"https:\/\/www.ummto.dz\/fgc\/#website\",\"url\":\"https:\/\/www.ummto.dz\/fgc\/\",\"name\":\"Facult\u00e9 de G\u00e9nie de la Construction\",\"description\":\"Facult\u00e9 de G\u00e9nie de la Construction\",\"potentialAction\":[{\"@type\":\"SearchAction\",\"target\":{\"@type\":\"EntryPoint\",\"urlTemplate\":\"https:\/\/www.ummto.dz\/fgc\/?s={search_term_string}\"},\"query-input\":{\"@type\":\"PropertyValueSpecification\",\"valueRequired\":true,\"valueName\":\"search_term_string\"}}],\"inLanguage\":\"fr-FR\"}]}<\/script>\n<!-- \/ Yoast SEO plugin. -->","yoast_head_json":{"title":"Emplois du temps Hydraulique - Facult\u00e9 de G\u00e9nie de la Construction","robots":{"index":"index","follow":"follow","max-snippet":"max-snippet:-1","max-image-preview":"max-image-preview:large","max-video-preview":"max-video-preview:-1"},"canonical":"https:\/\/www.ummto.dz\/fgc\/departements-5\/departement-dhydraulique\/emplois-du-temps-hydraulique\/","og_locale":"fr_FR","og_type":"article","og_title":"Emplois du temps Hydraulique - Facult\u00e9 de G\u00e9nie de la Construction","og_url":"https:\/\/www.ummto.dz\/fgc\/departements-5\/departement-dhydraulique\/emplois-du-temps-hydraulique\/","og_site_name":"Facult\u00e9 de G\u00e9nie de la Construction","article_modified_time":"2022-09-28T14:35:27+00:00","twitter_card":"summary_large_image","twitter_description":"[dsm_text_divider header=\"Emplois du temps Hydraulique\" _builder_version=\"4.18.0\" _module_preset=\"default\" min_height=\"30px\" max_height=\"30px\" hover_enabled=\"0\" box_shadow_style=\"preset1\" box_shadow_position=\"inner\" global_colors_info=\"{}\" theme_builder_area=\"post_content\" sticky_enabled=\"0\"][\/dsm_text_divider]","schema":{"@context":"https:\/\/schema.org","@graph":[{"@type":"WebPage","@id":"https:\/\/www.ummto.dz\/fgc\/departements-5\/departement-dhydraulique\/emplois-du-temps-hydraulique\/","url":"https:\/\/www.ummto.dz\/fgc\/departements-5\/departement-dhydraulique\/emplois-du-temps-hydraulique\/","name":"Emplois du temps Hydraulique - Facult\u00e9 de G\u00e9nie de la Construction","isPartOf":{"@id":"https:\/\/www.ummto.dz\/fgc\/#website"},"datePublished":"2022-09-28T14:30:20+00:00","dateModified":"2022-09-28T14:35:27+00:00","breadcrumb":{"@id":"https:\/\/www.ummto.dz\/fgc\/departements-5\/departement-dhydraulique\/emplois-du-temps-hydraulique\/#breadcrumb"},"inLanguage":"fr-FR","potentialAction":[{"@type":"ReadAction","target":["https:\/\/www.ummto.dz\/fgc\/departements-5\/departement-dhydraulique\/emplois-du-temps-hydraulique\/"]}]},{"@type":"BreadcrumbList","@id":"https:\/\/www.ummto.dz\/fgc\/departements-5\/departement-dhydraulique\/emplois-du-temps-hydraulique\/#breadcrumb","itemListElement":[{"@type":"ListItem","position":1,"name":"Accueil","item":"https:\/\/www.ummto.dz\/fgc\/"},{"@type":"ListItem","position":2,"name":"D\u00e9partements","item":"https:\/\/www.ummto.dz\/fgc\/departements-5\/"},{"@type":"ListItem","position":3,"name":"Hydraulique","item":"https:\/\/www.ummto.dz\/fgc\/departements-5\/departement-dhydraulique\/"},{"@type":"ListItem","position":4,"name":"Emplois du temps Hydraulique"}]},{"@type":"WebSite","@id":"https:\/\/www.ummto.dz\/fgc\/#website","url":"https:\/\/www.ummto.dz\/fgc\/","name":"Facult\u00e9 de G\u00e9nie de la Construction","description":"Facult\u00e9 de G\u00e9nie de la Construction","potentialAction":[{"@type":"SearchAction","target":{"@type":"EntryPoint","urlTemplate":"https:\/\/www.ummto.dz\/fgc\/?s={search_term_string}"},"query-input":{"@type":"PropertyValueSpecification","valueRequired":true,"valueName":"search_term_string"}}],"inLanguage":"fr-FR"}]}},"_links":{"self":[{"href":"https:\/\/www.ummto.dz\/fgc\/wp-json\/wp\/v2\/pages\/7247","targetHints":{"allow":["GET"]}}],"collection":[{"href":"https:\/\/www.ummto.dz\/fgc\/wp-json\/wp\/v2\/pages"}],"about":[{"href":"https:\/\/www.ummto.dz\/fgc\/wp-json\/wp\/v2\/types\/page"}],"author":[{"embeddable":true,"href":"https:\/\/www.ummto.dz\/fgc\/wp-json\/wp\/v2\/users\/4"}],"replies":[{"embeddable":true,"href":"https:\/\/www.ummto.dz\/fgc\/wp-json\/wp\/v2\/comments?post=7247"}],"version-history":[{"count":2,"href":"https:\/\/www.ummto.dz\/fgc\/wp-json\/wp\/v2\/pages\/7247\/revisions"}],"predecessor-version":[{"id":7249,"href":"https:\/\/www.ummto.dz\/fgc\/wp-json\/wp\/v2\/pages\/7247\/revisions\/7249"}],"up":[{"embeddable":true,"href":"https:\/\/www.ummto.dz\/fgc\/wp-json\/wp\/v2\/pages\/5097"}],"wp:attachment":[{"href":"https:\/\/www.ummto.dz\/fgc\/wp-json\/wp\/v2\/media?parent=7247"}],"curies":[{"name":"wp","href":"https:\/\/api.w.org\/{rel}","templated":true}]}}