{"id":9344,"date":"2023-03-20T13:06:46","date_gmt":"2023-03-20T12:06:46","guid":{"rendered":"https:\/\/www.ummto.dz\/fgc\/?page_id=9344"},"modified":"2023-03-20T13:19:14","modified_gmt":"2023-03-20T12:19:14","slug":"startup-dispositif-1275","status":"publish","type":"page","link":"https:\/\/www.ummto.dz\/fgc\/startup-dispositif-1275\/","title":{"rendered":"StartUp dispositif 1275"},"content":{"rendered":"\n[et_pb_section fb_built=\u00a0\u00bb1&Prime; theme_builder_area=\u00a0\u00bbpost_content\u00a0\u00bb _builder_version=\u00a0\u00bb4.20.2&Prime; _module_preset=\u00a0\u00bbdefault\u00a0\u00bb][et_pb_row _builder_version=\u00a0\u00bb4.20.2&Prime; _module_preset=\u00a0\u00bbdefault\u00a0\u00bb theme_builder_area=\u00a0\u00bbpost_content\u00a0\u00bb column_structure=\u00a0\u00bb1_2,1_2&Prime; make_equal=\u00a0\u00bbon\u00a0\u00bb hover_enabled=\u00a0\u00bb0&Prime; sticky_enabled=\u00a0\u00bb0&Prime;][et_pb_column _builder_version=\u00a0\u00bb4.20.2&Prime; _module_preset=\u00a0\u00bbdefault\u00a0\u00bb type=\u00a0\u00bb1_2&Prime; theme_builder_area=\u00a0\u00bbpost_content\u00a0\u00bb][et_pb_image src=\u00a0\u00bbhttps:\/\/www.ummto.dz\/fgc\/wp-content\/uploads\/2023\/03\/FB_IMG_1675618591826-218&#215;300.jpg\u00a0\u00bb _builder_version=\u00a0\u00bb4.20.2&Prime; _module_preset=\u00a0\u00bbdefault\u00a0\u00bb theme_builder_area=\u00a0\u00bbpost_content\u00a0\u00bb title_text=\u00a0\u00bbFB_IMG_1675618591826&Prime; hover_enabled=\u00a0\u00bb0&Prime; sticky_enabled=\u00a0\u00bb0&Prime; align=\u00a0\u00bbcenter\u00a0\u00bb force_fullwidth=\u00a0\u00bbon\u00a0\u00bb][\/et_pb_image][\/et_pb_column][et_pb_column _builder_version=\u00a0\u00bb4.20.2&Prime; _module_preset=\u00a0\u00bbdefault\u00a0\u00bb type=\u00a0\u00bb1_2&Prime; theme_builder_area=\u00a0\u00bbpost_content\u00a0\u00bb][et_pb_text _builder_version=\u00a0\u00bb4.20.2&Prime; _module_preset=\u00a0\u00bbdefault\u00a0\u00bb theme_builder_area=\u00a0\u00bbpost_content\u00a0\u00bb hover_enabled=\u00a0\u00bb0&Prime; sticky_enabled=\u00a0\u00bb0&Prime;]<p style=\"text-align: center\">\n<p style=\"text-align: center\">Programme evaluation incubateur startup dispositif 1275<\/p>\n<p style=\"text-align: center\">\n<p style=\"text-align: center\"><a href=\"https:\/\/www.ummto.dz\/fgc\/wp-content\/uploads\/2023\/03\/Programme-evaluation-incubateur-startup-dispositif-1275.pdf\" rel=\"attachment wp-att-9151\">Programme evaluation incubateur startup dispositif 1275<\/a><\/p>\n<p style=\"text-align: center\">\n<p style=\"text-align: center\">Article original<\/p>\n<p style=\"text-align: center\">&#8212;&#8212;&#8212;&#8211;&gt; <a href=\"https:\/\/www.ummto.dz\/diplomes-startup-brevet-evaluation-des-projets-inscrits-dans-le-cadre-du-dispositif-1275\/\">ICI<\/a> &lt;&#8212;&#8212;&#8212;&#8211;<\/p>\n<p style=\"text-align: center\"><strong><\/strong><\/p>\n<p style=\"text-align: center\"><strong><\/strong><\/p>\n<p style=\"text-align: center\"><strong>Pour tout renseignement suppl\u00e9mentaire, veuillez nous contacter \u00e0 l\u2019adresse mail suivante: <a href=\"mailto:incubateur@ummto.dz\">incubateur@ummto.dz<\/a>.<\/strong><\/p>[\/et_pb_text][\/et_pb_column][\/et_pb_row][\/et_pb_section]\n","protected":false},"excerpt":{"rendered":"<p>Programme evaluation incubateur startup dispositif 1275 Programme evaluation incubateur startup dispositif 1275 Article original &#8212;&#8212;&#8212;&#8211;&gt; ICI &lt;&#8212;&#8212;&#8212;&#8211; Pour tout renseignement suppl\u00e9mentaire, veuillez nous contacter \u00e0 l\u2019adresse mail suivante: incubateur@ummto.dz.<\/p>\n","protected":false},"author":4,"featured_media":0,"parent":0,"menu_order":0,"comment_status":"closed","ping_status":"closed","template":"","meta":{"_et_pb_use_builder":"on","_et_pb_old_content":"","_et_gb_content_width":"","footnotes":""},"class_list":["post-9344","page","type-page","status-publish","hentry"],"yoast_head":"<!-- This site is optimized with the Yoast SEO plugin v27.5 - https:\/\/yoast.com\/product\/yoast-seo-wordpress\/ -->\n<title>StartUp dispositif 1275 - Facult\u00e9 de G\u00e9nie de la Construction<\/title>\n<meta name=\"description\" content=\"StartUp dispositif 1275 Programme d&#039;\u00e9valuation Facult\u00e9 du G\u00e9nie de la Construction Universit\u00e9 Mouloud MAMMERI de Tizi Ouzou\" \/>\n<meta name=\"robots\" content=\"index, follow, max-snippet:-1, max-image-preview:large, max-video-preview:-1\" \/>\n<link rel=\"canonical\" href=\"https:\/\/www.ummto.dz\/fgc\/startup-dispositif-1275\/\" \/>\n<meta property=\"og:locale\" content=\"fr_FR\" \/>\n<meta property=\"og:type\" content=\"article\" \/>\n<meta property=\"og:title\" content=\"StartUp dispositif 1275 - Facult\u00e9 de G\u00e9nie de la Construction\" \/>\n<meta property=\"og:description\" content=\"StartUp dispositif 1275 Programme d&#039;\u00e9valuation Facult\u00e9 du G\u00e9nie de la Construction Universit\u00e9 Mouloud MAMMERI de Tizi Ouzou\" \/>\n<meta property=\"og:url\" content=\"https:\/\/www.ummto.dz\/fgc\/startup-dispositif-1275\/\" \/>\n<meta property=\"og:site_name\" content=\"Facult\u00e9 de G\u00e9nie de la Construction\" \/>\n<meta property=\"article:modified_time\" content=\"2023-03-20T12:19:14+00:00\" \/>\n<meta name=\"twitter:card\" content=\"summary_large_image\" \/>\n<meta name=\"twitter:label1\" content=\"Dur\u00e9e de lecture estim\u00e9e\" \/>\n\t<meta name=\"twitter:data1\" content=\"1 minute\" \/>\n<script type=\"application\/ld+json\" class=\"yoast-schema-graph\">{\"@context\":\"https:\\\/\\\/schema.org\",\"@graph\":[{\"@type\":\"WebPage\",\"@id\":\"https:\\\/\\\/www.ummto.dz\\\/fgc\\\/startup-dispositif-1275\\\/\",\"url\":\"https:\\\/\\\/www.ummto.dz\\\/fgc\\\/startup-dispositif-1275\\\/\",\"name\":\"StartUp dispositif 1275 - Facult\u00e9 de G\u00e9nie de la Construction\",\"isPartOf\":{\"@id\":\"https:\\\/\\\/www.ummto.dz\\\/fgc\\\/#website\"},\"datePublished\":\"2023-03-20T12:06:46+00:00\",\"dateModified\":\"2023-03-20T12:19:14+00:00\",\"description\":\"StartUp dispositif 1275 Programme d'\u00e9valuation Facult\u00e9 du G\u00e9nie de la Construction Universit\u00e9 Mouloud MAMMERI de Tizi Ouzou\",\"breadcrumb\":{\"@id\":\"https:\\\/\\\/www.ummto.dz\\\/fgc\\\/startup-dispositif-1275\\\/#breadcrumb\"},\"inLanguage\":\"fr-FR\",\"potentialAction\":[{\"@type\":\"ReadAction\",\"target\":[\"https:\\\/\\\/www.ummto.dz\\\/fgc\\\/startup-dispositif-1275\\\/\"]}]},{\"@type\":\"BreadcrumbList\",\"@id\":\"https:\\\/\\\/www.ummto.dz\\\/fgc\\\/startup-dispositif-1275\\\/#breadcrumb\",\"itemListElement\":[{\"@type\":\"ListItem\",\"position\":1,\"name\":\"Accueil\",\"item\":\"https:\\\/\\\/www.ummto.dz\\\/fgc\\\/\"},{\"@type\":\"ListItem\",\"position\":2,\"name\":\"StartUp dispositif 1275\"}]},{\"@type\":\"WebSite\",\"@id\":\"https:\\\/\\\/www.ummto.dz\\\/fgc\\\/#website\",\"url\":\"https:\\\/\\\/www.ummto.dz\\\/fgc\\\/\",\"name\":\"Facult\u00e9 de G\u00e9nie de la Construction\",\"description\":\"Facult\u00e9 de G\u00e9nie de la Construction\",\"potentialAction\":[{\"@type\":\"SearchAction\",\"target\":{\"@type\":\"EntryPoint\",\"urlTemplate\":\"https:\\\/\\\/www.ummto.dz\\\/fgc\\\/?s={search_term_string}\"},\"query-input\":{\"@type\":\"PropertyValueSpecification\",\"valueRequired\":true,\"valueName\":\"search_term_string\"}}],\"inLanguage\":\"fr-FR\"}]}<\/script>\n<!-- \/ Yoast SEO plugin. -->","yoast_head_json":{"title":"StartUp dispositif 1275 - Facult\u00e9 de G\u00e9nie de la Construction","description":"StartUp dispositif 1275 Programme d'\u00e9valuation Facult\u00e9 du G\u00e9nie de la Construction Universit\u00e9 Mouloud MAMMERI de Tizi Ouzou","robots":{"index":"index","follow":"follow","max-snippet":"max-snippet:-1","max-image-preview":"max-image-preview:large","max-video-preview":"max-video-preview:-1"},"canonical":"https:\/\/www.ummto.dz\/fgc\/startup-dispositif-1275\/","og_locale":"fr_FR","og_type":"article","og_title":"StartUp dispositif 1275 - Facult\u00e9 de G\u00e9nie de la Construction","og_description":"StartUp dispositif 1275 Programme d'\u00e9valuation Facult\u00e9 du G\u00e9nie de la Construction Universit\u00e9 Mouloud MAMMERI de Tizi Ouzou","og_url":"https:\/\/www.ummto.dz\/fgc\/startup-dispositif-1275\/","og_site_name":"Facult\u00e9 de G\u00e9nie de la Construction","article_modified_time":"2023-03-20T12:19:14+00:00","twitter_card":"summary_large_image","twitter_misc":{"Dur\u00e9e de lecture estim\u00e9e":"1 minute"},"schema":{"@context":"https:\/\/schema.org","@graph":[{"@type":"WebPage","@id":"https:\/\/www.ummto.dz\/fgc\/startup-dispositif-1275\/","url":"https:\/\/www.ummto.dz\/fgc\/startup-dispositif-1275\/","name":"StartUp dispositif 1275 - Facult\u00e9 de G\u00e9nie de la Construction","isPartOf":{"@id":"https:\/\/www.ummto.dz\/fgc\/#website"},"datePublished":"2023-03-20T12:06:46+00:00","dateModified":"2023-03-20T12:19:14+00:00","description":"StartUp dispositif 1275 Programme d'\u00e9valuation Facult\u00e9 du G\u00e9nie de la Construction Universit\u00e9 Mouloud MAMMERI de Tizi Ouzou","breadcrumb":{"@id":"https:\/\/www.ummto.dz\/fgc\/startup-dispositif-1275\/#breadcrumb"},"inLanguage":"fr-FR","potentialAction":[{"@type":"ReadAction","target":["https:\/\/www.ummto.dz\/fgc\/startup-dispositif-1275\/"]}]},{"@type":"BreadcrumbList","@id":"https:\/\/www.ummto.dz\/fgc\/startup-dispositif-1275\/#breadcrumb","itemListElement":[{"@type":"ListItem","position":1,"name":"Accueil","item":"https:\/\/www.ummto.dz\/fgc\/"},{"@type":"ListItem","position":2,"name":"StartUp dispositif 1275"}]},{"@type":"WebSite","@id":"https:\/\/www.ummto.dz\/fgc\/#website","url":"https:\/\/www.ummto.dz\/fgc\/","name":"Facult\u00e9 de G\u00e9nie de la Construction","description":"Facult\u00e9 de G\u00e9nie de la Construction","potentialAction":[{"@type":"SearchAction","target":{"@type":"EntryPoint","urlTemplate":"https:\/\/www.ummto.dz\/fgc\/?s={search_term_string}"},"query-input":{"@type":"PropertyValueSpecification","valueRequired":true,"valueName":"search_term_string"}}],"inLanguage":"fr-FR"}]}},"_links":{"self":[{"href":"https:\/\/www.ummto.dz\/fgc\/wp-json\/wp\/v2\/pages\/9344","targetHints":{"allow":["GET"]}}],"collection":[{"href":"https:\/\/www.ummto.dz\/fgc\/wp-json\/wp\/v2\/pages"}],"about":[{"href":"https:\/\/www.ummto.dz\/fgc\/wp-json\/wp\/v2\/types\/page"}],"author":[{"embeddable":true,"href":"https:\/\/www.ummto.dz\/fgc\/wp-json\/wp\/v2\/users\/4"}],"replies":[{"embeddable":true,"href":"https:\/\/www.ummto.dz\/fgc\/wp-json\/wp\/v2\/comments?post=9344"}],"version-history":[{"count":3,"href":"https:\/\/www.ummto.dz\/fgc\/wp-json\/wp\/v2\/pages\/9344\/revisions"}],"predecessor-version":[{"id":9348,"href":"https:\/\/www.ummto.dz\/fgc\/wp-json\/wp\/v2\/pages\/9344\/revisions\/9348"}],"wp:attachment":[{"href":"https:\/\/www.ummto.dz\/fgc\/wp-json\/wp\/v2\/media?parent=9344"}],"curies":[{"name":"wp","href":"https:\/\/api.w.org\/{rel}","templated":true}]}}