{"id":9714,"date":"2023-05-08T14:38:33","date_gmt":"2023-05-08T12:38:33","guid":{"rendered":"https:\/\/www.ummto.dz\/fgc\/?page_id=9714"},"modified":"2025-01-28T13:35:38","modified_gmt":"2025-01-28T12:35:38","slug":"documents-a-telecharger","status":"publish","type":"page","link":"https:\/\/www.ummto.dz\/fgc\/departements-5\/documents-a-telecharger\/","title":{"rendered":"Documents \u00e0 t\u00e9l\u00e9charger"},"content":{"rendered":"<p>[et_pb_section fb_built=\u00a0\u00bb1&Prime; _builder_version=\u00a0\u00bb4.21.0&Prime; _module_preset=\u00a0\u00bbdefault\u00a0\u00bb global_colors_info=\u00a0\u00bb{}\u00a0\u00bb][et_pb_row column_structure=\u00a0\u00bb1_4,1_4,1_4,1_4&Prime; _builder_version=\u00a0\u00bb4.21.0&Prime; _module_preset=\u00a0\u00bbdefault\u00a0\u00bb global_colors_info=\u00a0\u00bb{}\u00a0\u00bb][et_pb_column type=\u00a0\u00bb1_4&Prime; _builder_version=\u00a0\u00bb4.21.0&Prime; _module_preset=\u00a0\u00bbdefault\u00a0\u00bb global_colors_info=\u00a0\u00bb{}\u00a0\u00bb][et_pb_image src=\u00a0\u00bbhttps:\/\/www.ummto.dz\/fgc\/wp-content\/uploads\/2021\/10\/dspace-1.webp\u00a0\u00bb title_text=\u00a0\u00bbdspace\u00a0\u00bb url=\u00a0\u00bbhttps:\/\/dl.ummto.dz\/\u00a0\u00bb url_new_window=\u00a0\u00bbon\u00a0\u00bb _builder_version=\u00a0\u00bb4.16&Prime; _module_preset=\u00a0\u00bbdefault\u00a0\u00bb box_shadow_style=\u00a0\u00bbpreset1&Prime; global_colors_info=\u00a0\u00bb{}\u00a0\u00bb][\/et_pb_image][\/et_pb_column][et_pb_column type=\u00a0\u00bb1_4&Prime; _builder_version=\u00a0\u00bb4.21.0&Prime; _module_preset=\u00a0\u00bbdefault\u00a0\u00bb global_colors_info=\u00a0\u00bb{}\u00a0\u00bb][et_pb_image src=\u00a0\u00bbhttps:\/\/www.ummto.dz\/fgc\/wp-content\/uploads\/2021\/10\/BU-1.webp\u00a0\u00bb title_text=\u00a0\u00bbBU\u00a0\u00bb url=\u00a0\u00bbhttps:\/\/www.ummto.dz\/bibliotheque-universitaire\/\u00a0\u00bb url_new_window=\u00a0\u00bbon\u00a0\u00bb _builder_version=\u00a0\u00bb4.16&Prime; _module_preset=\u00a0\u00bbdefault\u00a0\u00bb box_shadow_style=\u00a0\u00bbpreset1&Prime; global_colors_info=\u00a0\u00bb{}\u00a0\u00bb][\/et_pb_image][\/et_pb_column][et_pb_column type=\u00a0\u00bb1_4&Prime; _builder_version=\u00a0\u00bb4.21.0&Prime; _module_preset=\u00a0\u00bbdefault\u00a0\u00bb global_colors_info=\u00a0\u00bb{}\u00a0\u00bb][et_pb_image src=\u00a0\u00bbhttps:\/\/www.ummto.dz\/fgc\/wp-content\/uploads\/2021\/10\/moodle-2.webp\u00a0\u00bb title_text=\u00a0\u00bbmoodle\u00a0\u00bb url=\u00a0\u00bbhttps:\/\/teleensm.ummto.dz\/\u00a0\u00bb url_new_window=\u00a0\u00bbon\u00a0\u00bb _builder_version=\u00a0\u00bb4.16&Prime; _module_preset=\u00a0\u00bbdefault\u00a0\u00bb box_shadow_style=\u00a0\u00bbpreset1&Prime; global_colors_info=\u00a0\u00bb{}\u00a0\u00bb][\/et_pb_image][\/et_pb_column][et_pb_column type=\u00a0\u00bb1_4&Prime; _builder_version=\u00a0\u00bb4.21.0&Prime; _module_preset=\u00a0\u00bbdefault\u00a0\u00bb global_colors_info=\u00a0\u00bb{}\u00a0\u00bb][et_pb_image src=\u00a0\u00bbhttps:\/\/www.ummto.dz\/fgc\/wp-content\/uploads\/2021\/10\/S.N.D.L-1.webp\u00a0\u00bb title_text=\u00a0\u00bbS.N.D.L\u00a0\u00bb url=\u00a0\u00bbhttps:\/\/www.sndl.cerist.dz\/\u00a0\u00bb url_new_window=\u00a0\u00bbon\u00a0\u00bb _builder_version=\u00a0\u00bb4.16&Prime; _module_preset=\u00a0\u00bbdefault\u00a0\u00bb custom_margin=\u00a0\u00bb8px||||false|false\u00a0\u00bb box_shadow_style=\u00a0\u00bbpreset1&Prime; global_colors_info=\u00a0\u00bb{}\u00a0\u00bb][\/et_pb_image][\/et_pb_column][\/et_pb_row][et_pb_row _builder_version=\u00a0\u00bb4.21.0&Prime; _module_preset=\u00a0\u00bbdefault\u00a0\u00bb global_colors_info=\u00a0\u00bb{}\u00a0\u00bb][et_pb_column type=\u00a0\u00bb4_4&Prime; _builder_version=\u00a0\u00bb4.21.0&Prime; _module_preset=\u00a0\u00bbdefault\u00a0\u00bb global_colors_info=\u00a0\u00bb{}\u00a0\u00bb][et_pb_text _builder_version=\u00a0\u00bb4.27.4&Prime; _module_preset=\u00a0\u00bbdefault\u00a0\u00bb custom_padding=\u00a0\u00bb|||15px|false|false\u00a0\u00bb hover_enabled=\u00a0\u00bb0&Prime; box_shadow_style=\u00a0\u00bbpreset2&Prime; global_colors_info=\u00a0\u00bb{}\u00a0\u00bb sticky_enabled=\u00a0\u00bb0&Prime;]<\/p>\n<p style=\"text-align: center\">Documents en telechargement<\/p>\n<ul>\n<li><a href=\"https:\/\/www.ummto.dz\/fgc\/wp-content\/uploads\/2023\/05\/Demande-de-Stage.pdf\" rel=\"attachment wp-att-9724\">Demande de Stage<\/a><\/li>\n<\/ul>\n<p style=\"text-align: center\">Cours en t\u00e9l\u00e9chargement G\u00e9nie M\u00e9canique<\/p>\n<ul>\n<li style=\"text-align: left\">28\/01\/2025\n<ul>\n<li><a href=\"https:\/\/www.ummto.dz\/fgc\/wp-content\/uploads\/2025\/01\/Polycopie-de-TP-delectricite-physique-2-ST-ING.-2024-2025.pdf\" rel=\"attachment wp-att-14545\">Polycopi\u00e9 de TP d&rsquo;\u00e9lectricit\u00e9 (physique 2) ST-ING. 2024-2025<\/a><\/li>\n<\/ul>\n<\/li>\n<li style=\"text-align: left\">21\/01\/2024\n<ul>\n<li style=\"text-align: left\"><a href=\"https:\/\/www.ummto.dz\/fgc\/wp-content\/uploads\/2024\/01\/Machines-frigorifiques-et-pompe-a-chaleur.pdf\" rel=\"attachment wp-att-11522\">Machines frigorifiques et pompe \u00e0 chaleur<\/a><\/li>\n<\/ul>\n<\/li>\n<li style=\"text-align: left\">18\/12\/2023\n<ul>\n<li><a href=\"https:\/\/www.ummto.dz\/fgc\/wp-content\/uploads\/2023\/12\/TD-charges-cycliques-M1CM.pdf\" rel=\"attachment wp-att-11291\">TD charges cycliques M1CM<\/a><\/li>\n<li><a href=\"https:\/\/www.ummto.dz\/fgc\/wp-content\/uploads\/2023\/12\/TD-Puissance-de-coupe-M1FMP.pdf\" rel=\"attachment wp-att-11292\">TD Puissance de coupe M1FMP<\/a><\/li>\n<\/ul>\n<\/li>\n<li><a href=\"https:\/\/www.ummto.dz\/fgc\/wp-content\/uploads\/2023\/11\/Cours-Management-de-la-Qualite-pour-M1FCC-M2EN-M2FMP-1.pptx\" rel=\"attachment wp-att-11006\">Cours Management de la Qualit\u00e9 pour M1FCC &#8211; M2EN &#8211; M2FMP<\/a><\/li>\n<li style=\"text-align: left\">06\/12\/2023\n<ul>\n<li style=\"text-align: left\"><a href=\"https:\/\/www.ummto.dz\/fgc\/wp-content\/uploads\/2023\/12\/Cours-Charges-cycliques-M1CM-.pdf\" rel=\"attachment wp-att-11131\">Cours Charges cycliques M1CM<\/a><\/li>\n<li style=\"text-align: left\"><a href=\"https:\/\/www.ummto.dz\/fgc\/wp-content\/uploads\/2023\/12\/TD-PUISSANCE-DE-COUPE-M1FMP.pdf\" rel=\"attachment wp-att-11132\">TD PUISSANCE DE COUPE M1FMP<\/a><\/li>\n<\/ul>\n<\/li>\n<\/ul>\n<p>&nbsp;<\/p>\n<p>[\/et_pb_text][\/et_pb_column][\/et_pb_row][\/et_pb_section]<\/p>\n","protected":false},"excerpt":{"rendered":"<p>Documents en telechargement Demande de Stage Cours en t\u00e9l\u00e9chargement G\u00e9nie M\u00e9canique 28\/01\/2025 Polycopi\u00e9 de TP d&rsquo;\u00e9lectricit\u00e9 (physique 2) ST-ING. 2024-2025 21\/01\/2024 Machines frigorifiques et pompe \u00e0 chaleur 18\/12\/2023 TD charges cycliques M1CM TD Puissance de coupe M1FMP Cours Management de la Qualit\u00e9 pour M1FCC &#8211; M2EN &#8211; M2FMP 06\/12\/2023 Cours Charges cycliques M1CM TD PUISSANCE [&hellip;]<\/p>\n","protected":false},"author":4,"featured_media":0,"parent":2606,"menu_order":0,"comment_status":"closed","ping_status":"closed","template":"","meta":{"_et_pb_use_builder":"on","_et_pb_old_content":"<!-- wp:divi\/placeholder \/-->","_et_gb_content_width":"","footnotes":""},"class_list":["post-9714","page","type-page","status-publish","hentry"],"yoast_head":"<!-- This site is optimized with the Yoast SEO plugin v27.3 - https:\/\/yoast.com\/product\/yoast-seo-wordpress\/ -->\n<title>Documents \u00e0 t\u00e9l\u00e9charger - Facult\u00e9 de G\u00e9nie de la Construction<\/title>\n<meta name=\"description\" content=\"Documents \u00e0 t\u00e9l\u00e9charger facult\u00e9 du G\u00e9nie de la Construction Universit\u00e9 Mouloud MAMMERI de Tizi Ouzou\" \/>\n<meta name=\"robots\" content=\"index, follow, max-snippet:-1, max-image-preview:large, max-video-preview:-1\" \/>\n<link rel=\"canonical\" href=\"https:\/\/www.ummto.dz\/fgc\/departements-5\/documents-a-telecharger\/\" \/>\n<meta property=\"og:locale\" content=\"fr_FR\" \/>\n<meta property=\"og:type\" content=\"article\" \/>\n<meta property=\"og:title\" content=\"Documents \u00e0 t\u00e9l\u00e9charger - Facult\u00e9 de G\u00e9nie de la Construction\" \/>\n<meta property=\"og:description\" content=\"Documents \u00e0 t\u00e9l\u00e9charger facult\u00e9 du G\u00e9nie de la Construction Universit\u00e9 Mouloud MAMMERI de Tizi Ouzou\" \/>\n<meta property=\"og:url\" content=\"https:\/\/www.ummto.dz\/fgc\/departements-5\/documents-a-telecharger\/\" \/>\n<meta property=\"og:site_name\" content=\"Facult\u00e9 de G\u00e9nie de la Construction\" \/>\n<meta property=\"article:modified_time\" content=\"2025-01-28T12:35:38+00:00\" \/>\n<meta name=\"twitter:card\" content=\"summary_large_image\" \/>\n<script type=\"application\/ld+json\" class=\"yoast-schema-graph\">{\"@context\":\"https:\\\/\\\/schema.org\",\"@graph\":[{\"@type\":\"WebPage\",\"@id\":\"https:\\\/\\\/www.ummto.dz\\\/fgc\\\/departements-5\\\/documents-a-telecharger\\\/\",\"url\":\"https:\\\/\\\/www.ummto.dz\\\/fgc\\\/departements-5\\\/documents-a-telecharger\\\/\",\"name\":\"Documents \u00e0 t\u00e9l\u00e9charger - Facult\u00e9 de G\u00e9nie de la Construction\",\"isPartOf\":{\"@id\":\"https:\\\/\\\/www.ummto.dz\\\/fgc\\\/#website\"},\"datePublished\":\"2023-05-08T12:38:33+00:00\",\"dateModified\":\"2025-01-28T12:35:38+00:00\",\"description\":\"Documents \u00e0 t\u00e9l\u00e9charger facult\u00e9 du G\u00e9nie de la Construction Universit\u00e9 Mouloud MAMMERI de Tizi Ouzou\",\"breadcrumb\":{\"@id\":\"https:\\\/\\\/www.ummto.dz\\\/fgc\\\/departements-5\\\/documents-a-telecharger\\\/#breadcrumb\"},\"inLanguage\":\"fr-FR\",\"potentialAction\":[{\"@type\":\"ReadAction\",\"target\":[\"https:\\\/\\\/www.ummto.dz\\\/fgc\\\/departements-5\\\/documents-a-telecharger\\\/\"]}]},{\"@type\":\"BreadcrumbList\",\"@id\":\"https:\\\/\\\/www.ummto.dz\\\/fgc\\\/departements-5\\\/documents-a-telecharger\\\/#breadcrumb\",\"itemListElement\":[{\"@type\":\"ListItem\",\"position\":1,\"name\":\"Accueil\",\"item\":\"https:\\\/\\\/www.ummto.dz\\\/fgc\\\/\"},{\"@type\":\"ListItem\",\"position\":2,\"name\":\"D\u00e9partements\",\"item\":\"https:\\\/\\\/www.ummto.dz\\\/fgc\\\/departements-5\\\/\"},{\"@type\":\"ListItem\",\"position\":3,\"name\":\"Documents \u00e0 t\u00e9l\u00e9charger\"}]},{\"@type\":\"WebSite\",\"@id\":\"https:\\\/\\\/www.ummto.dz\\\/fgc\\\/#website\",\"url\":\"https:\\\/\\\/www.ummto.dz\\\/fgc\\\/\",\"name\":\"Facult\u00e9 de G\u00e9nie de la Construction\",\"description\":\"Facult\u00e9 de G\u00e9nie de la Construction\",\"potentialAction\":[{\"@type\":\"SearchAction\",\"target\":{\"@type\":\"EntryPoint\",\"urlTemplate\":\"https:\\\/\\\/www.ummto.dz\\\/fgc\\\/?s={search_term_string}\"},\"query-input\":{\"@type\":\"PropertyValueSpecification\",\"valueRequired\":true,\"valueName\":\"search_term_string\"}}],\"inLanguage\":\"fr-FR\"}]}<\/script>\n<!-- \/ Yoast SEO plugin. -->","yoast_head_json":{"title":"Documents \u00e0 t\u00e9l\u00e9charger - Facult\u00e9 de G\u00e9nie de la Construction","description":"Documents \u00e0 t\u00e9l\u00e9charger facult\u00e9 du G\u00e9nie de la Construction Universit\u00e9 Mouloud MAMMERI de Tizi Ouzou","robots":{"index":"index","follow":"follow","max-snippet":"max-snippet:-1","max-image-preview":"max-image-preview:large","max-video-preview":"max-video-preview:-1"},"canonical":"https:\/\/www.ummto.dz\/fgc\/departements-5\/documents-a-telecharger\/","og_locale":"fr_FR","og_type":"article","og_title":"Documents \u00e0 t\u00e9l\u00e9charger - Facult\u00e9 de G\u00e9nie de la Construction","og_description":"Documents \u00e0 t\u00e9l\u00e9charger facult\u00e9 du G\u00e9nie de la Construction Universit\u00e9 Mouloud MAMMERI de Tizi Ouzou","og_url":"https:\/\/www.ummto.dz\/fgc\/departements-5\/documents-a-telecharger\/","og_site_name":"Facult\u00e9 de G\u00e9nie de la Construction","article_modified_time":"2025-01-28T12:35:38+00:00","twitter_card":"summary_large_image","schema":{"@context":"https:\/\/schema.org","@graph":[{"@type":"WebPage","@id":"https:\/\/www.ummto.dz\/fgc\/departements-5\/documents-a-telecharger\/","url":"https:\/\/www.ummto.dz\/fgc\/departements-5\/documents-a-telecharger\/","name":"Documents \u00e0 t\u00e9l\u00e9charger - Facult\u00e9 de G\u00e9nie de la Construction","isPartOf":{"@id":"https:\/\/www.ummto.dz\/fgc\/#website"},"datePublished":"2023-05-08T12:38:33+00:00","dateModified":"2025-01-28T12:35:38+00:00","description":"Documents \u00e0 t\u00e9l\u00e9charger facult\u00e9 du G\u00e9nie de la Construction Universit\u00e9 Mouloud MAMMERI de Tizi Ouzou","breadcrumb":{"@id":"https:\/\/www.ummto.dz\/fgc\/departements-5\/documents-a-telecharger\/#breadcrumb"},"inLanguage":"fr-FR","potentialAction":[{"@type":"ReadAction","target":["https:\/\/www.ummto.dz\/fgc\/departements-5\/documents-a-telecharger\/"]}]},{"@type":"BreadcrumbList","@id":"https:\/\/www.ummto.dz\/fgc\/departements-5\/documents-a-telecharger\/#breadcrumb","itemListElement":[{"@type":"ListItem","position":1,"name":"Accueil","item":"https:\/\/www.ummto.dz\/fgc\/"},{"@type":"ListItem","position":2,"name":"D\u00e9partements","item":"https:\/\/www.ummto.dz\/fgc\/departements-5\/"},{"@type":"ListItem","position":3,"name":"Documents \u00e0 t\u00e9l\u00e9charger"}]},{"@type":"WebSite","@id":"https:\/\/www.ummto.dz\/fgc\/#website","url":"https:\/\/www.ummto.dz\/fgc\/","name":"Facult\u00e9 de G\u00e9nie de la Construction","description":"Facult\u00e9 de G\u00e9nie de la Construction","potentialAction":[{"@type":"SearchAction","target":{"@type":"EntryPoint","urlTemplate":"https:\/\/www.ummto.dz\/fgc\/?s={search_term_string}"},"query-input":{"@type":"PropertyValueSpecification","valueRequired":true,"valueName":"search_term_string"}}],"inLanguage":"fr-FR"}]}},"_links":{"self":[{"href":"https:\/\/www.ummto.dz\/fgc\/wp-json\/wp\/v2\/pages\/9714","targetHints":{"allow":["GET"]}}],"collection":[{"href":"https:\/\/www.ummto.dz\/fgc\/wp-json\/wp\/v2\/pages"}],"about":[{"href":"https:\/\/www.ummto.dz\/fgc\/wp-json\/wp\/v2\/types\/page"}],"author":[{"embeddable":true,"href":"https:\/\/www.ummto.dz\/fgc\/wp-json\/wp\/v2\/users\/4"}],"replies":[{"embeddable":true,"href":"https:\/\/www.ummto.dz\/fgc\/wp-json\/wp\/v2\/comments?post=9714"}],"version-history":[{"count":9,"href":"https:\/\/www.ummto.dz\/fgc\/wp-json\/wp\/v2\/pages\/9714\/revisions"}],"predecessor-version":[{"id":14546,"href":"https:\/\/www.ummto.dz\/fgc\/wp-json\/wp\/v2\/pages\/9714\/revisions\/14546"}],"up":[{"embeddable":true,"href":"https:\/\/www.ummto.dz\/fgc\/wp-json\/wp\/v2\/pages\/2606"}],"wp:attachment":[{"href":"https:\/\/www.ummto.dz\/fgc\/wp-json\/wp\/v2\/media?parent=9714"}],"curies":[{"name":"wp","href":"https:\/\/api.w.org\/{rel}","templated":true}]}}