{"id":356,"date":"2018-06-27T10:59:39","date_gmt":"2018-06-27T08:59:39","guid":{"rendered":"http:\/\/fgei.ummto.dz\/?page_id=356"},"modified":"2018-09-12T12:59:43","modified_gmt":"2018-09-12T10:59:43","slug":"textes-reglementaires-2","status":"publish","type":"page","link":"https:\/\/www.ummto.dz\/fgei\/textes-reglementaires-2\/","title":{"rendered":"Textes reglementaires"},"content":{"rendered":"<p><span style=\"text-decoration: underline; color: #0000ff;\"><strong><em>Doctorat en Sciences<\/em><\/strong><\/span><\/p>\n<ul>\n<li><span style=\"color: #000000;\"><a style=\"color: #000000;\" href=\"http:\/\/fgei.ummto.dz\/wp-content\/uploads\/2018\/07\/Circulaire-N\u00b0-03.pdf\">Circulaire N\u00b0 03 du 08-03-2018 relative aux conditions et aux modalit\u00e9s de soutenance d&rsquo;une th\u00e8se de doctorat en sciences<\/a>.<\/span><\/li>\n<li><span style=\"color: #000000;\"><a style=\"color: #000000;\" href=\"http:\/\/fgei.ummto.dz\/wp-content\/uploads\/2018\/07\/Arrete-N\u00b01776.pdf\">Arr\u00eat\u00e9s N\u00b01776 du 19 d\u00e9cembre 2016 portant d\u00e9finition des caract\u00e9ristiques relatives \u00e0 l\u2019attestation provisoire de succ\u00e8s en vue de l\u2019obtention du Dipl\u00f4me de Docteur en Sciences.<\/a><\/span><\/li>\n<li><span style=\"color: #000000;\"><a style=\"color: #000000;\" href=\"http:\/\/fgei.ummto.dz\/wp-content\/uploads\/2018\/07\/Arr\u00eat\u00e9-N\u00b0933-1-1.pdf\">Arr\u00eat\u00e9 N\u00b0 933 du 28 juillet 2016 fixant les r\u00e8gles relatives \u00e0 la pr\u00e9vention et la lutte contre le plagiat.<\/a><\/span><\/li>\n<li><span style=\"color: #000000;\"><a style=\"color: #000000;\" href=\"http:\/\/fgei.ummto.dz\/wp-content\/uploads\/2018\/07\/Arr\u00eat\u00e9-N\u00b0-201.pdf\">Arr\u00eat\u00e9 n\u00b0 201 du 31 octobre 2005 portant cr\u00e9ation d\u2019une Proc\u00e9dure de cotutelle de th\u00e8se.<\/a><\/span><\/li>\n<li><span style=\"color: #000000;\"><a style=\"color: #000000;\" href=\"http:\/\/fgei.ummto.dz\/wp-content\/uploads\/2018\/07\/D\u00e9cret-ex\u00e9cutif-n\u00b010-231-07.pdf\">D\u00e9cret ex\u00e9cutif n\u00b010-231 du 02 Octobre 2010 portant statut du Doctorant.<\/a><\/span><\/li>\n<li><span style=\"color: #000000;\"><a style=\"color: #000000;\" href=\"http:\/\/fgei.ummto.dz\/wp-content\/uploads\/2018\/07\/Decret-98-254-.pdf\">D\u00e9cret ex\u00e9cutif n\u00b098-254 du 17 ao\u00fbt 1998 relatif \u00e0 la formation doctorale, \u00e0 la post-graduation sp\u00e9cialis\u00e9e et \u00e0 l\u2019habilitation universitaire.<\/a><\/span><\/li>\n<\/ul>\n<p><span style=\"text-decoration: underline; color: #0000ff;\"><strong><em>Doctorat LMD<\/em><\/strong><\/span><\/p>\n<ul>\n<li><span style=\"color: #000000;\"><a style=\"color: #000000;\" href=\"http:\/\/fgei.ummto.dz\/wp-content\/uploads\/2018\/07\/note-acc\u00e8s-\u00e0-la-formation-de-troisi\u00e8me-.pdf\">Note relative aux modalit\u00e9s d&rsquo;organisation du concours d&rsquo;acc\u00e8s \u00e0 la formation de troisi\u00e8me cycle en vue de l&rsquo;obtention du dipl\u00f4me de doctorat.<\/a><\/span><\/li>\n<li><span style=\"color: #000000;\"><a style=\"color: #000000;\" href=\"http:\/\/fgei.ummto.dz\/wp-content\/uploads\/2018\/07\/Arr\u00eat\u00e9-N\u00b0-704.pdf\">Arr\u00eat\u00e9 N\u00b0 704 du 16 juin 2016 fixant les proc\u00e9dures et les modalit\u00e9s d&rsquo;organisation de cotutelle Internationale la formation de th\u00e8se de doctorat.<\/a><\/span><\/li>\n<li><span style=\"color: #000000;\"><a style=\"color: #000000;\" href=\"http:\/\/fgei.ummto.dz\/wp-content\/uploads\/2018\/07\/Arr\u00eat\u00e9-N\u00b0933-1-1.pdf\">Arr\u00eat\u00e9 N\u00b0 933 du 28 juillet 2016 fixant les r\u00e8gles relatives \u00e0 la pr\u00e9vention et la lutte contre le plagiat.<\/a><\/span><\/li>\n<li><span style=\"color: #000000;\"><a style=\"color: #000000;\" href=\"http:\/\/fgei.ummto.dz\/wp-content\/uploads\/2018\/07\/Arr\u00eat\u00e9-N\u00b0-547-Fr.pdf\">Arr\u00eat\u00e9 N\u00b0 547 du 02 Juin 2016 fixant les modalit\u00e9s d\u2019organisation de la formation de troisi\u00e8me cycle et les conditions de pr\u00e9paration et de soutenance de la th\u00e8se de doctorat.<\/a><\/span><\/li>\n<li><span style=\"color: #000000;\"><a style=\"color: #000000;\" href=\"http:\/\/fgei.ummto.dz\/wp-content\/uploads\/2018\/07\/Arr\u00eat\u00e9-N\u00b0-191.pdf\">Arr\u00eat\u00e9 n\u00b0 191 du 16 juillet 2012 fixant l\u2019organisation de la formation de troisi\u00e8me cycle en vue de l\u2019obtention du doctorat.<\/a><\/span><\/li>\n<li><span style=\"color: #000000;\"><a style=\"color: #000000;\" href=\"http:\/\/fgei.ummto.dz\/wp-content\/uploads\/2018\/07\/Arr\u00eat\u00e9-N\u00b0-345.pdf\">Arr\u00eat\u00e9 n\u00b0 345 du 17 Octobre 2012 modifiant et compl\u00e9tant l\u2019arr\u00eat\u00e9 n\u00b0191 du 16 juillet 2012 fixant l\u2019organisation de la formation de 3\u00e8me\u00a0cycle en vue de l\u2019obtention du doctorat.<\/a><\/span><\/li>\n<li><span style=\"color: #000000;\"><a style=\"color: #000000;\" href=\"http:\/\/fgei.ummto.dz\/wp-content\/uploads\/2018\/07\/Arrete-N\u00b0329.pdf\">Arr\u00eat\u00e9 n\u00b0329 du 05 Mai 2014 modifiant l\u2019arr\u00eat\u00e9 n\u00b0191 du 16 juillet 2012 fixant l\u2019organisation de la formation de 3\u00e8me cycle en vue de l\u2019obtention du doctorat.<\/a><\/span><\/li>\n<li><span style=\"color: #000000;\"><a style=\"color: #000000;\" href=\"http:\/\/fgei.ummto.dz\/wp-content\/uploads\/2018\/07\/Circulaire-N\u00b008.pdf\">D\u00e9cret ex\u00e9cutif n\u00b008-265 du \u00a019 ao\u00fbt 2008 en vue de l\u2019obtention du dipl\u00f4me de licence, Master et Doctorat.<\/a><\/span><\/li>\n<\/ul>\n","protected":false},"excerpt":{"rendered":"<p>Doctorat en Sciences Circulaire N\u00b0 03 du 08-03-2018 relative aux conditions et aux modalit\u00e9s de soutenance d&rsquo;une th\u00e8se de doctorat en sciences. Arr\u00eat\u00e9s N\u00b01776 du 19 d\u00e9cembre 2016 portant d\u00e9finition des caract\u00e9ristiques relatives \u00e0 l\u2019attestation provisoire de succ\u00e8s en vue de l\u2019obtention du Dipl\u00f4me de Docteur en Sciences. Arr\u00eat\u00e9 N\u00b0 933 du 28 juillet 2016 [&hellip;]<\/p>\n","protected":false},"author":1,"featured_media":0,"parent":0,"menu_order":0,"comment_status":"closed","ping_status":"closed","template":"","meta":{"_et_pb_use_builder":"","_et_pb_old_content":"","_et_gb_content_width":"","footnotes":""},"class_list":["post-356","page","type-page","status-publish","hentry"],"yoast_head":"<!-- This site is optimized with the Yoast SEO plugin v27.3 - https:\/\/yoast.com\/product\/yoast-seo-wordpress\/ -->\n<title>Textes reglementaires - Facult\u00e9 du G\u00e9nie Electrique et d&#039;Informatique<\/title>\n<meta name=\"robots\" content=\"index, follow, max-snippet:-1, max-image-preview:large, max-video-preview:-1\" \/>\n<link rel=\"canonical\" href=\"https:\/\/www.ummto.dz\/fgei\/textes-reglementaires-2\/\" \/>\n<meta property=\"og:locale\" content=\"fr_FR\" \/>\n<meta property=\"og:type\" content=\"article\" \/>\n<meta property=\"og:title\" content=\"Textes reglementaires - Facult\u00e9 du G\u00e9nie Electrique et d&#039;Informatique\" \/>\n<meta property=\"og:description\" content=\"Doctorat en Sciences Circulaire N\u00b0 03 du 08-03-2018 relative aux conditions et aux modalit\u00e9s de soutenance d&rsquo;une th\u00e8se de doctorat en sciences. Arr\u00eat\u00e9s N\u00b01776 du 19 d\u00e9cembre 2016 portant d\u00e9finition des caract\u00e9ristiques relatives \u00e0 l\u2019attestation provisoire de succ\u00e8s en vue de l\u2019obtention du Dipl\u00f4me de Docteur en Sciences. Arr\u00eat\u00e9 N\u00b0 933 du 28 juillet 2016 [&hellip;]\" \/>\n<meta property=\"og:url\" content=\"https:\/\/www.ummto.dz\/fgei\/textes-reglementaires-2\/\" \/>\n<meta property=\"og:site_name\" content=\"Facult\u00e9 du G\u00e9nie Electrique et d&#039;Informatique\" \/>\n<meta property=\"article:modified_time\" content=\"2018-09-12T10:59:43+00:00\" \/>\n<meta name=\"twitter:card\" content=\"summary_large_image\" \/>\n<meta name=\"twitter:label1\" content=\"Dur\u00e9e de lecture estim\u00e9e\" \/>\n\t<meta name=\"twitter:data1\" content=\"2 minutes\" \/>\n<script type=\"application\/ld+json\" class=\"yoast-schema-graph\">{\"@context\":\"https:\\\/\\\/schema.org\",\"@graph\":[{\"@type\":\"WebPage\",\"@id\":\"https:\\\/\\\/www.ummto.dz\\\/fgei\\\/textes-reglementaires-2\\\/\",\"url\":\"https:\\\/\\\/www.ummto.dz\\\/fgei\\\/textes-reglementaires-2\\\/\",\"name\":\"Textes reglementaires - Facult\u00e9 du G\u00e9nie Electrique et d&#039;Informatique\",\"isPartOf\":{\"@id\":\"https:\\\/\\\/www.ummto.dz\\\/fgei\\\/#website\"},\"datePublished\":\"2018-06-27T08:59:39+00:00\",\"dateModified\":\"2018-09-12T10:59:43+00:00\",\"breadcrumb\":{\"@id\":\"https:\\\/\\\/www.ummto.dz\\\/fgei\\\/textes-reglementaires-2\\\/#breadcrumb\"},\"inLanguage\":\"fr-FR\",\"potentialAction\":[{\"@type\":\"ReadAction\",\"target\":[\"https:\\\/\\\/www.ummto.dz\\\/fgei\\\/textes-reglementaires-2\\\/\"]}]},{\"@type\":\"BreadcrumbList\",\"@id\":\"https:\\\/\\\/www.ummto.dz\\\/fgei\\\/textes-reglementaires-2\\\/#breadcrumb\",\"itemListElement\":[{\"@type\":\"ListItem\",\"position\":1,\"name\":\"Accueil\",\"item\":\"https:\\\/\\\/www.ummto.dz\\\/fgei\\\/\"},{\"@type\":\"ListItem\",\"position\":2,\"name\":\"Textes reglementaires\"}]},{\"@type\":\"WebSite\",\"@id\":\"https:\\\/\\\/www.ummto.dz\\\/fgei\\\/#website\",\"url\":\"https:\\\/\\\/www.ummto.dz\\\/fgei\\\/\",\"name\":\"Facult\u00e9 du G\u00e9nie Electrique et d&#039;Informatique\",\"description\":\"UMMTO\",\"potentialAction\":[{\"@type\":\"SearchAction\",\"target\":{\"@type\":\"EntryPoint\",\"urlTemplate\":\"https:\\\/\\\/www.ummto.dz\\\/fgei\\\/?s={search_term_string}\"},\"query-input\":{\"@type\":\"PropertyValueSpecification\",\"valueRequired\":true,\"valueName\":\"search_term_string\"}}],\"inLanguage\":\"fr-FR\"}]}<\/script>\n<!-- \/ Yoast SEO plugin. -->","yoast_head_json":{"title":"Textes reglementaires - Facult\u00e9 du G\u00e9nie Electrique et d&#039;Informatique","robots":{"index":"index","follow":"follow","max-snippet":"max-snippet:-1","max-image-preview":"max-image-preview:large","max-video-preview":"max-video-preview:-1"},"canonical":"https:\/\/www.ummto.dz\/fgei\/textes-reglementaires-2\/","og_locale":"fr_FR","og_type":"article","og_title":"Textes reglementaires - Facult\u00e9 du G\u00e9nie Electrique et d&#039;Informatique","og_description":"Doctorat en Sciences Circulaire N\u00b0 03 du 08-03-2018 relative aux conditions et aux modalit\u00e9s de soutenance d&rsquo;une th\u00e8se de doctorat en sciences. Arr\u00eat\u00e9s N\u00b01776 du 19 d\u00e9cembre 2016 portant d\u00e9finition des caract\u00e9ristiques relatives \u00e0 l\u2019attestation provisoire de succ\u00e8s en vue de l\u2019obtention du Dipl\u00f4me de Docteur en Sciences. Arr\u00eat\u00e9 N\u00b0 933 du 28 juillet 2016 [&hellip;]","og_url":"https:\/\/www.ummto.dz\/fgei\/textes-reglementaires-2\/","og_site_name":"Facult\u00e9 du G\u00e9nie Electrique et d&#039;Informatique","article_modified_time":"2018-09-12T10:59:43+00:00","twitter_card":"summary_large_image","twitter_misc":{"Dur\u00e9e de lecture estim\u00e9e":"2 minutes"},"schema":{"@context":"https:\/\/schema.org","@graph":[{"@type":"WebPage","@id":"https:\/\/www.ummto.dz\/fgei\/textes-reglementaires-2\/","url":"https:\/\/www.ummto.dz\/fgei\/textes-reglementaires-2\/","name":"Textes reglementaires - Facult\u00e9 du G\u00e9nie Electrique et d&#039;Informatique","isPartOf":{"@id":"https:\/\/www.ummto.dz\/fgei\/#website"},"datePublished":"2018-06-27T08:59:39+00:00","dateModified":"2018-09-12T10:59:43+00:00","breadcrumb":{"@id":"https:\/\/www.ummto.dz\/fgei\/textes-reglementaires-2\/#breadcrumb"},"inLanguage":"fr-FR","potentialAction":[{"@type":"ReadAction","target":["https:\/\/www.ummto.dz\/fgei\/textes-reglementaires-2\/"]}]},{"@type":"BreadcrumbList","@id":"https:\/\/www.ummto.dz\/fgei\/textes-reglementaires-2\/#breadcrumb","itemListElement":[{"@type":"ListItem","position":1,"name":"Accueil","item":"https:\/\/www.ummto.dz\/fgei\/"},{"@type":"ListItem","position":2,"name":"Textes reglementaires"}]},{"@type":"WebSite","@id":"https:\/\/www.ummto.dz\/fgei\/#website","url":"https:\/\/www.ummto.dz\/fgei\/","name":"Facult\u00e9 du G\u00e9nie Electrique et d&#039;Informatique","description":"UMMTO","potentialAction":[{"@type":"SearchAction","target":{"@type":"EntryPoint","urlTemplate":"https:\/\/www.ummto.dz\/fgei\/?s={search_term_string}"},"query-input":{"@type":"PropertyValueSpecification","valueRequired":true,"valueName":"search_term_string"}}],"inLanguage":"fr-FR"}]}},"_links":{"self":[{"href":"https:\/\/www.ummto.dz\/fgei\/wp-json\/wp\/v2\/pages\/356","targetHints":{"allow":["GET"]}}],"collection":[{"href":"https:\/\/www.ummto.dz\/fgei\/wp-json\/wp\/v2\/pages"}],"about":[{"href":"https:\/\/www.ummto.dz\/fgei\/wp-json\/wp\/v2\/types\/page"}],"author":[{"embeddable":true,"href":"https:\/\/www.ummto.dz\/fgei\/wp-json\/wp\/v2\/users\/1"}],"replies":[{"embeddable":true,"href":"https:\/\/www.ummto.dz\/fgei\/wp-json\/wp\/v2\/comments?post=356"}],"version-history":[{"count":10,"href":"https:\/\/www.ummto.dz\/fgei\/wp-json\/wp\/v2\/pages\/356\/revisions"}],"predecessor-version":[{"id":633,"href":"https:\/\/www.ummto.dz\/fgei\/wp-json\/wp\/v2\/pages\/356\/revisions\/633"}],"wp:attachment":[{"href":"https:\/\/www.ummto.dz\/fgei\/wp-json\/wp\/v2\/media?parent=356"}],"curies":[{"name":"wp","href":"https:\/\/api.w.org\/{rel}","templated":true}]}}