{"id":362,"date":"2018-06-27T11:00:39","date_gmt":"2018-06-27T09:00:39","guid":{"rendered":"http:\/\/fgei.ummto.dz\/?page_id=362"},"modified":"2024-11-19T13:49:15","modified_gmt":"2024-11-19T12:49:15","slug":"doctorat-lmd","status":"publish","type":"page","link":"https:\/\/www.ummto.dz\/fgei\/doctorat-lmd\/","title":{"rendered":"Doctorat LMD"},"content":{"rendered":"<p>[et_pb_section fb_built=\u00a0\u00bb1&Prime; _builder_version=\u00a0\u00bb4.16&Prime; global_colors_info=\u00a0\u00bb{}\u00a0\u00bb][et_pb_row _builder_version=\u00a0\u00bb4.16&Prime; background_size=\u00a0\u00bbinitial\u00a0\u00bb background_position=\u00a0\u00bbtop_left\u00a0\u00bb background_repeat=\u00a0\u00bbrepeat\u00a0\u00bb global_colors_info=\u00a0\u00bb{}\u00a0\u00bb][et_pb_column type=\u00a0\u00bb4_4&Prime; _builder_version=\u00a0\u00bb4.16&Prime; custom_padding=\u00a0\u00bb|||\u00a0\u00bb global_colors_info=\u00a0\u00bb{}\u00a0\u00bb custom_padding__hover=\u00a0\u00bb|||\u00a0\u00bb][et_pb_text _builder_version=\u00a0\u00bb4.27.3&Prime; global_colors_info=\u00a0\u00bb{}\u00a0\u00bb text_font=\u00a0\u00bb||||||||\u00a0\u00bb text_text_color=\u00a0\u00bb#1F1F1F\u00a0\u00bb ul_font=\u00a0\u00bb||||||||\u00a0\u00bb ol_font=\u00a0\u00bb||||||||\u00a0\u00bb header_font=\u00a0\u00bbVollkorn||||||||\u00a0\u00bb header_font_size=\u00a0\u00bb84px\u00a0\u00bb header_font_size_tablet=\u00a0\u00bb35px\u00a0\u00bb header_font_size_phone=\u00a0\u00bb30px\u00a0\u00bb header_font_size_last_edited=\u00a0\u00bbon|desktop\u00a0\u00bb header_letter_spacing=\u00a0\u00bb1px\u00a0\u00bb header_line_height=\u00a0\u00bb1.2em\u00a0\u00bb header_2_font=\u00a0\u00bbVollkorn||||||||\u00a0\u00bb header_2_font_size=\u00a0\u00bb35px\u00a0\u00bb header_2_font_size_tablet=\u00a0\u00bb35px\u00a0\u00bb header_2_font_size_phone=\u00a0\u00bb30px\u00a0\u00bb header_2_font_size_last_edited=\u00a0\u00bbon|desktop\u00a0\u00bb header_2_letter_spacing=\u00a0\u00bb1px\u00a0\u00bb header_2_line_height=\u00a0\u00bb1.4em\u00a0\u00bb header_3_font=\u00a0\u00bb||||||||\u00a0\u00bb header_4_font=\u00a0\u00bb||||||||\u00a0\u00bb header_5_font=\u00a0\u00bb||||||||\u00a0\u00bb header_6_font=\u00a0\u00bb||||||||\u00a0\u00bb background_color=\u00a0\u00bb#FFFFFF\u00a0\u00bb text_orientation=\u00a0\u00bbcenter\u00a0\u00bb width=\u00a0\u00bb100%\u00a0\u00bb max_width=\u00a0\u00bb800px\u00a0\u00bb module_alignment=\u00a0\u00bbcenter\u00a0\u00bb custom_margin=\u00a0\u00bb||10px||false|false\u00a0\u00bb custom_padding=\u00a0\u00bb20px|10px||10px|false|false\u00a0\u00bb animation_style=\u00a0\u00bbslide\u00a0\u00bb animation_direction=\u00a0\u00bbleft\u00a0\u00bb animation_intensity_slide=\u00a0\u00bb2%\u00a0\u00bb box_shadow_style=\u00a0\u00bbpreset1&Prime; header_text_align=\u00a0\u00bbjustify\u00a0\u00bb hover_enabled=\u00a0\u00bb0&Prime; sticky_enabled=\u00a0\u00bb0&Prime;]<\/p>\n<p><!-- divi:paragraph --><!-- \/divi:paragraph --><\/p>\n<h5><span style=\"text-decoration: underline; color: #008000;\"><strong><\/strong><\/span><\/h5>\n<h5><span style=\"text-decoration: underline; color: #008000;\"><strong><\/strong><\/span><\/h5>\n<h5><span style=\"text-decoration: underline; color: #008000;\"><strong>1- Constitution du dossier d\u2019inscription en Doctorat 3<sup>\u00e8me<\/sup> Cycle (LMD)<\/strong><\/span><\/h5>\n<p style=\"text-align: justify;\"><strong><span style=\"color: #000080;\">Pi\u00e8ces \u00e0 fournir : <\/span><\/strong><\/p>\n<p style=\"text-align: justify;\"><span style=\"color: #000000;\"><span style=\"text-decoration: underline; color: #000080;\"><strong>Premi\u00e8re inscription <\/strong><\/span>(l\u2019int\u00e9ress\u00e9 aura \u00e0 fournir<strong><span style=\"color: #ff0000;\"> deux exemplaires<\/span><\/strong> du dossier)<\/span><\/p>\n<ul style=\"text-align: justify;\">\n<li><span style=\"color: #000000;\">Formulaire d\u2019inscription en 1<sup>\u00e8re<\/sup> ann\u00e9e de Doctorat (LMD) ( formulaire \u00e0 r\u00e9cup\u00e9rer au niveau de vice doyen \u00e0 la recherche)<span style=\"color: #ff0000;\"><\/span>. <\/span><\/li>\n<li><span style=\"color: #000000;\">D\u00e9claration sur l\u2019honneur de non inscription en Post-Graduation (l\u00e9galis\u00e9e<strong>)<\/strong><span style=\"color: #ff0000;\"><a style=\"color: #ff0000;\" href=\"https:\/\/www.ummto.dz\/fgei\/wp-content\/uploads\/2018\/07\/D\u00e9claration-sur-l\u2019Honneur.docx\"><strong> (\u00e0 t\u00e9l\u00e9charger ici)<\/strong><\/a><\/span>.<\/span><\/li>\n<li><span style=\"color: #000000;\">Lettre de motivation (comprenant l\u2019adresse compl\u00e8te, le t\u00e9l\u00e9phone, et l\u2019Email).<\/span><\/li>\n<li><span style=\"color: #000000;\">Attestation de bonne conduite<\/span><\/li>\n<li><span style=\"color: #000000;\">Original du dipl\u00f4me de Master (circulaire N\u00b0 01 du 12\/09\/2019)<\/span><\/li>\n<li><span style=\"color: #000000;\">Autorisation de l\u2019employeur pour les candidats salari\u00e9s<\/span><\/li>\n<li><span style=\"color: #000000;\">Copies des attestations des dipl\u00f4mes du Bac+ 1<sup>er<\/sup> cycle+2<sup>\u00e8me<\/sup> cycle (Master) ou Magister\/ Ing\u00e9nieur d\u2019Etat.<\/span><\/li>\n<li><span style=\"color: #000000;\">Extrait d\u2019acte de naissance r\u00e9cent.<\/span><\/li>\n<li><span style=\"color: #000000;\">Droits d\u2019inscription<span style=\"color: #ff0000;\"><strong> <a href=\"https:\/\/www.ummto.dz\/fgei\/wp-content\/uploads\/2023\/02\/mandat_CCP-FGEI_22-23.pdf\" target=\"_blank\" rel=\"noopener\" style=\"color: #ff0000;\">\u00e0 t\u00e9l\u00e9charger ici<\/a><\/strong><\/span>.<\/span><\/li>\n<li><span style=\"color: #000000;\">Relev\u00e9s de notes de tout le cursus avec pr\u00e9cision des sessions (Licence, Master), \u00e0 joindre \u00e9quivalence pour tout dipl\u00f4me obtenu \u00e0 l\u2019\u00e9tranger.<\/span><\/li>\n<li><span style=\"color: #000000;\">Une photo d\u2019identit\u00e9 (nom et pr\u00e9nom au verso).<\/span><\/li>\n<li><span style=\"color: #000000;\">Original sur le plan de travail d\u00e9taill\u00e9, dat\u00e9 et sign\u00e9 par le directeur de th\u00e8se.<\/span><\/li>\n<li><span style=\"color: #000000;\">CV du directeur de th\u00e8se actualis\u00e9<\/span><\/li>\n<li><span style=\"color: #000000;\">Attestation de Co-directeur de th\u00e8se vis\u00e9e par l\u2019encadreur, le cas \u00e9ch\u00e9ant, <a href=\"https:\/\/www.ummto.dz\/fgei\/wp-content\/uploads\/2023\/04\/attestation-de-co-direction.docx\" target=\"_blank\" rel=\"noopener\"><span style=\"color: #ff0000;\"><strong>\u00e0 t\u00e9l\u00e9charger i\u00e7i<\/strong><\/span><\/a>.<\/span><\/li>\n<li><span style=\"color: #000000;\">CV du Co-directeur de th\u00e8se, le cas \u00e9ch\u00e9ant.<\/span><\/li>\n<li><span style=\"color: #000000;\">Engagement par rapport au plagiat (conform\u00e9ment \u00e0 l\u2019arr\u00eat\u00e9 N\u00b0 933 du 28\/07\/2016)<strong><span style=\"color: #ff0000;\"><a style=\"color: #ff0000;\" href=\"https:\/\/www.ummto.dz\/fgei\/wp-content\/uploads\/2022\/02\/plagiat.doc\"> (\u00e0 t\u00e9l\u00e9charger ici)<\/a><\/span><\/strong>.<\/span><span style=\"color: #000000;\"><\/span><\/li>\n<\/ul>\n<p style=\"text-align: justify;\"><span style=\"color: #008000;\"><strong><u>2- Constitution du dossier de r\u00e9inscription en Doctorat 3<sup>\u00e8me<\/sup> Cycle (LMD)<\/u><\/strong><\/span><span style=\"color: #008000;\"><strong><u><\/u><\/strong><\/span><span style=\"color: #008000;\"><strong><u><\/u><\/strong><\/span><\/p>\n<p style=\"text-align: justify;\"><span style=\"color: #000000;\"><\/span><\/p>\n<p style=\"text-align: justify;\"><span style=\"color: #000080;\"><strong>\u00a0Pi\u00e8ces \u00e0 fournir<\/strong><\/span><\/p>\n<ul style=\"text-align: justify;\">\n<li><span style=\"color: #000000;\">Formulaire de r\u00e9inscription <span style=\"color: #ff0000;\"><a style=\"color: #ff0000;\" href=\"https:\/\/www.ummto.dz\/fgei\/wp-content\/uploads\/2018\/07\/Fiche-de-r\u00e9inscription-LMD.docx\"><strong>(\u00e0 t\u00e9l\u00e9charger ici)<\/strong>.\u00a0<\/a> <\/span><\/span><\/li>\n<li><span style=\"color: #000000;\">\u00c9tat d\u2019avancement vis\u00e9 par le Directeur de th\u00e8se et par le Co-Directeur.<\/span><\/li>\n<li><span style=\"color: #000000;\">Demande de d\u00e9rogation exceptionnelle pour une r\u00e9inscription suppl\u00e9mentaire en 4<sup>\u00e8me<\/sup> et 5<sup>\u00e8me<\/sup> ann\u00e9e<strong><span style=\"color: #000080;\"><span style=\"color: #ff0000;\"><a style=\"color: #ff0000;\" href=\"https:\/\/www.ummto.dz\/fgei\/wp-content\/uploads\/2018\/07\/D\u00e9rogation-LMD.docx\"> (\u00e0 t\u00e9l\u00e9charger ici)<\/a><\/span>.<\/span><\/strong><\/span><\/li>\n<li><span style=\"color: #000000;\">En cas de d\u00e9sistement de l\u2019encadreur, de changement ou reformulation de l\u2019intitul\u00e9 de la th\u00e8se, l\u2019encadreur doit pr\u00e9senter une demande manuscrite dat\u00e9e et sign\u00e9e par ce dernier. <\/span><\/li>\n<\/ul>\n<p style=\"text-align: justify;\"><span style=\"color: #000080;\"><strong><u>Remarque<\/u><\/strong><\/span><\/p>\n<ul>\n<li style=\"text-align: justify;\"><span style=\"color: #000000;\">L\u2019interruption des inscriptions en formation doctorale n\u2019est pas autoris\u00e9e (R\u00e9f\u00a0: Note minist\u00e9rielle n\u00b0 115\/DGEFS\/DFDHU\/SDFD\/2017 du 18 mai 2015).<\/span><\/li>\n<\/ul>\n<p>[\/et_pb_text][\/et_pb_column][\/et_pb_row][\/et_pb_section]<\/p>\n","protected":false},"excerpt":{"rendered":"<p>1- Constitution du dossier d\u2019inscription en Doctorat 3\u00e8me Cycle (LMD) Pi\u00e8ces \u00e0 fournir : Premi\u00e8re inscription (l\u2019int\u00e9ress\u00e9 aura \u00e0 fournir deux exemplaires du dossier) Formulaire d\u2019inscription en 1\u00e8re ann\u00e9e de Doctorat (LMD) ( formulaire \u00e0 r\u00e9cup\u00e9rer au niveau de vice doyen \u00e0 la recherche). D\u00e9claration sur l\u2019honneur de non inscription en Post-Graduation (l\u00e9galis\u00e9e) (\u00e0 t\u00e9l\u00e9charger [&hellip;]<\/p>\n","protected":false},"author":1,"featured_media":0,"parent":0,"menu_order":0,"comment_status":"closed","ping_status":"closed","template":"","meta":{"_et_pb_use_builder":"on","_et_pb_old_content":"<!-- wp:paragraph -->\n<p><\/p>\n<!-- \/wp:paragraph -->\n\n<ol>\n<li>\n<h5><span style=\"text-decoration: underline; color: #008000;\"><strong>Constitution du dossier d\u2019inscription en Doctorat 3<sup>\u00e8me<\/sup> Cycle (LMD)<\/strong><\/span><\/h5>\n<\/li>\n<\/ol>\n<p><strong><span style=\"color: #000080;\">Pi\u00e8ces \u00e0 fournir : <\/span><\/strong><\/p>\n<p><span style=\"color: #000000;\"><span style=\"text-decoration: underline; color: #000080;\"><strong>Premi\u00e8re inscription <\/strong><\/span>(l\u2019int\u00e9ress\u00e9 aura \u00e0 fournir<strong><span style=\"color: #ff0000;\"> deux exemplaires<\/span><\/strong> du dossier)<em><img class=\"size-thumbnail wp-image-132 alignright\" src=\"http:\/\/fgei.ummto.dz\/wp-content\/uploads\/2018\/01\/doctorat-1-150x150.png\" alt=\"\" width=\"150\" height=\"150\" \/><\/em><\/span><\/p>\n<ul>\n<li><span style=\"color: #000000;\">Formulaire d\u2019inscription en 1<sup>\u00e9re<\/sup> ann\u00e9e de Doctorat (LMD)<span style=\"color: #ff0000;\"><a style=\"color: #ff0000;\" href=\"https:\/\/www.ummto.dz\/fgei\/wp-content\/uploads\/2018\/07\/inscription-LMD.docx\"><strong> (\u00e0 t\u00e9l\u00e9charger ici)<\/strong><\/a><\/span>. <\/span><\/li>\n<li><span style=\"color: #000000;\">D\u00e9claration sur l\u2019honneur de non inscription en Post-Graduation (l\u00e9galis\u00e9e<strong>)<\/strong><span style=\"color: #ff0000;\"><a style=\"color: #ff0000;\" href=\"https:\/\/www.ummto.dz\/fgei\/wp-content\/uploads\/2018\/07\/D\u00e9claration-sur-l\u2019Honneur.docx\"><strong> (\u00e0 t\u00e9l\u00e9charger ici)<\/strong><\/a><\/span>.<\/span><\/li>\n<li>\n<p>Lettre de motivation (comprenant l\u2019adresse compl\u00e8te, le t\u00e9l\u00e9phone, et l\u2019Email).<\/p>\n<\/li>\n<li>\n<p>Attestation de bonne conduite<\/p>\n<\/li>\n<li>\n<p>Original du dipl\u00f4me de Master (circulaire N\u00b0 01 du 12\/09\/2019)<\/p>\n<\/li>\n<li>\n<p>Autorisation de l\u2019employeur pour les candidats salari\u00e9s<\/p>\n<\/li>\n<li>\n<p>Copies des attestations des dipl\u00f4mes du Bac+ 1<sup>er<\/sup> cycle+2<sup>\u00e8me<\/sup> cycle (Master) ou Magister\/ Ing\u00e9nieur d\u2019Etat.<\/p>\n<\/li>\n<li>\n<p>Extrait d\u2019acte de naissance r\u00e9cent.<\/p>\n<\/li>\n<li>\n<p>Droits d\u2019inscription \u00e0 t\u00e9l\u00e9charger ici.<\/p>\n<\/li>\n<li>\n<p>Relev\u00e9s de notes de tout le cursus avec pr\u00e9cision des sessions (Licence, Master), \u00e0 joindre \u00e9quivalence pour tout dipl\u00f4me obtenu \u00e0 l\u2019\u00e9tranger.<\/p>\n<\/li>\n<li>\n<p>Une photo d\u2019identit\u00e9 (nom et pr\u00e9nom au verso).<\/p>\n<\/li>\n<li>\n<p>Original sur le plan de travail d\u00e9taill\u00e9, dat\u00e9 et sign\u00e9 par le directeur de th\u00e8se.<\/p>\n<\/li>\n<li>\n<p>CV du directeur de th\u00e8se actualis\u00e9<\/p>\n<\/li>\n<li>\n<p>Attestation de Co-directeur de th\u00e8se vis\u00e9e par l\u2019encadreur, le cas \u00e9ch\u00e9ant.<\/p>\n<\/li>\n<li>\n<p>CV du Co-directeur de th\u00e8se, le cas \u00e9ch\u00e9ant.<\/p>\n<\/li>\n<li>\n<p>Engagement par rapport au plagiat (l\u00e9galis\u00e9) \u00e0 t\u00e9l\u00e9charger ici.<\/p>\n<\/li>\n<\/ul>\n<p><span style=\"color: #000080;\"><strong><u>Deuxi\u00e8me inscription<\/u><\/strong><\/span><\/p>\n<ul>\n<li><span style=\"color: #000000;\">Original du plan de travail d\u00e9taill\u00e9, dat\u00e9 de sign\u00e9 par le Directeur de th\u00e8se.<\/span><\/li>\n<li><span style=\"color: #000000;\">CV du Directeur de th\u00e8se.<\/span><\/li>\n<li><span style=\"color: #000000;\">Attestation de co-direction de th\u00e8se vis\u00e9e par l\u2019encadreur. <\/span><\/li>\n<li><span style=\"color: #000000;\">CV du co-directeur de th\u00e8se.<\/span><\/li>\n<li><span style=\"color: #000000;\">Engagement par rapport au plagiat (conform\u00e9ment \u00e0 l\u2019arr\u00eat\u00e9 N\u00b0 933 du 28\/07\/2016)<strong><span style=\"color: #ff0000;\"><a style=\"color: #ff0000;\" href=\"https:\/\/www.ummto.dz\/fgei\/wp-content\/uploads\/2022\/02\/plagiat.doc\"> (\u00e0 t\u00e9l\u00e9charger ici)<\/a><\/span><\/strong>.<\/span><\/li>\n<\/ul>\n<ol start=\"2\">\n<li>\n<h5><span style=\"color: #008000;\"><strong> <u>Constitution du dossier de r\u00e9inscription en Doctorat 3<sup>\u00e8me<\/sup> Cycle (LMD)<\/u><\/strong><\/span><\/h5>\n<\/li>\n<\/ol>\n<p><span style=\"color: #000080;\"><strong>\u00a0Pi\u00e8ces \u00e0 fournir<\/strong><\/span><\/p>\n<ul>\n<li><span style=\"color: #000000;\">Formulaire de r\u00e9inscription <span style=\"color: #ff0000;\"><a style=\"color: #ff0000;\" href=\"https:\/\/www.ummto.dz\/fgei\/wp-content\/uploads\/2018\/07\/Fiche-de-r\u00e9inscription-LMD.docx\"><strong>(\u00e0 t\u00e9l\u00e9charger ici)<\/strong>.\u00a0<\/a> <\/span><\/span><\/li>\n<li><span style=\"color: #000000;\">\u00c9tat d\u2019avancement vis\u00e9 par le Directeur de th\u00e8se et par le Co-Directeur.<\/span><\/li>\n<li><span style=\"color: #000000;\">Demande de d\u00e9rogation exceptionnelle pour une r\u00e9inscription suppl\u00e9mentaire en 4<sup>\u00e8me<\/sup> et 5<sup>\u00e8me<\/sup> ann\u00e9e<strong><span style=\"color: #000080;\"><span style=\"color: #ff0000;\"><a style=\"color: #ff0000;\" href=\"https:\/\/www.ummto.dz\/fgei\/wp-content\/uploads\/2018\/07\/D\u00e9rogation-LMD.docx\"> (\u00e0 t\u00e9l\u00e9charger ici)<\/a><\/span>.<\/span><\/strong><\/span><\/li>\n<li><span style=\"color: #000000;\">En cas de d\u00e9sistement de l\u2019encadreur, de changement ou reformulation de l\u2019intitul\u00e9 de la th\u00e8se, l\u2019encadreur doit pr\u00e9senter une demande manuscrite dat\u00e9e et sign\u00e9e par ce dernier. <\/span><\/li>\n<\/ul>\n<p><span style=\"color: #000080;\"><strong><u>Remarque<\/u><\/strong><\/span><\/p>\n<ul>\n<li><span style=\"color: #000000;\">L\u2019interruption des inscriptions en formation doctorale n\u2019est pas autoris\u00e9e (R\u00e9f\u00a0: Note minist\u00e9rielle n\u00b0 115\/DGEFS\/DFDHU\/SDFD\/2017 du 18 mai 2015).<\/span><\/li>\n<\/ul>","_et_gb_content_width":"","footnotes":""},"class_list":["post-362","page","type-page","status-publish","hentry"],"yoast_head":"<!-- This site is optimized with the Yoast SEO plugin v27.3 - https:\/\/yoast.com\/product\/yoast-seo-wordpress\/ -->\n<title>Doctorat LMD - Facult\u00e9 du G\u00e9nie Electrique et d&#039;Informatique<\/title>\n<meta name=\"robots\" content=\"index, follow, max-snippet:-1, max-image-preview:large, max-video-preview:-1\" \/>\n<link rel=\"canonical\" href=\"https:\/\/www.ummto.dz\/fgei\/doctorat-lmd\/\" \/>\n<meta property=\"og:locale\" content=\"fr_FR\" \/>\n<meta property=\"og:type\" content=\"article\" \/>\n<meta property=\"og:title\" content=\"Doctorat LMD - Facult\u00e9 du G\u00e9nie Electrique et d&#039;Informatique\" \/>\n<meta property=\"og:description\" content=\"1- Constitution du dossier d\u2019inscription en Doctorat 3\u00e8me Cycle (LMD) Pi\u00e8ces \u00e0 fournir : Premi\u00e8re inscription (l\u2019int\u00e9ress\u00e9 aura \u00e0 fournir deux exemplaires du dossier) Formulaire d\u2019inscription en 1\u00e8re ann\u00e9e de Doctorat (LMD) ( formulaire \u00e0 r\u00e9cup\u00e9rer au niveau de vice doyen \u00e0 la recherche). D\u00e9claration sur l\u2019honneur de non inscription en Post-Graduation (l\u00e9galis\u00e9e) (\u00e0 t\u00e9l\u00e9charger [&hellip;]\" \/>\n<meta property=\"og:url\" content=\"https:\/\/www.ummto.dz\/fgei\/doctorat-lmd\/\" \/>\n<meta property=\"og:site_name\" content=\"Facult\u00e9 du G\u00e9nie Electrique et d&#039;Informatique\" \/>\n<meta property=\"article:modified_time\" content=\"2024-11-19T12:49:15+00:00\" \/>\n<meta name=\"twitter:card\" content=\"summary_large_image\" \/>\n<meta name=\"twitter:label1\" content=\"Dur\u00e9e de lecture estim\u00e9e\" \/>\n\t<meta name=\"twitter:data1\" content=\"2 minutes\" \/>\n<script type=\"application\/ld+json\" class=\"yoast-schema-graph\">{\"@context\":\"https:\\\/\\\/schema.org\",\"@graph\":[{\"@type\":\"WebPage\",\"@id\":\"https:\\\/\\\/www.ummto.dz\\\/fgei\\\/doctorat-lmd\\\/\",\"url\":\"https:\\\/\\\/www.ummto.dz\\\/fgei\\\/doctorat-lmd\\\/\",\"name\":\"Doctorat LMD - Facult\u00e9 du G\u00e9nie Electrique et d&#039;Informatique\",\"isPartOf\":{\"@id\":\"https:\\\/\\\/www.ummto.dz\\\/fgei\\\/#website\"},\"datePublished\":\"2018-06-27T09:00:39+00:00\",\"dateModified\":\"2024-11-19T12:49:15+00:00\",\"breadcrumb\":{\"@id\":\"https:\\\/\\\/www.ummto.dz\\\/fgei\\\/doctorat-lmd\\\/#breadcrumb\"},\"inLanguage\":\"fr-FR\",\"potentialAction\":[{\"@type\":\"ReadAction\",\"target\":[\"https:\\\/\\\/www.ummto.dz\\\/fgei\\\/doctorat-lmd\\\/\"]}]},{\"@type\":\"BreadcrumbList\",\"@id\":\"https:\\\/\\\/www.ummto.dz\\\/fgei\\\/doctorat-lmd\\\/#breadcrumb\",\"itemListElement\":[{\"@type\":\"ListItem\",\"position\":1,\"name\":\"Accueil\",\"item\":\"https:\\\/\\\/www.ummto.dz\\\/fgei\\\/\"},{\"@type\":\"ListItem\",\"position\":2,\"name\":\"Doctorat LMD\"}]},{\"@type\":\"WebSite\",\"@id\":\"https:\\\/\\\/www.ummto.dz\\\/fgei\\\/#website\",\"url\":\"https:\\\/\\\/www.ummto.dz\\\/fgei\\\/\",\"name\":\"Facult\u00e9 du G\u00e9nie Electrique et d&#039;Informatique\",\"description\":\"UMMTO\",\"potentialAction\":[{\"@type\":\"SearchAction\",\"target\":{\"@type\":\"EntryPoint\",\"urlTemplate\":\"https:\\\/\\\/www.ummto.dz\\\/fgei\\\/?s={search_term_string}\"},\"query-input\":{\"@type\":\"PropertyValueSpecification\",\"valueRequired\":true,\"valueName\":\"search_term_string\"}}],\"inLanguage\":\"fr-FR\"}]}<\/script>\n<!-- \/ Yoast SEO plugin. -->","yoast_head_json":{"title":"Doctorat LMD - Facult\u00e9 du G\u00e9nie Electrique et d&#039;Informatique","robots":{"index":"index","follow":"follow","max-snippet":"max-snippet:-1","max-image-preview":"max-image-preview:large","max-video-preview":"max-video-preview:-1"},"canonical":"https:\/\/www.ummto.dz\/fgei\/doctorat-lmd\/","og_locale":"fr_FR","og_type":"article","og_title":"Doctorat LMD - Facult\u00e9 du G\u00e9nie Electrique et d&#039;Informatique","og_description":"1- Constitution du dossier d\u2019inscription en Doctorat 3\u00e8me Cycle (LMD) Pi\u00e8ces \u00e0 fournir : Premi\u00e8re inscription (l\u2019int\u00e9ress\u00e9 aura \u00e0 fournir deux exemplaires du dossier) Formulaire d\u2019inscription en 1\u00e8re ann\u00e9e de Doctorat (LMD) ( formulaire \u00e0 r\u00e9cup\u00e9rer au niveau de vice doyen \u00e0 la recherche). D\u00e9claration sur l\u2019honneur de non inscription en Post-Graduation (l\u00e9galis\u00e9e) (\u00e0 t\u00e9l\u00e9charger [&hellip;]","og_url":"https:\/\/www.ummto.dz\/fgei\/doctorat-lmd\/","og_site_name":"Facult\u00e9 du G\u00e9nie Electrique et d&#039;Informatique","article_modified_time":"2024-11-19T12:49:15+00:00","twitter_card":"summary_large_image","twitter_misc":{"Dur\u00e9e de lecture estim\u00e9e":"2 minutes"},"schema":{"@context":"https:\/\/schema.org","@graph":[{"@type":"WebPage","@id":"https:\/\/www.ummto.dz\/fgei\/doctorat-lmd\/","url":"https:\/\/www.ummto.dz\/fgei\/doctorat-lmd\/","name":"Doctorat LMD - Facult\u00e9 du G\u00e9nie Electrique et d&#039;Informatique","isPartOf":{"@id":"https:\/\/www.ummto.dz\/fgei\/#website"},"datePublished":"2018-06-27T09:00:39+00:00","dateModified":"2024-11-19T12:49:15+00:00","breadcrumb":{"@id":"https:\/\/www.ummto.dz\/fgei\/doctorat-lmd\/#breadcrumb"},"inLanguage":"fr-FR","potentialAction":[{"@type":"ReadAction","target":["https:\/\/www.ummto.dz\/fgei\/doctorat-lmd\/"]}]},{"@type":"BreadcrumbList","@id":"https:\/\/www.ummto.dz\/fgei\/doctorat-lmd\/#breadcrumb","itemListElement":[{"@type":"ListItem","position":1,"name":"Accueil","item":"https:\/\/www.ummto.dz\/fgei\/"},{"@type":"ListItem","position":2,"name":"Doctorat LMD"}]},{"@type":"WebSite","@id":"https:\/\/www.ummto.dz\/fgei\/#website","url":"https:\/\/www.ummto.dz\/fgei\/","name":"Facult\u00e9 du G\u00e9nie Electrique et d&#039;Informatique","description":"UMMTO","potentialAction":[{"@type":"SearchAction","target":{"@type":"EntryPoint","urlTemplate":"https:\/\/www.ummto.dz\/fgei\/?s={search_term_string}"},"query-input":{"@type":"PropertyValueSpecification","valueRequired":true,"valueName":"search_term_string"}}],"inLanguage":"fr-FR"}]}},"_links":{"self":[{"href":"https:\/\/www.ummto.dz\/fgei\/wp-json\/wp\/v2\/pages\/362","targetHints":{"allow":["GET"]}}],"collection":[{"href":"https:\/\/www.ummto.dz\/fgei\/wp-json\/wp\/v2\/pages"}],"about":[{"href":"https:\/\/www.ummto.dz\/fgei\/wp-json\/wp\/v2\/types\/page"}],"author":[{"embeddable":true,"href":"https:\/\/www.ummto.dz\/fgei\/wp-json\/wp\/v2\/users\/1"}],"replies":[{"embeddable":true,"href":"https:\/\/www.ummto.dz\/fgei\/wp-json\/wp\/v2\/comments?post=362"}],"version-history":[{"count":28,"href":"https:\/\/www.ummto.dz\/fgei\/wp-json\/wp\/v2\/pages\/362\/revisions"}],"predecessor-version":[{"id":8436,"href":"https:\/\/www.ummto.dz\/fgei\/wp-json\/wp\/v2\/pages\/362\/revisions\/8436"}],"wp:attachment":[{"href":"https:\/\/www.ummto.dz\/fgei\/wp-json\/wp\/v2\/media?parent=362"}],"curies":[{"name":"wp","href":"https:\/\/api.w.org\/{rel}","templated":true}]}}