{"id":634,"date":"2018-09-12T13:06:15","date_gmt":"2018-09-12T11:06:15","guid":{"rendered":"http:\/\/fgei.ummto.dz\/?page_id=634"},"modified":"2018-09-12T13:12:37","modified_gmt":"2018-09-12T11:12:37","slug":"bourses-pne","status":"publish","type":"page","link":"https:\/\/www.ummto.dz\/fgei\/bourses-pne\/","title":{"rendered":"Bourses  PNE"},"content":{"rendered":"<p><span style=\"color: #000000;\"><strong>Bilan du Programme National Exceptionnel (PNE) \u00a0de l\u2019ann\u00e9e Universitaire2005\/2006 \u00e0 2016\/2017<\/strong><\/span><\/p>\n<table width=\"987\">\n<tbody>\n<tr>\n<td width=\"97\"><span style=\"color: #000000;\"><strong><em>Ann\u00e9e de D\u00e9part<\/em><\/strong><\/span><\/td>\n<td width=\"154\"><span style=\"color: #000000;\"><strong><em>Nom &amp; Pr\u00e9nom<\/em><\/strong><\/span><\/td>\n<td width=\"123\"><span style=\"color: #000000;\"><strong><em>Sp\u00e9cialit\u00e9<\/em><\/strong><\/span><\/td>\n<td width=\"104\"><span style=\"color: #000000;\"><strong><em>Pays d&rsquo;Accueil<\/em><\/strong><\/span><\/td>\n<td width=\"113\"><span style=\"color: #000000;\"><strong><em>Dur\u00e9e Formation\u00a0 <\/em><\/strong><\/span><\/td>\n<td width=\"123\"><span style=\"color: #000000;\"><strong><em>D\u00e9but de Formation<\/em><\/strong><\/span><\/td>\n<td width=\"113\"><span style=\"color: #000000;\"><strong><em>Fin de Formation<\/em><\/strong><\/span><\/td>\n<td width=\"161\"><span style=\"color: #000000;\"><strong><em>Soutenance Effectu\u00e9es <\/em><\/strong><\/span><\/td>\n<\/tr>\n<tr>\n<td rowspan=\"2\" width=\"97\"><span style=\"color: #000000;\">2005\/2006<\/span><\/td>\n<td width=\"154\"><span style=\"color: #000000;\">BEN SIDHOUM Mohand Outahar<\/span><\/td>\n<td width=\"123\"><span style=\"color: #000000;\">Automatique<\/span><\/td>\n<td width=\"104\"><span style=\"color: #000000;\">France<\/span><\/td>\n<td width=\"113\"><span style=\"color: #000000;\">18 Mois<\/span><\/td>\n<td width=\"123\"><span style=\"color: #000000;\">07\/04\/2006 pr\u00e9vu 15\/10\/2005<\/span><\/td>\n<td width=\"113\"><span style=\"color: #000000;\">30\/08\/2007<\/span><\/td>\n<td width=\"161\"><span style=\"color: #000000;\">17\/12\/2008<\/span><\/td>\n<\/tr>\n<tr>\n<td width=\"154\"><span style=\"color: #000000;\">DAOUI Mehammed<\/span><\/td>\n<td width=\"123\"><span style=\"color: #000000;\">Informatique<\/span><\/td>\n<td width=\"104\"><span style=\"color: #000000;\">France<\/span><\/td>\n<td width=\"113\"><span style=\"color: #000000;\">12 Mois<\/span><\/td>\n<td width=\"123\"><span style=\"color: #000000;\">26\/01\/2006 pr\u00e9vu<\/span><\/p>\n<p><span style=\"color: #000000;\">15\/10\/2005<\/span><\/td>\n<td width=\"113\"><span style=\"color: #000000;\">30\/01\/2007<\/span><\/td>\n<td width=\"161\"><span style=\"color: #000000;\">02\/11\/2009<\/span><\/td>\n<\/tr>\n<tr>\n<td rowspan=\"2\" width=\"97\"><span style=\"color: #000000;\">2006\/2007<\/span><\/td>\n<td width=\"154\"><span style=\"color: #000000;\">BELKADI Malika<\/span><\/td>\n<td width=\"123\"><span style=\"color: #000000;\">Informatique<\/span><\/td>\n<td width=\"104\"><span style=\"color: #000000;\">France<\/span><\/td>\n<td width=\"113\"><span style=\"color: #000000;\">23 Mois<\/span><\/td>\n<td width=\"123\"><span style=\"color: #000000;\">01\/09\/2006<\/span><\/td>\n<td width=\"113\"><span style=\"color: #000000;\">30\/07\/2008<\/span><\/td>\n<td width=\"161\"><span style=\"color: #000000;\">12\/07\/2011<\/span><\/td>\n<\/tr>\n<tr>\n<td width=\"154\"><span style=\"color: #000000;\">LAGAB \/ AOUDJIT Rachida<\/span><\/td>\n<td width=\"123\"><span style=\"color: #000000;\">Informatique<\/span><\/td>\n<td width=\"104\"><span style=\"color: #000000;\">France<\/span><\/td>\n<td width=\"113\"><span style=\"color: #000000;\">23 Mois<\/span><\/td>\n<td width=\"123\"><span style=\"color: #000000;\">01\/09\/2006<\/span><\/td>\n<td width=\"113\"><span style=\"color: #000000;\">30\/07\/2008<\/span><\/td>\n<td width=\"161\"><span style=\"color: #000000;\">05\/05\/2011<\/span><\/td>\n<\/tr>\n<tr>\n<td width=\"97\"><span style=\"color: #000000;\">2007\/2008<\/span><\/td>\n<td width=\"154\"><span style=\"color: #000000;\">BENNAMANE Kamal<\/span><\/td>\n<td width=\"123\"><span style=\"color: #000000;\">\u00c9lectronique<\/span><\/td>\n<td width=\"104\"><span style=\"color: #000000;\">France<\/span><\/td>\n<td width=\"113\"><span style=\"color: #000000;\">18 Mois<\/span><\/td>\n<td width=\"123\"><span style=\"color: #000000;\">01\/09\/2007<\/span><\/td>\n<td width=\"113\"><span style=\"color: #000000;\">28\/02\/2009<\/span><\/td>\n<td width=\"161\"><span style=\"color: #000000;\">14\/11\/2010<\/span><\/td>\n<\/tr>\n<tr>\n<td width=\"97\"><span style=\"color: #000000;\">2008\/2009<\/span><\/td>\n<td width=\"154\"><span style=\"color: #000000;\">TAHANOUT Med<\/span><\/td>\n<td width=\"123\"><span style=\"color: #000000;\">Electronique<\/span><\/td>\n<td width=\"104\"><span style=\"color: #000000;\">France<\/span><\/td>\n<td width=\"113\"><span style=\"color: #000000;\">18 Mois<\/span><\/td>\n<td width=\"123\"><span style=\"color: #000000;\">01\/10\/2008<\/span><\/td>\n<td width=\"113\"><span style=\"color: #000000;\">31\/03\/2010<\/span><\/td>\n<td width=\"161\"><span style=\"color: #000000;\">13\/07\/2015<\/span><\/td>\n<\/tr>\n<tr>\n<td width=\"97\"><span style=\"color: #000000;\">2010\/2011<\/span><\/td>\n<td width=\"154\"><span style=\"color: #000000;\">HAMEG Samir<\/span><\/td>\n<td width=\"123\"><span style=\"color: #000000;\">Informatique<\/span><\/td>\n<td width=\"104\"><span style=\"color: #000000;\">France<\/span><\/td>\n<td width=\"113\"><span style=\"color: #000000;\">18 Mois<\/span><\/td>\n<td width=\"123\"><span style=\"color: #000000;\">01\/10\/2009<\/span><\/td>\n<td width=\"113\"><span style=\"color: #000000;\">01\/05\/2011<\/span><\/td>\n<td width=\"161\"><span style=\"color: #000000;\">Non Soutenu Mut\u00e9 le 01\/10\/2016 U\/Alger 1<\/span><\/td>\n<\/tr>\n<tr>\n<td width=\"97\"><span style=\"color: #000000;\">2012\/2013<\/span><\/td>\n<td width=\"154\"><span style=\"color: #000000;\">SOUALAH Mohamed Ourabah<\/span><\/td>\n<td width=\"123\"><span style=\"color: #000000;\">Informatique<\/span><\/td>\n<td width=\"104\"><span style=\"color: #000000;\">France<\/span><\/td>\n<td width=\"113\"><span style=\"color: #000000;\">18 Mois<\/span><\/td>\n<td width=\"123\"><span style=\"color: #000000;\">01.10.2012<\/span><\/td>\n<td width=\"113\"><span style=\"color: #000000;\">01.04.2014<\/span><\/td>\n<td width=\"161\"><span style=\"color: #000000;\">Non Soutenu<\/span><\/td>\n<\/tr>\n<tr>\n<td rowspan=\"6\" width=\"97\">&nbsp;<\/p>\n<p>&nbsp;<\/p>\n<p><span style=\"color: #000000;\">2014\/2015<\/span><\/td>\n<td width=\"154\"><span style=\"color: #000000;\">OUSLIMANI\u00a0\u00a0\u00a0\u00a0\u00a0\u00a0\u00a0\u00a0\u00a0\u00a0\u00a0\u00a0\u00a0 Farida<\/span><\/td>\n<td width=\"123\"><span style=\"color: #000000;\">Electronique<\/span><\/td>\n<td width=\"104\"><span style=\"color: #000000;\">France<\/span><\/td>\n<td width=\"113\"><span style=\"color: #000000;\">18 Mois<\/span><\/td>\n<td width=\"123\"><span style=\"color: #000000;\">01\/10\/2014<\/span><\/td>\n<td width=\"113\"><span style=\"color: #000000;\">30\/03\/2016<\/span><\/td>\n<td width=\"161\"><span style=\"color: #000000;\">Instance Soutenance<\/span><\/td>\n<\/tr>\n<tr>\n<td width=\"154\"><span style=\"color: #000000;\">DORBANE\u00a0\u00a0\u00a0\u00a0\u00a0\u00a0\u00a0\u00a0\u00a0\u00a0\u00a0\u00a0\u00a0\u00a0\u00a0\u00a0 Farida<\/span><\/td>\n<td width=\"123\"><span style=\"color: #000000;\">Automatique<\/span><\/td>\n<td width=\"104\"><span style=\"color: #000000;\">France<\/span><\/td>\n<td width=\"113\"><span style=\"color: #000000;\">18 Mois<\/span><\/td>\n<td width=\"123\"><span style=\"color: #000000;\">01\/10\/2014<\/span><\/td>\n<td width=\"113\"><span style=\"color: #000000;\">31\/03\/2016<\/span><\/td>\n<td width=\"161\"><span style=\"color: #000000;\">Non Soutenue<\/span><\/td>\n<\/tr>\n<tr>\n<td width=\"154\"><span style=\"color: #000000;\">BOUGCHICHE\u00a0\u00a0\u00a0\u00a0\u00a0\u00a0\u00a0\u00a0\u00a0 Lilia<\/span><\/td>\n<td width=\"123\"><span style=\"color: #000000;\">Informatique<\/span><\/td>\n<td width=\"104\"><span style=\"color: #000000;\">France<\/span><\/td>\n<td width=\"113\"><span style=\"color: #000000;\">18 Mois<\/span><\/td>\n<td width=\"123\"><span style=\"color: #000000;\">01\/10\/2014<\/span><\/td>\n<td width=\"113\"><span style=\"color: #000000;\">05\/06\/2016<\/span><\/td>\n<td width=\"161\"><span style=\"color: #000000;\">Non Soutenue<\/span><\/td>\n<\/tr>\n<tr>\n<td width=\"154\"><span style=\"color: #000000;\">OURAHMOUNE\u00a0\u00a0\u00a0\u00a0\u00a0\u00a0\u00a0 Ourida<\/span><\/td>\n<td width=\"123\"><span style=\"color: #000000;\">Electronique<\/span><\/td>\n<td width=\"104\"><span style=\"color: #000000;\">France<\/span><\/td>\n<td width=\"113\"><span style=\"color: #000000;\">18 Mois<\/span><\/td>\n<td width=\"123\"><span style=\"color: #000000;\">01\/10\/2014<\/span><\/td>\n<td width=\"113\"><span style=\"color: #000000;\">30\/05\/2016<\/span><\/td>\n<td width=\"161\"><span style=\"color: #000000;\">Instance Soutenance<\/span><\/td>\n<\/tr>\n<tr>\n<td width=\"154\"><span style=\"color: #000000;\">LOUADJ\u00a0\u00a0\u00a0\u00a0\u00a0\u00a0\u00a0\u00a0\u00a0\u00a0\u00a0\u00a0\u00a0\u00a0\u00a0\u00a0\u00a0\u00a0\u00a0 Fatiha<\/span><\/td>\n<td width=\"123\"><span style=\"color: #000000;\">Automatique<\/span><\/td>\n<td width=\"104\"><span style=\"color: #000000;\">France<\/span><\/td>\n<td width=\"113\"><span style=\"color: #000000;\">18 Mois<\/span><\/td>\n<td width=\"123\"><span style=\"color: #000000;\">01\/10\/2014<\/span><\/td>\n<td width=\"113\"><span style=\"color: #000000;\">31\/03\/2016<\/span><\/td>\n<td width=\"161\"><span style=\"color: #000000;\">Non Soutenue<\/span><\/td>\n<\/tr>\n<tr>\n<td width=\"154\"><span style=\"color: #000000;\">TALBI\u00a0\u00a0 Said<\/span><\/td>\n<td width=\"123\"><span style=\"color: #000000;\">Informatique<\/span><\/td>\n<td width=\"104\"><span style=\"color: #000000;\">France<\/span><\/td>\n<td width=\"113\"><span style=\"color: #000000;\">18 Mois<\/span><\/td>\n<td width=\"123\"><span style=\"color: #000000;\">01\/10\/2014<\/span><\/td>\n<td width=\"113\"><span style=\"color: #000000;\">31\/03\/2016<\/span><\/td>\n<td width=\"161\"><span style=\"color: #000000;\">12\/11\/2017<\/span><\/td>\n<\/tr>\n<tr>\n<td rowspan=\"5\" width=\"97\"><span style=\"color: #000000;\">2015\/2016<\/span><\/td>\n<td width=\"154\"><span style=\"color: #000000;\">AIT RAMDANE Naima<\/span><\/td>\n<td width=\"123\"><span style=\"color: #000000;\">Electrotechnique<\/span><\/td>\n<td width=\"104\"><span style=\"color: #000000;\">France<\/span><\/td>\n<td width=\"113\"><span style=\"color: #000000;\">11 Mois<\/span><\/td>\n<td width=\"123\"><span style=\"color: #000000;\">01\/10\/2015<\/span><\/td>\n<td width=\"113\"><span style=\"color: #000000;\">31\/08\/2016<\/span><\/td>\n<td width=\"161\"><span style=\"color: #000000;\">Non Soutenue<\/span><\/td>\n<\/tr>\n<tr>\n<td width=\"154\"><span style=\"color: #000000;\">BEN SAFIA Kahina<\/span><\/td>\n<td width=\"123\"><span style=\"color: #000000;\">Electronique<\/span><\/td>\n<td width=\"104\"><span style=\"color: #000000;\">France<\/span><\/td>\n<td width=\"113\"><span style=\"color: #000000;\">18 Mois<\/span><\/td>\n<td width=\"123\"><span style=\"color: #000000;\">07\/11\/2015<\/span><\/td>\n<td width=\"113\"><span style=\"color: #000000;\">08\/05\/2017<\/span><\/td>\n<td width=\"161\"><span style=\"color: #000000;\">Non Soutenue<\/span><\/td>\n<\/tr>\n<tr>\n<td width=\"154\"><span style=\"color: #000000;\">CHAMEK Linda<\/span><\/td>\n<td width=\"123\"><span style=\"color: #000000;\">Informatique<\/span><\/td>\n<td width=\"104\"><span style=\"color: #000000;\">France<\/span><\/td>\n<td width=\"113\"><span style=\"color: #000000;\">11 Mois<\/span><\/td>\n<td width=\"123\"><span style=\"color: #000000;\">01\/10\/2015<\/span><\/td>\n<td width=\"113\"><span style=\"color: #000000;\">31\/08\/2016<\/span><\/td>\n<td width=\"161\"><span style=\"color: #000000;\">Non Soutenue<\/span><\/td>\n<\/tr>\n<tr>\n<td width=\"154\"><span style=\"color: #000000;\">FILALI\u00a0 Idir<\/span><\/td>\n<td width=\"123\"><span style=\"color: #000000;\">Informatique<\/span><\/td>\n<td width=\"104\"><span style=\"color: #000000;\">Canada<\/span><\/td>\n<td width=\"113\"><span style=\"color: #000000;\">11\u00a0 Mois<\/span><\/td>\n<td width=\"123\"><span style=\"color: #000000;\">01\/10\/2014<\/span><\/td>\n<td width=\"113\"><span style=\"color: #000000;\">30\/08\/2016<\/span><\/td>\n<td width=\"161\"><span style=\"color: #000000;\">10\/05\/2017 U\/Blida 1<\/span><\/td>\n<\/tr>\n<tr>\n<td width=\"154\"><span style=\"color: #000000;\">BOUDIBA\u00a0 Tahar Rafik<\/span><\/td>\n<td width=\"123\"><span style=\"color: #000000;\">Informatique<\/span><\/td>\n<td width=\"104\"><span style=\"color: #000000;\">France<\/span><\/td>\n<td width=\"113\"><span style=\"color: #000000;\">11Mois<\/span><\/td>\n<td width=\"123\"><span style=\"color: #000000;\">01\/10\/2015<\/span><\/td>\n<td width=\"113\"><span style=\"color: #000000;\">31\/08\/2016<\/span><\/td>\n<td width=\"161\"><span style=\"color: #000000;\">Non Soutenu<\/span><\/td>\n<\/tr>\n<tr>\n<td rowspan=\"8\" width=\"97\"><span style=\"color: #000000;\">2016\/2017<\/span><\/td>\n<td width=\"154\"><span style=\"color: #000000;\">OUBABAS Sarah<\/span><\/td>\n<td width=\"123\"><span style=\"color: #000000;\">Informatique<\/span><\/td>\n<td width=\"104\"><span style=\"color: #000000;\">Portugal<\/span><\/td>\n<td width=\"113\"><span style=\"color: #000000;\">08 Mois<\/span><\/td>\n<td width=\"123\"><span style=\"color: #000000;\">01\/10\/2016<\/span><\/td>\n<td width=\"113\"><span style=\"color: #000000;\">31\/05\/2017<\/span><\/td>\n<td width=\"161\"><span style=\"color: #000000;\">Non Soutenue<\/span><\/td>\n<\/tr>\n<tr>\n<td width=\"154\"><span style=\"color: #000000;\">INGRACHEN Sadia<\/span><\/td>\n<td width=\"123\"><span style=\"color: #000000;\">Informatique<\/span><\/td>\n<td width=\"104\"><span style=\"color: #000000;\">France<\/span><\/td>\n<td width=\"113\"><span style=\"color: #000000;\">08 Mois<\/span><\/td>\n<td width=\"123\"><span style=\"color: #000000;\">01\/10\/2016<\/span><\/td>\n<td width=\"113\"><span style=\"color: #000000;\">31\/05\/2017<\/span><\/td>\n<td width=\"161\"><span style=\"color: #000000;\">Non Soutenue<\/span><\/td>\n<\/tr>\n<tr>\n<td width=\"154\"><span style=\"color: #000000;\">FRENDI Seloua<\/span><\/td>\n<td width=\"123\"><span style=\"color: #000000;\">Automatique<\/span><\/td>\n<td width=\"104\"><span style=\"color: #000000;\">France<\/span><\/td>\n<td width=\"113\"><span style=\"color: #000000;\">08 Mois<\/span><\/td>\n<td width=\"123\"><span style=\"color: #000000;\">01\/10\/2016<\/span><\/td>\n<td width=\"113\"><span style=\"color: #000000;\">31\/05\/2017<\/span><\/td>\n<td width=\"161\"><span style=\"color: #000000;\">Non Soutenue<\/span><\/td>\n<\/tr>\n<tr>\n<td width=\"154\"><span style=\"color: #000000;\">BADJI Abderrezak<\/span><\/td>\n<td width=\"123\"><span style=\"color: #000000;\">Electrotechnique<\/span><\/td>\n<td width=\"104\"><span style=\"color: #000000;\">France<\/span><\/td>\n<td width=\"113\"><span style=\"color: #000000;\">11 Mois<\/span><\/td>\n<td width=\"123\"><span style=\"color: #000000;\">01\/10\/2016<\/span><\/td>\n<td width=\"113\"><span style=\"color: #000000;\">31\/08\/2017<\/span><\/td>\n<td width=\"161\"><span style=\"color: #000000;\">Non Soutenu<\/span><\/td>\n<\/tr>\n<tr>\n<td width=\"154\"><span style=\"color: #000000;\">TAZIBT Ahmed Amir<\/span><\/td>\n<td width=\"123\"><span style=\"color: #000000;\">Informatique<\/span><\/td>\n<td width=\"104\"><span style=\"color: #000000;\">France<\/span><\/td>\n<td width=\"113\"><span style=\"color: #000000;\">07 Mois<\/span><\/td>\n<td width=\"123\"><span style=\"color: #000000;\">01\/10\/2016<\/span><\/td>\n<td width=\"113\"><span style=\"color: #000000;\">30\/04\/2017<\/span><\/td>\n<td width=\"161\"><span style=\"color: #000000;\">Non Soutenu<\/span><\/td>\n<\/tr>\n<tr>\n<td width=\"154\"><span style=\"color: #000000;\">ARDJAL Aghiles<\/span><\/td>\n<td width=\"123\"><span style=\"color: #000000;\">Electrotechnique<\/span><\/td>\n<td width=\"104\"><span style=\"color: #000000;\">Emirats Arabe\u00a0 Unies\u00a0<\/span><\/td>\n<td width=\"113\"><span style=\"color: #000000;\">11 Mois<\/span><\/td>\n<td width=\"123\"><span style=\"color: #000000;\">03\/11\/2016 pr\u00e9vu 01\/10\/2016<\/span><\/td>\n<td width=\"113\"><span style=\"color: #000000;\">06\/11\/2017<\/span><\/p>\n<p><span style=\"color: #000000;\">Pr\u00e9vu 01\/09\/2017<\/span><\/td>\n<td width=\"161\"><span style=\"color: #000000;\">Soutenance Pr\u00e9vu pour le 24\/06\/2018<\/span><\/td>\n<\/tr>\n<tr>\n<td width=\"154\"><span style=\"color: #000000;\">HALICHE Zohra<\/span><\/td>\n<td width=\"123\"><span style=\"color: #000000;\">Automatique<\/span><\/td>\n<td width=\"104\"><span style=\"color: #000000;\">France<\/span><\/td>\n<td width=\"113\"><span style=\"color: #000000;\">14 Mois<\/span><\/td>\n<td width=\"123\"><span style=\"color: #000000;\">01\/10\/2016<\/span><\/td>\n<td width=\"113\"><span style=\"color: #000000;\">08\/12\/2017<\/span><\/td>\n<td width=\"161\"><span style=\"color: #000000;\">Non Soutenue<\/span><\/td>\n<\/tr>\n<tr>\n<td width=\"154\"><span style=\"color: #000000;\">SALEM Dalila<\/span><\/td>\n<td width=\"123\"><span style=\"color: #000000;\">Electronique<\/span><\/td>\n<td width=\"104\"><span style=\"color: #000000;\">Canada<\/span><\/td>\n<td width=\"113\"><span style=\"color: #000000;\">11 Mois<\/span><\/td>\n<td width=\"123\"><span style=\"color: #000000;\">01\/10\/2016<\/span><\/td>\n<td width=\"113\"><span style=\"color: #000000;\">31\/08\/2017<\/span><\/td>\n<td width=\"161\"><span style=\"color: #000000;\">Non Soutenue<\/span><\/td>\n<\/tr>\n<\/tbody>\n<\/table>\n<p><span style=\"color: #000000;\"><u>\u00a0<\/u><\/span><\/p>\n<p>&nbsp;<\/p>\n<p>&nbsp;<\/p>\n<p>&nbsp;<\/p>\n<p>&nbsp;<\/p>\n<p>&nbsp;<\/p>\n","protected":false},"excerpt":{"rendered":"<p>Bilan du Programme National Exceptionnel (PNE) \u00a0de l\u2019ann\u00e9e Universitaire2005\/2006 \u00e0 2016\/2017 Ann\u00e9e de D\u00e9part Nom &amp; Pr\u00e9nom Sp\u00e9cialit\u00e9 Pays d&rsquo;Accueil Dur\u00e9e Formation\u00a0 D\u00e9but de Formation Fin de Formation Soutenance Effectu\u00e9es 2005\/2006 BEN SIDHOUM Mohand Outahar Automatique France 18 Mois 07\/04\/2006 pr\u00e9vu 15\/10\/2005 30\/08\/2007 17\/12\/2008 DAOUI Mehammed Informatique France 12 Mois 26\/01\/2006 pr\u00e9vu 15\/10\/2005 30\/01\/2007 02\/11\/2009 [&hellip;]<\/p>\n","protected":false},"author":1,"featured_media":0,"parent":0,"menu_order":0,"comment_status":"closed","ping_status":"closed","template":"","meta":{"_et_pb_use_builder":"","_et_pb_old_content":"","_et_gb_content_width":"","footnotes":""},"class_list":["post-634","page","type-page","status-publish","hentry"],"yoast_head":"<!-- This site is optimized with the Yoast SEO plugin v27.3 - https:\/\/yoast.com\/product\/yoast-seo-wordpress\/ -->\n<title>Bourses PNE - Facult\u00e9 du G\u00e9nie Electrique et d&#039;Informatique<\/title>\n<meta name=\"robots\" content=\"index, follow, max-snippet:-1, max-image-preview:large, max-video-preview:-1\" \/>\n<link rel=\"canonical\" href=\"https:\/\/www.ummto.dz\/fgei\/bourses-pne\/\" \/>\n<meta property=\"og:locale\" content=\"fr_FR\" \/>\n<meta property=\"og:type\" content=\"article\" \/>\n<meta property=\"og:title\" content=\"Bourses PNE - Facult\u00e9 du G\u00e9nie Electrique et d&#039;Informatique\" \/>\n<meta property=\"og:description\" content=\"Bilan du Programme National Exceptionnel (PNE) \u00a0de l\u2019ann\u00e9e Universitaire2005\/2006 \u00e0 2016\/2017 Ann\u00e9e de D\u00e9part Nom &amp; Pr\u00e9nom Sp\u00e9cialit\u00e9 Pays d&rsquo;Accueil Dur\u00e9e Formation\u00a0 D\u00e9but de Formation Fin de Formation Soutenance Effectu\u00e9es 2005\/2006 BEN SIDHOUM Mohand Outahar Automatique France 18 Mois 07\/04\/2006 pr\u00e9vu 15\/10\/2005 30\/08\/2007 17\/12\/2008 DAOUI Mehammed Informatique France 12 Mois 26\/01\/2006 pr\u00e9vu 15\/10\/2005 30\/01\/2007 02\/11\/2009 [&hellip;]\" \/>\n<meta property=\"og:url\" content=\"https:\/\/www.ummto.dz\/fgei\/bourses-pne\/\" \/>\n<meta property=\"og:site_name\" content=\"Facult\u00e9 du G\u00e9nie Electrique et d&#039;Informatique\" \/>\n<meta property=\"article:modified_time\" content=\"2018-09-12T11:12:37+00:00\" \/>\n<meta name=\"twitter:card\" content=\"summary_large_image\" \/>\n<meta name=\"twitter:label1\" content=\"Dur\u00e9e de lecture estim\u00e9e\" \/>\n\t<meta name=\"twitter:data1\" content=\"1 minute\" \/>\n<script type=\"application\/ld+json\" class=\"yoast-schema-graph\">{\"@context\":\"https:\\\/\\\/schema.org\",\"@graph\":[{\"@type\":\"WebPage\",\"@id\":\"https:\\\/\\\/www.ummto.dz\\\/fgei\\\/bourses-pne\\\/\",\"url\":\"https:\\\/\\\/www.ummto.dz\\\/fgei\\\/bourses-pne\\\/\",\"name\":\"Bourses PNE - Facult\u00e9 du G\u00e9nie Electrique et d&#039;Informatique\",\"isPartOf\":{\"@id\":\"https:\\\/\\\/www.ummto.dz\\\/fgei\\\/#website\"},\"datePublished\":\"2018-09-12T11:06:15+00:00\",\"dateModified\":\"2018-09-12T11:12:37+00:00\",\"breadcrumb\":{\"@id\":\"https:\\\/\\\/www.ummto.dz\\\/fgei\\\/bourses-pne\\\/#breadcrumb\"},\"inLanguage\":\"fr-FR\",\"potentialAction\":[{\"@type\":\"ReadAction\",\"target\":[\"https:\\\/\\\/www.ummto.dz\\\/fgei\\\/bourses-pne\\\/\"]}]},{\"@type\":\"BreadcrumbList\",\"@id\":\"https:\\\/\\\/www.ummto.dz\\\/fgei\\\/bourses-pne\\\/#breadcrumb\",\"itemListElement\":[{\"@type\":\"ListItem\",\"position\":1,\"name\":\"Accueil\",\"item\":\"https:\\\/\\\/www.ummto.dz\\\/fgei\\\/\"},{\"@type\":\"ListItem\",\"position\":2,\"name\":\"Bourses PNE\"}]},{\"@type\":\"WebSite\",\"@id\":\"https:\\\/\\\/www.ummto.dz\\\/fgei\\\/#website\",\"url\":\"https:\\\/\\\/www.ummto.dz\\\/fgei\\\/\",\"name\":\"Facult\u00e9 du G\u00e9nie Electrique et d&#039;Informatique\",\"description\":\"UMMTO\",\"potentialAction\":[{\"@type\":\"SearchAction\",\"target\":{\"@type\":\"EntryPoint\",\"urlTemplate\":\"https:\\\/\\\/www.ummto.dz\\\/fgei\\\/?s={search_term_string}\"},\"query-input\":{\"@type\":\"PropertyValueSpecification\",\"valueRequired\":true,\"valueName\":\"search_term_string\"}}],\"inLanguage\":\"fr-FR\"}]}<\/script>\n<!-- \/ Yoast SEO plugin. -->","yoast_head_json":{"title":"Bourses PNE - Facult\u00e9 du G\u00e9nie Electrique et d&#039;Informatique","robots":{"index":"index","follow":"follow","max-snippet":"max-snippet:-1","max-image-preview":"max-image-preview:large","max-video-preview":"max-video-preview:-1"},"canonical":"https:\/\/www.ummto.dz\/fgei\/bourses-pne\/","og_locale":"fr_FR","og_type":"article","og_title":"Bourses PNE - Facult\u00e9 du G\u00e9nie Electrique et d&#039;Informatique","og_description":"Bilan du Programme National Exceptionnel (PNE) \u00a0de l\u2019ann\u00e9e Universitaire2005\/2006 \u00e0 2016\/2017 Ann\u00e9e de D\u00e9part Nom &amp; Pr\u00e9nom Sp\u00e9cialit\u00e9 Pays d&rsquo;Accueil Dur\u00e9e Formation\u00a0 D\u00e9but de Formation Fin de Formation Soutenance Effectu\u00e9es 2005\/2006 BEN SIDHOUM Mohand Outahar Automatique France 18 Mois 07\/04\/2006 pr\u00e9vu 15\/10\/2005 30\/08\/2007 17\/12\/2008 DAOUI Mehammed Informatique France 12 Mois 26\/01\/2006 pr\u00e9vu 15\/10\/2005 30\/01\/2007 02\/11\/2009 [&hellip;]","og_url":"https:\/\/www.ummto.dz\/fgei\/bourses-pne\/","og_site_name":"Facult\u00e9 du G\u00e9nie Electrique et d&#039;Informatique","article_modified_time":"2018-09-12T11:12:37+00:00","twitter_card":"summary_large_image","twitter_misc":{"Dur\u00e9e de lecture estim\u00e9e":"1 minute"},"schema":{"@context":"https:\/\/schema.org","@graph":[{"@type":"WebPage","@id":"https:\/\/www.ummto.dz\/fgei\/bourses-pne\/","url":"https:\/\/www.ummto.dz\/fgei\/bourses-pne\/","name":"Bourses PNE - Facult\u00e9 du G\u00e9nie Electrique et d&#039;Informatique","isPartOf":{"@id":"https:\/\/www.ummto.dz\/fgei\/#website"},"datePublished":"2018-09-12T11:06:15+00:00","dateModified":"2018-09-12T11:12:37+00:00","breadcrumb":{"@id":"https:\/\/www.ummto.dz\/fgei\/bourses-pne\/#breadcrumb"},"inLanguage":"fr-FR","potentialAction":[{"@type":"ReadAction","target":["https:\/\/www.ummto.dz\/fgei\/bourses-pne\/"]}]},{"@type":"BreadcrumbList","@id":"https:\/\/www.ummto.dz\/fgei\/bourses-pne\/#breadcrumb","itemListElement":[{"@type":"ListItem","position":1,"name":"Accueil","item":"https:\/\/www.ummto.dz\/fgei\/"},{"@type":"ListItem","position":2,"name":"Bourses PNE"}]},{"@type":"WebSite","@id":"https:\/\/www.ummto.dz\/fgei\/#website","url":"https:\/\/www.ummto.dz\/fgei\/","name":"Facult\u00e9 du G\u00e9nie Electrique et d&#039;Informatique","description":"UMMTO","potentialAction":[{"@type":"SearchAction","target":{"@type":"EntryPoint","urlTemplate":"https:\/\/www.ummto.dz\/fgei\/?s={search_term_string}"},"query-input":{"@type":"PropertyValueSpecification","valueRequired":true,"valueName":"search_term_string"}}],"inLanguage":"fr-FR"}]}},"_links":{"self":[{"href":"https:\/\/www.ummto.dz\/fgei\/wp-json\/wp\/v2\/pages\/634","targetHints":{"allow":["GET"]}}],"collection":[{"href":"https:\/\/www.ummto.dz\/fgei\/wp-json\/wp\/v2\/pages"}],"about":[{"href":"https:\/\/www.ummto.dz\/fgei\/wp-json\/wp\/v2\/types\/page"}],"author":[{"embeddable":true,"href":"https:\/\/www.ummto.dz\/fgei\/wp-json\/wp\/v2\/users\/1"}],"replies":[{"embeddable":true,"href":"https:\/\/www.ummto.dz\/fgei\/wp-json\/wp\/v2\/comments?post=634"}],"version-history":[{"count":1,"href":"https:\/\/www.ummto.dz\/fgei\/wp-json\/wp\/v2\/pages\/634\/revisions"}],"predecessor-version":[{"id":635,"href":"https:\/\/www.ummto.dz\/fgei\/wp-json\/wp\/v2\/pages\/634\/revisions\/635"}],"wp:attachment":[{"href":"https:\/\/www.ummto.dz\/fgei\/wp-json\/wp\/v2\/media?parent=634"}],"curies":[{"name":"wp","href":"https:\/\/api.w.org\/{rel}","templated":true}]}}