{"id":636,"date":"2018-09-12T13:15:14","date_gmt":"2018-09-12T11:15:14","guid":{"rendered":"http:\/\/fgei.ummto.dz\/?page_id=636"},"modified":"2018-09-12T13:18:46","modified_gmt":"2018-09-12T11:18:46","slug":"bourses-profas-b","status":"publish","type":"page","link":"https:\/\/www.ummto.dz\/fgei\/bourses-profas-b\/","title":{"rendered":"Bourses  Profas B+"},"content":{"rendered":"<p><span style=\"text-decoration: underline;\"><span style=\"color: #000080; text-decoration: underline;\"><strong>Bilan du Programme de Coop\u00e9ration Algero-Fran\u00e7ais Profas B+ (Ex BAF)\u00a0<\/strong><strong>de l\u2019ann\u00e9e Universitaire 2001\/2002 \u00e0 2017\/2018 <\/strong><\/span><\/span><\/p>\n<table width=\"1035\">\n<tbody>\n<tr>\n<td width=\"117\"><span style=\"color: #000080;\"><strong>Ann\u00e9e de d\u00e9part <\/strong><\/span><\/td>\n<td width=\"170\"><span style=\"color: #000080;\"><strong>Nom &amp; Pr\u00e9nom <\/strong><\/span><\/td>\n<td width=\"143\"><span style=\"color: #000080;\"><strong>Sp\u00e9cialit\u00e9 <\/strong><\/span><\/td>\n<td width=\"95\"><span style=\"color: #000080;\"><strong>Pays d&rsquo;Accueil <\/strong><\/span><\/td>\n<td width=\"94\"><span style=\"color: #000080;\"><strong>Dur\u00e9e de Formation <\/strong><\/span><\/td>\n<td width=\"104\"><span style=\"color: #000080;\"><strong>D\u00e9but de Formation <\/strong><\/span><\/td>\n<td width=\"189\"><span style=\"color: #000080;\"><strong>Fin de Formation <\/strong><\/span><\/td>\n<td width=\"123\"><span style=\"color: #000080;\"><strong>Soutenance effectu\u00e9es<\/strong><\/span><\/td>\n<\/tr>\n<tr>\n<td width=\"117\"><span style=\"color: #000000;\">2001\/2002<\/span><\/td>\n<td width=\"170\"><span style=\"color: #000000;\">HADJ ALI Allel<\/span><\/td>\n<td width=\"143\"><span style=\"color: #000000;\">Informatique<\/span><\/td>\n<td width=\"95\"><span style=\"color: #000000;\">France<\/span><\/td>\n<td width=\"94\"><\/td>\n<td width=\"104\"><\/td>\n<td width=\"189\"><\/td>\n<td width=\"123\"><span style=\"color: #000000;\">10\/06\/2003<\/span><\/td>\n<\/tr>\n<tr>\n<td width=\"117\"><span style=\"color: #000000;\">2002\/2003<\/span><\/td>\n<td width=\"170\"><span style=\"color: #000000;\">LAGHROUCHE Mourad<\/span><\/td>\n<td width=\"143\"><span style=\"color: #000000;\">Electronique<\/span><\/td>\n<td width=\"95\"><span style=\"color: #000000;\">France<\/span><\/td>\n<td width=\"94\"><\/td>\n<td width=\"104\"><\/td>\n<td width=\"189\"><\/td>\n<td width=\"123\"><span style=\"color: #000000;\">18\/06\/2005<\/span><\/td>\n<\/tr>\n<tr>\n<td width=\"117\"><span style=\"color: #000000;\">2006\/2007<\/span><\/td>\n<td width=\"170\"><span style=\"color: #000000;\">MAIDI Ahmed<\/span><\/td>\n<td width=\"143\"><span style=\"color: #000000;\">Automatique<\/span><\/td>\n<td width=\"95\"><span style=\"color: #000000;\">France<\/span><\/td>\n<td width=\"94\"><span style=\"color: #000000;\">18 Mois\u00a0<\/span><\/td>\n<td width=\"104\"><span style=\"color: #000000;\">01\/12\/2006<\/span><\/td>\n<td width=\"189\"><span style=\"color: #000000;\">31\/05\/2008<\/span><\/td>\n<td width=\"123\"><span style=\"color: #000000;\">29\/10\/2008<\/span><\/td>\n<\/tr>\n<tr>\n<td rowspan=\"2\" width=\"117\"><span style=\"color: #000000;\">2008\/2009<\/span><\/td>\n<td width=\"170\"><span style=\"color: #000000;\">HAMICHE Hamid<\/span><\/td>\n<td width=\"143\"><span style=\"color: #000000;\">Automatique<\/span><\/td>\n<td width=\"95\"><span style=\"color: #000000;\">France<\/span><\/td>\n<td width=\"94\"><span style=\"color: #000000;\">18 Mois<\/span><\/td>\n<td width=\"104\"><span style=\"color: #000000;\">01\/09\/2008<\/span><\/td>\n<td width=\"189\"><span style=\"color: #000000;\">04\/07\/2010<\/span><\/td>\n<td width=\"123\"><span style=\"color: #000000;\">23\/10\/2011<\/span><\/td>\n<\/tr>\n<tr>\n<td width=\"170\"><span style=\"color: #000000;\">HOCINI Farid<\/span><\/td>\n<td width=\"143\"><span style=\"color: #000000;\">Electrotechnique<\/span><\/td>\n<td width=\"95\"><span style=\"color: #000000;\">France<\/span><\/td>\n<td width=\"94\"><span style=\"color: #000000;\">18 Mois<\/span><\/td>\n<td width=\"104\"><span style=\"color: #000000;\">01\/09\/2008<\/span><\/td>\n<td width=\"189\"><span style=\"color: #000000;\">25\/04\/2010<\/span><\/td>\n<td width=\"123\"><span style=\"color: #000000;\">23\/04\/2013<\/span><\/td>\n<\/tr>\n<tr>\n<td width=\"117\"><span style=\"color: #000000;\">2009\/2010<\/span><\/td>\n<td width=\"170\"><span style=\"color: #000000;\">ZIRMI\u00a0 Rachid<\/span><\/td>\n<td width=\"143\"><span style=\"color: #000000;\">Electronique<\/span><\/td>\n<td width=\"95\"><span style=\"color: #000000;\">France<\/span><\/td>\n<td width=\"94\"><span style=\"color: #000000;\">18 Mois<\/span><\/td>\n<td width=\"104\"><span style=\"color: #000000;\">01\/10\/2009<\/span><\/td>\n<td width=\"189\"><span style=\"color: #000000;\">30\/06\/2011<\/span><\/td>\n<td width=\"123\"><span style=\"color: #000000;\">10\/06\/2013<\/span><\/td>\n<\/tr>\n<tr>\n<td width=\"117\"><span style=\"color: #000000;\">2010\/2011<\/span><\/td>\n<td width=\"170\"><span style=\"color: #000000;\">ACHOUR Hakim<\/span><\/td>\n<td width=\"143\"><span style=\"color: #000000;\">Electronique<\/span><\/td>\n<td width=\"95\"><span style=\"color: #000000;\">France<\/span><\/td>\n<td width=\"94\"><span style=\"color: #000000;\">18 Mois\u00a0<\/span><\/td>\n<td width=\"104\"><span style=\"color: #000000;\">01\/10\/2010<\/span><\/td>\n<td width=\"189\"><span style=\"color: #000000;\">01-04-2012\u00a0<\/span><\/td>\n<td width=\"123\"><span style=\"color: #000000;\">22\/06\/2014<\/span><\/td>\n<\/tr>\n<tr>\n<td width=\"117\"><span style=\"color: #000000;\">2012\/2013<\/span><\/td>\n<td width=\"170\"><span style=\"color: #000000;\">CHILALI Ouardia<\/span><\/td>\n<td width=\"143\"><span style=\"color: #000000;\">Automatique<\/span><\/td>\n<td width=\"95\"><span style=\"color: #000000;\">France<\/span><\/td>\n<td width=\"94\"><span style=\"color: #000000;\">18 Mois\u00a0<\/span><\/td>\n<td width=\"104\"><span style=\"color: #000000;\">01\/12\/2012<\/span><\/td>\n<td width=\"189\"><span style=\"color: #000000;\">01.04.2014<\/span><\/td>\n<td width=\"123\"><span style=\"color: #000000;\">13\/03\/2018<\/span><\/td>\n<\/tr>\n<tr>\n<td width=\"117\"><span style=\"color: #000000;\">2014\/2015<\/span><\/td>\n<td width=\"170\"><span style=\"color: #000000;\">BELAIDI D\u00e9hia<\/span><\/td>\n<td width=\"143\"><span style=\"color: #000000;\">Electronique<\/span><\/td>\n<td width=\"95\"><span style=\"color: #000000;\">France<\/span><\/td>\n<td width=\"94\"><span style=\"color: #000000;\">11 Mois\u00a0<\/span><\/td>\n<td width=\"104\"><span style=\"color: #000000;\">02\/02\/2015<\/span><\/td>\n<td width=\"189\"><span style=\"color: #000000;\">04\/01\/2016<\/span><\/td>\n<td width=\"123\"><span style=\"color: #000000;\">08\/06\/2017<\/span><\/td>\n<\/tr>\n<tr>\n<td rowspan=\"4\" width=\"117\">&nbsp;<\/p>\n<p>&nbsp;<\/p>\n<p><span style=\"color: #000000;\">2015\/2016<\/span><\/td>\n<td width=\"170\"><span style=\"color: #000000;\">ROUIFED\u00a0\u00a0\u00a0 Chahira<\/span><\/td>\n<td width=\"143\"><span style=\"color: #000000;\">Electronique<\/span><\/td>\n<td width=\"95\"><span style=\"color: #000000;\">France<\/span><\/td>\n<td width=\"94\"><span style=\"color: #000000;\">09 Mois\u00a0<\/span><\/td>\n<td width=\"104\"><span style=\"color: #000000;\">14\/09\/2015<\/span><\/td>\n<td width=\"189\"><span style=\"color: #000000;\">15\/07\/2016<\/span><\/td>\n<td width=\"123\"><span style=\"color: #000000;\">Non Soutenue<\/span><\/td>\n<\/tr>\n<tr>\n<td width=\"170\"><span style=\"color: #000000;\">BELDI MAMERI Liza<\/span><\/td>\n<td width=\"143\"><span style=\"color: #000000;\">Automatique<\/span><\/td>\n<td width=\"95\"><span style=\"color: #000000;\">France<\/span><\/td>\n<td width=\"94\"><span style=\"color: #000000;\">09 Mois\u00a0<\/span><\/td>\n<td width=\"104\"><span style=\"color: #000000;\">14\/09\/2015<\/span><\/td>\n<td width=\"189\"><span style=\"color: #000000;\">15\/07\/2016<\/span><\/td>\n<td width=\"123\"><span style=\"color: #000000;\">Non Soutenue<\/span><\/td>\n<\/tr>\n<tr>\n<td width=\"170\"><span style=\"color: #000000;\">CHEMOUN Karima<\/span><\/td>\n<td width=\"143\"><span style=\"color: #000000;\">Informatique<\/span><\/td>\n<td width=\"95\"><span style=\"color: #000000;\">France<\/span><\/td>\n<td width=\"94\"><span style=\"color: #000000;\">09 Mois\u00a0<\/span><\/td>\n<td width=\"104\"><span style=\"color: #000000;\">14\/09\/2015<\/span><\/td>\n<td width=\"189\"><span style=\"color: #000000;\">03\/07\/2016<\/span><\/td>\n<td width=\"123\"><span style=\"color: #000000;\">Non Soutenue<\/span><\/td>\n<\/tr>\n<tr>\n<td width=\"170\"><span style=\"color: #000000;\">KOULOUGLI\u00a0 Dalila<\/span><\/td>\n<td width=\"143\"><span style=\"color: #000000;\">Informatique<\/span><\/td>\n<td width=\"95\"><span style=\"color: #000000;\">France<\/span><\/td>\n<td width=\"94\"><span style=\"color: #000000;\">09 Mois\u00a0<\/span><\/td>\n<td width=\"104\"><span style=\"color: #000000;\">14\/09\/2015<\/span><\/td>\n<td width=\"189\"><span style=\"color: #000000;\">14\/06\/2016<\/span><\/td>\n<td width=\"123\"><span style=\"color: #000000;\">Non Soutenue<\/span><\/td>\n<\/tr>\n<tr>\n<td rowspan=\"4\" width=\"117\">&nbsp;<\/p>\n<p><span style=\"color: #000000;\">2016\/2017<\/span><\/p>\n<p>&nbsp;<\/td>\n<td width=\"170\"><span style=\"color: #000000;\">CHEBOUBA Lokman<\/span><\/td>\n<td width=\"143\"><span style=\"color: #000000;\">Informatique<\/span><\/td>\n<td width=\"95\"><span style=\"color: #000000;\">France<\/span><\/td>\n<td width=\"94\"><span style=\"color: #000000;\">07 Mois\u00a0<\/span><\/td>\n<td width=\"104\"><span style=\"color: #000000;\">05\/09\/2016<\/span><\/td>\n<td width=\"189\"><span style=\"color: #000000;\">05\/06\/2017<\/span><\/td>\n<td width=\"123\"><span style=\"color: #000000;\">Non Soutenu<\/span><\/td>\n<\/tr>\n<tr>\n<td width=\"170\"><span style=\"color: #000000;\">HOCEINI Ouassila<\/span><\/td>\n<td width=\"143\"><span style=\"color: #000000;\">Informatique<\/span><\/td>\n<td width=\"95\"><span style=\"color: #000000;\">France<\/span><\/td>\n<td width=\"94\"><span style=\"color: #000000;\">07 Mois\u00a0<\/span><\/td>\n<td width=\"104\"><span style=\"color: #000000;\">05\/09\/2016<\/span><\/td>\n<td width=\"189\"><span style=\"color: #000000;\">20\/06\/2017<\/span><\/td>\n<td width=\"123\"><span style=\"color: #000000;\">Non Soutenue<\/span><\/td>\n<\/tr>\n<tr>\n<td width=\"170\"><span style=\"color: #000000;\">BOUALI Lyes<\/span><\/td>\n<td width=\"143\"><span style=\"color: #000000;\">Informatique<\/span><\/td>\n<td width=\"95\"><span style=\"color: #000000;\">France<\/span><\/td>\n<td width=\"94\"><span style=\"color: #000000;\">16 Mois\u00a0<\/span><\/td>\n<td width=\"104\"><span style=\"color: #000000;\">05\/09\/2016<\/span><\/td>\n<td width=\"189\"><span style=\"color: #000000;\">En Cours de Formation<\/span><\/td>\n<td width=\"123\"><\/td>\n<\/tr>\n<tr>\n<td width=\"170\"><span style=\"color: #000000;\">CHERIF Amina<\/span><\/td>\n<td width=\"143\"><span style=\"color: #000000;\">Informatique<\/span><\/td>\n<td width=\"95\"><span style=\"color: #000000;\">France<\/span><\/td>\n<td width=\"94\"><span style=\"color: #000000;\">14Mois\u00a0<\/span><\/td>\n<td width=\"104\"><span style=\"color: #000000;\">05\/09\/2016<\/span><\/td>\n<td width=\"189\"><span style=\"color: #000000;\">En Cours de Formation<\/span><\/td>\n<td width=\"123\"><\/td>\n<\/tr>\n<tr>\n<td rowspan=\"5\" width=\"117\">&nbsp;<\/p>\n<p>&nbsp;<\/p>\n<p><span style=\"color: #000000;\">2017\/2018<\/span><\/p>\n<p>&nbsp;<\/td>\n<td width=\"170\"><span style=\"color: #000000;\">TAMAZIRT Souad<\/span><\/td>\n<td width=\"143\"><span style=\"color: #000000;\">Electrotechnique<\/span><\/td>\n<td width=\"95\"><span style=\"color: #000000;\">France<\/span><\/td>\n<td width=\"94\"><span style=\"color: #000000;\">09 Mois<\/span><\/td>\n<td width=\"104\"><span style=\"color: #000000;\">18\/09\/2017<\/span><\/td>\n<td width=\"189\"><span style=\"color: #000000;\">En Cours de Formation<\/span><\/td>\n<td width=\"123\"><\/td>\n<\/tr>\n<tr>\n<td width=\"170\"><span style=\"color: #000000;\">MEHADDENE Hamid<\/span><\/td>\n<td width=\"143\"><span style=\"color: #000000;\">Electrotechnique<\/span><\/td>\n<td width=\"95\"><span style=\"color: #000000;\">France<\/span><\/td>\n<td width=\"94\"><span style=\"color: #000000;\">09 Mois<\/span><\/td>\n<td width=\"104\"><span style=\"color: #000000;\">18\/09\/2017<\/span><\/td>\n<td width=\"189\"><span style=\"color: #000000;\">En Cours de Formation<\/span><\/td>\n<td width=\"123\"><\/td>\n<\/tr>\n<tr>\n<td width=\"170\"><span style=\"color: #000000;\">MERABET Fatma<\/span><\/td>\n<td width=\"143\"><span style=\"color: #000000;\">Informatique<\/span><\/td>\n<td width=\"95\"><span style=\"color: #000000;\">France<\/span><\/td>\n<td width=\"94\"><span style=\"color: #000000;\">08 Mois<\/span><\/td>\n<td width=\"104\"><span style=\"color: #000000;\">18\/09\/2017<\/span><\/td>\n<td width=\"189\"><span style=\"color: #000000;\">En Cours de Formation<\/span><\/td>\n<td width=\"123\"><\/td>\n<\/tr>\n<tr>\n<td width=\"170\"><span style=\"color: #000000;\">DJENNANE Nabila<\/span><\/td>\n<td width=\"143\"><span style=\"color: #000000;\">Informatique<\/span><\/td>\n<td width=\"95\"><span style=\"color: #000000;\">France<\/span><\/td>\n<td width=\"94\"><span style=\"color: #000000;\">08 Mois<\/span><\/td>\n<td width=\"104\"><span style=\"color: #000000;\">18\/09\/2017<\/span><\/td>\n<td width=\"189\"><span style=\"color: #000000;\">En Cours de Formation<\/span><\/td>\n<td width=\"123\"><\/td>\n<\/tr>\n<tr>\n<td width=\"170\"><span style=\"color: #000000;\">TAZIBT Celia Yasmine<\/span><\/td>\n<td width=\"143\"><span style=\"color: #000000;\">Informatique<\/span><\/td>\n<td width=\"95\"><span style=\"color: #000000;\">France<\/span><\/td>\n<td width=\"94\"><span style=\"color: #000000;\">14Mois<\/span><\/td>\n<td width=\"104\"><span style=\"color: #000000;\">18\/09\/2017<\/span><\/td>\n<td width=\"189\"><span style=\"color: #000000;\">En Cours de Formation<\/span><\/td>\n<td width=\"123\"><\/td>\n<\/tr>\n<\/tbody>\n<\/table>\n<p><span style=\"color: #000000;\"><strong><em>\u00a0<\/em><\/strong><\/span><\/p>\n","protected":false},"excerpt":{"rendered":"<p>Bilan du Programme de Coop\u00e9ration Algero-Fran\u00e7ais Profas B+ (Ex BAF)\u00a0de l\u2019ann\u00e9e Universitaire 2001\/2002 \u00e0 2017\/2018 Ann\u00e9e de d\u00e9part Nom &amp; Pr\u00e9nom Sp\u00e9cialit\u00e9 Pays d&rsquo;Accueil Dur\u00e9e de Formation D\u00e9but de Formation Fin de Formation Soutenance effectu\u00e9es 2001\/2002 HADJ ALI Allel Informatique France 10\/06\/2003 2002\/2003 LAGHROUCHE Mourad Electronique France 18\/06\/2005 2006\/2007 MAIDI Ahmed Automatique France 18 Mois\u00a0 [&hellip;]<\/p>\n","protected":false},"author":1,"featured_media":0,"parent":0,"menu_order":0,"comment_status":"closed","ping_status":"closed","template":"","meta":{"_et_pb_use_builder":"","_et_pb_old_content":"","_et_gb_content_width":"","footnotes":""},"class_list":["post-636","page","type-page","status-publish","hentry"],"yoast_head":"<!-- This site is optimized with the Yoast SEO plugin v27.3 - https:\/\/yoast.com\/product\/yoast-seo-wordpress\/ -->\n<title>Bourses Profas B+ - Facult\u00e9 du G\u00e9nie Electrique et d&#039;Informatique<\/title>\n<meta name=\"robots\" content=\"index, follow, max-snippet:-1, max-image-preview:large, max-video-preview:-1\" \/>\n<link rel=\"canonical\" href=\"https:\/\/www.ummto.dz\/fgei\/bourses-profas-b\/\" \/>\n<meta property=\"og:locale\" content=\"fr_FR\" \/>\n<meta property=\"og:type\" content=\"article\" \/>\n<meta property=\"og:title\" content=\"Bourses Profas B+ - Facult\u00e9 du G\u00e9nie Electrique et d&#039;Informatique\" \/>\n<meta property=\"og:description\" content=\"Bilan du Programme de Coop\u00e9ration Algero-Fran\u00e7ais Profas B+ (Ex BAF)\u00a0de l\u2019ann\u00e9e Universitaire 2001\/2002 \u00e0 2017\/2018 Ann\u00e9e de d\u00e9part Nom &amp; Pr\u00e9nom Sp\u00e9cialit\u00e9 Pays d&rsquo;Accueil Dur\u00e9e de Formation D\u00e9but de Formation Fin de Formation Soutenance effectu\u00e9es 2001\/2002 HADJ ALI Allel Informatique France 10\/06\/2003 2002\/2003 LAGHROUCHE Mourad Electronique France 18\/06\/2005 2006\/2007 MAIDI Ahmed Automatique France 18 Mois\u00a0 [&hellip;]\" \/>\n<meta property=\"og:url\" content=\"https:\/\/www.ummto.dz\/fgei\/bourses-profas-b\/\" \/>\n<meta property=\"og:site_name\" content=\"Facult\u00e9 du G\u00e9nie Electrique et d&#039;Informatique\" \/>\n<meta property=\"article:modified_time\" content=\"2018-09-12T11:18:46+00:00\" \/>\n<meta name=\"twitter:card\" content=\"summary_large_image\" \/>\n<meta name=\"twitter:label1\" content=\"Dur\u00e9e de lecture estim\u00e9e\" \/>\n\t<meta name=\"twitter:data1\" content=\"1 minute\" \/>\n<script type=\"application\/ld+json\" class=\"yoast-schema-graph\">{\"@context\":\"https:\\\/\\\/schema.org\",\"@graph\":[{\"@type\":\"WebPage\",\"@id\":\"https:\\\/\\\/www.ummto.dz\\\/fgei\\\/bourses-profas-b\\\/\",\"url\":\"https:\\\/\\\/www.ummto.dz\\\/fgei\\\/bourses-profas-b\\\/\",\"name\":\"Bourses Profas B+ - Facult\u00e9 du G\u00e9nie Electrique et d&#039;Informatique\",\"isPartOf\":{\"@id\":\"https:\\\/\\\/www.ummto.dz\\\/fgei\\\/#website\"},\"datePublished\":\"2018-09-12T11:15:14+00:00\",\"dateModified\":\"2018-09-12T11:18:46+00:00\",\"breadcrumb\":{\"@id\":\"https:\\\/\\\/www.ummto.dz\\\/fgei\\\/bourses-profas-b\\\/#breadcrumb\"},\"inLanguage\":\"fr-FR\",\"potentialAction\":[{\"@type\":\"ReadAction\",\"target\":[\"https:\\\/\\\/www.ummto.dz\\\/fgei\\\/bourses-profas-b\\\/\"]}]},{\"@type\":\"BreadcrumbList\",\"@id\":\"https:\\\/\\\/www.ummto.dz\\\/fgei\\\/bourses-profas-b\\\/#breadcrumb\",\"itemListElement\":[{\"@type\":\"ListItem\",\"position\":1,\"name\":\"Accueil\",\"item\":\"https:\\\/\\\/www.ummto.dz\\\/fgei\\\/\"},{\"@type\":\"ListItem\",\"position\":2,\"name\":\"Bourses Profas B+\"}]},{\"@type\":\"WebSite\",\"@id\":\"https:\\\/\\\/www.ummto.dz\\\/fgei\\\/#website\",\"url\":\"https:\\\/\\\/www.ummto.dz\\\/fgei\\\/\",\"name\":\"Facult\u00e9 du G\u00e9nie Electrique et d&#039;Informatique\",\"description\":\"UMMTO\",\"potentialAction\":[{\"@type\":\"SearchAction\",\"target\":{\"@type\":\"EntryPoint\",\"urlTemplate\":\"https:\\\/\\\/www.ummto.dz\\\/fgei\\\/?s={search_term_string}\"},\"query-input\":{\"@type\":\"PropertyValueSpecification\",\"valueRequired\":true,\"valueName\":\"search_term_string\"}}],\"inLanguage\":\"fr-FR\"}]}<\/script>\n<!-- \/ Yoast SEO plugin. -->","yoast_head_json":{"title":"Bourses Profas B+ - Facult\u00e9 du G\u00e9nie Electrique et d&#039;Informatique","robots":{"index":"index","follow":"follow","max-snippet":"max-snippet:-1","max-image-preview":"max-image-preview:large","max-video-preview":"max-video-preview:-1"},"canonical":"https:\/\/www.ummto.dz\/fgei\/bourses-profas-b\/","og_locale":"fr_FR","og_type":"article","og_title":"Bourses Profas B+ - Facult\u00e9 du G\u00e9nie Electrique et d&#039;Informatique","og_description":"Bilan du Programme de Coop\u00e9ration Algero-Fran\u00e7ais Profas B+ (Ex BAF)\u00a0de l\u2019ann\u00e9e Universitaire 2001\/2002 \u00e0 2017\/2018 Ann\u00e9e de d\u00e9part Nom &amp; Pr\u00e9nom Sp\u00e9cialit\u00e9 Pays d&rsquo;Accueil Dur\u00e9e de Formation D\u00e9but de Formation Fin de Formation Soutenance effectu\u00e9es 2001\/2002 HADJ ALI Allel Informatique France 10\/06\/2003 2002\/2003 LAGHROUCHE Mourad Electronique France 18\/06\/2005 2006\/2007 MAIDI Ahmed Automatique France 18 Mois\u00a0 [&hellip;]","og_url":"https:\/\/www.ummto.dz\/fgei\/bourses-profas-b\/","og_site_name":"Facult\u00e9 du G\u00e9nie Electrique et d&#039;Informatique","article_modified_time":"2018-09-12T11:18:46+00:00","twitter_card":"summary_large_image","twitter_misc":{"Dur\u00e9e de lecture estim\u00e9e":"1 minute"},"schema":{"@context":"https:\/\/schema.org","@graph":[{"@type":"WebPage","@id":"https:\/\/www.ummto.dz\/fgei\/bourses-profas-b\/","url":"https:\/\/www.ummto.dz\/fgei\/bourses-profas-b\/","name":"Bourses Profas B+ - Facult\u00e9 du G\u00e9nie Electrique et d&#039;Informatique","isPartOf":{"@id":"https:\/\/www.ummto.dz\/fgei\/#website"},"datePublished":"2018-09-12T11:15:14+00:00","dateModified":"2018-09-12T11:18:46+00:00","breadcrumb":{"@id":"https:\/\/www.ummto.dz\/fgei\/bourses-profas-b\/#breadcrumb"},"inLanguage":"fr-FR","potentialAction":[{"@type":"ReadAction","target":["https:\/\/www.ummto.dz\/fgei\/bourses-profas-b\/"]}]},{"@type":"BreadcrumbList","@id":"https:\/\/www.ummto.dz\/fgei\/bourses-profas-b\/#breadcrumb","itemListElement":[{"@type":"ListItem","position":1,"name":"Accueil","item":"https:\/\/www.ummto.dz\/fgei\/"},{"@type":"ListItem","position":2,"name":"Bourses Profas B+"}]},{"@type":"WebSite","@id":"https:\/\/www.ummto.dz\/fgei\/#website","url":"https:\/\/www.ummto.dz\/fgei\/","name":"Facult\u00e9 du G\u00e9nie Electrique et d&#039;Informatique","description":"UMMTO","potentialAction":[{"@type":"SearchAction","target":{"@type":"EntryPoint","urlTemplate":"https:\/\/www.ummto.dz\/fgei\/?s={search_term_string}"},"query-input":{"@type":"PropertyValueSpecification","valueRequired":true,"valueName":"search_term_string"}}],"inLanguage":"fr-FR"}]}},"_links":{"self":[{"href":"https:\/\/www.ummto.dz\/fgei\/wp-json\/wp\/v2\/pages\/636","targetHints":{"allow":["GET"]}}],"collection":[{"href":"https:\/\/www.ummto.dz\/fgei\/wp-json\/wp\/v2\/pages"}],"about":[{"href":"https:\/\/www.ummto.dz\/fgei\/wp-json\/wp\/v2\/types\/page"}],"author":[{"embeddable":true,"href":"https:\/\/www.ummto.dz\/fgei\/wp-json\/wp\/v2\/users\/1"}],"replies":[{"embeddable":true,"href":"https:\/\/www.ummto.dz\/fgei\/wp-json\/wp\/v2\/comments?post=636"}],"version-history":[{"count":4,"href":"https:\/\/www.ummto.dz\/fgei\/wp-json\/wp\/v2\/pages\/636\/revisions"}],"predecessor-version":[{"id":640,"href":"https:\/\/www.ummto.dz\/fgei\/wp-json\/wp\/v2\/pages\/636\/revisions\/640"}],"wp:attachment":[{"href":"https:\/\/www.ummto.dz\/fgei\/wp-json\/wp\/v2\/media?parent=636"}],"curies":[{"name":"wp","href":"https:\/\/api.w.org\/{rel}","templated":true}]}}