{"id":29,"date":"2018-01-29T19:21:14","date_gmt":"2018-01-29T18:21:14","guid":{"rendered":"http:\/\/fgei.ummto.dz\/?page_id=29"},"modified":"2021-12-15T14:32:42","modified_gmt":"2021-12-15T13:32:42","slug":"infrastructures","status":"publish","type":"page","link":"https:\/\/www.ummto.dz\/fll\/infrastructures\/","title":{"rendered":"Infrastructures"},"content":{"rendered":"\n[et_pb_section fb_built=\u00a0\u00bb1&Prime; custom_padding_last_edited=\u00a0\u00bbon|desktop\u00a0\u00bb _builder_version=\u00a0\u00bb4.13.1&Prime; _module_preset=\u00a0\u00bbdefault\u00a0\u00bb use_background_color_gradient=\u00a0\u00bbon\u00a0\u00bb background_color_gradient_start=\u00a0\u00bbrgba(0,79,140,0.34)\u00a0\u00bb background_color_gradient_end=\u00a0\u00bb#00385e\u00a0\u00bb background_color_gradient_type=\u00a0\u00bbradial\u00a0\u00bb background_color_gradient_direction_radial=\u00a0\u00bbtop left\u00a0\u00bb background_color_gradient_end_position=\u00a0\u00bb50%\u00a0\u00bb background_color_gradient_overlays_image=\u00a0\u00bbon\u00a0\u00bb background_image=\u00a0\u00bbhttps:\/\/www.ummto.dz\/fdsp\/wp-content\/uploads\/2021\/11\/funeral-home-image-03.jpg\u00a0\u00bb width=\u00a0\u00bb100%\u00a0\u00bb module_alignment=\u00a0\u00bbcenter\u00a0\u00bb min_height=\u00a0\u00bb100px\u00a0\u00bb height=\u00a0\u00bb200px\u00a0\u00bb custom_padding=\u00a0\u00bb10vh|0|12vh||false|false\u00a0\u00bb custom_padding_tablet=\u00a0\u00bb10vh||10vh||false\u00a0\u00bb custom_padding_phone=\u00a0\u00bb5vh||5vh||false\u00a0\u00bb top_divider_style=\u00a0\u00bbwave2&Prime; top_divider_color=\u00a0\u00bbrgba(12,113,195,0.11)\u00a0\u00bb top_divider_height=\u00a0\u00bb460px\u00a0\u00bb top_divider_flip=\u00a0\u00bbhorizontal\u00a0\u00bb bottom_divider_style=\u00a0\u00bbcurve\u00a0\u00bb bottom_divider_color=\u00a0\u00bb#ffffff\u00a0\u00bb bottom_divider_height=\u00a0\u00bb3vw\u00a0\u00bb bottom_divider_flip=\u00a0\u00bbvertical\u00a0\u00bb global_colors_info=\u00a0\u00bb{}\u00a0\u00bb][et_pb_row _builder_version=\u00a0\u00bb4.13.1&Prime; _module_preset=\u00a0\u00bbdefault\u00a0\u00bb custom_margin=\u00a0\u00bb-8px||||false|false\u00a0\u00bb custom_padding=\u00a0\u00bb0px||||false|false\u00a0\u00bb global_colors_info=\u00a0\u00bb{}\u00a0\u00bb][et_pb_column type=\u00a0\u00bb4_4&Prime; _builder_version=\u00a0\u00bb4.13.1&Prime; _module_preset=\u00a0\u00bbdefault\u00a0\u00bb global_colors_info=\u00a0\u00bb{}\u00a0\u00bb][et_pb_text _builder_version=\u00a0\u00bb4.13.1&Prime; _module_preset=\u00a0\u00bbdefault\u00a0\u00bb text_font=\u00a0\u00bb|700|||||||\u00a0\u00bb text_text_color=\u00a0\u00bb#FFFFFF\u00a0\u00bb header_3_text_color=\u00a0\u00bb#FFFFFF\u00a0\u00bb header_3_font_size=\u00a0\u00bb28px\u00a0\u00bb header_3_text_shadow_style=\u00a0\u00bbpreset4&Prime; header_3_text_shadow_horizontal_length=\u00a0\u00bb-0.05em\u00a0\u00bb header_3_text_shadow_color=\u00a0\u00bb#000000&Prime; global_colors_info=\u00a0\u00bb{}\u00a0\u00bb]<h3 class=\" bd-posticonprint-6 print-action\">L&rsquo;ogranigramme de la Facult\u00e9<span> des Lettres et des Langues<\/span><\/h3>[\/et_pb_text][\/et_pb_column][\/et_pb_row][\/et_pb_section][et_pb_section fb_built=\u00a0\u00bb1&Prime; admin_label=\u00a0\u00bbsection\u00a0\u00bb _builder_version=\u00a0\u00bb4.13.1&Prime; custom_padding=\u00a0\u00bb0px||||false|false\u00a0\u00bb global_colors_info=\u00a0\u00bb{}\u00a0\u00bb][et_pb_row _builder_version=\u00a0\u00bb4.13.1&Prime; _module_preset=\u00a0\u00bbdefault\u00a0\u00bb custom_margin=\u00a0\u00bb-19px||||false|false\u00a0\u00bb global_colors_info=\u00a0\u00bb{}\u00a0\u00bb][et_pb_column type=\u00a0\u00bb4_4&Prime; _builder_version=\u00a0\u00bb4.13.1&Prime; _module_preset=\u00a0\u00bbdefault\u00a0\u00bb global_colors_info=\u00a0\u00bb{}\u00a0\u00bb][et_pb_image src=\u00a0\u00bbhttps:\/\/www.ummto.dz\/fll\/wp-content\/uploads\/2021\/12\/Organigramme-1.png\u00a0\u00bb _builder_version=\u00a0\u00bb4.14.2&Prime; _module_preset=\u00a0\u00bbdefault\u00a0\u00bb alt=\u00a0\u00bbOrganigramme FLL\u00a0\u00bb title_text=\u00a0\u00bbOrganigramme FLL\u00a0\u00bb hover_enabled=\u00a0\u00bb0&Prime; sticky_enabled=\u00a0\u00bb0&Prime;][\/et_pb_image][\/et_pb_column][\/et_pb_row][\/et_pb_section]\n","protected":false},"excerpt":{"rendered":"<p>L&rsquo;ogranigramme de la Facult\u00e9 des Lettres et des Langues<\/p>\n","protected":false},"author":1,"featured_media":0,"parent":0,"menu_order":0,"comment_status":"closed","ping_status":"closed","template":"","meta":{"_et_pb_use_builder":"on","_et_pb_old_content":"","_et_gb_content_width":"","footnotes":""},"class_list":["post-29","page","type-page","status-publish","hentry"],"yoast_head":"<!-- This site is optimized with the Yoast SEO plugin v27.3 - https:\/\/yoast.com\/product\/yoast-seo-wordpress\/ -->\n<title>Infrastructures - Facult\u00e9 des Lettres et des Langues<\/title>\n<meta name=\"description\" content=\"Organigramme de la facult\u00e9 des lettres et des langues de l&#039;inuversit\u00e9 Mouloud Mammeri de Tizi Ouzou\" \/>\n<meta name=\"robots\" content=\"index, follow, max-snippet:-1, max-image-preview:large, max-video-preview:-1\" \/>\n<link rel=\"canonical\" href=\"https:\/\/www.ummto.dz\/fll\/infrastructures\/\" \/>\n<meta property=\"og:locale\" content=\"fr_FR\" \/>\n<meta property=\"og:type\" content=\"article\" \/>\n<meta property=\"og:title\" content=\"Infrastructures - Facult\u00e9 des Lettres et des Langues\" \/>\n<meta property=\"og:description\" content=\"Organigramme de la facult\u00e9 des lettres et des langues de l&#039;inuversit\u00e9 Mouloud Mammeri de Tizi Ouzou\" \/>\n<meta property=\"og:url\" content=\"https:\/\/www.ummto.dz\/fll\/infrastructures\/\" \/>\n<meta property=\"og:site_name\" content=\"Facult\u00e9 des Lettres et des Langues\" \/>\n<meta property=\"article:modified_time\" content=\"2021-12-15T13:32:42+00:00\" \/>\n<meta name=\"twitter:card\" content=\"summary_large_image\" \/>\n<meta name=\"twitter:label1\" content=\"Dur\u00e9e de lecture estim\u00e9e\" \/>\n\t<meta name=\"twitter:data1\" content=\"1 minute\" \/>\n<script type=\"application\/ld+json\" class=\"yoast-schema-graph\">{\"@context\":\"https:\\\/\\\/schema.org\",\"@graph\":[{\"@type\":\"WebPage\",\"@id\":\"https:\\\/\\\/www.ummto.dz\\\/fll\\\/infrastructures\\\/\",\"url\":\"https:\\\/\\\/www.ummto.dz\\\/fll\\\/infrastructures\\\/\",\"name\":\"Infrastructures - Facult\u00e9 des Lettres et des Langues\",\"isPartOf\":{\"@id\":\"https:\\\/\\\/www.ummto.dz\\\/fll\\\/#website\"},\"datePublished\":\"2018-01-29T18:21:14+00:00\",\"dateModified\":\"2021-12-15T13:32:42+00:00\",\"description\":\"Organigramme de la facult\u00e9 des lettres et des langues de l'inuversit\u00e9 Mouloud Mammeri de Tizi Ouzou\",\"breadcrumb\":{\"@id\":\"https:\\\/\\\/www.ummto.dz\\\/fll\\\/infrastructures\\\/#breadcrumb\"},\"inLanguage\":\"fr-FR\",\"potentialAction\":[{\"@type\":\"ReadAction\",\"target\":[\"https:\\\/\\\/www.ummto.dz\\\/fll\\\/infrastructures\\\/\"]}]},{\"@type\":\"BreadcrumbList\",\"@id\":\"https:\\\/\\\/www.ummto.dz\\\/fll\\\/infrastructures\\\/#breadcrumb\",\"itemListElement\":[{\"@type\":\"ListItem\",\"position\":1,\"name\":\"Accueil\",\"item\":\"https:\\\/\\\/www.ummto.dz\\\/fll\\\/\"},{\"@type\":\"ListItem\",\"position\":2,\"name\":\"Infrastructures\"}]},{\"@type\":\"WebSite\",\"@id\":\"https:\\\/\\\/www.ummto.dz\\\/fll\\\/#website\",\"url\":\"https:\\\/\\\/www.ummto.dz\\\/fll\\\/\",\"name\":\"Facult\u00e9 des Lettres et des Langues\",\"description\":\"Facult\u00e9 des Lettres et des Langues\",\"potentialAction\":[{\"@type\":\"SearchAction\",\"target\":{\"@type\":\"EntryPoint\",\"urlTemplate\":\"https:\\\/\\\/www.ummto.dz\\\/fll\\\/?s={search_term_string}\"},\"query-input\":{\"@type\":\"PropertyValueSpecification\",\"valueRequired\":true,\"valueName\":\"search_term_string\"}}],\"inLanguage\":\"fr-FR\"}]}<\/script>\n<!-- \/ Yoast SEO plugin. -->","yoast_head_json":{"title":"Infrastructures - Facult\u00e9 des Lettres et des Langues","description":"Organigramme de la facult\u00e9 des lettres et des langues de l'inuversit\u00e9 Mouloud Mammeri de Tizi Ouzou","robots":{"index":"index","follow":"follow","max-snippet":"max-snippet:-1","max-image-preview":"max-image-preview:large","max-video-preview":"max-video-preview:-1"},"canonical":"https:\/\/www.ummto.dz\/fll\/infrastructures\/","og_locale":"fr_FR","og_type":"article","og_title":"Infrastructures - Facult\u00e9 des Lettres et des Langues","og_description":"Organigramme de la facult\u00e9 des lettres et des langues de l'inuversit\u00e9 Mouloud Mammeri de Tizi Ouzou","og_url":"https:\/\/www.ummto.dz\/fll\/infrastructures\/","og_site_name":"Facult\u00e9 des Lettres et des Langues","article_modified_time":"2021-12-15T13:32:42+00:00","twitter_card":"summary_large_image","twitter_misc":{"Dur\u00e9e de lecture estim\u00e9e":"1 minute"},"schema":{"@context":"https:\/\/schema.org","@graph":[{"@type":"WebPage","@id":"https:\/\/www.ummto.dz\/fll\/infrastructures\/","url":"https:\/\/www.ummto.dz\/fll\/infrastructures\/","name":"Infrastructures - Facult\u00e9 des Lettres et des Langues","isPartOf":{"@id":"https:\/\/www.ummto.dz\/fll\/#website"},"datePublished":"2018-01-29T18:21:14+00:00","dateModified":"2021-12-15T13:32:42+00:00","description":"Organigramme de la facult\u00e9 des lettres et des langues de l'inuversit\u00e9 Mouloud Mammeri de Tizi Ouzou","breadcrumb":{"@id":"https:\/\/www.ummto.dz\/fll\/infrastructures\/#breadcrumb"},"inLanguage":"fr-FR","potentialAction":[{"@type":"ReadAction","target":["https:\/\/www.ummto.dz\/fll\/infrastructures\/"]}]},{"@type":"BreadcrumbList","@id":"https:\/\/www.ummto.dz\/fll\/infrastructures\/#breadcrumb","itemListElement":[{"@type":"ListItem","position":1,"name":"Accueil","item":"https:\/\/www.ummto.dz\/fll\/"},{"@type":"ListItem","position":2,"name":"Infrastructures"}]},{"@type":"WebSite","@id":"https:\/\/www.ummto.dz\/fll\/#website","url":"https:\/\/www.ummto.dz\/fll\/","name":"Facult\u00e9 des Lettres et des Langues","description":"Facult\u00e9 des Lettres et des Langues","potentialAction":[{"@type":"SearchAction","target":{"@type":"EntryPoint","urlTemplate":"https:\/\/www.ummto.dz\/fll\/?s={search_term_string}"},"query-input":{"@type":"PropertyValueSpecification","valueRequired":true,"valueName":"search_term_string"}}],"inLanguage":"fr-FR"}]}},"_links":{"self":[{"href":"https:\/\/www.ummto.dz\/fll\/wp-json\/wp\/v2\/pages\/29","targetHints":{"allow":["GET"]}}],"collection":[{"href":"https:\/\/www.ummto.dz\/fll\/wp-json\/wp\/v2\/pages"}],"about":[{"href":"https:\/\/www.ummto.dz\/fll\/wp-json\/wp\/v2\/types\/page"}],"author":[{"embeddable":true,"href":"https:\/\/www.ummto.dz\/fll\/wp-json\/wp\/v2\/users\/1"}],"replies":[{"embeddable":true,"href":"https:\/\/www.ummto.dz\/fll\/wp-json\/wp\/v2\/comments?post=29"}],"version-history":[{"count":5,"href":"https:\/\/www.ummto.dz\/fll\/wp-json\/wp\/v2\/pages\/29\/revisions"}],"predecessor-version":[{"id":3420,"href":"https:\/\/www.ummto.dz\/fll\/wp-json\/wp\/v2\/pages\/29\/revisions\/3420"}],"wp:attachment":[{"href":"https:\/\/www.ummto.dz\/fll\/wp-json\/wp\/v2\/media?parent=29"}],"curies":[{"name":"wp","href":"https:\/\/api.w.org\/{rel}","templated":true}]}}