{"id":3124,"date":"2021-11-25T13:24:31","date_gmt":"2021-11-25T12:24:31","guid":{"rendered":"https:\/\/www.ummto.dz\/fll\/?page_id=3124"},"modified":"2022-05-08T15:51:51","modified_gmt":"2022-05-08T13:51:51","slug":"planning-des-examens-4","status":"publish","type":"page","link":"https:\/\/www.ummto.dz\/fll\/planning-des-examens-4\/","title":{"rendered":"Planning des examens"},"content":{"rendered":"<p>[et_pb_section fb_built=\u00a0\u00bb1&Prime; _builder_version=\u00a0\u00bb4.16&Prime; _module_preset=\u00a0\u00bbdefault\u00a0\u00bb background_image=\u00a0\u00bbhttps:\/\/www.ummto.dz\/fll\/wp-content\/uploads\/2021\/11\/Fond-Anglais.jpg\u00a0\u00bb width=\u00a0\u00bb100%\u00a0\u00bb module_alignment=\u00a0\u00bbcenter\u00a0\u00bb min_height=\u00a0\u00bb400px\u00a0\u00bb custom_margin=\u00a0\u00bb||0px||false|false\u00a0\u00bb custom_padding=\u00a0\u00bb0px||0px||false|false\u00a0\u00bb top_divider_style=\u00a0\u00bbwave2&Prime; top_divider_color=\u00a0\u00bb#FFFFFF\u00a0\u00bb top_divider_height=\u00a0\u00bb105px\u00a0\u00bb top_divider_flip=\u00a0\u00bbhorizontal\u00a0\u00bb top_divider_arrangement=\u00a0\u00bbabove_content\u00a0\u00bb bottom_divider_style=\u00a0\u00bbwave2&Prime; bottom_divider_color=\u00a0\u00bb#FFFFFF\u00a0\u00bb bottom_divider_flip=\u00a0\u00bbvertical\u00a0\u00bb bottom_divider_arrangement=\u00a0\u00bbabove_content\u00a0\u00bb global_colors_info=\u00a0\u00bb{}\u00a0\u00bb][et_pb_row _builder_version=\u00a0\u00bb4.16&Prime; _module_preset=\u00a0\u00bbdefault\u00a0\u00bb custom_margin=\u00a0\u00bb0px||||false|false\u00a0\u00bb custom_padding=\u00a0\u00bb200px||||false|false\u00a0\u00bb global_colors_info=\u00a0\u00bb{}\u00a0\u00bb][et_pb_column type=\u00a0\u00bb4_4&Prime; _builder_version=\u00a0\u00bb4.16&Prime; _module_preset=\u00a0\u00bbdefault\u00a0\u00bb global_colors_info=\u00a0\u00bb{}\u00a0\u00bb][et_pb_text _builder_version=\u00a0\u00bb4.16&Prime; _module_preset=\u00a0\u00bbdefault\u00a0\u00bb text_font=\u00a0\u00bb|700|||||||\u00a0\u00bb text_text_color=\u00a0\u00bb#000000&Prime; text_font_size=\u00a0\u00bb22px\u00a0\u00bb header_font=\u00a0\u00bbArtifika|600|||||||\u00a0\u00bb header_text_color=\u00a0\u00bb#000000&Prime; header_font_size=\u00a0\u00bb39px\u00a0\u00bb header_letter_spacing=\u00a0\u00bb1px\u00a0\u00bb header_text_shadow_style=\u00a0\u00bbpreset1&Prime; header_text_shadow_color=\u00a0\u00bb#e09900&Prime; global_colors_info=\u00a0\u00bb{}\u00a0\u00bb]<\/p>\n<h1 class=\" bd-posticonprint-6 print-action\" style=\"text-align: center\"><strong>D\u00e9partement d&rsquo;Anglais<\/strong><\/h1>\n<p>[\/et_pb_text][\/et_pb_column][\/et_pb_row][\/et_pb_section][et_pb_section fb_built=\u00a0\u00bb1&Prime; _builder_version=\u00a0\u00bb4.16&Prime; _module_preset=\u00a0\u00bbdefault\u00a0\u00bb custom_margin=\u00a0\u00bb0px||0px||false|false\u00a0\u00bb custom_padding=\u00a0\u00bb0px||0px||false|false\u00a0\u00bb global_colors_info=\u00a0\u00bb{}\u00a0\u00bb][et_pb_row _builder_version=\u00a0\u00bb4.16&Prime; _module_preset=\u00a0\u00bbdefault\u00a0\u00bb custom_margin=\u00a0\u00bb5px||5px||false|false\u00a0\u00bb custom_padding=\u00a0\u00bb5px||5px||false|false\u00a0\u00bb global_colors_info=\u00a0\u00bb{}\u00a0\u00bb][et_pb_column type=\u00a0\u00bb4_4&Prime; _builder_version=\u00a0\u00bb4.16&Prime; _module_preset=\u00a0\u00bbdefault\u00a0\u00bb global_colors_info=\u00a0\u00bb{}\u00a0\u00bb][dsm_text_divider header=\u00a0\u00bbNos Services\u00a0\u00bb _builder_version=\u00a0\u00bb4.16&Prime; _module_preset=\u00a0\u00bbdefault\u00a0\u00bb global_colors_info=\u00a0\u00bb{}\u00a0\u00bb][\/dsm_text_divider][\/et_pb_column][\/et_pb_row][\/et_pb_section][et_pb_section fb_built=\u00a0\u00bb1&Prime; _builder_version=\u00a0\u00bb4.16&Prime; _module_preset=\u00a0\u00bbdefault\u00a0\u00bb custom_margin=\u00a0\u00bb0px||0px||false|false\u00a0\u00bb custom_padding=\u00a0\u00bb0px||0px||false|false\u00a0\u00bb global_colors_info=\u00a0\u00bb{}\u00a0\u00bb][et_pb_row column_structure=\u00a0\u00bb1_4,1_4,1_4,1_4&Prime; _builder_version=\u00a0\u00bb4.16&Prime; _module_preset=\u00a0\u00bbdefault\u00a0\u00bb custom_margin=\u00a0\u00bb0px||0px||false|false\u00a0\u00bb custom_padding=\u00a0\u00bb0px||0px||false|false\u00a0\u00bb global_colors_info=\u00a0\u00bb{}\u00a0\u00bb][et_pb_column type=\u00a0\u00bb1_4&Prime; _builder_version=\u00a0\u00bb4.16&Prime; _module_preset=\u00a0\u00bbdefault\u00a0\u00bb global_colors_info=\u00a0\u00bb{}\u00a0\u00bb][et_pb_image src=\u00a0\u00bbhttps:\/\/www.ummto.dz\/fll\/wp-content\/uploads\/2021\/10\/dspace-1.webp\u00a0\u00bb title_text=\u00a0\u00bbdspace\u00a0\u00bb url=\u00a0\u00bbhttps:\/\/www.ummto.dz\/dspace\/\u00a0\u00bb _builder_version=\u00a0\u00bb4.16&Prime; _module_preset=\u00a0\u00bbdefault\u00a0\u00bb box_shadow_style=\u00a0\u00bbpreset1&Prime; global_colors_info=\u00a0\u00bb{}\u00a0\u00bb][\/et_pb_image][\/et_pb_column][et_pb_column type=\u00a0\u00bb1_4&Prime; _builder_version=\u00a0\u00bb4.16&Prime; _module_preset=\u00a0\u00bbdefault\u00a0\u00bb global_colors_info=\u00a0\u00bb{}\u00a0\u00bb][et_pb_image src=\u00a0\u00bbhttps:\/\/www.ummto.dz\/fll\/wp-content\/uploads\/2021\/10\/moodle-2.webp\u00a0\u00bb title_text=\u00a0\u00bbmoodle\u00a0\u00bb url=\u00a0\u00bbhttps:\/\/teleensm.ummto.dz\/\u00a0\u00bb _builder_version=\u00a0\u00bb4.16&Prime; _module_preset=\u00a0\u00bbdefault\u00a0\u00bb box_shadow_style=\u00a0\u00bbpreset1&Prime; global_colors_info=\u00a0\u00bb{}\u00a0\u00bb][\/et_pb_image][\/et_pb_column][et_pb_column type=\u00a0\u00bb1_4&Prime; _builder_version=\u00a0\u00bb4.16&Prime; _module_preset=\u00a0\u00bbdefault\u00a0\u00bb global_colors_info=\u00a0\u00bb{}\u00a0\u00bb][et_pb_image src=\u00a0\u00bbhttps:\/\/www.ummto.dz\/fll\/wp-content\/uploads\/2021\/10\/Revues-2.webp\u00a0\u00bb title_text=\u00a0\u00bbRevues\u00a0\u00bb url=\u00a0\u00bbhttp:\/\/revue.ummto.dz\/\u00a0\u00bb _builder_version=\u00a0\u00bb4.16&Prime; _module_preset=\u00a0\u00bbdefault\u00a0\u00bb box_shadow_style=\u00a0\u00bbpreset1&Prime; global_colors_info=\u00a0\u00bb{}\u00a0\u00bb][\/et_pb_image][\/et_pb_column][et_pb_column type=\u00a0\u00bb1_4&Prime; _builder_version=\u00a0\u00bb4.16&Prime; _module_preset=\u00a0\u00bbdefault\u00a0\u00bb global_colors_info=\u00a0\u00bb{}\u00a0\u00bb][et_pb_image src=\u00a0\u00bbhttps:\/\/www.ummto.dz\/fll\/wp-content\/uploads\/2021\/10\/Mail-1-1.webp\u00a0\u00bb title_text=\u00a0\u00bbMail (1)\u00a0\u00bb url=\u00a0\u00bbhttps:\/\/www.ummto.dz\/messagerie-professionnelle\/\u00a0\u00bb _builder_version=\u00a0\u00bb4.16&Prime; _module_preset=\u00a0\u00bbdefault\u00a0\u00bb box_shadow_style=\u00a0\u00bbpreset1&Prime; global_colors_info=\u00a0\u00bb{}\u00a0\u00bb][\/et_pb_image][\/et_pb_column][\/et_pb_row][\/et_pb_section][et_pb_section fb_built=\u00a0\u00bb1&Prime; _builder_version=\u00a0\u00bb4.16&Prime; _module_preset=\u00a0\u00bbdefault\u00a0\u00bb custom_margin=\u00a0\u00bb0px||0px||false|false\u00a0\u00bb custom_padding=\u00a0\u00bb0px||0px||false|false\u00a0\u00bb global_colors_info=\u00a0\u00bb{}\u00a0\u00bb][et_pb_row _builder_version=\u00a0\u00bb4.16&Prime; _module_preset=\u00a0\u00bbdefault\u00a0\u00bb custom_margin=\u00a0\u00bb5px||5px||false|false\u00a0\u00bb custom_padding=\u00a0\u00bb5px||5px||false|false\u00a0\u00bb global_colors_info=\u00a0\u00bb{}\u00a0\u00bb][et_pb_column type=\u00a0\u00bb4_4&Prime; _builder_version=\u00a0\u00bb4.16&Prime; _module_preset=\u00a0\u00bbdefault\u00a0\u00bb global_colors_info=\u00a0\u00bb{}\u00a0\u00bb][dsm_text_divider header=\u00a0\u00bbPlanning des examens\u00a0\u00bb divider_weight=\u00a0\u00bb2px\u00a0\u00bb _builder_version=\u00a0\u00bb4.17.3&Prime; _module_preset=\u00a0\u00bbdefault\u00a0\u00bb global_colors_info=\u00a0\u00bb{}\u00a0\u00bb][\/dsm_text_divider][\/et_pb_column][\/et_pb_row][\/et_pb_section][et_pb_section fb_built=\u00a0\u00bb1&Prime; admin_label=\u00a0\u00bbsection\u00a0\u00bb _builder_version=\u00a0\u00bb4.16&Prime; custom_padding=\u00a0\u00bb0px||||false|false\u00a0\u00bb global_colors_info=\u00a0\u00bb{}\u00a0\u00bb][et_pb_row column_structure=\u00a0\u00bb1_4,1_2,1_4&Prime; _builder_version=\u00a0\u00bb4.16&Prime; _module_preset=\u00a0\u00bbdefault\u00a0\u00bb custom_margin=\u00a0\u00bb-19px||||false|false\u00a0\u00bb global_colors_info=\u00a0\u00bb{}\u00a0\u00bb][et_pb_column type=\u00a0\u00bb1_4&Prime; _builder_version=\u00a0\u00bb4.16&Prime; _module_preset=\u00a0\u00bbdefault\u00a0\u00bb global_colors_info=\u00a0\u00bb{}\u00a0\u00bb][et_pb_text _builder_version=\u00a0\u00bb4.16&Prime; _module_preset=\u00a0\u00bbdefault\u00a0\u00bb background_color=\u00a0\u00bb#f4f4f4&Prime; custom_margin=\u00a0\u00bb2px||||false|false\u00a0\u00bb custom_padding=\u00a0\u00bb11px|||12px|false|false\u00a0\u00bb box_shadow_style=\u00a0\u00bbpreset2&Prime; box_shadow_horizontal=\u00a0\u00bb-20px\u00a0\u00bb global_colors_info=\u00a0\u00bb{}\u00a0\u00bb]<\/p>\n<h5><span style=\"color: #3366ff\"><strong>ACC\u00c8S DIRECT<\/strong><\/span><\/h5>\n<ul>\n<li><span style=\"color: #333333\"><a href=\"https:\/\/www.ummto.dz\/fll\/emploi-du-temps-4\/\" style=\"color: #333333\">Emploi du temps<\/a><\/span><\/li>\n<li><span style=\"color: #333333\"><a href=\"https:\/\/www.ummto.dz\/fll\/sections-et-groupes-4\/\" style=\"color: #333333\">Sections et groupes<\/a><\/span><\/li>\n<li>\n<p class=\"entry-title main_title\"><span style=\"color: #333333\"><a href=\"https:\/\/www.ummto.dz\/fll\/planning-des-examens-4\/\" style=\"color: #333333\">Planning des examens<\/a><\/span><\/p>\n<\/li>\n<\/ul>\n<p>[\/et_pb_text][\/et_pb_column][et_pb_column type=\u00a0\u00bb1_2&Prime; _builder_version=\u00a0\u00bb4.16&Prime; _module_preset=\u00a0\u00bbdefault\u00a0\u00bb global_colors_info=\u00a0\u00bb{}\u00a0\u00bb][et_pb_accordion _builder_version=\u00a0\u00bb4.17.3&Prime; _module_preset=\u00a0\u00bbdefault\u00a0\u00bb hover_enabled=\u00a0\u00bb0&Prime; global_colors_info=\u00a0\u00bb{}\u00a0\u00bb sticky_enabled=\u00a0\u00bb0&Prime;][et_pb_accordion_item title=\u00a0\u00bbL1&Prime; open=\u00a0\u00bbon\u00a0\u00bb _builder_version=\u00a0\u00bb4.17.3&Prime; _module_preset=\u00a0\u00bbdefault\u00a0\u00bb hover_enabled=\u00a0\u00bb0&Prime; global_colors_info=\u00a0\u00bb{}\u00a0\u00bb sticky_enabled=\u00a0\u00bb0&Prime;]<\/p>\n<p><a href=\"https:\/\/www.ummto.dz\/fll\/wp-content\/uploads\/2022\/05\/1ere-Annee-Licence-S1.pdf\" rel=\"attachment wp-att-3929\">1ere Ann\u00e9e Licence S1<\/a><\/p>\n<p>[\/et_pb_accordion_item][et_pb_accordion_item title=\u00a0\u00bbL2&Prime; _builder_version=\u00a0\u00bb4.17.3&Prime; _module_preset=\u00a0\u00bbdefault\u00a0\u00bb hover_enabled=\u00a0\u00bb0&Prime; global_colors_info=\u00a0\u00bb{}\u00a0\u00bb open=\u00a0\u00bboff\u00a0\u00bb sticky_enabled=\u00a0\u00bb0&Prime;]<\/p>\n<p><a href=\"https:\/\/www.ummto.dz\/fll\/wp-content\/uploads\/2022\/04\/Planning-S3.pdf\" rel=\"attachment wp-att-3878\">Planning S3 <\/a><\/p>\n<p>Examens de Remplacement:<\/p>\n<p><a href=\"https:\/\/www.ummto.dz\/fll\/wp-content\/uploads\/2022\/05\/2eme-Annee-Licence-S3.pdf\" rel=\"attachment wp-att-3930\">2eme Ann\u00e9e Licence S3<\/a><\/p>\n<p>[\/et_pb_accordion_item][et_pb_accordion_item title=\u00a0\u00bbL3&Prime; _builder_version=\u00a0\u00bb4.17.3&Prime; _module_preset=\u00a0\u00bbdefault\u00a0\u00bb hover_enabled=\u00a0\u00bb0&Prime; global_colors_info=\u00a0\u00bb{}\u00a0\u00bb open=\u00a0\u00bboff\u00a0\u00bb sticky_enabled=\u00a0\u00bb0&Prime;]<\/p>\n<p><a href=\"https:\/\/www.ummto.dz\/fll\/wp-content\/uploads\/2022\/04\/Planning-S5.pdf\" rel=\"attachment wp-att-3879\">Planning S5<\/a><\/p>\n<p>Examens de Remplacement:<\/p>\n<p><a href=\"https:\/\/www.ummto.dz\/fll\/wp-content\/uploads\/2022\/05\/3eme-Annee-Licence-S5.pdf\" rel=\"attachment wp-att-3931\">3eme Ann\u00e9e Licence S5<\/a><\/p>\n<p>[\/et_pb_accordion_item][et_pb_accordion_item title=\u00a0\u00bbM1&Prime; _builder_version=\u00a0\u00bb4.17.3&Prime; _module_preset=\u00a0\u00bbdefault\u00a0\u00bb hover_enabled=\u00a0\u00bb0&Prime; global_colors_info=\u00a0\u00bb{}\u00a0\u00bb open=\u00a0\u00bboff\u00a0\u00bb sticky_enabled=\u00a0\u00bb0&Prime;]<\/p>\n<p><a href=\"https:\/\/www.ummto.dz\/fll\/wp-content\/uploads\/2022\/04\/Planning-MASTER-I-\u2013-Didac.-des-Lges-Etrangeres-_Semestre1_.pdf\" rel=\"attachment wp-att-3880\">Planning MASTER I \u2013 Didac. des Lges Etrang\u00e8res _Semestre1_<\/a><\/p>\n<p><a href=\"https:\/\/www.ummto.dz\/fll\/wp-content\/uploads\/2022\/04\/Planning-MASTER-I-\u2013-Lit.-Appr.-Interdisc.-_Semestre1_.pdf\" rel=\"attachment wp-att-3881\">Planning MASTER I \u2013 Lit. &amp; Appr. Interdisc. _Semestre1_<\/a><\/p>\n<p><a href=\"https:\/\/www.ummto.dz\/fll\/wp-content\/uploads\/2022\/04\/Planning-MASTER-I-\u2013-LITT.-GEN.-COMPAREE-_Semestre-1_.pdf\" rel=\"attachment wp-att-3882\">Planning MASTER I \u2013 LITT. G\u00c9N. &amp; COMPAR\u00c9E _Semestre 1_<\/a><\/p>\n<p><a href=\"https:\/\/www.ummto.dz\/fll\/wp-content\/uploads\/2022\/04\/Planning-MASTER-I-\u2013-Litterature-Civilisation-_Semestre-1_.pdf\" rel=\"attachment wp-att-3883\">Planning MASTER I \u2013 Litt\u00e9rature &amp; Civilisation _Semestre 1_<\/a><\/p>\n<p><a href=\"https:\/\/www.ummto.dz\/fll\/wp-content\/uploads\/2022\/04\/Planning-MASTER-I-\u2013Langue-Communication-_Semestre-1_.pdf\" rel=\"attachment wp-att-3884\">Planning MASTER I \u2013Langue &amp; Communication _Semestre 1_<\/a><\/p>\n<p>Examens de Remplacement:<\/p>\n<p><a href=\"https:\/\/www.ummto.dz\/fll\/wp-content\/uploads\/2022\/05\/MASTER-1-\u2013-LITT.GEN-COMPAREE-_Semestre-01_.pdf\" rel=\"attachment wp-att-3932\">MASTER 1 \u2013 LITT.GEN &amp;COMPAREE _Semestre 01_<\/a><\/p>\n<p><a href=\"https:\/\/www.ummto.dz\/fll\/wp-content\/uploads\/2022\/05\/MASTER-1-\u2013-Litterature-Civilisation-_Semestre-01_.pdf\" rel=\"attachment wp-att-3933\">MASTER 1 \u2013 Litt\u00e9rature &amp; Civilisation _Semestre 01_<\/a><\/p>\n<p><a href=\"https:\/\/www.ummto.dz\/fll\/wp-content\/uploads\/2022\/05\/MASTER-1-\u2013Didactique-Des-Langue-Etrangeres-_Semestre-01_.pdf\" rel=\"attachment wp-att-3934\">MASTER 1 \u2013Didactique Des Langue Etrang\u00e8res _Semestre 01_<\/a><\/p>\n<p><a href=\"https:\/\/www.ummto.dz\/fll\/wp-content\/uploads\/2022\/05\/MASTER-1-\u2013Langue-Communication-_Semestre-01_.pdf\" rel=\"attachment wp-att-3935\">MASTER 1 \u2013Langue &amp; Communication _Semestre 01_<\/a><\/p>\n<p><a href=\"https:\/\/www.ummto.dz\/fll\/wp-content\/uploads\/2022\/05\/MASTER-1-\u2013Lit-Appr.Interdic.-_Semestre-01_.pdf\" rel=\"attachment wp-att-3936\">MASTER 1 \u2013Lit-&amp;Appr.Interdic. _Semestre 01_<\/a><\/p>\n<p>[\/et_pb_accordion_item][et_pb_accordion_item title=\u00a0\u00bbM2&Prime; _builder_version=\u00a0\u00bb4.16&Prime; _module_preset=\u00a0\u00bbdefault\u00a0\u00bb global_colors_info=\u00a0\u00bb{}\u00a0\u00bb open=\u00a0\u00bboff\u00a0\u00bb][\/et_pb_accordion_item][\/et_pb_accordion][\/et_pb_column][et_pb_column type=\u00a0\u00bb1_4&Prime; _builder_version=\u00a0\u00bb4.16&Prime; _module_preset=\u00a0\u00bbdefault\u00a0\u00bb global_colors_info=\u00a0\u00bb{}\u00a0\u00bb][et_pb_image src=\u00a0\u00bbhttps:\/\/www.ummto.dz\/fll\/wp-content\/uploads\/2021\/10\/Laboratoires-2.webp\u00a0\u00bb title_text=\u00a0\u00bbLaboratoires\u00a0\u00bb url=\u00a0\u00bbhttps:\/\/www.ummto.dz\/fll\/laboratoires-de-recherches\/\u00a0\u00bb _builder_version=\u00a0\u00bb4.16&Prime; _module_preset=\u00a0\u00bbdefault\u00a0\u00bb box_shadow_style=\u00a0\u00bbpreset1&Prime; global_colors_info=\u00a0\u00bb{}\u00a0\u00bb][\/et_pb_image][et_pb_image src=\u00a0\u00bbhttps:\/\/www.ummto.dz\/fll\/wp-content\/uploads\/2021\/10\/BU-1.webp\u00a0\u00bb title_text=\u00a0\u00bbBU\u00a0\u00bb url=\u00a0\u00bbhttps:\/\/www.ummto.dz\/bibliotheque\/\u00a0\u00bb _builder_version=\u00a0\u00bb4.16&Prime; _module_preset=\u00a0\u00bbdefault\u00a0\u00bb box_shadow_style=\u00a0\u00bbpreset1&Prime; global_colors_info=\u00a0\u00bb{}\u00a0\u00bb][\/et_pb_image][et_pb_image src=\u00a0\u00bbhttps:\/\/www.ummto.dz\/fll\/wp-content\/uploads\/2021\/10\/erasmus-.jpg\u00a0\u00bb title_text=\u00a0\u00bberasmus-\u00a0\u00bb url=\u00a0\u00bbhttps:\/\/www.ummto.dz\/category\/erasmus\/\u00a0\u00bb _builder_version=\u00a0\u00bb4.16&Prime; _module_preset=\u00a0\u00bbdefault\u00a0\u00bb box_shadow_style=\u00a0\u00bbpreset1&Prime; global_colors_info=\u00a0\u00bb{}\u00a0\u00bb][\/et_pb_image][et_pb_image src=\u00a0\u00bbhttps:\/\/www.ummto.dz\/fll\/wp-content\/uploads\/2021\/10\/Scholar.webp\u00a0\u00bb title_text=\u00a0\u00bbScholar\u00a0\u00bb url=\u00a0\u00bbhttps:\/\/scholar.google.com\/\u00a0\u00bb _builder_version=\u00a0\u00bb4.16&Prime; _module_preset=\u00a0\u00bbdefault\u00a0\u00bb box_shadow_style=\u00a0\u00bbpreset1&Prime; global_colors_info=\u00a0\u00bb{}\u00a0\u00bb][\/et_pb_image][et_pb_image src=\u00a0\u00bbhttps:\/\/www.ummto.dz\/fll\/wp-content\/uploads\/2021\/10\/ResearchGate-1.webp\u00a0\u00bb title_text=\u00a0\u00bbResearchGate-1&Prime; url=\u00a0\u00bbhttps:\/\/www.researchgate.net\/institution\/Universite-Mouloud-Mammeri-de-Tizi-Ouzou\u00a0\u00bb _builder_version=\u00a0\u00bb4.16&Prime; _module_preset=\u00a0\u00bbdefault\u00a0\u00bb box_shadow_style=\u00a0\u00bbpreset1&Prime; global_colors_info=\u00a0\u00bb{}\u00a0\u00bb][\/et_pb_image][et_pb_image src=\u00a0\u00bbhttps:\/\/www.ummto.dz\/fll\/wp-content\/uploads\/2021\/10\/S.N.D.L.webp\u00a0\u00bb title_text=\u00a0\u00bbS.N.D.L\u00a0\u00bb url=\u00a0\u00bbhttps:\/\/www.sndl.cerist.dz\/\u00a0\u00bb _builder_version=\u00a0\u00bb4.16&Prime; _module_preset=\u00a0\u00bbdefault\u00a0\u00bb box_shadow_style=\u00a0\u00bbpreset1&Prime; global_colors_info=\u00a0\u00bb{}\u00a0\u00bb][\/et_pb_image][\/et_pb_column][\/et_pb_row][\/et_pb_section]<\/p>\n","protected":false},"excerpt":{"rendered":"<p>D\u00e9partement d&rsquo;Anglais<div class=\"et_pb_module dsm_text_divider dsm_text_divider_0\">\n\t\t\t\t\n\t\t\t\t\n\t\t\t\t\n\t\t\t\t\n\t\t\t\t\n\t\t\t\t\n\t\t\t\t<div class=\"et_pb_module_inner\">\n\t\t\t\t\t<div class=\"dsm-text-divider-wrapper dsm-text-divider-align-center et_pb_bg_layout_light\">\n\t\t\t\t\n\t\t\t\t\n\t\t\t\t<div class=\"dsm-text-divider-before dsm-divider\"><\/div>\n\t\t\t\t<h3 class=\"dsm-text-divider-header et_pb_module_header\"><span>Nos Services<\/span><\/h3>\n\t\t\t\t<div class=\"dsm-text-divider-after dsm-divider\"><\/div>\n\t\t\t<\/div>\n\t\t\t\t<\/div>\n\t\t\t<\/div><div class=\"et_pb_module dsm_text_divider dsm_text_divider_1\">\n\t\t\t\t\n\t\t\t\t\n\t\t\t\t\n\t\t\t\t\n\t\t\t\t\n\t\t\t\t\n\t\t\t\t<div class=\"et_pb_module_inner\">\n\t\t\t\t\t<div class=\"dsm-text-divider-wrapper dsm-text-divider-align-center et_pb_bg_layout_light\">\n\t\t\t\t\n\t\t\t\t\n\t\t\t\t<div class=\"dsm-text-divider-before dsm-divider\"><\/div>\n\t\t\t\t<h3 class=\"dsm-text-divider-header et_pb_module_header\"><span>Planning des examens<\/span><\/h3>\n\t\t\t\t<div class=\"dsm-text-divider-after dsm-divider\"><\/div>\n\t\t\t<\/div>\n\t\t\t\t<\/div>\n\t\t\t<\/div>ACC\u00c8S DIRECT Emploi du temps Sections et groupes Planning des examens 1ere Ann\u00e9e Licence S1Planning S3 Examens de Remplacement: 2eme Ann\u00e9e Licence S3Planning S5 Examens de Remplacement: 3eme Ann\u00e9e Licence S5Planning MASTER I \u2013 Didac. des Lges Etrang\u00e8res _Semestre1_ Planning MASTER I [&hellip;]<\/p>\n","protected":false},"author":1,"featured_media":0,"parent":0,"menu_order":0,"comment_status":"closed","ping_status":"closed","template":"","meta":{"_et_pb_use_builder":"on","_et_pb_old_content":"","_et_gb_content_width":"","footnotes":""},"class_list":["post-3124","page","type-page","status-publish","hentry"],"yoast_head":"<!-- This site is optimized with the Yoast SEO plugin v27.3 - https:\/\/yoast.com\/product\/yoast-seo-wordpress\/ -->\n<title>Planning des examens - Facult\u00e9 des Lettres et des Langues<\/title>\n<meta name=\"description\" content=\"planning des examens d\u00e9partement Anglais facult\u00e9 des lettres et des langues universit\u00e9 mouloud mammeri tizi ouzou\" \/>\n<meta name=\"robots\" content=\"index, follow, max-snippet:-1, max-image-preview:large, max-video-preview:-1\" \/>\n<link rel=\"canonical\" href=\"https:\/\/www.ummto.dz\/fll\/planning-des-examens-4\/\" \/>\n<meta property=\"og:locale\" content=\"fr_FR\" \/>\n<meta property=\"og:type\" content=\"article\" \/>\n<meta property=\"og:title\" content=\"Planning des examens - Facult\u00e9 des Lettres et des Langues\" \/>\n<meta property=\"og:description\" content=\"planning des examens d\u00e9partement Anglais facult\u00e9 des lettres et des langues universit\u00e9 mouloud mammeri tizi ouzou\" \/>\n<meta property=\"og:url\" content=\"https:\/\/www.ummto.dz\/fll\/planning-des-examens-4\/\" \/>\n<meta property=\"og:site_name\" content=\"Facult\u00e9 des Lettres et des Langues\" \/>\n<meta property=\"article:modified_time\" content=\"2022-05-08T13:51:51+00:00\" \/>\n<meta name=\"twitter:card\" content=\"summary_large_image\" \/>\n<meta name=\"twitter:label1\" content=\"Dur\u00e9e de lecture estim\u00e9e\" \/>\n\t<meta name=\"twitter:data1\" content=\"6 minutes\" \/>\n<script type=\"application\/ld+json\" class=\"yoast-schema-graph\">{\"@context\":\"https:\\\/\\\/schema.org\",\"@graph\":[{\"@type\":\"WebPage\",\"@id\":\"https:\\\/\\\/www.ummto.dz\\\/fll\\\/planning-des-examens-4\\\/\",\"url\":\"https:\\\/\\\/www.ummto.dz\\\/fll\\\/planning-des-examens-4\\\/\",\"name\":\"Planning des examens - Facult\u00e9 des Lettres et des Langues\",\"isPartOf\":{\"@id\":\"https:\\\/\\\/www.ummto.dz\\\/fll\\\/#website\"},\"datePublished\":\"2021-11-25T12:24:31+00:00\",\"dateModified\":\"2022-05-08T13:51:51+00:00\",\"description\":\"planning des examens d\u00e9partement Anglais facult\u00e9 des lettres et des langues universit\u00e9 mouloud mammeri tizi ouzou\",\"breadcrumb\":{\"@id\":\"https:\\\/\\\/www.ummto.dz\\\/fll\\\/planning-des-examens-4\\\/#breadcrumb\"},\"inLanguage\":\"fr-FR\",\"potentialAction\":[{\"@type\":\"ReadAction\",\"target\":[\"https:\\\/\\\/www.ummto.dz\\\/fll\\\/planning-des-examens-4\\\/\"]}]},{\"@type\":\"BreadcrumbList\",\"@id\":\"https:\\\/\\\/www.ummto.dz\\\/fll\\\/planning-des-examens-4\\\/#breadcrumb\",\"itemListElement\":[{\"@type\":\"ListItem\",\"position\":1,\"name\":\"Accueil\",\"item\":\"https:\\\/\\\/www.ummto.dz\\\/fll\\\/\"},{\"@type\":\"ListItem\",\"position\":2,\"name\":\"Planning des examens\"}]},{\"@type\":\"WebSite\",\"@id\":\"https:\\\/\\\/www.ummto.dz\\\/fll\\\/#website\",\"url\":\"https:\\\/\\\/www.ummto.dz\\\/fll\\\/\",\"name\":\"Facult\u00e9 des Lettres et des Langues\",\"description\":\"Facult\u00e9 des Lettres et des Langues\",\"potentialAction\":[{\"@type\":\"SearchAction\",\"target\":{\"@type\":\"EntryPoint\",\"urlTemplate\":\"https:\\\/\\\/www.ummto.dz\\\/fll\\\/?s={search_term_string}\"},\"query-input\":{\"@type\":\"PropertyValueSpecification\",\"valueRequired\":true,\"valueName\":\"search_term_string\"}}],\"inLanguage\":\"fr-FR\"}]}<\/script>\n<!-- \/ Yoast SEO plugin. -->","yoast_head_json":{"title":"Planning des examens - Facult\u00e9 des Lettres et des Langues","description":"planning des examens d\u00e9partement Anglais facult\u00e9 des lettres et des langues universit\u00e9 mouloud mammeri tizi ouzou","robots":{"index":"index","follow":"follow","max-snippet":"max-snippet:-1","max-image-preview":"max-image-preview:large","max-video-preview":"max-video-preview:-1"},"canonical":"https:\/\/www.ummto.dz\/fll\/planning-des-examens-4\/","og_locale":"fr_FR","og_type":"article","og_title":"Planning des examens - Facult\u00e9 des Lettres et des Langues","og_description":"planning des examens d\u00e9partement Anglais facult\u00e9 des lettres et des langues universit\u00e9 mouloud mammeri tizi ouzou","og_url":"https:\/\/www.ummto.dz\/fll\/planning-des-examens-4\/","og_site_name":"Facult\u00e9 des Lettres et des Langues","article_modified_time":"2022-05-08T13:51:51+00:00","twitter_card":"summary_large_image","twitter_misc":{"Dur\u00e9e de lecture estim\u00e9e":"6 minutes"},"schema":{"@context":"https:\/\/schema.org","@graph":[{"@type":"WebPage","@id":"https:\/\/www.ummto.dz\/fll\/planning-des-examens-4\/","url":"https:\/\/www.ummto.dz\/fll\/planning-des-examens-4\/","name":"Planning des examens - Facult\u00e9 des Lettres et des Langues","isPartOf":{"@id":"https:\/\/www.ummto.dz\/fll\/#website"},"datePublished":"2021-11-25T12:24:31+00:00","dateModified":"2022-05-08T13:51:51+00:00","description":"planning des examens d\u00e9partement Anglais facult\u00e9 des lettres et des langues universit\u00e9 mouloud mammeri tizi ouzou","breadcrumb":{"@id":"https:\/\/www.ummto.dz\/fll\/planning-des-examens-4\/#breadcrumb"},"inLanguage":"fr-FR","potentialAction":[{"@type":"ReadAction","target":["https:\/\/www.ummto.dz\/fll\/planning-des-examens-4\/"]}]},{"@type":"BreadcrumbList","@id":"https:\/\/www.ummto.dz\/fll\/planning-des-examens-4\/#breadcrumb","itemListElement":[{"@type":"ListItem","position":1,"name":"Accueil","item":"https:\/\/www.ummto.dz\/fll\/"},{"@type":"ListItem","position":2,"name":"Planning des examens"}]},{"@type":"WebSite","@id":"https:\/\/www.ummto.dz\/fll\/#website","url":"https:\/\/www.ummto.dz\/fll\/","name":"Facult\u00e9 des Lettres et des Langues","description":"Facult\u00e9 des Lettres et des Langues","potentialAction":[{"@type":"SearchAction","target":{"@type":"EntryPoint","urlTemplate":"https:\/\/www.ummto.dz\/fll\/?s={search_term_string}"},"query-input":{"@type":"PropertyValueSpecification","valueRequired":true,"valueName":"search_term_string"}}],"inLanguage":"fr-FR"}]}},"_links":{"self":[{"href":"https:\/\/www.ummto.dz\/fll\/wp-json\/wp\/v2\/pages\/3124","targetHints":{"allow":["GET"]}}],"collection":[{"href":"https:\/\/www.ummto.dz\/fll\/wp-json\/wp\/v2\/pages"}],"about":[{"href":"https:\/\/www.ummto.dz\/fll\/wp-json\/wp\/v2\/types\/page"}],"author":[{"embeddable":true,"href":"https:\/\/www.ummto.dz\/fll\/wp-json\/wp\/v2\/users\/1"}],"replies":[{"embeddable":true,"href":"https:\/\/www.ummto.dz\/fll\/wp-json\/wp\/v2\/comments?post=3124"}],"version-history":[{"count":7,"href":"https:\/\/www.ummto.dz\/fll\/wp-json\/wp\/v2\/pages\/3124\/revisions"}],"predecessor-version":[{"id":3937,"href":"https:\/\/www.ummto.dz\/fll\/wp-json\/wp\/v2\/pages\/3124\/revisions\/3937"}],"wp:attachment":[{"href":"https:\/\/www.ummto.dz\/fll\/wp-json\/wp\/v2\/media?parent=3124"}],"curies":[{"name":"wp","href":"https:\/\/api.w.org\/{rel}","templated":true}]}}