{"id":11498,"date":"2026-03-26T09:52:17","date_gmt":"2026-03-26T08:52:17","guid":{"rendered":"https:\/\/www.ummto.dz\/fmed\/?page_id=11498"},"modified":"2026-03-26T11:33:10","modified_gmt":"2026-03-26T10:33:10","slug":"stages-dinternat","status":"publish","type":"page","link":"https:\/\/www.ummto.dz\/fmed\/stages-dinternat\/","title":{"rendered":"Stages d&rsquo;internat"},"content":{"rendered":"<p>[et_pb_section fb_built=\u00a0\u00bb1&Prime; next_background_color=\u00a0\u00bb#ffffff\u00a0\u00bb admin_label=\u00a0\u00bbSection\u00a0\u00bb _builder_version=\u00a0\u00bb4.16&Prime; _module_preset=\u00a0\u00bbdefault\u00a0\u00bb use_background_color_gradient=\u00a0\u00bbon\u00a0\u00bb background_color_gradient_direction=\u00a0\u00bb143deg\u00a0\u00bb background_color_gradient_stops=\u00a0\u00bb#02492a 0%|#76fcb9 100%\u00a0\u00bb background_color_gradient_start=\u00a0\u00bb#02492a\u00a0\u00bb background_color_gradient_end=\u00a0\u00bb#76fcb9&Prime; min_height=\u00a0\u00bb271.5px\u00a0\u00bb custom_margin=\u00a0\u00bb||-47px|||\u00a0\u00bb custom_padding=\u00a0\u00bb||32px|||\u00a0\u00bb bottom_divider_style=\u00a0\u00bbramp2&Prime; bottom_divider_height=\u00a0\u00bb113px\u00a0\u00bb bottom_divider_repeat=\u00a0\u00bb1x\u00a0\u00bb bottom_divider_flip=\u00a0\u00bbvertical|horizontal\u00a0\u00bb locked=\u00a0\u00bboff\u00a0\u00bb global_colors_info=\u00a0\u00bb{}\u00a0\u00bb][et_pb_row _builder_version=\u00a0\u00bb4.16&Prime; _module_preset=\u00a0\u00bbdefault\u00a0\u00bb width=\u00a0\u00bb84.5%\u00a0\u00bb min_height=\u00a0\u00bb81.5px\u00a0\u00bb custom_margin=\u00a0\u00bb-33px|auto||auto||\u00a0\u00bb global_colors_info=\u00a0\u00bb{}\u00a0\u00bb][et_pb_column type=\u00a0\u00bb4_4&Prime; _builder_version=\u00a0\u00bb4.16&Prime; _module_preset=\u00a0\u00bbdefault\u00a0\u00bb global_colors_info=\u00a0\u00bb{}\u00a0\u00bb][et_pb_text _builder_version=\u00a0\u00bb4.27.6&Prime; _module_preset=\u00a0\u00bbdefault\u00a0\u00bb global_colors_info=\u00a0\u00bb{}\u00a0\u00bb]<\/p>\n<h2><span style=\"color: #ffffff\">Stages d&rsquo;internat<\/span><\/h2>\n<p>[\/et_pb_text][\/et_pb_column][\/et_pb_row][et_pb_row column_structure=\u00a0\u00bb1_2,1_2&Prime; _builder_version=\u00a0\u00bb4.16&Prime; _module_preset=\u00a0\u00bbdefault\u00a0\u00bb custom_padding=\u00a0\u00bb13px|||||\u00a0\u00bb global_colors_info=\u00a0\u00bb{}\u00a0\u00bb][et_pb_column type=\u00a0\u00bb1_2&Prime; _builder_version=\u00a0\u00bb4.16&Prime; _module_preset=\u00a0\u00bbdefault\u00a0\u00bb global_colors_info=\u00a0\u00bb{}\u00a0\u00bb][\/et_pb_column][et_pb_column type=\u00a0\u00bb1_2&Prime; _builder_version=\u00a0\u00bb4.16&Prime; _module_preset=\u00a0\u00bbdefault\u00a0\u00bb global_colors_info=\u00a0\u00bb{}\u00a0\u00bb][\/et_pb_column][\/et_pb_row][\/et_pb_section][et_pb_section fb_built=\u00a0\u00bb1&Prime; _builder_version=\u00a0\u00bb4.16&Prime; custom_margin=\u00a0\u00bb15px|||||\u00a0\u00bb custom_padding=\u00a0\u00bb18px|||||\u00a0\u00bb global_colors_info=\u00a0\u00bb{}\u00a0\u00bb][et_pb_row column_structure=\u00a0\u00bb1_2,1_4,1_4&Prime; use_custom_gutter=\u00a0\u00bbon\u00a0\u00bb gutter_width=\u00a0\u00bb2&Prime; _builder_version=\u00a0\u00bb4.27.6&Prime; background_size=\u00a0\u00bbinitial\u00a0\u00bb background_position=\u00a0\u00bbtop_left\u00a0\u00bb background_repeat=\u00a0\u00bbrepeat\u00a0\u00bb width=\u00a0\u00bb90%\u00a0\u00bb custom_padding=\u00a0\u00bb0px|||||\u00a0\u00bb hover_enabled=\u00a0\u00bb0&Prime; global_colors_info=\u00a0\u00bb{}\u00a0\u00bb sticky_enabled=\u00a0\u00bb0&Prime;][et_pb_column type=\u00a0\u00bb1_2&Prime; _builder_version=\u00a0\u00bb4.16&Prime; custom_padding=\u00a0\u00bb|||\u00a0\u00bb global_colors_info=\u00a0\u00bb{}\u00a0\u00bb custom_padding__hover=\u00a0\u00bb|||\u00a0\u00bb][et_pb_text _builder_version=\u00a0\u00bb4.27.6&Prime; _module_preset=\u00a0\u00bbdefault\u00a0\u00bb custom_padding=\u00a0\u00bb13px|15px||11px||\u00a0\u00bb global_colors_info=\u00a0\u00bb{}\u00a0\u00bb]<\/p>\n<h3>\u00a0 \u00a0 \u00a0 \u00a0 Pharmacie :<\/h3>\n<p>&nbsp;<\/p>\n<ul>\n<li><strong><a href=\"https:\/\/www.ummto.dz\/fmed\/wp-content\/uploads\/2025\/09\/Model-demande-de-stage-officine_2025-2026-1.docx\" rel=\"attachment wp-att-10367\">Demande de stage officine_2025 2026<\/a><\/strong><\/li>\n<li><strong><a href=\"https:\/\/www.ummto.dz\/fmed\/wp-content\/uploads\/2025\/09\/Model-demande-de-stage-industrie-pharmaceutique_2025-2026-1.docx\" rel=\"attachment wp-att-10368\">Demande de stage industrie pharmaceutique_2025 2026<\/a><\/strong><\/li>\n<li><strong><a href=\"https:\/\/www.ummto.dz\/fmed\/wp-content\/uploads\/2021\/11\/CONVENTION-DE-STAGE-Sciences-pharmaceutiques-1.docx\" rel=\"attachment wp-att-4226\">Convention de stage<\/a><\/strong><\/li>\n<li><strong><a href=\"https:\/\/www.ummto.dz\/fmed\/wp-content\/uploads\/2021\/11\/Model-dattestation-sciences-pharmaceutiques_21-22.docx\" rel=\"attachment wp-att-4233\">Mod\u00e8le d&rsquo;attestation sciences pharmaceutiques<\/a><\/strong><\/li>\n<li><strong><a href=\"https:\/\/www.ummto.dz\/fmed\/wp-content\/uploads\/2021\/11\/Model-Attestation-galenique_21-22.docx\" rel=\"attachment wp-att-4234\">Mod\u00e8le d&rsquo;attestation gal\u00e9nique<\/a><\/strong><\/li>\n<li><strong><a href=\"https:\/\/www.ummto.dz\/fmed\/wp-content\/uploads\/2021\/11\/Model-pharmacie-hospitaliere-et-clinique_21-22.docx\" rel=\"attachment wp-att-4235\">Mod\u00e8le d&rsquo;attestation pharmacie hospitali\u00e8re et clinique<\/a><\/strong><\/li>\n<li><strong><a href=\"https:\/\/www.ummto.dz\/fmed\/wp-content\/uploads\/2021\/11\/Model-Attestation-Biologie1_21-22.docx\" rel=\"attachment wp-att-4238\">Mod\u00e8le d&rsquo;attestation Biologie1<\/a><\/strong><strong><\/strong><\/li>\n<li><strong><a href=\"https:\/\/www.ummto.dz\/fmed\/wp-content\/uploads\/2021\/11\/Model-Attestation-Biologie2-Nedir_21-22.docx\" rel=\"attachment wp-att-4236\">Mod\u00e8le d&rsquo;attestation Biologie2 Nedir<\/a><\/strong><\/li>\n<li><strong><a href=\"https:\/\/www.ummto.dz\/fmed\/wp-content\/uploads\/2021\/11\/Model-Attestation-Biologie2-Belloua_21-22.docx\" rel=\"attachment wp-att-4237\">Mod\u00e8le d&rsquo;attestation Biologie2 Belloua<\/a><\/strong><\/li>\n<li><strong><a href=\"https:\/\/www.ummto.dz\/fmed\/wp-content\/uploads\/2021\/11\/Model-Attestation-officine.docx\" rel=\"attachment wp-att-4239\">Mod\u00e8le d&rsquo;attestation officine<\/a><\/strong><\/li>\n<\/ul>\n<p style=\"font-weight: 400\">[\/et_pb_text][\/et_pb_column][et_pb_column type=\u00a0\u00bb1_4&Prime; _builder_version=\u00a0\u00bb4.27.6&Prime; _module_preset=\u00a0\u00bbdefault\u00a0\u00bb global_colors_info=\u00a0\u00bb{}\u00a0\u00bb][et_pb_image src=\u00a0\u00bbhttps:\/\/www.ummto.dz\/fmed\/wp-content\/uploads\/2026\/03\/telechargement-phar.png\u00a0\u00bb title_text=\u00a0\u00bbt\u00e9l\u00e9chargement phar\u00a0\u00bb _builder_version=\u00a0\u00bb4.27.6&Prime; _module_preset=\u00a0\u00bbdefault\u00a0\u00bb custom_padding=\u00a0\u00bb38px|||||\u00a0\u00bb global_colors_info=\u00a0\u00bb{}\u00a0\u00bb][\/et_pb_image][\/et_pb_column][et_pb_column type=\u00a0\u00bb1_4&Prime; _builder_version=\u00a0\u00bb4.16&Prime; custom_padding=\u00a0\u00bb|||\u00a0\u00bb global_colors_info=\u00a0\u00bb{}\u00a0\u00bb custom_padding__hover=\u00a0\u00bb|||\u00a0\u00bb][dsm_menu title=\u00a0\u00bbACC\u00c8S DIRECT\u00a0\u00bb menu_id=\u00a0\u00bb3&Prime; menu_link_text_color=\u00a0\u00bb#282828&Prime; list_style_type=\u00a0\u00bbsquare\u00a0\u00bb list_style_color=\u00a0\u00bb#0C71C3&Prime; _builder_version=\u00a0\u00bb4.16&Prime; _module_preset=\u00a0\u00bbdefault\u00a0\u00bb header_font=\u00a0\u00bb|600|||||||\u00a0\u00bb header_text_color=\u00a0\u00bb#0C71C3&Prime; menu_font=\u00a0\u00bb|600|||||||\u00a0\u00bb background_color=\u00a0\u00bb#f4f4f4&Prime; width=\u00a0\u00bb100%\u00a0\u00bb custom_margin=\u00a0\u00bb4px|0px||-3px|false|false\u00a0\u00bb custom_padding=\u00a0\u00bb15px|0px||6px|false|false\u00a0\u00bb box_shadow_style=\u00a0\u00bbpreset2&Prime; box_shadow_horizontal=\u00a0\u00bb18px\u00a0\u00bb box_shadow_blur=\u00a0\u00bb14px\u00a0\u00bb global_colors_info=\u00a0\u00bb{}\u00a0\u00bb][\/dsm_menu][et_pb_post_slider include_categories=\u00a0\u00bb7&Prime; show_meta=\u00a0\u00bboff\u00a0\u00bb show_image=\u00a0\u00bboff\u00a0\u00bb _builder_version=\u00a0\u00bb4.16&Prime; _module_preset=\u00a0\u00bbdefault\u00a0\u00bb custom_padding=\u00a0\u00bb0px||0px||false|false\u00a0\u00bb animation_style=\u00a0\u00bbfold\u00a0\u00bb box_shadow_style=\u00a0\u00bbpreset1&Prime; locked=\u00a0\u00bboff\u00a0\u00bb global_colors_info=\u00a0\u00bb{}\u00a0\u00bb][\/et_pb_post_slider][\/et_pb_column][\/et_pb_row][\/et_pb_section]<\/p>\n","protected":false},"excerpt":{"rendered":"<p>Stages d&rsquo;internat\u00a0 \u00a0 \u00a0 \u00a0 Pharmacie : &nbsp; Demande de stage officine_2025 2026 Demande de stage industrie pharmaceutique_2025 2026 Convention de stage Mod\u00e8le d&rsquo;attestation sciences pharmaceutiques Mod\u00e8le d&rsquo;attestation gal\u00e9nique Mod\u00e8le d&rsquo;attestation pharmacie hospitali\u00e8re et clinique Mod\u00e8le d&rsquo;attestation Biologie1 Mod\u00e8le d&rsquo;attestation Biologie2 Nedir Mod\u00e8le d&rsquo;attestation Biologie2 Belloua Mod\u00e8le d&rsquo;attestation officine <div class=\"et_pb_module dsm_menu dsm_menu_0  et_pb_text_align_left et_pb_bg_layout_light\">\n\t\t\t\t\n\t\t\t\t\n\t\t\t\t\n\t\t\t\t\n\t\t\t\t\n\t\t\t\t\n\t\t\t\t<div class=\"et_pb_module_inner\">\n\t\t\t\t\t<h4 class=\"dsm-menu-title et_pb_module_header\">\u00bbACC\u00c8S<\/h4><nav class=\"dsm-menu-container\" role=navigation itemscope itemtype=http:\/\/schema.org\/SiteNavigationElement><ul id=\"menu-menu-principal\" class=\"dsm-menu dsm-menu-style-type-\u00bbsquare dsm-menu-layout-vertical\"><li id=\"menu-item-26\" class=\"et_pb_menu_page_id-26 menu-item menu-item-type-custom menu-item-object-custom menu-item-has-children menu-item-26\"><a href=\"#\" itemprop=\"url\"><span itemprop=\"name\">Pr\u00e9sentation<\/span><\/a>\n<ul class=\"sub-menu\">\n\t<li id=\"menu-item-305\" class=\"et_pb_menu_page_id-293 menu-item menu-item-type-post_type menu-item-object-page menu-item-305\"><a href=\"https:\/\/www.ummto.dz\/fmed\/mot-du-doyen\/\" itemprop=\"url\"><span itemprop=\"name\">Mot du Doyen<\/span><\/a><\/li>\n\t<li id=\"menu-item-64\" class=\"et_pb_menu_page_id-2 menu-item menu-item-type-post_type menu-item-object-page menu-item-64\"><a href=\"https:\/\/www.ummto.dz\/fmed\/presentation\/\" itemprop=\"url\"><span itemprop=\"name\">Pr\u00e9sentation<\/span><\/a><\/li>\n\t<li id=\"menu-item-63\" class=\"et_pb_menu_page_id-29 menu-item menu-item-type-post_type menu-item-object-page menu-item-63\"><a href=\"https:\/\/www.ummto.dz\/fmed\/infrastructures\/\" itemprop=\"url\"><span itemprop=\"name\">Organigramme<\/span><\/a><\/li>\n\t<li id=\"menu-item-66\" class=\"et_pb_menu_page_id-35 menu-item menu-item-type-post_type menu-item-object-page menu-item-66\"><a href=\"https:\/\/www.ummto.dz\/fmed\/textes-reglementaires\/\" itemprop=\"url\"><span itemprop=\"name\">Facult\u00e9 en Chiffre<\/span><\/a><\/li>\n\t<li id=\"menu-item-65\" class=\"et_pb_menu_page_id-33 menu-item menu-item-type-post_type menu-item-object-page menu-item-65\"><a href=\"https:\/\/www.ummto.dz\/fmed\/services-administratifs\/\" itemprop=\"url\"><span itemprop=\"name\">Services administratifs<\/span><\/a><\/li>\n\t<li id=\"menu-item-4339\" class=\"et_pb_menu_page_id-4337 menu-item menu-item-type-post_type menu-item-object-page menu-item-4339\"><a href=\"https:\/\/www.ummto.dz\/fmed\/equipes-pedagogiques\/\" itemprop=\"url\"><span itemprop=\"name\">Equipe p\u00e9dagogique<\/span><\/a><\/li>\n<\/ul>\n<\/li>\n<li id=\"menu-item-45\" class=\"et_pb_menu_page_id-45 menu-item menu-item-type-custom menu-item-object-custom menu-item-has-children menu-item-45\"><a href=\"#\" itemprop=\"url\"><span itemprop=\"name\">P\u00e9dagogie<\/span><\/a>\n<ul class=\"sub-menu\">\n\t<li id=\"menu-item-5384\" class=\"et_pb_menu_page_id-5384 menu-item menu-item-type-custom menu-item-object-custom menu-item-5384\"><a href=\"https:\/\/www.ummto.dz\/vrp\/\" itemprop=\"url\"><span itemprop=\"name\">Vice Rectorat Charg\u00e9 de la P\u00e9dagogie<\/span><\/a><\/li>\n\t<li id=\"menu-item-5087\" class=\"et_pb_menu_page_id-5087 menu-item menu-item-type-custom menu-item-object-custom menu-item-has-children menu-item-5087\"><a href=\"https:\/\/www.ummto.dz\/nos-formations\/\" itemprop=\"url\"><span itemprop=\"name\">Nos formations<\/span><\/a>\n\t<ul class=\"sub-menu\">\n\t\t<li id=\"menu-item-5179\" class=\"et_pb_menu_page_id-2619 menu-item menu-item-type-post_type menu-item-object-page menu-item-5179\"><a href=\"https:\/\/www.ummto.dz\/fmed\/medecine\/\" itemprop=\"url\"><span itemprop=\"name\">M\u00e9decine<\/span><\/a><\/li>\n\t\t<li id=\"menu-item-5178\" class=\"et_pb_menu_page_id-2620 menu-item menu-item-type-post_type menu-item-object-page menu-item-5178\"><a href=\"https:\/\/www.ummto.dz\/fmed\/medecine-dentaire\/\" itemprop=\"url\"><span itemprop=\"name\">M\u00e9decine dentaire<\/span><\/a><\/li>\n\t\t<li id=\"menu-item-5177\" class=\"et_pb_menu_page_id-2621 menu-item menu-item-type-post_type menu-item-object-page menu-item-5177\"><a href=\"https:\/\/www.ummto.dz\/fmed\/pharmacie\/\" itemprop=\"url\"><span itemprop=\"name\">Pharmacie<\/span><\/a><\/li>\n\t<\/ul>\n<\/li>\n<\/ul>\n<\/li>\n<li id=\"menu-item-309\" class=\"et_pb_menu_page_id-309 menu-item menu-item-type-custom menu-item-object-custom menu-item-has-children menu-item-309\"><a href=\"#\" itemprop=\"url\"><span itemprop=\"name\">Post-Graduation<\/span><\/a>\n<ul class=\"sub-menu\">\n\t<li id=\"menu-item-3172\" class=\"et_pb_menu_page_id-3165 menu-item menu-item-type-post_type menu-item-object-page menu-item-3172\"><a href=\"https:\/\/www.ummto.dz\/fmed\/1-ere-post-graduation\/\" itemprop=\"url\"><span itemprop=\"name\">1 \u00e8re Post graduation<\/span><\/a><\/li>\n\t<li id=\"menu-item-3171\" class=\"et_pb_menu_page_id-3168 menu-item menu-item-type-post_type menu-item-object-page menu-item-3171\"><a href=\"https:\/\/www.ummto.dz\/fmed\/2-eme-post-graduation\/\" itemprop=\"url\"><span itemprop=\"name\">2 \u00e8me post graduation<\/span><\/a><\/li>\n\t<li id=\"menu-item-4980\" class=\"et_pb_menu_page_id-4980 menu-item menu-item-type-custom menu-item-object-custom menu-item-4980\"><a href=\"https:\/\/www.ummto.dz\/textes-reglementaires\/\" itemprop=\"url\"><span itemprop=\"name\">Textes r\u00e9glementaires<\/span><\/a><\/li>\n<\/ul>\n<\/li>\n<li id=\"menu-item-47\" class=\"et_pb_menu_page_id-47 menu-item menu-item-type-custom menu-item-object-custom menu-item-has-children menu-item-47\"><a href=\"#\" itemprop=\"url\"><span itemprop=\"name\">Documentation<\/span><\/a>\n<ul class=\"sub-menu\">\n\t<li id=\"menu-item-4330\" class=\"et_pb_menu_page_id-4289 menu-item menu-item-type-post_type menu-item-object-page menu-item-4330\"><a href=\"https:\/\/www.ummto.dz\/fmed\/bibliotheque\/\" itemprop=\"url\"><span itemprop=\"name\">Biblioth\u00e8que<\/span><\/a><\/li>\n\t<li id=\"menu-item-307\" class=\"et_pb_menu_page_id-307 menu-item menu-item-type-custom menu-item-object-custom menu-item-307\"><a href=\"https:\/\/www.ummto.dz\/opacmed\/\" itemprop=\"url\"><span itemprop=\"name\">Catalogue de la Biblioth\u00e8que de la Facult\u00e9<\/span><\/a><\/li>\n\t<li id=\"menu-item-3173\" class=\"et_pb_menu_page_id-3173 menu-item menu-item-type-custom menu-item-object-custom menu-item-has-children menu-item-3173\"><a href=\"#\" itemprop=\"url\"><span itemprop=\"name\">Fonds Documentaire<\/span><\/a>\n\t<ul class=\"sub-menu\">\n\t\t<li id=\"menu-item-148\" class=\"et_pb_menu_page_id-148 menu-item menu-item-type-custom menu-item-object-custom menu-item-148\"><a href=\"https:\/\/www.ummto.dz\/dspace\/handle\/ummto\/2142\" itemprop=\"url\"><span itemprop=\"name\">M\u00e9moires de M\u00e9decine Dentaire<\/span><\/a><\/li>\n\t\t<li id=\"menu-item-149\" class=\"et_pb_menu_page_id-149 menu-item menu-item-type-custom menu-item-object-custom menu-item-149\"><a href=\"https:\/\/www.ummto.dz\/dspace\/handle\/ummto\/2143\" itemprop=\"url\"><span itemprop=\"name\">M\u00e9moires de Pharmacie<\/span><\/a><\/li>\n\t\t<li id=\"menu-item-3778\" class=\"et_pb_menu_page_id-3778 menu-item menu-item-type-custom menu-item-object-custom menu-item-3778\"><a href=\"https:\/\/www.ummto.dz\/dspace\/handle\/ummto\/93\" itemprop=\"url\"><span itemprop=\"name\">Th\u00e8ses de Doctorat<\/span><\/a><\/li>\n\t<\/ul>\n<\/li>\n\t<li id=\"menu-item-4222\" class=\"et_pb_menu_page_id-4222 menu-item menu-item-type-custom menu-item-object-custom menu-item-4222\"><a href=\"https:\/\/www.ummto.dz\/revues-indexees\/\" itemprop=\"url\"><span itemprop=\"name\">Revues index\u00e9es<\/span><\/a><\/li>\n<\/ul>\n<\/li>\n<li id=\"menu-item-85\" class=\"et_pb_menu_page_id-82 menu-item menu-item-type-post_type menu-item-object-page menu-item-85\"><a href=\"https:\/\/www.ummto.dz\/fmed\/contact\/\" itemprop=\"url\"><span itemprop=\"name\">Contact<\/span><\/a><\/li>\n<li id=\"menu-item-86\" class=\"et_pb_menu_page_id-86 menu-item menu-item-type-custom menu-item-object-custom menu-item-86\"><a href=\"http:\/\/www.ummto.dz\" title=\"Page principale Ummto\" itemprop=\"url\"><span itemprop=\"name\">UMMTO<\/span><\/a><\/li>\n<\/ul><\/nav>\n\t\t\t\t<\/div>\n\t\t\t<\/div><\/p>\n","protected":false},"author":9,"featured_media":11499,"parent":0,"menu_order":0,"comment_status":"closed","ping_status":"closed","template":"","meta":{"_et_pb_use_builder":"on","_et_pb_old_content":"","_et_gb_content_width":"","footnotes":""},"class_list":["post-11498","page","type-page","status-publish","has-post-thumbnail","hentry"],"yoast_head":"<!-- This site is optimized with the Yoast SEO plugin v27.3 - https:\/\/yoast.com\/product\/yoast-seo-wordpress\/ -->\n<title>Stages d&#039;internat - Facult\u00e9 de M\u00e9decine<\/title>\n<meta name=\"description\" content=\"Stages d&#039;internat\" \/>\n<meta name=\"robots\" content=\"index, follow, max-snippet:-1, max-image-preview:large, max-video-preview:-1\" \/>\n<link rel=\"canonical\" href=\"https:\/\/www.ummto.dz\/fmed\/stages-dinternat\/\" \/>\n<meta property=\"og:locale\" content=\"fr_FR\" \/>\n<meta property=\"og:type\" content=\"article\" \/>\n<meta property=\"og:title\" content=\"Stages d&#039;internat - Facult\u00e9 de M\u00e9decine\" \/>\n<meta property=\"og:description\" content=\"Stages d&#039;internat\" \/>\n<meta property=\"og:url\" content=\"https:\/\/www.ummto.dz\/fmed\/stages-dinternat\/\" \/>\n<meta property=\"og:site_name\" content=\"Facult\u00e9 de M\u00e9decine\" \/>\n<meta property=\"article:modified_time\" content=\"2026-03-26T10:33:10+00:00\" \/>\n<meta property=\"og:image\" content=\"https:\/\/www.ummto.dz\/fmed\/wp-content\/uploads\/2026\/03\/telechargement-phar.png\" \/>\n\t<meta property=\"og:image:width\" content=\"225\" \/>\n\t<meta property=\"og:image:height\" content=\"225\" \/>\n\t<meta property=\"og:image:type\" content=\"image\/png\" \/>\n<meta name=\"twitter:card\" content=\"summary_large_image\" \/>\n<meta name=\"twitter:label1\" content=\"Dur\u00e9e de lecture estim\u00e9e\" \/>\n\t<meta name=\"twitter:data1\" content=\"3 minutes\" \/>\n<script type=\"application\/ld+json\" class=\"yoast-schema-graph\">{\"@context\":\"https:\\\/\\\/schema.org\",\"@graph\":[{\"@type\":\"WebPage\",\"@id\":\"https:\\\/\\\/www.ummto.dz\\\/fmed\\\/stages-dinternat\\\/\",\"url\":\"https:\\\/\\\/www.ummto.dz\\\/fmed\\\/stages-dinternat\\\/\",\"name\":\"Stages d'internat - Facult\u00e9 de M\u00e9decine\",\"isPartOf\":{\"@id\":\"https:\\\/\\\/www.ummto.dz\\\/fmed\\\/#website\"},\"primaryImageOfPage\":{\"@id\":\"https:\\\/\\\/www.ummto.dz\\\/fmed\\\/stages-dinternat\\\/#primaryimage\"},\"image\":{\"@id\":\"https:\\\/\\\/www.ummto.dz\\\/fmed\\\/stages-dinternat\\\/#primaryimage\"},\"thumbnailUrl\":\"https:\\\/\\\/www.ummto.dz\\\/fmed\\\/wp-content\\\/uploads\\\/2026\\\/03\\\/telechargement-phar.png\",\"datePublished\":\"2026-03-26T08:52:17+00:00\",\"dateModified\":\"2026-03-26T10:33:10+00:00\",\"description\":\"Stages d'internat\",\"breadcrumb\":{\"@id\":\"https:\\\/\\\/www.ummto.dz\\\/fmed\\\/stages-dinternat\\\/#breadcrumb\"},\"inLanguage\":\"fr-FR\",\"potentialAction\":[{\"@type\":\"ReadAction\",\"target\":[\"https:\\\/\\\/www.ummto.dz\\\/fmed\\\/stages-dinternat\\\/\"]}]},{\"@type\":\"ImageObject\",\"inLanguage\":\"fr-FR\",\"@id\":\"https:\\\/\\\/www.ummto.dz\\\/fmed\\\/stages-dinternat\\\/#primaryimage\",\"url\":\"https:\\\/\\\/www.ummto.dz\\\/fmed\\\/wp-content\\\/uploads\\\/2026\\\/03\\\/telechargement-phar.png\",\"contentUrl\":\"https:\\\/\\\/www.ummto.dz\\\/fmed\\\/wp-content\\\/uploads\\\/2026\\\/03\\\/telechargement-phar.png\",\"width\":225,\"height\":225},{\"@type\":\"BreadcrumbList\",\"@id\":\"https:\\\/\\\/www.ummto.dz\\\/fmed\\\/stages-dinternat\\\/#breadcrumb\",\"itemListElement\":[{\"@type\":\"ListItem\",\"position\":1,\"name\":\"Accueil\",\"item\":\"https:\\\/\\\/www.ummto.dz\\\/fmed\\\/\"},{\"@type\":\"ListItem\",\"position\":2,\"name\":\"Stages d&rsquo;internat\"}]},{\"@type\":\"WebSite\",\"@id\":\"https:\\\/\\\/www.ummto.dz\\\/fmed\\\/#website\",\"url\":\"https:\\\/\\\/www.ummto.dz\\\/fmed\\\/\",\"name\":\"Facult\u00e9 de M\u00e9decine\",\"description\":\"Facult\u00e9 de M\u00e9decine\",\"potentialAction\":[{\"@type\":\"SearchAction\",\"target\":{\"@type\":\"EntryPoint\",\"urlTemplate\":\"https:\\\/\\\/www.ummto.dz\\\/fmed\\\/?s={search_term_string}\"},\"query-input\":{\"@type\":\"PropertyValueSpecification\",\"valueRequired\":true,\"valueName\":\"search_term_string\"}}],\"inLanguage\":\"fr-FR\"}]}<\/script>\n<!-- \/ Yoast SEO plugin. -->","yoast_head_json":{"title":"Stages d'internat - Facult\u00e9 de M\u00e9decine","description":"Stages d'internat","robots":{"index":"index","follow":"follow","max-snippet":"max-snippet:-1","max-image-preview":"max-image-preview:large","max-video-preview":"max-video-preview:-1"},"canonical":"https:\/\/www.ummto.dz\/fmed\/stages-dinternat\/","og_locale":"fr_FR","og_type":"article","og_title":"Stages d'internat - Facult\u00e9 de M\u00e9decine","og_description":"Stages d'internat","og_url":"https:\/\/www.ummto.dz\/fmed\/stages-dinternat\/","og_site_name":"Facult\u00e9 de M\u00e9decine","article_modified_time":"2026-03-26T10:33:10+00:00","og_image":[{"width":225,"height":225,"url":"https:\/\/www.ummto.dz\/fmed\/wp-content\/uploads\/2026\/03\/telechargement-phar.png","type":"image\/png"}],"twitter_card":"summary_large_image","twitter_misc":{"Dur\u00e9e de lecture estim\u00e9e":"3 minutes"},"schema":{"@context":"https:\/\/schema.org","@graph":[{"@type":"WebPage","@id":"https:\/\/www.ummto.dz\/fmed\/stages-dinternat\/","url":"https:\/\/www.ummto.dz\/fmed\/stages-dinternat\/","name":"Stages d'internat - Facult\u00e9 de M\u00e9decine","isPartOf":{"@id":"https:\/\/www.ummto.dz\/fmed\/#website"},"primaryImageOfPage":{"@id":"https:\/\/www.ummto.dz\/fmed\/stages-dinternat\/#primaryimage"},"image":{"@id":"https:\/\/www.ummto.dz\/fmed\/stages-dinternat\/#primaryimage"},"thumbnailUrl":"https:\/\/www.ummto.dz\/fmed\/wp-content\/uploads\/2026\/03\/telechargement-phar.png","datePublished":"2026-03-26T08:52:17+00:00","dateModified":"2026-03-26T10:33:10+00:00","description":"Stages d'internat","breadcrumb":{"@id":"https:\/\/www.ummto.dz\/fmed\/stages-dinternat\/#breadcrumb"},"inLanguage":"fr-FR","potentialAction":[{"@type":"ReadAction","target":["https:\/\/www.ummto.dz\/fmed\/stages-dinternat\/"]}]},{"@type":"ImageObject","inLanguage":"fr-FR","@id":"https:\/\/www.ummto.dz\/fmed\/stages-dinternat\/#primaryimage","url":"https:\/\/www.ummto.dz\/fmed\/wp-content\/uploads\/2026\/03\/telechargement-phar.png","contentUrl":"https:\/\/www.ummto.dz\/fmed\/wp-content\/uploads\/2026\/03\/telechargement-phar.png","width":225,"height":225},{"@type":"BreadcrumbList","@id":"https:\/\/www.ummto.dz\/fmed\/stages-dinternat\/#breadcrumb","itemListElement":[{"@type":"ListItem","position":1,"name":"Accueil","item":"https:\/\/www.ummto.dz\/fmed\/"},{"@type":"ListItem","position":2,"name":"Stages d&rsquo;internat"}]},{"@type":"WebSite","@id":"https:\/\/www.ummto.dz\/fmed\/#website","url":"https:\/\/www.ummto.dz\/fmed\/","name":"Facult\u00e9 de M\u00e9decine","description":"Facult\u00e9 de M\u00e9decine","potentialAction":[{"@type":"SearchAction","target":{"@type":"EntryPoint","urlTemplate":"https:\/\/www.ummto.dz\/fmed\/?s={search_term_string}"},"query-input":{"@type":"PropertyValueSpecification","valueRequired":true,"valueName":"search_term_string"}}],"inLanguage":"fr-FR"}]}},"_links":{"self":[{"href":"https:\/\/www.ummto.dz\/fmed\/wp-json\/wp\/v2\/pages\/11498","targetHints":{"allow":["GET"]}}],"collection":[{"href":"https:\/\/www.ummto.dz\/fmed\/wp-json\/wp\/v2\/pages"}],"about":[{"href":"https:\/\/www.ummto.dz\/fmed\/wp-json\/wp\/v2\/types\/page"}],"author":[{"embeddable":true,"href":"https:\/\/www.ummto.dz\/fmed\/wp-json\/wp\/v2\/users\/9"}],"replies":[{"embeddable":true,"href":"https:\/\/www.ummto.dz\/fmed\/wp-json\/wp\/v2\/comments?post=11498"}],"version-history":[{"count":11,"href":"https:\/\/www.ummto.dz\/fmed\/wp-json\/wp\/v2\/pages\/11498\/revisions"}],"predecessor-version":[{"id":11560,"href":"https:\/\/www.ummto.dz\/fmed\/wp-json\/wp\/v2\/pages\/11498\/revisions\/11560"}],"wp:featuredmedia":[{"embeddable":true,"href":"https:\/\/www.ummto.dz\/fmed\/wp-json\/wp\/v2\/media\/11499"}],"wp:attachment":[{"href":"https:\/\/www.ummto.dz\/fmed\/wp-json\/wp\/v2\/media?parent=11498"}],"curies":[{"name":"wp","href":"https:\/\/api.w.org\/{rel}","templated":true}]}}