{"id":11518,"date":"2026-03-26T10:08:37","date_gmt":"2026-03-26T09:08:37","guid":{"rendered":"https:\/\/www.ummto.dz\/fmed\/?page_id=11518"},"modified":"2026-03-30T14:22:10","modified_gmt":"2026-03-30T13:22:10","slug":"memoire-de-fin-detudes","status":"publish","type":"page","link":"https:\/\/www.ummto.dz\/fmed\/memoire-de-fin-detudes\/","title":{"rendered":"M\u00e9moire de fin d&rsquo;\u00e9tudes"},"content":{"rendered":"\n[et_pb_section fb_built=\u00a0\u00bb1&Prime; next_background_color=\u00a0\u00bb#ffffff\u00a0\u00bb admin_label=\u00a0\u00bbSection\u00a0\u00bb _builder_version=\u00a0\u00bb4.16&Prime; _module_preset=\u00a0\u00bbdefault\u00a0\u00bb use_background_color_gradient=\u00a0\u00bbon\u00a0\u00bb background_color_gradient_direction=\u00a0\u00bb143deg\u00a0\u00bb background_color_gradient_stops=\u00a0\u00bb#02492a 0%|#76fcb9 100%\u00a0\u00bb background_color_gradient_start=\u00a0\u00bb#02492a\u00a0\u00bb background_color_gradient_end=\u00a0\u00bb#76fcb9&Prime; min_height=\u00a0\u00bb271.5px\u00a0\u00bb custom_margin=\u00a0\u00bb||-47px|||\u00a0\u00bb custom_padding=\u00a0\u00bb||32px|||\u00a0\u00bb bottom_divider_style=\u00a0\u00bbramp2&Prime; bottom_divider_height=\u00a0\u00bb113px\u00a0\u00bb bottom_divider_repeat=\u00a0\u00bb1x\u00a0\u00bb bottom_divider_flip=\u00a0\u00bbvertical|horizontal\u00a0\u00bb locked=\u00a0\u00bboff\u00a0\u00bb global_colors_info=\u00a0\u00bb{}\u00a0\u00bb][et_pb_row _builder_version=\u00a0\u00bb4.16&Prime; _module_preset=\u00a0\u00bbdefault\u00a0\u00bb width=\u00a0\u00bb84.5%\u00a0\u00bb min_height=\u00a0\u00bb81.5px\u00a0\u00bb custom_margin=\u00a0\u00bb-33px|auto||auto||\u00a0\u00bb global_colors_info=\u00a0\u00bb{}\u00a0\u00bb][et_pb_column type=\u00a0\u00bb4_4&Prime; _builder_version=\u00a0\u00bb4.16&Prime; _module_preset=\u00a0\u00bbdefault\u00a0\u00bb global_colors_info=\u00a0\u00bb{}\u00a0\u00bb][et_pb_text _builder_version=\u00a0\u00bb4.27.6&Prime; _module_preset=\u00a0\u00bbdefault\u00a0\u00bb global_colors_info=\u00a0\u00bb{}\u00a0\u00bb]<h2><span style=\"color: #ffffff\">M\u00e9moire de fin d&rsquo;\u00e9tudes<\/span><\/h2>[\/et_pb_text][\/et_pb_column][\/et_pb_row][et_pb_row column_structure=\u00a0\u00bb1_2,1_2&Prime; _builder_version=\u00a0\u00bb4.16&Prime; _module_preset=\u00a0\u00bbdefault\u00a0\u00bb custom_padding=\u00a0\u00bb13px|||||\u00a0\u00bb global_colors_info=\u00a0\u00bb{}\u00a0\u00bb][et_pb_column type=\u00a0\u00bb1_2&Prime; _builder_version=\u00a0\u00bb4.16&Prime; _module_preset=\u00a0\u00bbdefault\u00a0\u00bb global_colors_info=\u00a0\u00bb{}\u00a0\u00bb][\/et_pb_column][et_pb_column type=\u00a0\u00bb1_2&Prime; _builder_version=\u00a0\u00bb4.16&Prime; _module_preset=\u00a0\u00bbdefault\u00a0\u00bb global_colors_info=\u00a0\u00bb{}\u00a0\u00bb][\/et_pb_column][\/et_pb_row][\/et_pb_section][et_pb_section fb_built=\u00a0\u00bb1&Prime; _builder_version=\u00a0\u00bb4.16&Prime; custom_margin=\u00a0\u00bb15px|||||\u00a0\u00bb custom_padding=\u00a0\u00bb18px|||||\u00a0\u00bb global_colors_info=\u00a0\u00bb{}\u00a0\u00bb][et_pb_row column_structure=\u00a0\u00bb1_2,1_4,1_4&Prime; use_custom_gutter=\u00a0\u00bbon\u00a0\u00bb gutter_width=\u00a0\u00bb2&Prime; _builder_version=\u00a0\u00bb4.27.6&Prime; background_size=\u00a0\u00bbinitial\u00a0\u00bb background_position=\u00a0\u00bbtop_left\u00a0\u00bb background_repeat=\u00a0\u00bbrepeat\u00a0\u00bb width=\u00a0\u00bb87%\u00a0\u00bb custom_padding=\u00a0\u00bb0px|||||\u00a0\u00bb global_colors_info=\u00a0\u00bb{}\u00a0\u00bb][et_pb_column type=\u00a0\u00bb1_2&Prime; _builder_version=\u00a0\u00bb4.16&Prime; custom_padding=\u00a0\u00bb|||\u00a0\u00bb global_colors_info=\u00a0\u00bb{}\u00a0\u00bb custom_padding__hover=\u00a0\u00bb|||\u00a0\u00bb][et_pb_text _builder_version=\u00a0\u00bb4.27.6&Prime; _module_preset=\u00a0\u00bbdefault\u00a0\u00bb custom_padding=\u00a0\u00bb13px|15px||56px||\u00a0\u00bb hover_enabled=\u00a0\u00bb0&Prime; global_colors_info=\u00a0\u00bb{}\u00a0\u00bb sticky_enabled=\u00a0\u00bb0&Prime;]<h3>\u00a0 \u00a0 \u00a0 \u00a0 Pharmacie :<\/h3>\n<p>&nbsp;<\/p>\n<ul>\n<li style=\"font-weight: 400\"><strong><a href=\"https:\/\/www.ummto.dz\/fmed\/wp-content\/uploads\/2026\/03\/Page-de-couverture.docx\" rel=\"attachment wp-att-11521\">Page de couverture<\/a><\/strong><\/li>\n<li style=\"font-weight: 400\"><a href=\"https:\/\/www.ummto.dz\/fmed\/wp-content\/uploads\/2026\/03\/Guide-de-redaction_PFE_Pharmacie.pdf\" rel=\"attachment wp-att-11593\"><strong>Guide de r\u00e9daction\u00a0 PFE Pharmacie<\/strong><\/a><strong><\/strong><\/li>\n<\/ul>[\/et_pb_text][\/et_pb_column][et_pb_column type=\u00a0\u00bb1_4&Prime; _builder_version=\u00a0\u00bb4.27.6&Prime; custom_padding=\u00a0\u00bb|||\u00a0\u00bb global_colors_info=\u00a0\u00bb{}\u00a0\u00bb custom_padding__hover=\u00a0\u00bb|||\u00a0\u00bb][et_pb_image src=\u00a0\u00bbhttps:\/\/www.ummto.dz\/fmed\/wp-content\/uploads\/2022\/11\/bourse-150&#215;150.png\u00a0\u00bb title_text=\u00a0\u00bbbourse\u00a0\u00bb _builder_version=\u00a0\u00bb4.27.6&Prime; _module_preset=\u00a0\u00bbdefault\u00a0\u00bb width=\u00a0\u00bb92%\u00a0\u00bb max_width=\u00a0\u00bb92%\u00a0\u00bb custom_margin=\u00a0\u00bb44px|||||\u00a0\u00bb global_colors_info=\u00a0\u00bb{}\u00a0\u00bb][\/et_pb_image][\/et_pb_column][et_pb_column type=\u00a0\u00bb1_4&Prime; _builder_version=\u00a0\u00bb4.16&Prime; custom_padding=\u00a0\u00bb|||\u00a0\u00bb global_colors_info=\u00a0\u00bb{}\u00a0\u00bb custom_padding__hover=\u00a0\u00bb|||\u00a0\u00bb][dsm_menu title=\u00a0\u00bbACC\u00c8S DIRECT\u00a0\u00bb menu_id=\u00a0\u00bb3&Prime; menu_link_text_color=\u00a0\u00bb#282828&Prime; list_style_type=\u00a0\u00bbsquare\u00a0\u00bb list_style_color=\u00a0\u00bb#0C71C3&Prime; _builder_version=\u00a0\u00bb4.16&Prime; _module_preset=\u00a0\u00bbdefault\u00a0\u00bb header_font=\u00a0\u00bb|600|||||||\u00a0\u00bb header_text_color=\u00a0\u00bb#0C71C3&Prime; menu_font=\u00a0\u00bb|600|||||||\u00a0\u00bb background_color=\u00a0\u00bb#f4f4f4&Prime; width=\u00a0\u00bb100%\u00a0\u00bb custom_margin=\u00a0\u00bb4px|0px||-3px|false|false\u00a0\u00bb custom_padding=\u00a0\u00bb15px|0px||6px|false|false\u00a0\u00bb box_shadow_style=\u00a0\u00bbpreset2&Prime; box_shadow_horizontal=\u00a0\u00bb18px\u00a0\u00bb box_shadow_blur=\u00a0\u00bb14px\u00a0\u00bb global_colors_info=\u00a0\u00bb{}\u00a0\u00bb][\/dsm_menu][et_pb_post_slider include_categories=\u00a0\u00bb7&Prime; show_meta=\u00a0\u00bboff\u00a0\u00bb show_image=\u00a0\u00bboff\u00a0\u00bb _builder_version=\u00a0\u00bb4.16&Prime; _module_preset=\u00a0\u00bbdefault\u00a0\u00bb custom_padding=\u00a0\u00bb0px||0px||false|false\u00a0\u00bb animation_style=\u00a0\u00bbfold\u00a0\u00bb box_shadow_style=\u00a0\u00bbpreset1&Prime; locked=\u00a0\u00bboff\u00a0\u00bb global_colors_info=\u00a0\u00bb{}\u00a0\u00bb][\/et_pb_post_slider][\/et_pb_column][\/et_pb_row][\/et_pb_section]\n","protected":false},"excerpt":{"rendered":"<p>M\u00e9moire de fin d&rsquo;\u00e9tudes\u00a0 \u00a0 \u00a0 \u00a0 Pharmacie : &nbsp; Page de couverture Guide de r\u00e9daction\u00a0 PFE Pharmacie <div class=\"et_pb_module dsm_menu dsm_menu_0  et_pb_text_align_left et_pb_bg_layout_light\">\n\t\t\t\t\n\t\t\t\t\n\t\t\t\t\n\t\t\t\t\n\t\t\t\t\n\t\t\t\t\n\t\t\t\t<div class=\"et_pb_module_inner\">\n\t\t\t\t\t<h4 class=\"dsm-menu-title et_pb_module_header\">ACC\u00c8S DIRECT<\/h4><nav class=\"dsm-menu-container\" role=navigation itemscope itemtype=http:\/\/schema.org\/SiteNavigationElement><ul id=\"menu-acces-rapide\" class=\"dsm-menu dsm-menu-style-type-square dsm-menu-layout-vertical\"><li id=\"menu-item-325\" class=\"et_pb_menu_page_id-322 menu-item menu-item-type-post_type menu-item-object-page menu-item-325\"><a href=\"https:\/\/www.ummto.dz\/fmed\/emploi-du-temps\/\" itemprop=\"url\"><span itemprop=\"name\">Emploi du temps<\/span><\/a><\/li>\n<li id=\"menu-item-70\" class=\"et_pb_menu_page_id-52 menu-item menu-item-type-post_type menu-item-object-page menu-item-70\"><a href=\"https:\/\/www.ummto.dz\/fmed\/planning-des-examens\/\" itemprop=\"url\"><span itemprop=\"name\">Planning des examens<\/span><\/a><\/li>\n<li id=\"menu-item-3779\" class=\"et_pb_menu_page_id-3325 menu-item menu-item-type-post_type menu-item-object-page menu-item-3779\"><a href=\"https:\/\/www.ummto.dz\/fmed\/programmes-denseignement\/\" itemprop=\"url\"><span itemprop=\"name\">Programmes d\u2019enseignement<\/span><\/a><\/li>\n<\/ul><\/nav>\n\t\t\t\t<\/div>\n\t\t\t<\/div><\/p>\n","protected":false},"author":9,"featured_media":5881,"parent":0,"menu_order":0,"comment_status":"closed","ping_status":"closed","template":"","meta":{"_et_pb_use_builder":"on","_et_pb_old_content":"","_et_gb_content_width":"","footnotes":""},"class_list":["post-11518","page","type-page","status-publish","has-post-thumbnail","hentry"],"yoast_head":"<!-- This site is optimized with the Yoast SEO plugin v27.3 - https:\/\/yoast.com\/product\/yoast-seo-wordpress\/ -->\n<title>M\u00e9moire de fin d&#039;\u00e9tudes - Facult\u00e9 de M\u00e9decine<\/title>\n<meta name=\"description\" content=\"M\u00e9moire de fin d&#039;\u00e9tudes\" \/>\n<meta name=\"robots\" content=\"index, follow, max-snippet:-1, max-image-preview:large, max-video-preview:-1\" \/>\n<link rel=\"canonical\" href=\"https:\/\/www.ummto.dz\/fmed\/memoire-de-fin-detudes\/\" \/>\n<meta property=\"og:locale\" content=\"fr_FR\" \/>\n<meta property=\"og:type\" content=\"article\" \/>\n<meta property=\"og:title\" content=\"M\u00e9moire de fin d&#039;\u00e9tudes - Facult\u00e9 de M\u00e9decine\" \/>\n<meta property=\"og:description\" content=\"M\u00e9moire de fin d&#039;\u00e9tudes\" \/>\n<meta property=\"og:url\" content=\"https:\/\/www.ummto.dz\/fmed\/memoire-de-fin-detudes\/\" \/>\n<meta property=\"og:site_name\" content=\"Facult\u00e9 de M\u00e9decine\" \/>\n<meta property=\"article:modified_time\" content=\"2026-03-30T13:22:10+00:00\" \/>\n<meta property=\"og:image\" content=\"https:\/\/www.ummto.dz\/fmed\/wp-content\/uploads\/2022\/11\/bourse.png\" \/>\n\t<meta property=\"og:image:width\" content=\"225\" \/>\n\t<meta property=\"og:image:height\" content=\"225\" \/>\n\t<meta property=\"og:image:type\" content=\"image\/png\" \/>\n<meta name=\"twitter:card\" content=\"summary_large_image\" \/>\n<meta name=\"twitter:label1\" content=\"Dur\u00e9e de lecture estim\u00e9e\" \/>\n\t<meta name=\"twitter:data1\" content=\"3 minutes\" \/>\n<script type=\"application\/ld+json\" class=\"yoast-schema-graph\">{\"@context\":\"https:\\\/\\\/schema.org\",\"@graph\":[{\"@type\":\"WebPage\",\"@id\":\"https:\\\/\\\/www.ummto.dz\\\/fmed\\\/memoire-de-fin-detudes\\\/\",\"url\":\"https:\\\/\\\/www.ummto.dz\\\/fmed\\\/memoire-de-fin-detudes\\\/\",\"name\":\"M\u00e9moire de fin d'\u00e9tudes - Facult\u00e9 de M\u00e9decine\",\"isPartOf\":{\"@id\":\"https:\\\/\\\/www.ummto.dz\\\/fmed\\\/#website\"},\"primaryImageOfPage\":{\"@id\":\"https:\\\/\\\/www.ummto.dz\\\/fmed\\\/memoire-de-fin-detudes\\\/#primaryimage\"},\"image\":{\"@id\":\"https:\\\/\\\/www.ummto.dz\\\/fmed\\\/memoire-de-fin-detudes\\\/#primaryimage\"},\"thumbnailUrl\":\"https:\\\/\\\/www.ummto.dz\\\/fmed\\\/wp-content\\\/uploads\\\/2022\\\/11\\\/bourse.png\",\"datePublished\":\"2026-03-26T09:08:37+00:00\",\"dateModified\":\"2026-03-30T13:22:10+00:00\",\"description\":\"M\u00e9moire de fin d'\u00e9tudes\",\"breadcrumb\":{\"@id\":\"https:\\\/\\\/www.ummto.dz\\\/fmed\\\/memoire-de-fin-detudes\\\/#breadcrumb\"},\"inLanguage\":\"fr-FR\",\"potentialAction\":[{\"@type\":\"ReadAction\",\"target\":[\"https:\\\/\\\/www.ummto.dz\\\/fmed\\\/memoire-de-fin-detudes\\\/\"]}]},{\"@type\":\"ImageObject\",\"inLanguage\":\"fr-FR\",\"@id\":\"https:\\\/\\\/www.ummto.dz\\\/fmed\\\/memoire-de-fin-detudes\\\/#primaryimage\",\"url\":\"https:\\\/\\\/www.ummto.dz\\\/fmed\\\/wp-content\\\/uploads\\\/2022\\\/11\\\/bourse.png\",\"contentUrl\":\"https:\\\/\\\/www.ummto.dz\\\/fmed\\\/wp-content\\\/uploads\\\/2022\\\/11\\\/bourse.png\",\"width\":225,\"height\":225},{\"@type\":\"BreadcrumbList\",\"@id\":\"https:\\\/\\\/www.ummto.dz\\\/fmed\\\/memoire-de-fin-detudes\\\/#breadcrumb\",\"itemListElement\":[{\"@type\":\"ListItem\",\"position\":1,\"name\":\"Accueil\",\"item\":\"https:\\\/\\\/www.ummto.dz\\\/fmed\\\/\"},{\"@type\":\"ListItem\",\"position\":2,\"name\":\"M\u00e9moire de fin d&rsquo;\u00e9tudes\"}]},{\"@type\":\"WebSite\",\"@id\":\"https:\\\/\\\/www.ummto.dz\\\/fmed\\\/#website\",\"url\":\"https:\\\/\\\/www.ummto.dz\\\/fmed\\\/\",\"name\":\"Facult\u00e9 de M\u00e9decine\",\"description\":\"Facult\u00e9 de M\u00e9decine\",\"potentialAction\":[{\"@type\":\"SearchAction\",\"target\":{\"@type\":\"EntryPoint\",\"urlTemplate\":\"https:\\\/\\\/www.ummto.dz\\\/fmed\\\/?s={search_term_string}\"},\"query-input\":{\"@type\":\"PropertyValueSpecification\",\"valueRequired\":true,\"valueName\":\"search_term_string\"}}],\"inLanguage\":\"fr-FR\"}]}<\/script>\n<!-- \/ Yoast SEO plugin. -->","yoast_head_json":{"title":"M\u00e9moire de fin d'\u00e9tudes - Facult\u00e9 de M\u00e9decine","description":"M\u00e9moire de fin d'\u00e9tudes","robots":{"index":"index","follow":"follow","max-snippet":"max-snippet:-1","max-image-preview":"max-image-preview:large","max-video-preview":"max-video-preview:-1"},"canonical":"https:\/\/www.ummto.dz\/fmed\/memoire-de-fin-detudes\/","og_locale":"fr_FR","og_type":"article","og_title":"M\u00e9moire de fin d'\u00e9tudes - Facult\u00e9 de M\u00e9decine","og_description":"M\u00e9moire de fin d'\u00e9tudes","og_url":"https:\/\/www.ummto.dz\/fmed\/memoire-de-fin-detudes\/","og_site_name":"Facult\u00e9 de M\u00e9decine","article_modified_time":"2026-03-30T13:22:10+00:00","og_image":[{"width":225,"height":225,"url":"https:\/\/www.ummto.dz\/fmed\/wp-content\/uploads\/2022\/11\/bourse.png","type":"image\/png"}],"twitter_card":"summary_large_image","twitter_misc":{"Dur\u00e9e de lecture estim\u00e9e":"3 minutes"},"schema":{"@context":"https:\/\/schema.org","@graph":[{"@type":"WebPage","@id":"https:\/\/www.ummto.dz\/fmed\/memoire-de-fin-detudes\/","url":"https:\/\/www.ummto.dz\/fmed\/memoire-de-fin-detudes\/","name":"M\u00e9moire de fin d'\u00e9tudes - Facult\u00e9 de M\u00e9decine","isPartOf":{"@id":"https:\/\/www.ummto.dz\/fmed\/#website"},"primaryImageOfPage":{"@id":"https:\/\/www.ummto.dz\/fmed\/memoire-de-fin-detudes\/#primaryimage"},"image":{"@id":"https:\/\/www.ummto.dz\/fmed\/memoire-de-fin-detudes\/#primaryimage"},"thumbnailUrl":"https:\/\/www.ummto.dz\/fmed\/wp-content\/uploads\/2022\/11\/bourse.png","datePublished":"2026-03-26T09:08:37+00:00","dateModified":"2026-03-30T13:22:10+00:00","description":"M\u00e9moire de fin d'\u00e9tudes","breadcrumb":{"@id":"https:\/\/www.ummto.dz\/fmed\/memoire-de-fin-detudes\/#breadcrumb"},"inLanguage":"fr-FR","potentialAction":[{"@type":"ReadAction","target":["https:\/\/www.ummto.dz\/fmed\/memoire-de-fin-detudes\/"]}]},{"@type":"ImageObject","inLanguage":"fr-FR","@id":"https:\/\/www.ummto.dz\/fmed\/memoire-de-fin-detudes\/#primaryimage","url":"https:\/\/www.ummto.dz\/fmed\/wp-content\/uploads\/2022\/11\/bourse.png","contentUrl":"https:\/\/www.ummto.dz\/fmed\/wp-content\/uploads\/2022\/11\/bourse.png","width":225,"height":225},{"@type":"BreadcrumbList","@id":"https:\/\/www.ummto.dz\/fmed\/memoire-de-fin-detudes\/#breadcrumb","itemListElement":[{"@type":"ListItem","position":1,"name":"Accueil","item":"https:\/\/www.ummto.dz\/fmed\/"},{"@type":"ListItem","position":2,"name":"M\u00e9moire de fin d&rsquo;\u00e9tudes"}]},{"@type":"WebSite","@id":"https:\/\/www.ummto.dz\/fmed\/#website","url":"https:\/\/www.ummto.dz\/fmed\/","name":"Facult\u00e9 de M\u00e9decine","description":"Facult\u00e9 de M\u00e9decine","potentialAction":[{"@type":"SearchAction","target":{"@type":"EntryPoint","urlTemplate":"https:\/\/www.ummto.dz\/fmed\/?s={search_term_string}"},"query-input":{"@type":"PropertyValueSpecification","valueRequired":true,"valueName":"search_term_string"}}],"inLanguage":"fr-FR"}]}},"_links":{"self":[{"href":"https:\/\/www.ummto.dz\/fmed\/wp-json\/wp\/v2\/pages\/11518","targetHints":{"allow":["GET"]}}],"collection":[{"href":"https:\/\/www.ummto.dz\/fmed\/wp-json\/wp\/v2\/pages"}],"about":[{"href":"https:\/\/www.ummto.dz\/fmed\/wp-json\/wp\/v2\/types\/page"}],"author":[{"embeddable":true,"href":"https:\/\/www.ummto.dz\/fmed\/wp-json\/wp\/v2\/users\/9"}],"replies":[{"embeddable":true,"href":"https:\/\/www.ummto.dz\/fmed\/wp-json\/wp\/v2\/comments?post=11518"}],"version-history":[{"count":8,"href":"https:\/\/www.ummto.dz\/fmed\/wp-json\/wp\/v2\/pages\/11518\/revisions"}],"predecessor-version":[{"id":11595,"href":"https:\/\/www.ummto.dz\/fmed\/wp-json\/wp\/v2\/pages\/11518\/revisions\/11595"}],"wp:featuredmedia":[{"embeddable":true,"href":"https:\/\/www.ummto.dz\/fmed\/wp-json\/wp\/v2\/media\/5881"}],"wp:attachment":[{"href":"https:\/\/www.ummto.dz\/fmed\/wp-json\/wp\/v2\/media?parent=11518"}],"curies":[{"name":"wp","href":"https:\/\/api.w.org\/{rel}","templated":true}]}}