{"id":2,"date":"2018-01-29T15:11:48","date_gmt":"2018-01-29T14:11:48","guid":{"rendered":"http:\/\/fgei.ummto.dz\/?page_id=2"},"modified":"2025-12-11T13:25:38","modified_gmt":"2025-12-11T12:25:38","slug":"presentation","status":"publish","type":"page","link":"https:\/\/www.ummto.dz\/fmed\/presentation\/","title":{"rendered":"Pr\u00e9sentation"},"content":{"rendered":"<p>[et_pb_section fb_built=\u00a0\u00bb1&Prime; next_background_color=\u00a0\u00bb#FFFFFF\u00a0\u00bb admin_label=\u00a0\u00bbSection\u00a0\u00bb _builder_version=\u00a0\u00bb4.16&Prime; _module_preset=\u00a0\u00bbdefault\u00a0\u00bb use_background_color_gradient=\u00a0\u00bbon\u00a0\u00bb background_color_gradient_direction=\u00a0\u00bb143deg\u00a0\u00bb background_color_gradient_stops=\u00a0\u00bbrgba(51,140,198,0.94) 0%|#6bffeb 100%\u00a0\u00bb background_color_gradient_start=\u00a0\u00bbrgba(51,140,198,0.94)\u00a0\u00bb background_color_gradient_end=\u00a0\u00bb#6bffeb\u00a0\u00bb min_height=\u00a0\u00bb222.5px\u00a0\u00bb bottom_divider_style=\u00a0\u00bbarrow2&Prime; bottom_divider_height=\u00a0\u00bb77px\u00a0\u00bb bottom_divider_flip=\u00a0\u00bbvertical\u00a0\u00bb locked=\u00a0\u00bboff\u00a0\u00bb collapsed=\u00a0\u00bboff\u00a0\u00bb global_colors_info=\u00a0\u00bb{}\u00a0\u00bb][et_pb_row _builder_version=\u00a0\u00bb4.16&Prime; _module_preset=\u00a0\u00bbdefault\u00a0\u00bb width=\u00a0\u00bb84.5%\u00a0\u00bb min_height=\u00a0\u00bb81.5px\u00a0\u00bb custom_margin=\u00a0\u00bb-33px|auto||auto||\u00a0\u00bb global_colors_info=\u00a0\u00bb{}\u00a0\u00bb][et_pb_column type=\u00a0\u00bb4_4&Prime; _builder_version=\u00a0\u00bb4.16&Prime; _module_preset=\u00a0\u00bbdefault\u00a0\u00bb global_colors_info=\u00a0\u00bb{}\u00a0\u00bb][et_pb_text _builder_version=\u00a0\u00bb4.16&Prime; _module_preset=\u00a0\u00bbdefault\u00a0\u00bb text_text_color=\u00a0\u00bb#000000&Prime; global_colors_info=\u00a0\u00bb{}\u00a0\u00bb]<\/p>\n<h1 style=\"text-align: center\"><span style=\"color: #ffffff\">Pr\u00e9sentation de la facult\u00e9\u00a0 de m\u00e9decine<\/span><\/h1>\n<p>[\/et_pb_text][\/et_pb_column][\/et_pb_row][\/et_pb_section][et_pb_section fb_built=\u00a0\u00bb1&Prime; _builder_version=\u00a0\u00bb4.16&Prime; _module_preset=\u00a0\u00bbdefault\u00a0\u00bb background_color=\u00a0\u00bb#FFFFFF\u00a0\u00bb global_colors_info=\u00a0\u00bb{}\u00a0\u00bb][et_pb_row _builder_version=\u00a0\u00bb4.16&Prime; _module_preset=\u00a0\u00bbdefault\u00a0\u00bb custom_margin=\u00a0\u00bb-62px||0px||false|false\u00a0\u00bb global_colors_info=\u00a0\u00bb{}\u00a0\u00bb][et_pb_column type=\u00a0\u00bb4_4&Prime; _builder_version=\u00a0\u00bb4.16&Prime; _module_preset=\u00a0\u00bbdefault\u00a0\u00bb global_colors_info=\u00a0\u00bb{}\u00a0\u00bb][et_pb_text _builder_version=\u00a0\u00bb4.16&Prime; _module_preset=\u00a0\u00bbdefault\u00a0\u00bb text_orientation=\u00a0\u00bbjustified\u00a0\u00bb custom_margin=\u00a0\u00bb-14px|||||\u00a0\u00bb custom_padding=\u00a0\u00bb|||12px|false|false\u00a0\u00bb global_colors_info=\u00a0\u00bb{}\u00a0\u00bb]<\/p>\n<p>La facult\u00e9 de M\u00e9decine de Tizi Ouzou a \u00e9t\u00e9 cr\u00e9\u00e9e en Ao\u00fbt 1981 en tant qu\u2019Institut des Sciences M\u00e9dicales (ISM), sous l\u2019\u00e9gide du Centre Universitaire de Tizi Ouzou. Le d\u00e9marrage s\u2019est effectu\u00e9 en Septembre 1981 avec un seul d\u00e9partement : <a href=\"https:\/\/www.ummto.dz\/fmed\/medecine\/\">M\u00e9decine<\/a>. La premi\u00e8re promotion compos\u00e9e de 80 \u00e9tudiants qu\u2019a accueillie l\u2019Institut en 2\u00e8me ann\u00e9e m\u00e9decine venait du Tronc Commun Biologie. L\u2019ann\u00e9e 1982-1983 verra la cr\u00e9ation d\u2019un second d\u00e9partement\u00a0:\u00a0<a href=\"https:\/\/www.ummto.dz\/fmed\/medecine-dentaire\/\">M\u00e9decine dentaire<\/a>.<\/p>\n<p>En septembre 1983, la mise en place du tronc commun biom\u00e9dical (M\u00e9decine, Pharmacie, Chirurgie Dentaire et V\u00e9t\u00e9rinaire) a permis \u00e0 l\u2019Institut d\u2019accueillir les \u00e9tudiants d\u00e8s la premi\u00e8re ann\u00e9e.<\/p>\n<p>L\u2019adoption de la r\u00e9forme en 1985 a vu le rattachement de l\u2019institut \u00e0 l\u2019INES Sciences M\u00e9dicales d\u2019Alger (INESSM) en septembre 1985 sous forme d\u2019annexe. C\u2019est durant cette p\u00e9riode que les inscriptions des nouveaux bacheliers ont \u00e9t\u00e9 suspendues momentan\u00e9ment (une ann\u00e9e universitaire).<\/p>\n<p>La cr\u00e9ation de l\u2019Universit\u00e9 de Tizi Ouzou en 1990 verra la r\u00e9int\u00e9gration de l\u2019institut au sein de l\u2019Universit\u00e9 Mouloud Mammeri de Tizi Ouzou et son statut en tant que facult\u00e9 en 1998.<\/p>\n<p>La rentr\u00e9e universitaire 2002-2003 conna\u00eetra la cr\u00e9ation d\u2019un troisi\u00e8me d\u00e9partement\u00a0:\u00a0<a href=\"https:\/\/www.ummto.dz\/fmed\/pharmacie\">Pharmacie<\/a>\u00a0en octobre 2002. Actuellement, la facult\u00e9 de M\u00e9decine de l\u2019Universit\u00e9 Mouloud Mammeri de Tizi-Ouzou assure la formation de graduation dans les trois fili\u00e8res\u00a0:<\/p>\n<ul>\n<li>\u00a0 M\u00e9decine\u00a0: 7 ans.<\/li>\n<li>\u00a0 M\u00e9decine Dentaire\u00a0: 6 ans.<\/li>\n<li>\u00a0 Pharmacie\u00a0: 6 ans.<\/li>\n<\/ul>\n<p>Sur le plan de la Post Graduation, la facult\u00e9 assure depuis l\u2019ann\u00e9e 2009 la formation en 1\u00e8re Post Graduation (R\u00e9sidanat) et en 2\u00e8me Post Graduation (Doctorat en Sciences M\u00e9dicales).\u00a0<\/p>\n<p>&nbsp;<\/p>\n<p>[\/et_pb_text][et_pb_slider _builder_version=\u00a0\u00bb4.16&Prime; _module_preset=\u00a0\u00bbdefault\u00a0\u00bb custom_margin=\u00a0\u00bb-33px|||||\u00a0\u00bb custom_padding=\u00a0\u00bb||291px|||\u00a0\u00bb global_colors_info=\u00a0\u00bb{}\u00a0\u00bb][et_pb_slide _builder_version=\u00a0\u00bb4.16&Prime; _module_preset=\u00a0\u00bbdefault\u00a0\u00bb background_image=\u00a0\u00bbhttps:\/\/www.ummto.dz\/fmed\/wp-content\/uploads\/2021\/11\/Medecine-1.webp\u00a0\u00bb background_enable_image=\u00a0\u00bbon\u00a0\u00bb global_colors_info=\u00a0\u00bb{}\u00a0\u00bb sticky_transition=\u00a0\u00bbon\u00a0\u00bb][\/et_pb_slide][et_pb_slide _builder_version=\u00a0\u00bb4.16&Prime; _module_preset=\u00a0\u00bbdefault\u00a0\u00bb background_image=\u00a0\u00bbhttps:\/\/www.ummto.dz\/fmed\/wp-content\/uploads\/2021\/11\/DSCF0221-scaled.jpg\u00a0\u00bb background_enable_image=\u00a0\u00bbon\u00a0\u00bb global_colors_info=\u00a0\u00bb{}\u00a0\u00bb sticky_transition=\u00a0\u00bbon\u00a0\u00bb][\/et_pb_slide][et_pb_slide _builder_version=\u00a0\u00bb4.16&Prime; _module_preset=\u00a0\u00bbdefault\u00a0\u00bb background_image=\u00a0\u00bbhttps:\/\/www.ummto.dz\/fmed\/wp-content\/uploads\/2021\/11\/DSCF0187-scaled.jpg\u00a0\u00bb background_enable_image=\u00a0\u00bbon\u00a0\u00bb global_colors_info=\u00a0\u00bb{}\u00a0\u00bb sticky_transition=\u00a0\u00bbon\u00a0\u00bb][\/et_pb_slide][et_pb_slide _builder_version=\u00a0\u00bb4.16&Prime; _module_preset=\u00a0\u00bbdefault\u00a0\u00bb background_image=\u00a0\u00bbhttps:\/\/www.ummto.dz\/fmed\/wp-content\/uploads\/2021\/11\/DSCF0543-scaled.jpg\u00a0\u00bb background_enable_image=\u00a0\u00bbon\u00a0\u00bb global_colors_info=\u00a0\u00bb{}\u00a0\u00bb sticky_transition=\u00a0\u00bbon\u00a0\u00bb][\/et_pb_slide][et_pb_slide _builder_version=\u00a0\u00bb4.16&Prime; _module_preset=\u00a0\u00bbdefault\u00a0\u00bb background_image=\u00a0\u00bbhttps:\/\/www.ummto.dz\/fmed\/wp-content\/uploads\/2021\/11\/DSCF0211-scaled.jpg\u00a0\u00bb background_enable_image=\u00a0\u00bbon\u00a0\u00bb global_colors_info=\u00a0\u00bb{}\u00a0\u00bb sticky_transition=\u00a0\u00bbon\u00a0\u00bb][\/et_pb_slide][et_pb_slide _builder_version=\u00a0\u00bb4.16&Prime; _module_preset=\u00a0\u00bbdefault\u00a0\u00bb background_image=\u00a0\u00bbhttps:\/\/www.ummto.dz\/fmed\/wp-content\/uploads\/2021\/11\/DSCF0227-scaled.jpg\u00a0\u00bb background_enable_image=\u00a0\u00bbon\u00a0\u00bb global_colors_info=\u00a0\u00bb{}\u00a0\u00bb sticky_transition=\u00a0\u00bbon\u00a0\u00bb][\/et_pb_slide][\/et_pb_slider][et_pb_text _builder_version=\u00a0\u00bb4.16&Prime; _module_preset=\u00a0\u00bbdefault\u00a0\u00bb global_colors_info=\u00a0\u00bb{}\u00a0\u00bb]<\/p>\n<p>&nbsp;<\/p>\n<p>\u00a0 La facult\u00e9 est sous la direction de :<\/p>\n<p><strong>Pr. TALEB Ammar\u00a0<\/strong>, Doyen de la facult\u00e9.<\/p>\n<p>assist\u00e9 par :<\/p>\n<p><strong>Pr. MEZGHENNA\u00a0 Sofiane<\/strong>, Vice doyen charg\u00e9 de la p\u00e9dagogie.<\/p>\n<p><strong>Pr. HAMMACHE\u00a0 Nadia,<\/strong>\u00a0Vice Doyen charg\u00e9e de la post graduation et de la recherche scientifique.<\/p>\n<p><strong>Dr. BENZIDANE Kahina<\/strong>,\u00a0 Chef de d\u00e9partement de M\u00e9decine.<\/p>\n<p><strong>Dr. DJEBAR Chafik, <\/strong>Chef de d\u00e9partement adjoint de M\u00e9decine charg\u00e9 des enseignements.<\/p>\n<p><strong>Pr. MAMOU\u00a0 Marzouk<\/strong>, Chef de d\u00e9partement de Pharmacie.<\/p>\n<p><strong>Dr. BELKAID\u00a0 Nawal,<\/strong>\u00a0Chef de d\u00e9partement adjoint de Pharmacie charg\u00e9 de la post graduation.<\/p>\n<p><strong>Dr. Mokrani<\/strong> <strong>Belaid<\/strong>, Chef de d\u00e9partement adjoint de Pharmacie charg\u00e9 des enseignements.<\/p>\n<p><strong>Dr. LAKABI\u00a0 Nadia<\/strong>,\u00a0 Chef de d\u00e9partement de M\u00e9decine dentaire .<\/p>\n<p>&nbsp;<\/p>\n<p>[\/et_pb_text][\/et_pb_column][\/et_pb_row][\/et_pb_section]<\/p>\n","protected":false},"excerpt":{"rendered":"<p>Pr\u00e9sentation de la facult\u00e9\u00a0 de m\u00e9decineLa facult\u00e9 de M\u00e9decine de Tizi Ouzou a \u00e9t\u00e9 cr\u00e9\u00e9e en Ao\u00fbt 1981 en tant qu\u2019Institut des Sciences M\u00e9dicales (ISM), sous l\u2019\u00e9gide du Centre Universitaire de Tizi Ouzou. Le d\u00e9marrage s\u2019est effectu\u00e9 en Septembre 1981 avec un seul d\u00e9partement : M\u00e9decine. La premi\u00e8re promotion compos\u00e9e de 80 \u00e9tudiants qu\u2019a accueillie [&hellip;]<\/p>\n","protected":false},"author":1,"featured_media":0,"parent":0,"menu_order":0,"comment_status":"closed","ping_status":"open","template":"","meta":{"_et_pb_use_builder":"on","_et_pb_old_content":"","_et_gb_content_width":"","footnotes":""},"class_list":["post-2","page","type-page","status-publish","hentry"],"yoast_head":"<!-- This site is optimized with the Yoast SEO plugin v27.3 - https:\/\/yoast.com\/product\/yoast-seo-wordpress\/ -->\n<title>Pr\u00e9sentation - Facult\u00e9 de M\u00e9decine<\/title>\n<meta name=\"description\" content=\"La facult\u00e9 de M\u00e9decine de Tizi Ouzou a \u00e9t\u00e9 cr\u00e9\u00e9e en Ao\u00fbt 1981 en tant qu\u2019Institut des Sciences M\u00e9dicales (ISM), sous l\u2019\u00e9gide du Centre Universitaire de Tizi Ouzou.\" \/>\n<meta name=\"robots\" content=\"index, follow, max-snippet:-1, max-image-preview:large, max-video-preview:-1\" \/>\n<link rel=\"canonical\" href=\"https:\/\/www.ummto.dz\/fmed\/presentation\/\" \/>\n<meta property=\"og:locale\" content=\"fr_FR\" \/>\n<meta property=\"og:type\" content=\"article\" \/>\n<meta property=\"og:title\" content=\"Pr\u00e9sentation - Facult\u00e9 de M\u00e9decine\" \/>\n<meta property=\"og:description\" content=\"La facult\u00e9 de M\u00e9decine de Tizi Ouzou a \u00e9t\u00e9 cr\u00e9\u00e9e en Ao\u00fbt 1981 en tant qu\u2019Institut des Sciences M\u00e9dicales (ISM), sous l\u2019\u00e9gide du Centre Universitaire de Tizi Ouzou.\" \/>\n<meta property=\"og:url\" content=\"https:\/\/www.ummto.dz\/fmed\/presentation\/\" \/>\n<meta property=\"og:site_name\" content=\"Facult\u00e9 de M\u00e9decine\" \/>\n<meta property=\"article:modified_time\" content=\"2025-12-11T12:25:38+00:00\" \/>\n<meta name=\"twitter:card\" content=\"summary_large_image\" \/>\n<meta name=\"twitter:label1\" content=\"Dur\u00e9e de lecture estim\u00e9e\" \/>\n\t<meta name=\"twitter:data1\" content=\"2 minutes\" \/>\n<script type=\"application\/ld+json\" class=\"yoast-schema-graph\">{\"@context\":\"https:\\\/\\\/schema.org\",\"@graph\":[{\"@type\":\"WebPage\",\"@id\":\"https:\\\/\\\/www.ummto.dz\\\/fmed\\\/presentation\\\/\",\"url\":\"https:\\\/\\\/www.ummto.dz\\\/fmed\\\/presentation\\\/\",\"name\":\"Pr\u00e9sentation - Facult\u00e9 de M\u00e9decine\",\"isPartOf\":{\"@id\":\"https:\\\/\\\/www.ummto.dz\\\/fmed\\\/#website\"},\"datePublished\":\"2018-01-29T14:11:48+00:00\",\"dateModified\":\"2025-12-11T12:25:38+00:00\",\"description\":\"La facult\u00e9 de M\u00e9decine de Tizi Ouzou a \u00e9t\u00e9 cr\u00e9\u00e9e en Ao\u00fbt 1981 en tant qu\u2019Institut des Sciences M\u00e9dicales (ISM), sous l\u2019\u00e9gide du Centre Universitaire de Tizi Ouzou.\",\"breadcrumb\":{\"@id\":\"https:\\\/\\\/www.ummto.dz\\\/fmed\\\/presentation\\\/#breadcrumb\"},\"inLanguage\":\"fr-FR\",\"potentialAction\":[{\"@type\":\"ReadAction\",\"target\":[\"https:\\\/\\\/www.ummto.dz\\\/fmed\\\/presentation\\\/\"]}]},{\"@type\":\"BreadcrumbList\",\"@id\":\"https:\\\/\\\/www.ummto.dz\\\/fmed\\\/presentation\\\/#breadcrumb\",\"itemListElement\":[{\"@type\":\"ListItem\",\"position\":1,\"name\":\"Accueil\",\"item\":\"https:\\\/\\\/www.ummto.dz\\\/fmed\\\/\"},{\"@type\":\"ListItem\",\"position\":2,\"name\":\"Pr\u00e9sentation\"}]},{\"@type\":\"WebSite\",\"@id\":\"https:\\\/\\\/www.ummto.dz\\\/fmed\\\/#website\",\"url\":\"https:\\\/\\\/www.ummto.dz\\\/fmed\\\/\",\"name\":\"Facult\u00e9 de M\u00e9decine\",\"description\":\"Facult\u00e9 de M\u00e9decine\",\"potentialAction\":[{\"@type\":\"SearchAction\",\"target\":{\"@type\":\"EntryPoint\",\"urlTemplate\":\"https:\\\/\\\/www.ummto.dz\\\/fmed\\\/?s={search_term_string}\"},\"query-input\":{\"@type\":\"PropertyValueSpecification\",\"valueRequired\":true,\"valueName\":\"search_term_string\"}}],\"inLanguage\":\"fr-FR\"}]}<\/script>\n<!-- \/ Yoast SEO plugin. -->","yoast_head_json":{"title":"Pr\u00e9sentation - Facult\u00e9 de M\u00e9decine","description":"La facult\u00e9 de M\u00e9decine de Tizi Ouzou a \u00e9t\u00e9 cr\u00e9\u00e9e en Ao\u00fbt 1981 en tant qu\u2019Institut des Sciences M\u00e9dicales (ISM), sous l\u2019\u00e9gide du Centre Universitaire de Tizi Ouzou.","robots":{"index":"index","follow":"follow","max-snippet":"max-snippet:-1","max-image-preview":"max-image-preview:large","max-video-preview":"max-video-preview:-1"},"canonical":"https:\/\/www.ummto.dz\/fmed\/presentation\/","og_locale":"fr_FR","og_type":"article","og_title":"Pr\u00e9sentation - Facult\u00e9 de M\u00e9decine","og_description":"La facult\u00e9 de M\u00e9decine de Tizi Ouzou a \u00e9t\u00e9 cr\u00e9\u00e9e en Ao\u00fbt 1981 en tant qu\u2019Institut des Sciences M\u00e9dicales (ISM), sous l\u2019\u00e9gide du Centre Universitaire de Tizi Ouzou.","og_url":"https:\/\/www.ummto.dz\/fmed\/presentation\/","og_site_name":"Facult\u00e9 de M\u00e9decine","article_modified_time":"2025-12-11T12:25:38+00:00","twitter_card":"summary_large_image","twitter_misc":{"Dur\u00e9e de lecture estim\u00e9e":"2 minutes"},"schema":{"@context":"https:\/\/schema.org","@graph":[{"@type":"WebPage","@id":"https:\/\/www.ummto.dz\/fmed\/presentation\/","url":"https:\/\/www.ummto.dz\/fmed\/presentation\/","name":"Pr\u00e9sentation - Facult\u00e9 de M\u00e9decine","isPartOf":{"@id":"https:\/\/www.ummto.dz\/fmed\/#website"},"datePublished":"2018-01-29T14:11:48+00:00","dateModified":"2025-12-11T12:25:38+00:00","description":"La facult\u00e9 de M\u00e9decine de Tizi Ouzou a \u00e9t\u00e9 cr\u00e9\u00e9e en Ao\u00fbt 1981 en tant qu\u2019Institut des Sciences M\u00e9dicales (ISM), sous l\u2019\u00e9gide du Centre Universitaire de Tizi Ouzou.","breadcrumb":{"@id":"https:\/\/www.ummto.dz\/fmed\/presentation\/#breadcrumb"},"inLanguage":"fr-FR","potentialAction":[{"@type":"ReadAction","target":["https:\/\/www.ummto.dz\/fmed\/presentation\/"]}]},{"@type":"BreadcrumbList","@id":"https:\/\/www.ummto.dz\/fmed\/presentation\/#breadcrumb","itemListElement":[{"@type":"ListItem","position":1,"name":"Accueil","item":"https:\/\/www.ummto.dz\/fmed\/"},{"@type":"ListItem","position":2,"name":"Pr\u00e9sentation"}]},{"@type":"WebSite","@id":"https:\/\/www.ummto.dz\/fmed\/#website","url":"https:\/\/www.ummto.dz\/fmed\/","name":"Facult\u00e9 de M\u00e9decine","description":"Facult\u00e9 de M\u00e9decine","potentialAction":[{"@type":"SearchAction","target":{"@type":"EntryPoint","urlTemplate":"https:\/\/www.ummto.dz\/fmed\/?s={search_term_string}"},"query-input":{"@type":"PropertyValueSpecification","valueRequired":true,"valueName":"search_term_string"}}],"inLanguage":"fr-FR"}]}},"_links":{"self":[{"href":"https:\/\/www.ummto.dz\/fmed\/wp-json\/wp\/v2\/pages\/2","targetHints":{"allow":["GET"]}}],"collection":[{"href":"https:\/\/www.ummto.dz\/fmed\/wp-json\/wp\/v2\/pages"}],"about":[{"href":"https:\/\/www.ummto.dz\/fmed\/wp-json\/wp\/v2\/types\/page"}],"author":[{"embeddable":true,"href":"https:\/\/www.ummto.dz\/fmed\/wp-json\/wp\/v2\/users\/1"}],"replies":[{"embeddable":true,"href":"https:\/\/www.ummto.dz\/fmed\/wp-json\/wp\/v2\/comments?post=2"}],"version-history":[{"count":28,"href":"https:\/\/www.ummto.dz\/fmed\/wp-json\/wp\/v2\/pages\/2\/revisions"}],"predecessor-version":[{"id":10967,"href":"https:\/\/www.ummto.dz\/fmed\/wp-json\/wp\/v2\/pages\/2\/revisions\/10967"}],"wp:attachment":[{"href":"https:\/\/www.ummto.dz\/fmed\/wp-json\/wp\/v2\/media?parent=2"}],"curies":[{"name":"wp","href":"https:\/\/api.w.org\/{rel}","templated":true}]}}