{"id":3165,"date":"2021-10-27T10:17:54","date_gmt":"2021-10-27T08:17:54","guid":{"rendered":"https:\/\/www.ummto.dz\/fmed\/?page_id=3165"},"modified":"2023-05-08T11:00:32","modified_gmt":"2023-05-08T09:00:32","slug":"1-ere-post-graduation","status":"publish","type":"page","link":"https:\/\/www.ummto.dz\/fmed\/1-ere-post-graduation\/","title":{"rendered":"1 \u00e8re Post graduation"},"content":{"rendered":"<p>[et_pb_section fb_built=\u00a0\u00bb1&Prime; next_background_color=\u00a0\u00bb#dae8f2&Prime; admin_label=\u00a0\u00bbSection\u00a0\u00bb _builder_version=\u00a0\u00bb4.16&Prime; _module_preset=\u00a0\u00bbdefault\u00a0\u00bb use_background_color_gradient=\u00a0\u00bbon\u00a0\u00bb background_color_gradient_direction=\u00a0\u00bb143deg\u00a0\u00bb background_color_gradient_stops=\u00a0\u00bb#174e75 0%|#77ffec 100%\u00a0\u00bb background_color_gradient_start=\u00a0\u00bb#174e75&Prime; background_color_gradient_end=\u00a0\u00bb#77ffec\u00a0\u00bb min_height=\u00a0\u00bb277.5px\u00a0\u00bb custom_margin=\u00a0\u00bb||-11px|||\u00a0\u00bb custom_padding=\u00a0\u00bb||56px|||\u00a0\u00bb bottom_divider_style=\u00a0\u00bbramp2&Prime; bottom_divider_height=\u00a0\u00bb77px\u00a0\u00bb bottom_divider_flip=\u00a0\u00bbvertical\u00a0\u00bb global_colors_info=\u00a0\u00bb{}\u00a0\u00bb][et_pb_row _builder_version=\u00a0\u00bb4.16&Prime; _module_preset=\u00a0\u00bbdefault\u00a0\u00bb width=\u00a0\u00bb84.5%\u00a0\u00bb min_height=\u00a0\u00bb81.5px\u00a0\u00bb custom_margin=\u00a0\u00bb-33px|auto||auto||\u00a0\u00bb global_colors_info=\u00a0\u00bb{}\u00a0\u00bb][et_pb_column type=\u00a0\u00bb4_4&Prime; _builder_version=\u00a0\u00bb4.16&Prime; _module_preset=\u00a0\u00bbdefault\u00a0\u00bb global_colors_info=\u00a0\u00bb{}\u00a0\u00bb][et_pb_text _builder_version=\u00a0\u00bb4.16&Prime; _module_preset=\u00a0\u00bbdefault\u00a0\u00bb global_colors_info=\u00a0\u00bb{}\u00a0\u00bb]<\/p>\n<h1><span style=\"color: #ffffff\">1 \u00e8re post graduation<\/span><\/h1>\n<p>[\/et_pb_text][\/et_pb_column][\/et_pb_row][et_pb_row column_structure=\u00a0\u00bb1_2,1_2&Prime; _builder_version=\u00a0\u00bb4.16&Prime; _module_preset=\u00a0\u00bbdefault\u00a0\u00bb width=\u00a0\u00bb84.5%\u00a0\u00bb min_height=\u00a0\u00bb81.5px\u00a0\u00bb custom_margin=\u00a0\u00bb-5px|auto||auto||\u00a0\u00bb global_colors_info=\u00a0\u00bb{}\u00a0\u00bb][et_pb_column type=\u00a0\u00bb1_2&Prime; _builder_version=\u00a0\u00bb4.16&Prime; _module_preset=\u00a0\u00bbdefault\u00a0\u00bb global_colors_info=\u00a0\u00bb{}\u00a0\u00bb][et_pb_text _builder_version=\u00a0\u00bb4.16&Prime; _module_preset=\u00a0\u00bbdefault\u00a0\u00bb custom_padding=\u00a0\u00bb|||5px|false|false\u00a0\u00bb global_colors_info=\u00a0\u00bb{}\u00a0\u00bb]<\/p>\n<h2><span style=\"color: #ffffff\">Concours d&rsquo;acc\u00e8s<\/span><\/h2>\n<p><span style=\"color: #ffffff\">R\u00e9sidanat de M\u00e9decine, M\u00e9decine dentaire et Pharmacie<\/span><\/p>\n<p>[\/et_pb_text][\/et_pb_column][et_pb_column type=\u00a0\u00bb1_2&Prime; _builder_version=\u00a0\u00bb4.16&Prime; _module_preset=\u00a0\u00bbdefault\u00a0\u00bb global_colors_info=\u00a0\u00bb{}\u00a0\u00bb][et_pb_text _builder_version=\u00a0\u00bb4.16&Prime; _module_preset=\u00a0\u00bbdefault\u00a0\u00bb custom_padding=\u00a0\u00bb|||5px|false|false\u00a0\u00bb global_colors_info=\u00a0\u00bb{}\u00a0\u00bb]<\/p>\n<h2><span style=\"color: #ffffff\">D.E.M.S<\/span><\/h2>\n<p><span style=\"color: #ffffff\">Dipl\u00f4me d&rsquo;\u00e9tudes m\u00e9dicales sp\u00e9ciales<\/span><\/p>\n<p>[\/et_pb_text][\/et_pb_column][\/et_pb_row][\/et_pb_section][et_pb_section fb_built=\u00a0\u00bb1&Prime; admin_label=\u00a0\u00bbSection\u00a0\u00bb _builder_version=\u00a0\u00bb4.16&Prime; _module_preset=\u00a0\u00bbdefault\u00a0\u00bb background_color=\u00a0\u00bb#dae8f2&Prime; min_height=\u00a0\u00bb244px\u00a0\u00bb custom_margin=\u00a0\u00bb7px|||||\u00a0\u00bb custom_padding=\u00a0\u00bb15px||0px|||\u00a0\u00bb global_colors_info=\u00a0\u00bb{}\u00a0\u00bb][et_pb_row _builder_version=\u00a0\u00bb4.16&Prime; _module_preset=\u00a0\u00bbdefault\u00a0\u00bb custom_padding=\u00a0\u00bb0px|||||\u00a0\u00bb global_colors_info=\u00a0\u00bb{}\u00a0\u00bb][et_pb_column type=\u00a0\u00bb4_4&Prime; _builder_version=\u00a0\u00bb4.16&Prime; _module_preset=\u00a0\u00bbdefault\u00a0\u00bb global_colors_info=\u00a0\u00bb{}\u00a0\u00bb][et_pb_text _builder_version=\u00a0\u00bb4.16&Prime; _module_preset=\u00a0\u00bbdefault\u00a0\u00bb custom_padding=\u00a0\u00bb|||5px|false|false\u00a0\u00bb global_colors_info=\u00a0\u00bb{}\u00a0\u00bb]<\/p>\n<p style=\"text-align: justify\">\n<p style=\"text-align: justify\">Le d\u00e9marrage de la 1\u00e8re Post-Graduation au sein de la facult\u00e9 de M\u00e9decine de Tizi Ouzou a eu lieu en 2010 pour M\u00e9decine, en 2011 pour Pharmacie et en 2015 pour M\u00e9decine Dentaire.<\/p>\n<p style=\"text-align: justify\">La Facult\u00e9 de M\u00e9decine organise depuis l\u2019ann\u00e9e 2013 les \u00e9preuves du concours d\u2019acc\u00e8s au r\u00e9sidanat de m\u00e9decine, et depuis l&rsquo;ann\u00e9e 2022 le concours d&rsquo;acc\u00e8s au r\u00e9sidanat de Pharmacie, pour M\u00e9decine dentaires les \u00e9preuves se d\u00e9roulent \u00e0 la facult\u00e9 de M\u00e9decine d&rsquo;Alger.<\/p>\n<p style=\"text-align: justify\">Le R\u00e9sident est tenu de s\u2019inscrire au niveau de la facult\u00e9 en d\u00e9but de chaque ann\u00e9e universitaire.<\/p>\n<p style=\"text-align: justify\">A la fin de son cursus le r\u00e9sident passe un examen pour l&rsquo;obtention du D.E.M.S (Dipl\u00f4me d&rsquo;\u00e9tudes m\u00e9dicales sp\u00e9cialis\u00e9es).<\/p>\n<p>[\/et_pb_text][\/et_pb_column][\/et_pb_row][et_pb_row column_structure=\u00a0\u00bb1_2,1_2&Prime; _builder_version=\u00a0\u00bb4.16&Prime; _module_preset=\u00a0\u00bbdefault\u00a0\u00bb custom_padding=\u00a0\u00bb0px|||||\u00a0\u00bb global_colors_info=\u00a0\u00bb{}\u00a0\u00bb][et_pb_column type=\u00a0\u00bb1_2&Prime; _builder_version=\u00a0\u00bb4.16&Prime; _module_preset=\u00a0\u00bbdefault\u00a0\u00bb global_colors_info=\u00a0\u00bb{}\u00a0\u00bb][et_pb_text _builder_version=\u00a0\u00bb4.16&Prime; _module_preset=\u00a0\u00bbdefault\u00a0\u00bb width=\u00a0\u00bb99.7%\u00a0\u00bb custom_margin=\u00a0\u00bb||23px|30px||\u00a0\u00bb custom_padding=\u00a0\u00bb7px||1px|||\u00a0\u00bb global_colors_info=\u00a0\u00bb{}\u00a0\u00bb]<\/p>\n<h2><span style=\"color: #333333\">Concours d&rsquo;acc\u00e8s au r\u00e9sidanat<\/span><\/h2>\n<p>[\/et_pb_text][et_pb_text _builder_version=\u00a0\u00bb4.16&Prime; _module_preset=\u00a0\u00bbdefault\u00a0\u00bb min_height=\u00a0\u00bb1277.6px\u00a0\u00bb custom_margin=\u00a0\u00bb-10px|||||\u00a0\u00bb custom_padding=\u00a0\u00bb|||17px|false|false\u00a0\u00bb global_colors_info=\u00a0\u00bb{}\u00a0\u00bb]<\/p>\n<p style=\"text-align: justify\"><span style=\"font-size: 14px\">Pour acc\u00e9der \u00e0 la post graduation, les m\u00e9decins, pharmaciens et dentiste g\u00e9n\u00e9ralistes doivent passer le concours d&rsquo;acc\u00e8s au r\u00e9sidanat, qui est un examen annuel, classant et validant organis\u00e9 par la facult\u00e9 de M\u00e9decine, sous la tutelle du Minist\u00e8re de l&rsquo;enseignement sup\u00e9rieur et de la recherche scientifique.<\/span><\/p>\n<p style=\"text-align: justify\">Les candidats ayant obtenu une note d\u2019au moins 10\/20 choisissent un\u00a0 poste par ordre de m\u00e9rite et selon le nombre de postes disponibles.<\/p>\n<p style=\"text-align: justify\">Environs 350 candidats en 2018, et environs 400 candidats en 2020 se sont inscrit au concours d&rsquo;acc\u00e8s au r\u00e9sidanat \u00e0 la facult\u00e9 de m\u00e9decine de Tizi Ouzou.<\/p>\n<p style=\"text-align: justify\"><strong>Nombre de postes<\/strong><br \/>Le nombre de postes ouverts chaque ann\u00e9e d\u00e9pend du nombre de postes disponibles \u00e0 chaque service dans les CHUs. D\u00e9termin\u00e9 par la capacit\u00e9 de formation des services sp\u00e9cialis\u00e9s des CHUs et pas par le nombre de candidats.<\/p>\n<p style=\"text-align: justify\"><strong>Quand se d\u00e9roulera le concours ?<\/strong><br \/>Les \u00e9preuves du test se d\u00e9roulent habituellement \u00e0 la rentr\u00e9e universitaire, vers le mois de septembre ou octobre de chaque ann\u00e9e, depuis 2020, le concours est organis\u00e9 \u00e0 la fin de l&rsquo;hiver, cette ann\u00e9e l&rsquo;examen se d\u00e9roulera le 19 F\u00e9vrier 2022 pour les m\u00e9decins et le 22 F\u00e9vrier 2022 pour les dentistes et pharmaciens.<\/p>\n<p style=\"text-align: justify\"><strong>Qui peut passer le r\u00e9sidanat ?<\/strong><br \/>Toute personne ayant un dipl\u00f4me de Docteur en m\u00e9decine, de pharmacien ou de dentiste.<br \/>Les r\u00e9sidents de premi\u00e8re ann\u00e9e d\u00e9sireux de changer de sp\u00e9cialit\u00e9, mais ceci n\u2019est autoris\u00e9 qu\u2019une seule fois et il faudrait avoir d\u00e9missionn\u00e9 3 Mois avant l&rsquo;examen.<br \/>Les r\u00e9sidents exclus en premi\u00e8re ann\u00e9e ne sont pas autoris\u00e9s \u00e0 repasser le concours.<\/p>\n<p style=\"text-align: justify\"><strong>Les \u00e9trangers au concours Alg\u00e9rien ?<\/strong><br \/>Les m\u00e9decins \u00e9trangers ont le droit de participer au concours Alg\u00e9rien, apr\u00e8s avoir accomplit les conditions suivantes :<\/p>\n<p style=\"text-align: justify\">L\u2019\u00e9quivalence de leur dipl\u00f4me avec le dipl\u00f4me alg\u00e9rien.<br \/>Autorisation du Minist\u00e8re de l\u2019Enseignement Sup\u00e9rieur et de la Recherche Scientifique.<\/p>\n<p style=\"text-align: justify\"><strong>Inscription au r\u00e9sidanat<\/strong><br \/>G\u00e9n\u00e9ralement, 2 sessions d\u2019inscription sont ouvertes, une au mois de juin pour les m\u00e9decins d\u00e9j\u00e0 dipl\u00f4m\u00e9s et l\u2019autre au mois de septembre ou au d\u00e9but d\u2019Octobre pour les internes de l\u2019ann\u00e9e en cours.<\/p>\n<p style=\"text-align: justify\">ces deux derni\u00e8res ann\u00e9es 1 seule session d&rsquo;inscription est ouverte vers le mois de D\u00e9cembre ou de Janvier.<\/p>\n<p style=\"text-align: justify\">L&rsquo;inscription se fait par d\u00e9p\u00f4t de dossier au niveau du service de la post graduation de la facult\u00e9, apr\u00e8s une pr\u00e9 inscription en ligne sur le site officiel et national d\u2019inscription, le site n&rsquo;est pas accessible\u00a0 en dehors des sessions d\u2019inscription.<\/p>\n<p style=\"text-align: justify\">\n<p>[\/et_pb_text][et_pb_text _builder_version=\u00a0\u00bb4.16&Prime; _module_preset=\u00a0\u00bbdefault\u00a0\u00bb text_text_color=\u00a0\u00bb#bfbfbf\u00a0\u00bb background_color=\u00a0\u00bb#002344&Prime; custom_margin=\u00a0\u00bb-27px|||||\u00a0\u00bb custom_padding=\u00a0\u00bb11px|10px|9px|19px|false|false\u00a0\u00bb border_radii=\u00a0\u00bboff||21px|21px|21px\u00a0\u00bb global_colors_info=\u00a0\u00bb{}\u00a0\u00bb]<\/p>\n<p style=\"text-align: justify\"><strong>Dossier d\u2019inscription au r\u00e9sidanat<\/strong><br \/>Les documents \u00e0 d\u00e9poser au si\u00e8ge de la facult\u00e9.<\/p>\n<p style=\"text-align: justify\">Un extrait d\u2019acte de naissance.<br \/>4 Photos d\u2019identit\u00e9 (nom et pr\u00e9noms au verso).<br \/>Une enveloppe timbr\u00e9e libell\u00e9e \u00e0 l\u2019adresse du candidat.<br \/>Une copie du dipl\u00f4me de Docteur g\u00e9n\u00e9raliste.<br \/>Une copie du relev\u00e9 de cursus avec moyenne g\u00e9n\u00e9rale.<br \/>Documents d&rsquo;inscription\u00a0 \u00e0 t\u00e9l\u00e9charger du site internet :<br \/>Fiche de pr\u00e9-inscription.<br \/>2 D\u00e9clarations sur l&rsquo;honneur \u00e0 l\u00e9galiser \u00e0 la mairie.<br \/>Un re\u00e7u de paiement des frais d&rsquo;inscription (500 DA) par virement postal au nom de Monsieur l&rsquo;agent comptable de l&rsquo;universit\u00e9 Mouloud Mammeri Tizi Ouzou N\u00b0 007 999 990 000 321 758 82.<br \/>Attestation de fonction pour les praticiens en exercice<br \/>R\u00e9sidents d\u00e9missionnaires:<br \/>Copie de la d\u00e9cision de d\u00e9mission.<br \/>Candidats \u00e9trangers :<br \/>Autorisation du M.E.S.R.S alg\u00e9rien<br \/>\u00c9quivalence du dipl\u00f4me.<\/p>\n<p>[\/et_pb_text][et_pb_text _builder_version=\u00a0\u00bb4.16&Prime; _module_preset=\u00a0\u00bbdefault\u00a0\u00bb custom_padding=\u00a0\u00bb||0px|19px||\u00a0\u00bb global_colors_info=\u00a0\u00bb{}\u00a0\u00bb]<\/p>\n<p><strong>\u00c9preuves et dur\u00e9e du concours de M\u00e9decine<\/strong><br \/>Le concours se d\u00e9roule en 3 \u00e9preuves : Sciences fondamentales, M\u00e9decine et Chirurgie.<\/p>\n<p style=\"text-align: justify\">D&rsquo;habitude chaque \u00e9preuve dure 3 heures mais depuis la pand\u00e9mie COVID-19, les 3 \u00e9preuves se composent en m\u00eame moment (1 seule \u00c9preuve compos\u00e9e d&rsquo;une partie Sciences fondamentales, une partie M\u00e9decine et une troisi\u00e8me partie Chirurgie) et elle dure 4 heures.<\/p>\n<p style=\"text-align: justify\"><strong>R\u00e9sultats du concours<\/strong><br \/>Le soir du d\u00e9roulement de l&rsquo;examen les r\u00e9sultats sont affich\u00e9s au niveau de la facult\u00e9 et publi\u00e9s sur l\u2019espace personnel de chaque candidat sur le site officiel du r\u00e9sidanat.<\/p>\n<p style=\"text-align: justify\"><strong>R\u00e9partition des postes<\/strong><br \/>La r\u00e9partition des postes de r\u00e9sidanat se fait \u00e0 peu pr\u00e8s 1 semaine apr\u00e8s l&rsquo;examen, en s\u00e9ance publique pour assurer la transparence de l&rsquo;op\u00e9ration.<\/p>\n<p style=\"text-align: justify\">\n<p>[\/et_pb_text][\/et_pb_column][et_pb_column type=\u00a0\u00bb1_2&Prime; _builder_version=\u00a0\u00bb4.16&Prime; _module_preset=\u00a0\u00bbdefault\u00a0\u00bb global_colors_info=\u00a0\u00bb{}\u00a0\u00bb][et_pb_text _builder_version=\u00a0\u00bb4.16&Prime; _module_preset=\u00a0\u00bbdefault\u00a0\u00bb text_text_color=\u00a0\u00bb#bfbfbf\u00a0\u00bb background_color=\u00a0\u00bb#002344&Prime; custom_margin=\u00a0\u00bb-2px|||||\u00a0\u00bb custom_padding=\u00a0\u00bb11px|10px|9px|19px|false|false\u00a0\u00bb border_radii=\u00a0\u00bboff|21px||21px|21px\u00a0\u00bb global_colors_info=\u00a0\u00bb{}\u00a0\u00bb]<\/p>\n<h2><span style=\"color: #ffffff\">\u00a0D.E.M.S<\/span><\/h2>\n<p><span style=\"color: #333333\"><\/span><\/p>\n<p>Dipl\u00f4me d&rsquo;\u00e9tudes m\u00e9dicales sp\u00e9cialis\u00e9es<\/p>\n<p style=\"font-weight: 400\"><strong><span>Dossier pour r\u00e9cup\u00e9rer le dipl\u00f4me d\u00e9finitif de D.E.M.S <\/span><\/strong><strong><span>:<\/span><\/strong><\/p>\n<p style=\"font-weight: 400\"><span>&#8211; L&rsquo;original du dipl\u00f4me provisoire de D.E.M.S + une copie.\u00a0<\/span><\/p>\n<p style=\"font-weight: 400\"><span>&#8211; Copie du dipl\u00f4me d\u00e9finitif de g\u00e9n\u00e9raliste.<\/span><\/p>\n<p style=\"font-weight: 400\"><span>&#8211; Copie du relev\u00e9 de notes du cursus de r\u00e9sidanat ou copie du carnet de r\u00e9sident.<\/span><\/p>\n<p style=\"font-weight: 400\"><span>&#8211; L&rsquo;original de l&rsquo;attestation d&rsquo;acquittement des obligations du service civil.<\/span><\/p>\n<p style=\"font-weight: 400\"><span>&#8211; Copie du BAC.<\/span><\/p>\n<p style=\"font-weight: 400\"><span>&#8211; Extrait de naissance.<\/span><\/p>\n<p style=\"font-weight: 400\"><span>&#8211; Demande manuscrite (adress\u00e9 \u00e0 Mr le Recteur de l&rsquo;universit\u00e9)<\/span><\/p>\n<p style=\"font-weight: 400\"><span>&#8211; Enveloppe timbr\u00e9e libell\u00e9e \u00e0 l&rsquo;adresse de l\u2019int\u00e9ress\u00e9. (Timbre 25 DA)<\/span><\/p>\n<p style=\"font-weight: 400\">En cas de transfert :<span><\/span><\/p>\n<p style=\"font-weight: 400\">&#8211; Une attestation d&rsquo;admission au concours de r\u00e9sidanat \u00e9tablie par l&rsquo;\u00e9tablissement d&rsquo;origine.<\/p>\n<p style=\"font-weight: 400\">&#8211; Copie certifi\u00e9e conforme \u00e0 l&rsquo;original du dipl\u00f4me de docteur en m\u00e9decine\u00a0 \/ en pharmacie \/ en m\u00e9decine dentaire \u00e9tablie par l&rsquo;\u00e9tablissement d&rsquo;origine.<\/p>\n<p style=\"font-weight: 400\">\n<p>[\/et_pb_text][et_pb_post_slider include_categories=\u00a0\u00bb44,12&Prime; show_meta=\u00a0\u00bboff\u00a0\u00bb show_image=\u00a0\u00bboff\u00a0\u00bb _builder_version=\u00a0\u00bb4.16&Prime; _module_preset=\u00a0\u00bbdefault\u00a0\u00bb background_color=\u00a0\u00bb#0084c6&Prime; width=\u00a0\u00bb75%\u00a0\u00bb module_alignment=\u00a0\u00bbcenter\u00a0\u00bb custom_margin=\u00a0\u00bb62px|||||\u00a0\u00bb border_radii=\u00a0\u00bboff|30px||30px|\u00a0\u00bb box_shadow_style=\u00a0\u00bbpreset1&Prime; global_colors_info=\u00a0\u00bb{}\u00a0\u00bb][\/et_pb_post_slider][\/et_pb_column][\/et_pb_row][\/et_pb_section]<\/p>\n","protected":false},"excerpt":{"rendered":"<p>1 \u00e8re post graduationConcours d&rsquo;acc\u00e8s R\u00e9sidanat de M\u00e9decine, M\u00e9decine dentaire et PharmacieD.E.M.S Dipl\u00f4me d&rsquo;\u00e9tudes m\u00e9dicales sp\u00e9ciales Le d\u00e9marrage de la 1\u00e8re Post-Graduation au sein de la facult\u00e9 de M\u00e9decine de Tizi Ouzou a eu lieu en 2010 pour M\u00e9decine, en 2011 pour Pharmacie et en 2015 pour M\u00e9decine Dentaire. La Facult\u00e9 de M\u00e9decine organise depuis [&hellip;]<\/p>\n","protected":false},"author":1,"featured_media":0,"parent":0,"menu_order":0,"comment_status":"closed","ping_status":"closed","template":"","meta":{"_et_pb_use_builder":"on","_et_pb_old_content":"","_et_gb_content_width":"","footnotes":""},"class_list":["post-3165","page","type-page","status-publish","hentry"],"yoast_head":"<!-- This site is optimized with the Yoast SEO plugin v27.3 - https:\/\/yoast.com\/product\/yoast-seo-wordpress\/ -->\n<title>1 \u00e8re Post graduation - Facult\u00e9 de M\u00e9decine - R\u00e9sidanat - DEMS<\/title>\n<meta name=\"description\" content=\"Le service assure la gestion des dossiers des r\u00e9sidents en M\u00e9decine, M\u00e9decine dentaire et Pharmacie admis au concours d\u2019acc\u00e8s au r\u00e9sidanat.\" \/>\n<meta name=\"robots\" content=\"index, follow, max-snippet:-1, max-image-preview:large, max-video-preview:-1\" \/>\n<link rel=\"canonical\" href=\"https:\/\/www.ummto.dz\/fmed\/1-ere-post-graduation\/\" \/>\n<meta property=\"og:locale\" content=\"fr_FR\" \/>\n<meta property=\"og:type\" content=\"article\" \/>\n<meta property=\"og:title\" content=\"1 \u00e8re Post graduation - Facult\u00e9 de M\u00e9decine - R\u00e9sidanat - DEMS\" \/>\n<meta property=\"og:description\" content=\"Le service assure la gestion des dossiers des r\u00e9sidents en M\u00e9decine, M\u00e9decine dentaire et Pharmacie admis au concours d\u2019acc\u00e8s au r\u00e9sidanat.\" \/>\n<meta property=\"og:url\" content=\"https:\/\/www.ummto.dz\/fmed\/1-ere-post-graduation\/\" \/>\n<meta property=\"og:site_name\" content=\"Facult\u00e9 de M\u00e9decine\" \/>\n<meta property=\"article:modified_time\" content=\"2023-05-08T09:00:32+00:00\" \/>\n<meta name=\"twitter:card\" content=\"summary_large_image\" \/>\n<meta name=\"twitter:label1\" content=\"Dur\u00e9e de lecture estim\u00e9e\" \/>\n\t<meta name=\"twitter:data1\" content=\"8 minutes\" \/>\n<script type=\"application\/ld+json\" class=\"yoast-schema-graph\">{\"@context\":\"https:\\\/\\\/schema.org\",\"@graph\":[{\"@type\":\"WebPage\",\"@id\":\"https:\\\/\\\/www.ummto.dz\\\/fmed\\\/1-ere-post-graduation\\\/\",\"url\":\"https:\\\/\\\/www.ummto.dz\\\/fmed\\\/1-ere-post-graduation\\\/\",\"name\":\"1 \u00e8re Post graduation - Facult\u00e9 de M\u00e9decine - R\u00e9sidanat - DEMS\",\"isPartOf\":{\"@id\":\"https:\\\/\\\/www.ummto.dz\\\/fmed\\\/#website\"},\"datePublished\":\"2021-10-27T08:17:54+00:00\",\"dateModified\":\"2023-05-08T09:00:32+00:00\",\"description\":\"Le service assure la gestion des dossiers des r\u00e9sidents en M\u00e9decine, M\u00e9decine dentaire et Pharmacie admis au concours d\u2019acc\u00e8s au r\u00e9sidanat.\",\"breadcrumb\":{\"@id\":\"https:\\\/\\\/www.ummto.dz\\\/fmed\\\/1-ere-post-graduation\\\/#breadcrumb\"},\"inLanguage\":\"fr-FR\",\"potentialAction\":[{\"@type\":\"ReadAction\",\"target\":[\"https:\\\/\\\/www.ummto.dz\\\/fmed\\\/1-ere-post-graduation\\\/\"]}]},{\"@type\":\"BreadcrumbList\",\"@id\":\"https:\\\/\\\/www.ummto.dz\\\/fmed\\\/1-ere-post-graduation\\\/#breadcrumb\",\"itemListElement\":[{\"@type\":\"ListItem\",\"position\":1,\"name\":\"Accueil\",\"item\":\"https:\\\/\\\/www.ummto.dz\\\/fmed\\\/\"},{\"@type\":\"ListItem\",\"position\":2,\"name\":\"1 \u00e8re Post graduation\"}]},{\"@type\":\"WebSite\",\"@id\":\"https:\\\/\\\/www.ummto.dz\\\/fmed\\\/#website\",\"url\":\"https:\\\/\\\/www.ummto.dz\\\/fmed\\\/\",\"name\":\"Facult\u00e9 de M\u00e9decine\",\"description\":\"Facult\u00e9 de M\u00e9decine\",\"potentialAction\":[{\"@type\":\"SearchAction\",\"target\":{\"@type\":\"EntryPoint\",\"urlTemplate\":\"https:\\\/\\\/www.ummto.dz\\\/fmed\\\/?s={search_term_string}\"},\"query-input\":{\"@type\":\"PropertyValueSpecification\",\"valueRequired\":true,\"valueName\":\"search_term_string\"}}],\"inLanguage\":\"fr-FR\"}]}<\/script>\n<!-- \/ Yoast SEO plugin. -->","yoast_head_json":{"title":"1 \u00e8re Post graduation - Facult\u00e9 de M\u00e9decine - R\u00e9sidanat - DEMS","description":"Le service assure la gestion des dossiers des r\u00e9sidents en M\u00e9decine, M\u00e9decine dentaire et Pharmacie admis au concours d\u2019acc\u00e8s au r\u00e9sidanat.","robots":{"index":"index","follow":"follow","max-snippet":"max-snippet:-1","max-image-preview":"max-image-preview:large","max-video-preview":"max-video-preview:-1"},"canonical":"https:\/\/www.ummto.dz\/fmed\/1-ere-post-graduation\/","og_locale":"fr_FR","og_type":"article","og_title":"1 \u00e8re Post graduation - Facult\u00e9 de M\u00e9decine - R\u00e9sidanat - DEMS","og_description":"Le service assure la gestion des dossiers des r\u00e9sidents en M\u00e9decine, M\u00e9decine dentaire et Pharmacie admis au concours d\u2019acc\u00e8s au r\u00e9sidanat.","og_url":"https:\/\/www.ummto.dz\/fmed\/1-ere-post-graduation\/","og_site_name":"Facult\u00e9 de M\u00e9decine","article_modified_time":"2023-05-08T09:00:32+00:00","twitter_card":"summary_large_image","twitter_misc":{"Dur\u00e9e de lecture estim\u00e9e":"8 minutes"},"schema":{"@context":"https:\/\/schema.org","@graph":[{"@type":"WebPage","@id":"https:\/\/www.ummto.dz\/fmed\/1-ere-post-graduation\/","url":"https:\/\/www.ummto.dz\/fmed\/1-ere-post-graduation\/","name":"1 \u00e8re Post graduation - Facult\u00e9 de M\u00e9decine - R\u00e9sidanat - DEMS","isPartOf":{"@id":"https:\/\/www.ummto.dz\/fmed\/#website"},"datePublished":"2021-10-27T08:17:54+00:00","dateModified":"2023-05-08T09:00:32+00:00","description":"Le service assure la gestion des dossiers des r\u00e9sidents en M\u00e9decine, M\u00e9decine dentaire et Pharmacie admis au concours d\u2019acc\u00e8s au r\u00e9sidanat.","breadcrumb":{"@id":"https:\/\/www.ummto.dz\/fmed\/1-ere-post-graduation\/#breadcrumb"},"inLanguage":"fr-FR","potentialAction":[{"@type":"ReadAction","target":["https:\/\/www.ummto.dz\/fmed\/1-ere-post-graduation\/"]}]},{"@type":"BreadcrumbList","@id":"https:\/\/www.ummto.dz\/fmed\/1-ere-post-graduation\/#breadcrumb","itemListElement":[{"@type":"ListItem","position":1,"name":"Accueil","item":"https:\/\/www.ummto.dz\/fmed\/"},{"@type":"ListItem","position":2,"name":"1 \u00e8re Post graduation"}]},{"@type":"WebSite","@id":"https:\/\/www.ummto.dz\/fmed\/#website","url":"https:\/\/www.ummto.dz\/fmed\/","name":"Facult\u00e9 de M\u00e9decine","description":"Facult\u00e9 de M\u00e9decine","potentialAction":[{"@type":"SearchAction","target":{"@type":"EntryPoint","urlTemplate":"https:\/\/www.ummto.dz\/fmed\/?s={search_term_string}"},"query-input":{"@type":"PropertyValueSpecification","valueRequired":true,"valueName":"search_term_string"}}],"inLanguage":"fr-FR"}]}},"_links":{"self":[{"href":"https:\/\/www.ummto.dz\/fmed\/wp-json\/wp\/v2\/pages\/3165","targetHints":{"allow":["GET"]}}],"collection":[{"href":"https:\/\/www.ummto.dz\/fmed\/wp-json\/wp\/v2\/pages"}],"about":[{"href":"https:\/\/www.ummto.dz\/fmed\/wp-json\/wp\/v2\/types\/page"}],"author":[{"embeddable":true,"href":"https:\/\/www.ummto.dz\/fmed\/wp-json\/wp\/v2\/users\/1"}],"replies":[{"embeddable":true,"href":"https:\/\/www.ummto.dz\/fmed\/wp-json\/wp\/v2\/comments?post=3165"}],"version-history":[{"count":57,"href":"https:\/\/www.ummto.dz\/fmed\/wp-json\/wp\/v2\/pages\/3165\/revisions"}],"predecessor-version":[{"id":6848,"href":"https:\/\/www.ummto.dz\/fmed\/wp-json\/wp\/v2\/pages\/3165\/revisions\/6848"}],"wp:attachment":[{"href":"https:\/\/www.ummto.dz\/fmed\/wp-json\/wp\/v2\/media?parent=3165"}],"curies":[{"name":"wp","href":"https:\/\/api.w.org\/{rel}","templated":true}]}}