{"id":3168,"date":"2021-10-27T10:18:07","date_gmt":"2021-10-27T08:18:07","guid":{"rendered":"https:\/\/www.ummto.dz\/fmed\/?page_id=3168"},"modified":"2026-03-26T11:15:39","modified_gmt":"2026-03-26T10:15:39","slug":"2-eme-post-graduation","status":"publish","type":"page","link":"https:\/\/www.ummto.dz\/fmed\/2-eme-post-graduation\/","title":{"rendered":"2 \u00e8me post graduation"},"content":{"rendered":"<p>[et_pb_section fb_built=\u00a0\u00bb1&Prime; next_background_color=\u00a0\u00bb#ffffff\u00a0\u00bb admin_label=\u00a0\u00bbSection\u00a0\u00bb _builder_version=\u00a0\u00bb4.16&Prime; _module_preset=\u00a0\u00bbdefault\u00a0\u00bb use_background_color_gradient=\u00a0\u00bbon\u00a0\u00bb background_color_gradient_direction=\u00a0\u00bb143deg\u00a0\u00bb background_color_gradient_stops=\u00a0\u00bb#174e75 0%|#77ffec 100%\u00a0\u00bb background_color_gradient_start=\u00a0\u00bb#174e75&Prime; background_color_gradient_end=\u00a0\u00bb#77ffec\u00a0\u00bb min_height=\u00a0\u00bb271.5px\u00a0\u00bb custom_padding=\u00a0\u00bb||7px|||\u00a0\u00bb bottom_divider_style=\u00a0\u00bbramp2&Prime; bottom_divider_height=\u00a0\u00bb77px\u00a0\u00bb bottom_divider_flip=\u00a0\u00bbvertical\u00a0\u00bb global_colors_info=\u00a0\u00bb{}\u00a0\u00bb][et_pb_row _builder_version=\u00a0\u00bb4.16&Prime; _module_preset=\u00a0\u00bbdefault\u00a0\u00bb width=\u00a0\u00bb84.5%\u00a0\u00bb min_height=\u00a0\u00bb81.5px\u00a0\u00bb custom_margin=\u00a0\u00bb-33px|auto||auto||\u00a0\u00bb global_colors_info=\u00a0\u00bb{}\u00a0\u00bb][et_pb_column type=\u00a0\u00bb4_4&Prime; _builder_version=\u00a0\u00bb4.16&Prime; _module_preset=\u00a0\u00bbdefault\u00a0\u00bb global_colors_info=\u00a0\u00bb{}\u00a0\u00bb][et_pb_text _builder_version=\u00a0\u00bb4.16&Prime; _module_preset=\u00a0\u00bbdefault\u00a0\u00bb global_colors_info=\u00a0\u00bb{}\u00a0\u00bb]<\/p>\n<h1><span style=\"color: #ffffff\">2\u00e8me post graduation<\/span><\/h1>\n<p>[\/et_pb_text][\/et_pb_column][\/et_pb_row][et_pb_row column_structure=\u00a0\u00bb1_2,1_2&Prime; _builder_version=\u00a0\u00bb4.16&Prime; _module_preset=\u00a0\u00bbdefault\u00a0\u00bb custom_margin=\u00a0\u00bb|auto|-11px|auto||\u00a0\u00bb custom_padding=\u00a0\u00bb13px|||||\u00a0\u00bb global_colors_info=\u00a0\u00bb{}\u00a0\u00bb][et_pb_column type=\u00a0\u00bb1_2&Prime; _builder_version=\u00a0\u00bb4.16&Prime; _module_preset=\u00a0\u00bbdefault\u00a0\u00bb global_colors_info=\u00a0\u00bb{}\u00a0\u00bb][et_pb_text _builder_version=\u00a0\u00bb4.16&Prime; _module_preset=\u00a0\u00bbdefault\u00a0\u00bb custom_padding=\u00a0\u00bb|||40px|false|false\u00a0\u00bb global_colors_info=\u00a0\u00bb{}\u00a0\u00bb]<\/p>\n<h2><span style=\"color: #ffffff\">D.E.S.M\u00a0<\/span><\/h2>\n<p><span style=\"color: #ffffff\">Doctorat en sciences m\u00e9dicales\u00a0<\/span><\/p>\n<p>[\/et_pb_text][\/et_pb_column][et_pb_column type=\u00a0\u00bb1_2&Prime; _builder_version=\u00a0\u00bb4.16&Prime; _module_preset=\u00a0\u00bbdefault\u00a0\u00bb global_colors_info=\u00a0\u00bb{}\u00a0\u00bb][\/et_pb_column][\/et_pb_row][\/et_pb_section][et_pb_section fb_built=\u00a0\u00bb1&Prime; admin_label=\u00a0\u00bbSection\u00a0\u00bb _builder_version=\u00a0\u00bb4.16&Prime; _module_preset=\u00a0\u00bbdefault\u00a0\u00bb min_height=\u00a0\u00bb260px\u00a0\u00bb custom_margin=\u00a0\u00bb4px|||||\u00a0\u00bb custom_padding=\u00a0\u00bb28px|||||\u00a0\u00bb global_colors_info=\u00a0\u00bb{}\u00a0\u00bb][et_pb_row _builder_version=\u00a0\u00bb4.27.6&Prime; _module_preset=\u00a0\u00bbdefault\u00a0\u00bb custom_padding=\u00a0\u00bb0px|||||\u00a0\u00bb hover_enabled=\u00a0\u00bb0&Prime; global_colors_info=\u00a0\u00bb{}\u00a0\u00bb column_structure=\u00a0\u00bb3_4,1_4&Prime; sticky_enabled=\u00a0\u00bb0&Prime;][et_pb_column type=\u00a0\u00bb3_4&Prime; _builder_version=\u00a0\u00bb4.16&Prime; _module_preset=\u00a0\u00bbdefault\u00a0\u00bb global_colors_info=\u00a0\u00bb{}\u00a0\u00bb][et_pb_text _builder_version=\u00a0\u00bb4.16&Prime; _module_preset=\u00a0\u00bbdefault\u00a0\u00bb custom_padding=\u00a0\u00bb50px|83px||40px|false|false\u00a0\u00bb global_colors_info=\u00a0\u00bb{}\u00a0\u00bb]<\/p>\n<p style=\"font-weight: 400\">La 2\u00e8me post-graduation se charge de g\u00e9rer les dossiers des ma\u00eetres assistants pr\u00e9parant une th\u00e8se de doctorat en Sciences M\u00e9dicales (D.E.S.M).<\/p>\n<p style=\"font-weight: 400\">\n<p style=\"font-weight: 400\">\u00a0Le d\u00e9marrage de la 2 \u00e8me Post- Graduation au sein de la facult\u00e9 de M\u00e9decine de Tizi Ouzou a eu lieu en 2009.<\/p>\n<p>[\/et_pb_text][\/et_pb_column][et_pb_column type=\u00a0\u00bb1_4&Prime; _builder_version=\u00a0\u00bb4.27.6&Prime; _module_preset=\u00a0\u00bbdefault\u00a0\u00bb hover_enabled=\u00a0\u00bb0&Prime; global_colors_info=\u00a0\u00bb{}\u00a0\u00bb sticky_enabled=\u00a0\u00bb0&Prime;][et_pb_post_slider _builder_version=\u00a0\u00bb4.27.6&Prime; _module_preset=\u00a0\u00bbdefault\u00a0\u00bb include_categories=\u00a0\u00bb44,12&Prime; show_meta=\u00a0\u00bboff\u00a0\u00bb hover_enabled=\u00a0\u00bb0&Prime; sticky_enabled=\u00a0\u00bb0&Prime; use_text_overlay=\u00a0\u00bboff\u00a0\u00bb show_image=\u00a0\u00bboff\u00a0\u00bb][\/et_pb_post_slider][\/et_pb_column][\/et_pb_row][et_pb_row column_structure=\u00a0\u00bb1_2,1_2&Prime; _builder_version=\u00a0\u00bb4.16&Prime; _module_preset=\u00a0\u00bbdefault\u00a0\u00bb custom_padding=\u00a0\u00bb0px|||||\u00a0\u00bb global_colors_info=\u00a0\u00bb{}\u00a0\u00bb][et_pb_column type=\u00a0\u00bb1_2&Prime; _builder_version=\u00a0\u00bb4.16&Prime; _module_preset=\u00a0\u00bbdefault\u00a0\u00bb global_colors_info=\u00a0\u00bb{}\u00a0\u00bb][\/et_pb_column][et_pb_column type=\u00a0\u00bb1_2&Prime; _builder_version=\u00a0\u00bb4.16&Prime; _module_preset=\u00a0\u00bbdefault\u00a0\u00bb global_colors_info=\u00a0\u00bb{}\u00a0\u00bb][\/et_pb_column][\/et_pb_row][\/et_pb_section]<\/p>\n","protected":false},"excerpt":{"rendered":"<p>2\u00e8me post graduationD.E.S.M\u00a0 Doctorat en sciences m\u00e9dicales\u00a0La 2\u00e8me post-graduation se charge de g\u00e9rer les dossiers des ma\u00eetres assistants pr\u00e9parant une th\u00e8se de doctorat en Sciences M\u00e9dicales (D.E.S.M). \u00a0Le d\u00e9marrage de la 2 \u00e8me Post- Graduation au sein de la facult\u00e9 de M\u00e9decine de Tizi Ouzou a eu lieu en 2009.<\/p>\n","protected":false},"author":1,"featured_media":0,"parent":0,"menu_order":0,"comment_status":"closed","ping_status":"closed","template":"","meta":{"_et_pb_use_builder":"on","_et_pb_old_content":"","_et_gb_content_width":"","footnotes":""},"class_list":["post-3168","page","type-page","status-publish","hentry"],"yoast_head":"<!-- This site is optimized with the Yoast SEO plugin v27.3 - https:\/\/yoast.com\/product\/yoast-seo-wordpress\/ -->\n<title>2 \u00e8me post graduation - Facult\u00e9 de M\u00e9decine<\/title>\n<meta name=\"robots\" content=\"index, follow, max-snippet:-1, max-image-preview:large, max-video-preview:-1\" \/>\n<link rel=\"canonical\" href=\"https:\/\/www.ummto.dz\/fmed\/2-eme-post-graduation\/\" \/>\n<meta property=\"og:locale\" content=\"fr_FR\" \/>\n<meta property=\"og:type\" content=\"article\" \/>\n<meta property=\"og:title\" content=\"2 \u00e8me post graduation - Facult\u00e9 de M\u00e9decine\" \/>\n<meta property=\"og:description\" content=\"2\u00e8me post graduationD.E.S.M\u00a0 Doctorat en sciences m\u00e9dicales\u00a0La 2\u00e8me post-graduation se charge de g\u00e9rer les dossiers des ma\u00eetres assistants pr\u00e9parant une th\u00e8se de doctorat en Sciences M\u00e9dicales (D.E.S.M). \u00a0Le d\u00e9marrage de la 2 \u00e8me Post- Graduation au sein de la facult\u00e9 de M\u00e9decine de Tizi Ouzou a eu lieu en 2009.\" \/>\n<meta property=\"og:url\" content=\"https:\/\/www.ummto.dz\/fmed\/2-eme-post-graduation\/\" \/>\n<meta property=\"og:site_name\" content=\"Facult\u00e9 de M\u00e9decine\" \/>\n<meta property=\"article:modified_time\" content=\"2026-03-26T10:15:39+00:00\" \/>\n<meta name=\"twitter:card\" content=\"summary_large_image\" \/>\n<meta name=\"twitter:label1\" content=\"Dur\u00e9e de lecture estim\u00e9e\" \/>\n\t<meta name=\"twitter:data1\" content=\"2 minutes\" \/>\n<script type=\"application\/ld+json\" class=\"yoast-schema-graph\">{\"@context\":\"https:\\\/\\\/schema.org\",\"@graph\":[{\"@type\":\"WebPage\",\"@id\":\"https:\\\/\\\/www.ummto.dz\\\/fmed\\\/2-eme-post-graduation\\\/\",\"url\":\"https:\\\/\\\/www.ummto.dz\\\/fmed\\\/2-eme-post-graduation\\\/\",\"name\":\"2 \u00e8me post graduation - Facult\u00e9 de M\u00e9decine\",\"isPartOf\":{\"@id\":\"https:\\\/\\\/www.ummto.dz\\\/fmed\\\/#website\"},\"datePublished\":\"2021-10-27T08:18:07+00:00\",\"dateModified\":\"2026-03-26T10:15:39+00:00\",\"breadcrumb\":{\"@id\":\"https:\\\/\\\/www.ummto.dz\\\/fmed\\\/2-eme-post-graduation\\\/#breadcrumb\"},\"inLanguage\":\"fr-FR\",\"potentialAction\":[{\"@type\":\"ReadAction\",\"target\":[\"https:\\\/\\\/www.ummto.dz\\\/fmed\\\/2-eme-post-graduation\\\/\"]}]},{\"@type\":\"BreadcrumbList\",\"@id\":\"https:\\\/\\\/www.ummto.dz\\\/fmed\\\/2-eme-post-graduation\\\/#breadcrumb\",\"itemListElement\":[{\"@type\":\"ListItem\",\"position\":1,\"name\":\"Accueil\",\"item\":\"https:\\\/\\\/www.ummto.dz\\\/fmed\\\/\"},{\"@type\":\"ListItem\",\"position\":2,\"name\":\"2 \u00e8me post graduation\"}]},{\"@type\":\"WebSite\",\"@id\":\"https:\\\/\\\/www.ummto.dz\\\/fmed\\\/#website\",\"url\":\"https:\\\/\\\/www.ummto.dz\\\/fmed\\\/\",\"name\":\"Facult\u00e9 de M\u00e9decine\",\"description\":\"Facult\u00e9 de M\u00e9decine\",\"potentialAction\":[{\"@type\":\"SearchAction\",\"target\":{\"@type\":\"EntryPoint\",\"urlTemplate\":\"https:\\\/\\\/www.ummto.dz\\\/fmed\\\/?s={search_term_string}\"},\"query-input\":{\"@type\":\"PropertyValueSpecification\",\"valueRequired\":true,\"valueName\":\"search_term_string\"}}],\"inLanguage\":\"fr-FR\"}]}<\/script>\n<!-- \/ Yoast SEO plugin. -->","yoast_head_json":{"title":"2 \u00e8me post graduation - Facult\u00e9 de M\u00e9decine","robots":{"index":"index","follow":"follow","max-snippet":"max-snippet:-1","max-image-preview":"max-image-preview:large","max-video-preview":"max-video-preview:-1"},"canonical":"https:\/\/www.ummto.dz\/fmed\/2-eme-post-graduation\/","og_locale":"fr_FR","og_type":"article","og_title":"2 \u00e8me post graduation - Facult\u00e9 de M\u00e9decine","og_description":"2\u00e8me post graduationD.E.S.M\u00a0 Doctorat en sciences m\u00e9dicales\u00a0La 2\u00e8me post-graduation se charge de g\u00e9rer les dossiers des ma\u00eetres assistants pr\u00e9parant une th\u00e8se de doctorat en Sciences M\u00e9dicales (D.E.S.M). \u00a0Le d\u00e9marrage de la 2 \u00e8me Post- Graduation au sein de la facult\u00e9 de M\u00e9decine de Tizi Ouzou a eu lieu en 2009.","og_url":"https:\/\/www.ummto.dz\/fmed\/2-eme-post-graduation\/","og_site_name":"Facult\u00e9 de M\u00e9decine","article_modified_time":"2026-03-26T10:15:39+00:00","twitter_card":"summary_large_image","twitter_misc":{"Dur\u00e9e de lecture estim\u00e9e":"2 minutes"},"schema":{"@context":"https:\/\/schema.org","@graph":[{"@type":"WebPage","@id":"https:\/\/www.ummto.dz\/fmed\/2-eme-post-graduation\/","url":"https:\/\/www.ummto.dz\/fmed\/2-eme-post-graduation\/","name":"2 \u00e8me post graduation - Facult\u00e9 de M\u00e9decine","isPartOf":{"@id":"https:\/\/www.ummto.dz\/fmed\/#website"},"datePublished":"2021-10-27T08:18:07+00:00","dateModified":"2026-03-26T10:15:39+00:00","breadcrumb":{"@id":"https:\/\/www.ummto.dz\/fmed\/2-eme-post-graduation\/#breadcrumb"},"inLanguage":"fr-FR","potentialAction":[{"@type":"ReadAction","target":["https:\/\/www.ummto.dz\/fmed\/2-eme-post-graduation\/"]}]},{"@type":"BreadcrumbList","@id":"https:\/\/www.ummto.dz\/fmed\/2-eme-post-graduation\/#breadcrumb","itemListElement":[{"@type":"ListItem","position":1,"name":"Accueil","item":"https:\/\/www.ummto.dz\/fmed\/"},{"@type":"ListItem","position":2,"name":"2 \u00e8me post graduation"}]},{"@type":"WebSite","@id":"https:\/\/www.ummto.dz\/fmed\/#website","url":"https:\/\/www.ummto.dz\/fmed\/","name":"Facult\u00e9 de M\u00e9decine","description":"Facult\u00e9 de M\u00e9decine","potentialAction":[{"@type":"SearchAction","target":{"@type":"EntryPoint","urlTemplate":"https:\/\/www.ummto.dz\/fmed\/?s={search_term_string}"},"query-input":{"@type":"PropertyValueSpecification","valueRequired":true,"valueName":"search_term_string"}}],"inLanguage":"fr-FR"}]}},"_links":{"self":[{"href":"https:\/\/www.ummto.dz\/fmed\/wp-json\/wp\/v2\/pages\/3168","targetHints":{"allow":["GET"]}}],"collection":[{"href":"https:\/\/www.ummto.dz\/fmed\/wp-json\/wp\/v2\/pages"}],"about":[{"href":"https:\/\/www.ummto.dz\/fmed\/wp-json\/wp\/v2\/types\/page"}],"author":[{"embeddable":true,"href":"https:\/\/www.ummto.dz\/fmed\/wp-json\/wp\/v2\/users\/1"}],"replies":[{"embeddable":true,"href":"https:\/\/www.ummto.dz\/fmed\/wp-json\/wp\/v2\/comments?post=3168"}],"version-history":[{"count":9,"href":"https:\/\/www.ummto.dz\/fmed\/wp-json\/wp\/v2\/pages\/3168\/revisions"}],"predecessor-version":[{"id":11555,"href":"https:\/\/www.ummto.dz\/fmed\/wp-json\/wp\/v2\/pages\/3168\/revisions\/11555"}],"wp:attachment":[{"href":"https:\/\/www.ummto.dz\/fmed\/wp-json\/wp\/v2\/media?parent=3168"}],"curies":[{"name":"wp","href":"https:\/\/api.w.org\/{rel}","templated":true}]}}