{"id":3325,"date":"2021-10-27T16:03:25","date_gmt":"2021-10-27T14:03:25","guid":{"rendered":"https:\/\/www.ummto.dz\/fmed\/?page_id=3325"},"modified":"2025-12-14T14:36:52","modified_gmt":"2025-12-14T13:36:52","slug":"programmes-denseignement","status":"publish","type":"page","link":"https:\/\/www.ummto.dz\/fmed\/programmes-denseignement\/","title":{"rendered":"Programmes d&rsquo;enseignement"},"content":{"rendered":"<p>[et_pb_section fb_built=\u00a0\u00bb1&Prime; next_background_color=\u00a0\u00bb#ffffff\u00a0\u00bb admin_label=\u00a0\u00bbSection\u00a0\u00bb _builder_version=\u00a0\u00bb4.16&Prime; _module_preset=\u00a0\u00bbdefault\u00a0\u00bb use_background_color_gradient=\u00a0\u00bbon\u00a0\u00bb background_color_gradient_direction=\u00a0\u00bb143deg\u00a0\u00bb background_color_gradient_stops=\u00a0\u00bb#02492a 0%|#76fcb9 100%\u00a0\u00bb background_color_gradient_start=\u00a0\u00bb#02492a\u00a0\u00bb background_color_gradient_end=\u00a0\u00bb#76fcb9&Prime; min_height=\u00a0\u00bb271.5px\u00a0\u00bb custom_margin=\u00a0\u00bb||-47px|||\u00a0\u00bb custom_padding=\u00a0\u00bb||32px|||\u00a0\u00bb bottom_divider_style=\u00a0\u00bbramp2&Prime; bottom_divider_height=\u00a0\u00bb113px\u00a0\u00bb bottom_divider_repeat=\u00a0\u00bb1x\u00a0\u00bb bottom_divider_flip=\u00a0\u00bbvertical|horizontal\u00a0\u00bb locked=\u00a0\u00bboff\u00a0\u00bb global_colors_info=\u00a0\u00bb{}\u00a0\u00bb][et_pb_row _builder_version=\u00a0\u00bb4.16&Prime; _module_preset=\u00a0\u00bbdefault\u00a0\u00bb width=\u00a0\u00bb84.5%\u00a0\u00bb min_height=\u00a0\u00bb81.5px\u00a0\u00bb custom_margin=\u00a0\u00bb-33px|auto||auto||\u00a0\u00bb global_colors_info=\u00a0\u00bb{}\u00a0\u00bb][et_pb_column type=\u00a0\u00bb4_4&Prime; _builder_version=\u00a0\u00bb4.16&Prime; _module_preset=\u00a0\u00bbdefault\u00a0\u00bb global_colors_info=\u00a0\u00bb{}\u00a0\u00bb][et_pb_text _builder_version=\u00a0\u00bb4.16&Prime; _module_preset=\u00a0\u00bbdefault\u00a0\u00bb global_colors_info=\u00a0\u00bb{}\u00a0\u00bb]<\/p>\n<h2><span style=\"color: #ffffff\">Programmes d&rsquo;enseignement<\/span><\/h2>\n<p>[\/et_pb_text][\/et_pb_column][\/et_pb_row][et_pb_row column_structure=\u00a0\u00bb1_2,1_2&Prime; _builder_version=\u00a0\u00bb4.16&Prime; _module_preset=\u00a0\u00bbdefault\u00a0\u00bb custom_padding=\u00a0\u00bb13px|||||\u00a0\u00bb global_colors_info=\u00a0\u00bb{}\u00a0\u00bb][et_pb_column type=\u00a0\u00bb1_2&Prime; _builder_version=\u00a0\u00bb4.16&Prime; _module_preset=\u00a0\u00bbdefault\u00a0\u00bb global_colors_info=\u00a0\u00bb{}\u00a0\u00bb][\/et_pb_column][et_pb_column type=\u00a0\u00bb1_2&Prime; _builder_version=\u00a0\u00bb4.16&Prime; _module_preset=\u00a0\u00bbdefault\u00a0\u00bb global_colors_info=\u00a0\u00bb{}\u00a0\u00bb][\/et_pb_column][\/et_pb_row][\/et_pb_section][et_pb_section fb_built=\u00a0\u00bb1&Prime; _builder_version=\u00a0\u00bb4.16&Prime; custom_margin=\u00a0\u00bb15px|||||\u00a0\u00bb custom_padding=\u00a0\u00bb40px|||||\u00a0\u00bb global_colors_info=\u00a0\u00bb{}\u00a0\u00bb][et_pb_row column_structure=\u00a0\u00bb3_4,1_4&Prime; _builder_version=\u00a0\u00bb4.16&Prime; background_size=\u00a0\u00bbinitial\u00a0\u00bb background_position=\u00a0\u00bbtop_left\u00a0\u00bb background_repeat=\u00a0\u00bbrepeat\u00a0\u00bb width=\u00a0\u00bb87%\u00a0\u00bb max_width=\u00a0\u00bb1128px\u00a0\u00bb custom_padding=\u00a0\u00bb0px|||||\u00a0\u00bb global_colors_info=\u00a0\u00bb{}\u00a0\u00bb][et_pb_column type=\u00a0\u00bb3_4&Prime; _builder_version=\u00a0\u00bb4.16&Prime; custom_padding=\u00a0\u00bb|||\u00a0\u00bb global_colors_info=\u00a0\u00bb{}\u00a0\u00bb custom_padding__hover=\u00a0\u00bb|||\u00a0\u00bb][et_pb_accordion admin_label=\u00a0\u00bbAccord\u00e9on\u00a0\u00bb _builder_version=\u00a0\u00bb4.27.4&Prime; _module_preset=\u00a0\u00bbdefault\u00a0\u00bb toggle_font_size=\u00a0\u00bb24px\u00a0\u00bb toggle_letter_spacing=\u00a0\u00bb2px\u00a0\u00bb closed_toggle_font_size=\u00a0\u00bb25px\u00a0\u00bb closed_toggle_letter_spacing=\u00a0\u00bb2px\u00a0\u00bb background_color=\u00a0\u00bb#FFFFFF\u00a0\u00bb overflow-x=\u00a0\u00bbvisible\u00a0\u00bb overflow-y=\u00a0\u00bbvisible\u00a0\u00bb hover_enabled=\u00a0\u00bb0&Prime; border_style_all=\u00a0\u00bbnone\u00a0\u00bb box_shadow_style=\u00a0\u00bbpreset1&Prime; global_colors_info=\u00a0\u00bb{}\u00a0\u00bb sticky_enabled=\u00a0\u00bb0&Prime;][et_pb_accordion_item title=\u00a0\u00bbM\u00e9decine\u00a0\u00bb open=\u00a0\u00bbon\u00a0\u00bb _builder_version=\u00a0\u00bb4.27.4&Prime; _module_preset=\u00a0\u00bbdefault\u00a0\u00bb hover_enabled=\u00a0\u00bb0&Prime; global_colors_info=\u00a0\u00bb{}\u00a0\u00bb toggle_font=\u00a0\u00bb||||||||\u00a0\u00bb toggle_font_size=\u00a0\u00bb24px\u00a0\u00bb sticky_enabled=\u00a0\u00bb0&Prime;]<\/p>\n<p>_________________<\/p>\n<p><a href=\"https:\/\/www.ummto.dz\/fmed\/wp-content\/uploads\/2021\/10\/NOUVEAU-PROGRAMME-1ERE-ANNEE-MEDECINE.pdf\" rel=\"attachment noopener wp-att-3346\" target=\"_blank\" title=\"1 \u00e8re ann\u00e9e\">1 \u00e8re ann\u00e9e (nouveau)<\/a><\/p>\n<p><a href=\"https:\/\/www.ummto.dz\/fmed\/wp-content\/uploads\/2021\/10\/Nouveau-Programme-2eme-annee-Medecine-2019-1.pdf\" rel=\"attachment noopener wp-att-3356\" target=\"_blank\" title=\"2 \u00e8me ann\u00e9e\">2 \u00e8me ann\u00e9e (nouveau)<\/a><\/p>\n<p><a href=\"https:\/\/www.ummto.dz\/fmed\/wp-content\/uploads\/2021\/11\/Nouveau-Programme-3eme-annee-Medecine-2020.pdf\" rel=\"attachment wp-att-3866\">3 \u00e8me ann\u00e9e (nouveau).<\/a><\/p>\n<p><a href=\"https:\/\/www.ummto.dz\/fmed\/wp-content\/uploads\/2021\/10\/Nouveau-programme-4-annee-medecine.pdf\" rel=\"attachment noopener wp-att-3155\" target=\"_blank\" title=\"4 \u00e8me ann\u00e9e\">4 \u00e8me ann\u00e9e (nouveau)<\/a><\/p>\n<p><a href=\"https:\/\/www.ummto.dz\/fmed\/wp-content\/uploads\/2022\/09\/Programme-5eme-annee-Arrete-ministeriel-N\u00b0-731-06-2022.pdf\" rel=\"attachment wp-att-5479\">5 \u00e8me ann\u00e9e (nouveau)<\/a><\/p>\n<p><a href=\"https:\/\/www.ummto.dz\/fmed\/wp-content\/uploads\/2023\/07\/Nouveau-Programme-6eme-Annee-Medecine.pdf\" rel=\"attachment wp-att-7123\">6 \u00e8me Ann\u00e9e (nouveau)<\/a><\/p>\n<p><a href=\"https:\/\/www.ummto.dz\/fmed\/wp-content\/uploads\/2021\/10\/programme-1-medecine-1.pdf\" rel=\"attachment noopener wp-att-3357\" target=\"_blank\" title=\"1\u00e8re ann\u00e9e (ancien)\">1 \u00e8re ann\u00e9e (ancien)<\/a><\/p>\n<p><a href=\"https:\/\/www.ummto.dz\/fmed\/wp-content\/uploads\/2021\/10\/programme-2-medecine-1.pdf\" rel=\"attachment noopener wp-att-3358\" target=\"_blank\" title=\"2 \u00e8me ann\u00e9e (ancien)\">2 \u00e8me ann\u00e9e (ancien)<\/a><\/p>\n<p><a href=\"https:\/\/www.ummto.dz\/fmed\/wp-content\/uploads\/2021\/10\/programme-3-medecine-1.pdf\" rel=\"attachment noopener wp-att-3359\" target=\"_blank\" title=\"3 \u00e8me ann\u00e9e (ancien)\">3 \u00e8me ann\u00e9e (ancien)<\/a><\/p>\n<p><a href=\"https:\/\/www.ummto.dz\/fmed\/wp-content\/uploads\/2021\/10\/programme-4-medecine-1.pdf\" rel=\"attachment noopener wp-att-3360\" target=\"_blank\" title=\"4 \u00e8me ann\u00e9e (ancien)\">4 \u00e8me ann\u00e9e (ancien)<\/a><\/p>\n<p><a href=\"https:\/\/www.ummto.dz\/fmed\/wp-content\/uploads\/2021\/10\/programme-5-medecine-1.pdf\" rel=\"attachment noopener wp-att-3361\" target=\"_blank\" title=\"5 \u00e8me ann\u00e9e (ancien)\">5 \u00e8me ann\u00e9e (ancien)<\/a><\/p>\n<p><a href=\"https:\/\/www.ummto.dz\/fmed\/wp-content\/uploads\/2021\/10\/programme-6-medecine-1.pdf\" rel=\"attachment noopener wp-att-3362\" target=\"_blank\" title=\"6 \u00e8me ann\u00e9e (ancien)\">6 \u00e8me ann\u00e9e (ancien)<\/a><\/p>\n<p><a href=\"https:\/\/www.ummto.dz\/fmed\/wp-content\/uploads\/2025\/12\/Volume-horaire-medecine-promo-2018.docx\" rel=\"attachment wp-att-10986\">Volume horaire de medecine promo 2018 et +<\/a><\/p>\n<p>&nbsp;<\/p>\n<p>[\/et_pb_accordion_item][et_pb_accordion_item title=\u00a0\u00bbM\u00e9decine dentaire\u00a0\u00bb _builder_version=\u00a0\u00bb4.18.0&Prime; _module_preset=\u00a0\u00bbdefault\u00a0\u00bb global_colors_info=\u00a0\u00bb{}\u00a0\u00bb open=\u00a0\u00bboff\u00a0\u00bb]<\/p>\n<p>____________________<\/p>\n<p><a href=\"https:\/\/www.ummto.dz\/fmed\/wp-content\/uploads\/2021\/10\/Programme-1-medecine-dentaire.pdf\" rel=\"attachment noopener wp-att-3374\" target=\"_blank\" title=\"1 \u00e8re ann\u00e9e\">1 \u00e8re ann\u00e9e.<\/a><\/p>\n<p><a href=\"https:\/\/www.ummto.dz\/fmed\/wp-content\/uploads\/2021\/10\/Programme-2-medecine-dentaire.pdf\" rel=\"attachment noopener wp-att-3373\" target=\"_blank\" title=\"2 \u00e8me ann\u00e9e\">2 \u00e8me ann\u00e9e.<\/a><\/p>\n<p><a href=\"https:\/\/www.ummto.dz\/fmed\/wp-content\/uploads\/2021\/10\/Programme-3-medecine-dentaire.pdf\" rel=\"attachment noopener wp-att-3370\" target=\"_blank\" title=\"3 \u00e8me ann\u00e9e\">3 \u00e8me ann\u00e9e.<\/a><\/p>\n<p><a href=\"https:\/\/www.ummto.dz\/fmed\/wp-content\/uploads\/2021\/10\/Programme-4-medecine-dentaire.pdf\" rel=\"attachment noopener wp-att-3372\" target=\"_blank\" title=\"4 \u00e8me ann\u00e9e\">4 \u00e8me ann\u00e9e.<\/a><\/p>\n<p><a href=\"https:\/\/www.ummto.dz\/fmed\/wp-content\/uploads\/2021\/10\/Programme-5-medecine-dentaire.pdf\" rel=\"attachment noopener wp-att-3371\" target=\"_blank\" title=\"5 \u00e8me ann\u00e9e\">5 \u00e8me ann\u00e9e.<\/a><\/p>\n<p><a href=\"https:\/\/www.ummto.dz\/fmed\/wp-content\/uploads\/2022\/09\/Programme-medecine-dentaire.pdf\" rel=\"attachment wp-att-5574\">Programme d&rsquo;\u00e9tude medecine dentaire (toutes les ann\u00e9es)<\/a><\/p>\n<p>&nbsp;<\/p>\n<p>[\/et_pb_accordion_item][et_pb_accordion_item title=\u00a0\u00bbPharmacie\u00a0\u00bb _builder_version=\u00a0\u00bb4.16&Prime; _module_preset=\u00a0\u00bbdefault\u00a0\u00bb global_colors_info=\u00a0\u00bb{}\u00a0\u00bb open=\u00a0\u00bboff\u00a0\u00bb]<\/p>\n<p>______________<\/p>\n<p><a href=\"https:\/\/www.ummto.dz\/fmed\/wp-content\/uploads\/2021\/10\/Programme-1-pharmacie.pdf\" rel=\"attachment noopener wp-att-3374\" target=\"_blank\" title=\"1 \u00e8re ann\u00e9e\">1 \u00e8re ann\u00e9e<\/a><\/p>\n<p><a href=\"https:\/\/www.ummto.dz\/fmed\/wp-content\/uploads\/2021\/10\/Programme-2-pharmacie.pdf\" rel=\"attachment noopener wp-att-3373\" target=\"_blank\" title=\"2 \u00e8me ann\u00e9e\">2 \u00e8me ann\u00e9e<\/a><\/p>\n<p><a href=\"https:\/\/www.ummto.dz\/fmed\/wp-content\/uploads\/2021\/10\/Programme-3-pharmacie.pdf\" rel=\"attachment noopener wp-att-3370\" target=\"_blank\" title=\"3 \u00e8me ann\u00e9e\">3 \u00e8me ann\u00e9e<\/a><\/p>\n<p><a href=\"https:\/\/www.ummto.dz\/fmed\/wp-content\/uploads\/2021\/10\/Programme-4-pharmacie.pdf\" rel=\"attachment noopener wp-att-3372\" target=\"_blank\" title=\"4 \u00e8me ann\u00e9e\">4 \u00e8me ann\u00e9e<\/a><\/p>\n<p><a href=\"https:\/\/www.ummto.dz\/fmed\/wp-content\/uploads\/2021\/10\/Programme-5-pharmacie.pdf\" rel=\"attachment noopener wp-att-3371\" target=\"_blank\" title=\"5 \u00e8me ann\u00e9e\">5 \u00e8me ann\u00e9e<\/a><\/p>\n<p>[\/et_pb_accordion_item][\/et_pb_accordion][\/et_pb_column][et_pb_column type=\u00a0\u00bb1_4&Prime; _builder_version=\u00a0\u00bb4.16&Prime; custom_padding=\u00a0\u00bb|||\u00a0\u00bb global_colors_info=\u00a0\u00bb{}\u00a0\u00bb custom_padding__hover=\u00a0\u00bb|||\u00a0\u00bb][dsm_menu title=\u00a0\u00bbACC\u00c8S DIRECT\u00a0\u00bb menu_id=\u00a0\u00bb3&Prime; menu_link_text_color=\u00a0\u00bb#282828&Prime; list_style_type=\u00a0\u00bbsquare\u00a0\u00bb list_style_color=\u00a0\u00bb#0C71C3&Prime; _builder_version=\u00a0\u00bb4.16&Prime; _module_preset=\u00a0\u00bbdefault\u00a0\u00bb header_font=\u00a0\u00bb|600|||||||\u00a0\u00bb header_text_color=\u00a0\u00bb#0C71C3&Prime; menu_font=\u00a0\u00bb|600|||||||\u00a0\u00bb background_color=\u00a0\u00bb#f4f4f4&Prime; width=\u00a0\u00bb100%\u00a0\u00bb custom_margin=\u00a0\u00bb4px|0px||-3px|false|false\u00a0\u00bb custom_padding=\u00a0\u00bb15px|0px||6px|false|false\u00a0\u00bb box_shadow_style=\u00a0\u00bbpreset2&Prime; box_shadow_horizontal=\u00a0\u00bb18px\u00a0\u00bb box_shadow_blur=\u00a0\u00bb14px\u00a0\u00bb global_colors_info=\u00a0\u00bb{}\u00a0\u00bb][\/dsm_menu][et_pb_post_slider include_categories=\u00a0\u00bb7&Prime; show_meta=\u00a0\u00bboff\u00a0\u00bb show_image=\u00a0\u00bboff\u00a0\u00bb _builder_version=\u00a0\u00bb4.16&Prime; _module_preset=\u00a0\u00bbdefault\u00a0\u00bb custom_padding=\u00a0\u00bb0px||0px||false|false\u00a0\u00bb animation_style=\u00a0\u00bbfold\u00a0\u00bb box_shadow_style=\u00a0\u00bbpreset1&Prime; locked=\u00a0\u00bboff\u00a0\u00bb global_colors_info=\u00a0\u00bb{}\u00a0\u00bb][\/et_pb_post_slider][\/et_pb_column][\/et_pb_row][\/et_pb_section]<\/p>\n","protected":false},"excerpt":{"rendered":"<p>Programmes d&rsquo;enseignement_________________ 1 \u00e8re ann\u00e9e (nouveau) 2 \u00e8me ann\u00e9e (nouveau) 3 \u00e8me ann\u00e9e (nouveau). 4 \u00e8me ann\u00e9e (nouveau) 5 \u00e8me ann\u00e9e (nouveau) 6 \u00e8me Ann\u00e9e (nouveau) 1 \u00e8re ann\u00e9e (ancien) 2 \u00e8me ann\u00e9e (ancien) 3 \u00e8me ann\u00e9e (ancien) 4 \u00e8me ann\u00e9e (ancien) 5 \u00e8me ann\u00e9e (ancien) 6 \u00e8me ann\u00e9e (ancien) Volume horaire de medecine promo [&hellip;]<\/p>\n","protected":false},"author":6,"featured_media":0,"parent":0,"menu_order":0,"comment_status":"closed","ping_status":"closed","template":"","meta":{"_et_pb_use_builder":"on","_et_pb_old_content":"","_et_gb_content_width":"","footnotes":""},"class_list":["post-3325","page","type-page","status-publish","hentry"],"yoast_head":"<!-- This site is optimized with the Yoast SEO plugin v27.3 - https:\/\/yoast.com\/product\/yoast-seo-wordpress\/ -->\n<title>Programmes d&#039;enseignement - Facult\u00e9 de M\u00e9decine<\/title>\n<meta name=\"robots\" content=\"index, follow, max-snippet:-1, max-image-preview:large, max-video-preview:-1\" \/>\n<link rel=\"canonical\" href=\"https:\/\/www.ummto.dz\/fmed\/programmes-denseignement\/\" \/>\n<meta property=\"og:locale\" content=\"fr_FR\" \/>\n<meta property=\"og:type\" content=\"article\" \/>\n<meta property=\"og:title\" content=\"Programmes d&#039;enseignement - Facult\u00e9 de M\u00e9decine\" \/>\n<meta property=\"og:description\" content=\"Programmes d&#039;enseignement_________________ 1 \u00e8re ann\u00e9e (nouveau) 2 \u00e8me ann\u00e9e (nouveau) 3 \u00e8me ann\u00e9e (nouveau). 4 \u00e8me ann\u00e9e (nouveau) 5 \u00e8me ann\u00e9e (nouveau) 6 \u00e8me Ann\u00e9e (nouveau) 1 \u00e8re ann\u00e9e (ancien) 2 \u00e8me ann\u00e9e (ancien) 3 \u00e8me ann\u00e9e (ancien) 4 \u00e8me ann\u00e9e (ancien) 5 \u00e8me ann\u00e9e (ancien) 6 \u00e8me ann\u00e9e (ancien) Volume horaire de medecine promo [&hellip;]\" \/>\n<meta property=\"og:url\" content=\"https:\/\/www.ummto.dz\/fmed\/programmes-denseignement\/\" \/>\n<meta property=\"og:site_name\" content=\"Facult\u00e9 de M\u00e9decine\" \/>\n<meta property=\"article:modified_time\" content=\"2025-12-14T13:36:52+00:00\" \/>\n<meta name=\"twitter:card\" content=\"summary_large_image\" \/>\n<meta name=\"twitter:label1\" content=\"Dur\u00e9e de lecture estim\u00e9e\" \/>\n\t<meta name=\"twitter:data1\" content=\"3 minutes\" \/>\n<script type=\"application\/ld+json\" class=\"yoast-schema-graph\">{\"@context\":\"https:\\\/\\\/schema.org\",\"@graph\":[{\"@type\":\"WebPage\",\"@id\":\"https:\\\/\\\/www.ummto.dz\\\/fmed\\\/programmes-denseignement\\\/\",\"url\":\"https:\\\/\\\/www.ummto.dz\\\/fmed\\\/programmes-denseignement\\\/\",\"name\":\"Programmes d'enseignement - Facult\u00e9 de M\u00e9decine\",\"isPartOf\":{\"@id\":\"https:\\\/\\\/www.ummto.dz\\\/fmed\\\/#website\"},\"datePublished\":\"2021-10-27T14:03:25+00:00\",\"dateModified\":\"2025-12-14T13:36:52+00:00\",\"breadcrumb\":{\"@id\":\"https:\\\/\\\/www.ummto.dz\\\/fmed\\\/programmes-denseignement\\\/#breadcrumb\"},\"inLanguage\":\"fr-FR\",\"potentialAction\":[{\"@type\":\"ReadAction\",\"target\":[\"https:\\\/\\\/www.ummto.dz\\\/fmed\\\/programmes-denseignement\\\/\"]}]},{\"@type\":\"BreadcrumbList\",\"@id\":\"https:\\\/\\\/www.ummto.dz\\\/fmed\\\/programmes-denseignement\\\/#breadcrumb\",\"itemListElement\":[{\"@type\":\"ListItem\",\"position\":1,\"name\":\"Accueil\",\"item\":\"https:\\\/\\\/www.ummto.dz\\\/fmed\\\/\"},{\"@type\":\"ListItem\",\"position\":2,\"name\":\"Programmes d&rsquo;enseignement\"}]},{\"@type\":\"WebSite\",\"@id\":\"https:\\\/\\\/www.ummto.dz\\\/fmed\\\/#website\",\"url\":\"https:\\\/\\\/www.ummto.dz\\\/fmed\\\/\",\"name\":\"Facult\u00e9 de M\u00e9decine\",\"description\":\"Facult\u00e9 de M\u00e9decine\",\"potentialAction\":[{\"@type\":\"SearchAction\",\"target\":{\"@type\":\"EntryPoint\",\"urlTemplate\":\"https:\\\/\\\/www.ummto.dz\\\/fmed\\\/?s={search_term_string}\"},\"query-input\":{\"@type\":\"PropertyValueSpecification\",\"valueRequired\":true,\"valueName\":\"search_term_string\"}}],\"inLanguage\":\"fr-FR\"}]}<\/script>\n<!-- \/ Yoast SEO plugin. -->","yoast_head_json":{"title":"Programmes d'enseignement - Facult\u00e9 de M\u00e9decine","robots":{"index":"index","follow":"follow","max-snippet":"max-snippet:-1","max-image-preview":"max-image-preview:large","max-video-preview":"max-video-preview:-1"},"canonical":"https:\/\/www.ummto.dz\/fmed\/programmes-denseignement\/","og_locale":"fr_FR","og_type":"article","og_title":"Programmes d'enseignement - Facult\u00e9 de M\u00e9decine","og_description":"Programmes d'enseignement_________________ 1 \u00e8re ann\u00e9e (nouveau) 2 \u00e8me ann\u00e9e (nouveau) 3 \u00e8me ann\u00e9e (nouveau). 4 \u00e8me ann\u00e9e (nouveau) 5 \u00e8me ann\u00e9e (nouveau) 6 \u00e8me Ann\u00e9e (nouveau) 1 \u00e8re ann\u00e9e (ancien) 2 \u00e8me ann\u00e9e (ancien) 3 \u00e8me ann\u00e9e (ancien) 4 \u00e8me ann\u00e9e (ancien) 5 \u00e8me ann\u00e9e (ancien) 6 \u00e8me ann\u00e9e (ancien) Volume horaire de medecine promo [&hellip;]","og_url":"https:\/\/www.ummto.dz\/fmed\/programmes-denseignement\/","og_site_name":"Facult\u00e9 de M\u00e9decine","article_modified_time":"2025-12-14T13:36:52+00:00","twitter_card":"summary_large_image","twitter_misc":{"Dur\u00e9e de lecture estim\u00e9e":"3 minutes"},"schema":{"@context":"https:\/\/schema.org","@graph":[{"@type":"WebPage","@id":"https:\/\/www.ummto.dz\/fmed\/programmes-denseignement\/","url":"https:\/\/www.ummto.dz\/fmed\/programmes-denseignement\/","name":"Programmes d'enseignement - Facult\u00e9 de M\u00e9decine","isPartOf":{"@id":"https:\/\/www.ummto.dz\/fmed\/#website"},"datePublished":"2021-10-27T14:03:25+00:00","dateModified":"2025-12-14T13:36:52+00:00","breadcrumb":{"@id":"https:\/\/www.ummto.dz\/fmed\/programmes-denseignement\/#breadcrumb"},"inLanguage":"fr-FR","potentialAction":[{"@type":"ReadAction","target":["https:\/\/www.ummto.dz\/fmed\/programmes-denseignement\/"]}]},{"@type":"BreadcrumbList","@id":"https:\/\/www.ummto.dz\/fmed\/programmes-denseignement\/#breadcrumb","itemListElement":[{"@type":"ListItem","position":1,"name":"Accueil","item":"https:\/\/www.ummto.dz\/fmed\/"},{"@type":"ListItem","position":2,"name":"Programmes d&rsquo;enseignement"}]},{"@type":"WebSite","@id":"https:\/\/www.ummto.dz\/fmed\/#website","url":"https:\/\/www.ummto.dz\/fmed\/","name":"Facult\u00e9 de M\u00e9decine","description":"Facult\u00e9 de M\u00e9decine","potentialAction":[{"@type":"SearchAction","target":{"@type":"EntryPoint","urlTemplate":"https:\/\/www.ummto.dz\/fmed\/?s={search_term_string}"},"query-input":{"@type":"PropertyValueSpecification","valueRequired":true,"valueName":"search_term_string"}}],"inLanguage":"fr-FR"}]}},"_links":{"self":[{"href":"https:\/\/www.ummto.dz\/fmed\/wp-json\/wp\/v2\/pages\/3325","targetHints":{"allow":["GET"]}}],"collection":[{"href":"https:\/\/www.ummto.dz\/fmed\/wp-json\/wp\/v2\/pages"}],"about":[{"href":"https:\/\/www.ummto.dz\/fmed\/wp-json\/wp\/v2\/types\/page"}],"author":[{"embeddable":true,"href":"https:\/\/www.ummto.dz\/fmed\/wp-json\/wp\/v2\/users\/6"}],"replies":[{"embeddable":true,"href":"https:\/\/www.ummto.dz\/fmed\/wp-json\/wp\/v2\/comments?post=3325"}],"version-history":[{"count":28,"href":"https:\/\/www.ummto.dz\/fmed\/wp-json\/wp\/v2\/pages\/3325\/revisions"}],"predecessor-version":[{"id":10987,"href":"https:\/\/www.ummto.dz\/fmed\/wp-json\/wp\/v2\/pages\/3325\/revisions\/10987"}],"wp:attachment":[{"href":"https:\/\/www.ummto.dz\/fmed\/wp-json\/wp\/v2\/media?parent=3325"}],"curies":[{"name":"wp","href":"https:\/\/api.w.org\/{rel}","templated":true}]}}