{"id":52,"date":"2018-01-29T19:31:37","date_gmt":"2018-01-29T18:31:37","guid":{"rendered":"http:\/\/fgei.ummto.dz\/?page_id=52"},"modified":"2026-04-05T10:15:46","modified_gmt":"2026-04-05T09:15:46","slug":"planning-des-examens","status":"publish","type":"page","link":"https:\/\/www.ummto.dz\/fmed\/planning-des-examens\/","title":{"rendered":"Planning des examens"},"content":{"rendered":"<p>[et_pb_section fb_built=\u00a0\u00bb1&Prime; next_background_color=\u00a0\u00bb#ffffff\u00a0\u00bb admin_label=\u00a0\u00bbSection\u00a0\u00bb _builder_version=\u00a0\u00bb4.16&Prime; _module_preset=\u00a0\u00bbdefault\u00a0\u00bb use_background_color_gradient=\u00a0\u00bbon\u00a0\u00bb background_color_gradient_direction=\u00a0\u00bb143deg\u00a0\u00bb background_color_gradient_stops=\u00a0\u00bb#02492a 0%|#76fcb9 100%\u00a0\u00bb background_color_gradient_start=\u00a0\u00bb#02492a\u00a0\u00bb background_color_gradient_end=\u00a0\u00bb#76fcb9&Prime; min_height=\u00a0\u00bb271.5px\u00a0\u00bb custom_margin=\u00a0\u00bb||-47px|||\u00a0\u00bb custom_padding=\u00a0\u00bb||32px|||\u00a0\u00bb bottom_divider_style=\u00a0\u00bbramp2&Prime; bottom_divider_height=\u00a0\u00bb113px\u00a0\u00bb bottom_divider_repeat=\u00a0\u00bb1x\u00a0\u00bb bottom_divider_flip=\u00a0\u00bbvertical|horizontal\u00a0\u00bb locked=\u00a0\u00bboff\u00a0\u00bb global_colors_info=\u00a0\u00bb{}\u00a0\u00bb][et_pb_row _builder_version=\u00a0\u00bb4.16&Prime; _module_preset=\u00a0\u00bbdefault\u00a0\u00bb width=\u00a0\u00bb84.5%\u00a0\u00bb min_height=\u00a0\u00bb81.5px\u00a0\u00bb custom_margin=\u00a0\u00bb-33px|auto||auto||\u00a0\u00bb global_colors_info=\u00a0\u00bb{}\u00a0\u00bb][et_pb_column type=\u00a0\u00bb4_4&Prime; _builder_version=\u00a0\u00bb4.16&Prime; _module_preset=\u00a0\u00bbdefault\u00a0\u00bb global_colors_info=\u00a0\u00bb{}\u00a0\u00bb][et_pb_text _builder_version=\u00a0\u00bb4.16&Prime; _module_preset=\u00a0\u00bbdefault\u00a0\u00bb global_colors_info=\u00a0\u00bb{}\u00a0\u00bb]<\/p>\n<h2><span style=\"color: #ffffff\">Planning des examens<\/span><\/h2>\n<p>[\/et_pb_text][\/et_pb_column][\/et_pb_row][et_pb_row column_structure=\u00a0\u00bb1_2,1_2&Prime; _builder_version=\u00a0\u00bb4.16&Prime; _module_preset=\u00a0\u00bbdefault\u00a0\u00bb custom_padding=\u00a0\u00bb13px|||||\u00a0\u00bb global_colors_info=\u00a0\u00bb{}\u00a0\u00bb][et_pb_column type=\u00a0\u00bb1_2&Prime; _builder_version=\u00a0\u00bb4.16&Prime; _module_preset=\u00a0\u00bbdefault\u00a0\u00bb global_colors_info=\u00a0\u00bb{}\u00a0\u00bb][et_pb_text _builder_version=\u00a0\u00bb4.27.4&Prime; _module_preset=\u00a0\u00bbdefault\u00a0\u00bb global_colors_info=\u00a0\u00bb{}\u00a0\u00bb]<\/p>\n<p><strong><span style=\"color: #ffffff\">Ann\u00e9e universitaire 2025\/2026<\/span><\/strong><\/p>\n<p>[\/et_pb_text][\/et_pb_column][et_pb_column type=\u00a0\u00bb1_2&Prime; _builder_version=\u00a0\u00bb4.16&Prime; _module_preset=\u00a0\u00bbdefault\u00a0\u00bb global_colors_info=\u00a0\u00bb{}\u00a0\u00bb][\/et_pb_column][\/et_pb_row][\/et_pb_section][et_pb_section fb_built=\u00a0\u00bb1&Prime; _builder_version=\u00a0\u00bb4.16&Prime; min_height=\u00a0\u00bb747.2px\u00a0\u00bb custom_margin=\u00a0\u00bb15px|||||\u00a0\u00bb custom_padding=\u00a0\u00bb28px|||||\u00a0\u00bb global_colors_info=\u00a0\u00bb{}\u00a0\u00bb][et_pb_row column_structure=\u00a0\u00bb3_4,1_4&Prime; _builder_version=\u00a0\u00bb4.16&Prime; background_size=\u00a0\u00bbinitial\u00a0\u00bb background_position=\u00a0\u00bbtop_left\u00a0\u00bb background_repeat=\u00a0\u00bbrepeat\u00a0\u00bb width=\u00a0\u00bb87%\u00a0\u00bb max_width=\u00a0\u00bb1128px\u00a0\u00bb custom_padding=\u00a0\u00bb13px|||||\u00a0\u00bb global_colors_info=\u00a0\u00bb{}\u00a0\u00bb][et_pb_column type=\u00a0\u00bb3_4&Prime; _builder_version=\u00a0\u00bb4.16&Prime; custom_padding=\u00a0\u00bb|||\u00a0\u00bb global_colors_info=\u00a0\u00bb{}\u00a0\u00bb custom_padding__hover=\u00a0\u00bb|||\u00a0\u00bb][et_pb_accordion admin_label=\u00a0\u00bbAccord\u00e9on\u00a0\u00bb _builder_version=\u00a0\u00bb4.27.6&Prime; _module_preset=\u00a0\u00bbdefault\u00a0\u00bb toggle_font_size=\u00a0\u00bb24px\u00a0\u00bb toggle_letter_spacing=\u00a0\u00bb2px\u00a0\u00bb closed_toggle_font_size=\u00a0\u00bb25px\u00a0\u00bb closed_toggle_letter_spacing=\u00a0\u00bb2px\u00a0\u00bb background_color=\u00a0\u00bb#FFFFFF\u00a0\u00bb overflow-x=\u00a0\u00bbvisible\u00a0\u00bb overflow-y=\u00a0\u00bbvisible\u00a0\u00bb hover_enabled=\u00a0\u00bb0&Prime; border_radii=\u00a0\u00bbon|15px|15px|15px|15px\u00a0\u00bb border_style_all=\u00a0\u00bbnone\u00a0\u00bb box_shadow_style=\u00a0\u00bbpreset2&Prime; global_colors_info=\u00a0\u00bb{}\u00a0\u00bb sticky_enabled=\u00a0\u00bb0&Prime;][et_pb_accordion_item title=\u00a0\u00bbM\u00e9decine\u00a0\u00bb open=\u00a0\u00bbon\u00a0\u00bb _builder_version=\u00a0\u00bb4.27.6&Prime; _module_preset=\u00a0\u00bbdefault\u00a0\u00bb global_colors_info=\u00a0\u00bb{}\u00a0\u00bb toggle_font=\u00a0\u00bb||||||||\u00a0\u00bb toggle_font_size=\u00a0\u00bb24px\u00a0\u00bb]<\/p>\n<table border=\"1\" style=\"border-collapse: collapse;width: 100%\">\n<tbody>\n<tr style=\"background-color: grey\">\n<td style=\"width: 100%\"><span style=\"text-decoration: underline\"><span style=\"color: #ffffff\"><strong>1 \u00e8re ann\u00e9e<\/strong><\/span><\/span><\/td>\n<\/tr>\n<\/tbody>\n<\/table>\n<p>&#8211; Test de fran\u00e7ais :<\/p>\n<p>Section A : Mardi 18 Novembre 2025 \u00e0 12h30\u00a0(dur\u00e9e 50mn).<\/p>\n<p>Section B : Mercredi 19 Novembre 2025 \u00e0 12h00\u00a0(dur\u00e9e 50mn).<\/p>\n<p>Lieux d\u2019examen\u00a0TAMDA.<\/p>\n<p><strong>&#8211; <a href=\"https:\/\/www.ummto.dz\/fmed\/wp-content\/uploads\/2026\/01\/Planning-1A-Med-2026-779.pdf\" rel=\"attachment wp-att-11104\">Planning 1A Med<\/a> examens du 29\/01\/2026 au 05\/02\/2026<\/strong><\/p>\n<table border=\"1\" style=\"height: 24px;width: 100%;border-collapse: collapse;background-color: grey\">\n<tbody>\n<tr style=\"height: 24px;background-color: grey\">\n<td style=\"width: 100%;height: 24px\"><span style=\"text-decoration: underline;color: #ffffff\"><strong>2 \u00e8me ann\u00e9e<\/strong> <\/span><\/td>\n<\/tr>\n<\/tbody>\n<\/table>\n<p>&#8211; UEI 1 : Jeudi 06\/11\/2025 \u00e0 12h30 \u00e0 Tamda.<\/p>\n<p>&#8211; Test d&rsquo;anglais :<\/p>\n<ul>\n<li>\u00a0 \u00a0 Section (A) : Dimanche 14\/12\/2025 \u00e0 12h30 \u00e0 Tamda.<\/li>\n<li>\u00a0 \u00a0 Section (B) : Lundi 15\/12\/2025 \u00e0 12h30 \u00e0 Tamda.<\/li>\n<\/ul>\n<p>&#8211; UEI 2 : Jeudi 11\/12\/2025 \u00e0 11h00<\/p>\n<ul>\n<li>Section (A) : \u00e0 la facult\u00e9 de M\u00e9decine.<\/li>\n<li>Section (B) : \u00e0 Tamda.<\/li>\n<\/ul>\n<p>Vacances d&rsquo;hiver 02 semaines du Jeudi 18\/12\/2025 au Dimanche 04\/01\/2026<\/p>\n<p>&#8211; UEI 3 : Jeudi 15\/01\/2026 \u00e0 12h00<\/p>\n<p>&#8211; Section A \u00e0 Tamda<\/p>\n<p>&#8211; Section B \u00e0 la facult\u00e9 de M\u00e9decine<\/p>\n<p><strong>&#8211; UEI 4 : Jeudi 05\/03\/2026 \u00e0 11h15\u00a0<\/strong><\/p>\n<ul>\n<li><strong>\u00a0 \u00a0 \u00a0 \u00a0 Section A :\u00a0<\/strong><strong>\u00e0 la Facult\u00e9 de M\u00e9decine<\/strong><\/li>\n<li><strong>\u00a0 \u00a0 \u00a0 \u00a0 Section B : <\/strong><strong>\u00e0 Tamda<\/strong><\/li>\n<\/ul>\n<p><strong>&#8211; UEI 5 : Jeudi 07\/05\/2026<\/strong><\/p>\n<p><strong>&#8211; Immunologie : Mardi 12\/05\/2026<\/strong><\/p>\n<p><strong>&#8211; G\u00e9n\u00e9tique : Mardi 19\/05\/2026<\/strong><\/p>\n<p><a href=\"https:\/\/www.ummto.dz\/fmed\/wp-content\/uploads\/2026\/01\/Rattrapage-2A-746.pdf\" rel=\"attachment wp-att-11050\"><strong>Rattrapage &#8211; 2A<\/strong> <\/a><\/p>\n<table border=\"1\" style=\"border-collapse: collapse;width: 100%;height: 24px\">\n<tbody>\n<tr style=\"height: 24px;background-color: grey\">\n<td style=\"width: 100%;height: 24px\"><span style=\"text-decoration: underline;color: #ffffff\"><strong>3 \u00e8me ann\u00e9e<\/strong><\/span><\/td>\n<\/tr>\n<\/tbody>\n<\/table>\n<p>&#8211; UEI 01 : Jeudi 18\/12\/2025 \u00e0 11h00.<\/p>\n<p>&#8211; Immunologie : Mercredi 14\/01\/2026 \u00e0 11h30.<\/p>\n<p><strong>&#8211; Anapath : Jeudi 29\/01\/2026 \u00e0 11h00.<\/strong><\/p>\n<p><strong>&#8211; UEI 02 : Jeudi 19\/02\/2026 \u00e0 12h45.<\/strong><\/p>\n<p>Vacances d&rsquo;hiver 02 semaines du Jeudi 18\/12\/2025 au Dimanche 04\/01\/2026<\/p>\n<p><strong>&#8211; UEI 03 : Jeudi 09\/04\/2026 \u00e0 10h30.<\/strong><\/p>\n<p><strong>&#8211; Pharmacologie : Jeudi\u00a0 11\/06\/2026<\/strong><\/p>\n<p><strong>&#8211; Parasitologie : Mardi 16\/06\/2026<\/strong><\/p>\n<p><strong>&#8211; Microbiologie : Dimanche 21\/06\/2026<\/strong><\/p>\n<p><strong>&#8211; UEI 04 : Jeudi 25\/06\/2026<\/strong><\/p>\n<p><strong><a href=\"https:\/\/www.ummto.dz\/fmed\/wp-content\/uploads\/2026\/01\/Rattrapage-3A-Med-810.pdf\" rel=\"attachment wp-att-11242\">Rattrapage 3A Med<\/a><\/strong><\/p>\n<table border=\"1\" style=\"border-collapse: collapse;width: 100%;height: 24px\">\n<tbody>\n<tr style=\"height: 24px;background-color: grey\">\n<td style=\"width: 100%;height: 24px\"><span style=\"text-decoration: underline;color: #ffffff\"><strong>4 \u00e8me ann\u00e9e<\/strong><\/span><\/td>\n<\/tr>\n<\/tbody>\n<\/table>\n<p><strong>&#8211; Infectieux :\u00a0 Jeudi 19\/02\/2026 \u00e0 09h30.<\/strong><\/p>\n<p><strong>&#8211; Pneumo : Jeudi 19\/02\/2026 \u00e0 10h30.<\/strong><\/p>\n<p><strong>&#8211; Cardio : Jeudi 19\/02\/2026 \u00e0 10h30.<\/strong><\/p>\n<p><strong>&#8211; Neuro : Jeudi 19\/02\/2026 \u00e0 09h30.<\/strong><\/p>\n<p><strong>&#8211; H\u00e9mato\/Onco : Jeudi 12\/02\/2026 \u00e0 09h30.<\/strong><\/p>\n<p>&#8211; Gastro : Mardi 13\/01\/2026 \u00e0 11h30.<\/p>\n<p>&nbsp;<\/p>\n<table border=\"1\" style=\"border-collapse: collapse;width: 100%;height: 24px\">\n<tbody>\n<tr style=\"height: 24px;background-color: grey\">\n<td style=\"width: 100%;height: 24px\"><span style=\"text-decoration: underline;color: #ffffff\"><strong>5 \u00e8me ann\u00e9e<\/strong><\/span><\/td>\n<\/tr>\n<\/tbody>\n<\/table>\n<p><strong>&#8211; Appareil locomoteur : Jeudi 05\/03\/2026 \u00e0 09h00.<\/strong><\/p>\n<p><strong>&#8211; P\u00e9diatrie : Jeudi 05\/03\/2026 \u00e0 09h00.<\/strong><\/p>\n<p><strong>&#8211; Gyneco : Jeudi 05\/03\/2026 \u00e0 13h30.<\/strong><\/p>\n<p>&#8211; Endocrino : Mardi 13\/01\/2026 \u00e0 10h30.<\/p>\n<p>&#8211; Uro-Nephro : Mardi 13\/01\/2026 \u00e0 10h30.<\/p>\n<p>&#8211; Sant\u00e9 mentale : Mardi 13\/01\/2026 \u00e0 09h00.<\/p>\n<p>&nbsp;<\/p>\n<table border=\"1\" style=\"border-collapse: collapse;width: 100%;height: 24px\">\n<tbody>\n<tr style=\"height: 24px;background-color: grey\">\n<td style=\"width: 100%;height: 24px\"><span style=\"text-decoration: underline;color: #ffffff\"><strong>6 \u00e8me ann\u00e9e<\/strong><\/span><\/td>\n<\/tr>\n<\/tbody>\n<\/table>\n<p>&#8211; Ophtalmo : Groupe 01 &#8211; Mercredi\u00a0 28\/01\/2026 \u00e0 12h00.<\/p>\n<p>&#8211; Maladie syst\u00e9mique\u00a0 :\u00a0 Groupe 2 &#8211; Jeudi 26\/02\/2026 \u00e0 10h45.<\/p>\n<p>&#8211; ORL : Mardi 13\/01\/2026 \u00e0 13h30<\/p>\n<p>&#8211; M\u00e9decine d&rsquo;urgence : Groupe 3 &#8211; Jeudi 26\/02\/2026 \u00e0 09h30.<\/p>\n<p>&#8211; Epid\u00e9miologie : Mardi 13\/01\/2026 \u00e0 13h30<\/p>\n<p>&#8211; Dermato : Jeudi 19\/02\/2026 \u00e0 09h00.<\/p>\n<p>&#8211; Sant\u00e9 au travail et environnement\u00a0 : Groupe 02 &#8211; Jeudi 05\/02\/2026 \u00e0 09h30.<\/p>\n<p>&#8211; M\u00e9decine L\u00e9gal et Droit M\u00e9dical : Mardi 13\/01\/2026 \u00e0 09h00.<\/p>\n<p><strong>&#8211; Personne Ag\u00e9e : Groupe 1 &#8211; Jeudi 12\/03\/2026 \u00e0 09h00.<\/strong><\/p>\n<p>&nbsp;<\/p>\n<p>[\/et_pb_accordion_item][et_pb_accordion_item title=\u00a0\u00bbM\u00e9decine dentaire\u00a0\u00bb _builder_version=\u00a0\u00bb4.27.6&Prime; _module_preset=\u00a0\u00bbdefault\u00a0\u00bb global_colors_info=\u00a0\u00bb{}\u00a0\u00bb open=\u00a0\u00bboff\u00a0\u00bb]<\/p>\n<p><span style=\"text-decoration: underline\"><strong>EMD 1<\/strong><\/span> :<\/p>\n<p><a href=\"https:\/\/www.ummto.dz\/fmed\/wp-content\/uploads\/2026\/01\/Examens-1A-Dentaire-798.pdf\" rel=\"attachment wp-att-11182\">Examens 1\u00e8re ann\u00e9e M\u00e9decine dentaire.<\/a><\/p>\n<p><a href=\"https:\/\/www.ummto.dz\/fmed\/wp-content\/uploads\/2026\/01\/Planning-examens-3-4-5-Dentaire-785.pdf\" rel=\"attachment wp-att-11115\">Planning examens 3\u00e8me, 4\u00e8me et 5\u00e8me ann\u00e9e M\u00e9decine Dentaire .<\/a><\/p>\n<p><strong><span style=\"text-decoration: underline\">4\u00e8me ann\u00e9e<\/span> : <\/strong><\/p>\n<p>&#8211; Paro le 03\/03\/2026 \u00e0 13h00.<\/p>\n<p>&#8211; Pathologie m\u00e9dicale le 05\/03\/2026 \u00e0 12h30.<\/p>\n<p><strong><span style=\"text-decoration: underline\">3\u00e8me ann\u00e9e<\/span> :<\/strong><\/p>\n<p>&#8211; Immagerie m\u00e9dicale le 05\/03\/2026 \u00e0 13h30.<\/p>\n<p><span style=\"text-decoration: underline\"><strong>EMD 2 :<\/strong><\/span><\/p>\n<p><a href=\"https:\/\/www.ummto.dz\/fmed\/wp-content\/uploads\/2026\/03\/examens-S2-345-emes-annees-Dentaire_011.pdf\" rel=\"attachment wp-att-11605\">examens S2 3,4,5 \u00e8mes ann\u00e9es Dentaire_011<\/a><\/p>\n<p><span style=\"text-decoration: underline\"><strong>Rattrapages<\/strong> <\/span>:<\/p>\n<p>&nbsp;<\/p>\n<p>[\/et_pb_accordion_item][et_pb_accordion_item title=\u00a0\u00bbPharmacie\u00a0\u00bb _builder_version=\u00a0\u00bb4.27.6&Prime; _module_preset=\u00a0\u00bbdefault\u00a0\u00bb hover_enabled=\u00a0\u00bb0&Prime; global_colors_info=\u00a0\u00bb{}\u00a0\u00bb open=\u00a0\u00bboff\u00a0\u00bb sticky_enabled=\u00a0\u00bb0&Prime;]<\/p>\n<p><span style=\"text-decoration: underline\"><strong>EMD 2 :<\/strong><\/span><\/p>\n<p><a href=\"https:\/\/www.ummto.dz\/fmed\/wp-content\/uploads\/2026\/03\/planning-de-surveillance-EMD2_003.pdf\" rel=\"attachment wp-att-11444\">planning de surveillance EMD2_003<\/a><\/p>\n<p><strong><a href=\"https:\/\/www.ummto.dz\/fmed\/wp-content\/uploads\/2026\/03\/Planning-de-surveillance-EMD-2_Avril-2026_Campus-TAMDA.pdf\" rel=\"attachment wp-att-11600\">Planning de surveillance EMD 2_Avril 2026_Campus TAMDA<\/a><\/strong><\/p>\n<p><strong> <a href=\"https:\/\/www.ummto.dz\/fmed\/wp-content\/uploads\/2026\/03\/Planning-de-surveillance-EMD-2_Avril-2026_Campus-BIOMEDICAL.pdf\" rel=\"attachment wp-att-11601\">Planning de surveillance EMD 2_Avril 2026_Campus BIOMEDICAL<\/a> <\/strong><\/p>\n<p><strong><a href=\"https:\/\/www.ummto.dz\/fmed\/wp-content\/uploads\/2026\/03\/Planning-des-examens-EMD-2_Avril-2026.pdf\" rel=\"attachment wp-att-11602\">Planning des examens EMD 2_Avril 2026<\/a><\/strong><\/p>\n<p><strong>R\u00e9partition :<\/strong><\/p>\n<p><strong><a href=\"https:\/\/www.ummto.dz\/fmed\/wp-content\/uploads\/2026\/04\/repartition-2eme-annee-26.pdf\" rel=\"attachment wp-att-11623\">r\u00e9partition 2\u00e8me ann\u00e9e<\/a><\/strong><\/p>\n<p><strong><a href=\"https:\/\/www.ummto.dz\/fmed\/wp-content\/uploads\/2026\/04\/repartition-3eme-annee26.pdf\" rel=\"attachment wp-att-11622\">r\u00e9partition 3\u00e8me ann\u00e9e<\/a><\/strong><\/p>\n<p><strong><a href=\"https:\/\/www.ummto.dz\/fmed\/wp-content\/uploads\/2026\/04\/repartition-4eme-26.pdf\" rel=\"attachment wp-att-11621\">r\u00e9partition 4\u00e8me ann\u00e9e<\/a> <\/strong><\/p>\n<p><strong><a href=\"https:\/\/www.ummto.dz\/fmed\/wp-content\/uploads\/2026\/04\/repartition-5eme-annee-26-avril.pdf\" rel=\"attachment wp-att-11620\">r\u00e9partition 5\u00e8me ann\u00e9e<\/a><\/strong><\/p>\n<p><span style=\"text-decoration: underline\"><strong>Rattrapages<\/strong> <\/span>:<\/p>\n<p>&nbsp;<\/p>\n<p>[\/et_pb_accordion_item][\/et_pb_accordion][\/et_pb_column][et_pb_column type=\u00a0\u00bb1_4&Prime; _builder_version=\u00a0\u00bb4.16&Prime; custom_padding=\u00a0\u00bb|||\u00a0\u00bb global_colors_info=\u00a0\u00bb{}\u00a0\u00bb custom_padding__hover=\u00a0\u00bb|||\u00a0\u00bb][dsm_menu title=\u00a0\u00bbACC\u00c8S DIRECT\u00a0\u00bb menu_id=\u00a0\u00bb3&Prime; menu_link_text_color=\u00a0\u00bb#282828&Prime; list_style_type=\u00a0\u00bbsquare\u00a0\u00bb list_style_color=\u00a0\u00bb#0C71C3&Prime; _builder_version=\u00a0\u00bb4.16&Prime; _module_preset=\u00a0\u00bbdefault\u00a0\u00bb header_font=\u00a0\u00bb|600|||||||\u00a0\u00bb header_text_color=\u00a0\u00bb#0C71C3&Prime; menu_font=\u00a0\u00bb|600|||||||\u00a0\u00bb background_color=\u00a0\u00bb#f4f4f4&Prime; width=\u00a0\u00bb100%\u00a0\u00bb min_height=\u00a0\u00bb133px\u00a0\u00bb custom_margin=\u00a0\u00bb0px|0px||-7px|false|false\u00a0\u00bb custom_padding=\u00a0\u00bb15px|0px||8px|false|false\u00a0\u00bb box_shadow_style=\u00a0\u00bbpreset2&Prime; box_shadow_horizontal=\u00a0\u00bb18px\u00a0\u00bb box_shadow_blur=\u00a0\u00bb14px\u00a0\u00bb global_colors_info=\u00a0\u00bb{}\u00a0\u00bb][\/dsm_menu][et_pb_post_slider include_categories=\u00a0\u00bb7&Prime; excerpt_length=\u00a0\u00bb250&Prime; show_meta=\u00a0\u00bboff\u00a0\u00bb show_image=\u00a0\u00bboff\u00a0\u00bb show_cta_on_mobile=\u00a0\u00bboff\u00a0\u00bb _builder_version=\u00a0\u00bb4.16&Prime; _module_preset=\u00a0\u00bbdefault\u00a0\u00bb button_rel=\u00a0\u00bboff|off|off|off|off\u00a0\u00bb custom_padding=\u00a0\u00bb0px||0px||false|false\u00a0\u00bb animation_style=\u00a0\u00bbfold\u00a0\u00bb hover_transition_duration=\u00a0\u00bb50ms\u00a0\u00bb hover_transition_delay=\u00a0\u00bb20ms\u00a0\u00bb hover_transition_speed_curve=\u00a0\u00bbease-in\u00a0\u00bb box_shadow_style=\u00a0\u00bbpreset1&Prime; global_colors_info=\u00a0\u00bb{}\u00a0\u00bb][\/et_pb_post_slider][\/et_pb_column][\/et_pb_row][\/et_pb_section]<\/p>\n","protected":false},"excerpt":{"rendered":"<p>Planning des examensAnn\u00e9e universitaire 2025\/2026 1 \u00e8re ann\u00e9e &#8211; Test de fran\u00e7ais : Section A : Mardi 18 Novembre 2025 \u00e0 12h30\u00a0(dur\u00e9e 50mn). Section B : Mercredi 19 Novembre 2025 \u00e0 12h00\u00a0(dur\u00e9e 50mn). Lieux d\u2019examen\u00a0TAMDA. &#8211; Planning 1A Med examens du 29\/01\/2026 au 05\/02\/2026 2 \u00e8me ann\u00e9e &#8211; UEI 1 : Jeudi 06\/11\/2025 \u00e0 12h30 [&hellip;]<\/p>\n","protected":false},"author":1,"featured_media":0,"parent":0,"menu_order":0,"comment_status":"closed","ping_status":"closed","template":"","meta":{"_et_pb_use_builder":"on","_et_pb_old_content":"[WPSM_SERVICEBOX id=296]","_et_gb_content_width":"","footnotes":""},"class_list":["post-52","page","type-page","status-publish","hentry"],"yoast_head":"<!-- This site is optimized with the Yoast SEO plugin v27.3 - https:\/\/yoast.com\/product\/yoast-seo-wordpress\/ -->\n<title>Planning des examens - Facult\u00e9 de M\u00e9decine<\/title>\n<meta name=\"description\" content=\"Planning des examens\" \/>\n<meta name=\"robots\" content=\"index, follow, max-snippet:-1, max-image-preview:large, max-video-preview:-1\" \/>\n<link rel=\"canonical\" href=\"https:\/\/www.ummto.dz\/fmed\/planning-des-examens\/\" \/>\n<meta property=\"og:locale\" content=\"fr_FR\" \/>\n<meta property=\"og:type\" content=\"article\" \/>\n<meta property=\"og:title\" content=\"Planning des examens - Facult\u00e9 de M\u00e9decine\" \/>\n<meta property=\"og:description\" content=\"Planning des examens\" \/>\n<meta property=\"og:url\" content=\"https:\/\/www.ummto.dz\/fmed\/planning-des-examens\/\" \/>\n<meta property=\"og:site_name\" content=\"Facult\u00e9 de M\u00e9decine\" \/>\n<meta property=\"article:modified_time\" content=\"2026-04-05T09:15:46+00:00\" \/>\n<meta name=\"twitter:card\" content=\"summary_large_image\" \/>\n<meta name=\"twitter:label1\" content=\"Dur\u00e9e de lecture estim\u00e9e\" \/>\n\t<meta name=\"twitter:data1\" content=\"3 minutes\" \/>\n<script type=\"application\/ld+json\" class=\"yoast-schema-graph\">{\"@context\":\"https:\\\/\\\/schema.org\",\"@graph\":[{\"@type\":\"WebPage\",\"@id\":\"https:\\\/\\\/www.ummto.dz\\\/fmed\\\/planning-des-examens\\\/\",\"url\":\"https:\\\/\\\/www.ummto.dz\\\/fmed\\\/planning-des-examens\\\/\",\"name\":\"Planning des examens - Facult\u00e9 de M\u00e9decine\",\"isPartOf\":{\"@id\":\"https:\\\/\\\/www.ummto.dz\\\/fmed\\\/#website\"},\"datePublished\":\"2018-01-29T18:31:37+00:00\",\"dateModified\":\"2026-04-05T09:15:46+00:00\",\"description\":\"Planning des examens\",\"breadcrumb\":{\"@id\":\"https:\\\/\\\/www.ummto.dz\\\/fmed\\\/planning-des-examens\\\/#breadcrumb\"},\"inLanguage\":\"fr-FR\",\"potentialAction\":[{\"@type\":\"ReadAction\",\"target\":[\"https:\\\/\\\/www.ummto.dz\\\/fmed\\\/planning-des-examens\\\/\"]}]},{\"@type\":\"BreadcrumbList\",\"@id\":\"https:\\\/\\\/www.ummto.dz\\\/fmed\\\/planning-des-examens\\\/#breadcrumb\",\"itemListElement\":[{\"@type\":\"ListItem\",\"position\":1,\"name\":\"Accueil\",\"item\":\"https:\\\/\\\/www.ummto.dz\\\/fmed\\\/\"},{\"@type\":\"ListItem\",\"position\":2,\"name\":\"Planning des examens\"}]},{\"@type\":\"WebSite\",\"@id\":\"https:\\\/\\\/www.ummto.dz\\\/fmed\\\/#website\",\"url\":\"https:\\\/\\\/www.ummto.dz\\\/fmed\\\/\",\"name\":\"Facult\u00e9 de M\u00e9decine\",\"description\":\"Facult\u00e9 de M\u00e9decine\",\"potentialAction\":[{\"@type\":\"SearchAction\",\"target\":{\"@type\":\"EntryPoint\",\"urlTemplate\":\"https:\\\/\\\/www.ummto.dz\\\/fmed\\\/?s={search_term_string}\"},\"query-input\":{\"@type\":\"PropertyValueSpecification\",\"valueRequired\":true,\"valueName\":\"search_term_string\"}}],\"inLanguage\":\"fr-FR\"}]}<\/script>\n<!-- \/ Yoast SEO plugin. -->","yoast_head_json":{"title":"Planning des examens - Facult\u00e9 de M\u00e9decine","description":"Planning des examens","robots":{"index":"index","follow":"follow","max-snippet":"max-snippet:-1","max-image-preview":"max-image-preview:large","max-video-preview":"max-video-preview:-1"},"canonical":"https:\/\/www.ummto.dz\/fmed\/planning-des-examens\/","og_locale":"fr_FR","og_type":"article","og_title":"Planning des examens - Facult\u00e9 de M\u00e9decine","og_description":"Planning des examens","og_url":"https:\/\/www.ummto.dz\/fmed\/planning-des-examens\/","og_site_name":"Facult\u00e9 de M\u00e9decine","article_modified_time":"2026-04-05T09:15:46+00:00","twitter_card":"summary_large_image","twitter_misc":{"Dur\u00e9e de lecture estim\u00e9e":"3 minutes"},"schema":{"@context":"https:\/\/schema.org","@graph":[{"@type":"WebPage","@id":"https:\/\/www.ummto.dz\/fmed\/planning-des-examens\/","url":"https:\/\/www.ummto.dz\/fmed\/planning-des-examens\/","name":"Planning des examens - Facult\u00e9 de M\u00e9decine","isPartOf":{"@id":"https:\/\/www.ummto.dz\/fmed\/#website"},"datePublished":"2018-01-29T18:31:37+00:00","dateModified":"2026-04-05T09:15:46+00:00","description":"Planning des examens","breadcrumb":{"@id":"https:\/\/www.ummto.dz\/fmed\/planning-des-examens\/#breadcrumb"},"inLanguage":"fr-FR","potentialAction":[{"@type":"ReadAction","target":["https:\/\/www.ummto.dz\/fmed\/planning-des-examens\/"]}]},{"@type":"BreadcrumbList","@id":"https:\/\/www.ummto.dz\/fmed\/planning-des-examens\/#breadcrumb","itemListElement":[{"@type":"ListItem","position":1,"name":"Accueil","item":"https:\/\/www.ummto.dz\/fmed\/"},{"@type":"ListItem","position":2,"name":"Planning des examens"}]},{"@type":"WebSite","@id":"https:\/\/www.ummto.dz\/fmed\/#website","url":"https:\/\/www.ummto.dz\/fmed\/","name":"Facult\u00e9 de M\u00e9decine","description":"Facult\u00e9 de M\u00e9decine","potentialAction":[{"@type":"SearchAction","target":{"@type":"EntryPoint","urlTemplate":"https:\/\/www.ummto.dz\/fmed\/?s={search_term_string}"},"query-input":{"@type":"PropertyValueSpecification","valueRequired":true,"valueName":"search_term_string"}}],"inLanguage":"fr-FR"}]}},"_links":{"self":[{"href":"https:\/\/www.ummto.dz\/fmed\/wp-json\/wp\/v2\/pages\/52","targetHints":{"allow":["GET"]}}],"collection":[{"href":"https:\/\/www.ummto.dz\/fmed\/wp-json\/wp\/v2\/pages"}],"about":[{"href":"https:\/\/www.ummto.dz\/fmed\/wp-json\/wp\/v2\/types\/page"}],"author":[{"embeddable":true,"href":"https:\/\/www.ummto.dz\/fmed\/wp-json\/wp\/v2\/users\/1"}],"replies":[{"embeddable":true,"href":"https:\/\/www.ummto.dz\/fmed\/wp-json\/wp\/v2\/comments?post=52"}],"version-history":[{"count":343,"href":"https:\/\/www.ummto.dz\/fmed\/wp-json\/wp\/v2\/pages\/52\/revisions"}],"predecessor-version":[{"id":11624,"href":"https:\/\/www.ummto.dz\/fmed\/wp-json\/wp\/v2\/pages\/52\/revisions\/11624"}],"wp:attachment":[{"href":"https:\/\/www.ummto.dz\/fmed\/wp-json\/wp\/v2\/media?parent=52"}],"curies":[{"name":"wp","href":"https:\/\/api.w.org\/{rel}","templated":true}]}}