{"id":11416,"date":"2022-03-03T14:11:39","date_gmt":"2022-03-03T13:11:39","guid":{"rendered":"https:\/\/www.ummto.dz\/fs\/?page_id=11416"},"modified":"2025-02-17T13:50:01","modified_gmt":"2025-02-17T12:50:01","slug":"inscription-reinscription","status":"publish","type":"page","link":"https:\/\/www.ummto.dz\/fs\/inscription-reinscription\/","title":{"rendered":"Inscription\/R\u00e9inscription en Doctorat"},"content":{"rendered":"<p>[et_pb_section fb_built=\u00a0\u00bb1&Prime; fullwidth=\u00a0\u00bbon\u00a0\u00bb _builder_version=\u00a0\u00bb4.16&Prime; _module_preset=\u00a0\u00bbdefault\u00a0\u00bb locked=\u00a0\u00bboff\u00a0\u00bb global_colors_info=\u00a0\u00bb{}\u00a0\u00bb][et_pb_fullwidth_header _builder_version=\u00a0\u00bb4.16&Prime; _module_preset=\u00a0\u00bbdefault\u00a0\u00bb background_enable_color=\u00a0\u00bboff\u00a0\u00bb background_image=\u00a0\u00bbhttps:\/\/www.ummto.dz\/fs\/wp-content\/uploads\/2021\/12\/Banniere-Recherche-2.jpg\u00a0\u00bb custom_padding=\u00a0\u00bb111px||39px||false|false\u00a0\u00bb custom_padding_tablet=\u00a0\u00bb48px||39px||false|false\u00a0\u00bb custom_padding_phone=\u00a0\u00bb10px||40px||false|false\u00a0\u00bb custom_padding_last_edited=\u00a0\u00bbon|desktop\u00a0\u00bb global_colors_info=\u00a0\u00bb{}\u00a0\u00bb][\/et_pb_fullwidth_header][\/et_pb_section][et_pb_section fb_built=\u00a0\u00bb1&Prime; _builder_version=\u00a0\u00bb4.16&Prime; _module_preset=\u00a0\u00bbdefault\u00a0\u00bb custom_padding=\u00a0\u00bb0px|0px|0px|0px|false|false\u00a0\u00bb locked=\u00a0\u00bboff\u00a0\u00bb global_colors_info=\u00a0\u00bb{}\u00a0\u00bb][et_pb_row column_structure=\u00a0\u00bb1_3,2_3&Prime; _builder_version=\u00a0\u00bb4.20.4&Prime; _module_preset=\u00a0\u00bbdefault\u00a0\u00bb box_shadow_style=\u00a0\u00bbpreset1&Prime; global_colors_info=\u00a0\u00bb{}\u00a0\u00bb][et_pb_column type=\u00a0\u00bb1_3&Prime; _builder_version=\u00a0\u00bb4.16&Prime; _module_preset=\u00a0\u00bbdefault\u00a0\u00bb global_colors_info=\u00a0\u00bb{}\u00a0\u00bb][et_pb_text _builder_version=\u00a0\u00bb4.22.2&Prime; _module_preset=\u00a0\u00bbdefault\u00a0\u00bb text_font_size=\u00a0\u00bb13px\u00a0\u00bb background_color=\u00a0\u00bb#f2f2f2&Prime; custom_margin=\u00a0\u00bb|16px||10px|false|false\u00a0\u00bb custom_padding=\u00a0\u00bb0px|0px|0px|0px|false|false\u00a0\u00bb border_width_all=\u00a0\u00bb2px\u00a0\u00bb border_color_all=\u00a0\u00bb#0C71C3&Prime; border_width_top=\u00a0\u00bb2px\u00a0\u00bb border_width_right=\u00a0\u00bb2px\u00a0\u00bb border_width_bottom=\u00a0\u00bb2px\u00a0\u00bb box_shadow_style=\u00a0\u00bbpreset1&Prime; box_shadow_vertical=\u00a0\u00bb8px\u00a0\u00bb global_colors_info=\u00a0\u00bb{}\u00a0\u00bb]<\/p>\n<p style=\"text-align: left\"><span style=\"color: #000000\"><strong>\u00a0 ACCES DIRECT :<\/strong><br \/><\/span><\/p>\n<ul>\n<li><span style=\"color: #3366ff\"><a href=\"https:\/\/www.ummto.dz\/fs\/conseil-scientifique-de-la-faculte\/\" style=\"color: #3366ff\" target=\"_blank\" rel=\"noopener\">Conseil Scientifique de la Facult\u00e9.<\/a><\/span><\/li>\n<li><span style=\"color: #3366ff\"><a href=\"https:\/\/forms.gle\/PufUGL1ijaUC2xGU8\" style=\"color: #3366ff\">Inscription en Doctorat en ligne<\/a>.<\/span><\/li>\n<li><span style=\"color: #3366ff\"><a href=\"https:\/\/forms.gle\/RfHrWxLAWmGthFyo6\" style=\"color: #3366ff\" target=\"_blank\" rel=\"noopener\">R\u00e9inscription en Doctorat en ligne.<\/a><\/span><\/li>\n<li><a href=\"https:\/\/www.ummto.dz\/fs\/textes-reglementaires-post-graduation\/\" target=\"_blank\" rel=\"noopener\"><span style=\"color: #3366ff\">Textes r\u00e9glementaires PG<\/span><\/a><\/li>\n<li><span style=\"color: #3366ff\">Arr\u00eat\u00e9s d&rsquo;habilitation \u00e0 la formation doctorale<\/span><\/li>\n<\/ul>\n<p>&nbsp;<\/p>\n<p>[\/et_pb_text][et_pb_text _builder_version=\u00a0\u00bb4.27.2&Prime; _module_preset=\u00a0\u00bbdefault\u00a0\u00bb text_font_size=\u00a0\u00bb13px\u00a0\u00bb background_color=\u00a0\u00bb#f2f2f2&Prime; custom_margin=\u00a0\u00bb|16px||10px|false|false\u00a0\u00bb custom_padding=\u00a0\u00bb0px|0px|0px|0px|false|false\u00a0\u00bb border_width_all=\u00a0\u00bb2px\u00a0\u00bb border_color_all=\u00a0\u00bb#0C71C3&Prime; border_width_top=\u00a0\u00bb2px\u00a0\u00bb border_width_right=\u00a0\u00bb2px\u00a0\u00bb border_width_bottom=\u00a0\u00bb2px\u00a0\u00bb box_shadow_style=\u00a0\u00bbpreset1&Prime; box_shadow_vertical=\u00a0\u00bb8px\u00a0\u00bb global_colors_info=\u00a0\u00bb{}\u00a0\u00bb]<\/p>\n<p style=\"text-align: center\"><span style=\"color: #000000\"><strong>\u00a0<\/strong><strong>Liste des Arr\u00eat\u00e9s d&rsquo;habilitation \u00e0 la formation en vue de l\u2019obtention du dipl\u00f4me de Doctorat (Sciences et LMD)<\/strong><\/span><\/p>\n<h4 style=\"text-align: center\"><span style=\"color: #ff0000\"><a href=\"https:\/\/www.ummto.dz\/fs\/wp-content\/uploads\/2024\/11\/Telecharger-Ici.docx\" rel=\"attachment wp-att-25616\" style=\"color: #ff0000\">T\u00e9l\u00e9charger Ici<\/a><\/span><\/h4>\n<p>&nbsp;<\/p>\n<p>[\/et_pb_text][\/et_pb_column][et_pb_column type=\u00a0\u00bb2_3&Prime; _builder_version=\u00a0\u00bb4.16&Prime; _module_preset=\u00a0\u00bbdefault\u00a0\u00bb global_colors_info=\u00a0\u00bb{}\u00a0\u00bb][et_pb_text _builder_version=\u00a0\u00bb4.20.4&Prime; _module_preset=\u00a0\u00bbdefault\u00a0\u00bb text_font_size=\u00a0\u00bb19px\u00a0\u00bb use_background_color_gradient=\u00a0\u00bbon\u00a0\u00bb background_color_gradient_stops=\u00a0\u00bb#216ea5 0%|#228da3 100%\u00a0\u00bb background_color_gradient_start=\u00a0\u00bb#216ea5&Prime; background_color_gradient_end=\u00a0\u00bb#228da3&Prime; custom_margin=\u00a0\u00bb|16px|||false|false\u00a0\u00bb global_colors_info=\u00a0\u00bb{}\u00a0\u00bb]<\/p>\n<p style=\"text-align: center\"><span style=\"color: #000000\"><strong><\/strong><\/span><\/p>\n<p style=\"text-align: center\"><span style=\"color: #000000\"><strong>Inscription en premi\u00e8re ann\u00e9e Doctorat LMD<br \/><\/strong><\/span><\/p>\n<p style=\"text-align: center\"><strong><\/strong><\/p>\n<p>[\/et_pb_text][et_pb_text _builder_version=\u00a0\u00bb4.27.4&Prime; _module_preset=\u00a0\u00bbdefault\u00a0\u00bb text_font_size=\u00a0\u00bb19px\u00a0\u00bb background_color=\u00a0\u00bb#FFFFFF\u00a0\u00bb use_background_color_gradient=\u00a0\u00bbon\u00a0\u00bb background_color_gradient_stops=\u00a0\u00bb#ffffff 0%|#ffffff 100%\u00a0\u00bb background_color_gradient_start=\u00a0\u00bb#ffffff\u00a0\u00bb background_color_gradient_end=\u00a0\u00bb#ffffff\u00a0\u00bb hover_enabled=\u00a0\u00bb0&Prime; global_colors_info=\u00a0\u00bb{}\u00a0\u00bb sticky_enabled=\u00a0\u00bb0&Prime;]<\/p>\n<p style=\"text-align: center\"><span style=\"color: #000000\">Constitution\u00a0 du dossier d&rsquo;inscription en premi\u00e9re ann\u00e9e doctorat<br \/><\/span><\/p>\n<p style=\"text-align: center\"><span style=\"color: #000000\"><a href=\"https:\/\/www.ummto.dz\/fs\/wp-content\/uploads\/2025\/02\/Cliquer-ici.pdf\" rel=\"attachment wp-att-26515\">Cliquer ici<\/a><\/span><\/p>\n<p style=\"text-align: center\">[\/et_pb_text][et_pb_text _builder_version=\u00a0\u00bb4.27.4&Prime; _module_preset=\u00a0\u00bbdefault\u00a0\u00bb background_color=\u00a0\u00bb#FFFFFF\u00a0\u00bb use_background_color_gradient=\u00a0\u00bbon\u00a0\u00bb background_color_gradient_stops=\u00a0\u00bb#ffffff 0%|#ffffff 100%\u00a0\u00bb background_color_gradient_start=\u00a0\u00bb#ffffff\u00a0\u00bb background_color_gradient_end=\u00a0\u00bb#ffffff\u00a0\u00bb custom_padding=\u00a0\u00bb0px|0px|0px|0px|false|false\u00a0\u00bb global_colors_info=\u00a0\u00bb{}\u00a0\u00bb]<\/p>\n<ul><\/ul>\n<p><strong><span style=\"color: #000000\"><a href=\"https:\/\/www.ummto.dz\/fs\/wp-content\/uploads\/2022\/03\/Engagement.pdf\" rel=\"attachment wp-att-12526\"><\/a>Formulaires \u00e0 t\u00e9l\u00e9charger :<\/span><\/strong><\/p>\n<ul>\n<li><span style=\"color: #000000\"><a href=\"https:\/\/www.ummto.dz\/fs\/wp-content\/uploads\/2025\/02\/Formulaire-dInscription-en-Premiere-annee-doctorat-2024-2025-FS-UMMTO-1-1.doc\" rel=\"attachment wp-att-26504\">Formulaire-dInscription-en-1\u00e8re ann\u00e9e-doctorat-2024-2025-FS-UMMTO \u00a0<\/a>vis\u00e9 par le Directeur de th\u00e8se.<\/span><\/li>\n<li><span style=\"color: #000000\"><a href=\"https:\/\/www.ummto.dz\/fs\/wp-content\/uploads\/2022\/03\/Declaration-sur-lhonneur-de-non-inscription-en-poste-graduation.pdf\" rel=\"attachment wp-att-12522\">D\u00e9claration sur l&rsquo;honneur<\/a>\u00a0 de non inscription\u00a0 en Post-Graduation ( l\u00e9galis\u00e9e).<\/span><span style=\"color: #000000\"><\/span><\/li>\n<li><span style=\"color: #000000\"><a href=\"https:\/\/www.ummto.dz\/fs\/wp-content\/uploads\/2022\/03\/autorisation-employeur-pour-inscription-LMD-Fr.doc\" rel=\"attachment wp-att-12431\">Autorisation de l&#8217;employeur <\/a><\/span><\/li>\n<li><span style=\"color: #000000\"><a href=\"https:\/\/www.ummto.dz\/fs\/wp-content\/uploads\/2022\/03\/Engagement.pdf\" rel=\"attachment wp-att-12526\">Engagement<\/a> par rapport au plagiat (conform\u00e9ment \u00e0 l\u2019arr\u00eat\u00e9 N\u00b0 933 du 28\/07\/2016)<\/span><\/li>\n<li><span style=\"color: #000000\"><a href=\"https:\/\/www.ummto.dz\/fs\/wp-content\/uploads\/2022\/03\/Annexe-n\u00b01-Carnet-du-Doctorant-de-larrete-n\u00b028-du-09-janvier-2022-fixant-mod.dacces-et-dorg.-for.-3eme-cycle-Fr.pdf\" rel=\"attachment wp-att-12275\">Carnet du Doctorant<\/a> sign\u00e9 et vis\u00e9 par les diff\u00e9rents partenaires (la charte de th\u00e8se).<\/span><\/li>\n<\/ul>\n<p><span style=\"color: #0000ff\"><a href=\"https:\/\/forms.gle\/PufUGL1ijaUC2xGU8\" style=\"color: #0000ff\"><strong><span style=\"text-decoration: underline\">Inscription en Doctorat en ligne<\/span><\/strong><\/a><\/span><\/p>\n<p>&nbsp;<\/p>\n<p>[\/et_pb_text][et_pb_text _builder_version=\u00a0\u00bb4.16&Prime; _module_preset=\u00a0\u00bbdefault\u00a0\u00bb text_font_size=\u00a0\u00bb19px\u00a0\u00bb use_background_color_gradient=\u00a0\u00bbon\u00a0\u00bb background_color_gradient_stops=\u00a0\u00bb#216ea5 0%|#228da3 100%\u00a0\u00bb background_color_gradient_start=\u00a0\u00bb#216ea5&Prime; background_color_gradient_end=\u00a0\u00bb#228da3&Prime; custom_margin=\u00a0\u00bb|16px|||false|false\u00a0\u00bb global_colors_info=\u00a0\u00bb{}\u00a0\u00bb]<\/p>\n<p style=\"text-align: center\"><span style=\"color: #000000\"><strong><\/strong><\/span><\/p>\n<p style=\"text-align: center\"><span style=\"color: #000000\"><strong>R<span><span data-dobid=\"hdw\">\u00e9<\/span><\/span>inscription en\u00a0 Doctorat LMD ou En Sciences <br \/><\/strong><\/span><\/p>\n<p style=\"text-align: center\"><strong><\/strong><\/p>\n<p>[\/et_pb_text][et_pb_text _builder_version=\u00a0\u00bb4.22.2&Prime; _module_preset=\u00a0\u00bbdefault\u00a0\u00bb text_font_size=\u00a0\u00bb19px\u00a0\u00bb background_color=\u00a0\u00bb#FFFFFF\u00a0\u00bb use_background_color_gradient=\u00a0\u00bbon\u00a0\u00bb background_color_gradient_stops=\u00a0\u00bb#ffffff 0%|#ffffff 100%\u00a0\u00bb background_color_gradient_start=\u00a0\u00bb#ffffff\u00a0\u00bb background_color_gradient_end=\u00a0\u00bb#ffffff\u00a0\u00bb global_colors_info=\u00a0\u00bb{}\u00a0\u00bb]<\/p>\n<p style=\"text-align: center\"><span style=\"color: #000000\">Constitution\u00a0 du dossier de r\u00e9inscription en Doctorat LMD ou En Sciences<br \/><\/span><\/p>\n<p style=\"text-align: center\"><a href=\"https:\/\/www.ummto.dz\/fs\/reinscription-en-doctorat-magister-au-titre-de-lannee-universitaire-2022-2023\/\" rel=\"attachment noopener wp-att-12363\" target=\"_blank\">Cliquer ici<\/a><\/p>\n<p>[\/et_pb_text][et_pb_text _builder_version=\u00a0\u00bb4.22.2&Prime; _module_preset=\u00a0\u00bbdefault\u00a0\u00bb text_text_color=\u00a0\u00bb#0d5be2&Prime; background_color=\u00a0\u00bb#FFFFFF\u00a0\u00bb use_background_color_gradient=\u00a0\u00bbon\u00a0\u00bb background_color_gradient_stops=\u00a0\u00bb#ffffff 0%|#ffffff 100%\u00a0\u00bb background_color_gradient_start=\u00a0\u00bb#ffffff\u00a0\u00bb background_color_gradient_end=\u00a0\u00bb#ffffff\u00a0\u00bb custom_padding=\u00a0\u00bb0px|0px|0px|0px|false|false\u00a0\u00bb global_colors_info=\u00a0\u00bb{}\u00a0\u00bb]<\/p>\n<ul><\/ul>\n<p><strong><span style=\"color: #000000\">Formulaire \u00e0 t\u00e9l\u00e9charger :<\/span><\/strong><\/p>\n<ul>\n<li><a href=\"https:\/\/www.ummto.dz\/fs\/wp-content\/uploads\/2023\/09\/Formulaire-reinscription-doctorat-Magister-2023-2024-FS-UMMTO.docx\" rel=\"attachment noopener wp-att-12383\" target=\"_blank\">Fiche de R\u00e9inscription en Doctorat<\/a><a href=\"https:\/\/www.ummto.dz\/fs\/wp-content\/uploads\/2022\/03\/Fiche_Changement_reformulation_sujet_directeur_doctorat_FS_UMMTO.pdf\" rel=\"attachment wp-att-12533\"><\/a><a href=\"https:\/\/www.ummto.dz\/fs\/wp-content\/uploads\/2022\/03\/Fiche_Changement_reformulation_sujet_directeur_doctorat_FS_UMMTO.pdf\" rel=\"attachment wp-att-12385\"><\/a><\/li>\n<\/ul>\n<p><strong><span style=\"color: #0000ff\"><a href=\"https:\/\/forms.gle\/RfHrWxLAWmGthFyo6\" style=\"color: #0000ff\" target=\"_blank\" rel=\"noopener\"><span style=\"text-decoration: underline\">R\u00e9inscription en Doctorat en ligne au titre de 2023-2024<\/span><\/a><\/span><\/strong><\/p>\n<p>[\/et_pb_text][\/et_pb_column][\/et_pb_row][\/et_pb_section]<\/p>\n","protected":false},"excerpt":{"rendered":"<p>\u00a0 ACCES DIRECT : Conseil Scientifique de la Facult\u00e9. Inscription en Doctorat en ligne. R\u00e9inscription en Doctorat en ligne. Textes r\u00e9glementaires PG Arr\u00eat\u00e9s d&rsquo;habilitation \u00e0 la formation doctorale &nbsp;\u00a0Liste des Arr\u00eat\u00e9s d&rsquo;habilitation \u00e0 la formation en vue de l\u2019obtention du dipl\u00f4me de Doctorat (Sciences et LMD) T\u00e9l\u00e9charger Ici &nbsp; Inscription en premi\u00e8re ann\u00e9e Doctorat LMD [&hellip;]<\/p>\n","protected":false},"author":13,"featured_media":0,"parent":0,"menu_order":0,"comment_status":"closed","ping_status":"closed","template":"","meta":{"_et_pb_use_builder":"on","_et_pb_old_content":"","_et_gb_content_width":"","footnotes":""},"class_list":["post-11416","page","type-page","status-publish","hentry"],"yoast_head":"<!-- This site is optimized with the Yoast SEO plugin v27.3 - https:\/\/yoast.com\/product\/yoast-seo-wordpress\/ -->\n<title>Inscription\/R\u00e9inscription en Doctorat - Facult\u00e9 des Sciences<\/title>\n<meta name=\"robots\" content=\"index, follow, max-snippet:-1, max-image-preview:large, max-video-preview:-1\" \/>\n<link rel=\"canonical\" href=\"https:\/\/www.ummto.dz\/fs\/inscription-reinscription\/\" \/>\n<meta property=\"og:locale\" content=\"fr_FR\" \/>\n<meta property=\"og:type\" content=\"article\" \/>\n<meta property=\"og:title\" content=\"Inscription\/R\u00e9inscription en Doctorat - Facult\u00e9 des Sciences\" \/>\n<meta property=\"og:description\" content=\"\u00a0 ACCES DIRECT : Conseil Scientifique de la Facult\u00e9. Inscription en Doctorat en ligne. R\u00e9inscription en Doctorat en ligne. Textes r\u00e9glementaires PG Arr\u00eat\u00e9s d&#039;habilitation \u00e0 la formation doctorale &nbsp;\u00a0Liste des Arr\u00eat\u00e9s d&#039;habilitation \u00e0 la formation en vue de l\u2019obtention du dipl\u00f4me de Doctorat (Sciences et LMD) T\u00e9l\u00e9charger Ici &nbsp; Inscription en premi\u00e8re ann\u00e9e Doctorat LMD [&hellip;]\" \/>\n<meta property=\"og:url\" content=\"https:\/\/www.ummto.dz\/fs\/inscription-reinscription\/\" \/>\n<meta property=\"og:site_name\" content=\"Facult\u00e9 des Sciences\" \/>\n<meta property=\"article:modified_time\" content=\"2025-02-17T12:50:01+00:00\" \/>\n<meta name=\"twitter:card\" content=\"summary_large_image\" \/>\n<meta name=\"twitter:label1\" content=\"Dur\u00e9e de lecture estim\u00e9e\" \/>\n\t<meta name=\"twitter:data1\" content=\"2 minutes\" \/>\n<script type=\"application\/ld+json\" class=\"yoast-schema-graph\">{\"@context\":\"https:\\\/\\\/schema.org\",\"@graph\":[{\"@type\":\"WebPage\",\"@id\":\"https:\\\/\\\/www.ummto.dz\\\/fs\\\/inscription-reinscription\\\/\",\"url\":\"https:\\\/\\\/www.ummto.dz\\\/fs\\\/inscription-reinscription\\\/\",\"name\":\"Inscription\\\/R\u00e9inscription en Doctorat - Facult\u00e9 des Sciences\",\"isPartOf\":{\"@id\":\"https:\\\/\\\/www.ummto.dz\\\/fs\\\/#website\"},\"datePublished\":\"2022-03-03T13:11:39+00:00\",\"dateModified\":\"2025-02-17T12:50:01+00:00\",\"breadcrumb\":{\"@id\":\"https:\\\/\\\/www.ummto.dz\\\/fs\\\/inscription-reinscription\\\/#breadcrumb\"},\"inLanguage\":\"fr-FR\",\"potentialAction\":[{\"@type\":\"ReadAction\",\"target\":[\"https:\\\/\\\/www.ummto.dz\\\/fs\\\/inscription-reinscription\\\/\"]}]},{\"@type\":\"BreadcrumbList\",\"@id\":\"https:\\\/\\\/www.ummto.dz\\\/fs\\\/inscription-reinscription\\\/#breadcrumb\",\"itemListElement\":[{\"@type\":\"ListItem\",\"position\":1,\"name\":\"Accueil\",\"item\":\"https:\\\/\\\/www.ummto.dz\\\/fs\\\/\"},{\"@type\":\"ListItem\",\"position\":2,\"name\":\"Inscription\\\/R\u00e9inscription en Doctorat\"}]},{\"@type\":\"WebSite\",\"@id\":\"https:\\\/\\\/www.ummto.dz\\\/fs\\\/#website\",\"url\":\"https:\\\/\\\/www.ummto.dz\\\/fs\\\/\",\"name\":\"Facult\u00e9 des Sciences\",\"description\":\"universit\u00e9 Moulous Mammeri de Tizi-Ouzou\",\"potentialAction\":[{\"@type\":\"SearchAction\",\"target\":{\"@type\":\"EntryPoint\",\"urlTemplate\":\"https:\\\/\\\/www.ummto.dz\\\/fs\\\/?s={search_term_string}\"},\"query-input\":{\"@type\":\"PropertyValueSpecification\",\"valueRequired\":true,\"valueName\":\"search_term_string\"}}],\"inLanguage\":\"fr-FR\"}]}<\/script>\n<!-- \/ Yoast SEO plugin. -->","yoast_head_json":{"title":"Inscription\/R\u00e9inscription en Doctorat - Facult\u00e9 des Sciences","robots":{"index":"index","follow":"follow","max-snippet":"max-snippet:-1","max-image-preview":"max-image-preview:large","max-video-preview":"max-video-preview:-1"},"canonical":"https:\/\/www.ummto.dz\/fs\/inscription-reinscription\/","og_locale":"fr_FR","og_type":"article","og_title":"Inscription\/R\u00e9inscription en Doctorat - Facult\u00e9 des Sciences","og_description":"\u00a0 ACCES DIRECT : Conseil Scientifique de la Facult\u00e9. Inscription en Doctorat en ligne. R\u00e9inscription en Doctorat en ligne. Textes r\u00e9glementaires PG Arr\u00eat\u00e9s d'habilitation \u00e0 la formation doctorale &nbsp;\u00a0Liste des Arr\u00eat\u00e9s d'habilitation \u00e0 la formation en vue de l\u2019obtention du dipl\u00f4me de Doctorat (Sciences et LMD) T\u00e9l\u00e9charger Ici &nbsp; Inscription en premi\u00e8re ann\u00e9e Doctorat LMD [&hellip;]","og_url":"https:\/\/www.ummto.dz\/fs\/inscription-reinscription\/","og_site_name":"Facult\u00e9 des Sciences","article_modified_time":"2025-02-17T12:50:01+00:00","twitter_card":"summary_large_image","twitter_misc":{"Dur\u00e9e de lecture estim\u00e9e":"2 minutes"},"schema":{"@context":"https:\/\/schema.org","@graph":[{"@type":"WebPage","@id":"https:\/\/www.ummto.dz\/fs\/inscription-reinscription\/","url":"https:\/\/www.ummto.dz\/fs\/inscription-reinscription\/","name":"Inscription\/R\u00e9inscription en Doctorat - Facult\u00e9 des Sciences","isPartOf":{"@id":"https:\/\/www.ummto.dz\/fs\/#website"},"datePublished":"2022-03-03T13:11:39+00:00","dateModified":"2025-02-17T12:50:01+00:00","breadcrumb":{"@id":"https:\/\/www.ummto.dz\/fs\/inscription-reinscription\/#breadcrumb"},"inLanguage":"fr-FR","potentialAction":[{"@type":"ReadAction","target":["https:\/\/www.ummto.dz\/fs\/inscription-reinscription\/"]}]},{"@type":"BreadcrumbList","@id":"https:\/\/www.ummto.dz\/fs\/inscription-reinscription\/#breadcrumb","itemListElement":[{"@type":"ListItem","position":1,"name":"Accueil","item":"https:\/\/www.ummto.dz\/fs\/"},{"@type":"ListItem","position":2,"name":"Inscription\/R\u00e9inscription en Doctorat"}]},{"@type":"WebSite","@id":"https:\/\/www.ummto.dz\/fs\/#website","url":"https:\/\/www.ummto.dz\/fs\/","name":"Facult\u00e9 des Sciences","description":"universit\u00e9 Moulous Mammeri de Tizi-Ouzou","potentialAction":[{"@type":"SearchAction","target":{"@type":"EntryPoint","urlTemplate":"https:\/\/www.ummto.dz\/fs\/?s={search_term_string}"},"query-input":{"@type":"PropertyValueSpecification","valueRequired":true,"valueName":"search_term_string"}}],"inLanguage":"fr-FR"}]}},"_links":{"self":[{"href":"https:\/\/www.ummto.dz\/fs\/wp-json\/wp\/v2\/pages\/11416","targetHints":{"allow":["GET"]}}],"collection":[{"href":"https:\/\/www.ummto.dz\/fs\/wp-json\/wp\/v2\/pages"}],"about":[{"href":"https:\/\/www.ummto.dz\/fs\/wp-json\/wp\/v2\/types\/page"}],"author":[{"embeddable":true,"href":"https:\/\/www.ummto.dz\/fs\/wp-json\/wp\/v2\/users\/13"}],"replies":[{"embeddable":true,"href":"https:\/\/www.ummto.dz\/fs\/wp-json\/wp\/v2\/comments?post=11416"}],"version-history":[{"count":64,"href":"https:\/\/www.ummto.dz\/fs\/wp-json\/wp\/v2\/pages\/11416\/revisions"}],"predecessor-version":[{"id":26516,"href":"https:\/\/www.ummto.dz\/fs\/wp-json\/wp\/v2\/pages\/11416\/revisions\/26516"}],"wp:attachment":[{"href":"https:\/\/www.ummto.dz\/fs\/wp-json\/wp\/v2\/media?parent=11416"}],"curies":[{"name":"wp","href":"https:\/\/api.w.org\/{rel}","templated":true}]}}