{"id":15761,"date":"2022-09-29T00:58:56","date_gmt":"2022-09-28T22:58:56","guid":{"rendered":"https:\/\/www.ummto.dz\/fs\/?page_id=15761"},"modified":"2023-09-25T21:59:31","modified_gmt":"2023-09-25T19:59:31","slug":"reinscription-en-doctorat-magister-au-titre-de-lannee-universitaire-2022-2023","status":"publish","type":"page","link":"https:\/\/www.ummto.dz\/fs\/reinscription-en-doctorat-magister-au-titre-de-lannee-universitaire-2022-2023\/","title":{"rendered":"R\u00e9inscription en Doctorat\/Magister au titre de l&rsquo;ann\u00e9e universitaire 2023-2024"},"content":{"rendered":"\n\n\n[et_pb_section fb_built=\u00a0\u00bb1&Prime; _builder_version=\u00a0\u00bb4.18.0&Prime; _module_preset=\u00a0\u00bbdefault\u00a0\u00bb box_shadow_style=\u00a0\u00bbpreset5&Prime; global_colors_info=\u00a0\u00bb{}\u00a0\u00bb][et_pb_row _builder_version=\u00a0\u00bb4.18.0&Prime; _module_preset=\u00a0\u00bbdefault\u00a0\u00bb background_color=\u00a0\u00bb#88C4DD\u00a0\u00bb custom_padding=\u00a0\u00bb58px|||||\u00a0\u00bb global_colors_info=\u00a0\u00bb{}\u00a0\u00bb][et_pb_column type=\u00a0\u00bb4_4&Prime; _builder_version=\u00a0\u00bb4.18.0&Prime; _module_preset=\u00a0\u00bbdefault\u00a0\u00bb global_colors_info=\u00a0\u00bb{}\u00a0\u00bb][et_pb_accordion _builder_version=\u00a0\u00bb4.22.1&Prime; _module_preset=\u00a0\u00bbdefault\u00a0\u00bb toggle_font=\u00a0\u00bbBelgrano|700|||||||\u00a0\u00bb toggle_font_size=\u00a0\u00bb23px\u00a0\u00bb min_height=\u00a0\u00bb488.6px\u00a0\u00bb hover_enabled=\u00a0\u00bb0&Prime; box_shadow_style=\u00a0\u00bbpreset5&Prime; global_colors_info=\u00a0\u00bb{}\u00a0\u00bb sticky_enabled=\u00a0\u00bb0&Prime;][et_pb_accordion_item title=\u00a0\u00bbInstructions aux doctorants \u00a0\u00bb open=\u00a0\u00bbon\u00a0\u00bb _builder_version=\u00a0\u00bb4.22.1&Prime; _module_preset=\u00a0\u00bbdefault\u00a0\u00bb body_text_color=\u00a0\u00bb#000000&Prime; hover_enabled=\u00a0\u00bb0&Prime; global_colors_info=\u00a0\u00bb{}\u00a0\u00bb toggle_text_color=\u00a0\u00bb#E02B20&Prime; sticky_enabled=\u00a0\u00bb0&Prime;]<p><strong><\/strong><\/p>\n<p><strong>Nous informons les doctorants de la facult\u00e9 des Sciences que la plateforme de r\u00e9inscription en post-graduation (Doctorat et Magister) est ouverte du <span style=\"color: #ff0000\">25 septembre 2023 <span style=\"color: #000000\">au <span style=\"color: #ff0000\">08<\/span><\/span> octobre 2023<\/span>. A cet effet, nous vous prions de bien vouloir\u00a0 accomplir les proc\u00e9dures de r\u00e9inscription durant cette p\u00e9riode.<\/strong><\/p>\n<h4><span style=\"color: #0000ff\"><strong>Constitution du dossier de r\u00e9inscription en Doctorat\/Magister<\/strong><\/span><\/h4>\n<p><strong>Le dossier est compos\u00e9 de:<\/strong><\/p>\n<ol>\n<li><strong>Formulaire de demande de r\u00e9inscription en Doctorat, d\u00fbment renseign\u00e9. Photo d&rsquo;identit\u00e9 r\u00e9cente incluse. <a href=\"https:\/\/www.ummto.dz\/fs\/wp-content\/uploads\/2023\/09\/Formulaire-reinscription-doctorat-Magister-2023-2024-FS-UMMTO.docx\" rel=\"attachment noopener wp-att-15754\" target=\"_blank\">A t\u00e9l\u00e9charger Ici<\/a>\u00a0 (en format <a href=\"https:\/\/www.ummto.dz\/fs\/wp-content\/uploads\/2023\/09\/Formulaire-reinscription-doctorat-Magister-2023-2024-FS-UMMTO.docx\" rel=\"attachment noopener wp-att-21279\" target=\"_blank\">Word<\/a>) <span style=\"color: #008000\">(\u00e0 saisir sur PC et \u00e0 imprimer en recto-verso sur une seule feuille cartonn\u00e9e)<\/span><\/strong><\/li>\n<li><strong>Autorisation de l&#8217;employeur pour la r\u00e9inscription du doctorant salari\u00e9;<\/strong><\/li>\n<li><strong>R\u00e9c\u00e9piss\u00e9 d\u2019acquittement des frais d\u2019inscription (<span style=\"color: #33cccc\">Les MAB et MAA et doctorants retardataires non boursiers (PNE&#8230; ) ne sont pas concern\u00e9s)<\/span>;<\/strong><\/li>\n<li><strong>R\u00e9c\u00e9piss\u00e9 d&rsquo;inscription en ligne (voir le lien ci-dessous);<\/strong><\/li>\n<li><strong>Copie du certificat de scolarit\u00e9 2022-2023;<\/strong><\/li>\n<li><strong>Etat d&rsquo;avancement dat\u00e9 et sign\u00e9 par le directeur de th\u00e8se;<\/strong><strong><\/strong><\/li>\n<li><strong>Attestation de validation des\u00a0 cours de renforcement des connaissances (02 cours de sp\u00e9cialit\u00e9, cours d&rsquo;Anglais, TIC, MR) sign\u00e9e par le responsable du CFD (Doctorants 22-23 non concern\u00e9s);<\/strong><\/li>\n<li><strong>En cas de reformulation de l&rsquo;intitul\u00e9 du sujet de th\u00e8se, joindre une lettre de motivation;<\/strong><\/li>\n<li><strong>En cas de changement de sujet avec ou sans changement de directeur et\/ou co-directeur de th\u00e8se, joindre:<\/strong>\n<ol>\n<li><strong>Une lettre de motivation sign\u00e9e par le (nouveau) directeur de th\u00e8se;<\/strong><\/li>\n<li><strong>Une attestation de co-direction de th\u00e8se (s&rsquo;il s&rsquo;agit d&rsquo;une int\u00e9gration d&rsquo;un co-directeur);<\/strong><\/li>\n<li><strong>Le Cv du (nouveau) directeur et du co-directeur de th\u00e8se (s&rsquo;il y&rsquo;a lieu);<\/strong><\/li>\n<li><strong>Une lettre de d\u00e9sitement de l&rsquo;ancien directeur (ou co-directeur);<\/strong><\/li>\n<li><strong>Le nouveau plan de travail.<\/strong><\/li>\n<\/ol>\n<\/li>\n<\/ol>\n<p><strong style=\"font-size: 14px\">Le dossier de r\u00e9inscription \u00a0doit \u00eatre d\u00e9pos\u00e9 <span style=\"color: #ff0000\"><span style=\"color: #000000\">en<\/span> deux exemplaires, reli\u00e9s et plastifi\u00e9s,<\/span> au service de suivi de la formation post-graduation (Service PG) de facult\u00e9 au plus tard le <span style=\"color: #ff0000\">08 octobre 2023<\/span>\u00a0\u00e0 <span style=\"color: #ff0000\">15h<\/span>.<\/strong><\/p>\n<p><strong>Il est imp\u00e9ratif d&rsquo;effectuer une inscription en ligne, via le lien ci-dessous:<\/strong><\/p>\n<h4 style=\"text-align: center\"><span style=\"color: #0000ff\"><strong><a href=\"https:\/\/forms.gle\/RfHrWxLAWmGthFyo6\" style=\"color: #0000ff\" target=\"_blank\" rel=\"noopener\">https:\/\/forms.gle\/RfHrWxLAWmGthFyo6<\/a><\/strong><\/span><\/h4>\n<p>&nbsp;<\/p>[\/et_pb_accordion_item][\/et_pb_accordion][\/et_pb_column][\/et_pb_row][\/et_pb_section]\n\n\n","protected":false},"excerpt":{"rendered":"<p>Nous informons les doctorants de la facult\u00e9 des Sciences que la plateforme de r\u00e9inscription en post-graduation (Doctorat et Magister) est ouverte du 25 septembre 2023 au 08 octobre 2023. A cet effet, nous vous prions de bien vouloir\u00a0 accomplir les proc\u00e9dures de r\u00e9inscription durant cette p\u00e9riode. Constitution du dossier de r\u00e9inscription en Doctorat\/Magister Le dossier [&hellip;]<\/p>\n","protected":false},"author":13,"featured_media":14680,"parent":0,"menu_order":0,"comment_status":"closed","ping_status":"closed","template":"","meta":{"_et_pb_use_builder":"on","_et_pb_old_content":"","_et_gb_content_width":"","footnotes":""},"class_list":["post-15761","page","type-page","status-publish","has-post-thumbnail","hentry"],"yoast_head":"<!-- This site is optimized with the Yoast SEO plugin v27.3 - https:\/\/yoast.com\/product\/yoast-seo-wordpress\/ -->\n<title>R\u00e9inscription en Doctorat\/Magister au titre de l&#039;ann\u00e9e universitaire 2023-2024 - Facult\u00e9 des Sciences<\/title>\n<meta name=\"robots\" content=\"index, follow, max-snippet:-1, max-image-preview:large, max-video-preview:-1\" \/>\n<link rel=\"canonical\" href=\"https:\/\/www.ummto.dz\/fs\/reinscription-en-doctorat-magister-au-titre-de-lannee-universitaire-2022-2023\/\" \/>\n<meta property=\"og:locale\" content=\"fr_FR\" \/>\n<meta property=\"og:type\" content=\"article\" \/>\n<meta property=\"og:title\" content=\"R\u00e9inscription en Doctorat\/Magister au titre de l&#039;ann\u00e9e universitaire 2023-2024 - Facult\u00e9 des Sciences\" \/>\n<meta property=\"og:description\" content=\"Nous informons les doctorants de la facult\u00e9 des Sciences que la plateforme de r\u00e9inscription en post-graduation (Doctorat et Magister) est ouverte du 25 septembre 2023 au 08 octobre 2023. A cet effet, nous vous prions de bien vouloir\u00a0 accomplir les proc\u00e9dures de r\u00e9inscription durant cette p\u00e9riode. Constitution du dossier de r\u00e9inscription en Doctorat\/Magister Le dossier [&hellip;]\" \/>\n<meta property=\"og:url\" content=\"https:\/\/www.ummto.dz\/fs\/reinscription-en-doctorat-magister-au-titre-de-lannee-universitaire-2022-2023\/\" \/>\n<meta property=\"og:site_name\" content=\"Facult\u00e9 des Sciences\" \/>\n<meta property=\"article:modified_time\" content=\"2023-09-25T19:59:31+00:00\" \/>\n<meta property=\"og:image\" content=\"https:\/\/www.ummto.dz\/fs\/wp-content\/uploads\/2022\/07\/image.jpg\" \/>\n\t<meta property=\"og:image:width\" content=\"266\" \/>\n\t<meta property=\"og:image:height\" content=\"189\" \/>\n\t<meta property=\"og:image:type\" content=\"image\/jpeg\" \/>\n<meta name=\"twitter:card\" content=\"summary_large_image\" \/>\n<meta name=\"twitter:label1\" content=\"Dur\u00e9e de lecture estim\u00e9e\" \/>\n\t<meta name=\"twitter:data1\" content=\"2 minutes\" \/>\n<script type=\"application\/ld+json\" class=\"yoast-schema-graph\">{\"@context\":\"https:\\\/\\\/schema.org\",\"@graph\":[{\"@type\":\"WebPage\",\"@id\":\"https:\\\/\\\/www.ummto.dz\\\/fs\\\/reinscription-en-doctorat-magister-au-titre-de-lannee-universitaire-2022-2023\\\/\",\"url\":\"https:\\\/\\\/www.ummto.dz\\\/fs\\\/reinscription-en-doctorat-magister-au-titre-de-lannee-universitaire-2022-2023\\\/\",\"name\":\"R\u00e9inscription en Doctorat\\\/Magister au titre de l'ann\u00e9e universitaire 2023-2024 - Facult\u00e9 des Sciences\",\"isPartOf\":{\"@id\":\"https:\\\/\\\/www.ummto.dz\\\/fs\\\/#website\"},\"primaryImageOfPage\":{\"@id\":\"https:\\\/\\\/www.ummto.dz\\\/fs\\\/reinscription-en-doctorat-magister-au-titre-de-lannee-universitaire-2022-2023\\\/#primaryimage\"},\"image\":{\"@id\":\"https:\\\/\\\/www.ummto.dz\\\/fs\\\/reinscription-en-doctorat-magister-au-titre-de-lannee-universitaire-2022-2023\\\/#primaryimage\"},\"thumbnailUrl\":\"https:\\\/\\\/www.ummto.dz\\\/fs\\\/wp-content\\\/uploads\\\/2022\\\/07\\\/image.jpg\",\"datePublished\":\"2022-09-28T22:58:56+00:00\",\"dateModified\":\"2023-09-25T19:59:31+00:00\",\"breadcrumb\":{\"@id\":\"https:\\\/\\\/www.ummto.dz\\\/fs\\\/reinscription-en-doctorat-magister-au-titre-de-lannee-universitaire-2022-2023\\\/#breadcrumb\"},\"inLanguage\":\"fr-FR\",\"potentialAction\":[{\"@type\":\"ReadAction\",\"target\":[\"https:\\\/\\\/www.ummto.dz\\\/fs\\\/reinscription-en-doctorat-magister-au-titre-de-lannee-universitaire-2022-2023\\\/\"]}]},{\"@type\":\"ImageObject\",\"inLanguage\":\"fr-FR\",\"@id\":\"https:\\\/\\\/www.ummto.dz\\\/fs\\\/reinscription-en-doctorat-magister-au-titre-de-lannee-universitaire-2022-2023\\\/#primaryimage\",\"url\":\"https:\\\/\\\/www.ummto.dz\\\/fs\\\/wp-content\\\/uploads\\\/2022\\\/07\\\/image.jpg\",\"contentUrl\":\"https:\\\/\\\/www.ummto.dz\\\/fs\\\/wp-content\\\/uploads\\\/2022\\\/07\\\/image.jpg\",\"width\":266,\"height\":189},{\"@type\":\"BreadcrumbList\",\"@id\":\"https:\\\/\\\/www.ummto.dz\\\/fs\\\/reinscription-en-doctorat-magister-au-titre-de-lannee-universitaire-2022-2023\\\/#breadcrumb\",\"itemListElement\":[{\"@type\":\"ListItem\",\"position\":1,\"name\":\"Accueil\",\"item\":\"https:\\\/\\\/www.ummto.dz\\\/fs\\\/\"},{\"@type\":\"ListItem\",\"position\":2,\"name\":\"R\u00e9inscription en Doctorat\\\/Magister au titre de l&rsquo;ann\u00e9e universitaire 2023-2024\"}]},{\"@type\":\"WebSite\",\"@id\":\"https:\\\/\\\/www.ummto.dz\\\/fs\\\/#website\",\"url\":\"https:\\\/\\\/www.ummto.dz\\\/fs\\\/\",\"name\":\"Facult\u00e9 des Sciences\",\"description\":\"universit\u00e9 Moulous Mammeri de Tizi-Ouzou\",\"potentialAction\":[{\"@type\":\"SearchAction\",\"target\":{\"@type\":\"EntryPoint\",\"urlTemplate\":\"https:\\\/\\\/www.ummto.dz\\\/fs\\\/?s={search_term_string}\"},\"query-input\":{\"@type\":\"PropertyValueSpecification\",\"valueRequired\":true,\"valueName\":\"search_term_string\"}}],\"inLanguage\":\"fr-FR\"}]}<\/script>\n<!-- \/ Yoast SEO plugin. -->","yoast_head_json":{"title":"R\u00e9inscription en Doctorat\/Magister au titre de l'ann\u00e9e universitaire 2023-2024 - Facult\u00e9 des Sciences","robots":{"index":"index","follow":"follow","max-snippet":"max-snippet:-1","max-image-preview":"max-image-preview:large","max-video-preview":"max-video-preview:-1"},"canonical":"https:\/\/www.ummto.dz\/fs\/reinscription-en-doctorat-magister-au-titre-de-lannee-universitaire-2022-2023\/","og_locale":"fr_FR","og_type":"article","og_title":"R\u00e9inscription en Doctorat\/Magister au titre de l'ann\u00e9e universitaire 2023-2024 - Facult\u00e9 des Sciences","og_description":"Nous informons les doctorants de la facult\u00e9 des Sciences que la plateforme de r\u00e9inscription en post-graduation (Doctorat et Magister) est ouverte du 25 septembre 2023 au 08 octobre 2023. A cet effet, nous vous prions de bien vouloir\u00a0 accomplir les proc\u00e9dures de r\u00e9inscription durant cette p\u00e9riode. Constitution du dossier de r\u00e9inscription en Doctorat\/Magister Le dossier [&hellip;]","og_url":"https:\/\/www.ummto.dz\/fs\/reinscription-en-doctorat-magister-au-titre-de-lannee-universitaire-2022-2023\/","og_site_name":"Facult\u00e9 des Sciences","article_modified_time":"2023-09-25T19:59:31+00:00","og_image":[{"width":266,"height":189,"url":"https:\/\/www.ummto.dz\/fs\/wp-content\/uploads\/2022\/07\/image.jpg","type":"image\/jpeg"}],"twitter_card":"summary_large_image","twitter_misc":{"Dur\u00e9e de lecture estim\u00e9e":"2 minutes"},"schema":{"@context":"https:\/\/schema.org","@graph":[{"@type":"WebPage","@id":"https:\/\/www.ummto.dz\/fs\/reinscription-en-doctorat-magister-au-titre-de-lannee-universitaire-2022-2023\/","url":"https:\/\/www.ummto.dz\/fs\/reinscription-en-doctorat-magister-au-titre-de-lannee-universitaire-2022-2023\/","name":"R\u00e9inscription en Doctorat\/Magister au titre de l'ann\u00e9e universitaire 2023-2024 - Facult\u00e9 des Sciences","isPartOf":{"@id":"https:\/\/www.ummto.dz\/fs\/#website"},"primaryImageOfPage":{"@id":"https:\/\/www.ummto.dz\/fs\/reinscription-en-doctorat-magister-au-titre-de-lannee-universitaire-2022-2023\/#primaryimage"},"image":{"@id":"https:\/\/www.ummto.dz\/fs\/reinscription-en-doctorat-magister-au-titre-de-lannee-universitaire-2022-2023\/#primaryimage"},"thumbnailUrl":"https:\/\/www.ummto.dz\/fs\/wp-content\/uploads\/2022\/07\/image.jpg","datePublished":"2022-09-28T22:58:56+00:00","dateModified":"2023-09-25T19:59:31+00:00","breadcrumb":{"@id":"https:\/\/www.ummto.dz\/fs\/reinscription-en-doctorat-magister-au-titre-de-lannee-universitaire-2022-2023\/#breadcrumb"},"inLanguage":"fr-FR","potentialAction":[{"@type":"ReadAction","target":["https:\/\/www.ummto.dz\/fs\/reinscription-en-doctorat-magister-au-titre-de-lannee-universitaire-2022-2023\/"]}]},{"@type":"ImageObject","inLanguage":"fr-FR","@id":"https:\/\/www.ummto.dz\/fs\/reinscription-en-doctorat-magister-au-titre-de-lannee-universitaire-2022-2023\/#primaryimage","url":"https:\/\/www.ummto.dz\/fs\/wp-content\/uploads\/2022\/07\/image.jpg","contentUrl":"https:\/\/www.ummto.dz\/fs\/wp-content\/uploads\/2022\/07\/image.jpg","width":266,"height":189},{"@type":"BreadcrumbList","@id":"https:\/\/www.ummto.dz\/fs\/reinscription-en-doctorat-magister-au-titre-de-lannee-universitaire-2022-2023\/#breadcrumb","itemListElement":[{"@type":"ListItem","position":1,"name":"Accueil","item":"https:\/\/www.ummto.dz\/fs\/"},{"@type":"ListItem","position":2,"name":"R\u00e9inscription en Doctorat\/Magister au titre de l&rsquo;ann\u00e9e universitaire 2023-2024"}]},{"@type":"WebSite","@id":"https:\/\/www.ummto.dz\/fs\/#website","url":"https:\/\/www.ummto.dz\/fs\/","name":"Facult\u00e9 des Sciences","description":"universit\u00e9 Moulous Mammeri de Tizi-Ouzou","potentialAction":[{"@type":"SearchAction","target":{"@type":"EntryPoint","urlTemplate":"https:\/\/www.ummto.dz\/fs\/?s={search_term_string}"},"query-input":{"@type":"PropertyValueSpecification","valueRequired":true,"valueName":"search_term_string"}}],"inLanguage":"fr-FR"}]}},"_links":{"self":[{"href":"https:\/\/www.ummto.dz\/fs\/wp-json\/wp\/v2\/pages\/15761","targetHints":{"allow":["GET"]}}],"collection":[{"href":"https:\/\/www.ummto.dz\/fs\/wp-json\/wp\/v2\/pages"}],"about":[{"href":"https:\/\/www.ummto.dz\/fs\/wp-json\/wp\/v2\/types\/page"}],"author":[{"embeddable":true,"href":"https:\/\/www.ummto.dz\/fs\/wp-json\/wp\/v2\/users\/13"}],"replies":[{"embeddable":true,"href":"https:\/\/www.ummto.dz\/fs\/wp-json\/wp\/v2\/comments?post=15761"}],"version-history":[{"count":18,"href":"https:\/\/www.ummto.dz\/fs\/wp-json\/wp\/v2\/pages\/15761\/revisions"}],"predecessor-version":[{"id":21308,"href":"https:\/\/www.ummto.dz\/fs\/wp-json\/wp\/v2\/pages\/15761\/revisions\/21308"}],"wp:featuredmedia":[{"embeddable":true,"href":"https:\/\/www.ummto.dz\/fs\/wp-json\/wp\/v2\/media\/14680"}],"wp:attachment":[{"href":"https:\/\/www.ummto.dz\/fs\/wp-json\/wp\/v2\/media?parent=15761"}],"curies":[{"name":"wp","href":"https:\/\/api.w.org\/{rel}","templated":true}]}}