{"id":17037,"date":"2023-01-21T19:49:53","date_gmt":"2023-01-21T18:49:53","guid":{"rendered":"https:\/\/www.ummto.dz\/fs\/?page_id=17037"},"modified":"2023-01-21T23:30:50","modified_gmt":"2023-01-21T22:30:50","slug":"listes-des-revues-scientifiques-dgrsdt","status":"publish","type":"page","link":"https:\/\/www.ummto.dz\/fs\/listes-des-revues-scientifiques-dgrsdt\/","title":{"rendered":"Listes des revues scientifiques DGRSDT"},"content":{"rendered":"<p>[et_pb_section fb_built=\u00a0\u00bb1&Prime; _builder_version=\u00a0\u00bb4.19.4&Prime; _module_preset=\u00a0\u00bbdefault\u00a0\u00bb global_colors_info=\u00a0\u00bb{}\u00a0\u00bb][et_pb_row _builder_version=\u00a0\u00bb4.19.4&Prime; _module_preset=\u00a0\u00bbdefault\u00a0\u00bb global_colors_info=\u00a0\u00bb{}\u00a0\u00bb][et_pb_column type=\u00a0\u00bb4_4&Prime; _builder_version=\u00a0\u00bb4.19.4&Prime; _module_preset=\u00a0\u00bbdefault\u00a0\u00bb global_colors_info=\u00a0\u00bb{}\u00a0\u00bb][et_pb_accordion _builder_version=\u00a0\u00bb4.19.4&Prime; _module_preset=\u00a0\u00bbdefault\u00a0\u00bb toggle_text_color=\u00a0\u00bb#E02B20&Prime; toggle_font=\u00a0\u00bbAdamina|700|||||||\u00a0\u00bb toggle_font_size=\u00a0\u00bb19px\u00a0\u00bb hover_enabled=\u00a0\u00bb0&Prime; global_colors_info=\u00a0\u00bb{}\u00a0\u00bb sticky_enabled=\u00a0\u00bb0&Prime;][et_pb_accordion_item title=\u00a0\u00bbListe des revues scientifiques index\u00e9es. Edition 2022 de la  DGRSDT \u00a0\u00bb open=\u00a0\u00bbon\u00a0\u00bb _builder_version=\u00a0\u00bb4.19.4&Prime; _module_preset=\u00a0\u00bbdefault\u00a0\u00bb hover_enabled=\u00a0\u00bb0&Prime; global_colors_info=\u00a0\u00bb{}\u00a0\u00bb sticky_enabled=\u00a0\u00bb0&Prime;]<\/p>\n<div>\n<div>\n<div><span style=\"font-family: georgia, serif\"><span>\u00a0Ci-dessous <\/span>\u00a0les\u00a0<strong>listes des<span>\u00a0<\/span><span class=\"il\">revues<\/span><span>\u00a0<\/span>scientifiques de cat\u00e9gorie A et B<\/strong><span>, ainsi que la liste des\u00a0<span class=\"il\">revues<\/span>\u00a0scientifiques\u00a0<\/span><strong>pr\u00e9datrices<\/strong><span>\u00a0et la liste des \u00e9diteurs\u00a0<\/span><strong>pr\u00e9dateurs<\/strong><strong><span style=\"color: #333333\">, <\/span><span style=\"color: #ff0000\">\u00e9tablies par la <span class=\"il\">DGRSDT<\/span>:<\/span><\/strong><\/span><\/div>\n<\/div>\n<div style=\"text-align: center\"><b><a href=\"http:\/\/www.dgrsdt.dz\/fr\/revues_A\" target=\"_blank\" data-saferedirecturl=\"https:\/\/www.google.com\/url?q=http:\/\/www.dgrsdt.dz\/fr\/revues_A&amp;source=gmail&amp;ust=1674405119391000&amp;usg=AOvVaw0000LujfB1leHcME8VhENc\" rel=\"noopener\"><span style=\"font-family: georgia, serif\">http:\/\/www.<span class=\"il\">dgrsdt<\/span>.dz\/fr\/revues_A<\/span><\/a><\/b><\/div>\n<\/div>\n<div>\n<div><span style=\"color: #000000\">\u00a0Il convient de noter que :<\/span><\/div>\n<div>\n<ul>\n<li><span style=\"font-family: georgia, serif\"><span style=\"color: #000000\">Les listes de 2022 entrent<\/span><span><span style=\"color: #000000\">\u00a0en vigueur\u00a0<\/span>pour les articles<b><span style=\"color: #ff0000\"> soumis apr\u00e8s le 31 Janvier 2023.<\/span><\/b><\/span><\/span><\/li>\n<li><span style=\"font-family: georgia, serif;color: #000000\">La publication dans une\u00a0<span class=\"il\">revue<\/span>\u00a0de cat\u00e9gorie A ou B et consid\u00e9r\u00e9e pr\u00e9datrice ou \u00e9dit\u00e9e par un \u00e9diteur pr\u00e9dateur ou qui publie exclusivement les proceedings des conf\u00e9rences n\u2019est pas accept\u00e9e pour la soutenance de doctorat ou l\u2019habilitation universitaire.<\/span><span style=\"font-family: georgia, serif;color: #000000\"><\/span><\/li>\n<\/ul>\n<p><span style=\"font-family: georgia, serif;color: #000000\"><\/span><\/p>\n<ul>\n<li><a href=\"https:\/\/www.ummto.dz\/fs\/wp-content\/uploads\/2023\/01\/Liste-des-revues-scientifiques-de-Categorie-A-2022.zip\" rel=\"attachment noopener wp-att-17057\" target=\"_blank\">Liste des revues scientifiques de categorie A 2022<\/a><\/li>\n<li><a href=\"https:\/\/www.ummto.dz\/fs\/wp-content\/uploads\/2023\/01\/Liste-SCOPUS-2022.zip\" rel=\"attachment noopener wp-att-17061\" target=\"_blank\">Liste des revues scientifiques SCOPUS 2022<\/a><\/li>\n<li><a href=\"https:\/\/www.ummto.dz\/fs\/wp-content\/uploads\/2023\/01\/Liste-des-editeurs-scientifiques-predateurs-2022.pdf\" rel=\"attachment noopener wp-att-17056\" target=\"_blank\">Liste des \u00e9diteurs scientifiques pr\u00e9dateurs 2022<\/a><\/li>\n<li><a href=\"https:\/\/www.ummto.dz\/fs\/wp-content\/uploads\/2023\/01\/Liste-des-revues-scientifiques-predatrices-2022.pdf\" rel=\"attachment noopener wp-att-17055\" style=\"font-family: inherit;font-size: inherit\" target=\"_blank\">Liste des revues scientifiques pr\u00e9datrices 2022<\/a><\/li>\n<\/ul>\n<ul><\/ul>\n<p><span style=\"font-family: georgia, serif;color: #000000\"><\/span><\/p>\n<\/div>\n<\/div>\n<p>&nbsp;<\/p>\n<p>[\/et_pb_accordion_item][et_pb_accordion_item title=\u00a0\u00bbListe des revues scientifiques index\u00e9es. Edition 2021 de la DGRSDT \u00a0\u00bb _builder_version=\u00a0\u00bb4.19.4&Prime; _module_preset=\u00a0\u00bbdefault\u00a0\u00bb global_colors_info=\u00a0\u00bb{}\u00a0\u00bb open=\u00a0\u00bboff\u00a0\u00bb]<\/p>\n<div>\n<div>\n<div><span style=\"font-family: georgia, serif\"><span>\u00a0Ci-dessous <\/span>\u00a0les\u00a0<strong>listes des<span>\u00a0<\/span><span class=\"il\">revues<\/span><span>\u00a0<\/span>scientifiques de cat\u00e9gorie A et B<\/strong><span>, ainsi que la liste des\u00a0<span class=\"il\">revues<\/span>\u00a0scientifiques\u00a0<\/span><strong>pr\u00e9datrices<\/strong><span>\u00a0et la liste des \u00e9diteurs\u00a0<\/span><strong>pr\u00e9dateurs<\/strong><strong><span style=\"color: #333333\">, <\/span><span style=\"color: #ff0000\">\u00e9tablies par la<span class=\"il\">DGRSDT<\/span>:<\/span><\/strong><\/span><\/div>\n<\/div>\n<div style=\"text-align: center\"><b><a href=\"http:\/\/www.dgrsdt.dz\/fr\/revues_A\" target=\"_blank\" data-saferedirecturl=\"https:\/\/www.google.com\/url?q=http:\/\/www.dgrsdt.dz\/fr\/revues_A&amp;source=gmail&amp;ust=1674405119391000&amp;usg=AOvVaw0000LujfB1leHcME8VhENc\" rel=\"noopener\"><span style=\"font-family: georgia, serif\">http:\/\/www.<span class=\"il\">dgrsdt<\/span>.dz\/fr\/revues_A<\/span><\/a><\/b><\/div>\n<\/div>\n<div>\n<div><span style=\"color: #000000\">\u00a0Il convient de noter que :<\/span><\/div>\n<div>\n<ul>\n<li><span style=\"font-family: georgia, serif\"><span>Les listes de 2021 entre en \u00a0vigueur pour les articles<b> <span style=\"color: #ff0000\">soumis apr\u00e8s le 01 f\u00e9vrier 2021.<\/span><\/b><\/span><\/span><\/li>\n<li><span style=\"font-family: georgia, serif;color: #000000\">La publication dans une\u00a0<span class=\"il\">revue<\/span>\u00a0de cat\u00e9gorie A ou B et consid\u00e9r\u00e9e pr\u00e9datrice ou \u00e9dit\u00e9e par un \u00e9diteur pr\u00e9dateur ou qui publie exclusivement les proceedings des conf\u00e9rences n\u2019est pas accept\u00e9e pour la soutenance de doctorat ou l\u2019habilitation universitaire.<\/span><span style=\"font-family: georgia, serif;color: #000000\"><\/span><\/li>\n<li><span style=\"font-family: georgia, serif;color: #000000\"><a href=\"https:\/\/www.ummto.dz\/fs\/wp-content\/uploads\/2023\/01\/Note-N\u00b057-DGRSDT-2021.pdf\" rel=\"attachment noopener wp-att-17064\" target=\"_blank\">Note-N\u00b057-DGRSDT-2021<\/a><\/span><\/li>\n<\/ul>\n<p><span style=\"font-family: georgia, serif;color: #000000\"><\/span><\/p>\n<ul>\n<li><span style=\"font-family: georgia, serif;color: #000000\"><a href=\"https:\/\/www.ummto.dz\/fs\/wp-content\/uploads\/2023\/01\/Liste-des-revues-scientifiques-de-Categorie-A-2021.pdf\" rel=\"attachment noopener wp-att-17063\" target=\"_blank\">Liste-des-revues-scientifiques-de-Categorie-A-2021<\/a><\/span><\/li>\n<li><a href=\"https:\/\/www.ummto.dz\/fs\/wp-content\/uploads\/2023\/01\/Liste-SCOPUS-2021.pdf\" rel=\"attachment noopener wp-att-17062\" style=\"font-family: georgia, serif\" target=\"_blank\">Liste-SCOPUS 2021<\/a><\/li>\n<li><a href=\"https:\/\/www.ummto.dz\/fs\/wp-content\/uploads\/2023\/01\/Liste-des-editeurs-scientifiques-predateurs-2021.pdf\" rel=\"attachment noopener wp-att-17054\" target=\"_blank\">Liste des \u00e9diteurs scientifiques pr\u00e9dateurs 2021<\/a><\/li>\n<li><a href=\"https:\/\/www.ummto.dz\/fs\/wp-content\/uploads\/2023\/01\/Liste-des-revues-scientifiques-predatrices-2021.pdf\" rel=\"attachment noopener wp-att-17053\" target=\"_blank\">Liste des revues scientifiques pr\u00e9datrices 2021<\/a><\/li>\n<\/ul>\n<ul><\/ul>\n<\/div>\n<\/div>\n<p>&nbsp;<\/p>\n<p>[\/et_pb_accordion_item][et_pb_accordion_item title=\u00a0\u00bbListes des revues scientifiques pr\u00e9datrices et  des \u00e9diteurs pr\u00e9dateurs 2016-2020&Prime; _builder_version=\u00a0\u00bb4.19.4&Prime; _module_preset=\u00a0\u00bbdefault\u00a0\u00bb global_colors_info=\u00a0\u00bb{}\u00a0\u00bb open=\u00a0\u00bboff\u00a0\u00bb]<\/p>\n<div>\n<div>\n<div><span style=\"font-family: georgia, serif\"><span>\u00a0Ci-dessous <\/span>\u00a0les\u00a0<strong>listes<\/strong><span>\u00a0des\u00a0<span class=\"il\">revues<\/span>\u00a0scientifiques\u00a0<\/span><strong>pr\u00e9datrices<\/strong><span> et\u00a0 des \u00e9diteurs <\/span><strong>pr\u00e9dateurs 2016-2020<\/strong><strong><span style=\"color: #333333\">, <\/span><span style=\"color: #ff0000\">\u00e9tablies par la<span class=\"il\">DGRSDT<\/span>:<\/span><\/strong><\/span><\/div>\n<\/div>\n<div style=\"text-align: center\"><b><a href=\"http:\/\/www.dgrsdt.dz\/fr\/revues_A\" target=\"_blank\" data-saferedirecturl=\"https:\/\/www.google.com\/url?q=http:\/\/www.dgrsdt.dz\/fr\/revues_A&amp;source=gmail&amp;ust=1674405119391000&amp;usg=AOvVaw0000LujfB1leHcME8VhENc\" rel=\"noopener\"><span style=\"font-family: georgia, serif\">http:\/\/www.<span class=\"il\">dgrsdt<\/span>.dz\/fr\/revues_A<\/span><\/a><\/b><\/div>\n<\/div>\n<div>\n<div><span style=\"color: #000000\">\u00a0Il convient de noter que :<\/span><\/div>\n<div>\n<ul>\n<li><span style=\"font-family: georgia, serif;color: #000000\">La publication dans une\u00a0<span class=\"il\">revue<\/span>\u00a0de cat\u00e9gorie A ou B et consid\u00e9r\u00e9e pr\u00e9datrice ou \u00e9dit\u00e9e par un \u00e9diteur pr\u00e9dateur ou qui publie exclusivement les proceedings des conf\u00e9rences n\u2019est pas accept\u00e9e pour la soutenance de doctorat ou l\u2019habilitation universitaire.<\/span><span style=\"font-family: georgia, serif;color: #000000\"><\/span><\/li>\n<\/ul>\n<ul>\n<li><a href=\"https:\/\/www.ummto.dz\/fs\/wp-content\/uploads\/2023\/01\/Liste-des-editeurs-scientifiques-predateurs-2020.pdf\" rel=\"attachment wp-att-17052\">Liste des \u00e9diteurs scientifiques pr\u00e9dateurs 2020<\/a><\/li>\n<li><a href=\"https:\/\/www.ummto.dz\/fs\/wp-content\/uploads\/2023\/01\/Liste-des-revues-scientifiques-predatrices-2020.pdf\" rel=\"attachment wp-att-17051\">Liste des revues scientifiques pr\u00e9datrices 2020<\/a><\/li>\n<li><a href=\"https:\/\/www.ummto.dz\/fs\/wp-content\/uploads\/2023\/01\/Liste-des-editeures-scientifiques-predateurs.pdf\" rel=\"attachment wp-att-17050\">Liste des \u00e9diteurs scientifiques pr\u00e9dateurs 2019<\/a><\/li>\n<li><a href=\"https:\/\/www.ummto.dz\/fs\/wp-content\/uploads\/2023\/01\/Liste-des-revues-scientifiques-predatrices-2019.pdf\" rel=\"attachment wp-att-17049\">Liste des revues scientifiques pr\u00e9datrices 2019<\/a><\/li>\n<li><a href=\"https:\/\/www.ummto.dz\/fs\/wp-content\/uploads\/2023\/01\/Liste-des-editeurs-scientifiques-predateurs-2.pdf\" rel=\"attachment wp-att-17048\">Liste des \u00e9diteurs scientifiques pr\u00e9dateurs 2018<\/a><\/li>\n<li><a href=\"https:\/\/www.ummto.dz\/fs\/wp-content\/uploads\/2023\/01\/Liste-des-revues-scientifiques-predatrices-2018.pdf\" rel=\"attachment wp-att-17047\">Liste des revues scientifiques pr\u00e9datrices 2018<\/a><\/li>\n<li><a href=\"https:\/\/www.ummto.dz\/fs\/wp-content\/uploads\/2023\/01\/Liste-des-editeurs-scientifiques-predateurs-1.pdf\" rel=\"attachment wp-att-17046\">Liste des \u00e9diteurs scientifiques pr\u00e9dateurs 2017<\/a><\/li>\n<li><a href=\"https:\/\/www.ummto.dz\/fs\/wp-content\/uploads\/2023\/01\/Liste-des-revues-scientifiques-predatrices-2017.pdf\" rel=\"attachment wp-att-17045\">Liste des revues scientifiques pr\u00e9datrices 2017<\/a><\/li>\n<li><a href=\"https:\/\/www.ummto.dz\/fs\/wp-content\/uploads\/2023\/01\/Liste-des-editeurs-scientifiques-predateurs.pdf\" rel=\"attachment wp-att-17044\">Liste des \u00e9diteurs scientifiques pr\u00e9dateurs 2016<\/a><\/li>\n<li><a href=\"https:\/\/www.ummto.dz\/fs\/wp-content\/uploads\/2023\/01\/Liste-des-revues-scientifiques-predatrices-2016.pdf\" rel=\"attachment wp-att-17043\">Liste des revues scientifiques pr\u00e9datrices 2016<\/a><\/li>\n<\/ul>\n<\/div>\n<\/div>\n<p>[\/et_pb_accordion_item][et_pb_accordion_item title=\u00a0\u00bbListes des revues scientifiques A &amp; B  2020&Prime; _builder_version=\u00a0\u00bb4.19.4&Prime; _module_preset=\u00a0\u00bbdefault\u00a0\u00bb global_colors_info=\u00a0\u00bb{}\u00a0\u00bb open=\u00a0\u00bboff\u00a0\u00bb]<\/p>\n<div>\n<div>\n<div><span style=\"font-family: georgia, serif\"><span>\u00a0Ci-dessous <\/span>\u00a0les\u00a0<strong>listes<\/strong><span>\u00a0des\u00a0<span class=\"il\">revues<\/span>\u00a0scientifiques\u00a0<\/span><strong>pr\u00e9datrices<\/strong><span> et\u00a0 des \u00e9diteurs <\/span><strong>pr\u00e9dateurs 2016-2020<\/strong><strong><span style=\"color: #333333\">, <\/span><span style=\"color: #ff0000\">\u00e9tablies par la<span class=\"il\">DGRSDT<\/span>:<\/span><\/strong><\/span><\/div>\n<\/div>\n<div style=\"text-align: center\"><b><a href=\"http:\/\/www.dgrsdt.dz\/fr\/revues_A\" target=\"_blank\" data-saferedirecturl=\"https:\/\/www.google.com\/url?q=http:\/\/www.dgrsdt.dz\/fr\/revues_A&amp;source=gmail&amp;ust=1674405119391000&amp;usg=AOvVaw0000LujfB1leHcME8VhENc\" rel=\"noopener\"><span style=\"font-family: georgia, serif\">http:\/\/www.<span class=\"il\">dgrsdt<\/span>.dz\/fr\/revues_A<\/span><\/a><\/b><\/div>\n<\/div>\n<div>\n<div><span style=\"color: #000000\">\u00a0Il convient de noter que :<\/span><\/div>\n<div>\n<ul>\n<li><span style=\"font-family: georgia, serif;color: #000000\">La publication dans une\u00a0<span class=\"il\">revue<\/span>\u00a0de cat\u00e9gorie A ou B et consid\u00e9r\u00e9e pr\u00e9datrice ou \u00e9dit\u00e9e par un \u00e9diteur pr\u00e9dateur ou qui publie exclusivement les proceedings des conf\u00e9rences n\u2019est pas accept\u00e9e pour la soutenance de doctorat ou l\u2019habilitation universitaire.<\/span><span style=\"font-family: georgia, serif;color: #000000\"><\/span><\/li>\n<\/ul>\n<ul>\n<li><a href=\"https:\/\/www.ummto.dz\/fs\/wp-content\/uploads\/2023\/01\/Liste-des-revues-scientifiques-de-Categorie-A-2020.pdf\" rel=\"attachment wp-att-17066\">Liste-des-revues-scientifiques-de-Cat\u00e9gorie-A-2020<\/a><\/li>\n<li><a href=\"https:\/\/www.ummto.dz\/fs\/wp-content\/uploads\/2023\/01\/Liste-SCOPUS-2020.pdf\" rel=\"attachment wp-att-17067\">Liste-SCOPUS 2020<\/a><\/li>\n<\/ul>\n<\/div>\n<\/div>\n<p>[\/et_pb_accordion_item][\/et_pb_accordion][\/et_pb_column][\/et_pb_row][\/et_pb_section]<\/p>\n","protected":false},"excerpt":{"rendered":"<p>\u00a0Ci-dessous \u00a0les\u00a0listes des\u00a0revues\u00a0scientifiques de cat\u00e9gorie A et B, ainsi que la liste des\u00a0revues\u00a0scientifiques\u00a0pr\u00e9datrices\u00a0et la liste des \u00e9diteurs\u00a0pr\u00e9dateurs, \u00e9tablies par la DGRSDT: http:\/\/www.dgrsdt.dz\/fr\/revues_A \u00a0Il convient de noter que : Les listes de 2022 entrent\u00a0en vigueur\u00a0pour les articles soumis apr\u00e8s le 31 Janvier 2023. La publication dans une\u00a0revue\u00a0de cat\u00e9gorie A ou B et consid\u00e9r\u00e9e pr\u00e9datrice ou \u00e9dit\u00e9e [&hellip;]<\/p>\n","protected":false},"author":13,"featured_media":17075,"parent":0,"menu_order":0,"comment_status":"closed","ping_status":"closed","template":"","meta":{"_et_pb_use_builder":"on","_et_pb_old_content":"","_et_gb_content_width":"","footnotes":""},"class_list":["post-17037","page","type-page","status-publish","has-post-thumbnail","hentry"],"yoast_head":"<!-- This site is optimized with the Yoast SEO plugin v27.2 - https:\/\/yoast.com\/product\/yoast-seo-wordpress\/ -->\n<title>Listes des revues scientifiques DGRSDT - Facult\u00e9 des Sciences<\/title>\n<meta name=\"robots\" content=\"index, follow, max-snippet:-1, max-image-preview:large, max-video-preview:-1\" \/>\n<link rel=\"canonical\" href=\"https:\/\/www.ummto.dz\/fs\/listes-des-revues-scientifiques-dgrsdt\/\" \/>\n<meta property=\"og:locale\" content=\"fr_FR\" \/>\n<meta property=\"og:type\" content=\"article\" \/>\n<meta property=\"og:title\" content=\"Listes des revues scientifiques DGRSDT - Facult\u00e9 des Sciences\" \/>\n<meta property=\"og:description\" content=\"\u00a0Ci-dessous \u00a0les\u00a0listes des\u00a0revues\u00a0scientifiques de cat\u00e9gorie A et B, ainsi que la liste des\u00a0revues\u00a0scientifiques\u00a0pr\u00e9datrices\u00a0et la liste des \u00e9diteurs\u00a0pr\u00e9dateurs, \u00e9tablies par la DGRSDT: http:\/\/www.dgrsdt.dz\/fr\/revues_A \u00a0Il convient de noter que : Les listes de 2022 entrent\u00a0en vigueur\u00a0pour les articles soumis apr\u00e8s le 31 Janvier 2023. La publication dans une\u00a0revue\u00a0de cat\u00e9gorie A ou B et consid\u00e9r\u00e9e pr\u00e9datrice ou \u00e9dit\u00e9e [&hellip;]\" \/>\n<meta property=\"og:url\" content=\"https:\/\/www.ummto.dz\/fs\/listes-des-revues-scientifiques-dgrsdt\/\" \/>\n<meta property=\"og:site_name\" content=\"Facult\u00e9 des Sciences\" \/>\n<meta property=\"article:modified_time\" content=\"2023-01-21T22:30:50+00:00\" \/>\n<meta property=\"og:image\" content=\"https:\/\/www.ummto.dz\/fs\/wp-content\/uploads\/2023\/01\/DGRSDT-1.gif\" \/>\n\t<meta property=\"og:image:width\" content=\"464\" \/>\n\t<meta property=\"og:image:height\" content=\"314\" \/>\n\t<meta property=\"og:image:type\" content=\"image\/gif\" \/>\n<meta name=\"twitter:card\" content=\"summary_large_image\" \/>\n<meta name=\"twitter:label1\" content=\"Dur\u00e9e de lecture estim\u00e9e\" \/>\n\t<meta name=\"twitter:data1\" content=\"3 minutes\" \/>\n<script type=\"application\/ld+json\" class=\"yoast-schema-graph\">{\"@context\":\"https:\/\/schema.org\",\"@graph\":[{\"@type\":\"WebPage\",\"@id\":\"https:\/\/www.ummto.dz\/fs\/listes-des-revues-scientifiques-dgrsdt\/\",\"url\":\"https:\/\/www.ummto.dz\/fs\/listes-des-revues-scientifiques-dgrsdt\/\",\"name\":\"Listes des revues scientifiques DGRSDT - Facult\u00e9 des Sciences\",\"isPartOf\":{\"@id\":\"https:\/\/www.ummto.dz\/fs\/#website\"},\"primaryImageOfPage\":{\"@id\":\"https:\/\/www.ummto.dz\/fs\/listes-des-revues-scientifiques-dgrsdt\/#primaryimage\"},\"image\":{\"@id\":\"https:\/\/www.ummto.dz\/fs\/listes-des-revues-scientifiques-dgrsdt\/#primaryimage\"},\"thumbnailUrl\":\"https:\/\/www.ummto.dz\/fs\/wp-content\/uploads\/2023\/01\/DGRSDT-1.gif\",\"datePublished\":\"2023-01-21T18:49:53+00:00\",\"dateModified\":\"2023-01-21T22:30:50+00:00\",\"breadcrumb\":{\"@id\":\"https:\/\/www.ummto.dz\/fs\/listes-des-revues-scientifiques-dgrsdt\/#breadcrumb\"},\"inLanguage\":\"fr-FR\",\"potentialAction\":[{\"@type\":\"ReadAction\",\"target\":[\"https:\/\/www.ummto.dz\/fs\/listes-des-revues-scientifiques-dgrsdt\/\"]}]},{\"@type\":\"ImageObject\",\"inLanguage\":\"fr-FR\",\"@id\":\"https:\/\/www.ummto.dz\/fs\/listes-des-revues-scientifiques-dgrsdt\/#primaryimage\",\"url\":\"https:\/\/www.ummto.dz\/fs\/wp-content\/uploads\/2023\/01\/DGRSDT-1.gif\",\"contentUrl\":\"https:\/\/www.ummto.dz\/fs\/wp-content\/uploads\/2023\/01\/DGRSDT-1.gif\",\"width\":464,\"height\":314},{\"@type\":\"BreadcrumbList\",\"@id\":\"https:\/\/www.ummto.dz\/fs\/listes-des-revues-scientifiques-dgrsdt\/#breadcrumb\",\"itemListElement\":[{\"@type\":\"ListItem\",\"position\":1,\"name\":\"Accueil\",\"item\":\"https:\/\/www.ummto.dz\/fs\/\"},{\"@type\":\"ListItem\",\"position\":2,\"name\":\"Listes des revues scientifiques DGRSDT\"}]},{\"@type\":\"WebSite\",\"@id\":\"https:\/\/www.ummto.dz\/fs\/#website\",\"url\":\"https:\/\/www.ummto.dz\/fs\/\",\"name\":\"Facult\u00e9 des Sciences\",\"description\":\"universit\u00e9 Moulous Mammeri de Tizi-Ouzou\",\"potentialAction\":[{\"@type\":\"SearchAction\",\"target\":{\"@type\":\"EntryPoint\",\"urlTemplate\":\"https:\/\/www.ummto.dz\/fs\/?s={search_term_string}\"},\"query-input\":{\"@type\":\"PropertyValueSpecification\",\"valueRequired\":true,\"valueName\":\"search_term_string\"}}],\"inLanguage\":\"fr-FR\"}]}<\/script>\n<!-- \/ Yoast SEO plugin. -->","yoast_head_json":{"title":"Listes des revues scientifiques DGRSDT - Facult\u00e9 des Sciences","robots":{"index":"index","follow":"follow","max-snippet":"max-snippet:-1","max-image-preview":"max-image-preview:large","max-video-preview":"max-video-preview:-1"},"canonical":"https:\/\/www.ummto.dz\/fs\/listes-des-revues-scientifiques-dgrsdt\/","og_locale":"fr_FR","og_type":"article","og_title":"Listes des revues scientifiques DGRSDT - Facult\u00e9 des Sciences","og_description":"\u00a0Ci-dessous \u00a0les\u00a0listes des\u00a0revues\u00a0scientifiques de cat\u00e9gorie A et B, ainsi que la liste des\u00a0revues\u00a0scientifiques\u00a0pr\u00e9datrices\u00a0et la liste des \u00e9diteurs\u00a0pr\u00e9dateurs, \u00e9tablies par la DGRSDT: http:\/\/www.dgrsdt.dz\/fr\/revues_A \u00a0Il convient de noter que : Les listes de 2022 entrent\u00a0en vigueur\u00a0pour les articles soumis apr\u00e8s le 31 Janvier 2023. La publication dans une\u00a0revue\u00a0de cat\u00e9gorie A ou B et consid\u00e9r\u00e9e pr\u00e9datrice ou \u00e9dit\u00e9e [&hellip;]","og_url":"https:\/\/www.ummto.dz\/fs\/listes-des-revues-scientifiques-dgrsdt\/","og_site_name":"Facult\u00e9 des Sciences","article_modified_time":"2023-01-21T22:30:50+00:00","og_image":[{"width":464,"height":314,"url":"https:\/\/www.ummto.dz\/fs\/wp-content\/uploads\/2023\/01\/DGRSDT-1.gif","type":"image\/gif"}],"twitter_card":"summary_large_image","twitter_misc":{"Dur\u00e9e de lecture estim\u00e9e":"3 minutes"},"schema":{"@context":"https:\/\/schema.org","@graph":[{"@type":"WebPage","@id":"https:\/\/www.ummto.dz\/fs\/listes-des-revues-scientifiques-dgrsdt\/","url":"https:\/\/www.ummto.dz\/fs\/listes-des-revues-scientifiques-dgrsdt\/","name":"Listes des revues scientifiques DGRSDT - Facult\u00e9 des Sciences","isPartOf":{"@id":"https:\/\/www.ummto.dz\/fs\/#website"},"primaryImageOfPage":{"@id":"https:\/\/www.ummto.dz\/fs\/listes-des-revues-scientifiques-dgrsdt\/#primaryimage"},"image":{"@id":"https:\/\/www.ummto.dz\/fs\/listes-des-revues-scientifiques-dgrsdt\/#primaryimage"},"thumbnailUrl":"https:\/\/www.ummto.dz\/fs\/wp-content\/uploads\/2023\/01\/DGRSDT-1.gif","datePublished":"2023-01-21T18:49:53+00:00","dateModified":"2023-01-21T22:30:50+00:00","breadcrumb":{"@id":"https:\/\/www.ummto.dz\/fs\/listes-des-revues-scientifiques-dgrsdt\/#breadcrumb"},"inLanguage":"fr-FR","potentialAction":[{"@type":"ReadAction","target":["https:\/\/www.ummto.dz\/fs\/listes-des-revues-scientifiques-dgrsdt\/"]}]},{"@type":"ImageObject","inLanguage":"fr-FR","@id":"https:\/\/www.ummto.dz\/fs\/listes-des-revues-scientifiques-dgrsdt\/#primaryimage","url":"https:\/\/www.ummto.dz\/fs\/wp-content\/uploads\/2023\/01\/DGRSDT-1.gif","contentUrl":"https:\/\/www.ummto.dz\/fs\/wp-content\/uploads\/2023\/01\/DGRSDT-1.gif","width":464,"height":314},{"@type":"BreadcrumbList","@id":"https:\/\/www.ummto.dz\/fs\/listes-des-revues-scientifiques-dgrsdt\/#breadcrumb","itemListElement":[{"@type":"ListItem","position":1,"name":"Accueil","item":"https:\/\/www.ummto.dz\/fs\/"},{"@type":"ListItem","position":2,"name":"Listes des revues scientifiques DGRSDT"}]},{"@type":"WebSite","@id":"https:\/\/www.ummto.dz\/fs\/#website","url":"https:\/\/www.ummto.dz\/fs\/","name":"Facult\u00e9 des Sciences","description":"universit\u00e9 Moulous Mammeri de Tizi-Ouzou","potentialAction":[{"@type":"SearchAction","target":{"@type":"EntryPoint","urlTemplate":"https:\/\/www.ummto.dz\/fs\/?s={search_term_string}"},"query-input":{"@type":"PropertyValueSpecification","valueRequired":true,"valueName":"search_term_string"}}],"inLanguage":"fr-FR"}]}},"_links":{"self":[{"href":"https:\/\/www.ummto.dz\/fs\/wp-json\/wp\/v2\/pages\/17037","targetHints":{"allow":["GET"]}}],"collection":[{"href":"https:\/\/www.ummto.dz\/fs\/wp-json\/wp\/v2\/pages"}],"about":[{"href":"https:\/\/www.ummto.dz\/fs\/wp-json\/wp\/v2\/types\/page"}],"author":[{"embeddable":true,"href":"https:\/\/www.ummto.dz\/fs\/wp-json\/wp\/v2\/users\/13"}],"replies":[{"embeddable":true,"href":"https:\/\/www.ummto.dz\/fs\/wp-json\/wp\/v2\/comments?post=17037"}],"version-history":[{"count":8,"href":"https:\/\/www.ummto.dz\/fs\/wp-json\/wp\/v2\/pages\/17037\/revisions"}],"predecessor-version":[{"id":17133,"href":"https:\/\/www.ummto.dz\/fs\/wp-json\/wp\/v2\/pages\/17037\/revisions\/17133"}],"wp:featuredmedia":[{"embeddable":true,"href":"https:\/\/www.ummto.dz\/fs\/wp-json\/wp\/v2\/media\/17075"}],"wp:attachment":[{"href":"https:\/\/www.ummto.dz\/fs\/wp-json\/wp\/v2\/media?parent=17037"}],"curies":[{"name":"wp","href":"https:\/\/api.w.org\/{rel}","templated":true}]}}