{"id":21018,"date":"2023-09-20T11:22:49","date_gmt":"2023-09-20T09:22:49","guid":{"rendered":"https:\/\/www.ummto.dz\/fs\/?page_id=21018"},"modified":"2025-11-20T13:46:23","modified_gmt":"2025-11-20T12:46:23","slug":"emploi-du-temps-3","status":"publish","type":"page","link":"https:\/\/www.ummto.dz\/fs\/emploi-du-temps-3\/","title":{"rendered":"Emploi du Temps 2024-2025"},"content":{"rendered":"<p>[et_pb_section fb_built=\u00a0\u00bb1&Prime; admin_label=\u00a0\u00bbsection\u00a0\u00bb _builder_version=\u00a0\u00bb4.22.1&Prime; global_colors_info=\u00a0\u00bb{}\u00a0\u00bb][et_pb_row admin_label=\u00a0\u00bbrow\u00a0\u00bb _builder_version=\u00a0\u00bb4.18.0&Prime; background_size=\u00a0\u00bbinitial\u00a0\u00bb background_position=\u00a0\u00bbtop_left\u00a0\u00bb background_repeat=\u00a0\u00bbrepeat\u00a0\u00bb global_colors_info=\u00a0\u00bb{}\u00a0\u00bb][et_pb_column type=\u00a0\u00bb4_4&Prime; _builder_version=\u00a0\u00bb4.16&Prime; custom_padding=\u00a0\u00bb|||\u00a0\u00bb global_colors_info=\u00a0\u00bb{}\u00a0\u00bb custom_padding__hover=\u00a0\u00bb|||\u00a0\u00bb][et_pb_accordion _builder_version=\u00a0\u00bb4.27.4&Prime; _module_preset=\u00a0\u00bbdefault\u00a0\u00bb toggle_text_color=\u00a0\u00bb#E02B20&Prime; toggle_font=\u00a0\u00bb||on|on|||||\u00a0\u00bb animation_direction=\u00a0\u00bbtop\u00a0\u00bb hover_enabled=\u00a0\u00bb0&Prime; toggle_text_shadow_style=\u00a0\u00bbpreset2&Prime; global_colors_info=\u00a0\u00bb{}\u00a0\u00bb sticky_enabled=\u00a0\u00bb0&Prime;][et_pb_accordion_item title=\u00a0\u00bbEmplois du temps 2025-2026. D\u00e9partement de Tronc Commun Sciences et Technologie  (ST)\u00a0\u00bb open=\u00a0\u00bbon\u00a0\u00bb _builder_version=\u00a0\u00bb4.27.4&Prime; _module_preset=\u00a0\u00bbdefault\u00a0\u00bb hover_enabled=\u00a0\u00bb0&Prime; box_shadow_style=\u00a0\u00bbpreset6&Prime; global_colors_info=\u00a0\u00bb{}\u00a0\u00bb toggle_text_color=\u00a0\u00bb#000000&Prime; toggle_letter_spacing=\u00a0\u00bb0px\u00a0\u00bb sticky_enabled=\u00a0\u00bb0&Prime;]<\/p>\n<p><span style=\"color: #000000\"><strong>Les \u00e9tudiants inscrits en\u00a0 premi\u00e8re ann\u00e9e tronc-commun Sciences et Technologie (TC-ST), au titre de l&rsquo;ann\u00e9e universitaire 2025-2026, sont inform\u00e9s que :<\/strong><\/span><\/p>\n<ol><\/ol>\n<p>&nbsp;<\/p>\n<p>[\/et_pb_accordion_item][et_pb_accordion_item title=\u00a0\u00bbEmplois du temps 2025-2026. D\u00e9partement de Tronc Commun Math\u00e9matiques et Informatique (MI)\u00a0\u00bb _builder_version=\u00a0\u00bb4.27.4&Prime; _module_preset=\u00a0\u00bbdefault\u00a0\u00bb hover_enabled=\u00a0\u00bb0&Prime; box_shadow_style=\u00a0\u00bbpreset6&Prime; global_colors_info=\u00a0\u00bb{}\u00a0\u00bb toggle_text_color=\u00a0\u00bb#000000&Prime; open=\u00a0\u00bboff\u00a0\u00bb sticky_enabled=\u00a0\u00bb0&Prime;]<\/p>\n<p>&nbsp;<\/p>\n<p>&nbsp;<\/p>\n<p>[\/et_pb_accordion_item][et_pb_accordion_item title=\u00a0\u00bbEmplois du temps 2025-2026 D\u00e9partement de Tronc Commun Sciences de la Mati\u00e8re (L1-SM)\u00a0\u00bb _builder_version=\u00a0\u00bb4.27.4&Prime; _module_preset=\u00a0\u00bbdefault\u00a0\u00bb hover_enabled=\u00a0\u00bb0&Prime; box_shadow_style=\u00a0\u00bbpreset6&Prime; global_colors_info=\u00a0\u00bb{}\u00a0\u00bb toggle_text_color=\u00a0\u00bb#000000&Prime; open=\u00a0\u00bboff\u00a0\u00bb sticky_enabled=\u00a0\u00bb0&Prime;][\/et_pb_accordion_item][et_pb_accordion_item title=\u00a0\u00bbEmplois du temps 2025-2026 D\u00e9partement de Chimie\u00a0\u00bb open_toggle_text_color=\u00a0\u00bb#0C71C3&Prime; _builder_version=\u00a0\u00bb4.27.4&Prime; _module_preset=\u00a0\u00bbdefault\u00a0\u00bb body_font=\u00a0\u00bb|700|||||||\u00a0\u00bb body_text_color=\u00a0\u00bb#000000&Prime; hover_enabled=\u00a0\u00bb0&Prime; box_shadow_style=\u00a0\u00bbpreset6&Prime; global_colors_info=\u00a0\u00bb{}\u00a0\u00bb toggle_text_color=\u00a0\u00bb#E02B20&Prime; open=\u00a0\u00bboff\u00a0\u00bb sticky_enabled=\u00a0\u00bb0&Prime;][\/et_pb_accordion_item][et_pb_accordion_item title=\u00a0\u00bbEmplois du temps 2025-2026. D\u00e9partement de  Physique\u00a0\u00bb _builder_version=\u00a0\u00bb4.27.4&Prime; _module_preset=\u00a0\u00bbdefault\u00a0\u00bb hover_enabled=\u00a0\u00bb0&Prime; box_shadow_style=\u00a0\u00bbpreset6&Prime; global_colors_info=\u00a0\u00bb{}\u00a0\u00bb toggle_text_color=\u00a0\u00bb#E02B20&Prime; open=\u00a0\u00bboff\u00a0\u00bb sticky_enabled=\u00a0\u00bb0&Prime;]<\/p>\n<p>&nbsp;<\/p>\n<ul><\/ul>\n<p>[\/et_pb_accordion_item][et_pb_accordion_item title=\u00a0\u00bbEmplois du temps 2025-2026. D\u00e9partement de Math\u00e9matiques\u00a0\u00bb open_toggle_text_color=\u00a0\u00bb#0C71C3&Prime; _builder_version=\u00a0\u00bb4.27.4&Prime; _module_preset=\u00a0\u00bbdefault\u00a0\u00bb hover_enabled=\u00a0\u00bb0&Prime; box_shadow_style=\u00a0\u00bbpreset6&Prime; global_colors_info=\u00a0\u00bb{}\u00a0\u00bb toggle_text_color=\u00a0\u00bb#E02B20&Prime; open=\u00a0\u00bboff\u00a0\u00bb sticky_enabled=\u00a0\u00bb0&Prime;]<\/p>\n<p><em>Les \u00e9tudiants du d\u00e9partement de math\u00e9matiques sont invit\u00e9s \u00e0 consulter les emplois du temps \u00e0 travers le lien ci-dessous et \u00e0 v\u00e9rifier r\u00e9guli\u00e8rement les \u00e9ventuelles modifications.<\/em><\/p>\n<p><img decoding=\"async\" data-lazyloaded=\"1\" data-placeholder-resp=\"32x32\" src=\"https:\/\/fonts.gstatic.com\/s\/e\/notoemoji\/16.0\/1f517\/32.png\" width=\"32\" height=\"32\" data-emoji=\"\ud83d\udd17\" class=\"an1 entered litespeed-loaded\" alt=\"\ud83d\udd17\" aria-label=\"\ud83d\udd17\" data-src=\"https:\/\/fonts.gstatic.com\/s\/e\/notoemoji\/16.0\/1f517\/32.png\" loading=\"lazy\" data-ll-status=\"loaded\" \/>\u00a0<a rel=\"noopener\" href=\"https:\/\/docs.google.com\/spreadsheets\/d\/1GL7HRIqyeeF3Bbikgdui9vicWx5yttGq\/edit?usp=drive_link&amp;ouid=103063231860645695727&amp;rtpof=true&amp;sd=true\" target=\"_blank\" data-saferedirecturl=\"https:\/\/www.google.com\/url?q=https:\/\/docs.google.com\/spreadsheets\/d\/1GL7HRIqyeeF3Bbikgdui9vicWx5yttGq\/edit?usp%3Ddrive_link%26ouid%3D103063231860645695727%26rtpof%3Dtrue%26sd%3Dtrue&amp;source=gmail&amp;ust=1759605449850000&amp;usg=AOvVaw2ODKzO03cMGr-gxknqThXO\">Consulter les emplois du temps<\/a><\/p>\n<p>&nbsp;<\/p>\n<p>[\/et_pb_accordion_item][et_pb_accordion_item title=\u00a0\u00bbOccupations des locaux p\u00e9dagogiques de la facult\u00e9 des Sciences (Semestre 2)\u00a0\u00bb _builder_version=\u00a0\u00bb4.19.5&Prime; _module_preset=\u00a0\u00bbdefault\u00a0\u00bb box_shadow_style=\u00a0\u00bbpreset6&Prime; global_colors_info=\u00a0\u00bb{}\u00a0\u00bb toggle_text_color=\u00a0\u00bb#0C71C3&Prime; toggle_font=\u00a0\u00bb|800|on|on|||||\u00a0\u00bb open=\u00a0\u00bboff\u00a0\u00bb]<\/p>\n<p><strong>Ci-dessous les occupations des locaux p\u00e9dagogiques (Amphis,\u00a0 Salles TD,\u00a0 Laboratoires p\u00e9dagogiques):<\/strong><\/p>\n<ul>\n<li><strong><a href=\"https:\/\/www.ummto.dz\/fs\/wp-content\/uploads\/2023\/02\/Occupation_Semestre-2_2022-2023_Amphis.pdf\" rel=\"attachment wp-att-18186\">Occupation_Semestre 2_2022-2023_Amphis<\/a> <\/strong><\/li>\n<li><strong><a href=\"https:\/\/www.ummto.dz\/fs\/wp-content\/uploads\/2023\/02\/Occupation_Semestre-2_2022-2023_Salles_TD.pdf\" rel=\"attachment wp-att-18190\">Occupation_Semestre 2_2022-2023_Salles_TD<\/a><\/strong><\/li>\n<li><strong> <a href=\"https:\/\/www.ummto.dz\/fs\/wp-content\/uploads\/2023\/02\/Occupation_Semestre-2_2022-2023_Labo_Physique.pdf\" rel=\"attachment wp-att-18189\">Occupation_Semestre 2_2022-2023_Labo_Physique<\/a> <\/strong><\/li>\n<li><strong><a href=\"https:\/\/www.ummto.dz\/fs\/wp-content\/uploads\/2023\/02\/Occupation_Semestre-2_2022-2023_Labo_Maths.pdf\" rel=\"attachment wp-att-18188\">Occupation_Semestre 2_2022-2023_Labo_Maths<\/a> <\/strong><\/li>\n<li><strong><a href=\"https:\/\/www.ummto.dz\/fs\/wp-content\/uploads\/2023\/02\/Occupation_Semestre-2_2022-2023_Labo_Chimie.pdf\" rel=\"attachment wp-att-18187\">Occupation_Semestre 2_2022-2023_Labo_Chimie<\/a><\/strong><\/li>\n<\/ul>\n<p>[\/et_pb_accordion_item][\/et_pb_accordion][\/et_pb_column][\/et_pb_row][\/et_pb_section]<\/p>\n","protected":false},"excerpt":{"rendered":"<p>Les \u00e9tudiants inscrits en\u00a0 premi\u00e8re ann\u00e9e tronc-commun Sciences et Technologie (TC-ST), au titre de l&rsquo;ann\u00e9e universitaire 2025-2026, sont inform\u00e9s que : &nbsp;&nbsp; &nbsp;&nbsp; Les \u00e9tudiants du d\u00e9partement de math\u00e9matiques sont invit\u00e9s \u00e0 consulter les emplois du temps \u00e0 travers le lien ci-dessous et \u00e0 v\u00e9rifier r\u00e9guli\u00e8rement les \u00e9ventuelles modifications. \u00a0Consulter les emplois du temps &nbsp;Ci-dessous [&hellip;]<\/p>\n","protected":false},"author":13,"featured_media":1278,"parent":0,"menu_order":0,"comment_status":"closed","ping_status":"closed","template":"","meta":{"_et_pb_use_builder":"on","_et_pb_old_content":"","_et_gb_content_width":"","footnotes":""},"class_list":["post-21018","page","type-page","status-publish","has-post-thumbnail","hentry"],"yoast_head":"<!-- This site is optimized with the Yoast SEO plugin v27.3 - https:\/\/yoast.com\/product\/yoast-seo-wordpress\/ -->\n<title>Emploi du Temps 2024-2025 - Facult\u00e9 des Sciences<\/title>\n<meta name=\"robots\" content=\"index, follow, max-snippet:-1, max-image-preview:large, max-video-preview:-1\" \/>\n<link rel=\"canonical\" href=\"https:\/\/www.ummto.dz\/fs\/emploi-du-temps-3\/\" \/>\n<meta property=\"og:locale\" content=\"fr_FR\" \/>\n<meta property=\"og:type\" content=\"article\" \/>\n<meta property=\"og:title\" content=\"Emploi du Temps 2024-2025 - Facult\u00e9 des Sciences\" \/>\n<meta property=\"og:description\" content=\"Les \u00e9tudiants inscrits en\u00a0 premi\u00e8re ann\u00e9e tronc-commun Sciences et Technologie (TC-ST), au titre de l&#039;ann\u00e9e universitaire 2025-2026, sont inform\u00e9s que : &nbsp;&nbsp; &nbsp;&nbsp; Les \u00e9tudiants du d\u00e9partement de math\u00e9matiques sont invit\u00e9s \u00e0 consulter les emplois du temps \u00e0 travers le lien ci-dessous et \u00e0 v\u00e9rifier r\u00e9guli\u00e8rement les \u00e9ventuelles modifications. \u00a0Consulter les emplois du temps &nbsp;Ci-dessous [&hellip;]\" \/>\n<meta property=\"og:url\" content=\"https:\/\/www.ummto.dz\/fs\/emploi-du-temps-3\/\" \/>\n<meta property=\"og:site_name\" content=\"Facult\u00e9 des Sciences\" \/>\n<meta property=\"article:modified_time\" content=\"2025-11-20T12:46:23+00:00\" \/>\n<meta property=\"og:image\" content=\"https:\/\/www.ummto.dz\/fs\/wp-content\/uploads\/2019\/01\/emploi-du-temps-.jpg\" \/>\n\t<meta property=\"og:image:width\" content=\"247\" \/>\n\t<meta property=\"og:image:height\" content=\"204\" \/>\n\t<meta property=\"og:image:type\" content=\"image\/jpeg\" \/>\n<meta name=\"twitter:card\" content=\"summary_large_image\" \/>\n<meta name=\"twitter:label1\" content=\"Dur\u00e9e de lecture estim\u00e9e\" \/>\n\t<meta name=\"twitter:data1\" content=\"3 minutes\" \/>\n<script type=\"application\/ld+json\" class=\"yoast-schema-graph\">{\"@context\":\"https:\\\/\\\/schema.org\",\"@graph\":[{\"@type\":\"WebPage\",\"@id\":\"https:\\\/\\\/www.ummto.dz\\\/fs\\\/emploi-du-temps-3\\\/\",\"url\":\"https:\\\/\\\/www.ummto.dz\\\/fs\\\/emploi-du-temps-3\\\/\",\"name\":\"Emploi du Temps 2024-2025 - Facult\u00e9 des Sciences\",\"isPartOf\":{\"@id\":\"https:\\\/\\\/www.ummto.dz\\\/fs\\\/#website\"},\"primaryImageOfPage\":{\"@id\":\"https:\\\/\\\/www.ummto.dz\\\/fs\\\/emploi-du-temps-3\\\/#primaryimage\"},\"image\":{\"@id\":\"https:\\\/\\\/www.ummto.dz\\\/fs\\\/emploi-du-temps-3\\\/#primaryimage\"},\"thumbnailUrl\":\"https:\\\/\\\/www.ummto.dz\\\/fs\\\/wp-content\\\/uploads\\\/2019\\\/01\\\/emploi-du-temps-.jpg\",\"datePublished\":\"2023-09-20T09:22:49+00:00\",\"dateModified\":\"2025-11-20T12:46:23+00:00\",\"breadcrumb\":{\"@id\":\"https:\\\/\\\/www.ummto.dz\\\/fs\\\/emploi-du-temps-3\\\/#breadcrumb\"},\"inLanguage\":\"fr-FR\",\"potentialAction\":[{\"@type\":\"ReadAction\",\"target\":[\"https:\\\/\\\/www.ummto.dz\\\/fs\\\/emploi-du-temps-3\\\/\"]}]},{\"@type\":\"ImageObject\",\"inLanguage\":\"fr-FR\",\"@id\":\"https:\\\/\\\/www.ummto.dz\\\/fs\\\/emploi-du-temps-3\\\/#primaryimage\",\"url\":\"https:\\\/\\\/www.ummto.dz\\\/fs\\\/wp-content\\\/uploads\\\/2019\\\/01\\\/emploi-du-temps-.jpg\",\"contentUrl\":\"https:\\\/\\\/www.ummto.dz\\\/fs\\\/wp-content\\\/uploads\\\/2019\\\/01\\\/emploi-du-temps-.jpg\",\"width\":247,\"height\":204},{\"@type\":\"BreadcrumbList\",\"@id\":\"https:\\\/\\\/www.ummto.dz\\\/fs\\\/emploi-du-temps-3\\\/#breadcrumb\",\"itemListElement\":[{\"@type\":\"ListItem\",\"position\":1,\"name\":\"Accueil\",\"item\":\"https:\\\/\\\/www.ummto.dz\\\/fs\\\/\"},{\"@type\":\"ListItem\",\"position\":2,\"name\":\"Emploi du Temps 2024-2025\"}]},{\"@type\":\"WebSite\",\"@id\":\"https:\\\/\\\/www.ummto.dz\\\/fs\\\/#website\",\"url\":\"https:\\\/\\\/www.ummto.dz\\\/fs\\\/\",\"name\":\"Facult\u00e9 des Sciences\",\"description\":\"universit\u00e9 Moulous Mammeri de Tizi-Ouzou\",\"potentialAction\":[{\"@type\":\"SearchAction\",\"target\":{\"@type\":\"EntryPoint\",\"urlTemplate\":\"https:\\\/\\\/www.ummto.dz\\\/fs\\\/?s={search_term_string}\"},\"query-input\":{\"@type\":\"PropertyValueSpecification\",\"valueRequired\":true,\"valueName\":\"search_term_string\"}}],\"inLanguage\":\"fr-FR\"}]}<\/script>\n<!-- \/ Yoast SEO plugin. -->","yoast_head_json":{"title":"Emploi du Temps 2024-2025 - Facult\u00e9 des Sciences","robots":{"index":"index","follow":"follow","max-snippet":"max-snippet:-1","max-image-preview":"max-image-preview:large","max-video-preview":"max-video-preview:-1"},"canonical":"https:\/\/www.ummto.dz\/fs\/emploi-du-temps-3\/","og_locale":"fr_FR","og_type":"article","og_title":"Emploi du Temps 2024-2025 - Facult\u00e9 des Sciences","og_description":"Les \u00e9tudiants inscrits en\u00a0 premi\u00e8re ann\u00e9e tronc-commun Sciences et Technologie (TC-ST), au titre de l'ann\u00e9e universitaire 2025-2026, sont inform\u00e9s que : &nbsp;&nbsp; &nbsp;&nbsp; Les \u00e9tudiants du d\u00e9partement de math\u00e9matiques sont invit\u00e9s \u00e0 consulter les emplois du temps \u00e0 travers le lien ci-dessous et \u00e0 v\u00e9rifier r\u00e9guli\u00e8rement les \u00e9ventuelles modifications. \u00a0Consulter les emplois du temps &nbsp;Ci-dessous [&hellip;]","og_url":"https:\/\/www.ummto.dz\/fs\/emploi-du-temps-3\/","og_site_name":"Facult\u00e9 des Sciences","article_modified_time":"2025-11-20T12:46:23+00:00","og_image":[{"width":247,"height":204,"url":"https:\/\/www.ummto.dz\/fs\/wp-content\/uploads\/2019\/01\/emploi-du-temps-.jpg","type":"image\/jpeg"}],"twitter_card":"summary_large_image","twitter_misc":{"Dur\u00e9e de lecture estim\u00e9e":"3 minutes"},"schema":{"@context":"https:\/\/schema.org","@graph":[{"@type":"WebPage","@id":"https:\/\/www.ummto.dz\/fs\/emploi-du-temps-3\/","url":"https:\/\/www.ummto.dz\/fs\/emploi-du-temps-3\/","name":"Emploi du Temps 2024-2025 - Facult\u00e9 des Sciences","isPartOf":{"@id":"https:\/\/www.ummto.dz\/fs\/#website"},"primaryImageOfPage":{"@id":"https:\/\/www.ummto.dz\/fs\/emploi-du-temps-3\/#primaryimage"},"image":{"@id":"https:\/\/www.ummto.dz\/fs\/emploi-du-temps-3\/#primaryimage"},"thumbnailUrl":"https:\/\/www.ummto.dz\/fs\/wp-content\/uploads\/2019\/01\/emploi-du-temps-.jpg","datePublished":"2023-09-20T09:22:49+00:00","dateModified":"2025-11-20T12:46:23+00:00","breadcrumb":{"@id":"https:\/\/www.ummto.dz\/fs\/emploi-du-temps-3\/#breadcrumb"},"inLanguage":"fr-FR","potentialAction":[{"@type":"ReadAction","target":["https:\/\/www.ummto.dz\/fs\/emploi-du-temps-3\/"]}]},{"@type":"ImageObject","inLanguage":"fr-FR","@id":"https:\/\/www.ummto.dz\/fs\/emploi-du-temps-3\/#primaryimage","url":"https:\/\/www.ummto.dz\/fs\/wp-content\/uploads\/2019\/01\/emploi-du-temps-.jpg","contentUrl":"https:\/\/www.ummto.dz\/fs\/wp-content\/uploads\/2019\/01\/emploi-du-temps-.jpg","width":247,"height":204},{"@type":"BreadcrumbList","@id":"https:\/\/www.ummto.dz\/fs\/emploi-du-temps-3\/#breadcrumb","itemListElement":[{"@type":"ListItem","position":1,"name":"Accueil","item":"https:\/\/www.ummto.dz\/fs\/"},{"@type":"ListItem","position":2,"name":"Emploi du Temps 2024-2025"}]},{"@type":"WebSite","@id":"https:\/\/www.ummto.dz\/fs\/#website","url":"https:\/\/www.ummto.dz\/fs\/","name":"Facult\u00e9 des Sciences","description":"universit\u00e9 Moulous Mammeri de Tizi-Ouzou","potentialAction":[{"@type":"SearchAction","target":{"@type":"EntryPoint","urlTemplate":"https:\/\/www.ummto.dz\/fs\/?s={search_term_string}"},"query-input":{"@type":"PropertyValueSpecification","valueRequired":true,"valueName":"search_term_string"}}],"inLanguage":"fr-FR"}]}},"_links":{"self":[{"href":"https:\/\/www.ummto.dz\/fs\/wp-json\/wp\/v2\/pages\/21018","targetHints":{"allow":["GET"]}}],"collection":[{"href":"https:\/\/www.ummto.dz\/fs\/wp-json\/wp\/v2\/pages"}],"about":[{"href":"https:\/\/www.ummto.dz\/fs\/wp-json\/wp\/v2\/types\/page"}],"author":[{"embeddable":true,"href":"https:\/\/www.ummto.dz\/fs\/wp-json\/wp\/v2\/users\/13"}],"replies":[{"embeddable":true,"href":"https:\/\/www.ummto.dz\/fs\/wp-json\/wp\/v2\/comments?post=21018"}],"version-history":[{"count":27,"href":"https:\/\/www.ummto.dz\/fs\/wp-json\/wp\/v2\/pages\/21018\/revisions"}],"predecessor-version":[{"id":29272,"href":"https:\/\/www.ummto.dz\/fs\/wp-json\/wp\/v2\/pages\/21018\/revisions\/29272"}],"wp:featuredmedia":[{"embeddable":true,"href":"https:\/\/www.ummto.dz\/fs\/wp-json\/wp\/v2\/media\/1278"}],"wp:attachment":[{"href":"https:\/\/www.ummto.dz\/fs\/wp-json\/wp\/v2\/media?parent=21018"}],"curies":[{"name":"wp","href":"https:\/\/api.w.org\/{rel}","templated":true}]}}