{"id":215,"date":"2018-01-30T21:58:27","date_gmt":"2018-01-30T20:58:27","guid":{"rendered":"http:\/\/fgei.ummto.dz\/?page_id=215"},"modified":"2022-04-17T13:26:31","modified_gmt":"2022-04-17T11:26:31","slug":"post-graduation","status":"publish","type":"page","link":"https:\/\/www.ummto.dz\/fs\/post-graduation\/","title":{"rendered":"Service de scolarit\u00e9"},"content":{"rendered":"<p>[et_pb_section fb_built=\u00a0\u00bb1&Prime; fullwidth=\u00a0\u00bbon\u00a0\u00bb _builder_version=\u00a0\u00bb4.16&Prime; _module_preset=\u00a0\u00bbdefault\u00a0\u00bb global_colors_info=\u00a0\u00bb{}\u00a0\u00bb][et_pb_fullwidth_header _builder_version=\u00a0\u00bb4.16&Prime; _module_preset=\u00a0\u00bbdefault\u00a0\u00bb background_enable_color=\u00a0\u00bboff\u00a0\u00bb background_image=\u00a0\u00bbhttps:\/\/www.ummto.dz\/fs\/wp-content\/uploads\/2021\/12\/Banniere-pedagogie.jpg\u00a0\u00bb custom_margin_tablet=\u00a0\u00bb\u00a0\u00bb custom_margin_phone=\u00a0\u00bb\u00a0\u00bb custom_margin_last_edited=\u00a0\u00bbon|desktop\u00a0\u00bb custom_padding=\u00a0\u00bb111px||11px||false|false\u00a0\u00bb custom_padding_tablet=\u00a0\u00bb48px||29px||false|false\u00a0\u00bb custom_padding_phone=\u00a0\u00bb10px||39px||false|false\u00a0\u00bb custom_padding_last_edited=\u00a0\u00bbon|desktop\u00a0\u00bb locked=\u00a0\u00bboff\u00a0\u00bb global_colors_info=\u00a0\u00bb{}\u00a0\u00bb][\/et_pb_fullwidth_header][\/et_pb_section][et_pb_section fb_built=\u00a0\u00bb1&Prime; _builder_version=\u00a0\u00bb4.16&Prime; _module_preset=\u00a0\u00bbdefault\u00a0\u00bb custom_margin=\u00a0\u00bb0px||||false|false\u00a0\u00bb global_colors_info=\u00a0\u00bb{}\u00a0\u00bb][et_pb_row _builder_version=\u00a0\u00bb4.16&Prime; _module_preset=\u00a0\u00bbdefault\u00a0\u00bb custom_margin=\u00a0\u00bb10px||0px||false|false\u00a0\u00bb custom_padding=\u00a0\u00bb0px||0px||false|false\u00a0\u00bb global_colors_info=\u00a0\u00bb{}\u00a0\u00bb][et_pb_column type=\u00a0\u00bb4_4&Prime; _builder_version=\u00a0\u00bb4.16&Prime; _module_preset=\u00a0\u00bbdefault\u00a0\u00bb global_colors_info=\u00a0\u00bb{}\u00a0\u00bb][dsm_text_divider header=\u00a0\u00bbService de Scolarit\u00e9\u00a0\u00bb _builder_version=\u00a0\u00bb4.16&Prime; _module_preset=\u00a0\u00bbdefault\u00a0\u00bb global_colors_info=\u00a0\u00bb{}\u00a0\u00bb][\/dsm_text_divider][\/et_pb_column][\/et_pb_row][\/et_pb_section][et_pb_section fb_built=\u00a0\u00bb1&Prime; admin_label=\u00a0\u00bbsection\u00a0\u00bb _builder_version=\u00a0\u00bb4.17.0&Prime; custom_margin=\u00a0\u00bb0px||0px||false|false\u00a0\u00bb custom_padding=\u00a0\u00bb0px|0px|0px|0px|false|false\u00a0\u00bb hover_enabled=\u00a0\u00bb0&Prime; global_colors_info=\u00a0\u00bb{}\u00a0\u00bb sticky_enabled=\u00a0\u00bb0&Prime;][et_pb_row column_structure=\u00a0\u00bb1_3,2_3&Prime; _builder_version=\u00a0\u00bb4.17.0&Prime; _module_preset=\u00a0\u00bbdefault\u00a0\u00bb hover_enabled=\u00a0\u00bb0&Prime; global_colors_info=\u00a0\u00bb{}\u00a0\u00bb custom_padding=\u00a0\u00bb0px|0px|0px|0px|false|false\u00a0\u00bb sticky_enabled=\u00a0\u00bb0&Prime;][et_pb_column type=\u00a0\u00bb1_3&Prime; _builder_version=\u00a0\u00bb4.17.0&Prime; _module_preset=\u00a0\u00bbdefault\u00a0\u00bb global_colors_info=\u00a0\u00bb{}\u00a0\u00bb][et_pb_text _builder_version=\u00a0\u00bb4.17.0&Prime; _module_preset=\u00a0\u00bbdefault\u00a0\u00bb locked=\u00a0\u00bboff\u00a0\u00bb global_colors_info=\u00a0\u00bb{}\u00a0\u00bb]<\/p>\n<table style=\"border-color: black;background-color: #c0c0c0;border-style: none\">\n<tbody>\n<tr style=\"border-color: black\">\n<td><a href=\"https:\/\/www.ummto.dz\/fs\/post-graduation\/\"> Service de scolarit\u00e9 <\/a><\/td>\n<\/tr>\n<tr style=\"border-color: black\">\n<td><a href=\"https:\/\/www.ummto.dz\/fs\/pedagogie\/\"> Service de l&rsquo;enseignement et d&rsquo;\u00e9valuation<\/a><\/td>\n<\/tr>\n<tr style=\"border-color: black\">\n<td><a href=\"https:\/\/www.ummto.dz\/fs\/service-des-statistiques-de-linformation-et-dorientation-2\/\"> Service des statistiques de l&rsquo;information <\/a><\/td>\n<\/tr>\n<tr style=\"border-color: black\">\n<td><a href=\"https:\/\/www.ummto.dz\/fs\/service-de-diplome\/\"> Service de Dipl\u00f4me <\/a><\/td>\n<\/tr>\n<\/tbody>\n<\/table>\n<p>&nbsp;<\/p>\n<p>[\/et_pb_text][\/et_pb_column][et_pb_column type=\u00a0\u00bb2_3&Prime; _builder_version=\u00a0\u00bb4.17.0&Prime; _module_preset=\u00a0\u00bbdefault\u00a0\u00bb global_colors_info=\u00a0\u00bb{}\u00a0\u00bb][et_pb_text admin_label=\u00a0\u00bbText\u00a0\u00bb _builder_version=\u00a0\u00bb4.16&Prime; background_size=\u00a0\u00bbinitial\u00a0\u00bb background_position=\u00a0\u00bbtop_left\u00a0\u00bb background_repeat=\u00a0\u00bbrepeat\u00a0\u00bb custom_margin=\u00a0\u00bb0px||0px||false|false\u00a0\u00bb custom_padding=\u00a0\u00bb0px||0px||false|false\u00a0\u00bb locked=\u00a0\u00bboff\u00a0\u00bb global_colors_info=\u00a0\u00bb{}\u00a0\u00bb]<\/p>\n<p><span style=\"text-decoration: underline;color: #ff0000\"><strong>Inscription des nouveaux bacheliers\u00a0 :\u00a0<\/strong><\/span><\/p>\n<p><strong><span style=\"color: #000000\">Les nouveaux bacheliers doivent se munir des pi\u00e8ces suivantes:<\/span><\/strong><\/p>\n<ul>\n<li><strong><span style=\"color: #000000\">Original et photocopie du relev\u00e9 de notes du BAC<\/span><\/strong><\/li>\n<li><strong><span style=\"color: #000000\">Deux photos d\u2019identit\u00e9.<\/span><\/strong><\/li>\n<li><strong><span style=\"color: #000000\">Attestation d\u2019affectation.\u00a0\u00a0\u00a0\u00a0\u00a0\u00a0\u00a0\u00a0\u00a0\u00a0\u00a0\u00a0\u00a0\u00a0\u00a0\u00a0\u00a0\u00a0\u00a0\u00a0\u00a0\u00a0\u00a0\u00a0\u00a0\u00a0\u00a0\u00a0\u00a0\u00a0\u00a0\u00a0\u00a0\u00a0\u00a0\u00a0\u00a0\u00a0\u00a0\u00a0\u00a0\u00a0\u00a0\u00a0\u00a0\u00a0\u00a0\u00a0\u00a0\u00a0\u00a0\u00a0\u00a0<\/span><\/strong><\/li>\n<li><strong><span style=\"color: #000000\">Quittance des frais d\u2019inscription.<\/span><\/strong><\/li>\n<li><strong><span style=\"color: #000000\">Extrait de naissance.<\/span><\/strong><\/li>\n<\/ul>\n<p><img decoding=\"async\" src=\"https:\/\/www.ummto.dz\/fs\/wp-content\/uploads\/2021\/03\/inscriptions-240818-v-1-300x150.jpg\" alt=\"\" class=\"wp-image-5100 alignnone size-medium\" style=\"margin-left: auto;margin-right: auto\" width=\"154\" height=\"77\" srcset=\"https:\/\/www.ummto.dz\/fs\/wp-content\/uploads\/2021\/03\/inscriptions-240818-v-1-300x150.jpg 300w, https:\/\/www.ummto.dz\/fs\/wp-content\/uploads\/2021\/03\/inscriptions-240818-v-1-768x384.jpg 768w, https:\/\/www.ummto.dz\/fs\/wp-content\/uploads\/2021\/03\/inscriptions-240818-v-1.jpg 800w\" sizes=\"(max-width: 154px) 100vw, 154px\" \/><\/p>\n<p>&nbsp;<\/p>\n<p>[\/et_pb_text][\/et_pb_column][\/et_pb_row][\/et_pb_section]<\/p>\n","protected":false},"excerpt":{"rendered":"<p><div class=\"et_pb_module dsm_text_divider dsm_text_divider_0\">\n\t\t\t\t\n\t\t\t\t\n\t\t\t\t\n\t\t\t\t\n\t\t\t\t\n\t\t\t\t\n\t\t\t\t<div class=\"et_pb_module_inner\">\n\t\t\t\t\t<div class=\"dsm-text-divider-wrapper dsm-text-divider-align-center et_pb_bg_layout_light\">\n\t\t\t\t\n\t\t\t\t\n\t\t\t\t<div class=\"dsm-text-divider-before dsm-divider\"><\/div>\n\t\t\t\t<h3 class=\"dsm-text-divider-header et_pb_module_header\"><span>Service de Scolarit\u00e9<\/span><\/h3>\n\t\t\t\t<div class=\"dsm-text-divider-after dsm-divider\"><\/div>\n\t\t\t<\/div>\n\t\t\t\t<\/div>\n\t\t\t<\/div> Service de scolarit\u00e9 Service de l&rsquo;enseignement et d&rsquo;\u00e9valuation Service des statistiques de l&rsquo;information Service de Dipl\u00f4me &nbsp;Inscription des nouveaux bacheliers\u00a0 :\u00a0 Les nouveaux bacheliers doivent se munir des pi\u00e8ces suivantes: Original et photocopie du relev\u00e9 de notes du BAC Deux photos d\u2019identit\u00e9. Attestation d\u2019affectation.\u00a0\u00a0\u00a0\u00a0\u00a0\u00a0\u00a0\u00a0\u00a0\u00a0\u00a0\u00a0\u00a0\u00a0\u00a0\u00a0\u00a0\u00a0\u00a0\u00a0\u00a0\u00a0\u00a0\u00a0\u00a0\u00a0\u00a0\u00a0\u00a0\u00a0\u00a0\u00a0\u00a0\u00a0\u00a0\u00a0\u00a0\u00a0\u00a0\u00a0\u00a0\u00a0\u00a0\u00a0\u00a0\u00a0\u00a0\u00a0\u00a0\u00a0\u00a0\u00a0\u00a0 Quittance des frais d\u2019inscription. [&hellip;]<\/p>\n","protected":false},"author":1,"featured_media":0,"parent":0,"menu_order":0,"comment_status":"closed","ping_status":"closed","template":"","meta":{"_et_pb_use_builder":"on","_et_pb_old_content":"&nbsp;\r\n\r\n<span style=\"color: #ff0000;\"><strong>\u00a0<\/strong><\/span>\r\n\r\n&nbsp;\r\n\r\n&nbsp;\r\n\r\n&nbsp;\r\n\r\n<hr \/>\r\n\r\n<span style=\"text-decoration: underline; color: #ff0000;\"><strong>Inscription des nouveaux bacheliers\u00a0 :\u00a0<\/strong><\/span>\r\n\r\n<span style=\"color: #333399;\">Les nouveaux bacheliers doivent se munir des pi\u00e8ces suivantes:<\/span>\r\n<ul>\r\n \t<li><span style=\"color: #333399;\">Original et photocopie du relev\u00e9 de notes du BAC<\/span><\/li>\r\n \t<li><span style=\"color: #333399;\">Deux photos d\u2019identit\u00e9.<\/span><\/li>\r\n \t<li><span style=\"color: #333399;\">Attestation d\u2019affectation.<\/span><img class=\"alignnone wp-image-4197 alignright\" src=\"http:\/\/fs.ummto.dz\/wp-content\/uploads\/2020\/12\/bachelier.jpg\" alt=\"\" width=\"241\" height=\"148\" \/><\/li>\r\n \t<li><span style=\"color: #333399;\">Quittance des frais d\u2019inscription.<\/span><\/li>\r\n \t<li><span style=\"color: #333399;\">Extrait de naissance.<\/span><\/li>\r\n<\/ul>\r\n&nbsp;\r\n<ul style=\"list-style-type: circle;\">\r\n \t<li><\/li>\r\n<\/ul>","_et_gb_content_width":"","footnotes":""},"class_list":["post-215","page","type-page","status-publish","hentry"],"yoast_head":"<!-- This site is optimized with the Yoast SEO plugin v27.3 - https:\/\/yoast.com\/product\/yoast-seo-wordpress\/ -->\n<title>Service de scolarit\u00e9 - Facult\u00e9 des Sciences<\/title>\n<meta name=\"robots\" content=\"index, follow, max-snippet:-1, max-image-preview:large, max-video-preview:-1\" \/>\n<link rel=\"canonical\" href=\"https:\/\/www.ummto.dz\/fs\/post-graduation\/\" \/>\n<meta property=\"og:locale\" content=\"fr_FR\" \/>\n<meta property=\"og:type\" content=\"article\" \/>\n<meta property=\"og:title\" content=\"Service de scolarit\u00e9 - Facult\u00e9 des Sciences\" \/>\n<meta property=\"og:description\" content=\"Service de scolarit\u00e9 Service de l&#039;enseignement et d&#039;\u00e9valuation Service des statistiques de l&#039;information Service de Dipl\u00f4me &nbsp;Inscription des nouveaux bacheliers\u00a0 :\u00a0 Les nouveaux bacheliers doivent se munir des pi\u00e8ces suivantes: Original et photocopie du relev\u00e9 de notes du BAC Deux photos d\u2019identit\u00e9. Attestation d\u2019affectation.\u00a0\u00a0\u00a0\u00a0\u00a0\u00a0\u00a0\u00a0\u00a0\u00a0\u00a0\u00a0\u00a0\u00a0\u00a0\u00a0\u00a0\u00a0\u00a0\u00a0\u00a0\u00a0\u00a0\u00a0\u00a0\u00a0\u00a0\u00a0\u00a0\u00a0\u00a0\u00a0\u00a0\u00a0\u00a0\u00a0\u00a0\u00a0\u00a0\u00a0\u00a0\u00a0\u00a0\u00a0\u00a0\u00a0\u00a0\u00a0\u00a0\u00a0\u00a0\u00a0\u00a0 Quittance des frais d\u2019inscription. [&hellip;]\" \/>\n<meta property=\"og:url\" content=\"https:\/\/www.ummto.dz\/fs\/post-graduation\/\" \/>\n<meta property=\"og:site_name\" content=\"Facult\u00e9 des Sciences\" \/>\n<meta property=\"article:modified_time\" content=\"2022-04-17T11:26:31+00:00\" \/>\n<meta property=\"og:image\" content=\"https:\/\/www.ummto.dz\/fs\/wp-content\/uploads\/2021\/03\/inscriptions-240818-v-1-300x150.jpg\" \/>\n<meta name=\"twitter:card\" content=\"summary_large_image\" \/>\n<meta name=\"twitter:label1\" content=\"Dur\u00e9e de lecture estim\u00e9e\" \/>\n\t<meta name=\"twitter:data1\" content=\"1 minute\" \/>\n<script type=\"application\/ld+json\" class=\"yoast-schema-graph\">{\"@context\":\"https:\\\/\\\/schema.org\",\"@graph\":[{\"@type\":\"WebPage\",\"@id\":\"https:\\\/\\\/www.ummto.dz\\\/fs\\\/post-graduation\\\/\",\"url\":\"https:\\\/\\\/www.ummto.dz\\\/fs\\\/post-graduation\\\/\",\"name\":\"Service de scolarit\u00e9 - Facult\u00e9 des Sciences\",\"isPartOf\":{\"@id\":\"https:\\\/\\\/www.ummto.dz\\\/fs\\\/#website\"},\"primaryImageOfPage\":{\"@id\":\"https:\\\/\\\/www.ummto.dz\\\/fs\\\/post-graduation\\\/#primaryimage\"},\"image\":{\"@id\":\"https:\\\/\\\/www.ummto.dz\\\/fs\\\/post-graduation\\\/#primaryimage\"},\"thumbnailUrl\":\"https:\\\/\\\/www.ummto.dz\\\/fs\\\/wp-content\\\/uploads\\\/2021\\\/03\\\/inscriptions-240818-v-1-300x150.jpg\",\"datePublished\":\"2018-01-30T20:58:27+00:00\",\"dateModified\":\"2022-04-17T11:26:31+00:00\",\"breadcrumb\":{\"@id\":\"https:\\\/\\\/www.ummto.dz\\\/fs\\\/post-graduation\\\/#breadcrumb\"},\"inLanguage\":\"fr-FR\",\"potentialAction\":[{\"@type\":\"ReadAction\",\"target\":[\"https:\\\/\\\/www.ummto.dz\\\/fs\\\/post-graduation\\\/\"]}]},{\"@type\":\"ImageObject\",\"inLanguage\":\"fr-FR\",\"@id\":\"https:\\\/\\\/www.ummto.dz\\\/fs\\\/post-graduation\\\/#primaryimage\",\"url\":\"https:\\\/\\\/www.ummto.dz\\\/fs\\\/wp-content\\\/uploads\\\/2021\\\/03\\\/inscriptions-240818-v-1.jpg\",\"contentUrl\":\"https:\\\/\\\/www.ummto.dz\\\/fs\\\/wp-content\\\/uploads\\\/2021\\\/03\\\/inscriptions-240818-v-1.jpg\",\"width\":800,\"height\":400},{\"@type\":\"BreadcrumbList\",\"@id\":\"https:\\\/\\\/www.ummto.dz\\\/fs\\\/post-graduation\\\/#breadcrumb\",\"itemListElement\":[{\"@type\":\"ListItem\",\"position\":1,\"name\":\"Accueil\",\"item\":\"https:\\\/\\\/www.ummto.dz\\\/fs\\\/\"},{\"@type\":\"ListItem\",\"position\":2,\"name\":\"Service de scolarit\u00e9\"}]},{\"@type\":\"WebSite\",\"@id\":\"https:\\\/\\\/www.ummto.dz\\\/fs\\\/#website\",\"url\":\"https:\\\/\\\/www.ummto.dz\\\/fs\\\/\",\"name\":\"Facult\u00e9 des Sciences\",\"description\":\"universit\u00e9 Moulous Mammeri de Tizi-Ouzou\",\"potentialAction\":[{\"@type\":\"SearchAction\",\"target\":{\"@type\":\"EntryPoint\",\"urlTemplate\":\"https:\\\/\\\/www.ummto.dz\\\/fs\\\/?s={search_term_string}\"},\"query-input\":{\"@type\":\"PropertyValueSpecification\",\"valueRequired\":true,\"valueName\":\"search_term_string\"}}],\"inLanguage\":\"fr-FR\"}]}<\/script>\n<!-- \/ Yoast SEO plugin. -->","yoast_head_json":{"title":"Service de scolarit\u00e9 - Facult\u00e9 des Sciences","robots":{"index":"index","follow":"follow","max-snippet":"max-snippet:-1","max-image-preview":"max-image-preview:large","max-video-preview":"max-video-preview:-1"},"canonical":"https:\/\/www.ummto.dz\/fs\/post-graduation\/","og_locale":"fr_FR","og_type":"article","og_title":"Service de scolarit\u00e9 - Facult\u00e9 des Sciences","og_description":"Service de scolarit\u00e9 Service de l'enseignement et d'\u00e9valuation Service des statistiques de l'information Service de Dipl\u00f4me &nbsp;Inscription des nouveaux bacheliers\u00a0 :\u00a0 Les nouveaux bacheliers doivent se munir des pi\u00e8ces suivantes: Original et photocopie du relev\u00e9 de notes du BAC Deux photos d\u2019identit\u00e9. Attestation d\u2019affectation.\u00a0\u00a0\u00a0\u00a0\u00a0\u00a0\u00a0\u00a0\u00a0\u00a0\u00a0\u00a0\u00a0\u00a0\u00a0\u00a0\u00a0\u00a0\u00a0\u00a0\u00a0\u00a0\u00a0\u00a0\u00a0\u00a0\u00a0\u00a0\u00a0\u00a0\u00a0\u00a0\u00a0\u00a0\u00a0\u00a0\u00a0\u00a0\u00a0\u00a0\u00a0\u00a0\u00a0\u00a0\u00a0\u00a0\u00a0\u00a0\u00a0\u00a0\u00a0\u00a0\u00a0 Quittance des frais d\u2019inscription. [&hellip;]","og_url":"https:\/\/www.ummto.dz\/fs\/post-graduation\/","og_site_name":"Facult\u00e9 des Sciences","article_modified_time":"2022-04-17T11:26:31+00:00","og_image":[{"url":"https:\/\/www.ummto.dz\/fs\/wp-content\/uploads\/2021\/03\/inscriptions-240818-v-1-300x150.jpg","type":"","width":"","height":""}],"twitter_card":"summary_large_image","twitter_misc":{"Dur\u00e9e de lecture estim\u00e9e":"1 minute"},"schema":{"@context":"https:\/\/schema.org","@graph":[{"@type":"WebPage","@id":"https:\/\/www.ummto.dz\/fs\/post-graduation\/","url":"https:\/\/www.ummto.dz\/fs\/post-graduation\/","name":"Service de scolarit\u00e9 - Facult\u00e9 des Sciences","isPartOf":{"@id":"https:\/\/www.ummto.dz\/fs\/#website"},"primaryImageOfPage":{"@id":"https:\/\/www.ummto.dz\/fs\/post-graduation\/#primaryimage"},"image":{"@id":"https:\/\/www.ummto.dz\/fs\/post-graduation\/#primaryimage"},"thumbnailUrl":"https:\/\/www.ummto.dz\/fs\/wp-content\/uploads\/2021\/03\/inscriptions-240818-v-1-300x150.jpg","datePublished":"2018-01-30T20:58:27+00:00","dateModified":"2022-04-17T11:26:31+00:00","breadcrumb":{"@id":"https:\/\/www.ummto.dz\/fs\/post-graduation\/#breadcrumb"},"inLanguage":"fr-FR","potentialAction":[{"@type":"ReadAction","target":["https:\/\/www.ummto.dz\/fs\/post-graduation\/"]}]},{"@type":"ImageObject","inLanguage":"fr-FR","@id":"https:\/\/www.ummto.dz\/fs\/post-graduation\/#primaryimage","url":"https:\/\/www.ummto.dz\/fs\/wp-content\/uploads\/2021\/03\/inscriptions-240818-v-1.jpg","contentUrl":"https:\/\/www.ummto.dz\/fs\/wp-content\/uploads\/2021\/03\/inscriptions-240818-v-1.jpg","width":800,"height":400},{"@type":"BreadcrumbList","@id":"https:\/\/www.ummto.dz\/fs\/post-graduation\/#breadcrumb","itemListElement":[{"@type":"ListItem","position":1,"name":"Accueil","item":"https:\/\/www.ummto.dz\/fs\/"},{"@type":"ListItem","position":2,"name":"Service de scolarit\u00e9"}]},{"@type":"WebSite","@id":"https:\/\/www.ummto.dz\/fs\/#website","url":"https:\/\/www.ummto.dz\/fs\/","name":"Facult\u00e9 des Sciences","description":"universit\u00e9 Moulous Mammeri de Tizi-Ouzou","potentialAction":[{"@type":"SearchAction","target":{"@type":"EntryPoint","urlTemplate":"https:\/\/www.ummto.dz\/fs\/?s={search_term_string}"},"query-input":{"@type":"PropertyValueSpecification","valueRequired":true,"valueName":"search_term_string"}}],"inLanguage":"fr-FR"}]}},"_links":{"self":[{"href":"https:\/\/www.ummto.dz\/fs\/wp-json\/wp\/v2\/pages\/215","targetHints":{"allow":["GET"]}}],"collection":[{"href":"https:\/\/www.ummto.dz\/fs\/wp-json\/wp\/v2\/pages"}],"about":[{"href":"https:\/\/www.ummto.dz\/fs\/wp-json\/wp\/v2\/types\/page"}],"author":[{"embeddable":true,"href":"https:\/\/www.ummto.dz\/fs\/wp-json\/wp\/v2\/users\/1"}],"replies":[{"embeddable":true,"href":"https:\/\/www.ummto.dz\/fs\/wp-json\/wp\/v2\/comments?post=215"}],"version-history":[{"count":41,"href":"https:\/\/www.ummto.dz\/fs\/wp-json\/wp\/v2\/pages\/215\/revisions"}],"predecessor-version":[{"id":13158,"href":"https:\/\/www.ummto.dz\/fs\/wp-json\/wp\/v2\/pages\/215\/revisions\/13158"}],"wp:attachment":[{"href":"https:\/\/www.ummto.dz\/fs\/wp-json\/wp\/v2\/media?parent=215"}],"curies":[{"name":"wp","href":"https:\/\/api.w.org\/{rel}","templated":true}]}}