{"id":27171,"date":"2025-04-21T14:31:16","date_gmt":"2025-04-21T12:31:16","guid":{"rendered":"https:\/\/www.ummto.dz\/fs\/?page_id=27171"},"modified":"2025-06-02T15:57:01","modified_gmt":"2025-06-02T13:57:01","slug":"contact-2","status":"publish","type":"page","link":"https:\/\/www.ummto.dz\/fs\/contact-2\/","title":{"rendered":"Contact"},"content":{"rendered":"<p>[et_pb_section fb_built=\u00a0\u00bb1&Prime; custom_padding_last_edited=\u00a0\u00bbon|desktop\u00a0\u00bb admin_label=\u00a0\u00bbHeader\u00a0\u00bb _builder_version=\u00a0\u00bb4.27.4&Prime; background_image=\u00a0\u00bbhttps:\/\/www.ummto.dz\/fs\/wp-content\/uploads\/2025\/04\/bibliotheque_3_-scaled.webp\u00a0\u00bb parallax=\u00a0\u00bbon\u00a0\u00bb custom_margin=\u00a0\u00bb-4px|40px||40px|false|true\u00a0\u00bb custom_margin_tablet=\u00a0\u00bb\u00a0\u00bb custom_margin_phone=\u00a0\u00bb20px|20px||20px|false|true\u00a0\u00bb custom_margin_last_edited=\u00a0\u00bbon|desktop\u00a0\u00bb custom_padding=\u00a0\u00bb100px|0px|0px|||\u00a0\u00bb custom_padding_tablet=\u00a0\u00bb40px||||false|false\u00a0\u00bb custom_padding_phone=\u00a0\u00bb\u00a0\u00bb locked=\u00a0\u00bboff\u00a0\u00bb global_colors_info=\u00a0\u00bb{}\u00a0\u00bb][et_pb_row column_structure=\u00a0\u00bb1_2,1_2&Prime; custom_padding_last_edited=\u00a0\u00bbon|tablet\u00a0\u00bb _builder_version=\u00a0\u00bb4.27.4&Prime; background_enable_color=\u00a0\u00bboff\u00a0\u00bb background_image=\u00a0\u00bbhttps:\/\/www.ummto.dz\/wp-content\/uploads\/2024\/03\/psychologist-03.jpg\u00a0\u00bb parallax=\u00a0\u00bbon\u00a0\u00bb transform_scale_tablet=\u00a0\u00bb\u00a0\u00bb transform_scale_phone=\u00a0\u00bb\u00a0\u00bb transform_scale_last_edited=\u00a0\u00bbon|desktop\u00a0\u00bb transform_translate=\u00a0\u00bb30px|0px\u00a0\u00bb transform_translate_tablet=\u00a0\u00bb0px|0px\u00a0\u00bb transform_translate_phone=\u00a0\u00bb\u00a0\u00bb transform_translate_last_edited=\u00a0\u00bbon|tablet\u00a0\u00bb transform_translate_linked=\u00a0\u00bboff\u00a0\u00bb transform_rotate_tablet=\u00a0\u00bb\u00a0\u00bb transform_rotate_phone=\u00a0\u00bb\u00a0\u00bb transform_rotate_last_edited=\u00a0\u00bbon|desktop\u00a0\u00bb transform_skew_tablet=\u00a0\u00bb\u00a0\u00bb transform_skew_phone=\u00a0\u00bb\u00a0\u00bb transform_skew_last_edited=\u00a0\u00bbon|desktop\u00a0\u00bb transform_origin_tablet=\u00a0\u00bb\u00a0\u00bb transform_origin_phone=\u00a0\u00bb\u00a0\u00bb transform_origin_last_edited=\u00a0\u00bbon|desktop\u00a0\u00bb transform_styles_last_edited=\u00a0\u00bbon|tablet\u00a0\u00bb width_tablet=\u00a0\u00bb90%\u00a0\u00bb width_phone=\u00a0\u00bb\u00a0\u00bb width_last_edited=\u00a0\u00bbon|desktop\u00a0\u00bb max_width=\u00a0\u00bb1200px\u00a0\u00bb custom_margin=\u00a0\u00bb100px||||false|false\u00a0\u00bb custom_padding=\u00a0\u00bb43px|60px|43px|60px|true|true\u00a0\u00bb custom_padding_tablet=\u00a0\u00bb60px||60px||true|true\u00a0\u00bb custom_padding_phone=\u00a0\u00bb40px|20px|40px|20px|true|true\u00a0\u00bb transform_styles_tablet=\u00a0\u00bb\u00a0\u00bb transform_styles_phone=\u00a0\u00bb\u00a0\u00bb border_radii_phone=\u00a0\u00bboff|8px|8px||\u00a0\u00bb border_radii_last_edited=\u00a0\u00bboff|desktop\u00a0\u00bb box_shadow_style=\u00a0\u00bbpreset3&Prime; box_shadow_vertical=\u00a0\u00bb40px\u00a0\u00bb box_shadow_blur=\u00a0\u00bb110px\u00a0\u00bb box_shadow_spread=\u00a0\u00bb0px\u00a0\u00bb box_shadow_color=\u00a0\u00bbrgba(9,6,38,0.62)\u00a0\u00bb global_colors_info=\u00a0\u00bb{}\u00a0\u00bb][et_pb_column type=\u00a0\u00bb1_2&Prime; _builder_version=\u00a0\u00bb4.16&Prime; global_colors_info=\u00a0\u00bb{}\u00a0\u00bb][et_pb_text _builder_version=\u00a0\u00bb4.27.4&Prime; text_font_size=\u00a0\u00bb16px\u00a0\u00bb text_line_height=\u00a0\u00bb1.8em\u00a0\u00bb header_font=\u00a0\u00bbTaviraj||||||||\u00a0\u00bb header_text_align=\u00a0\u00bbleft\u00a0\u00bb header_font_size=\u00a0\u00bb36px\u00a0\u00bb header_letter_spacing=\u00a0\u00bb3px\u00a0\u00bb header_line_height=\u00a0\u00bb1.2em\u00a0\u00bb max_width=\u00a0\u00bb600px\u00a0\u00bb max_width_last_edited=\u00a0\u00bboff|desktop\u00a0\u00bb module_alignment=\u00a0\u00bbleft\u00a0\u00bb custom_margin=\u00a0\u00bb0px|0px|||false|false\u00a0\u00bb custom_padding=\u00a0\u00bb|75px|0px||false|false\u00a0\u00bb text_font_size_tablet=\u00a0\u00bb\u00a0\u00bb text_font_size_phone=\u00a0\u00bb15px\u00a0\u00bb text_font_size_last_edited=\u00a0\u00bbon|desktop\u00a0\u00bb header_font_size_tablet=\u00a0\u00bb40px\u00a0\u00bb header_font_size_phone=\u00a0\u00bb30px\u00a0\u00bb header_font_size_last_edited=\u00a0\u00bbon|desktop\u00a0\u00bb global_colors_info=\u00a0\u00bb{}\u00a0\u00bb]<\/p>\n<h1 style=\"text-align: center\"><span>Biblioth\u00e8que de la Facult\u00e9 des Sciences<\/span><\/h1>\n<p>[\/et_pb_text][\/et_pb_column][et_pb_column type=\u00a0\u00bb1_2&Prime; _builder_version=\u00a0\u00bb4.16&Prime; global_colors_info=\u00a0\u00bb{}\u00a0\u00bb][et_pb_text _builder_version=\u00a0\u00bb4.27.4&Prime; text_line_height=\u00a0\u00bb1.8em\u00a0\u00bb header_2_font=\u00a0\u00bbTaviraj||||||||\u00a0\u00bb header_2_font_size=\u00a0\u00bb46px\u00a0\u00bb header_2_line_height=\u00a0\u00bb1.2em\u00a0\u00bb min_height=\u00a0\u00bb84.1px\u00a0\u00bb custom_margin=\u00a0\u00bb0px||0px||false|false\u00a0\u00bb custom_padding=\u00a0\u00bb10px||||false|false\u00a0\u00bb custom_padding_tablet=\u00a0\u00bb|30px||50px|true|false\u00a0\u00bb custom_padding_phone=\u00a0\u00bb|30px|||true|false\u00a0\u00bb custom_padding_last_edited=\u00a0\u00bboff|tablet\u00a0\u00bb text_font_size_tablet=\u00a0\u00bb\u00a0\u00bb text_font_size_phone=\u00a0\u00bb15px\u00a0\u00bb text_font_size_last_edited=\u00a0\u00bbon|desktop\u00a0\u00bb header_2_font_size_tablet=\u00a0\u00bb40px\u00a0\u00bb header_2_font_size_phone=\u00a0\u00bb30px\u00a0\u00bb header_2_font_size_last_edited=\u00a0\u00bbon|phone\u00a0\u00bb border_width_all=\u00a0\u00bb5px\u00a0\u00bb border_color_all=\u00a0\u00bb#6B6B6B\u00a0\u00bb border_style_all=\u00a0\u00bbinset\u00a0\u00bb box_shadow_style=\u00a0\u00bbpreset1&Prime; locked=\u00a0\u00bboff\u00a0\u00bb global_colors_info=\u00a0\u00bb{}\u00a0\u00bb]<\/p>\n<h3 style=\"text-align: center\"><strong>Les horaires de travail de la biblioth\u00e8que<\/strong><\/h3>\n<p style=\"text-align: center\"><strong>08h30 15h30mn<\/strong><\/p>\n<p style=\"text-align: justify\">[\/et_pb_text][\/et_pb_column][\/et_pb_row][et_pb_row make_equal=\u00a0\u00bbon\u00a0\u00bb _builder_version=\u00a0\u00bb4.27.4&Prime; _module_preset=\u00a0\u00bbdefault\u00a0\u00bb width=\u00a0\u00bb100%\u00a0\u00bb max_width=\u00a0\u00bb1262px\u00a0\u00bb module_alignment=\u00a0\u00bbcenter\u00a0\u00bb custom_margin=\u00a0\u00bb0px||0px||false|false\u00a0\u00bb custom_padding=\u00a0\u00bb0px|0px|0px|62px|false|false\u00a0\u00bb locked=\u00a0\u00bboff\u00a0\u00bb global_colors_info=\u00a0\u00bb{}\u00a0\u00bb][et_pb_column type=\u00a0\u00bb4_4&Prime; _builder_version=\u00a0\u00bb4.27.4&Prime; _module_preset=\u00a0\u00bbdefault\u00a0\u00bb global_colors_info=\u00a0\u00bb{}\u00a0\u00bb][et_pb_menu menu_id=\u00a0\u00bb61&Prime; menu_style=\u00a0\u00bbcentered\u00a0\u00bb active_link_color=\u00a0\u00bb#000000&Prime; logo_width=\u00a0\u00bb100%\u00a0\u00bb logo_height=\u00a0\u00bb200px\u00a0\u00bb _builder_version=\u00a0\u00bb4.27.4&Prime; _module_preset=\u00a0\u00bbdefault\u00a0\u00bb menu_font=\u00a0\u00bbTaviraj|600|||||||\u00a0\u00bb menu_text_color=\u00a0\u00bb#000000&Prime; menu_font_size=\u00a0\u00bb16px\u00a0\u00bb width=\u00a0\u00bb100%\u00a0\u00bb max_width=\u00a0\u00bb100%\u00a0\u00bb module_alignment=\u00a0\u00bbcenter\u00a0\u00bb custom_margin=\u00a0\u00bb0px||0px|0px|false|false\u00a0\u00bb custom_padding=\u00a0\u00bb5px||5px||false|false\u00a0\u00bb box_shadow_style=\u00a0\u00bbpreset1&Prime; global_colors_info=\u00a0\u00bb{}\u00a0\u00bb][\/et_pb_menu][\/et_pb_column][\/et_pb_row][\/et_pb_section][et_pb_section fb_built=\u00a0\u00bb1&Prime; inner_shadow=\u00a0\u00bbon\u00a0\u00bb _builder_version=\u00a0\u00bb4.27.4&Prime; _module_preset=\u00a0\u00bbdefault\u00a0\u00bb width=\u00a0\u00bb100%\u00a0\u00bb module_alignment=\u00a0\u00bbcenter\u00a0\u00bb custom_margin=\u00a0\u00bb0px||||false|false\u00a0\u00bb custom_padding=\u00a0\u00bb20px||||false|false\u00a0\u00bb global_colors_info=\u00a0\u00bb{}\u00a0\u00bb][et_pb_row _builder_version=\u00a0\u00bb4.27.4&Prime; _module_preset=\u00a0\u00bbdefault\u00a0\u00bb custom_margin=\u00a0\u00bb0px||||false|false\u00a0\u00bb custom_padding=\u00a0\u00bb0px||||false|false\u00a0\u00bb global_colors_info=\u00a0\u00bb{}\u00a0\u00bb][et_pb_column type=\u00a0\u00bb4_4&Prime; _builder_version=\u00a0\u00bb4.27.4&Prime; _module_preset=\u00a0\u00bbdefault\u00a0\u00bb global_colors_info=\u00a0\u00bb{}\u00a0\u00bb][et_pb_text _builder_version=\u00a0\u00bb4.27.4&Prime; _module_preset=\u00a0\u00bbdefault\u00a0\u00bb text_font=\u00a0\u00bbTaviraj|600|||||||\u00a0\u00bb text_text_color=\u00a0\u00bb#000000&Prime; text_font_size=\u00a0\u00bb18px\u00a0\u00bb custom_margin=\u00a0\u00bb0px||||false|false\u00a0\u00bb custom_padding=\u00a0\u00bb0px||||false|false\u00a0\u00bb global_colors_info=\u00a0\u00bb{}\u00a0\u00bb]<\/p>\n<p style=\"text-align: center\"><b>Nous\u00a0 <\/b><b>Contactez<\/b><\/p>\n<p>[\/et_pb_text][\/et_pb_column][\/et_pb_row][et_pb_row column_structure=\u00a0\u00bb2_3,1_3&Prime; _builder_version=\u00a0\u00bb4.27.4&Prime; _module_preset=\u00a0\u00bbdefault\u00a0\u00bb custom_margin=\u00a0\u00bb0px||||false|false\u00a0\u00bb custom_padding=\u00a0\u00bb20px|20px|20px|20px|false|false\u00a0\u00bb box_shadow_style=\u00a0\u00bbpreset1&Prime; global_colors_info=\u00a0\u00bb{}\u00a0\u00bb][et_pb_column type=\u00a0\u00bb2_3&Prime; _builder_version=\u00a0\u00bb4.27.4&Prime; _module_preset=\u00a0\u00bbdefault\u00a0\u00bb global_colors_info=\u00a0\u00bb{}\u00a0\u00bb][et_pb_text _builder_version=\u00a0\u00bb4.27.4&Prime; _module_preset=\u00a0\u00bbdefault\u00a0\u00bb text_font=\u00a0\u00bbTaviraj|500|||||||\u00a0\u00bb text_text_color=\u00a0\u00bb#000000&Prime; text_font_size=\u00a0\u00bb18px\u00a0\u00bb custom_margin=\u00a0\u00bb0px||||false|false\u00a0\u00bb custom_padding=\u00a0\u00bb0px||||false|false\u00a0\u00bb animation_style=\u00a0\u00bbfade\u00a0\u00bb hover_enabled=\u00a0\u00bb0&Prime; global_colors_info=\u00a0\u00bb{}\u00a0\u00bb sticky_enabled=\u00a0\u00bb0&Prime;]<\/p>\n<h5 style=\"text-align: justify;\"><img decoding=\"async\" src=\"https:\/\/www.ummto.dz\/fs\/wp-content\/uploads\/2025\/04\/OIP-1.webp\" width=\"44\" height=\"43\" alt=\"\" class=\"wp-image-27175 alignnone size-full\" srcset=\"https:\/\/www.ummto.dz\/fs\/wp-content\/uploads\/2025\/04\/OIP-1.webp 352w, https:\/\/www.ummto.dz\/fs\/wp-content\/uploads\/2025\/04\/OIP-1-300x291.webp 300w, https:\/\/www.ummto.dz\/fs\/wp-content\/uploads\/2025\/04\/OIP-1-150x150.webp 150w\" sizes=\"(max-width: 44px) 100vw, 44px\" \/>\u00a0<span style=\"color: #008000;\">\u00a0<strong> T\u00e9l \/Fax<\/strong> <\/span><b><span style=\"color: #008000;\">:<\/span> +213 (0) 26 18 61 63\u00a0\u00a0 <\/b><span style=\"color: #3366ff;\"><span style=\"color: #008000;\">et<\/span> \u00a0<\/span><b> 213 (0)26 18 61 64<\/b><\/h5>\n<p style=\"text-align: justify;\"><b><img decoding=\"async\" src=\"https:\/\/www.ummto.dz\/fs\/wp-content\/uploads\/2025\/04\/OIP-2.webp\" width=\"30\" height=\"32\" alt=\"\" class=\"wp-image-27176 alignnone size-full\" srcset=\"https:\/\/www.ummto.dz\/fs\/wp-content\/uploads\/2025\/04\/OIP-2.webp 474w, https:\/\/www.ummto.dz\/fs\/wp-content\/uploads\/2025\/04\/OIP-2-278x300.webp 278w\" sizes=\"(max-width: 30px) 100vw, 30px\" \/><\/b> \u00a0\u00a0 <span style=\"color: #008000;\">\u00a0\u00a0<a href=\"https:\/\/www.ummto.dz\/fs\" style=\"color: #008000;\">https:\/\/www.ummto.dz\/fs<\/a><\/span><\/p>\n<p style=\"text-align: justify;\"><b><img decoding=\"async\" src=\"https:\/\/www.ummto.dz\/fs\/wp-content\/uploads\/2025\/04\/R.webp\" width=\"36\" height=\"36\" alt=\"\" class=\"wp-image-27179 alignnone size-full\" \/>\u00a0 \u00a0\u00a0 <\/b><span style=\"color: #008000;\"><a href=\"mailto:biblio.fs@ummto.dz\" style=\"color: #008000;\">biblio.fs@ummto.dz<\/a><\/span><\/p>\n<h5 style=\"text-align: justify;\"><b><img decoding=\"async\" src=\"https:\/\/www.ummto.dz\/fs\/wp-content\/uploads\/2025\/04\/37864.webp\" width=\"27\" height=\"27\" alt=\"\" class=\"wp-image-27180 alignnone size-full\" \/>\u00a0 \u00a0 \u00a0 \u00a0<\/b><span style=\"color: #008000;\">Universit\u00e9 Mouloud Mammeri de, Campus universitaire HASNAOUA 2<\/span><\/h5>\n<p style=\"text-align: justify;\"><b><img decoding=\"async\" src=\"https:\/\/www.ummto.dz\/fs\/wp-content\/uploads\/2025\/04\/OIP-1-1.webp\" width=\"34\" height=\"34\" alt=\"\" class=\"wp-image-27181 alignnone size-full\" srcset=\"https:\/\/www.ummto.dz\/fs\/wp-content\/uploads\/2025\/04\/OIP-1-1.webp 474w, https:\/\/www.ummto.dz\/fs\/wp-content\/uploads\/2025\/04\/OIP-1-1-300x300.webp 300w, https:\/\/www.ummto.dz\/fs\/wp-content\/uploads\/2025\/04\/OIP-1-1-150x150.webp 150w\" sizes=\"(max-width: 34px) 100vw, 34px\" \/><\/b> \u00a0\u00a0 <span style=\"color: #008000;\">\u00a0<a href=\"https:\/\/maps.app.goo.gl\/BzufgAkA8s2TyifK6\" style=\"color: #008000;\">https:\/\/maps.app.goo.gl\/BzufgAkA8s2TyifK6<\/a><\/span><\/p>\n<p style=\"text-align: justify;\">[\/et_pb_text][\/et_pb_column][et_pb_column type=\u00a0\u00bb1_3&Prime; _builder_version=\u00a0\u00bb4.27.4&Prime; _module_preset=\u00a0\u00bbdefault\u00a0\u00bb global_colors_info=\u00a0\u00bb{}\u00a0\u00bb][et_pb_image src=\u00a0\u00bbhttps:\/\/www.ummto.dz\/fs\/wp-content\/uploads\/2025\/04\/bibfs3-scaled.webp\u00a0\u00bb title_text=\u00a0\u00bbbibfs3&Prime; _builder_version=\u00a0\u00bb4.27.4&Prime; _module_preset=\u00a0\u00bbdefault\u00a0\u00bb min_height=\u00a0\u00bb456.4px\u00a0\u00bb global_colors_info=\u00a0\u00bb{}\u00a0\u00bb][\/et_pb_image][\/et_pb_column][\/et_pb_row][\/et_pb_section]<\/p>\n","protected":false},"excerpt":{"rendered":"<p>Biblioth\u00e8que de la Facult\u00e9 des SciencesLes horaires de travail de la biblioth\u00e8que 08h30 15h30mn Nous\u00a0 Contactez\u00a0\u00a0 T\u00e9l \/Fax : +213 (0) 26 18 61 63\u00a0\u00a0 et \u00a0 213 (0)26 18 61 64 \u00a0\u00a0 \u00a0\u00a0https:\/\/www.ummto.dz\/fs \u00a0 \u00a0\u00a0 biblio.fs@ummto.dz \u00a0 \u00a0 \u00a0 \u00a0Universit\u00e9 Mouloud Mammeri de, Campus universitaire HASNAOUA 2 \u00a0\u00a0 \u00a0https:\/\/maps.app.goo.gl\/BzufgAkA8s2TyifK6<\/p>\n","protected":false},"author":1,"featured_media":0,"parent":0,"menu_order":0,"comment_status":"closed","ping_status":"closed","template":"","meta":{"_et_pb_use_builder":"on","_et_pb_old_content":"<!-- wp:divi\/placeholder \/-->","_et_gb_content_width":"","footnotes":""},"class_list":["post-27171","page","type-page","status-publish","hentry"],"yoast_head":"<!-- This site is optimized with the Yoast SEO plugin v27.3 - https:\/\/yoast.com\/product\/yoast-seo-wordpress\/ -->\n<title>Contact - Facult\u00e9 des Sciences<\/title>\n<meta name=\"robots\" content=\"index, follow, max-snippet:-1, max-image-preview:large, max-video-preview:-1\" \/>\n<link rel=\"canonical\" href=\"https:\/\/www.ummto.dz\/fs\/contact-2\/\" \/>\n<meta property=\"og:locale\" content=\"fr_FR\" \/>\n<meta property=\"og:type\" content=\"article\" \/>\n<meta property=\"og:title\" content=\"Contact - Facult\u00e9 des Sciences\" \/>\n<meta property=\"og:description\" content=\"Biblioth\u00e8que de la Facult\u00e9 des SciencesLes horaires de travail de la biblioth\u00e8que 08h30 15h30mn Nous\u00a0 Contactez\u00a0\u00a0 T\u00e9l \/Fax : +213 (0) 26 18 61 63\u00a0\u00a0 et \u00a0 213 (0)26 18 61 64 \u00a0\u00a0 \u00a0\u00a0https:\/\/www.ummto.dz\/fs \u00a0 \u00a0\u00a0 biblio.fs@ummto.dz \u00a0 \u00a0 \u00a0 \u00a0Universit\u00e9 Mouloud Mammeri de, Campus universitaire HASNAOUA 2 \u00a0\u00a0 \u00a0https:\/\/maps.app.goo.gl\/BzufgAkA8s2TyifK6\" \/>\n<meta property=\"og:url\" content=\"https:\/\/www.ummto.dz\/fs\/contact-2\/\" \/>\n<meta property=\"og:site_name\" content=\"Facult\u00e9 des Sciences\" \/>\n<meta property=\"article:modified_time\" content=\"2025-06-02T13:57:01+00:00\" \/>\n<meta property=\"og:image\" content=\"https:\/\/www.ummto.dz\/fs\/wp-content\/uploads\/2025\/04\/OIP-1.webp\" \/>\n\t<meta property=\"og:image:width\" content=\"352\" \/>\n\t<meta property=\"og:image:height\" content=\"341\" \/>\n\t<meta property=\"og:image:type\" content=\"image\/webp\" \/>\n<meta name=\"twitter:card\" content=\"summary_large_image\" \/>\n<script type=\"application\/ld+json\" class=\"yoast-schema-graph\">{\"@context\":\"https:\\\/\\\/schema.org\",\"@graph\":[{\"@type\":\"WebPage\",\"@id\":\"https:\\\/\\\/www.ummto.dz\\\/fs\\\/contact-2\\\/\",\"url\":\"https:\\\/\\\/www.ummto.dz\\\/fs\\\/contact-2\\\/\",\"name\":\"Contact - Facult\u00e9 des Sciences\",\"isPartOf\":{\"@id\":\"https:\\\/\\\/www.ummto.dz\\\/fs\\\/#website\"},\"primaryImageOfPage\":{\"@id\":\"https:\\\/\\\/www.ummto.dz\\\/fs\\\/contact-2\\\/#primaryimage\"},\"image\":{\"@id\":\"https:\\\/\\\/www.ummto.dz\\\/fs\\\/contact-2\\\/#primaryimage\"},\"thumbnailUrl\":\"https:\\\/\\\/www.ummto.dz\\\/fs\\\/wp-content\\\/uploads\\\/2025\\\/04\\\/OIP-1.webp\",\"datePublished\":\"2025-04-21T12:31:16+00:00\",\"dateModified\":\"2025-06-02T13:57:01+00:00\",\"breadcrumb\":{\"@id\":\"https:\\\/\\\/www.ummto.dz\\\/fs\\\/contact-2\\\/#breadcrumb\"},\"inLanguage\":\"fr-FR\",\"potentialAction\":[{\"@type\":\"ReadAction\",\"target\":[\"https:\\\/\\\/www.ummto.dz\\\/fs\\\/contact-2\\\/\"]}]},{\"@type\":\"ImageObject\",\"inLanguage\":\"fr-FR\",\"@id\":\"https:\\\/\\\/www.ummto.dz\\\/fs\\\/contact-2\\\/#primaryimage\",\"url\":\"https:\\\/\\\/www.ummto.dz\\\/fs\\\/wp-content\\\/uploads\\\/2025\\\/04\\\/OIP-1.webp\",\"contentUrl\":\"https:\\\/\\\/www.ummto.dz\\\/fs\\\/wp-content\\\/uploads\\\/2025\\\/04\\\/OIP-1.webp\",\"width\":352,\"height\":341},{\"@type\":\"BreadcrumbList\",\"@id\":\"https:\\\/\\\/www.ummto.dz\\\/fs\\\/contact-2\\\/#breadcrumb\",\"itemListElement\":[{\"@type\":\"ListItem\",\"position\":1,\"name\":\"Accueil\",\"item\":\"https:\\\/\\\/www.ummto.dz\\\/fs\\\/\"},{\"@type\":\"ListItem\",\"position\":2,\"name\":\"Contact\"}]},{\"@type\":\"WebSite\",\"@id\":\"https:\\\/\\\/www.ummto.dz\\\/fs\\\/#website\",\"url\":\"https:\\\/\\\/www.ummto.dz\\\/fs\\\/\",\"name\":\"Facult\u00e9 des Sciences\",\"description\":\"universit\u00e9 Moulous Mammeri de Tizi-Ouzou\",\"potentialAction\":[{\"@type\":\"SearchAction\",\"target\":{\"@type\":\"EntryPoint\",\"urlTemplate\":\"https:\\\/\\\/www.ummto.dz\\\/fs\\\/?s={search_term_string}\"},\"query-input\":{\"@type\":\"PropertyValueSpecification\",\"valueRequired\":true,\"valueName\":\"search_term_string\"}}],\"inLanguage\":\"fr-FR\"}]}<\/script>\n<!-- \/ Yoast SEO plugin. -->","yoast_head_json":{"title":"Contact - Facult\u00e9 des Sciences","robots":{"index":"index","follow":"follow","max-snippet":"max-snippet:-1","max-image-preview":"max-image-preview:large","max-video-preview":"max-video-preview:-1"},"canonical":"https:\/\/www.ummto.dz\/fs\/contact-2\/","og_locale":"fr_FR","og_type":"article","og_title":"Contact - Facult\u00e9 des Sciences","og_description":"Biblioth\u00e8que de la Facult\u00e9 des SciencesLes horaires de travail de la biblioth\u00e8que 08h30 15h30mn Nous\u00a0 Contactez\u00a0\u00a0 T\u00e9l \/Fax : +213 (0) 26 18 61 63\u00a0\u00a0 et \u00a0 213 (0)26 18 61 64 \u00a0\u00a0 \u00a0\u00a0https:\/\/www.ummto.dz\/fs \u00a0 \u00a0\u00a0 biblio.fs@ummto.dz \u00a0 \u00a0 \u00a0 \u00a0Universit\u00e9 Mouloud Mammeri de, Campus universitaire HASNAOUA 2 \u00a0\u00a0 \u00a0https:\/\/maps.app.goo.gl\/BzufgAkA8s2TyifK6","og_url":"https:\/\/www.ummto.dz\/fs\/contact-2\/","og_site_name":"Facult\u00e9 des Sciences","article_modified_time":"2025-06-02T13:57:01+00:00","og_image":[{"width":352,"height":341,"url":"https:\/\/www.ummto.dz\/fs\/wp-content\/uploads\/2025\/04\/OIP-1.webp","type":"image\/webp"}],"twitter_card":"summary_large_image","schema":{"@context":"https:\/\/schema.org","@graph":[{"@type":"WebPage","@id":"https:\/\/www.ummto.dz\/fs\/contact-2\/","url":"https:\/\/www.ummto.dz\/fs\/contact-2\/","name":"Contact - Facult\u00e9 des Sciences","isPartOf":{"@id":"https:\/\/www.ummto.dz\/fs\/#website"},"primaryImageOfPage":{"@id":"https:\/\/www.ummto.dz\/fs\/contact-2\/#primaryimage"},"image":{"@id":"https:\/\/www.ummto.dz\/fs\/contact-2\/#primaryimage"},"thumbnailUrl":"https:\/\/www.ummto.dz\/fs\/wp-content\/uploads\/2025\/04\/OIP-1.webp","datePublished":"2025-04-21T12:31:16+00:00","dateModified":"2025-06-02T13:57:01+00:00","breadcrumb":{"@id":"https:\/\/www.ummto.dz\/fs\/contact-2\/#breadcrumb"},"inLanguage":"fr-FR","potentialAction":[{"@type":"ReadAction","target":["https:\/\/www.ummto.dz\/fs\/contact-2\/"]}]},{"@type":"ImageObject","inLanguage":"fr-FR","@id":"https:\/\/www.ummto.dz\/fs\/contact-2\/#primaryimage","url":"https:\/\/www.ummto.dz\/fs\/wp-content\/uploads\/2025\/04\/OIP-1.webp","contentUrl":"https:\/\/www.ummto.dz\/fs\/wp-content\/uploads\/2025\/04\/OIP-1.webp","width":352,"height":341},{"@type":"BreadcrumbList","@id":"https:\/\/www.ummto.dz\/fs\/contact-2\/#breadcrumb","itemListElement":[{"@type":"ListItem","position":1,"name":"Accueil","item":"https:\/\/www.ummto.dz\/fs\/"},{"@type":"ListItem","position":2,"name":"Contact"}]},{"@type":"WebSite","@id":"https:\/\/www.ummto.dz\/fs\/#website","url":"https:\/\/www.ummto.dz\/fs\/","name":"Facult\u00e9 des Sciences","description":"universit\u00e9 Moulous Mammeri de Tizi-Ouzou","potentialAction":[{"@type":"SearchAction","target":{"@type":"EntryPoint","urlTemplate":"https:\/\/www.ummto.dz\/fs\/?s={search_term_string}"},"query-input":{"@type":"PropertyValueSpecification","valueRequired":true,"valueName":"search_term_string"}}],"inLanguage":"fr-FR"}]}},"_links":{"self":[{"href":"https:\/\/www.ummto.dz\/fs\/wp-json\/wp\/v2\/pages\/27171","targetHints":{"allow":["GET"]}}],"collection":[{"href":"https:\/\/www.ummto.dz\/fs\/wp-json\/wp\/v2\/pages"}],"about":[{"href":"https:\/\/www.ummto.dz\/fs\/wp-json\/wp\/v2\/types\/page"}],"author":[{"embeddable":true,"href":"https:\/\/www.ummto.dz\/fs\/wp-json\/wp\/v2\/users\/1"}],"replies":[{"embeddable":true,"href":"https:\/\/www.ummto.dz\/fs\/wp-json\/wp\/v2\/comments?post=27171"}],"version-history":[{"count":9,"href":"https:\/\/www.ummto.dz\/fs\/wp-json\/wp\/v2\/pages\/27171\/revisions"}],"predecessor-version":[{"id":28040,"href":"https:\/\/www.ummto.dz\/fs\/wp-json\/wp\/v2\/pages\/27171\/revisions\/28040"}],"wp:attachment":[{"href":"https:\/\/www.ummto.dz\/fs\/wp-json\/wp\/v2\/media?parent=27171"}],"curies":[{"name":"wp","href":"https:\/\/api.w.org\/{rel}","templated":true}]}}