{"id":29,"date":"2018-01-29T19:21:14","date_gmt":"2018-01-29T18:21:14","guid":{"rendered":"http:\/\/fgei.ummto.dz\/?page_id=29"},"modified":"2025-06-01T12:05:54","modified_gmt":"2025-06-01T10:05:54","slug":"infrastructures","status":"publish","type":"page","link":"https:\/\/www.ummto.dz\/fs\/infrastructures\/","title":{"rendered":"Mot du Doyen"},"content":{"rendered":"<p>[et_pb_section fb_built=\u00a0\u00bb1&Prime; fullwidth=\u00a0\u00bbon\u00a0\u00bb _builder_version=\u00a0\u00bb4.16&Prime; _module_preset=\u00a0\u00bbdefault\u00a0\u00bb top_divider_height_tablet=\u00a0\u00bb\u00a0\u00bb top_divider_height_phone=\u00a0\u00bb17px\u00a0\u00bb top_divider_height_last_edited=\u00a0\u00bbon|phone\u00a0\u00bb bottom_divider_style=\u00a0\u00bbwaves\u00a0\u00bb bottom_divider_color=\u00a0\u00bb#FFFFFF\u00a0\u00bb bottom_divider_height=\u00a0\u00bb14px\u00a0\u00bb bottom_divider_height_tablet=\u00a0\u00bb14px\u00a0\u00bb bottom_divider_height_phone=\u00a0\u00bb3px\u00a0\u00bb bottom_divider_height_last_edited=\u00a0\u00bbon|desktop\u00a0\u00bb locked=\u00a0\u00bboff\u00a0\u00bb global_colors_info=\u00a0\u00bb{}\u00a0\u00bb][et_pb_fullwidth_header _builder_version=\u00a0\u00bb4.27.4&Prime; _module_preset=\u00a0\u00bbdefault\u00a0\u00bb background_enable_color=\u00a0\u00bboff\u00a0\u00bb background_image=\u00a0\u00bbhttps:\/\/www.ummto.dz\/fs\/wp-content\/uploads\/2021\/12\/Banniere-FS.webp\u00a0\u00bb custom_margin=\u00a0\u00bb0px||0px||false|false\u00a0\u00bb custom_padding=\u00a0\u00bb111px|10px|29px|23px|false|false\u00a0\u00bb custom_padding_tablet=\u00a0\u00bb48px|0px||0px|false|false\u00a0\u00bb custom_padding_phone=\u00a0\u00bb10px||29px||false|false\u00a0\u00bb custom_padding_last_edited=\u00a0\u00bbon|tablet\u00a0\u00bb hover_enabled=\u00a0\u00bb0&Prime; locked=\u00a0\u00bboff\u00a0\u00bb global_colors_info=\u00a0\u00bb{}\u00a0\u00bb sticky_enabled=\u00a0\u00bb0&Prime;][\/et_pb_fullwidth_header][\/et_pb_section][et_pb_section fb_built=\u00a0\u00bb1&Prime; _builder_version=\u00a0\u00bb4.16&Prime; custom_padding=\u00a0\u00bb1px||||false|false\u00a0\u00bb global_colors_info=\u00a0\u00bb{}\u00a0\u00bb][et_pb_row _builder_version=\u00a0\u00bb4.16&Prime; background_size=\u00a0\u00bbinitial\u00a0\u00bb background_position=\u00a0\u00bbtop_left\u00a0\u00bb background_repeat=\u00a0\u00bbrepeat\u00a0\u00bb global_colors_info=\u00a0\u00bb{}\u00a0\u00bb][et_pb_column type=\u00a0\u00bb4_4&Prime; _builder_version=\u00a0\u00bb4.16&Prime; custom_padding=\u00a0\u00bb|||\u00a0\u00bb global_colors_info=\u00a0\u00bb{}\u00a0\u00bb custom_padding__hover=\u00a0\u00bb|||\u00a0\u00bb][dsm_text_divider divider_weight=\u00a0\u00bb2px\u00a0\u00bb text_gap=\u00a0\u00bb2px\u00a0\u00bb _builder_version=\u00a0\u00bb4.27.0&Prime; _module_preset=\u00a0\u00bbdefault\u00a0\u00bb header_font=\u00a0\u00bb|700|||||||\u00a0\u00bb header_text_color=\u00a0\u00bb#130cd6&Prime; header_font_size=\u00a0\u00bb19px\u00a0\u00bb header_font_size_tablet=\u00a0\u00bb20px\u00a0\u00bb header_font_size_phone=\u00a0\u00bb11px\u00a0\u00bb header_font_size_last_edited=\u00a0\u00bbon|desktop\u00a0\u00bb global_colors_info=\u00a0\u00bb{}\u00a0\u00bb][\/dsm_text_divider][et_pb_text _builder_version=\u00a0\u00bb4.27.0&Prime; background_size=\u00a0\u00bbinitial\u00a0\u00bb background_position=\u00a0\u00bbtop_left\u00a0\u00bb background_repeat=\u00a0\u00bbrepeat\u00a0\u00bb text_font_size_tablet=\u00a0\u00bb\u00a0\u00bb text_font_size_phone=\u00a0\u00bb\u00a0\u00bb text_font_size_last_edited=\u00a0\u00bbon|desktop\u00a0\u00bb global_colors_info=\u00a0\u00bb{}\u00a0\u00bb]<\/p>\n<p><em><strong><span style=\"color: #000080\">\u00a0<\/span><\/strong><\/em><\/p>\n<p style=\"text-align: right\">[\/et_pb_text][\/et_pb_column][\/et_pb_row][\/et_pb_section]<\/p>\n","protected":false},"excerpt":{"rendered":"<div class=\"et_pb_module dsm_text_divider dsm_text_divider_0\">\n\t\t\t\t\n\t\t\t\t\n\t\t\t\t\n\t\t\t\t\n\t\t\t\t\n\t\t\t\t\n\t\t\t\t<div class=\"et_pb_module_inner\">\n\t\t\t\t\t<div class=\"dsm-text-divider-wrapper dsm-text-divider-align-center et_pb_bg_layout_light\">\n\t\t\t\t\n\t\t\t\t\n\t\t\t\t<div class=\"dsm-text-divider-before dsm-divider\"><\/div>\n\t\t\t\t<h3 class=\"dsm-text-divider-header et_pb_module_header\"><span>Divider Text<\/span><\/h3>\n\t\t\t\t<div class=\"dsm-text-divider-after dsm-divider\"><\/div>\n\t\t\t<\/div>\n\t\t\t\t<\/div>\n\t\t\t<\/div>\n","protected":false},"author":1,"featured_media":0,"parent":0,"menu_order":0,"comment_status":"closed","ping_status":"closed","template":"","meta":{"_et_pb_use_builder":"on","_et_pb_old_content":"<p><span style=\"color: #000080;\">Chers \u00e9tudiants, coll\u00e8gues et collaborateurs.<\/span><\/p><p style=\"text-align: left;\"><span style=\"color: #000080;\"><img class=\"wp-image-4113 alignleft\" src=\"https:\/\/www.ummto.dz\/fs\/wp-content\/uploads\/2020\/12\/Hamaz_Abdelghani-300x300.jpg\" alt=\"\" width=\"127\" height=\"127\" \/> Bienvenue sur le site de la Facult\u00e9 des Sciences de l\u2019Universit\u00e9 Mouloud Mammeri (UMMTO). Vous trouverez toutes les informations dont vous avez besoin sur notre mission, nos activit\u00e9s scientifiques et d'enseignement ainsi que les programmes d'\u00e9tudes. En tant que nouveau Doyen, j\u2019adresse mes plus sinc\u00e8res remerciements \u00e0 Monsieur le Recteur de l\u2019UMMTO pour la confiance qu\u2019il m\u2019accorde. C\u2019est avec fiert\u00e9, int\u00e9grit\u00e9 et d\u00e9vouement que j\u2019assume cette nouvelle responsabilit\u00e9.<\/span><\/p><p style=\"text-align: justify;\"><span style=\"color: #000080;\">La nouvelle \u00e9quipe du d\u00e9canat avec les vice-Doyens <span style=\"color: #333399;\">Madame Bedouhene Fazia <\/span>et <span style=\"color: #333399;\">Monsieur Hamidi Mahdi<\/span>, ne m\u00e9nagera aucun effort pour atteindre les objectifs de l\u2019excellence en enseignement et en recherche et continuer \u00e0 am\u00e9liorer les conditions de travail, d\u2019encadrement, et plus g\u00e9n\u00e9ralement le bien-\u00eatre des \u00e9tudiants,des enseignants et du personnel administratif et technique.<\/span><\/p><p><span style=\"color: #000080;\">Des efforts seront \u00e9galement r\u00e9alis\u00e9s pour partager avec les nouveaux bacheliers notre passion pour les sciences exactes. Finalement, une mission importante du d\u00e9canat sera de d\u00e9velopper les liens avec notre localit\u00e9 pour mieux faire conna\u00eetre notre facult\u00e9 et les nombreux d\u00e9fis scientifiques et technologiques de notre temps.<\/span><\/p><p><span style=\"color: #000080;\">Chacun dans son r\u00f4le, chacun avec ses forces et ses comp\u00e9tences, nous saurons accomplir des exploits.<\/span><\/p><p style=\"text-align: justify;\"><span style=\"color: #000080;\">Les chefs de d\u00e9partement, chevilles ouvri\u00e8res de la p\u00e9dagogie ont la t\u00e2che d\u2019assurer un fonctionnement, p\u00e9dagogique et administratif, coh\u00e9rent et efficace. En compl\u00e9mentarit\u00e9 avec les responsables p\u00e9dagogiques, ils veilleront \u00e0 la qualit\u00e9 et aux normes des programmes des enseignements.<\/span><\/p><p><span style=\"color: #000080;\">Les comit\u00e9s et le conseils scientifiques par leurs travaux et d\u00e9bats sont des atouts incontournables dans la r\u00e9flexion p\u00e9dagogique et scientifique et dans leurs recommandations pour nous aider \u00e0 mieux d\u00e9finir les orientations scientifiques de notre facult\u00e9.<\/span><\/p><p style=\"text-align: justify;\"><span style=\"color: #000080;\">L\u2019implication des laboratoires de recherche rattach\u00e9s \u00e0 la facult\u00e9 des sciences nous permettra sans aucun doute d\u2019assurer un enseignement sp\u00e9cialis\u00e9 de haut niveau dans les domaines d\u2019actualit\u00e9 et des plus avanc\u00e9s. Ces \u00e9l\u00e9ments profiteront \u00e9galement aux \u00e9tudiants de premier cycle qui b\u00e9n\u00e9ficieront d\u2019un encadrement de qualit\u00e9, personnalis\u00e9, et d\u2019enseignants de premier plan pouvant leur transmettre les connaissances de base indispensables mais \u00e9galement leur enthousiasme pour la recherche et ainsi, les sensibiliser aux d\u00e9fis scientifiques d'aujourd\u2019hui et de demain.<\/span><\/p><p style=\"text-align: justify;\"><span style=\"color: #000080;\">La participation de notre facult\u00e9 aux programmes nationaux et internationaux de mobilit\u00e9 acad\u00e9mique et d'\u00e9change \u00e0 tous les niveaux est \u00e0 encourager. C\u2019est en soutenant de fa\u00e7on strat\u00e9gique la mobilit\u00e9 que nous augmenterons les comp\u00e9tences de notre personnel enseignant et de nos \u00e9tudiants.<\/span><\/p><p style=\"text-align: justify;\"><span style=\"color: #000080;\">Enfin, nos services du personnel administratif et technique et, \u00e0 leur t\u00eate, la secr\u00e9taire g\u00e9n\u00e9rale sont disponibles pour r\u00e9pondre aux probl\u00e8mes quotidiens de la gestion du personnel : soutien \u00e0 la p\u00e9dagogie, avancement, recrutement, s\u00e9lection, formation, r\u00e9paration, maintenance, reprographie, s\u00e9curit\u00e9,etc.<\/span><\/p><p style=\"text-align: justify;\"><span style=\"color: #000080;\">Je ne peux m\u2019emp\u00eacher de r\u00e9it\u00e9rer l\u2019\u00e9vocation de la situation in\u00e9dite de la pand\u00e9mie de la covid-19 que nous subissons. A cet effet, nous devons respecter et faire respecter \u00e0 la lettre le protocole sanitaire et s\u2019adapter tr\u00e8s vite pour assurer la continuit\u00e9.<\/span><\/p><p style=\"text-align: justify;\"><span style=\"color: #000080;\">En conclusion, le XXIe si\u00e8cle est l'\u00e8re des connaissances, des opportunit\u00e9s et des d\u00e9fis, accessibles \u00e0 tous ceux qui sont pr\u00eats \u00e0 les accepter. Venez partager avec nous vos id\u00e9es et suggestions.<\/span><\/p><p><span style=\"color: #000080;\"><strong>*****\u00a0\u00a0\u00a0 Dr.\u00a0 Abdelghani\u00a0 HAMAZ\u00a0\u00a0*****<\/strong><\/span><\/p><p><span style=\"color: #000080;\"><strong>DOYEN DE LA FACULT\u00c9 DES SCIENCES\u00a0\u00a0<\/strong><\/span><\/p><p><span style=\"color: #000080;\"><strong>DE L'UNIVERSIT\u00c9\u00a0MOULOUD MAMMERI<\/strong><\/span><\/p><p><span style=\"color: #000080;\">T\u00e9l Fax\u00a0 :\u00a0 +213\u00a0 \u00a0(0) 26 18 61 63 et 213 (0)26 18 61 64\u00a0<\/span><\/p><p><span style=\"color: #000080;\">Courrier : BP N\u00b0 17, RP 15000\u00a0Tizi-Ouzou - DZ<\/span><\/p><p><span style=\"color: #000080;\">Courriel\u00a0 :<\/span>\u00a0<span style=\"color: #0000ff;\"><a style=\"color: #0000ff;\" href=\"mailto:decanat.fs@ummto.dz\">decanat.fs@ummto.dz<\/a><\/span><\/p><p>\u00a0<\/p><p style=\"text-align: right;\">\u00a0<\/p>","_et_gb_content_width":"","footnotes":""},"class_list":["post-29","page","type-page","status-publish","hentry"],"yoast_head":"<!-- This site is optimized with the Yoast SEO plugin v27.3 - https:\/\/yoast.com\/product\/yoast-seo-wordpress\/ -->\n<title>Mot du Doyen - Facult\u00e9 des Sciences<\/title>\n<meta name=\"description\" content=\"Mot de Doyen de la Facult\u00e9 des Sciences de L&#039;UMMTO\" \/>\n<meta name=\"robots\" content=\"index, follow, max-snippet:-1, max-image-preview:large, max-video-preview:-1\" \/>\n<link rel=\"canonical\" href=\"https:\/\/www.ummto.dz\/fs\/infrastructures\/\" \/>\n<meta property=\"og:locale\" content=\"fr_FR\" \/>\n<meta property=\"og:type\" content=\"article\" \/>\n<meta property=\"og:title\" content=\"Mot du Doyen - Facult\u00e9 des Sciences\" \/>\n<meta property=\"og:description\" content=\"Mot de Doyen de la Facult\u00e9 des Sciences de L&#039;UMMTO\" \/>\n<meta property=\"og:url\" content=\"https:\/\/www.ummto.dz\/fs\/infrastructures\/\" \/>\n<meta property=\"og:site_name\" content=\"Facult\u00e9 des Sciences\" \/>\n<meta property=\"article:modified_time\" content=\"2025-06-01T10:05:54+00:00\" \/>\n<meta name=\"twitter:card\" content=\"summary_large_image\" \/>\n<meta name=\"twitter:label1\" content=\"Dur\u00e9e de lecture estim\u00e9e\" \/>\n\t<meta name=\"twitter:data1\" content=\"3 minutes\" \/>\n<script type=\"application\/ld+json\" class=\"yoast-schema-graph\">{\"@context\":\"https:\\\/\\\/schema.org\",\"@graph\":[{\"@type\":\"WebPage\",\"@id\":\"https:\\\/\\\/www.ummto.dz\\\/fs\\\/infrastructures\\\/\",\"url\":\"https:\\\/\\\/www.ummto.dz\\\/fs\\\/infrastructures\\\/\",\"name\":\"Mot du Doyen - Facult\u00e9 des Sciences\",\"isPartOf\":{\"@id\":\"https:\\\/\\\/www.ummto.dz\\\/fs\\\/#website\"},\"datePublished\":\"2018-01-29T18:21:14+00:00\",\"dateModified\":\"2025-06-01T10:05:54+00:00\",\"description\":\"Mot de Doyen de la Facult\u00e9 des Sciences de L'UMMTO\",\"breadcrumb\":{\"@id\":\"https:\\\/\\\/www.ummto.dz\\\/fs\\\/infrastructures\\\/#breadcrumb\"},\"inLanguage\":\"fr-FR\",\"potentialAction\":[{\"@type\":\"ReadAction\",\"target\":[\"https:\\\/\\\/www.ummto.dz\\\/fs\\\/infrastructures\\\/\"]}]},{\"@type\":\"BreadcrumbList\",\"@id\":\"https:\\\/\\\/www.ummto.dz\\\/fs\\\/infrastructures\\\/#breadcrumb\",\"itemListElement\":[{\"@type\":\"ListItem\",\"position\":1,\"name\":\"Accueil\",\"item\":\"https:\\\/\\\/www.ummto.dz\\\/fs\\\/\"},{\"@type\":\"ListItem\",\"position\":2,\"name\":\"Mot du Doyen\"}]},{\"@type\":\"WebSite\",\"@id\":\"https:\\\/\\\/www.ummto.dz\\\/fs\\\/#website\",\"url\":\"https:\\\/\\\/www.ummto.dz\\\/fs\\\/\",\"name\":\"Facult\u00e9 des Sciences\",\"description\":\"universit\u00e9 Moulous Mammeri de Tizi-Ouzou\",\"potentialAction\":[{\"@type\":\"SearchAction\",\"target\":{\"@type\":\"EntryPoint\",\"urlTemplate\":\"https:\\\/\\\/www.ummto.dz\\\/fs\\\/?s={search_term_string}\"},\"query-input\":{\"@type\":\"PropertyValueSpecification\",\"valueRequired\":true,\"valueName\":\"search_term_string\"}}],\"inLanguage\":\"fr-FR\"}]}<\/script>\n<!-- \/ Yoast SEO plugin. -->","yoast_head_json":{"title":"Mot du Doyen - Facult\u00e9 des Sciences","description":"Mot de Doyen de la Facult\u00e9 des Sciences de L'UMMTO","robots":{"index":"index","follow":"follow","max-snippet":"max-snippet:-1","max-image-preview":"max-image-preview:large","max-video-preview":"max-video-preview:-1"},"canonical":"https:\/\/www.ummto.dz\/fs\/infrastructures\/","og_locale":"fr_FR","og_type":"article","og_title":"Mot du Doyen - Facult\u00e9 des Sciences","og_description":"Mot de Doyen de la Facult\u00e9 des Sciences de L'UMMTO","og_url":"https:\/\/www.ummto.dz\/fs\/infrastructures\/","og_site_name":"Facult\u00e9 des Sciences","article_modified_time":"2025-06-01T10:05:54+00:00","twitter_card":"summary_large_image","twitter_misc":{"Dur\u00e9e de lecture estim\u00e9e":"3 minutes"},"schema":{"@context":"https:\/\/schema.org","@graph":[{"@type":"WebPage","@id":"https:\/\/www.ummto.dz\/fs\/infrastructures\/","url":"https:\/\/www.ummto.dz\/fs\/infrastructures\/","name":"Mot du Doyen - Facult\u00e9 des Sciences","isPartOf":{"@id":"https:\/\/www.ummto.dz\/fs\/#website"},"datePublished":"2018-01-29T18:21:14+00:00","dateModified":"2025-06-01T10:05:54+00:00","description":"Mot de Doyen de la Facult\u00e9 des Sciences de L'UMMTO","breadcrumb":{"@id":"https:\/\/www.ummto.dz\/fs\/infrastructures\/#breadcrumb"},"inLanguage":"fr-FR","potentialAction":[{"@type":"ReadAction","target":["https:\/\/www.ummto.dz\/fs\/infrastructures\/"]}]},{"@type":"BreadcrumbList","@id":"https:\/\/www.ummto.dz\/fs\/infrastructures\/#breadcrumb","itemListElement":[{"@type":"ListItem","position":1,"name":"Accueil","item":"https:\/\/www.ummto.dz\/fs\/"},{"@type":"ListItem","position":2,"name":"Mot du Doyen"}]},{"@type":"WebSite","@id":"https:\/\/www.ummto.dz\/fs\/#website","url":"https:\/\/www.ummto.dz\/fs\/","name":"Facult\u00e9 des Sciences","description":"universit\u00e9 Moulous Mammeri de Tizi-Ouzou","potentialAction":[{"@type":"SearchAction","target":{"@type":"EntryPoint","urlTemplate":"https:\/\/www.ummto.dz\/fs\/?s={search_term_string}"},"query-input":{"@type":"PropertyValueSpecification","valueRequired":true,"valueName":"search_term_string"}}],"inLanguage":"fr-FR"}]}},"_links":{"self":[{"href":"https:\/\/www.ummto.dz\/fs\/wp-json\/wp\/v2\/pages\/29","targetHints":{"allow":["GET"]}}],"collection":[{"href":"https:\/\/www.ummto.dz\/fs\/wp-json\/wp\/v2\/pages"}],"about":[{"href":"https:\/\/www.ummto.dz\/fs\/wp-json\/wp\/v2\/types\/page"}],"author":[{"embeddable":true,"href":"https:\/\/www.ummto.dz\/fs\/wp-json\/wp\/v2\/users\/1"}],"replies":[{"embeddable":true,"href":"https:\/\/www.ummto.dz\/fs\/wp-json\/wp\/v2\/comments?post=29"}],"version-history":[{"count":37,"href":"https:\/\/www.ummto.dz\/fs\/wp-json\/wp\/v2\/pages\/29\/revisions"}],"predecessor-version":[{"id":27950,"href":"https:\/\/www.ummto.dz\/fs\/wp-json\/wp\/v2\/pages\/29\/revisions\/27950"}],"wp:attachment":[{"href":"https:\/\/www.ummto.dz\/fs\/wp-json\/wp\/v2\/media?parent=29"}],"curies":[{"name":"wp","href":"https:\/\/api.w.org\/{rel}","templated":true}]}}