{"id":3013,"date":"2020-11-02T10:30:00","date_gmt":"2020-11-02T09:30:00","guid":{"rendered":"http:\/\/fs.ummto.dz\/?page_id=3013"},"modified":"2021-10-09T20:01:13","modified_gmt":"2021-10-09T18:01:13","slug":"master-1-chimie-pharmaceutique","status":"publish","type":"page","link":"https:\/\/www.ummto.dz\/fs\/master-1-chimie-pharmaceutique\/","title":{"rendered":"Master 1 Chimie Pharmaceutique"},"content":{"rendered":"<p><span style=\"text-decoration: underline;\"><span style=\"color: #ff0000; text-decoration: underline;\"><strong><img decoding=\"async\" class=\"alignnone size-full wp-image-5907\" src=\"http:\/\/fs.ummto.dz\/wp-content\/uploads\/2021\/09\/rubon7903-ed895-1.gif\" alt=\"\" width=\"55\" height=\"55\" \/><span style=\"color: #ff0000;\"><a style=\"color: #ff0000; text-decoration: underline;\" href=\"http:\/\/fs.ummto.dz\/wp-content\/uploads\/2021\/10\/PV-Annuel-Deliberations-Master-1-Chimie-pharmaceutique.pdf\">PV Annuel D\u00e9lib\u00e9rations &#8211; Master 1 Chimie pharmaceutique<\/a><\/span><\/strong><\/span><\/span><\/p>\n<p><span style=\"color: #0000ff;\"><strong><a style=\"color: #0000ff;\" href=\"http:\/\/fs.ummto.dz\/wp-content\/uploads\/2021\/09\/Semestre-1-Master-1-Chim-pharmaceutique.pdf\">Semestre 1- Master 1 Chim pharmaceutique<\/a><\/strong><\/span><\/p>\n<p><span style=\"color: #0000ff;\"><strong><a style=\"color: #0000ff;\" href=\"http:\/\/fs.ummto.dz\/wp-content\/uploads\/2021\/09\/Semestre-2-Master-1-Chim-pharmaceutique.pdf\">Semestre 2- Master 1 Chim pharmaceutique<\/a><\/strong><\/span><\/p>\n<p><span style=\"color: #993300;\"><strong><a style=\"color: #993300;\" href=\"http:\/\/fs.ummto.dz\/wp-content\/uploads\/2021\/09\/Avis-aux-etudiants-en-Master-1-chimie-pharmaceutique.pdf\">Avis aux \u00e9tudiants en Master 1 chimie pharmaceutique<\/a><\/strong><\/span><\/p>\n<p><span style=\"color: #993300;\"><strong>\u00a0<\/strong><\/span><\/p>\n<hr \/>\n<p><strong><span style=\"text-decoration: underline;\"><span style=\"color: #ff0000; text-decoration: underline;\">Avis aux \u00e9tudiants :\u00a0<\/span><\/span><\/strong><\/p>\n<ul>\n<li><span style=\"color: #0000ff;\"><a style=\"color: #0000ff;\" href=\"http:\/\/fs.ummto.dz\/wp-content\/uploads\/2020\/12\/PV-Semestre-1_Master-1-Chim-pharmaceutique-1.pdf\">PV Semestre 1_Master 1 Chim pharmaceutique<\/a><\/span><\/li>\n<li><span style=\"color: #0000ff;\"><a style=\"color: #0000ff;\" href=\"http:\/\/fs.ummto.dz\/wp-content\/uploads\/2020\/12\/PV-Semestre-2_Master-1-Chim-pharmaceutique-1.pdf\">PV Semestre 2_Master 1 Chim pharmaceutique<\/a><\/span><\/li>\n<li><span style=\"color: #0000ff;\"><a style=\"color: #0000ff;\" href=\"http:\/\/fs.ummto.dz\/wp-content\/uploads\/2020\/12\/PV-annuel-Master-1-Chim-pharmaceutique-1.pdf\">PV annuel -Master 1 Chim pharmaceutique<\/a><\/span><\/li>\n<li><\/li>\n<li><span style=\"color: #0000ff;\"><a style=\"color: #0000ff;\" href=\"http:\/\/fs.ummto.dz\/wp-content\/uploads\/2020\/12\/Reclamations-_-Master-1-Chimie-Pharmaceutique.pdf\">R\u00e9clamations _ Master 1 Chimie Pharmaceutique<\/a><\/span><\/li>\n<\/ul>\n<hr \/>\n<p><span style=\"color: #333399;\"><strong><a style=\"color: #333399;\" href=\"http:\/\/fs.ummto.dz\/wp-content\/uploads\/2020\/12\/PV-Deliberation-annuelle-Master-1-chimie-de-pharmaceutique-19-20.pdf\"><span style=\"color: #ff0000;\">PV D\u00e9lib\u00e9ration annuelle<\/span><\/a><\/strong><\/span><\/p>\n<p><span style=\"color: #0000ff;\"><a style=\"color: #0000ff;\" href=\"http:\/\/fs.ummto.dz\/wp-content\/uploads\/2020\/12\/PV-Deliberation-annuelle-Master-1-chimie-de-pharmaceutique-19-20.pdf\">PV D\u00e9lib\u00e9ration annuelle &#8211; Master 1 chimie de pharmaceutique 19-20<\/a><\/span><\/p>\n<hr \/>\n<p><span style=\"color: #ff0000;\"><strong><span style=\"text-decoration: underline;\">Emplois du temps :\u00a0<\/span><\/strong><\/span><\/p>\n<ul>\n<li><a href=\"http:\/\/fs.ummto.dz\/wp-content\/uploads\/2021\/04\/Emploi-du-temps-M1-PHAR_Grpe-A_-S2_20-21.pdf\"><span style=\"color: #000080;\">Emploi du temps M1 PHAR_Grpe A_ S2_20-21<\/span><\/a><\/li>\n<li><a href=\"http:\/\/fs.ummto.dz\/wp-content\/uploads\/2021\/04\/Emploi-du-temps-M1-PHAR_Grpe-B_-S2_20-21.pdf\"><span style=\"color: #000080;\">Emploi du temps M1 PHAR_Grpe B_ S2_20-21<\/span><\/a><\/li>\n<\/ul>\n<p>&nbsp;<\/p>\n<p><span style=\"color: #993366;\"><a style=\"color: #993366;\" href=\"http:\/\/fs.ummto.dz\/wp-content\/uploads\/2021\/01\/Emploi-du-temps-M1-PHAR_Groupe-A_-S1_20-21.pdf\">Emploi du temps M1 PHAR_Groupe A_ S1_20-21<\/a><\/span><\/p>\n<p><span style=\"color: #993366;\"><a style=\"color: #993366;\" href=\"http:\/\/fs.ummto.dz\/wp-content\/uploads\/2021\/01\/Emploi-du-temps-M1-PHAR_Groupe-B_-S1_20-21.pdf\">Emploi du temps M1 PHAR_Groupe B_ S1_20-21<\/a><\/span><\/p>\n<p><span style=\"color: #993366;\"><a style=\"color: #993366;\" href=\"http:\/\/fs.ummto.dz\/wp-content\/uploads\/2021\/02\/Liste-des-etudiants-Master-1-PHAR-20-21.pdf\">Liste des \u00e9tudiants Master 1 PHAR 20-21<\/a><\/span><\/p>\n<hr \/>\n<p><span style=\"color: #ff0000;\"><strong><span style=\"text-decoration: underline;\">Planning des examens : <\/span><\/strong><\/span><\/p>\n<ul>\n<li><span style=\"color: #0000ff;\"><a style=\"color: #0000ff;\" href=\"http:\/\/fs.ummto.dz\/wp-content\/uploads\/2021\/09\/Nouveau-planning_Examens-Septembre_Octobre_2021.pdf\">Nouveau planning_Examens-Septembre_Octobre_2021<\/a><\/span><\/li>\n<\/ul>\n<p>&nbsp;<\/p>\n<p>&nbsp;<\/p>\n","protected":false},"excerpt":{"rendered":"<p>PV Annuel D\u00e9lib\u00e9rations &#8211; Master 1 Chimie pharmaceutique Semestre 1- Master 1 Chim pharmaceutique Semestre 2- Master 1 Chim pharmaceutique Avis aux \u00e9tudiants en Master 1 chimie pharmaceutique \u00a0 Avis aux \u00e9tudiants :\u00a0 PV Semestre 1_Master 1 Chim pharmaceutique PV Semestre 2_Master 1 Chim pharmaceutique PV annuel -Master 1 Chim pharmaceutique R\u00e9clamations _ Master 1 [&hellip;]<\/p>\n","protected":false},"author":1,"featured_media":0,"parent":0,"menu_order":0,"comment_status":"closed","ping_status":"closed","template":"","meta":{"_et_pb_use_builder":"","_et_pb_old_content":"","_et_gb_content_width":"","footnotes":""},"class_list":["post-3013","page","type-page","status-publish","hentry"],"yoast_head":"<!-- This site is optimized with the Yoast SEO plugin v27.5 - https:\/\/yoast.com\/product\/yoast-seo-wordpress\/ -->\n<title>Master 1 Chimie Pharmaceutique - Facult\u00e9 des Sciences<\/title>\n<meta name=\"robots\" content=\"index, follow, max-snippet:-1, max-image-preview:large, max-video-preview:-1\" \/>\n<link rel=\"canonical\" href=\"https:\/\/www.ummto.dz\/fs\/master-1-chimie-pharmaceutique\/\" \/>\n<meta property=\"og:locale\" content=\"fr_FR\" \/>\n<meta property=\"og:type\" content=\"article\" \/>\n<meta property=\"og:title\" content=\"Master 1 Chimie Pharmaceutique - Facult\u00e9 des Sciences\" \/>\n<meta property=\"og:description\" content=\"PV Annuel D\u00e9lib\u00e9rations &#8211; Master 1 Chimie pharmaceutique Semestre 1- Master 1 Chim pharmaceutique Semestre 2- Master 1 Chim pharmaceutique Avis aux \u00e9tudiants en Master 1 chimie pharmaceutique \u00a0 Avis aux \u00e9tudiants :\u00a0 PV Semestre 1_Master 1 Chim pharmaceutique PV Semestre 2_Master 1 Chim pharmaceutique PV annuel -Master 1 Chim pharmaceutique R\u00e9clamations _ Master 1 [&hellip;]\" \/>\n<meta property=\"og:url\" content=\"https:\/\/www.ummto.dz\/fs\/master-1-chimie-pharmaceutique\/\" \/>\n<meta property=\"og:site_name\" content=\"Facult\u00e9 des Sciences\" \/>\n<meta property=\"article:modified_time\" content=\"2021-10-09T18:01:13+00:00\" \/>\n<meta property=\"og:image\" content=\"http:\/\/fs.ummto.dz\/wp-content\/uploads\/2021\/09\/rubon7903-ed895-1.gif\" \/>\n<meta name=\"twitter:card\" content=\"summary_large_image\" \/>\n<meta name=\"twitter:label1\" content=\"Dur\u00e9e de lecture estim\u00e9e\" \/>\n\t<meta name=\"twitter:data1\" content=\"1 minute\" \/>\n<script type=\"application\/ld+json\" class=\"yoast-schema-graph\">{\"@context\":\"https:\\\/\\\/schema.org\",\"@graph\":[{\"@type\":\"WebPage\",\"@id\":\"https:\\\/\\\/www.ummto.dz\\\/fs\\\/master-1-chimie-pharmaceutique\\\/\",\"url\":\"https:\\\/\\\/www.ummto.dz\\\/fs\\\/master-1-chimie-pharmaceutique\\\/\",\"name\":\"Master 1 Chimie Pharmaceutique - Facult\u00e9 des Sciences\",\"isPartOf\":{\"@id\":\"https:\\\/\\\/www.ummto.dz\\\/fs\\\/#website\"},\"primaryImageOfPage\":{\"@id\":\"https:\\\/\\\/www.ummto.dz\\\/fs\\\/master-1-chimie-pharmaceutique\\\/#primaryimage\"},\"image\":{\"@id\":\"https:\\\/\\\/www.ummto.dz\\\/fs\\\/master-1-chimie-pharmaceutique\\\/#primaryimage\"},\"thumbnailUrl\":\"http:\\\/\\\/fs.ummto.dz\\\/wp-content\\\/uploads\\\/2021\\\/09\\\/rubon7903-ed895-1.gif\",\"datePublished\":\"2020-11-02T09:30:00+00:00\",\"dateModified\":\"2021-10-09T18:01:13+00:00\",\"breadcrumb\":{\"@id\":\"https:\\\/\\\/www.ummto.dz\\\/fs\\\/master-1-chimie-pharmaceutique\\\/#breadcrumb\"},\"inLanguage\":\"fr-FR\",\"potentialAction\":[{\"@type\":\"ReadAction\",\"target\":[\"https:\\\/\\\/www.ummto.dz\\\/fs\\\/master-1-chimie-pharmaceutique\\\/\"]}]},{\"@type\":\"ImageObject\",\"inLanguage\":\"fr-FR\",\"@id\":\"https:\\\/\\\/www.ummto.dz\\\/fs\\\/master-1-chimie-pharmaceutique\\\/#primaryimage\",\"url\":\"http:\\\/\\\/fs.ummto.dz\\\/wp-content\\\/uploads\\\/2021\\\/09\\\/rubon7903-ed895-1.gif\",\"contentUrl\":\"http:\\\/\\\/fs.ummto.dz\\\/wp-content\\\/uploads\\\/2021\\\/09\\\/rubon7903-ed895-1.gif\"},{\"@type\":\"BreadcrumbList\",\"@id\":\"https:\\\/\\\/www.ummto.dz\\\/fs\\\/master-1-chimie-pharmaceutique\\\/#breadcrumb\",\"itemListElement\":[{\"@type\":\"ListItem\",\"position\":1,\"name\":\"Accueil\",\"item\":\"https:\\\/\\\/www.ummto.dz\\\/fs\\\/\"},{\"@type\":\"ListItem\",\"position\":2,\"name\":\"Master 1 Chimie Pharmaceutique\"}]},{\"@type\":\"WebSite\",\"@id\":\"https:\\\/\\\/www.ummto.dz\\\/fs\\\/#website\",\"url\":\"https:\\\/\\\/www.ummto.dz\\\/fs\\\/\",\"name\":\"Facult\u00e9 des Sciences\",\"description\":\"universit\u00e9 Moulous Mammeri de Tizi-Ouzou\",\"potentialAction\":[{\"@type\":\"SearchAction\",\"target\":{\"@type\":\"EntryPoint\",\"urlTemplate\":\"https:\\\/\\\/www.ummto.dz\\\/fs\\\/?s={search_term_string}\"},\"query-input\":{\"@type\":\"PropertyValueSpecification\",\"valueRequired\":true,\"valueName\":\"search_term_string\"}}],\"inLanguage\":\"fr-FR\"}]}<\/script>\n<!-- \/ Yoast SEO plugin. -->","yoast_head_json":{"title":"Master 1 Chimie Pharmaceutique - Facult\u00e9 des Sciences","robots":{"index":"index","follow":"follow","max-snippet":"max-snippet:-1","max-image-preview":"max-image-preview:large","max-video-preview":"max-video-preview:-1"},"canonical":"https:\/\/www.ummto.dz\/fs\/master-1-chimie-pharmaceutique\/","og_locale":"fr_FR","og_type":"article","og_title":"Master 1 Chimie Pharmaceutique - Facult\u00e9 des Sciences","og_description":"PV Annuel D\u00e9lib\u00e9rations &#8211; Master 1 Chimie pharmaceutique Semestre 1- Master 1 Chim pharmaceutique Semestre 2- Master 1 Chim pharmaceutique Avis aux \u00e9tudiants en Master 1 chimie pharmaceutique \u00a0 Avis aux \u00e9tudiants :\u00a0 PV Semestre 1_Master 1 Chim pharmaceutique PV Semestre 2_Master 1 Chim pharmaceutique PV annuel -Master 1 Chim pharmaceutique R\u00e9clamations _ Master 1 [&hellip;]","og_url":"https:\/\/www.ummto.dz\/fs\/master-1-chimie-pharmaceutique\/","og_site_name":"Facult\u00e9 des Sciences","article_modified_time":"2021-10-09T18:01:13+00:00","og_image":[{"url":"http:\/\/fs.ummto.dz\/wp-content\/uploads\/2021\/09\/rubon7903-ed895-1.gif","type":"","width":"","height":""}],"twitter_card":"summary_large_image","twitter_misc":{"Dur\u00e9e de lecture estim\u00e9e":"1 minute"},"schema":{"@context":"https:\/\/schema.org","@graph":[{"@type":"WebPage","@id":"https:\/\/www.ummto.dz\/fs\/master-1-chimie-pharmaceutique\/","url":"https:\/\/www.ummto.dz\/fs\/master-1-chimie-pharmaceutique\/","name":"Master 1 Chimie Pharmaceutique - Facult\u00e9 des Sciences","isPartOf":{"@id":"https:\/\/www.ummto.dz\/fs\/#website"},"primaryImageOfPage":{"@id":"https:\/\/www.ummto.dz\/fs\/master-1-chimie-pharmaceutique\/#primaryimage"},"image":{"@id":"https:\/\/www.ummto.dz\/fs\/master-1-chimie-pharmaceutique\/#primaryimage"},"thumbnailUrl":"http:\/\/fs.ummto.dz\/wp-content\/uploads\/2021\/09\/rubon7903-ed895-1.gif","datePublished":"2020-11-02T09:30:00+00:00","dateModified":"2021-10-09T18:01:13+00:00","breadcrumb":{"@id":"https:\/\/www.ummto.dz\/fs\/master-1-chimie-pharmaceutique\/#breadcrumb"},"inLanguage":"fr-FR","potentialAction":[{"@type":"ReadAction","target":["https:\/\/www.ummto.dz\/fs\/master-1-chimie-pharmaceutique\/"]}]},{"@type":"ImageObject","inLanguage":"fr-FR","@id":"https:\/\/www.ummto.dz\/fs\/master-1-chimie-pharmaceutique\/#primaryimage","url":"http:\/\/fs.ummto.dz\/wp-content\/uploads\/2021\/09\/rubon7903-ed895-1.gif","contentUrl":"http:\/\/fs.ummto.dz\/wp-content\/uploads\/2021\/09\/rubon7903-ed895-1.gif"},{"@type":"BreadcrumbList","@id":"https:\/\/www.ummto.dz\/fs\/master-1-chimie-pharmaceutique\/#breadcrumb","itemListElement":[{"@type":"ListItem","position":1,"name":"Accueil","item":"https:\/\/www.ummto.dz\/fs\/"},{"@type":"ListItem","position":2,"name":"Master 1 Chimie Pharmaceutique"}]},{"@type":"WebSite","@id":"https:\/\/www.ummto.dz\/fs\/#website","url":"https:\/\/www.ummto.dz\/fs\/","name":"Facult\u00e9 des Sciences","description":"universit\u00e9 Moulous Mammeri de Tizi-Ouzou","potentialAction":[{"@type":"SearchAction","target":{"@type":"EntryPoint","urlTemplate":"https:\/\/www.ummto.dz\/fs\/?s={search_term_string}"},"query-input":{"@type":"PropertyValueSpecification","valueRequired":true,"valueName":"search_term_string"}}],"inLanguage":"fr-FR"}]}},"_links":{"self":[{"href":"https:\/\/www.ummto.dz\/fs\/wp-json\/wp\/v2\/pages\/3013","targetHints":{"allow":["GET"]}}],"collection":[{"href":"https:\/\/www.ummto.dz\/fs\/wp-json\/wp\/v2\/pages"}],"about":[{"href":"https:\/\/www.ummto.dz\/fs\/wp-json\/wp\/v2\/types\/page"}],"author":[{"embeddable":true,"href":"https:\/\/www.ummto.dz\/fs\/wp-json\/wp\/v2\/users\/1"}],"replies":[{"embeddable":true,"href":"https:\/\/www.ummto.dz\/fs\/wp-json\/wp\/v2\/comments?post=3013"}],"version-history":[{"count":33,"href":"https:\/\/www.ummto.dz\/fs\/wp-json\/wp\/v2\/pages\/3013\/revisions"}],"predecessor-version":[{"id":6111,"href":"https:\/\/www.ummto.dz\/fs\/wp-json\/wp\/v2\/pages\/3013\/revisions\/6111"}],"wp:attachment":[{"href":"https:\/\/www.ummto.dz\/fs\/wp-json\/wp\/v2\/media?parent=3013"}],"curies":[{"name":"wp","href":"https:\/\/api.w.org\/{rel}","templated":true}]}}