{"id":4053,"date":"2020-12-13T10:36:04","date_gmt":"2020-12-13T09:36:04","guid":{"rendered":"http:\/\/fs.ummto.dz\/?page_id=4053"},"modified":"2022-03-21T09:31:49","modified_gmt":"2022-03-21T08:31:49","slug":"service-de-suivi-de-la-formation-post-graduation","status":"publish","type":"page","link":"https:\/\/www.ummto.dz\/fs\/service-de-suivi-de-la-formation-post-graduation\/","title":{"rendered":"Service de suivi de la formation Post- Graduation"},"content":{"rendered":"<p>[et_pb_section fb_built=\u00a0\u00bb1&Prime; fullwidth=\u00a0\u00bbon\u00a0\u00bb _builder_version=\u00a0\u00bb4.14.2&Prime; _module_preset=\u00a0\u00bbdefault\u00a0\u00bb custom_padding=\u00a0\u00bb0px||1px||false|false\u00a0\u00bb bottom_divider_style=\u00a0\u00bbwaves2&Prime; bottom_divider_color=\u00a0\u00bb#FFFFFF\u00a0\u00bb bottom_divider_height=\u00a0\u00bb30px\u00a0\u00bb bottom_divider_height_tablet=\u00a0\u00bb20px\u00a0\u00bb bottom_divider_height_phone=\u00a0\u00bb20px\u00a0\u00bb bottom_divider_height_last_edited=\u00a0\u00bbon|phone\u00a0\u00bb global_colors_info=\u00a0\u00bb{}\u00a0\u00bb][et_pb_fullwidth_header _builder_version=\u00a0\u00bb4.14.2&Prime; _module_preset=\u00a0\u00bbdefault\u00a0\u00bb background_enable_color=\u00a0\u00bboff\u00a0\u00bb background_image=\u00a0\u00bbhttps:\/\/www.ummto.dz\/fs\/wp-content\/uploads\/2021\/12\/Banniere-Recherche-2.jpg\u00a0\u00bb custom_padding=\u00a0\u00bb111px||39px||false|false\u00a0\u00bb custom_padding_tablet=\u00a0\u00bb48px||39px||false|false\u00a0\u00bb custom_padding_phone=\u00a0\u00bb10px||40px||false|false\u00a0\u00bb custom_padding_last_edited=\u00a0\u00bbon|desktop\u00a0\u00bb locked=\u00a0\u00bboff\u00a0\u00bb global_colors_info=\u00a0\u00bb{}\u00a0\u00bb][\/et_pb_fullwidth_header][\/et_pb_section][et_pb_section fb_built=\u00a0\u00bb1&Prime; _builder_version=\u00a0\u00bb4.14.2&Prime; custom_padding=\u00a0\u00bb1px||||false|false\u00a0\u00bb global_colors_info=\u00a0\u00bb{}\u00a0\u00bb][et_pb_row _builder_version=\u00a0\u00bb3.25&Prime; background_size=\u00a0\u00bbinitial\u00a0\u00bb background_position=\u00a0\u00bbtop_left\u00a0\u00bb background_repeat=\u00a0\u00bbrepeat\u00a0\u00bb global_colors_info=\u00a0\u00bb{}\u00a0\u00bb][et_pb_column type=\u00a0\u00bb4_4&Prime; _builder_version=\u00a0\u00bb3.25&Prime; custom_padding=\u00a0\u00bb|||\u00a0\u00bb global_colors_info=\u00a0\u00bb{}\u00a0\u00bb custom_padding__hover=\u00a0\u00bb|||\u00a0\u00bb][dsm_text_divider header=\u00a0\u00bbService de suivi de la Formation Post-Graduation\u00a0\u00bb divider_weight=\u00a0\u00bb2px\u00a0\u00bb text_gap=\u00a0\u00bb2px\u00a0\u00bb _builder_version=\u00a0\u00bb4.14.7&Prime; _module_preset=\u00a0\u00bbdefault\u00a0\u00bb header_font=\u00a0\u00bb|700|||||||\u00a0\u00bb header_text_color=\u00a0\u00bb#130cd6&Prime; header_font_size=\u00a0\u00bb19px\u00a0\u00bb header_font_size_tablet=\u00a0\u00bb20px\u00a0\u00bb header_font_size_phone=\u00a0\u00bb11px\u00a0\u00bb header_font_size_last_edited=\u00a0\u00bbon|desktop\u00a0\u00bb locked=\u00a0\u00bboff\u00a0\u00bb global_colors_info=\u00a0\u00bb{}\u00a0\u00bb][\/dsm_text_divider][et_pb_text content_tablet=\u00a0\u00bb\u00a0\u00bb content_phone=\u00a0\u00bb\u00a0\u00bb content_last_edited=\u00a0\u00bbon|phone\u00a0\u00bb _builder_version=\u00a0\u00bb4.14.9&Prime; background_size=\u00a0\u00bbinitial\u00a0\u00bb background_position=\u00a0\u00bbtop_left\u00a0\u00bb background_repeat=\u00a0\u00bbrepeat\u00a0\u00bb hover_enabled=\u00a0\u00bb0&Prime; text_font_size_tablet=\u00a0\u00bb\u00a0\u00bb text_font_size_phone=\u00a0\u00bb13px\u00a0\u00bb text_font_size_last_edited=\u00a0\u00bbon|phone\u00a0\u00bb box_shadow_style=\u00a0\u00bbpreset2&Prime; global_colors_info=\u00a0\u00bb{}\u00a0\u00bb sticky_enabled=\u00a0\u00bb0&Prime;]<\/p>\n<ul>\n<li><strong><a href=\"http:\/\/www.ummto.dz\/fs\/planning-des-reunions-ordinaires-du-csf\/\">Planning des r\u00e9unions ordinaires du CSF 2021-2022<\/a><\/strong><\/li>\n<li><strong><span style=\"color: #000080\"><span style=\"color: #000000\">D\u00e9p\u00f4t du dossier de soutenance de th\u00e8se de Doctorat ( LMD &amp; Classique ):<\/span> <a href=\"https:\/\/www.ummto.dz\/fs\/depot-du-dossier-de-soutenance-de-these-de-doctorat-3eme-cycle-sciences\/\" target=\"_blank\" rel=\"noopener\"><span style=\"color: #0000ff\">A Consulter Ici<\/span><\/a><\/span><\/strong><strong><span style=\"color: #000080\"><span style=\"color: #0000ff\"> <span style=\"color: #333399\"><span style=\"color: #000000\">(la date limite d\u00e9pot\u00a0 des dossiers le\u00a0 <b>mardi <span style=\"color: #ff0000\">22 mars 2022 \u00e0 15h<\/span><\/b>)<\/span><\/span> <\/span><\/span><\/strong><\/li>\n<li><strong><span style=\"color: #333399\"><span style=\"color: #000000\">Constitution du dossier d\u2019inscription en premi\u00e8re ann\u00e9e Doctorat :<\/span><\/span><span style=\"color: #0000ff\"><a style=\"color: #0000ff\" href=\"https:\/\/www.ummto.dz\/fs\/constitution-du-dossier-dinscription-en-doctorat-classique\/\" target=\"_blank\" rel=\"noopener\">A Consulter Ici<\/a><\/span><\/strong><\/li>\n<li><strong><span style=\"color: #000000\">Constitution du dossier de r\u00e9inscription en\u00a0 Doctorat ou Magister:\u00a0\u00a0<\/span> <span style=\"color: #0000ff\"><a style=\"color: #0000ff\" href=\"https:\/\/www.ummto.dz\/fs\/constitution-du-dossier-de-reinscription-en-doctorat-ou-magister\/\" target=\"_blank\" rel=\"noopener\">A Consulter Ici<\/a><\/span><\/strong><\/li>\n<li><span style=\"color: #0000ff\"><strong><a style=\"color: #0000ff\" href=\"http:\/\/www.ummto.dz\/fs\/reinscription-en-doctorat-ou-magister-au-titre-de-lannee-universitaire-2021-2022\/\">Proc\u00e9dure de R\u00e9inscription en Doctorat ou en Magister (Ann\u00e9e Universitaire 2021\/2022)<\/a><\/strong><\/span><span style=\"color: #003366\"><strong><span style=\"color: #000080\"><\/span><\/strong><\/span><\/li>\n<\/ul>\n<h4 style=\"text-align: center\"><\/h4>\n<p>&nbsp;<\/p>\n<p>&nbsp;<\/p>\n<p>&nbsp;<\/p>\n<p>&nbsp;<\/p>\n<p>&nbsp;<\/p>\n<p>&nbsp;<\/p>\n<p>[\/et_pb_text][\/et_pb_column][\/et_pb_row][\/et_pb_section]<\/p>\n","protected":false},"excerpt":{"rendered":"<p><div class=\"et_pb_module dsm_text_divider dsm_text_divider_0\">\n\t\t\t\t\n\t\t\t\t\n\t\t\t\t\n\t\t\t\t\n\t\t\t\t\n\t\t\t\t\n\t\t\t\t<div class=\"et_pb_module_inner\">\n\t\t\t\t\t<div class=\"dsm-text-divider-wrapper dsm-text-divider-align-center et_pb_bg_layout_light\">\n\t\t\t\t\n\t\t\t\t\n\t\t\t\t<div class=\"dsm-text-divider-before dsm-divider\"><\/div>\n\t\t\t\t<h3 class=\"dsm-text-divider-header et_pb_module_header\"><span>Service de suivi de la Formation Post-Graduation<\/span><\/h3>\n\t\t\t\t<div class=\"dsm-text-divider-after dsm-divider\"><\/div>\n\t\t\t<\/div>\n\t\t\t\t<\/div>\n\t\t\t<\/div> Planning des r\u00e9unions ordinaires du CSF 2021-2022 D\u00e9p\u00f4t du dossier de soutenance de th\u00e8se de Doctorat ( LMD &amp; Classique ): A Consulter Ici (la date limite d\u00e9pot\u00a0 des dossiers le\u00a0 mardi 22 mars 2022 [&hellip;]<\/p>\n","protected":false},"author":1,"featured_media":0,"parent":0,"menu_order":0,"comment_status":"closed","ping_status":"closed","template":"","meta":{"_et_pb_use_builder":"on","_et_pb_old_content":"<ul><li><strong><a href=\"http:\/\/fs.ummto.dz\/planning-des-reunions-ordinaires-du-csf\/\"><span style=\"color: #000080;\">Planning des r\u00e9unions ordinaires du CSF 2020-2021<\/span><\/a><\/strong><\/li><li><strong><span style=\"color: #000080;\">D\u00e9p\u00f4t du dossier de soutenance de th\u00e8se de Doctorat ( LMD & Classique ): <a href=\"http:\/\/fs.ummto.dz\/depot-du-dossier-de-soutenance-de-these-de-doctorat-lmd-classique\/\"><span style=\"color: #0000ff;\">A Consulter Ici<\/span><\/a><\/span><\/strong><\/li><li><strong><span style=\"color: #333399;\">Constitution du dossier d\u2019inscription en premi\u00e8re ann\u00e9e Doctorat :\u00a0\u00a0<\/span> <span style=\"color: #0000ff;\"><a style=\"color: #0000ff;\" href=\"http:\/\/fs.ummto.dz\/constitution-du-dossier-dinscription-en-doctorat-classique\/\">A Consulter Ici<\/a><\/span><\/strong><\/li><li><strong><span style=\"color: #333399;\">Constitution du dossier de r\u00e9inscription en\u00a0 Doctorat ou Magister:\u00a0\u00a0<\/span> <span style=\"color: #0000ff;\"><a style=\"color: #0000ff;\" href=\"http:\/\/fs.ummto.dz\/constitution-du-dossier-de-reinscription-en-doctorat-ou-magister\/\">A Consulter Ici<\/a><\/span><\/strong><\/li><li><span style=\"color: #003366;\"><strong><a style=\"color: #003366;\" href=\"http:\/\/fs.ummto.dz\/reinscription-en-doctorat-ou-magister-au-titre-de-lannee-universitaire-2021-2022\/\">Proc\u00e9dure de R\u00e9inscription en Doctorat ou en Magister (Ann\u00e9e Universitaire 2021\/2022)<\/a><\/strong><\/span><\/li><\/ul><h4 style=\"text-align: center;\">\u00a0<\/h4><p>\u00a0<\/p><p>\u00a0<\/p><p>\u00a0<\/p><p>\u00a0<\/p><p>\u00a0<\/p><p>\u00a0<\/p>","_et_gb_content_width":"","footnotes":""},"class_list":["post-4053","page","type-page","status-publish","hentry"],"yoast_head":"<!-- This site is optimized with the Yoast SEO plugin v27.3 - https:\/\/yoast.com\/product\/yoast-seo-wordpress\/ -->\n<title>Service de suivi de la formation Post- Graduation - Facult\u00e9 des Sciences<\/title>\n<meta name=\"description\" content=\"service-de-suivi-de-la-formation-post-graduation de la facult\u00e9 des Sciences\" \/>\n<meta name=\"robots\" content=\"index, follow, max-snippet:-1, max-image-preview:large, max-video-preview:-1\" \/>\n<link rel=\"canonical\" href=\"https:\/\/www.ummto.dz\/fs\/service-de-suivi-de-la-formation-post-graduation\/\" \/>\n<meta property=\"og:locale\" content=\"fr_FR\" \/>\n<meta property=\"og:type\" content=\"article\" \/>\n<meta property=\"og:title\" content=\"Service de suivi de la formation Post- Graduation - Facult\u00e9 des Sciences\" \/>\n<meta property=\"og:description\" content=\"service-de-suivi-de-la-formation-post-graduation de la facult\u00e9 des Sciences\" \/>\n<meta property=\"og:url\" content=\"https:\/\/www.ummto.dz\/fs\/service-de-suivi-de-la-formation-post-graduation\/\" \/>\n<meta property=\"og:site_name\" content=\"Facult\u00e9 des Sciences\" \/>\n<meta property=\"article:modified_time\" content=\"2022-03-21T08:31:49+00:00\" \/>\n<meta name=\"twitter:card\" content=\"summary_large_image\" \/>\n<meta name=\"twitter:label1\" content=\"Dur\u00e9e de lecture estim\u00e9e\" \/>\n\t<meta name=\"twitter:data1\" content=\"1 minute\" \/>\n<script type=\"application\/ld+json\" class=\"yoast-schema-graph\">{\"@context\":\"https:\\\/\\\/schema.org\",\"@graph\":[{\"@type\":\"WebPage\",\"@id\":\"https:\\\/\\\/www.ummto.dz\\\/fs\\\/service-de-suivi-de-la-formation-post-graduation\\\/\",\"url\":\"https:\\\/\\\/www.ummto.dz\\\/fs\\\/service-de-suivi-de-la-formation-post-graduation\\\/\",\"name\":\"Service de suivi de la formation Post- Graduation - Facult\u00e9 des Sciences\",\"isPartOf\":{\"@id\":\"https:\\\/\\\/www.ummto.dz\\\/fs\\\/#website\"},\"datePublished\":\"2020-12-13T09:36:04+00:00\",\"dateModified\":\"2022-03-21T08:31:49+00:00\",\"description\":\"service-de-suivi-de-la-formation-post-graduation de la facult\u00e9 des Sciences\",\"breadcrumb\":{\"@id\":\"https:\\\/\\\/www.ummto.dz\\\/fs\\\/service-de-suivi-de-la-formation-post-graduation\\\/#breadcrumb\"},\"inLanguage\":\"fr-FR\",\"potentialAction\":[{\"@type\":\"ReadAction\",\"target\":[\"https:\\\/\\\/www.ummto.dz\\\/fs\\\/service-de-suivi-de-la-formation-post-graduation\\\/\"]}]},{\"@type\":\"BreadcrumbList\",\"@id\":\"https:\\\/\\\/www.ummto.dz\\\/fs\\\/service-de-suivi-de-la-formation-post-graduation\\\/#breadcrumb\",\"itemListElement\":[{\"@type\":\"ListItem\",\"position\":1,\"name\":\"Accueil\",\"item\":\"https:\\\/\\\/www.ummto.dz\\\/fs\\\/\"},{\"@type\":\"ListItem\",\"position\":2,\"name\":\"Service de suivi de la formation Post- Graduation\"}]},{\"@type\":\"WebSite\",\"@id\":\"https:\\\/\\\/www.ummto.dz\\\/fs\\\/#website\",\"url\":\"https:\\\/\\\/www.ummto.dz\\\/fs\\\/\",\"name\":\"Facult\u00e9 des Sciences\",\"description\":\"universit\u00e9 Moulous Mammeri de Tizi-Ouzou\",\"potentialAction\":[{\"@type\":\"SearchAction\",\"target\":{\"@type\":\"EntryPoint\",\"urlTemplate\":\"https:\\\/\\\/www.ummto.dz\\\/fs\\\/?s={search_term_string}\"},\"query-input\":{\"@type\":\"PropertyValueSpecification\",\"valueRequired\":true,\"valueName\":\"search_term_string\"}}],\"inLanguage\":\"fr-FR\"}]}<\/script>\n<!-- \/ Yoast SEO plugin. -->","yoast_head_json":{"title":"Service de suivi de la formation Post- Graduation - Facult\u00e9 des Sciences","description":"service-de-suivi-de-la-formation-post-graduation de la facult\u00e9 des Sciences","robots":{"index":"index","follow":"follow","max-snippet":"max-snippet:-1","max-image-preview":"max-image-preview:large","max-video-preview":"max-video-preview:-1"},"canonical":"https:\/\/www.ummto.dz\/fs\/service-de-suivi-de-la-formation-post-graduation\/","og_locale":"fr_FR","og_type":"article","og_title":"Service de suivi de la formation Post- Graduation - Facult\u00e9 des Sciences","og_description":"service-de-suivi-de-la-formation-post-graduation de la facult\u00e9 des Sciences","og_url":"https:\/\/www.ummto.dz\/fs\/service-de-suivi-de-la-formation-post-graduation\/","og_site_name":"Facult\u00e9 des Sciences","article_modified_time":"2022-03-21T08:31:49+00:00","twitter_card":"summary_large_image","twitter_misc":{"Dur\u00e9e de lecture estim\u00e9e":"1 minute"},"schema":{"@context":"https:\/\/schema.org","@graph":[{"@type":"WebPage","@id":"https:\/\/www.ummto.dz\/fs\/service-de-suivi-de-la-formation-post-graduation\/","url":"https:\/\/www.ummto.dz\/fs\/service-de-suivi-de-la-formation-post-graduation\/","name":"Service de suivi de la formation Post- Graduation - Facult\u00e9 des Sciences","isPartOf":{"@id":"https:\/\/www.ummto.dz\/fs\/#website"},"datePublished":"2020-12-13T09:36:04+00:00","dateModified":"2022-03-21T08:31:49+00:00","description":"service-de-suivi-de-la-formation-post-graduation de la facult\u00e9 des Sciences","breadcrumb":{"@id":"https:\/\/www.ummto.dz\/fs\/service-de-suivi-de-la-formation-post-graduation\/#breadcrumb"},"inLanguage":"fr-FR","potentialAction":[{"@type":"ReadAction","target":["https:\/\/www.ummto.dz\/fs\/service-de-suivi-de-la-formation-post-graduation\/"]}]},{"@type":"BreadcrumbList","@id":"https:\/\/www.ummto.dz\/fs\/service-de-suivi-de-la-formation-post-graduation\/#breadcrumb","itemListElement":[{"@type":"ListItem","position":1,"name":"Accueil","item":"https:\/\/www.ummto.dz\/fs\/"},{"@type":"ListItem","position":2,"name":"Service de suivi de la formation Post- Graduation"}]},{"@type":"WebSite","@id":"https:\/\/www.ummto.dz\/fs\/#website","url":"https:\/\/www.ummto.dz\/fs\/","name":"Facult\u00e9 des Sciences","description":"universit\u00e9 Moulous Mammeri de Tizi-Ouzou","potentialAction":[{"@type":"SearchAction","target":{"@type":"EntryPoint","urlTemplate":"https:\/\/www.ummto.dz\/fs\/?s={search_term_string}"},"query-input":{"@type":"PropertyValueSpecification","valueRequired":true,"valueName":"search_term_string"}}],"inLanguage":"fr-FR"}]}},"_links":{"self":[{"href":"https:\/\/www.ummto.dz\/fs\/wp-json\/wp\/v2\/pages\/4053","targetHints":{"allow":["GET"]}}],"collection":[{"href":"https:\/\/www.ummto.dz\/fs\/wp-json\/wp\/v2\/pages"}],"about":[{"href":"https:\/\/www.ummto.dz\/fs\/wp-json\/wp\/v2\/types\/page"}],"author":[{"embeddable":true,"href":"https:\/\/www.ummto.dz\/fs\/wp-json\/wp\/v2\/users\/1"}],"replies":[{"embeddable":true,"href":"https:\/\/www.ummto.dz\/fs\/wp-json\/wp\/v2\/comments?post=4053"}],"version-history":[{"count":71,"href":"https:\/\/www.ummto.dz\/fs\/wp-json\/wp\/v2\/pages\/4053\/revisions"}],"predecessor-version":[{"id":12142,"href":"https:\/\/www.ummto.dz\/fs\/wp-json\/wp\/v2\/pages\/4053\/revisions\/12142"}],"wp:attachment":[{"href":"https:\/\/www.ummto.dz\/fs\/wp-json\/wp\/v2\/media?parent=4053"}],"curies":[{"name":"wp","href":"https:\/\/api.w.org\/{rel}","templated":true}]}}