{"id":4306,"date":"2020-12-17T13:19:23","date_gmt":"2020-12-17T12:19:23","guid":{"rendered":"http:\/\/fs.ummto.dz\/?page_id=4306"},"modified":"2021-12-12T14:14:30","modified_gmt":"2021-12-12T13:14:30","slug":"constitution-du-dossier-dinscription-en-doctorat-classique","status":"publish","type":"page","link":"https:\/\/www.ummto.dz\/fs\/constitution-du-dossier-dinscription-en-doctorat-classique\/","title":{"rendered":"Constitution du dossier d\u2019inscription en Doctorat classique"},"content":{"rendered":"\n[et_pb_section fb_built=\u00a0\u00bb1&Prime; _builder_version=\u00a0\u00bb3.22&Prime; global_colors_info=\u00a0\u00bb{}\u00a0\u00bb][et_pb_row _builder_version=\u00a0\u00bb3.25&Prime; background_size=\u00a0\u00bbinitial\u00a0\u00bb background_position=\u00a0\u00bbtop_left\u00a0\u00bb background_repeat=\u00a0\u00bbrepeat\u00a0\u00bb global_colors_info=\u00a0\u00bb{}\u00a0\u00bb][et_pb_column type=\u00a0\u00bb4_4&Prime; _builder_version=\u00a0\u00bb3.25&Prime; custom_padding=\u00a0\u00bb|||\u00a0\u00bb global_colors_info=\u00a0\u00bb{}\u00a0\u00bb custom_padding__hover=\u00a0\u00bb|||\u00a0\u00bb][et_pb_text _builder_version=\u00a0\u00bb4.11.4&Prime; background_size=\u00a0\u00bbinitial\u00a0\u00bb background_position=\u00a0\u00bbtop_left\u00a0\u00bb background_repeat=\u00a0\u00bbrepeat\u00a0\u00bb hover_enabled=\u00a0\u00bb0&Prime; global_colors_info=\u00a0\u00bb{}\u00a0\u00bb sticky_enabled=\u00a0\u00bb0&Prime;]<p><span style=\"color: #333399\"><span style=\"color: #ff0000\"><strong>Pi\u00e8ces \u00e0 fournir:<\/strong><\/span>\u00a0 ( l\u2019int\u00e9ress\u00e9 aura \u00e0 fournir deux exemplaires du dossier).<\/span><\/p>\n<ul>\n<li><span style=\"color: #333399\">Formulaire de demande d\u2019inscription en 1<sup>\u00e8re <\/sup>ann\u00e9e de th\u00e8se de Doctorat, vis\u00e9 par le Directeur de th\u00e8se\u00a0<u>(\u00e0 t\u00e9l\u00e9charger ici<\/u><strong><u> :\u00a0<\/u><\/strong><u><span style=\"color: #0000ff\"><a style=\"color: #0000ff\" href=\"http:\/\/www.ummto.dz\/fs\/wp-content\/uploads\/2020\/12\/Piece1.docx\" target=\"_blank\" rel=\"noopener\">Pi\u00e8ce 1<\/a><\/span><\/u><strong><u>)<\/u><\/strong><strong>.<\/strong><\/span><\/li>\n<li><span style=\"color: #333399\">Attestations de non inscription \u00e0 une ou plusieurs formations \u00e0 l\u2019UMMTO ou en dehors de l\u2019UMMTO (D\u00e9claration sur l\u2019Honneur l\u00e9galis\u00e9e) <strong><u>(\u00e0 <\/u><\/strong><u>t\u00e9l\u00e9charger ici : <\/u><u><span style=\"color: #0000ff\"><a style=\"color: #0000ff\" href=\"http:\/\/www.ummto.dz\/fs\/wp-content\/uploads\/2020\/12\/Piece2.docx\" target=\"_blank\" rel=\"noopener\">Pi\u00e8ce 2<\/a><\/span><\/u><u>)<\/u>.<\/span><\/li>\n<li><span style=\"color: #333399\">Copies des dipl\u00f4mes (Bac, Graduation, Magister), \u00e0 joindre \u00e9quivalence pour tout dipl\u00f4me obtenu \u00e0 l\u2019\u00e9tranger.<\/span><\/li>\n<li><span style=\"color: #333399\">Extrait d\u2019acte de naissance r\u00e9cent.<\/span><\/li>\n<li><span style=\"color: #333399\">Attestations de fonction (qualit\u00e9 enseignant \u00e0 l\u2019universit\u00e9).<\/span><\/li>\n<li><span style=\"color: #333399\">Autorisation de l\u2019employeur (candidats salari\u00e9s).<\/span><\/li>\n<li><span style=\"color: #333399\">Original du plan de travail d\u00e9taill\u00e9, dat\u00e9 de sign\u00e9 par le Directeur de th\u00e8se et par le Co-directeur de th\u00e8se.<\/span><\/li>\n<li><span style=\"color: #333399\">CV du Directeur de th\u00e8se.<\/span><\/li>\n<li><span style=\"color: #333399\">CV du Co-directeur de th\u00e8se.<\/span><\/li>\n<li><span style=\"color: #333399\">Attestation de co-direction de th\u00e8se vis\u00e9e par l\u2019encadreur, apr\u00e8s accord de ce dernier.<\/span><\/li>\n<li><span style=\"color: #333399\">Frais d\u2019inscription (Mandat).<\/span><\/li>\n<li><span style=\"color: #333399\">(03) photos d\u2019identit\u00e9 (nom et pr\u00e9nom au verso).<\/span><\/li>\n<li><span style=\"color: #333399\">Proc\u00e8s-Verbal de soutenance de Magister pour les candidats hors \u00e9tablissement.<\/span><\/li>\n<li><span style=\"color: #333399\">Engagement par rapport au plagiat (conform\u00e9ment \u00e0 l\u2019arr\u00eat\u00e9 N\u00b0 933 du 28\/07\/2016)\u00a0<u>(\u00e0 t\u00e9l\u00e9charger ici <\/u><strong><u>: <\/u><\/strong><u><span style=\"color: #0000ff\"><a style=\"color: #0000ff\" href=\"http:\/\/www.ummto.dz\/fs\/wp-content\/uploads\/2020\/12\/Piece3.docx\" target=\"_blank\" rel=\"noopener\">Pi\u00e8ce 3<\/a><\/span><\/u><strong><u>)<\/u><\/strong>.<\/span><\/li>\n<\/ul>\n<p><span style=\"color: #333399\"><strong>Pour\u00a0 les cas de transfert\u00a0:<\/strong><\/span><\/p>\n<ul>\n<li><span style=\"color: #333399\">Fiche de transfert en 03 exemplaires vis\u00e9s par les deux (02) \u00e9tablissements d\u2019origine et d\u2019accueil (Pr\u00e9sident du CSF, Doyen de la Facult\u00e9, Vice-Recteur\/PGRS).<\/span><\/li>\n<li><span style=\"color: #333399\">Proc\u00e8s-Verbal du Conseil Scientifique avalisant le sujet et le Directeur de th\u00e8se et accordant le transfert et l\u2019inscription pour l\u2019ann\u00e9e en cours.<\/span><\/li>\n<li><span style=\"color: #333399\">Attestation de non inscription \u00e0 une ou plusieurs formations \u00e0 l\u2019UMMTO ou hors UMMTO (D\u00e9claration sur l\u2019Honneur l\u00e9galis\u00e9e)\u00a0<u>( \u00e0 t\u00e9l\u00e9charger ici : <span style=\"color: #0000ff\"><a style=\"color: #0000ff\" href=\"http:\/\/www.ummto.dz\/fs\/wp-content\/uploads\/2020\/12\/Piece2-1.docx\" target=\"_blank\" rel=\"noopener\">Pi\u00e8ce 2<\/a><\/span>)<\/u>.<\/span><\/li>\n<li><span style=\"color: #333399\">Copie des dipl\u00f4mes\u00a0: Bac, Graduation, Magister (joindre \u00e9quivalence de tout dipl\u00f4me \u00e9tranger).<\/span><\/li>\n<li><span style=\"color: #333399\">Dossiers d\u2019inscription ant\u00e9rieurs (\u00e9tablissement d\u2019origine).<\/span><\/li>\n<\/ul>\n<p><span style=\"color: #333399\"><strong>Remarque\u00a0:<\/strong><\/span><\/p>\n<ul>\n<li><span style=\"color: #333399\">Les fiches de transfert sont \u00e0 retirer aupr\u00e8s de l\u2019Universit\u00e9 d\u2019origine.<\/span><\/li>\n<li><span style=\"color: #333399\">Aucun transfert vers l\u2019UMMTO ne peut \u00eatre accord\u00e9 dans les cas suivants\u00a0:<\/span><\/li>\n<\/ul>\n<ol>\n<li><span style=\"color: #333399\">Interruption d\u2019inscription.<\/span><\/li>\n<li><span style=\"color: #333399\">Transfert en derni\u00e8re ann\u00e9e d\u2019inscription (ann\u00e9e de soutenance).<\/span><\/li>\n<li><span style=\"color: #333399\">D\u00e9passement de la dur\u00e9e r\u00e9glementaire.<\/span><\/li>\n<li><span style=\"color: #333399\">Changement de sujet et\/ou de directeur de th\u00e8se lors du transfert.<\/span><\/li>\n<\/ol>[\/et_pb_text][\/et_pb_column][\/et_pb_row][\/et_pb_section]\n","protected":false},"excerpt":{"rendered":"<p>Pi\u00e8ces \u00e0 fournir:\u00a0 ( l\u2019int\u00e9ress\u00e9 aura \u00e0 fournir deux exemplaires du dossier). Formulaire de demande d\u2019inscription en 1\u00e8re ann\u00e9e de th\u00e8se de Doctorat, vis\u00e9 par le Directeur de th\u00e8se\u00a0(\u00e0 t\u00e9l\u00e9charger ici :\u00a0Pi\u00e8ce 1). Attestations de non inscription \u00e0 une ou plusieurs formations \u00e0 l\u2019UMMTO ou en dehors de l\u2019UMMTO (D\u00e9claration sur l\u2019Honneur l\u00e9galis\u00e9e) (\u00e0 t\u00e9l\u00e9charger [&hellip;]<\/p>\n","protected":false},"author":1,"featured_media":0,"parent":0,"menu_order":0,"comment_status":"closed","ping_status":"closed","template":"","meta":{"_et_pb_use_builder":"on","_et_pb_old_content":"<p><span style=\"color: #333399;\"><span style=\"color: #ff0000;\"><strong>Pi\u00e8ces \u00e0 fournir:<\/strong><\/span>\u00a0 ( l\u2019int\u00e9ress\u00e9 aura \u00e0 fournir deux exemplaires du dossier).<\/span><\/p><ul><li><span style=\"color: #333399;\">Formulaire de demande d\u2019inscription en 1<sup>\u00e8re <\/sup>ann\u00e9e de th\u00e8se de Doctorat, vis\u00e9 par le Directeur de th\u00e8se\u00a0<u>(\u00e0 t\u00e9l\u00e9charger ici<\/u><strong><u> :\u00a0<\/u><\/strong><u><span style=\"color: #0000ff;\"><a style=\"color: #0000ff;\" href=\"http:\/\/fs.ummto.dz\/wp-content\/uploads\/2020\/12\/Piece1.docx\">Pi\u00e8ce 1<\/a><\/span><\/u><strong><u>)<\/u><\/strong><strong>.<\/strong><\/span><\/li><li><span style=\"color: #333399;\">Attestations de non inscription \u00e0 une ou plusieurs formations \u00e0 l\u2019UMMTO ou en dehors de l\u2019UMMTO (D\u00e9claration sur l\u2019Honneur l\u00e9galis\u00e9e) <strong><u>(\u00e0 <\/u><\/strong><u>t\u00e9l\u00e9charger ici : <\/u><u><span style=\"color: #0000ff;\"><a style=\"color: #0000ff;\" href=\"http:\/\/fs.ummto.dz\/wp-content\/uploads\/2020\/12\/Piece2.docx\">Pi\u00e8ce 2<\/a><\/span><\/u><u>)<\/u>.<\/span><\/li><li><span style=\"color: #333399;\">Copies des dipl\u00f4mes (Bac, Graduation, Magister), \u00e0 joindre \u00e9quivalence pour tout dipl\u00f4me obtenu \u00e0 l\u2019\u00e9tranger.<\/span><\/li><li><span style=\"color: #333399;\">Extrait d\u2019acte de naissance r\u00e9cent.<\/span><\/li><li><span style=\"color: #333399;\">Attestations de fonction (qualit\u00e9 enseignant \u00e0 l\u2019universit\u00e9).<\/span><\/li><li><span style=\"color: #333399;\">Autorisation de l\u2019employeur (candidats salari\u00e9s).<\/span><\/li><li><span style=\"color: #333399;\">Original du plan de travail d\u00e9taill\u00e9, dat\u00e9 de sign\u00e9 par le Directeur de th\u00e8se et par le Co-directeur de th\u00e8se.<\/span><\/li><li><span style=\"color: #333399;\">CV du Directeur de th\u00e8se.<\/span><\/li><li><span style=\"color: #333399;\">CV du Co-directeur de th\u00e8se.<\/span><\/li><li><span style=\"color: #333399;\">Attestation de co-direction de th\u00e8se vis\u00e9e par l\u2019encadreur, apr\u00e8s accord de ce dernier.<\/span><\/li><li><span style=\"color: #333399;\">Frais d\u2019inscription (Mandat).<\/span><\/li><li><span style=\"color: #333399;\">(03) photos d\u2019identit\u00e9 (nom et pr\u00e9nom au verso).<\/span><\/li><li><span style=\"color: #333399;\">Proc\u00e8s-Verbal de soutenance de Magister pour les candidats hors \u00e9tablissement.<\/span><\/li><li><span style=\"color: #333399;\">Engagement par rapport au plagiat (conform\u00e9ment \u00e0 l\u2019arr\u00eat\u00e9 N\u00b0 933 du 28\/07\/2016)\u00a0<u>(\u00e0 t\u00e9l\u00e9charger ici <\/u><strong><u>: <\/u><\/strong><u><span style=\"color: #0000ff;\"><a style=\"color: #0000ff;\" href=\"http:\/\/fs.ummto.dz\/wp-content\/uploads\/2020\/12\/Piece3.docx\">Pi\u00e8ce 3<\/a><\/span><\/u><strong><u>)<\/u><\/strong>.<\/span><\/li><\/ul><p><span style=\"color: #333399;\"><strong>Pour\u00a0 les cas de transfert\u00a0:<\/strong><\/span><\/p><ul><li><span style=\"color: #333399;\">Fiche de transfert en 03 exemplaires vis\u00e9s par les deux (02) \u00e9tablissements d\u2019origine et d\u2019accueil (Pr\u00e9sident du CSF, Doyen de la Facult\u00e9, Vice-Recteur\/PGRS).<\/span><\/li><li><span style=\"color: #333399;\">Proc\u00e8s-Verbal du Conseil Scientifique avalisant le sujet et le Directeur de th\u00e8se et accordant le transfert et l\u2019inscription pour l\u2019ann\u00e9e en cours.<\/span><\/li><li><span style=\"color: #333399;\">Attestation de non inscription \u00e0 une ou plusieurs formations \u00e0 l\u2019UMMTO ou hors UMMTO (D\u00e9claration sur l\u2019Honneur l\u00e9galis\u00e9e)\u00a0<u>( \u00e0 t\u00e9l\u00e9charger ici : <span style=\"color: #0000ff;\"><a style=\"color: #0000ff;\" href=\"http:\/\/fs.ummto.dz\/wp-content\/uploads\/2020\/12\/Piece2-1.docx\">Pi\u00e8ce 2<\/a><\/span>)<\/u>.<\/span><\/li><li><span style=\"color: #333399;\">Copie des dipl\u00f4mes\u00a0: Bac, Graduation, Magister (joindre \u00e9quivalence de tout dipl\u00f4me \u00e9tranger).<\/span><\/li><li><span style=\"color: #333399;\">Dossiers d\u2019inscription ant\u00e9rieurs (\u00e9tablissement d\u2019origine).<\/span><\/li><\/ul><p><span style=\"color: #333399;\"><strong>Remarque\u00a0:<\/strong><\/span><\/p><ul><li><span style=\"color: #333399;\">Les fiches de transfert sont \u00e0 retirer aupr\u00e8s de l\u2019Universit\u00e9 d\u2019origine.<\/span><\/li><li><span style=\"color: #333399;\">Aucun transfert vers l\u2019UMMTO ne peut \u00eatre accord\u00e9 dans les cas suivants\u00a0:<\/span><\/li><\/ul><ol><li><span style=\"color: #333399;\">Interruption d\u2019inscription.<\/span><\/li><li><span style=\"color: #333399;\">Transfert en derni\u00e8re ann\u00e9e d\u2019inscription (ann\u00e9e de soutenance).<\/span><\/li><li><span style=\"color: #333399;\">D\u00e9passement de la dur\u00e9e r\u00e9glementaire.<\/span><\/li><li><span style=\"color: #333399;\">Changement de sujet et\/ou de directeur de th\u00e8se lors du transfert.<\/span><\/li><\/ol>","_et_gb_content_width":"","footnotes":""},"class_list":["post-4306","page","type-page","status-publish","hentry"],"yoast_head":"<!-- This site is optimized with the Yoast SEO plugin v27.3 - https:\/\/yoast.com\/product\/yoast-seo-wordpress\/ -->\n<title>Constitution du dossier d\u2019inscription en Doctorat classique - Facult\u00e9 des Sciences<\/title>\n<meta name=\"description\" content=\"constitution-du-dossier-dinscription-en-doctorat-classique\" \/>\n<meta name=\"robots\" content=\"index, follow, max-snippet:-1, max-image-preview:large, max-video-preview:-1\" \/>\n<link rel=\"canonical\" href=\"https:\/\/www.ummto.dz\/fs\/constitution-du-dossier-dinscription-en-doctorat-classique\/\" \/>\n<meta property=\"og:locale\" content=\"fr_FR\" \/>\n<meta property=\"og:type\" content=\"article\" \/>\n<meta property=\"og:title\" content=\"Constitution du dossier d\u2019inscription en Doctorat classique - Facult\u00e9 des Sciences\" \/>\n<meta property=\"og:description\" content=\"constitution-du-dossier-dinscription-en-doctorat-classique\" \/>\n<meta property=\"og:url\" content=\"https:\/\/www.ummto.dz\/fs\/constitution-du-dossier-dinscription-en-doctorat-classique\/\" \/>\n<meta property=\"og:site_name\" content=\"Facult\u00e9 des Sciences\" \/>\n<meta property=\"article:modified_time\" content=\"2021-12-12T13:14:30+00:00\" \/>\n<meta name=\"twitter:card\" content=\"summary_large_image\" \/>\n<meta name=\"twitter:label1\" content=\"Dur\u00e9e de lecture estim\u00e9e\" \/>\n\t<meta name=\"twitter:data1\" content=\"2 minutes\" \/>\n<script type=\"application\/ld+json\" class=\"yoast-schema-graph\">{\"@context\":\"https:\\\/\\\/schema.org\",\"@graph\":[{\"@type\":\"WebPage\",\"@id\":\"https:\\\/\\\/www.ummto.dz\\\/fs\\\/constitution-du-dossier-dinscription-en-doctorat-classique\\\/\",\"url\":\"https:\\\/\\\/www.ummto.dz\\\/fs\\\/constitution-du-dossier-dinscription-en-doctorat-classique\\\/\",\"name\":\"Constitution du dossier d\u2019inscription en Doctorat classique - Facult\u00e9 des Sciences\",\"isPartOf\":{\"@id\":\"https:\\\/\\\/www.ummto.dz\\\/fs\\\/#website\"},\"datePublished\":\"2020-12-17T12:19:23+00:00\",\"dateModified\":\"2021-12-12T13:14:30+00:00\",\"description\":\"constitution-du-dossier-dinscription-en-doctorat-classique\",\"breadcrumb\":{\"@id\":\"https:\\\/\\\/www.ummto.dz\\\/fs\\\/constitution-du-dossier-dinscription-en-doctorat-classique\\\/#breadcrumb\"},\"inLanguage\":\"fr-FR\",\"potentialAction\":[{\"@type\":\"ReadAction\",\"target\":[\"https:\\\/\\\/www.ummto.dz\\\/fs\\\/constitution-du-dossier-dinscription-en-doctorat-classique\\\/\"]}]},{\"@type\":\"BreadcrumbList\",\"@id\":\"https:\\\/\\\/www.ummto.dz\\\/fs\\\/constitution-du-dossier-dinscription-en-doctorat-classique\\\/#breadcrumb\",\"itemListElement\":[{\"@type\":\"ListItem\",\"position\":1,\"name\":\"Accueil\",\"item\":\"https:\\\/\\\/www.ummto.dz\\\/fs\\\/\"},{\"@type\":\"ListItem\",\"position\":2,\"name\":\"Constitution du dossier d\u2019inscription en Doctorat classique\"}]},{\"@type\":\"WebSite\",\"@id\":\"https:\\\/\\\/www.ummto.dz\\\/fs\\\/#website\",\"url\":\"https:\\\/\\\/www.ummto.dz\\\/fs\\\/\",\"name\":\"Facult\u00e9 des Sciences\",\"description\":\"universit\u00e9 Moulous Mammeri de Tizi-Ouzou\",\"potentialAction\":[{\"@type\":\"SearchAction\",\"target\":{\"@type\":\"EntryPoint\",\"urlTemplate\":\"https:\\\/\\\/www.ummto.dz\\\/fs\\\/?s={search_term_string}\"},\"query-input\":{\"@type\":\"PropertyValueSpecification\",\"valueRequired\":true,\"valueName\":\"search_term_string\"}}],\"inLanguage\":\"fr-FR\"}]}<\/script>\n<!-- \/ Yoast SEO plugin. -->","yoast_head_json":{"title":"Constitution du dossier d\u2019inscription en Doctorat classique - Facult\u00e9 des Sciences","description":"constitution-du-dossier-dinscription-en-doctorat-classique","robots":{"index":"index","follow":"follow","max-snippet":"max-snippet:-1","max-image-preview":"max-image-preview:large","max-video-preview":"max-video-preview:-1"},"canonical":"https:\/\/www.ummto.dz\/fs\/constitution-du-dossier-dinscription-en-doctorat-classique\/","og_locale":"fr_FR","og_type":"article","og_title":"Constitution du dossier d\u2019inscription en Doctorat classique - Facult\u00e9 des Sciences","og_description":"constitution-du-dossier-dinscription-en-doctorat-classique","og_url":"https:\/\/www.ummto.dz\/fs\/constitution-du-dossier-dinscription-en-doctorat-classique\/","og_site_name":"Facult\u00e9 des Sciences","article_modified_time":"2021-12-12T13:14:30+00:00","twitter_card":"summary_large_image","twitter_misc":{"Dur\u00e9e de lecture estim\u00e9e":"2 minutes"},"schema":{"@context":"https:\/\/schema.org","@graph":[{"@type":"WebPage","@id":"https:\/\/www.ummto.dz\/fs\/constitution-du-dossier-dinscription-en-doctorat-classique\/","url":"https:\/\/www.ummto.dz\/fs\/constitution-du-dossier-dinscription-en-doctorat-classique\/","name":"Constitution du dossier d\u2019inscription en Doctorat classique - Facult\u00e9 des Sciences","isPartOf":{"@id":"https:\/\/www.ummto.dz\/fs\/#website"},"datePublished":"2020-12-17T12:19:23+00:00","dateModified":"2021-12-12T13:14:30+00:00","description":"constitution-du-dossier-dinscription-en-doctorat-classique","breadcrumb":{"@id":"https:\/\/www.ummto.dz\/fs\/constitution-du-dossier-dinscription-en-doctorat-classique\/#breadcrumb"},"inLanguage":"fr-FR","potentialAction":[{"@type":"ReadAction","target":["https:\/\/www.ummto.dz\/fs\/constitution-du-dossier-dinscription-en-doctorat-classique\/"]}]},{"@type":"BreadcrumbList","@id":"https:\/\/www.ummto.dz\/fs\/constitution-du-dossier-dinscription-en-doctorat-classique\/#breadcrumb","itemListElement":[{"@type":"ListItem","position":1,"name":"Accueil","item":"https:\/\/www.ummto.dz\/fs\/"},{"@type":"ListItem","position":2,"name":"Constitution du dossier d\u2019inscription en Doctorat classique"}]},{"@type":"WebSite","@id":"https:\/\/www.ummto.dz\/fs\/#website","url":"https:\/\/www.ummto.dz\/fs\/","name":"Facult\u00e9 des Sciences","description":"universit\u00e9 Moulous Mammeri de Tizi-Ouzou","potentialAction":[{"@type":"SearchAction","target":{"@type":"EntryPoint","urlTemplate":"https:\/\/www.ummto.dz\/fs\/?s={search_term_string}"},"query-input":{"@type":"PropertyValueSpecification","valueRequired":true,"valueName":"search_term_string"}}],"inLanguage":"fr-FR"}]}},"_links":{"self":[{"href":"https:\/\/www.ummto.dz\/fs\/wp-json\/wp\/v2\/pages\/4306","targetHints":{"allow":["GET"]}}],"collection":[{"href":"https:\/\/www.ummto.dz\/fs\/wp-json\/wp\/v2\/pages"}],"about":[{"href":"https:\/\/www.ummto.dz\/fs\/wp-json\/wp\/v2\/types\/page"}],"author":[{"embeddable":true,"href":"https:\/\/www.ummto.dz\/fs\/wp-json\/wp\/v2\/users\/1"}],"replies":[{"embeddable":true,"href":"https:\/\/www.ummto.dz\/fs\/wp-json\/wp\/v2\/comments?post=4306"}],"version-history":[{"count":8,"href":"https:\/\/www.ummto.dz\/fs\/wp-json\/wp\/v2\/pages\/4306\/revisions"}],"predecessor-version":[{"id":9445,"href":"https:\/\/www.ummto.dz\/fs\/wp-json\/wp\/v2\/pages\/4306\/revisions\/9445"}],"wp:attachment":[{"href":"https:\/\/www.ummto.dz\/fs\/wp-json\/wp\/v2\/media?parent=4306"}],"curies":[{"name":"wp","href":"https:\/\/api.w.org\/{rel}","templated":true}]}}