{"id":539,"date":"2018-03-27T13:50:08","date_gmt":"2018-03-27T11:50:08","guid":{"rendered":"http:\/\/fs.ummto.dz\/?page_id=539"},"modified":"2026-03-29T22:58:40","modified_gmt":"2026-03-29T20:58:40","slug":"offre-de-formation","status":"publish","type":"page","link":"https:\/\/www.ummto.dz\/fs\/offre-de-formation\/","title":{"rendered":"Offres de formation"},"content":{"rendered":"<p>[et_pb_section fb_built=\u00a0\u00bb1&Prime; fullwidth=\u00a0\u00bbon\u00a0\u00bb _builder_version=\u00a0\u00bb4.16&Prime; _module_preset=\u00a0\u00bbdefault\u00a0\u00bb bottom_divider_style=\u00a0\u00bbwaves2&Prime; bottom_divider_color=\u00a0\u00bb#FFFFFF\u00a0\u00bb bottom_divider_height=\u00a0\u00bb35px\u00a0\u00bb bottom_divider_height_tablet=\u00a0\u00bb20px\u00a0\u00bb bottom_divider_height_phone=\u00a0\u00bb9px\u00a0\u00bb bottom_divider_height_last_edited=\u00a0\u00bbon|phone\u00a0\u00bb global_colors_info=\u00a0\u00bb{}\u00a0\u00bb][et_pb_fullwidth_header _builder_version=\u00a0\u00bb4.16&Prime; _module_preset=\u00a0\u00bbdefault\u00a0\u00bb background_enable_color=\u00a0\u00bboff\u00a0\u00bb background_image=\u00a0\u00bbhttps:\/\/www.ummto.dz\/fs\/wp-content\/uploads\/2021\/12\/Banniere-FS.webp\u00a0\u00bb custom_margin=\u00a0\u00bb0px||0px||false|false\u00a0\u00bb custom_padding=\u00a0\u00bb111px|10px|29px|23px|false|false\u00a0\u00bb custom_padding_tablet=\u00a0\u00bb48px|0px||0px|false|false\u00a0\u00bb custom_padding_phone=\u00a0\u00bb10px||29px||false|false\u00a0\u00bb custom_padding_last_edited=\u00a0\u00bbon|tablet\u00a0\u00bb locked=\u00a0\u00bboff\u00a0\u00bb global_colors_info=\u00a0\u00bb{}\u00a0\u00bb][\/et_pb_fullwidth_header][\/et_pb_section][et_pb_section fb_built=\u00a0\u00bb1&Prime; _builder_version=\u00a0\u00bb4.16&Prime; _module_preset=\u00a0\u00bbdefault\u00a0\u00bb custom_margin=\u00a0\u00bb0px|0px|0px|0px|false|false\u00a0\u00bb custom_padding=\u00a0\u00bb0px|0px|0px|0px|false|false\u00a0\u00bb global_colors_info=\u00a0\u00bb{}\u00a0\u00bb][et_pb_row _builder_version=\u00a0\u00bb4.27.4&Prime; _module_preset=\u00a0\u00bbdefault\u00a0\u00bb global_colors_info=\u00a0\u00bb{}\u00a0\u00bb][et_pb_column type=\u00a0\u00bb4_4&Prime; _builder_version=\u00a0\u00bb4.16&Prime; _module_preset=\u00a0\u00bbdefault\u00a0\u00bb global_colors_info=\u00a0\u00bb{}\u00a0\u00bb][dsm_text_divider header=\u00a0\u00bbOffres de Formation\u00a0\u00bb color=\u00a0\u00bb#0C71C3&Prime; divider_weight=\u00a0\u00bb2px\u00a0\u00bb text_gap=\u00a0\u00bb2px\u00a0\u00bb _builder_version=\u00a0\u00bb4.27.4&Prime; _module_preset=\u00a0\u00bbdefault\u00a0\u00bb header_font=\u00a0\u00bb|700|||||||\u00a0\u00bb header_text_color=\u00a0\u00bb#130cd6&Prime; header_font_size=\u00a0\u00bb19px\u00a0\u00bb header_font_size_tablet=\u00a0\u00bb20px\u00a0\u00bb header_font_size_phone=\u00a0\u00bb11px\u00a0\u00bb header_font_size_last_edited=\u00a0\u00bbon|desktop\u00a0\u00bb box_shadow_style=\u00a0\u00bbpreset1&Prime; locked=\u00a0\u00bboff\u00a0\u00bb global_colors_info=\u00a0\u00bb{}\u00a0\u00bb][\/dsm_text_divider][\/et_pb_column][\/et_pb_row][\/et_pb_section][et_pb_section fb_built=\u00a0\u00bb1&Prime; _builder_version=\u00a0\u00bb4.16&Prime; custom_margin=\u00a0\u00bb0px|0px|0px|0px|false|false\u00a0\u00bb custom_padding=\u00a0\u00bb0px|0px|0px|0px|false|false\u00a0\u00bb global_colors_info=\u00a0\u00bb{}\u00a0\u00bb][et_pb_row _builder_version=\u00a0\u00bb4.27.4&Prime; background_size=\u00a0\u00bbinitial\u00a0\u00bb background_position=\u00a0\u00bbtop_left\u00a0\u00bb background_repeat=\u00a0\u00bbrepeat\u00a0\u00bb min_height=\u00a0\u00bb1372.7px\u00a0\u00bb custom_padding=\u00a0\u00bb||0px|||\u00a0\u00bb animation_style=\u00a0\u00bbslide\u00a0\u00bb global_colors_info=\u00a0\u00bb{}\u00a0\u00bb][et_pb_column type=\u00a0\u00bb4_4&Prime; _builder_version=\u00a0\u00bb4.16&Prime; custom_padding=\u00a0\u00bb|||\u00a0\u00bb global_colors_info=\u00a0\u00bb{}\u00a0\u00bb custom_padding__hover=\u00a0\u00bb|||\u00a0\u00bb][et_pb_accordion open_toggle_text_color=\u00a0\u00bb#E02B20&Prime; _builder_version=\u00a0\u00bb4.27.6&Prime; _module_preset=\u00a0\u00bbdefault\u00a0\u00bb toggle_text_color=\u00a0\u00bb#000000&Prime; toggle_font=\u00a0\u00bbAdamina|700|||||||\u00a0\u00bb toggle_text_align=\u00a0\u00bbjustify\u00a0\u00bb toggle_font_size=\u00a0\u00bb20px\u00a0\u00bb hover_enabled=\u00a0\u00bb0&Prime; box_shadow_style=\u00a0\u00bbpreset6&Prime; box_shadow_blur=\u00a0\u00bb21px\u00a0\u00bb box_shadow_color=\u00a0\u00bb#FFFFFF\u00a0\u00bb global_colors_info=\u00a0\u00bb{}\u00a0\u00bb sticky_enabled=\u00a0\u00bb0&Prime;][et_pb_accordion_item title=\u00a0\u00bbProgrammes des offres de formation Licence et Master\u00a0\u00bb open=\u00a0\u00bbon\u00a0\u00bb open_toggle_text_color=\u00a0\u00bb#0C71C3&Prime; _builder_version=\u00a0\u00bb4.27.6&Prime; _module_preset=\u00a0\u00bbdefault\u00a0\u00bb hover_enabled=\u00a0\u00bb0&Prime; border_width_all=\u00a0\u00bb0px\u00a0\u00bb border_color_all=\u00a0\u00bb#FFFFFF\u00a0\u00bb box_shadow_style=\u00a0\u00bbpreset6&Prime; box_shadow_horizontal=\u00a0\u00bb2px\u00a0\u00bb box_shadow_vertical=\u00a0\u00bb-5px\u00a0\u00bb box_shadow_blur=\u00a0\u00bb8px\u00a0\u00bb box_shadow_spread=\u00a0\u00bb-4px\u00a0\u00bb box_shadow_color=\u00a0\u00bb#FFFFFF\u00a0\u00bb global_colors_info=\u00a0\u00bb{}\u00a0\u00bb toggle_text_color=\u00a0\u00bb#E09900&Prime; toggle_level=\u00a0\u00bbh6&Prime; sticky_enabled=\u00a0\u00bb0&Prime;]<\/p>\n<h3><\/h3>\n<h5><span style=\"color: #800080\"><strong>Programmes SETI<\/strong><\/span><\/h5>\n<ul>\n<li><span style=\"color: #000080\"><span style=\"color: #000000\"><span style=\"color: #000080\"><a href=\"https:\/\/www.ummto.dz\/fs\/wp-content\/uploads\/2025\/04\/Programme_Matieres_1ere_SETI_1999-2000.pdf\" rel=\"attachment wp-att-26843\">Programme_Mati\u00e8res_1ere_SETI_1999-2000<\/a><\/span><\/span><\/span><\/li>\n<li><span style=\"color: #000080\"><span style=\"color: #000000\"><span style=\"color: #000080\"><a href=\"https:\/\/www.ummto.dz\/fs\/wp-content\/uploads\/2025\/04\/Programme_Matieres_1ere_SETI_2001-2002.pdf\" rel=\"attachment wp-att-26844\">Programme_Mati\u00e8res_1ere_SETI_2001-2002<\/a><\/span><\/span><\/span><\/li>\n<li><span style=\"color: #000080\"><span style=\"color: #000000\"><span style=\"color: #000080\"><a href=\"https:\/\/www.ummto.dz\/fs\/wp-content\/uploads\/2025\/04\/Programme_Matieres_1ere_SETI_2005-2006.pdf\" rel=\"attachment wp-att-26846\">Programme_Mati\u00e8res_1ere_SETI_2005-2006<\/a><\/span><\/span><\/span><\/li>\n<\/ul>\n<p><span style=\"color: #800080\"><strong>Programmes TCT<\/strong><\/span><\/p>\n<ul>\n<li><span style=\"color: #000080\"><span style=\"color: #000000\"><span style=\"color: #000080\"><a href=\"https:\/\/www.ummto.dz\/fs\/wp-content\/uploads\/2025\/04\/Programme_Matieres_2eme_TCT_2000-2007.pdf\" rel=\"attachment wp-att-26848\">Programme_Mati\u00e8res_2\u00e8me_TCT_2000-2007<\/a><\/span><\/span><\/span><\/li>\n<\/ul>\n<p><span style=\"color: #800080\"><strong>Programme tronc commun Sciences et Technologie ( ST )<\/strong><\/span><\/p>\n<ul>\n<li><a href=\"https:\/\/www.ummto.dz\/fs\/wp-content\/uploads\/2025\/04\/L1_ST_2006-2013.pdf\" rel=\"attachment wp-att-26888\">L1_ST_2006-2013<\/a><\/li>\n<li><a href=\"https:\/\/www.ummto.dz\/fs\/wp-content\/uploads\/2025\/04\/L1_ST_2013-2017.pdf\" rel=\"attachment wp-att-26889\">L1_ST_2013-2017<\/a><\/li>\n<li><a href=\"https:\/\/www.ummto.dz\/fs\/wp-content\/uploads\/2025\/04\/L1_ST_2017-2018.pdf\" rel=\"attachment wp-att-26890\">L1_ST_2017-2018<\/a><\/li>\n<li><a href=\"https:\/\/www.ummto.dz\/fs\/wp-content\/uploads\/2025\/04\/L1_ST_2018-2022.pdf\" rel=\"attachment wp-att-26891\">L1_ST_2018-2022<\/a><\/li>\n<li><a href=\"https:\/\/www.ummto.dz\/fs\/wp-content\/uploads\/2025\/03\/Programme-Socle-commun-ST-2018-2019FA-2.pdf\" rel=\"attachment wp-att-26795\">Programme-Socle-commun-ST-2018-2019<\/a><\/li>\n<li><a href=\"https:\/\/www.ummto.dz\/fs\/wp-content\/uploads\/2026\/03\/L1_ST_2022-2024-.pdf\" rel=\"attachment wp-att-30129\">L1_ST_2022- 2024<\/a><\/li>\n<li><a href=\"https:\/\/www.ummto.dz\/fs\/wp-content\/uploads\/2026\/03\/L1_ST_2025.pdf\" rel=\"attachment wp-att-30131\">L1_ST_2025<\/a><\/li>\n<\/ul>\n<p><span style=\"color: #000080\"><span style=\"color: #000000\"><strong><\/strong><\/span><\/span><\/p>\n<p><span style=\"color: #800080\"><strong>Programme Tronc commun Sciences de la Mati\u00e8re ( SM )<\/strong><\/span><\/p>\n<ul>\n<li><span style=\"color: #0000ff\"><a href=\"https:\/\/www.ummto.dz\/fs\/wp-content\/uploads\/2020\/11\/1ere-annee-tronc-commun-Sciences-de-la-matiere-.pdf\" target=\"_blank\" rel=\"attachment noopener wp-att-3515\">\u00a01\u00e8re ann\u00e9e tronc commun Sciences de la mati\u00e8re \u00a0\u00a0<\/a><\/span><\/li>\n<\/ul>\n<p><span style=\"color: #800080\"><strong>Programme de Chimie<\/strong><\/span><\/p>\n<ul>\n<li style=\"text-align: left\"><span style=\"color: #0000ff\"><a href=\"https:\/\/www.ummto.dz\/fs\/wp-content\/uploads\/2025\/04\/L2-Chimie-1.pdf\" rel=\"attachment wp-att-26870\">L2-Chimie<\/a><\/span><\/li>\n<li style=\"text-align: left\"><span style=\"color: #0000ff\"><a href=\"https:\/\/www.ummto.dz\/fs\/wp-content\/uploads\/2025\/04\/L3-chimie-pharmaceutique-1.pdf\" rel=\"attachment wp-att-26871\">L3-chimie-pharmaceutique<\/a><\/span><\/li>\n<li style=\"text-align: left\"><span style=\"color: #0000ff\"> <a href=\"https:\/\/www.ummto.dz\/fs\/wp-content\/uploads\/2020\/11\/L3-Chimie-Fondamentale.pdf\" rel=\"attachment wp-att-3211\">L3-Chimie-Fondamentale<\/a><\/span><span style=\"color: #0000ff\"><\/span><\/li>\n<li style=\"text-align: left\"><a href=\"https:\/\/www.ummto.dz\/fs\/wp-content\/uploads\/2025\/04\/Master-chimie-Environnement.pdf\" rel=\"attachment wp-att-26872\">Master-chimie-Environnement<\/a><span style=\"color: #0000ff\"><\/span><\/li>\n<li style=\"text-align: left\"><span style=\"color: #0000ff\"><a href=\"https:\/\/www.ummto.dz\/fs\/wp-content\/uploads\/2025\/04\/Master-Chimie-pharmaceutique.pdf\" rel=\"attachment wp-att-26873\">Master-Chimie-pharmaceutique<\/a><\/span><\/li>\n<li style=\"text-align: left\"><span style=\"color: #0000ff\"><a href=\"https:\/\/www.ummto.dz\/fs\/wp-content\/uploads\/2025\/04\/Master-Chimie-Physique.pdf\" rel=\"attachment wp-att-26874\">Master-Chimie-Physique<\/a><\/span><span style=\"color: #0000ff\">\u00a0 \u00a0<\/span><span style=\"color: #000000\"><strong><\/strong><\/span><span style=\"color: #000000\"><strong><\/strong><\/span><span style=\"color: #0000ff\"><\/span><\/li>\n<\/ul>\n<p><span style=\"color: #800080\"><strong>Programme de Math\u00e9matiques<\/strong><\/span><\/p>\n<ul>\n<li style=\"text-align: left\"><a href=\"https:\/\/www.ummto.dz\/fs\/wp-content\/uploads\/2025\/11\/Canevas-Licence-Mathematiques-2025-2026.pdf\" rel=\"attachment wp-att-29266\">Canevas -Licence-Mathematiques 2025-2026<\/a><\/li>\n<li style=\"text-align: left\"><a href=\"https:\/\/www.ummto.dz\/fs\/wp-content\/uploads\/2025\/04\/Licence-mathematiques-2015-2016.pdf\" rel=\"attachment wp-att-27024\">Licence-mathematiques 2015-2016<\/a><\/li>\n<li style=\"text-align: left\"><a href=\"https:\/\/www.ummto.dz\/fs\/wp-content\/uploads\/2025\/04\/Licence-Mathematiques-2018-2019.pdf\" rel=\"attachment wp-att-27025\">Licence Math\u00e9matiques 2018-2019<\/a><\/li>\n<li style=\"text-align: left\"><span style=\"color: #0000ff\"><a href=\"https:\/\/www.ummto.dz\/fs\/wp-content\/uploads\/2025\/04\/Licence-Mathematiques-Appliquees-aux-Sciences-de-Gestion-2023-2024.pdf\" rel=\"attachment wp-att-27021\">Licence Math\u00e9matiques Appliqu\u00e9es aux Sciences de Gestion 2023-2024<\/a><\/span><\/li>\n<li style=\"text-align: left\"><span style=\"color: #0000ff\"><a href=\"https:\/\/www.ummto.dz\/fs\/wp-content\/uploads\/2025\/04\/Master-analyse-mathematique-et-applications.pdf\" rel=\"attachment wp-att-26878\">Master-analyse-mathematique-et-applications<\/a> \u00a0<\/span><span style=\"color: #0000ff\"><\/span><\/li>\n<li style=\"text-align: left\"><span style=\"color: #0000ff\"><a href=\"https:\/\/www.ummto.dz\/fs\/wp-content\/uploads\/2025\/04\/Master-recherche-operationnelle-.pdf\" rel=\"attachment wp-att-26879\">Master-recherche-operationnelle-<\/a><\/span><span style=\"color: #0000ff\">\u00a0 \u00a0 \u00a0\u00a0<\/span><span style=\"color: #0000ff\"><\/span><\/li>\n<li style=\"text-align: left\"><span style=\"color: #0000ff\"><a href=\"https:\/\/www.ummto.dz\/fs\/wp-content\/uploads\/2020\/11\/Master-probabilites-et-statistique-.pdf\" target=\"_blank\" rel=\"attachment noopener wp-att-3524\">Master-probabilit\u00e9s-et-statistique<\/a><\/span><\/li>\n<\/ul>\n<h5><span style=\"color: #800080\"><strong>Programme de Physique<\/strong><\/span><\/h5>\n<ul>\n<li><span style=\"color: #000080\"><a href=\"https:\/\/www.ummto.dz\/fs\/wp-content\/uploads\/2025\/03\/L2_Physique.pdf\" rel=\"attachment wp-att-26801\">L2_Physique<\/a><\/span><\/li>\n<li><span style=\"color: #000080\"><a href=\"https:\/\/www.ummto.dz\/fs\/wp-content\/uploads\/2025\/03\/L3_Physique-appliquee.pdf\" rel=\"attachment wp-att-26802\">L3_Physique appliqu\u00e9e<\/a><\/span><\/li>\n<li><span style=\"color: #000080\"><strong><\/strong><\/span><\/li>\n<li><span style=\"color: #000080\"><a href=\"https:\/\/www.ummto.dz\/fs\/wp-content\/uploads\/2025\/03\/Master-Physique-medicale_FS-UMMTO.pdf\" rel=\"attachment wp-att-26804\">Master-Physique-medicale_FS-UMMTO<\/a><\/span><\/li>\n<li><span style=\"color: #000080\"><a href=\"https:\/\/www.ummto.dz\/fs\/wp-content\/uploads\/2025\/03\/Master-Nanophysique-2016-2017.pdf\" rel=\"attachment wp-att-26803\">Master-Nanophysique-2016-2017<\/a><\/span><span style=\"color: #000080\"><strong><\/strong><\/span><\/li>\n<\/ul>\n<p>&nbsp;<\/p>\n<p style=\"text-align: justify\"><strong><span style=\"color: #000080\">\u00a0<\/span><\/strong><\/p>\n<p>[\/et_pb_accordion_item][et_pb_accordion_item title=\u00a0\u00bbArr\u00eat\u00e9s d&rsquo;habilitation des offres de formation licence et Master en SM et MI\u00a0\u00bb open_toggle_text_color=\u00a0\u00bb#12876F\u00a0\u00bb _builder_version=\u00a0\u00bb4.27.4&Prime; _module_preset=\u00a0\u00bbdefault\u00a0\u00bb border_color_all=\u00a0\u00bb#FFFFFF\u00a0\u00bb box_shadow_style=\u00a0\u00bbpreset6&Prime; box_shadow_color=\u00a0\u00bb#FFFFFF\u00a0\u00bb global_colors_info=\u00a0\u00bb{}\u00a0\u00bb toggle_text_color=\u00a0\u00bb#12876F\u00a0\u00bb open=\u00a0\u00bboff\u00a0\u00bb]<\/p>\n<p>&nbsp;<\/p>\n<ul>\n<li><a href=\"https:\/\/www.ummto.dz\/fs\/wp-content\/uploads\/2023\/03\/Arrete-824-du-05-aout-2015-mise-en-conformite-licence-SM.pdf\" rel=\"attachment noopener wp-att-18533\" target=\"_blank\">Arr\u00eat\u00e9 N\u00b0 824 du 05 aout 2015 portant mise en conformit\u00e9 des licences habilit\u00e9s au titre de l&rsquo;UMMTO\u00a0 dans le domaine Sciences de la Mati\u00e8re<\/a><\/li>\n<li><a href=\"https:\/\/www.ummto.dz\/fs\/wp-content\/uploads\/2023\/03\/Arrete-589-du-05-aout-2015-portant-mise-en-conformite-Licence-MI.pdf\" rel=\"attachment noopener wp-att-18536\" target=\"_blank\">Arr\u00eat\u00e9 589 du 05 aout 2015 portant mise en conformit\u00e9 des licences habilit\u00e9s au titre de l&rsquo;UMMTO\u00a0 dans le domaine\u00a0 Math\u00e9matiques &amp; Informatique<\/a><\/li>\n<li><a href=\"https:\/\/www.ummto.dz\/fs\/wp-content\/uploads\/2023\/03\/Arrete-1178-du-09-aout-2015-harmonisation-masters-MI.pdf\" rel=\"attachment noopener wp-att-18537\" target=\"_blank\">Arr\u00eat\u00e9 1178 du 09 aout 2015 portant harmonisation des masters habilit\u00e9s au titre de l&rsquo;UMMTO dans le domaine Math\u00e9matiques &amp; Informatique<\/a><\/li>\n<li><a href=\"https:\/\/www.ummto.dz\/fs\/wp-content\/uploads\/2023\/03\/Arrete-1139-du-09-aout-2016-harmonisation-masters-SM.pdf\" rel=\"attachment noopener wp-att-18534\" target=\"_blank\">Arr\u00eat\u00e9 1139 du 09 aout 2016 harmonisation des masters habilit\u00e9s au titre de l&rsquo;UMMTO dans le domaine Sciences de la Mati\u00e8re<\/a><\/li>\n<li><a href=\"https:\/\/www.ummto.dz\/fs\/wp-content\/uploads\/2023\/03\/Arrete-1070-du-22-12-2020-habilitation-master-ouverts-SM-20-21.pdf\" rel=\"attachment noopener wp-att-18535\" target=\"_blank\">Arr\u00eat\u00e9 1070 du 22-12-2020 portant habilitation d&rsquo;un master ouvert (physique m\u00e9dical) au titre de 20\/21 \u00e0 l&rsquo;UMMTO<\/a><\/li>\n<\/ul>\n<p>[\/et_pb_accordion_item][\/et_pb_accordion][\/et_pb_column][\/et_pb_row][\/et_pb_section]<\/p>\n","protected":false},"excerpt":{"rendered":"<p><div class=\"et_pb_module dsm_text_divider dsm_text_divider_0\">\n\t\t\t\t\n\t\t\t\t\n\t\t\t\t\n\t\t\t\t\n\t\t\t\t\n\t\t\t\t\n\t\t\t\t<div class=\"et_pb_module_inner\">\n\t\t\t\t\t<div class=\"dsm-text-divider-wrapper dsm-text-divider-align-center et_pb_bg_layout_light\">\n\t\t\t\t\n\t\t\t\t\n\t\t\t\t<div class=\"dsm-text-divider-before dsm-divider\"><\/div>\n\t\t\t\t<h3 class=\"dsm-text-divider-header et_pb_module_header\"><span>Offres de Formation<\/span><\/h3>\n\t\t\t\t<div class=\"dsm-text-divider-after dsm-divider\"><\/div>\n\t\t\t<\/div>\n\t\t\t\t<\/div>\n\t\t\t<\/div> Programmes SETI Programme_Mati\u00e8res_1ere_SETI_1999-2000 Programme_Mati\u00e8res_1ere_SETI_2001-2002 Programme_Mati\u00e8res_1ere_SETI_2005-2006 Programmes TCT Programme_Mati\u00e8res_2\u00e8me_TCT_2000-2007 Programme tronc commun Sciences et Technologie ( ST ) L1_ST_2006-2013 L1_ST_2013-2017 L1_ST_2017-2018 L1_ST_2018-2022 Programme-Socle-commun-ST-2018-2019 L1_ST_2022- 2024 L1_ST_2025 Programme Tronc commun Sciences de la Mati\u00e8re ( SM ) \u00a01\u00e8re ann\u00e9e [&hellip;]<\/p>\n","protected":false},"author":1,"featured_media":0,"parent":0,"menu_order":0,"comment_status":"closed","ping_status":"closed","template":"","meta":{"_et_pb_use_builder":"on","_et_pb_old_content":"<p>\u00a0<\/p><p><span style=\"text-decoration: underline; color: #000080;\"><strong>Tronc Commun Sciences de la Mati\u00e8re<\/strong><\/span><\/p><ul><li><span style=\"color: #0000ff;\"><a style=\"color: #0000ff;\" href=\"http:\/\/fs.ummto.dz\/wp-content\/uploads\/2020\/11\/1ere-annee-tronc-commun-Sciences-de-la-matiere-.pdf\">1\u00e8re ann\u00e9e tronc commun Sciences de la mati\u00e8re<\/a><\/span><\/li><\/ul><p><span style=\"text-decoration: underline; color: #000080;\"><strong>D\u00e9partement de chimie :\u00a0<\/strong><\/span><\/p><ul><li><span style=\"color: #0000ff;\"><a style=\"color: #0000ff;\" href=\"http:\/\/fs.ummto.dz\/wp-content\/uploads\/2020\/11\/L2-Chimie-1.pdf\">L2-Chimie<\/a><\/span><\/li><li><span style=\"color: #0000ff;\"><a style=\"color: #0000ff;\" href=\"http:\/\/fs.ummto.dz\/wp-content\/uploads\/2020\/11\/L3-Chimie-Fondamentale-1.pdf\">L3-Chimie-Fondamentale<\/a><\/span><\/li><li><span style=\"color: #0000ff;\"><a style=\"color: #0000ff;\" href=\"http:\/\/fs.ummto.dz\/wp-content\/uploads\/2020\/11\/L3-chimie-pharmaceutique-1-1.pdf\">L3-chimie-pharmaceutique<\/a><\/span><\/li><li><span style=\"color: #0000ff;\"><a style=\"color: #0000ff;\" href=\"http:\/\/fs.ummto.dz\/wp-content\/uploads\/2020\/11\/Master-chimie-Environnement-1-1.pdf\">Master-chimie-Environnement<\/a><\/span><\/li><li><span style=\"color: #0000ff;\"><a style=\"color: #0000ff;\" href=\"http:\/\/fs.ummto.dz\/wp-content\/uploads\/2020\/11\/Master-Chimie-pharmaceutique-1-1.pdf\">Master-Chimie-pharmaceutique<\/a><\/span><\/li><li><span style=\"color: #0000ff;\"><a style=\"color: #0000ff;\" href=\"http:\/\/fs.ummto.dz\/wp-content\/uploads\/2020\/11\/Master-Chimie-Physique-1-1.pdf\">Master-Chimie-Physique-<\/a><\/span><\/li><\/ul><p><span style=\"text-decoration: underline; color: #000080;\"><strong>D\u00e9partement de maths:<\/strong><\/span><\/p><ul><li><span style=\"color: #0000ff;\"><a style=\"color: #0000ff;\" href=\"http:\/\/fs.ummto.dz\/wp-content\/uploads\/2020\/11\/Licence-mathematiques-.pdf\">Licence-math\u00e9matiques<\/a><\/span><\/li><li><span style=\"color: #0000ff;\"><a style=\"color: #0000ff;\" href=\"http:\/\/fs.ummto.dz\/wp-content\/uploads\/2020\/11\/Master-analyse-mathematique-et-applications-.pdf\">Master-analyse-math\u00e9matique-et-applications<\/a><\/span><\/li><li><span style=\"color: #0000ff;\"><a style=\"color: #0000ff;\" href=\"http:\/\/fs.ummto.dz\/wp-content\/uploads\/2020\/11\/Master-probabilites-et-statistique-.pdf\">Master-probabilit\u00e9s-et-statistique<\/a><\/span><\/li><li><span style=\"color: #0000ff;\"><a style=\"color: #0000ff;\" href=\"http:\/\/fs.ummto.dz\/wp-content\/uploads\/2020\/11\/Master-recherche-operationnelle-.pdf\">Master-recherche-op\u00e9rationnelle<\/a><\/span><\/li><\/ul><p><span style=\"text-decoration: underline; color: #000080;\"><strong>D\u00e9partement de physique\u00a0:<\/strong><\/span><\/p><ul><li><a href=\"http:\/\/fs.ummto.dz\/wp-content\/uploads\/2020\/11\/Programme_L2_Physique..-1.pdf\"><span style=\"color: #0000ff;\">Programme_L2_Physique.<\/span><\/a><\/li><li><span style=\"color: #0000ff;\"><a style=\"color: #0000ff;\" href=\"http:\/\/fs.ummto.dz\/wp-content\/uploads\/2020\/11\/Programme_L3_Physique-1.pdf\">Programme_L3_Physique<\/a><\/span><\/li><li><a href=\"http:\/\/fs.ummto.dz\/wp-content\/uploads\/2020\/11\/Programme_Master_physique-1.pdf\"><span style=\"color: #0000ff;\">Programme_Master_physique<\/span><\/a><\/li><\/ul>","_et_gb_content_width":"","footnotes":""},"class_list":["post-539","page","type-page","status-publish","hentry"],"yoast_head":"<!-- This site is optimized with the Yoast SEO plugin v27.3 - https:\/\/yoast.com\/product\/yoast-seo-wordpress\/ -->\n<title>Offres de formation - Facult\u00e9 des Sciences<\/title>\n<meta name=\"description\" content=\"Offres-de-Formation-de-la-Facult\u00e9-des-Sciences-de-l&#039;UMMTO\" \/>\n<meta name=\"robots\" content=\"index, follow, max-snippet:-1, max-image-preview:large, max-video-preview:-1\" \/>\n<link rel=\"canonical\" href=\"https:\/\/www.ummto.dz\/fs\/offre-de-formation\/\" \/>\n<meta property=\"og:locale\" content=\"fr_FR\" \/>\n<meta property=\"og:type\" content=\"article\" \/>\n<meta property=\"og:title\" content=\"Offres de formation - Facult\u00e9 des Sciences\" \/>\n<meta property=\"og:description\" content=\"Offres-de-Formation-de-la-Facult\u00e9-des-Sciences-de-l&#039;UMMTO\" \/>\n<meta property=\"og:url\" content=\"https:\/\/www.ummto.dz\/fs\/offre-de-formation\/\" \/>\n<meta property=\"og:site_name\" content=\"Facult\u00e9 des Sciences\" \/>\n<meta property=\"article:modified_time\" content=\"2026-03-29T20:58:40+00:00\" \/>\n<meta name=\"twitter:card\" content=\"summary_large_image\" \/>\n<meta name=\"twitter:label1\" content=\"Dur\u00e9e de lecture estim\u00e9e\" \/>\n\t<meta name=\"twitter:data1\" content=\"1 minute\" \/>\n<script type=\"application\/ld+json\" class=\"yoast-schema-graph\">{\"@context\":\"https:\\\/\\\/schema.org\",\"@graph\":[{\"@type\":\"WebPage\",\"@id\":\"https:\\\/\\\/www.ummto.dz\\\/fs\\\/offre-de-formation\\\/\",\"url\":\"https:\\\/\\\/www.ummto.dz\\\/fs\\\/offre-de-formation\\\/\",\"name\":\"Offres de formation - Facult\u00e9 des Sciences\",\"isPartOf\":{\"@id\":\"https:\\\/\\\/www.ummto.dz\\\/fs\\\/#website\"},\"datePublished\":\"2018-03-27T11:50:08+00:00\",\"dateModified\":\"2026-03-29T20:58:40+00:00\",\"description\":\"Offres-de-Formation-de-la-Facult\u00e9-des-Sciences-de-l'UMMTO\",\"breadcrumb\":{\"@id\":\"https:\\\/\\\/www.ummto.dz\\\/fs\\\/offre-de-formation\\\/#breadcrumb\"},\"inLanguage\":\"fr-FR\",\"potentialAction\":[{\"@type\":\"ReadAction\",\"target\":[\"https:\\\/\\\/www.ummto.dz\\\/fs\\\/offre-de-formation\\\/\"]}]},{\"@type\":\"BreadcrumbList\",\"@id\":\"https:\\\/\\\/www.ummto.dz\\\/fs\\\/offre-de-formation\\\/#breadcrumb\",\"itemListElement\":[{\"@type\":\"ListItem\",\"position\":1,\"name\":\"Accueil\",\"item\":\"https:\\\/\\\/www.ummto.dz\\\/fs\\\/\"},{\"@type\":\"ListItem\",\"position\":2,\"name\":\"Offres de formation\"}]},{\"@type\":\"WebSite\",\"@id\":\"https:\\\/\\\/www.ummto.dz\\\/fs\\\/#website\",\"url\":\"https:\\\/\\\/www.ummto.dz\\\/fs\\\/\",\"name\":\"Facult\u00e9 des Sciences\",\"description\":\"universit\u00e9 Moulous Mammeri de Tizi-Ouzou\",\"potentialAction\":[{\"@type\":\"SearchAction\",\"target\":{\"@type\":\"EntryPoint\",\"urlTemplate\":\"https:\\\/\\\/www.ummto.dz\\\/fs\\\/?s={search_term_string}\"},\"query-input\":{\"@type\":\"PropertyValueSpecification\",\"valueRequired\":true,\"valueName\":\"search_term_string\"}}],\"inLanguage\":\"fr-FR\"}]}<\/script>\n<!-- \/ Yoast SEO plugin. -->","yoast_head_json":{"title":"Offres de formation - Facult\u00e9 des Sciences","description":"Offres-de-Formation-de-la-Facult\u00e9-des-Sciences-de-l'UMMTO","robots":{"index":"index","follow":"follow","max-snippet":"max-snippet:-1","max-image-preview":"max-image-preview:large","max-video-preview":"max-video-preview:-1"},"canonical":"https:\/\/www.ummto.dz\/fs\/offre-de-formation\/","og_locale":"fr_FR","og_type":"article","og_title":"Offres de formation - Facult\u00e9 des Sciences","og_description":"Offres-de-Formation-de-la-Facult\u00e9-des-Sciences-de-l'UMMTO","og_url":"https:\/\/www.ummto.dz\/fs\/offre-de-formation\/","og_site_name":"Facult\u00e9 des Sciences","article_modified_time":"2026-03-29T20:58:40+00:00","twitter_card":"summary_large_image","twitter_misc":{"Dur\u00e9e de lecture estim\u00e9e":"1 minute"},"schema":{"@context":"https:\/\/schema.org","@graph":[{"@type":"WebPage","@id":"https:\/\/www.ummto.dz\/fs\/offre-de-formation\/","url":"https:\/\/www.ummto.dz\/fs\/offre-de-formation\/","name":"Offres de formation - Facult\u00e9 des Sciences","isPartOf":{"@id":"https:\/\/www.ummto.dz\/fs\/#website"},"datePublished":"2018-03-27T11:50:08+00:00","dateModified":"2026-03-29T20:58:40+00:00","description":"Offres-de-Formation-de-la-Facult\u00e9-des-Sciences-de-l'UMMTO","breadcrumb":{"@id":"https:\/\/www.ummto.dz\/fs\/offre-de-formation\/#breadcrumb"},"inLanguage":"fr-FR","potentialAction":[{"@type":"ReadAction","target":["https:\/\/www.ummto.dz\/fs\/offre-de-formation\/"]}]},{"@type":"BreadcrumbList","@id":"https:\/\/www.ummto.dz\/fs\/offre-de-formation\/#breadcrumb","itemListElement":[{"@type":"ListItem","position":1,"name":"Accueil","item":"https:\/\/www.ummto.dz\/fs\/"},{"@type":"ListItem","position":2,"name":"Offres de formation"}]},{"@type":"WebSite","@id":"https:\/\/www.ummto.dz\/fs\/#website","url":"https:\/\/www.ummto.dz\/fs\/","name":"Facult\u00e9 des Sciences","description":"universit\u00e9 Moulous Mammeri de Tizi-Ouzou","potentialAction":[{"@type":"SearchAction","target":{"@type":"EntryPoint","urlTemplate":"https:\/\/www.ummto.dz\/fs\/?s={search_term_string}"},"query-input":{"@type":"PropertyValueSpecification","valueRequired":true,"valueName":"search_term_string"}}],"inLanguage":"fr-FR"}]}},"_links":{"self":[{"href":"https:\/\/www.ummto.dz\/fs\/wp-json\/wp\/v2\/pages\/539","targetHints":{"allow":["GET"]}}],"collection":[{"href":"https:\/\/www.ummto.dz\/fs\/wp-json\/wp\/v2\/pages"}],"about":[{"href":"https:\/\/www.ummto.dz\/fs\/wp-json\/wp\/v2\/types\/page"}],"author":[{"embeddable":true,"href":"https:\/\/www.ummto.dz\/fs\/wp-json\/wp\/v2\/users\/1"}],"replies":[{"embeddable":true,"href":"https:\/\/www.ummto.dz\/fs\/wp-json\/wp\/v2\/comments?post=539"}],"version-history":[{"count":95,"href":"https:\/\/www.ummto.dz\/fs\/wp-json\/wp\/v2\/pages\/539\/revisions"}],"predecessor-version":[{"id":30132,"href":"https:\/\/www.ummto.dz\/fs\/wp-json\/wp\/v2\/pages\/539\/revisions\/30132"}],"wp:attachment":[{"href":"https:\/\/www.ummto.dz\/fs\/wp-json\/wp\/v2\/media?parent=539"}],"curies":[{"name":"wp","href":"https:\/\/api.w.org\/{rel}","templated":true}]}}