{"id":5642,"date":"2021-09-07T00:59:28","date_gmt":"2021-09-06T22:59:28","guid":{"rendered":"http:\/\/fs.ummto.dz\/?page_id=5642"},"modified":"2021-12-12T14:17:42","modified_gmt":"2021-12-12T13:17:42","slug":"constitution-du-dossier-de-reinscription-en-doctorat-ou-magister","status":"publish","type":"page","link":"https:\/\/www.ummto.dz\/fs\/constitution-du-dossier-de-reinscription-en-doctorat-ou-magister\/","title":{"rendered":"Constitution du dossier de r\u00e9inscription en Doctorat ou Magister"},"content":{"rendered":"\n[et_pb_section fb_built=\u00a0\u00bb1&Prime; _builder_version=\u00a0\u00bb3.22&Prime; global_colors_info=\u00a0\u00bb{}\u00a0\u00bb][et_pb_row _builder_version=\u00a0\u00bb3.25&Prime; background_size=\u00a0\u00bbinitial\u00a0\u00bb background_position=\u00a0\u00bbtop_left\u00a0\u00bb background_repeat=\u00a0\u00bbrepeat\u00a0\u00bb global_colors_info=\u00a0\u00bb{}\u00a0\u00bb][et_pb_column type=\u00a0\u00bb4_4&Prime; _builder_version=\u00a0\u00bb3.25&Prime; custom_padding=\u00a0\u00bb|||\u00a0\u00bb global_colors_info=\u00a0\u00bb{}\u00a0\u00bb custom_padding__hover=\u00a0\u00bb|||\u00a0\u00bb][et_pb_text _builder_version=\u00a0\u00bb4.11.4&Prime; background_size=\u00a0\u00bbinitial\u00a0\u00bb background_position=\u00a0\u00bbtop_left\u00a0\u00bb background_repeat=\u00a0\u00bbrepeat\u00a0\u00bb global_colors_info=\u00a0\u00bb{}\u00a0\u00bb]<p style=\"text-align: center\"><span style=\"color: #ff0000\"><span style=\"text-decoration: underline\"><span style=\"font-size: 14pt\"><b style=\"color: #ff0000;text-decoration: underline\">Documents\u00a0 <\/b><span style=\"color: #ff0000;text-decoration: underline\"><b>n\u00e9cessaires<\/b><\/span><\/span><b style=\"color: #ff0000;text-decoration: underline\"> pour la r\u00e9inscription en Doctorat ou Magister<\/b><\/span><\/span><\/p>\n<p style=\"text-align: center\"><span style=\"color: #ff0000\"><span style=\"text-decoration: underline\"><b style=\"color: #ff0000;text-decoration: underline\">Ann\u00e9e universitaire 2021\/2022<\/b><\/span><\/span><\/p>\n<ol>\n<li><span style=\"font-family: 'comic sans ms', sans-serif;font-size: 10pt;color: #000000\"><strong>Etat d\u2019avancement dat\u00e9 et sign\u00e9 par le directeur de th\u00e8se ou m\u00e9moire\u00a0;<\/strong><\/span><\/li>\n<li><span style=\"font-family: 'comic sans ms', sans-serif;font-size: 10pt;color: #000000\"><strong>Copie du dernier certificat de scolarit\u00e9\u00a0;<\/strong><\/span><\/li>\n<li><span style=\"font-family: 'comic sans ms', sans-serif;font-size: 10pt;color: #000000\"><strong>Copie des dipl\u00f4mes (Bac, Licence, DES, Master, &#8230;..) ;<\/strong><\/span><\/li>\n<li><span style=\"font-family: 'comic sans ms', sans-serif;font-size: 10pt;color: #000000\"><strong><span style=\"color: #0000ff\"><a style=\"color: #0000ff\" href=\"http:\/\/www.ummto.dz\/fs\/wp-content\/uploads\/2021\/09\/Fiche_Reinscription_doctorat_Magister_FS_UMMTO.doc\" target=\"_blank\" rel=\"noopener\">Fiche de r\u00e9inscription<\/a> <\/span>d\u00fbment remplie (\u00e0 imprimer en recto-verso);<\/strong><\/span><\/li>\n<li><span style=\"color: #000000\"><strong><span style=\"font-family: 'comic sans ms', sans-serif;font-size: 10pt\"><span style=\"font-family: 'comic sans ms', sans-serif\"><span style=\"font-size: 10pt\">Demande de d\u00e9rogation exceptionnelle d\u2019inscription en N<\/span><\/span><sup style=\"font-family: 'comic sans ms', sans-serif;font-size: 10pt;font-weight: bold\">\u00e8me\u00a0<\/sup><span style=\"font-family: 'comic sans ms', sans-serif\"><span style=\"font-size: 10pt\"> ann\u00e9e (N&gt;3 pour le doctorat de 3\u00e8me cycle, N&gt;5 pour le doctorat Es-Sciences et N&gt;2 pour le magister). Formulaire \u00e0 <\/span><\/span><span style=\"font-family: 'comic sans ms', sans-serif\"><span style=\"font-size: 13.3333px\">t\u00e9l\u00e9charger<\/span><\/span><span style=\"font-family: 'comic sans ms', sans-serif\"><span style=\"font-size: 10pt\">\u00a0<a style=\"color: #000000\" href=\"http:\/\/www.ummto.dz\/fs\/wp-content\/uploads\/2021\/09\/Demande-de-Derogation_inscription_doctorat_Magister_FS_UMMTO_2021_2022.doc\" target=\"_blank\" rel=\"noopener\"><span style=\"color: #ff0000\">ICI<\/span><\/a><\/span><\/span><\/span><\/strong><\/span><\/li>\n<\/ol>\n<p><span style=\"font-size: 10pt;color: #0000ff;font-family: 'comic sans ms', sans-serif\"><strong>A joindre, en plus des pi\u00e8ces 1-5, selon le cas :<\/strong><\/span><\/p>\n<ul>\n<li><span style=\"font-size: 10pt;font-family: 'comic sans ms', sans-serif\"><span style=\"color: #ff0000\"><strong>Cas de demande de changement de directeur de th\u00e8se: <\/strong><\/span><span style=\"color: #0000ff\"><strong>Joindre<\/strong><strong> les pi\u00e8ces 6-8 :<\/strong><\/span><\/span><\/li>\n<\/ul>\n<ol start=\"6\">\n<li><span style=\"font-size: 10pt;font-family: 'comic sans ms', sans-serif;color: #000000\"><strong><span style=\"color: #000000\"><a style=\"color: #000000\" href=\"http:\/\/fs.ummto.dz\/wp-content\/uploads\/2021\/09\/Fiche_Changement_reformulation_sujet_directeur_doctorat_Magister_FS_UMMTO.doc\">Formulaire de changement de directeur<\/a><\/span> dat\u00e9e et sign\u00e9e par le nouveau directeur du m\u00e9moire ou de th\u00e8se <b style=\"color: #000000;font-family: 'comic sans ms', sans-serif;font-size: 10pt\"><span style=\"color: #000000\"> (A <\/span><\/b><span style=\"font-family: 'comic sans ms', sans-serif\"><span style=\"font-size: 13.3333px\"><b>t\u00e9l\u00e9charger<\/b><\/span><\/span><b style=\"font-family: 'comic sans ms', sans-serif;font-size: 10pt\"><span style=\"color: #ff0000\"><a style=\"color: #ff0000\" href=\"http:\/\/www.ummto.dz\/fs\/wp-content\/uploads\/2021\/09\/Fiche_Changement_reformulation_sujet_directeur_doctorat_Magister_FS_UMMTO.doc\" target=\"_blank\" rel=\"noopener\"> ici<\/a><\/span>);<\/b>;<\/strong><\/span><\/li>\n<li><span style=\"font-size: 10pt;font-family: 'comic sans ms', sans-serif;color: #000000\"><strong>Une lettre de d\u00e9sistement de l\u2019ancien directeur ou document \u00e9quivalent\u00a0;<\/strong><\/span><\/li>\n<li><span style=\"font-size: 10pt;font-family: 'comic sans ms', sans-serif;color: #000000\"><strong>CV du nouveau directeur du m\u00e9moire ou de th\u00e8se\u00a0;<\/strong><\/span><\/li>\n<\/ol>\n<ul>\n<li><span style=\"font-size: 10pt;font-family: 'comic sans ms', sans-serif\"><strong><span style=\"color: #ff0000\">Cas de demande de changement\/reformulation du sujet de th\u00e8se<\/span>. <\/strong><span style=\"color: #0000ff\"><strong>Joindre<\/strong><strong> les pi\u00e8ces 9-10<\/strong><strong>:<\/strong><\/span><\/span><\/li>\n<\/ul>\n<ol start=\"9\">\n<li><span style=\"color: #000000;font-family: 'comic sans ms', sans-serif;font-size: 10pt\"><strong>Un plan de travail (en cas de changement du sujet);<\/strong><\/span><\/li>\n<li><strong><span style=\"color: #000000;font-family: 'comic sans ms', sans-serif;font-size: 10pt\"><a style=\"color: #000000;font-family: 'comic sans ms', sans-serif;font-size: 10pt;font-weight: bold\" href=\"http:\/\/fs.ummto.dz\/wp-content\/uploads\/2021\/09\/Fiche_Changement_reformulation_sujet_directeur_doctorat_Magister_FS_UMMTO.doc\">Formulaire de changement<\/a> (ou reformulation) du sujet de th\u00e8se dat\u00e9e et sign\u00e9e par le directeur du m\u00e9moire ou de th\u00e8se (A <span style=\"font-family: 'comic sans ms', sans-serif\"><span style=\"font-size: 13.3333px\">t\u00e9l\u00e9charger<\/span><\/span><span style=\"color: #ff0000\"><a style=\"color: #ff0000\" href=\"http:\/\/www.ummto.dz\/fs\/wp-content\/uploads\/2021\/09\/Fiche_Changement_reformulation_sujet_directeur_doctorat_Magister_FS_UMMTO.doc\" target=\"_blank\" rel=\"noopener\"> ici<\/a><\/span>);<\/span><\/strong><\/li>\n<\/ol>\n<ul>\n<li><span style=\"font-family: 'comic sans ms', sans-serif;font-size: 10pt\"><span style=\"color: #ff0000\"><strong>Cas de demande de changement de sujet &amp; de directeur de th\u00e8se. <\/strong><\/span><span style=\"color: #0000ff\"><strong>Joindre \u00a0les pi\u00e8ces 6-10.<\/strong><\/span><\/span><\/li>\n<li><span style=\"font-family: 'comic sans ms', sans-serif;font-size: 10pt\"><strong><span style=\"color: #ff0000\">Cas de demande de codirection de th\u00e8se<\/span>. <\/strong><span style=\"color: #0000ff\"><strong>Joindre<\/strong><strong> les pi\u00e8ces 11-12 :<\/strong><\/span><\/span><\/li>\n<\/ul>\n<ol start=\"11\">\n<li><span style=\"font-family: 'comic sans ms', sans-serif;font-size: 10pt;color: #000000\"><strong>Engagement de co-direction, dat\u00e9 et sign\u00e9 par le directeur de th\u00e8se;<\/strong><\/span><\/li>\n<li><span style=\"font-family: 'comic sans ms', sans-serif;font-size: 10pt;color: #000000\"><strong>CV du co-directeur de th\u00e8se<\/strong><strong>.<\/strong><\/span><\/li>\n<\/ol>[\/et_pb_text][\/et_pb_column][\/et_pb_row][\/et_pb_section]\n","protected":false},"excerpt":{"rendered":"<p>Documents\u00a0 n\u00e9cessaires pour la r\u00e9inscription en Doctorat ou Magister Ann\u00e9e universitaire 2021\/2022 Etat d\u2019avancement dat\u00e9 et sign\u00e9 par le directeur de th\u00e8se ou m\u00e9moire\u00a0; Copie du dernier certificat de scolarit\u00e9\u00a0; Copie des dipl\u00f4mes (Bac, Licence, DES, Master, &#8230;..) ; Fiche de r\u00e9inscription d\u00fbment remplie (\u00e0 imprimer en recto-verso); Demande de d\u00e9rogation exceptionnelle d\u2019inscription en N\u00e8me\u00a0 [&hellip;]<\/p>\n","protected":false},"author":20,"featured_media":0,"parent":0,"menu_order":0,"comment_status":"closed","ping_status":"closed","template":"","meta":{"_et_pb_use_builder":"on","_et_pb_old_content":"<p style=\"text-align: center;\"><span style=\"color: #ff0000;\"><span style=\"text-decoration: underline;\"><span style=\"font-size: 14pt;\"><b style=\"color: #ff0000; text-decoration: underline;\">Documents\u00a0 <\/b><span style=\"color: #ff0000; text-decoration: underline;\"><b>n\u00e9cessaires<\/b><\/span><\/span><b style=\"color: #ff0000; text-decoration: underline;\"> pour la r\u00e9inscription en Doctorat ou Magister<\/b><\/span><\/span><\/p><p style=\"text-align: center;\"><span style=\"color: #ff0000;\"><span style=\"text-decoration: underline;\"><b style=\"color: #ff0000; text-decoration: underline;\">Ann\u00e9e universitaire 2021\/2022<\/b><\/span><\/span><\/p><ol><li><span style=\"font-family: 'comic sans ms', sans-serif; font-size: 10pt; color: #000000;\"><strong>Etat d\u2019avancement dat\u00e9 et sign\u00e9 par le directeur de th\u00e8se ou m\u00e9moire\u00a0;<\/strong><\/span><\/li><li><span style=\"font-family: 'comic sans ms', sans-serif; font-size: 10pt; color: #000000;\"><strong>Copie du dernier certificat de scolarit\u00e9\u00a0;<\/strong><\/span><\/li><li><span style=\"font-family: 'comic sans ms', sans-serif; font-size: 10pt; color: #000000;\"><strong>Copie des dipl\u00f4mes (Bac, Licence, DES, Master, .....) ;<\/strong><\/span><\/li><li><span style=\"font-family: 'comic sans ms', sans-serif; font-size: 10pt; color: #000000;\"><strong><span style=\"color: #000000;\"><a style=\"color: #000000;\" href=\"http:\/\/fs.ummto.dz\/wp-content\/uploads\/2021\/09\/Fiche_Reinscription_doctorat_Magister_FS_UMMTO.doc\">Fiche de r\u00e9inscription<\/a> <\/span>d\u00fbment remplie (\u00e0 imprimer en recto-verso);<\/strong><\/span><\/li><li><span style=\"color: #000000;\"><strong><span style=\"font-family: 'comic sans ms', sans-serif; font-size: 10pt;\"><span style=\"font-family: 'comic sans ms', sans-serif;\"><span style=\"font-size: 10pt;\">Demande de d\u00e9rogation exceptionnelle d\u2019inscription en N<\/span><\/span><sup style=\"font-family: 'comic sans ms', sans-serif; font-size: 10pt; font-weight: bold;\">\u00e8me\u00a0<\/sup><span style=\"font-family: 'comic sans ms', sans-serif;\"><span style=\"font-size: 10pt;\"> ann\u00e9e (N>3 pour le doctorat de 3\u00e8me cycle, N>5 pour le doctorat Es-Sciences et N>2 pour le magister). Formulaire \u00e0 <\/span><\/span><span style=\"font-family: 'comic sans ms', sans-serif;\"><span style=\"font-size: 13.3333px;\">t\u00e9l\u00e9charger<\/span><\/span><span style=\"font-family: 'comic sans ms', sans-serif;\"><span style=\"font-size: 10pt;\">\u00a0<a style=\"color: #000000;\" href=\"http:\/\/fs.ummto.dz\/wp-content\/uploads\/2021\/09\/Demande-de-Derogation_inscription_doctorat_Magister_FS_UMMTO_2021_2022.doc\" target=\"_blank\" rel=\"noopener\"><span style=\"color: #ff0000;\">ICI<\/span><\/a><\/span><\/span><\/span><\/strong><\/span><\/li><\/ol><p><span style=\"font-size: 10pt; color: #0000ff; font-family: 'comic sans ms', sans-serif;\"><strong>A joindre, en plus des pi\u00e8ces 1-5, selon le cas :<\/strong><\/span><\/p><ul><li><span style=\"font-size: 10pt; font-family: 'comic sans ms', sans-serif;\"><span style=\"color: #ff0000;\"><strong>Cas de demande de changement de directeur de th\u00e8se: <\/strong><\/span><span style=\"color: #0000ff;\"><strong>Joindre<\/strong><strong> les pi\u00e8ces 6-8 :<\/strong><\/span><\/span><\/li><\/ul><ol start=\"6\"><li><span style=\"font-size: 10pt; font-family: 'comic sans ms', sans-serif; color: #000000;\"><strong><span style=\"color: #000000;\"><a style=\"color: #000000;\" href=\"http:\/\/fs.ummto.dz\/wp-content\/uploads\/2021\/09\/Fiche_Changement_reformulation_sujet_directeur_doctorat_Magister_FS_UMMTO.doc\">Formulaire de changement de directeur<\/a><\/span> dat\u00e9e et sign\u00e9e par le nouveau directeur du m\u00e9moire ou de th\u00e8se <b style=\"color: #000000; font-family: 'comic sans ms', sans-serif; font-size: 10pt;\"><span style=\"color: #000000;\"> (A <\/span><\/b><span style=\"font-family: 'comic sans ms', sans-serif;\"><span style=\"font-size: 13.3333px;\"><b>t\u00e9l\u00e9charger<\/b><\/span><\/span><b style=\"font-family: 'comic sans ms', sans-serif; font-size: 10pt;\"><span style=\"color: #ff0000;\"><a style=\"color: #ff0000;\" href=\"http:\/\/fs.ummto.dz\/wp-content\/uploads\/2021\/09\/Fiche_Changement_reformulation_sujet_directeur_doctorat_Magister_FS_UMMTO.doc\"> ici<\/a><\/span>);<\/b>;<\/strong><\/span><\/li><li><span style=\"font-size: 10pt; font-family: 'comic sans ms', sans-serif; color: #000000;\"><strong>Une lettre de d\u00e9sistement de l\u2019ancien directeur ou document \u00e9quivalent\u00a0;<\/strong><\/span><\/li><li><span style=\"font-size: 10pt; font-family: 'comic sans ms', sans-serif; color: #000000;\"><strong>CV du nouveau directeur du m\u00e9moire ou de th\u00e8se\u00a0;<\/strong><\/span><\/li><\/ol><ul><li><span style=\"font-size: 10pt; font-family: 'comic sans ms', sans-serif;\"><strong><span style=\"color: #ff0000;\">Cas de demande de changement\/reformulation du sujet de th\u00e8se<\/span>. <\/strong><span style=\"color: #0000ff;\"><strong>Joindre<\/strong><strong> les pi\u00e8ces 9-10<\/strong><strong>:<\/strong><\/span><\/span><\/li><\/ul><ol start=\"9\"><li><span style=\"color: #000000; font-family: 'comic sans ms', sans-serif; font-size: 10pt;\"><strong>Un plan de travail (en cas de changement du sujet);<\/strong><\/span><\/li><li><strong><span style=\"color: #000000; font-family: 'comic sans ms', sans-serif; font-size: 10pt;\"><a style=\"color: #000000; font-family: 'comic sans ms', sans-serif; font-size: 10pt; font-weight: bold;\" href=\"http:\/\/fs.ummto.dz\/wp-content\/uploads\/2021\/09\/Fiche_Changement_reformulation_sujet_directeur_doctorat_Magister_FS_UMMTO.doc\">Formulaire de changement<\/a> (ou reformulation) du sujet de th\u00e8se dat\u00e9e et sign\u00e9e par le directeur du m\u00e9moire ou de th\u00e8se (A <span style=\"font-family: 'comic sans ms', sans-serif;\"><span style=\"font-size: 13.3333px;\">t\u00e9l\u00e9charger<\/span><\/span><span style=\"color: #ff0000;\"><a style=\"color: #ff0000;\" href=\"http:\/\/fs.ummto.dz\/wp-content\/uploads\/2021\/09\/Fiche_Changement_reformulation_sujet_directeur_doctorat_Magister_FS_UMMTO.doc\"> ici<\/a><\/span>);<\/span><\/strong><\/li><\/ol><ul><li><span style=\"font-family: 'comic sans ms', sans-serif; font-size: 10pt;\"><span style=\"color: #ff0000;\"><strong>Cas de demande de changement de sujet & de directeur de th\u00e8se. <\/strong><\/span><span style=\"color: #0000ff;\"><strong>Joindre \u00a0les pi\u00e8ces 6-10.<\/strong><\/span><\/span><\/li><li><span style=\"font-family: 'comic sans ms', sans-serif; font-size: 10pt;\"><strong><span style=\"color: #ff0000;\">Cas de demande de codirection de th\u00e8se<\/span>. <\/strong><span style=\"color: #0000ff;\"><strong>Joindre<\/strong><strong> les pi\u00e8ces 11-12 :<\/strong><\/span><\/span><\/li><\/ul><ol start=\"11\"><li><span style=\"font-family: 'comic sans ms', sans-serif; font-size: 10pt; color: #000000;\"><strong>Engagement de co-direction, dat\u00e9 et sign\u00e9 par le directeur de th\u00e8se;<\/strong><\/span><\/li><li><span style=\"font-family: 'comic sans ms', sans-serif; font-size: 10pt; color: #000000;\"><strong>CV du co-directeur de th\u00e8se<\/strong><strong>.<\/strong><\/span><\/li><\/ol>","_et_gb_content_width":"","footnotes":""},"class_list":["post-5642","page","type-page","status-publish","hentry"],"yoast_head":"<!-- This site is optimized with the Yoast SEO plugin v27.3 - https:\/\/yoast.com\/product\/yoast-seo-wordpress\/ -->\n<title>Constitution du dossier de r\u00e9inscription en Doctorat ou Magister - Facult\u00e9 des Sciences<\/title>\n<meta name=\"description\" content=\"constitution-du-dossier-de-reinscription-en-doctorat-ou-magister\" \/>\n<meta name=\"robots\" content=\"index, follow, max-snippet:-1, max-image-preview:large, max-video-preview:-1\" \/>\n<link rel=\"canonical\" href=\"https:\/\/www.ummto.dz\/fs\/constitution-du-dossier-de-reinscription-en-doctorat-ou-magister\/\" \/>\n<meta property=\"og:locale\" content=\"fr_FR\" \/>\n<meta property=\"og:type\" content=\"article\" \/>\n<meta property=\"og:title\" content=\"Constitution du dossier de r\u00e9inscription en Doctorat ou Magister - Facult\u00e9 des Sciences\" \/>\n<meta property=\"og:description\" content=\"constitution-du-dossier-de-reinscription-en-doctorat-ou-magister\" \/>\n<meta property=\"og:url\" content=\"https:\/\/www.ummto.dz\/fs\/constitution-du-dossier-de-reinscription-en-doctorat-ou-magister\/\" \/>\n<meta property=\"og:site_name\" content=\"Facult\u00e9 des Sciences\" \/>\n<meta property=\"article:modified_time\" content=\"2021-12-12T13:17:42+00:00\" \/>\n<meta name=\"twitter:card\" content=\"summary_large_image\" \/>\n<meta name=\"twitter:label1\" content=\"Dur\u00e9e de lecture estim\u00e9e\" \/>\n\t<meta name=\"twitter:data1\" content=\"2 minutes\" \/>\n<script type=\"application\/ld+json\" class=\"yoast-schema-graph\">{\"@context\":\"https:\\\/\\\/schema.org\",\"@graph\":[{\"@type\":\"WebPage\",\"@id\":\"https:\\\/\\\/www.ummto.dz\\\/fs\\\/constitution-du-dossier-de-reinscription-en-doctorat-ou-magister\\\/\",\"url\":\"https:\\\/\\\/www.ummto.dz\\\/fs\\\/constitution-du-dossier-de-reinscription-en-doctorat-ou-magister\\\/\",\"name\":\"Constitution du dossier de r\u00e9inscription en Doctorat ou Magister - Facult\u00e9 des Sciences\",\"isPartOf\":{\"@id\":\"https:\\\/\\\/www.ummto.dz\\\/fs\\\/#website\"},\"datePublished\":\"2021-09-06T22:59:28+00:00\",\"dateModified\":\"2021-12-12T13:17:42+00:00\",\"description\":\"constitution-du-dossier-de-reinscription-en-doctorat-ou-magister\",\"breadcrumb\":{\"@id\":\"https:\\\/\\\/www.ummto.dz\\\/fs\\\/constitution-du-dossier-de-reinscription-en-doctorat-ou-magister\\\/#breadcrumb\"},\"inLanguage\":\"fr-FR\",\"potentialAction\":[{\"@type\":\"ReadAction\",\"target\":[\"https:\\\/\\\/www.ummto.dz\\\/fs\\\/constitution-du-dossier-de-reinscription-en-doctorat-ou-magister\\\/\"]}]},{\"@type\":\"BreadcrumbList\",\"@id\":\"https:\\\/\\\/www.ummto.dz\\\/fs\\\/constitution-du-dossier-de-reinscription-en-doctorat-ou-magister\\\/#breadcrumb\",\"itemListElement\":[{\"@type\":\"ListItem\",\"position\":1,\"name\":\"Accueil\",\"item\":\"https:\\\/\\\/www.ummto.dz\\\/fs\\\/\"},{\"@type\":\"ListItem\",\"position\":2,\"name\":\"Constitution du dossier de r\u00e9inscription en Doctorat ou Magister\"}]},{\"@type\":\"WebSite\",\"@id\":\"https:\\\/\\\/www.ummto.dz\\\/fs\\\/#website\",\"url\":\"https:\\\/\\\/www.ummto.dz\\\/fs\\\/\",\"name\":\"Facult\u00e9 des Sciences\",\"description\":\"universit\u00e9 Moulous Mammeri de Tizi-Ouzou\",\"potentialAction\":[{\"@type\":\"SearchAction\",\"target\":{\"@type\":\"EntryPoint\",\"urlTemplate\":\"https:\\\/\\\/www.ummto.dz\\\/fs\\\/?s={search_term_string}\"},\"query-input\":{\"@type\":\"PropertyValueSpecification\",\"valueRequired\":true,\"valueName\":\"search_term_string\"}}],\"inLanguage\":\"fr-FR\"}]}<\/script>\n<!-- \/ Yoast SEO plugin. -->","yoast_head_json":{"title":"Constitution du dossier de r\u00e9inscription en Doctorat ou Magister - Facult\u00e9 des Sciences","description":"constitution-du-dossier-de-reinscription-en-doctorat-ou-magister","robots":{"index":"index","follow":"follow","max-snippet":"max-snippet:-1","max-image-preview":"max-image-preview:large","max-video-preview":"max-video-preview:-1"},"canonical":"https:\/\/www.ummto.dz\/fs\/constitution-du-dossier-de-reinscription-en-doctorat-ou-magister\/","og_locale":"fr_FR","og_type":"article","og_title":"Constitution du dossier de r\u00e9inscription en Doctorat ou Magister - Facult\u00e9 des Sciences","og_description":"constitution-du-dossier-de-reinscription-en-doctorat-ou-magister","og_url":"https:\/\/www.ummto.dz\/fs\/constitution-du-dossier-de-reinscription-en-doctorat-ou-magister\/","og_site_name":"Facult\u00e9 des Sciences","article_modified_time":"2021-12-12T13:17:42+00:00","twitter_card":"summary_large_image","twitter_misc":{"Dur\u00e9e de lecture estim\u00e9e":"2 minutes"},"schema":{"@context":"https:\/\/schema.org","@graph":[{"@type":"WebPage","@id":"https:\/\/www.ummto.dz\/fs\/constitution-du-dossier-de-reinscription-en-doctorat-ou-magister\/","url":"https:\/\/www.ummto.dz\/fs\/constitution-du-dossier-de-reinscription-en-doctorat-ou-magister\/","name":"Constitution du dossier de r\u00e9inscription en Doctorat ou Magister - Facult\u00e9 des Sciences","isPartOf":{"@id":"https:\/\/www.ummto.dz\/fs\/#website"},"datePublished":"2021-09-06T22:59:28+00:00","dateModified":"2021-12-12T13:17:42+00:00","description":"constitution-du-dossier-de-reinscription-en-doctorat-ou-magister","breadcrumb":{"@id":"https:\/\/www.ummto.dz\/fs\/constitution-du-dossier-de-reinscription-en-doctorat-ou-magister\/#breadcrumb"},"inLanguage":"fr-FR","potentialAction":[{"@type":"ReadAction","target":["https:\/\/www.ummto.dz\/fs\/constitution-du-dossier-de-reinscription-en-doctorat-ou-magister\/"]}]},{"@type":"BreadcrumbList","@id":"https:\/\/www.ummto.dz\/fs\/constitution-du-dossier-de-reinscription-en-doctorat-ou-magister\/#breadcrumb","itemListElement":[{"@type":"ListItem","position":1,"name":"Accueil","item":"https:\/\/www.ummto.dz\/fs\/"},{"@type":"ListItem","position":2,"name":"Constitution du dossier de r\u00e9inscription en Doctorat ou Magister"}]},{"@type":"WebSite","@id":"https:\/\/www.ummto.dz\/fs\/#website","url":"https:\/\/www.ummto.dz\/fs\/","name":"Facult\u00e9 des Sciences","description":"universit\u00e9 Moulous Mammeri de Tizi-Ouzou","potentialAction":[{"@type":"SearchAction","target":{"@type":"EntryPoint","urlTemplate":"https:\/\/www.ummto.dz\/fs\/?s={search_term_string}"},"query-input":{"@type":"PropertyValueSpecification","valueRequired":true,"valueName":"search_term_string"}}],"inLanguage":"fr-FR"}]}},"_links":{"self":[{"href":"https:\/\/www.ummto.dz\/fs\/wp-json\/wp\/v2\/pages\/5642","targetHints":{"allow":["GET"]}}],"collection":[{"href":"https:\/\/www.ummto.dz\/fs\/wp-json\/wp\/v2\/pages"}],"about":[{"href":"https:\/\/www.ummto.dz\/fs\/wp-json\/wp\/v2\/types\/page"}],"author":[{"embeddable":true,"href":"https:\/\/www.ummto.dz\/fs\/wp-json\/wp\/v2\/users\/20"}],"replies":[{"embeddable":true,"href":"https:\/\/www.ummto.dz\/fs\/wp-json\/wp\/v2\/comments?post=5642"}],"version-history":[{"count":27,"href":"https:\/\/www.ummto.dz\/fs\/wp-json\/wp\/v2\/pages\/5642\/revisions"}],"predecessor-version":[{"id":12280,"href":"https:\/\/www.ummto.dz\/fs\/wp-json\/wp\/v2\/pages\/5642\/revisions\/12280"}],"wp:attachment":[{"href":"https:\/\/www.ummto.dz\/fs\/wp-json\/wp\/v2\/media?parent=5642"}],"curies":[{"name":"wp","href":"https:\/\/api.w.org\/{rel}","templated":true}]}}