{"id":6352,"date":"2021-10-25T14:28:54","date_gmt":"2021-10-25T12:28:54","guid":{"rendered":"https:\/\/www.ummto.dz\/fs\/?page_id=6352"},"modified":"2026-01-21T09:39:02","modified_gmt":"2026-01-21T08:39:02","slug":"planning-des-examens-2","status":"publish","type":"page","link":"https:\/\/www.ummto.dz\/fs\/planning-des-examens-2\/","title":{"rendered":"Planning des examens"},"content":{"rendered":"<p>[et_pb_section fb_built=\u00a0\u00bb1&Prime; _builder_version=\u00a0\u00bb4.19.4&Prime; _module_preset=\u00a0\u00bbdefault\u00a0\u00bb global_colors_info=\u00a0\u00bb{}\u00a0\u00bb][et_pb_row _builder_version=\u00a0\u00bb4.27.5&Prime; _module_preset=\u00a0\u00bbdefault\u00a0\u00bb global_colors_info=\u00a0\u00bb{}\u00a0\u00bb][et_pb_column type=\u00a0\u00bb4_4&Prime; _builder_version=\u00a0\u00bb4.19.4&Prime; _module_preset=\u00a0\u00bbdefault\u00a0\u00bb global_colors_info=\u00a0\u00bb{}\u00a0\u00bb][et_pb_accordion open_toggle_text_color=\u00a0\u00bb#12876F\u00a0\u00bb _builder_version=\u00a0\u00bb4.27.5&Prime; _module_preset=\u00a0\u00bbdefault\u00a0\u00bb toggle_text_color=\u00a0\u00bb#E02B20&Prime; toggle_font=\u00a0\u00bbAdamina|700|||||||\u00a0\u00bb toggle_font_size=\u00a0\u00bb2px\u00a0\u00bb body_font=\u00a0\u00bb|700|||||||\u00a0\u00bb body_text_color=\u00a0\u00bb#000000&Prime; text_orientation=\u00a0\u00bbjustified\u00a0\u00bb animation_style=\u00a0\u00bbfold\u00a0\u00bb hover_enabled=\u00a0\u00bb0&Prime; border_width_all=\u00a0\u00bb0px\u00a0\u00bb global_colors_info=\u00a0\u00bb{}\u00a0\u00bb sticky_enabled=\u00a0\u00bb0&Prime;][et_pb_accordion_item title=\u00a0\u00bbPlanning des Examens  \u00a0\u00bb open=\u00a0\u00bbon\u00a0\u00bb _builder_version=\u00a0\u00bb4.27.5&Prime; _module_preset=\u00a0\u00bbdefault\u00a0\u00bb hover_enabled=\u00a0\u00bb0&Prime; box_shadow_style=\u00a0\u00bbpreset6&Prime; box_shadow_horizontal=\u00a0\u00bb-17px\u00a0\u00bb box_shadow_vertical=\u00a0\u00bb-12px\u00a0\u00bb box_shadow_blur=\u00a0\u00bb22px\u00a0\u00bb box_shadow_color=\u00a0\u00bb#0C71C3&Prime; global_colors_info=\u00a0\u00bb{}\u00a0\u00bb sticky_enabled=\u00a0\u00bb0&Prime;]<\/p>\n<p style=\"text-align: justify\"><strong><span>Les \u00e9tudiants de la Facult\u00e9 des sciences sont invit\u00e9s \u00e0 consulter le<\/span><span>\u00a0planning\u00a0 des examens\u00a0<\/span><span>v<\/span><span>ia les liens ci-dessous :<\/span><\/strong><\/p>\n<p style=\"text-align: justify\"><strong><span><\/span><\/strong><\/p>\n<h4><span style=\"color: #003300\">D\u00e9partement de Chimie:<\/span><\/h4>\n<ul>\n<li><a href=\"https:\/\/docs.google.com\/spreadsheets\/d\/1RkZWiyK6Il7UOKF8JtDcUWpDT-nO_d32\/edit?usp=sharing&amp;amp;ouid=116300377096388170159&amp;amp;rtpof=true&amp;amp;sd=true\">https:\/\/docs.google.com\/spreadsheets\/d\/1RkZWiyK6Il7UOKF8JtDcUWpDT-nO_d32\/edit?usp=sharing&amp;amp;ouid=116300377096388170159&amp;amp;rtpof=true&amp;amp;sd=true<\/a><\/li>\n<\/ul>\n<h4><span style=\"color: #003300\"><strong>D\u00e9partement de Mathematiques:<\/strong><\/span><\/h4>\n<ul>\n<li><span style=\"color: #003300\"><a href=\"https:\/\/www.ummto.dz\/fs\/wp-content\/uploads\/2026\/01\/Planning-actualise-des-examens-du-semestre-impair-\u2013-Annee-universitaire-2025-2026-1.pdf\" rel=\"attachment wp-att-29643\">Planning<\/a><a href=\"https:\/\/www.ummto.dz\/fs\/wp-content\/uploads\/2026\/01\/Planning-actualise-des-examens-du-semestre-impair-\u2013-Annee-universitaire-2025-2026-1.pdf\" rel=\"attachment wp-att-29643\"> actualis\u00e9 des examens du semestre impair \u2013 Ann\u00e9e universitaire 2025-2026<\/a><\/span><\/li>\n<\/ul>\n<p><span style=\"color: #003300\"><strong>D\u00e9partement de Sciences et Technologie ST :<\/strong><\/span><span style=\"text-decoration: underline\"><span style=\"color: #800000\"><a href=\"https:\/\/www.ummto.dz\/fs\/st\/\" style=\"color: #800000;text-decoration: underline\"><\/a><\/span><\/span><\/p>\n<ul>\n<li><span style=\"text-decoration: underline\"><span style=\"color: #800000\"><a href=\"https:\/\/www.ummto.dz\/fs\/wp-content\/uploads\/2026\/01\/Planning-Examens-ST-2025-2026-1.pdf\" rel=\"attachment wp-att-29664\">Planning-Examens-ST-2025-2026<\/a><\/span><\/span><\/li>\n<\/ul>\n<h4><span style=\"color: #003300\">D\u00e9partement Science de la Matiere\u00a0<\/span><\/h4>\n<ul>\n<li><span style=\"color: #800000\"><a href=\"https:\/\/www.ummto.dz\/fs\/wp-content\/uploads\/2026\/01\/Planning_Examens_actualise_SM_S1_25-26.pdf\" rel=\"attachment wp-att-29674\">Planning_Examens_actualise_SM_S1_25-26<\/a><\/span><\/li>\n<\/ul>\n<h4><span style=\"color: #003300\">D\u00e9partement de Pysique:<\/span><\/h4>\n<ul>\n<li><span style=\"color: #003300\"><a href=\"https:\/\/www.ummto.dz\/fs\/wp-content\/uploads\/2026\/01\/planning-examens-S1-session1-L2.pdf\" rel=\"attachment wp-att-29728\">planning-examens-S1-session1-L2<\/a><\/span><\/li>\n<li><span style=\"color: #003300\"> <a href=\"https:\/\/www.ummto.dz\/fs\/wp-content\/uploads\/2026\/01\/planning-examens-S1-session1-L3.pdf\" rel=\"attachment wp-att-29729\">planning-examens-S1-session1-L3<\/a> <\/span><\/li>\n<li><span style=\"color: #003300\"><a href=\"https:\/\/www.ummto.dz\/fs\/wp-content\/uploads\/2026\/01\/planning-examens-S1-session1-master-12-nanophysique-.pdf\" rel=\"attachment wp-att-29730\">planning-examens-S1-session1-master 1+2 -nanophysique <\/a><\/span><\/li>\n<\/ul>\n<h4><\/h4>\n<p><span style=\"color: #800000\"><strong><\/strong><\/span><\/p>\n<p>&nbsp;<\/p>\n<p>&nbsp;<\/p>\n<p>[\/et_pb_accordion_item][\/et_pb_accordion][\/et_pb_column][\/et_pb_row][\/et_pb_section]<\/p>\n","protected":false},"excerpt":{"rendered":"<p>Les \u00e9tudiants de la Facult\u00e9 des sciences sont invit\u00e9s \u00e0 consulter le\u00a0planning\u00a0 des examens\u00a0via les liens ci-dessous : D\u00e9partement de Chimie: https:\/\/docs.google.com\/spreadsheets\/d\/1RkZWiyK6Il7UOKF8JtDcUWpDT-nO_d32\/edit?usp=sharing&amp;amp;ouid=116300377096388170159&amp;amp;rtpof=true&amp;amp;sd=true D\u00e9partement de Mathematiques: Planning actualis\u00e9 des examens du semestre impair \u2013 Ann\u00e9e universitaire 2025-2026 D\u00e9partement de Sciences et Technologie ST : Planning-Examens-ST-2025-2026 D\u00e9partement Science de la Matiere\u00a0 Planning_Examens_actualise_SM_S1_25-26 D\u00e9partement de Pysique: planning-examens-S1-session1-L2 planning-examens-S1-session1-L3 [&hellip;]<\/p>\n","protected":false},"author":1,"featured_media":0,"parent":0,"menu_order":0,"comment_status":"closed","ping_status":"closed","template":"","meta":{"_et_pb_use_builder":"on","_et_pb_old_content":"","_et_gb_content_width":"","footnotes":""},"class_list":["post-6352","page","type-page","status-publish","hentry"],"yoast_head":"<!-- This site is optimized with the Yoast SEO plugin v27.3 - https:\/\/yoast.com\/product\/yoast-seo-wordpress\/ -->\n<title>Planning des examens - Facult\u00e9 des Sciences<\/title>\n<meta name=\"robots\" content=\"index, follow, max-snippet:-1, max-image-preview:large, max-video-preview:-1\" \/>\n<link rel=\"canonical\" href=\"https:\/\/www.ummto.dz\/fs\/planning-des-examens-2\/\" \/>\n<meta property=\"og:locale\" content=\"fr_FR\" \/>\n<meta property=\"og:type\" content=\"article\" \/>\n<meta property=\"og:title\" content=\"Planning des examens - Facult\u00e9 des Sciences\" \/>\n<meta property=\"og:description\" content=\"Les \u00e9tudiants de la Facult\u00e9 des sciences sont invit\u00e9s \u00e0 consulter le\u00a0planning\u00a0 des examens\u00a0via les liens ci-dessous : D\u00e9partement de Chimie: https:\/\/docs.google.com\/spreadsheets\/d\/1RkZWiyK6Il7UOKF8JtDcUWpDT-nO_d32\/edit?usp=sharing&amp;amp;ouid=116300377096388170159&amp;amp;rtpof=true&amp;amp;sd=true D\u00e9partement de Mathematiques: Planning actualis\u00e9 des examens du semestre impair \u2013 Ann\u00e9e universitaire 2025-2026 D\u00e9partement de Sciences et Technologie ST : Planning-Examens-ST-2025-2026 D\u00e9partement Science de la Matiere\u00a0 Planning_Examens_actualise_SM_S1_25-26 D\u00e9partement de Pysique: planning-examens-S1-session1-L2 planning-examens-S1-session1-L3 [&hellip;]\" \/>\n<meta property=\"og:url\" content=\"https:\/\/www.ummto.dz\/fs\/planning-des-examens-2\/\" \/>\n<meta property=\"og:site_name\" content=\"Facult\u00e9 des Sciences\" \/>\n<meta property=\"article:modified_time\" content=\"2026-01-21T08:39:02+00:00\" \/>\n<meta name=\"twitter:card\" content=\"summary_large_image\" \/>\n<script type=\"application\/ld+json\" class=\"yoast-schema-graph\">{\"@context\":\"https:\\\/\\\/schema.org\",\"@graph\":[{\"@type\":\"WebPage\",\"@id\":\"https:\\\/\\\/www.ummto.dz\\\/fs\\\/planning-des-examens-2\\\/\",\"url\":\"https:\\\/\\\/www.ummto.dz\\\/fs\\\/planning-des-examens-2\\\/\",\"name\":\"Planning des examens - Facult\u00e9 des Sciences\",\"isPartOf\":{\"@id\":\"https:\\\/\\\/www.ummto.dz\\\/fs\\\/#website\"},\"datePublished\":\"2021-10-25T12:28:54+00:00\",\"dateModified\":\"2026-01-21T08:39:02+00:00\",\"breadcrumb\":{\"@id\":\"https:\\\/\\\/www.ummto.dz\\\/fs\\\/planning-des-examens-2\\\/#breadcrumb\"},\"inLanguage\":\"fr-FR\",\"potentialAction\":[{\"@type\":\"ReadAction\",\"target\":[\"https:\\\/\\\/www.ummto.dz\\\/fs\\\/planning-des-examens-2\\\/\"]}]},{\"@type\":\"BreadcrumbList\",\"@id\":\"https:\\\/\\\/www.ummto.dz\\\/fs\\\/planning-des-examens-2\\\/#breadcrumb\",\"itemListElement\":[{\"@type\":\"ListItem\",\"position\":1,\"name\":\"Accueil\",\"item\":\"https:\\\/\\\/www.ummto.dz\\\/fs\\\/\"},{\"@type\":\"ListItem\",\"position\":2,\"name\":\"Planning des examens\"}]},{\"@type\":\"WebSite\",\"@id\":\"https:\\\/\\\/www.ummto.dz\\\/fs\\\/#website\",\"url\":\"https:\\\/\\\/www.ummto.dz\\\/fs\\\/\",\"name\":\"Facult\u00e9 des Sciences\",\"description\":\"universit\u00e9 Moulous Mammeri de Tizi-Ouzou\",\"potentialAction\":[{\"@type\":\"SearchAction\",\"target\":{\"@type\":\"EntryPoint\",\"urlTemplate\":\"https:\\\/\\\/www.ummto.dz\\\/fs\\\/?s={search_term_string}\"},\"query-input\":{\"@type\":\"PropertyValueSpecification\",\"valueRequired\":true,\"valueName\":\"search_term_string\"}}],\"inLanguage\":\"fr-FR\"}]}<\/script>\n<!-- \/ Yoast SEO plugin. -->","yoast_head_json":{"title":"Planning des examens - Facult\u00e9 des Sciences","robots":{"index":"index","follow":"follow","max-snippet":"max-snippet:-1","max-image-preview":"max-image-preview:large","max-video-preview":"max-video-preview:-1"},"canonical":"https:\/\/www.ummto.dz\/fs\/planning-des-examens-2\/","og_locale":"fr_FR","og_type":"article","og_title":"Planning des examens - Facult\u00e9 des Sciences","og_description":"Les \u00e9tudiants de la Facult\u00e9 des sciences sont invit\u00e9s \u00e0 consulter le\u00a0planning\u00a0 des examens\u00a0via les liens ci-dessous : D\u00e9partement de Chimie: https:\/\/docs.google.com\/spreadsheets\/d\/1RkZWiyK6Il7UOKF8JtDcUWpDT-nO_d32\/edit?usp=sharing&amp;amp;ouid=116300377096388170159&amp;amp;rtpof=true&amp;amp;sd=true D\u00e9partement de Mathematiques: Planning actualis\u00e9 des examens du semestre impair \u2013 Ann\u00e9e universitaire 2025-2026 D\u00e9partement de Sciences et Technologie ST : Planning-Examens-ST-2025-2026 D\u00e9partement Science de la Matiere\u00a0 Planning_Examens_actualise_SM_S1_25-26 D\u00e9partement de Pysique: planning-examens-S1-session1-L2 planning-examens-S1-session1-L3 [&hellip;]","og_url":"https:\/\/www.ummto.dz\/fs\/planning-des-examens-2\/","og_site_name":"Facult\u00e9 des Sciences","article_modified_time":"2026-01-21T08:39:02+00:00","twitter_card":"summary_large_image","schema":{"@context":"https:\/\/schema.org","@graph":[{"@type":"WebPage","@id":"https:\/\/www.ummto.dz\/fs\/planning-des-examens-2\/","url":"https:\/\/www.ummto.dz\/fs\/planning-des-examens-2\/","name":"Planning des examens - Facult\u00e9 des Sciences","isPartOf":{"@id":"https:\/\/www.ummto.dz\/fs\/#website"},"datePublished":"2021-10-25T12:28:54+00:00","dateModified":"2026-01-21T08:39:02+00:00","breadcrumb":{"@id":"https:\/\/www.ummto.dz\/fs\/planning-des-examens-2\/#breadcrumb"},"inLanguage":"fr-FR","potentialAction":[{"@type":"ReadAction","target":["https:\/\/www.ummto.dz\/fs\/planning-des-examens-2\/"]}]},{"@type":"BreadcrumbList","@id":"https:\/\/www.ummto.dz\/fs\/planning-des-examens-2\/#breadcrumb","itemListElement":[{"@type":"ListItem","position":1,"name":"Accueil","item":"https:\/\/www.ummto.dz\/fs\/"},{"@type":"ListItem","position":2,"name":"Planning des examens"}]},{"@type":"WebSite","@id":"https:\/\/www.ummto.dz\/fs\/#website","url":"https:\/\/www.ummto.dz\/fs\/","name":"Facult\u00e9 des Sciences","description":"universit\u00e9 Moulous Mammeri de Tizi-Ouzou","potentialAction":[{"@type":"SearchAction","target":{"@type":"EntryPoint","urlTemplate":"https:\/\/www.ummto.dz\/fs\/?s={search_term_string}"},"query-input":{"@type":"PropertyValueSpecification","valueRequired":true,"valueName":"search_term_string"}}],"inLanguage":"fr-FR"}]}},"_links":{"self":[{"href":"https:\/\/www.ummto.dz\/fs\/wp-json\/wp\/v2\/pages\/6352","targetHints":{"allow":["GET"]}}],"collection":[{"href":"https:\/\/www.ummto.dz\/fs\/wp-json\/wp\/v2\/pages"}],"about":[{"href":"https:\/\/www.ummto.dz\/fs\/wp-json\/wp\/v2\/types\/page"}],"author":[{"embeddable":true,"href":"https:\/\/www.ummto.dz\/fs\/wp-json\/wp\/v2\/users\/1"}],"replies":[{"embeddable":true,"href":"https:\/\/www.ummto.dz\/fs\/wp-json\/wp\/v2\/comments?post=6352"}],"version-history":[{"count":20,"href":"https:\/\/www.ummto.dz\/fs\/wp-json\/wp\/v2\/pages\/6352\/revisions"}],"predecessor-version":[{"id":29741,"href":"https:\/\/www.ummto.dz\/fs\/wp-json\/wp\/v2\/pages\/6352\/revisions\/29741"}],"wp:attachment":[{"href":"https:\/\/www.ummto.dz\/fs\/wp-json\/wp\/v2\/media?parent=6352"}],"curies":[{"name":"wp","href":"https:\/\/api.w.org\/{rel}","templated":true}]}}