{"id":82,"date":"2018-01-29T20:13:28","date_gmt":"2018-01-29T19:13:28","guid":{"rendered":"http:\/\/fgei.ummto.dz\/?page_id=82"},"modified":"2025-05-25T15:26:46","modified_gmt":"2025-05-25T13:26:46","slug":"contact","status":"publish","type":"page","link":"https:\/\/www.ummto.dz\/fs\/contact\/","title":{"rendered":"CONTACT"},"content":{"rendered":"<p>[et_pb_section fb_built=\u00a0\u00bb1&Prime; fullwidth=\u00a0\u00bbon\u00a0\u00bb _builder_version=\u00a0\u00bb4.16&Prime; _module_preset=\u00a0\u00bbdefault\u00a0\u00bb global_colors_info=\u00a0\u00bb{}\u00a0\u00bb][et_pb_fullwidth_header _builder_version=\u00a0\u00bb4.16&Prime; _module_preset=\u00a0\u00bbdefault\u00a0\u00bb background_enable_color=\u00a0\u00bboff\u00a0\u00bb background_image=\u00a0\u00bbhttps:\/\/www.ummto.dz\/fs\/wp-content\/uploads\/2021\/12\/Banniere-FS.webp\u00a0\u00bb custom_margin=\u00a0\u00bb0px||0px||false|false\u00a0\u00bb custom_padding=\u00a0\u00bb111px|10px|29px|23px|false|false\u00a0\u00bb custom_padding_tablet=\u00a0\u00bb48px|0px||0px|false|false\u00a0\u00bb custom_padding_phone=\u00a0\u00bb10px||29px||false|false\u00a0\u00bb custom_padding_last_edited=\u00a0\u00bbon|tablet\u00a0\u00bb locked=\u00a0\u00bboff\u00a0\u00bb global_colors_info=\u00a0\u00bb{}\u00a0\u00bb][\/et_pb_fullwidth_header][\/et_pb_section][et_pb_section fb_built=\u00a0\u00bb1&Prime; _builder_version=\u00a0\u00bb4.16&Prime; _module_preset=\u00a0\u00bbdefault\u00a0\u00bb custom_padding=\u00a0\u00bb1px||||false|false\u00a0\u00bb global_colors_info=\u00a0\u00bb{}\u00a0\u00bb][et_pb_row _builder_version=\u00a0\u00bb4.16&Prime; _module_preset=\u00a0\u00bbdefault\u00a0\u00bb global_colors_info=\u00a0\u00bb{}\u00a0\u00bb][et_pb_column type=\u00a0\u00bb4_4&Prime; _builder_version=\u00a0\u00bb4.16&Prime; _module_preset=\u00a0\u00bbdefault\u00a0\u00bb global_colors_info=\u00a0\u00bb{}\u00a0\u00bb][dsm_text_divider header=\u00a0\u00bbContacts de la Facult\u00e9 des Sciences \u00a0\u00bb divider_weight=\u00a0\u00bb2px\u00a0\u00bb text_gap=\u00a0\u00bb2px\u00a0\u00bb _builder_version=\u00a0\u00bb4.16&Prime; _module_preset=\u00a0\u00bbdefault\u00a0\u00bb header_font=\u00a0\u00bb|700|||||||\u00a0\u00bb header_text_color=\u00a0\u00bb#130cd6&Prime; header_font_size=\u00a0\u00bb19px\u00a0\u00bb header_font_size_tablet=\u00a0\u00bb20px\u00a0\u00bb header_font_size_phone=\u00a0\u00bb11px\u00a0\u00bb header_font_size_last_edited=\u00a0\u00bbon|desktop\u00a0\u00bb locked=\u00a0\u00bboff\u00a0\u00bb global_colors_info=\u00a0\u00bb{}\u00a0\u00bb][\/dsm_text_divider][\/et_pb_column][\/et_pb_row][\/et_pb_section][et_pb_section fb_built=\u00a0\u00bb1&Prime; custom_padding_last_edited=\u00a0\u00bbon|tablet\u00a0\u00bb _builder_version=\u00a0\u00bb4.27.4&Prime; _module_preset=\u00a0\u00bbdefault\u00a0\u00bb custom_padding=\u00a0\u00bb1px||1px||false|false\u00a0\u00bb custom_padding_tablet=\u00a0\u00bb0px||0px||false|false\u00a0\u00bb custom_padding_phone=\u00a0\u00bb0px||0px||false|false\u00a0\u00bb global_colors_info=\u00a0\u00bb{}\u00a0\u00bb][et_pb_row _builder_version=\u00a0\u00bb4.27.4&Prime; _module_preset=\u00a0\u00bbdefault\u00a0\u00bb animation_style=\u00a0\u00bbslide\u00a0\u00bb animation_duration=\u00a0\u00bb1300ms\u00a0\u00bb animation_delay=\u00a0\u00bb100ms\u00a0\u00bb global_colors_info=\u00a0\u00bb{}\u00a0\u00bb][et_pb_column type=\u00a0\u00bb4_4&Prime; _builder_version=\u00a0\u00bb4.27.4&Prime; _module_preset=\u00a0\u00bbdefault\u00a0\u00bb global_colors_info=\u00a0\u00bb{}\u00a0\u00bb][et_pb_accordion _builder_version=\u00a0\u00bb4.27.4&Prime; _module_preset=\u00a0\u00bbdefault\u00a0\u00bb hover_enabled=\u00a0\u00bb0&Prime; global_colors_info=\u00a0\u00bb{}\u00a0\u00bb sticky_enabled=\u00a0\u00bb0&Prime;][et_pb_accordion_item open=\u00a0\u00bbon\u00a0\u00bb _builder_version=\u00a0\u00bb4.27.4&Prime; _module_preset=\u00a0\u00bbdefault\u00a0\u00bb filter_saturate=\u00a0\u00bb36%\u00a0\u00bb hover_enabled=\u00a0\u00bb0&Prime; box_shadow_style=\u00a0\u00bbpreset6&Prime; global_colors_info=\u00a0\u00bb{}\u00a0\u00bb sticky_enabled=\u00a0\u00bb0&Prime;]<\/p>\n<h4><span style=\"color: #339966\"><strong>Num\u00e9ros de t\u00e9l\u00e9phone:<\/strong><\/span><\/h4>\n<h4><span style=\"color: #000000\">\u00a0<span style=\"color: #000080\">T\u00e9l \/Fax :<\/span> +213 (0) 26 18 61 63\u00a0\u00a0 <span style=\"color: #000080\">et<\/span> \u00a0 213 (0)26 18 61 64<\/span><\/h4>\n<p>&nbsp;<\/p>\n<h4><span style=\"color: #339966\"><strong>Emails des services<\/strong>:\u00a0<\/span><strong><span style=\"color: #000080\"><\/span><\/strong><\/h4>\n<p><span style=\"color: #000080\">Le Doyen<\/span><strong><span style=\"color: #000080\">\u00a0 <span style=\"color: #0000ff\">Pr. SAAL Amar<\/span><\/span><span style=\"color: #0000ff\">: <\/span><\/strong>\u00a0<span style=\"color: #3366ff\"><strong><a href=\"mailto:decanat.fs@ummto.dz\" style=\"color: #3366ff\">decanat.fs@ummto.dz<\/a><\/strong><\/span><\/p>\n<p><span style=\"color: #000000\"><span style=\"color: #000080\">Le\u00a0 vice-Doyen charg\u00e9 de la post-graduation, de la recherche Scientifique et des Relations Ext\u00e9rieurs <\/span><\/span><strong><span style=\"color: #000000\">:<span style=\"color: #0000ff\">Dr. BERRADJ Omar:<\/span>\u00a0 <span style=\"color: #3366ff\"><a href=\"mailto:decanat.fs@ummto.dz\" style=\"color: #3366ff\">vdpgrs.fs@ummto.dz<\/a><\/span><\/span><\/strong><\/p>\n<p><span style=\"color: #000000\"><span style=\"color: #000080\">Le Vice-Doyen charg\u00e9 des \u00e9tudes et des questions li\u00e9es aux \u00e9tudiants <\/span><\/span><strong><span style=\"color: #000000\"><span style=\"color: #000080\">:<span style=\"color: #0000ff\">Dr. AMIROU Ahmed<\/span><\/span><span style=\"color: #0000ff\"> :<\/span>\u00a0\u00a0<span style=\"color: #3366ff\"> <a href=\"mailto:decanat.fs@ummto.dz\" style=\"color: #3366ff\">vdpedagogie.fs@ummto.dz<\/a><\/span><\/span><\/strong><\/p>\n<p>&nbsp;<\/p>\n<div><\/div>\n<p>[\/et_pb_accordion_item][\/et_pb_accordion][\/et_pb_column][\/et_pb_row][et_pb_row column_structure=\u00a0\u00bb1_2,1_2&Prime; _builder_version=\u00a0\u00bb4.27.4&Prime; _module_preset=\u00a0\u00bbdefault\u00a0\u00bb custom_padding=\u00a0\u00bb|0px||||\u00a0\u00bb animation_style=\u00a0\u00bbslide\u00a0\u00bb global_colors_info=\u00a0\u00bb{}\u00a0\u00bb][et_pb_column type=\u00a0\u00bb1_2&Prime; _builder_version=\u00a0\u00bb4.27.4&Prime; _module_preset=\u00a0\u00bbdefault\u00a0\u00bb global_colors_info=\u00a0\u00bb{}\u00a0\u00bb][et_pb_accordion _builder_version=\u00a0\u00bb4.27.4&Prime; _module_preset=\u00a0\u00bbdefault\u00a0\u00bb width=\u00a0\u00bb98.4%\u00a0\u00bb custom_margin=\u00a0\u00bb|82px||||\u00a0\u00bb box_shadow_style=\u00a0\u00bbpreset6&Prime; global_colors_info=\u00a0\u00bb{}\u00a0\u00bb][et_pb_accordion_item open=\u00a0\u00bbon\u00a0\u00bb open_toggle_text_color=\u00a0\u00bb#0C71C3&Prime; _builder_version=\u00a0\u00bb4.27.4&Prime; _module_preset=\u00a0\u00bbdefault\u00a0\u00bb global_colors_info=\u00a0\u00bb{}\u00a0\u00bb toggle_text_color=\u00a0\u00bb#E09900&Prime;]<\/p>\n<p><strong><span style=\"color: #008000\"> D\u00e9partements:<\/span><\/strong><\/p>\n<p><span style=\"color: #000080\">Chimie:<\/span><span style=\"color: #3366ff\">dpt-chimie.fs@ummto.dz<\/span><span style=\"color: #3366ff\">\u00a0<\/span><\/p>\n<p><span><span style=\"color: #000080\">Physique :<\/span><a href=\"mailto:dpt-physique.fs@ummto.dz\">dpt-physique.fs@ummto.dz<\/a><\/span><\/p>\n<p><span><span style=\"color: #000080\">Math\u00e9matiques:<\/span><a href=\"mailto:dpt-mathematique.fs@ummto.dz\">dpt-mathematique.fs@ummto.dz<\/a><\/span><\/p>\n<p><span><span style=\"color: #000080\">Sciences de la Mati\u00e8re:<\/span>\u00a0<a href=\"mailto:dpt-physique.fs@ummto.dz\">dpt-physique.fs@ummto.dz<\/a><\/span><\/p>\n<p><span><span style=\"color: #000080\">Sciences et Technologies<\/span><strong><span style=\"color: #000080\">:<\/span><\/strong><span style=\"color: #3366ff\">dpt.st@ummto.dz<\/span><\/span><\/p>\n<p>[\/et_pb_accordion_item][\/et_pb_accordion][\/et_pb_column][et_pb_column type=\u00a0\u00bb1_2&Prime; _builder_version=\u00a0\u00bb4.27.4&Prime; _module_preset=\u00a0\u00bbdefault\u00a0\u00bb global_colors_info=\u00a0\u00bb{}\u00a0\u00bb][et_pb_accordion _builder_version=\u00a0\u00bb4.27.4&Prime; _module_preset=\u00a0\u00bbdefault\u00a0\u00bb width=\u00a0\u00bb98.6%\u00a0\u00bb global_colors_info=\u00a0\u00bb{}\u00a0\u00bb][et_pb_accordion_item open=\u00a0\u00bbon\u00a0\u00bb open_toggle_text_color=\u00a0\u00bb#0C71C3&Prime; _builder_version=\u00a0\u00bb4.27.4&Prime; _module_preset=\u00a0\u00bbdefault\u00a0\u00bb box_shadow_style=\u00a0\u00bbpreset6&Prime; global_colors_info=\u00a0\u00bb{}\u00a0\u00bb]<\/p>\n<p class=\"LC20lb MBeuO DKV0Md\"><span style=\"color: #008000\"><strong>Autres services:<\/strong><\/span><\/p>\n<p class=\"LC20lb MBeuO DKV0Md\"><strong><span>Service de scolarit\u00e9 :\u00a0<\/span><\/strong><\/p>\n<div>Biblioth\u00e8que:\u00a0<a href=\"mailto:biblio.fs@ummto.dz\" target=\"_blank\" rel=\"noopener\">biblio.fs@ummto.dz<\/a><\/div>\n<div><strong><\/strong><\/div>\n<p>[\/et_pb_accordion_item][\/et_pb_accordion][\/et_pb_column][\/et_pb_row][\/et_pb_section]<\/p>\n","protected":false},"excerpt":{"rendered":"<p><div class=\"et_pb_module dsm_text_divider dsm_text_divider_0\">\n\t\t\t\t\n\t\t\t\t\n\t\t\t\t\n\t\t\t\t\n\t\t\t\t\n\t\t\t\t\n\t\t\t\t<div class=\"et_pb_module_inner\">\n\t\t\t\t\t<div class=\"dsm-text-divider-wrapper dsm-text-divider-align-center et_pb_bg_layout_light\">\n\t\t\t\t\n\t\t\t\t\n\t\t\t\t<div class=\"dsm-text-divider-before dsm-divider\"><\/div>\n\t\t\t\t<h3 class=\"dsm-text-divider-header et_pb_module_header\"><span>Contacts de la Facult\u00e9 des Sciences <\/span><\/h3>\n\t\t\t\t<div class=\"dsm-text-divider-after dsm-divider\"><\/div>\n\t\t\t<\/div>\n\t\t\t\t<\/div>\n\t\t\t<\/div>Num\u00e9ros de t\u00e9l\u00e9phone: \u00a0T\u00e9l \/Fax : +213 (0) 26 18 61 63\u00a0\u00a0 et \u00a0 213 (0)26 18 61 64 &nbsp; Emails des services:\u00a0 Le Doyen\u00a0 Pr. SAAL Amar: \u00a0decanat.fs@ummto.dz Le\u00a0 vice-Doyen charg\u00e9 de la post-graduation, de [&hellip;]<\/p>\n","protected":false},"author":1,"featured_media":0,"parent":0,"menu_order":0,"comment_status":"closed","ping_status":"closed","template":"","meta":{"_et_pb_use_builder":"on","_et_pb_old_content":"","_et_gb_content_width":"","footnotes":""},"class_list":["post-82","page","type-page","status-publish","hentry"],"yoast_head":"<!-- This site is optimized with the Yoast SEO plugin v27.3 - https:\/\/yoast.com\/product\/yoast-seo-wordpress\/ -->\n<title>CONTACT - Facult\u00e9 des Sciences<\/title>\n<meta name=\"description\" content=\"Contact de la Facult\u00e9 des Sciences\" \/>\n<meta name=\"robots\" content=\"index, follow, max-snippet:-1, max-image-preview:large, max-video-preview:-1\" \/>\n<link rel=\"canonical\" href=\"https:\/\/www.ummto.dz\/fs\/contact\/\" \/>\n<meta property=\"og:locale\" content=\"fr_FR\" \/>\n<meta property=\"og:type\" content=\"article\" \/>\n<meta property=\"og:title\" content=\"CONTACT - Facult\u00e9 des Sciences\" \/>\n<meta property=\"og:description\" content=\"Contact de la Facult\u00e9 des Sciences\" \/>\n<meta property=\"og:url\" content=\"https:\/\/www.ummto.dz\/fs\/contact\/\" \/>\n<meta property=\"og:site_name\" content=\"Facult\u00e9 des Sciences\" \/>\n<meta property=\"article:modified_time\" content=\"2025-05-25T13:26:46+00:00\" \/>\n<meta name=\"twitter:card\" content=\"summary_large_image\" \/>\n<meta name=\"twitter:label1\" content=\"Dur\u00e9e de lecture estim\u00e9e\" \/>\n\t<meta name=\"twitter:data1\" content=\"1 minute\" \/>\n<script type=\"application\/ld+json\" class=\"yoast-schema-graph\">{\"@context\":\"https:\\\/\\\/schema.org\",\"@graph\":[{\"@type\":\"WebPage\",\"@id\":\"https:\\\/\\\/www.ummto.dz\\\/fs\\\/contact\\\/\",\"url\":\"https:\\\/\\\/www.ummto.dz\\\/fs\\\/contact\\\/\",\"name\":\"CONTACT - Facult\u00e9 des Sciences\",\"isPartOf\":{\"@id\":\"https:\\\/\\\/www.ummto.dz\\\/fs\\\/#website\"},\"datePublished\":\"2018-01-29T19:13:28+00:00\",\"dateModified\":\"2025-05-25T13:26:46+00:00\",\"description\":\"Contact de la Facult\u00e9 des Sciences\",\"breadcrumb\":{\"@id\":\"https:\\\/\\\/www.ummto.dz\\\/fs\\\/contact\\\/#breadcrumb\"},\"inLanguage\":\"fr-FR\",\"potentialAction\":[{\"@type\":\"ReadAction\",\"target\":[\"https:\\\/\\\/www.ummto.dz\\\/fs\\\/contact\\\/\"]}]},{\"@type\":\"BreadcrumbList\",\"@id\":\"https:\\\/\\\/www.ummto.dz\\\/fs\\\/contact\\\/#breadcrumb\",\"itemListElement\":[{\"@type\":\"ListItem\",\"position\":1,\"name\":\"Accueil\",\"item\":\"https:\\\/\\\/www.ummto.dz\\\/fs\\\/\"},{\"@type\":\"ListItem\",\"position\":2,\"name\":\"CONTACT\"}]},{\"@type\":\"WebSite\",\"@id\":\"https:\\\/\\\/www.ummto.dz\\\/fs\\\/#website\",\"url\":\"https:\\\/\\\/www.ummto.dz\\\/fs\\\/\",\"name\":\"Facult\u00e9 des Sciences\",\"description\":\"universit\u00e9 Moulous Mammeri de Tizi-Ouzou\",\"potentialAction\":[{\"@type\":\"SearchAction\",\"target\":{\"@type\":\"EntryPoint\",\"urlTemplate\":\"https:\\\/\\\/www.ummto.dz\\\/fs\\\/?s={search_term_string}\"},\"query-input\":{\"@type\":\"PropertyValueSpecification\",\"valueRequired\":true,\"valueName\":\"search_term_string\"}}],\"inLanguage\":\"fr-FR\"}]}<\/script>\n<!-- \/ Yoast SEO plugin. -->","yoast_head_json":{"title":"CONTACT - Facult\u00e9 des Sciences","description":"Contact de la Facult\u00e9 des Sciences","robots":{"index":"index","follow":"follow","max-snippet":"max-snippet:-1","max-image-preview":"max-image-preview:large","max-video-preview":"max-video-preview:-1"},"canonical":"https:\/\/www.ummto.dz\/fs\/contact\/","og_locale":"fr_FR","og_type":"article","og_title":"CONTACT - Facult\u00e9 des Sciences","og_description":"Contact de la Facult\u00e9 des Sciences","og_url":"https:\/\/www.ummto.dz\/fs\/contact\/","og_site_name":"Facult\u00e9 des Sciences","article_modified_time":"2025-05-25T13:26:46+00:00","twitter_card":"summary_large_image","twitter_misc":{"Dur\u00e9e de lecture estim\u00e9e":"1 minute"},"schema":{"@context":"https:\/\/schema.org","@graph":[{"@type":"WebPage","@id":"https:\/\/www.ummto.dz\/fs\/contact\/","url":"https:\/\/www.ummto.dz\/fs\/contact\/","name":"CONTACT - Facult\u00e9 des Sciences","isPartOf":{"@id":"https:\/\/www.ummto.dz\/fs\/#website"},"datePublished":"2018-01-29T19:13:28+00:00","dateModified":"2025-05-25T13:26:46+00:00","description":"Contact de la Facult\u00e9 des Sciences","breadcrumb":{"@id":"https:\/\/www.ummto.dz\/fs\/contact\/#breadcrumb"},"inLanguage":"fr-FR","potentialAction":[{"@type":"ReadAction","target":["https:\/\/www.ummto.dz\/fs\/contact\/"]}]},{"@type":"BreadcrumbList","@id":"https:\/\/www.ummto.dz\/fs\/contact\/#breadcrumb","itemListElement":[{"@type":"ListItem","position":1,"name":"Accueil","item":"https:\/\/www.ummto.dz\/fs\/"},{"@type":"ListItem","position":2,"name":"CONTACT"}]},{"@type":"WebSite","@id":"https:\/\/www.ummto.dz\/fs\/#website","url":"https:\/\/www.ummto.dz\/fs\/","name":"Facult\u00e9 des Sciences","description":"universit\u00e9 Moulous Mammeri de Tizi-Ouzou","potentialAction":[{"@type":"SearchAction","target":{"@type":"EntryPoint","urlTemplate":"https:\/\/www.ummto.dz\/fs\/?s={search_term_string}"},"query-input":{"@type":"PropertyValueSpecification","valueRequired":true,"valueName":"search_term_string"}}],"inLanguage":"fr-FR"}]}},"_links":{"self":[{"href":"https:\/\/www.ummto.dz\/fs\/wp-json\/wp\/v2\/pages\/82","targetHints":{"allow":["GET"]}}],"collection":[{"href":"https:\/\/www.ummto.dz\/fs\/wp-json\/wp\/v2\/pages"}],"about":[{"href":"https:\/\/www.ummto.dz\/fs\/wp-json\/wp\/v2\/types\/page"}],"author":[{"embeddable":true,"href":"https:\/\/www.ummto.dz\/fs\/wp-json\/wp\/v2\/users\/1"}],"replies":[{"embeddable":true,"href":"https:\/\/www.ummto.dz\/fs\/wp-json\/wp\/v2\/comments?post=82"}],"version-history":[{"count":42,"href":"https:\/\/www.ummto.dz\/fs\/wp-json\/wp\/v2\/pages\/82\/revisions"}],"predecessor-version":[{"id":27826,"href":"https:\/\/www.ummto.dz\/fs\/wp-json\/wp\/v2\/pages\/82\/revisions\/27826"}],"wp:attachment":[{"href":"https:\/\/www.ummto.dz\/fs\/wp-json\/wp\/v2\/media?parent=82"}],"curies":[{"name":"wp","href":"https:\/\/api.w.org\/{rel}","templated":true}]}}