{"id":10692,"date":"2019-02-20T17:38:47","date_gmt":"2019-02-20T16:38:47","guid":{"rendered":"http:\/\/fsecsg.ummto.dz\/?page_id=10692"},"modified":"2022-03-04T20:16:40","modified_gmt":"2022-03-04T19:16:40","slug":"module-hfe","status":"publish","type":"page","link":"https:\/\/www.ummto.dz\/fsecsg\/module-hfe\/","title":{"rendered":"Module HFE"},"content":{"rendered":"<p>[et_pb_section fb_built=\u00a0\u00bb1&Prime; admin_label=\u00a0\u00bbsection\u00a0\u00bb _builder_version=\u00a0\u00bb3.22&Prime; global_colors_info=\u00a0\u00bb{}\u00a0\u00bb][et_pb_row admin_label=\u00a0\u00bbrow\u00a0\u00bb _builder_version=\u00a0\u00bb3.25&Prime; background_size=\u00a0\u00bbinitial\u00a0\u00bb background_position=\u00a0\u00bbtop_left\u00a0\u00bb background_repeat=\u00a0\u00bbrepeat\u00a0\u00bb global_colors_info=\u00a0\u00bb{}\u00a0\u00bb][et_pb_column type=\u00a0\u00bb4_4&Prime; _builder_version=\u00a0\u00bb3.25&Prime; custom_padding=\u00a0\u00bb|||\u00a0\u00bb global_colors_info=\u00a0\u00bb{}\u00a0\u00bb custom_padding__hover=\u00a0\u00bb|||\u00a0\u00bb][et_pb_text admin_label=\u00a0\u00bbText\u00a0\u00bb _builder_version=\u00a0\u00bb4.14.8&Prime; background_size=\u00a0\u00bbinitial\u00a0\u00bb background_position=\u00a0\u00bbtop_left\u00a0\u00bb background_repeat=\u00a0\u00bbrepeat\u00a0\u00bb hover_enabled=\u00a0\u00bb0&Prime; global_colors_info=\u00a0\u00bb{}\u00a0\u00bb sticky_enabled=\u00a0\u00bb0&Prime;]<\/p>\n<h5><a href=\"https:\/\/www.ummto.dz\/fsecsg\/wp-content\/uploads\/2019\/02\/Chapitre-1-L\u2019\u00e8re-pr\u00e9industrielle-du-n\u00e9olithique-\u00e0-la-r\u00e9volution-industrielle..pdf\"><span style=\"color: #000000\"><strong>Chapitre-I-L\u2019\u00e8re-pr\u00e9industrielle-du-n\u00e9olithique-\u00e0-la-r\u00e9volution-industrielle<\/strong><\/span><\/a><span style=\"color: #000000\"><strong>..<\/strong><\/span><\/h5>\n<h5><span style=\"color: #000000\"><strong><a href=\"https:\/\/www.ummto.dz\/fsecsg\/wp-content\/uploads\/2019\/02\/La-revolution-industrielle-anglaise-et-dns-le-reste-du-monde.pdf\" style=\"color: #000000\">Chapitre II: La-revolution-industrielle-anglaise-et-dns-le-reste-du-monde<\/a><\/strong><\/span><\/h5>\n<h5><span style=\"color: #000000\"><strong><a href=\"https:\/\/www.ummto.dz\/fsecsg\/wp-content\/uploads\/2019\/02\/crise-1929.pdf\" style=\"color: #000000\">Chapitre III: crise-1929<\/a><\/strong><\/span><\/h5>\n<h5><span style=\"color: #000000\"><strong><a href=\"https:\/\/www.ummto.dz\/fsecsg\/wp-content\/uploads\/2019\/02\/les-chocs-p\u00e9troliers.pdf\" style=\"color: #000000\">Chapitre V:les-chocs-p\u00e9troliers<\/a><\/strong><\/span><\/h5>\n<h5><span style=\"color: #000000\"><strong><a href=\"https:\/\/www.ummto.dz\/fsecsg\/wp-content\/uploads\/2019\/02\/les-transformations-des-ann\u00e9es-80.pdf\" style=\"color: #000000\">\u00a0Chapitre VI: les-transformations-des-ann\u00e9es-80<\/a><\/strong><\/span><\/h5>\n<h5><span style=\"color: #000000\"><strong><a href=\"https:\/\/www.ummto.dz\/fsecsg\/wp-content\/uploads\/2019\/02\/trente-glorieuse.pdf\" style=\"color: #000000\">\u00a0Chapitre IV:trente-glorieuse<\/a><\/strong><\/span><\/h5>\n<p>[\/et_pb_text][\/et_pb_column][\/et_pb_row][\/et_pb_section]<\/p>\n","protected":false},"excerpt":{"rendered":"<p>Chapitre-I-L\u2019\u00e8re-pr\u00e9industrielle-du-n\u00e9olithique-\u00e0-la-r\u00e9volution-industrielle.. Chapitre II: La-revolution-industrielle-anglaise-et-dns-le-reste-du-monde Chapitre III: crise-1929 Chapitre V:les-chocs-p\u00e9troliers \u00a0Chapitre VI: les-transformations-des-ann\u00e9es-80 \u00a0Chapitre IV:trente-glorieuse<\/p>\n","protected":false},"author":1,"featured_media":0,"parent":0,"menu_order":0,"comment_status":"closed","ping_status":"closed","template":"","meta":{"_et_pb_use_builder":"on","_et_pb_old_content":"<a href=\"https:\/\/www.ummto.dz\/fsecsg\/wp-content\/uploads\/2019\/02\/Chapitre-1-L\u2019\u00e8re-pr\u00e9industrielle-du-n\u00e9olithique-\u00e0-la-r\u00e9volution-industrielle..pdf\">Chapitre-1-L\u2019\u00e8re-pr\u00e9industrielle-du-n\u00e9olithique-\u00e0-la-r\u00e9volution-industrielle<\/a>..\n\n<a href=\"https:\/\/www.ummto.dz\/fsecsg\/wp-content\/uploads\/2019\/02\/crise-1929.pdf\">\u00a0crise-1929<\/a>\n\n<a href=\"https:\/\/www.ummto.dz\/fsecsg\/wp-content\/uploads\/2019\/02\/La-revolution-industrielle-anglaise-et-dns-le-reste-du-monde.pdf\">\u00a0La-revolution-industrielle-anglaise-et-dns-le-reste-du-monde<\/a>\n\n<a href=\"https:\/\/www.ummto.dz\/fsecsg\/wp-content\/uploads\/2019\/02\/les-chocs-p\u00e9troliers.pdf\">les-chocs-p\u00e9troliers<\/a>\n\n<a href=\"https:\/\/www.ummto.dz\/fsecsg\/wp-content\/uploads\/2019\/02\/les-transformations-des-ann\u00e9es-80.pdf\">\u00a0les-transformations-des-ann\u00e9es-80<\/a>\n\n<a href=\"https:\/\/www.ummto.dz\/fsecsg\/wp-content\/uploads\/2019\/02\/trente-glorieuse.pdf\">\u00a0trente-glorieuse<\/a>","_et_gb_content_width":"","footnotes":""},"class_list":["post-10692","page","type-page","status-publish","hentry"],"yoast_head":"<!-- This site is optimized with the Yoast SEO plugin v27.3 - https:\/\/yoast.com\/product\/yoast-seo-wordpress\/ -->\n<title>Module HFE - Facult\u00e9 des Sciences Economiques, Commerciales et des Sciences de Gestion<\/title>\n<meta name=\"robots\" content=\"index, follow, max-snippet:-1, max-image-preview:large, max-video-preview:-1\" \/>\n<link rel=\"canonical\" href=\"https:\/\/www.ummto.dz\/fsecsg\/module-hfe\/\" \/>\n<meta property=\"og:locale\" content=\"fr_FR\" \/>\n<meta property=\"og:type\" content=\"article\" \/>\n<meta property=\"og:title\" content=\"Module HFE - Facult\u00e9 des Sciences Economiques, Commerciales et des Sciences de Gestion\" \/>\n<meta property=\"og:description\" content=\"Chapitre-I-L\u2019\u00e8re-pr\u00e9industrielle-du-n\u00e9olithique-\u00e0-la-r\u00e9volution-industrielle.. Chapitre II: La-revolution-industrielle-anglaise-et-dns-le-reste-du-monde Chapitre III: crise-1929 Chapitre V:les-chocs-p\u00e9troliers \u00a0Chapitre VI: les-transformations-des-ann\u00e9es-80 \u00a0Chapitre IV:trente-glorieuse\" \/>\n<meta property=\"og:url\" content=\"https:\/\/www.ummto.dz\/fsecsg\/module-hfe\/\" \/>\n<meta property=\"og:site_name\" content=\"Facult\u00e9 des Sciences Economiques, Commerciales et des Sciences de Gestion\" \/>\n<meta property=\"article:modified_time\" content=\"2022-03-04T19:16:40+00:00\" \/>\n<meta name=\"twitter:card\" content=\"summary_large_image\" \/>\n<meta name=\"twitter:label1\" content=\"Dur\u00e9e de lecture estim\u00e9e\" \/>\n\t<meta name=\"twitter:data1\" content=\"1 minute\" \/>\n<script type=\"application\/ld+json\" class=\"yoast-schema-graph\">{\"@context\":\"https:\\\/\\\/schema.org\",\"@graph\":[{\"@type\":\"WebPage\",\"@id\":\"https:\\\/\\\/www.ummto.dz\\\/fsecsg\\\/module-hfe\\\/\",\"url\":\"https:\\\/\\\/www.ummto.dz\\\/fsecsg\\\/module-hfe\\\/\",\"name\":\"Module HFE - Facult\u00e9 des Sciences Economiques, Commerciales et des Sciences de Gestion\",\"isPartOf\":{\"@id\":\"https:\\\/\\\/www.ummto.dz\\\/fsecsg\\\/#website\"},\"datePublished\":\"2019-02-20T16:38:47+00:00\",\"dateModified\":\"2022-03-04T19:16:40+00:00\",\"breadcrumb\":{\"@id\":\"https:\\\/\\\/www.ummto.dz\\\/fsecsg\\\/module-hfe\\\/#breadcrumb\"},\"inLanguage\":\"fr-FR\",\"potentialAction\":[{\"@type\":\"ReadAction\",\"target\":[\"https:\\\/\\\/www.ummto.dz\\\/fsecsg\\\/module-hfe\\\/\"]}]},{\"@type\":\"BreadcrumbList\",\"@id\":\"https:\\\/\\\/www.ummto.dz\\\/fsecsg\\\/module-hfe\\\/#breadcrumb\",\"itemListElement\":[{\"@type\":\"ListItem\",\"position\":1,\"name\":\"Accueil\",\"item\":\"https:\\\/\\\/www.ummto.dz\\\/fsecsg\\\/\"},{\"@type\":\"ListItem\",\"position\":2,\"name\":\"Module HFE\"}]},{\"@type\":\"WebSite\",\"@id\":\"https:\\\/\\\/www.ummto.dz\\\/fsecsg\\\/#website\",\"url\":\"https:\\\/\\\/www.ummto.dz\\\/fsecsg\\\/\",\"name\":\"Facult\u00e9 des Sciences Economiques, Commerciales et des Sciences de Gestion\",\"description\":\"Universit\u00e9 Mouloud Mammeri de Tizi Ouzou\",\"potentialAction\":[{\"@type\":\"SearchAction\",\"target\":{\"@type\":\"EntryPoint\",\"urlTemplate\":\"https:\\\/\\\/www.ummto.dz\\\/fsecsg\\\/?s={search_term_string}\"},\"query-input\":{\"@type\":\"PropertyValueSpecification\",\"valueRequired\":true,\"valueName\":\"search_term_string\"}}],\"inLanguage\":\"fr-FR\"}]}<\/script>\n<!-- \/ Yoast SEO plugin. -->","yoast_head_json":{"title":"Module HFE - Facult\u00e9 des Sciences Economiques, Commerciales et des Sciences de Gestion","robots":{"index":"index","follow":"follow","max-snippet":"max-snippet:-1","max-image-preview":"max-image-preview:large","max-video-preview":"max-video-preview:-1"},"canonical":"https:\/\/www.ummto.dz\/fsecsg\/module-hfe\/","og_locale":"fr_FR","og_type":"article","og_title":"Module HFE - Facult\u00e9 des Sciences Economiques, Commerciales et des Sciences de Gestion","og_description":"Chapitre-I-L\u2019\u00e8re-pr\u00e9industrielle-du-n\u00e9olithique-\u00e0-la-r\u00e9volution-industrielle.. Chapitre II: La-revolution-industrielle-anglaise-et-dns-le-reste-du-monde Chapitre III: crise-1929 Chapitre V:les-chocs-p\u00e9troliers \u00a0Chapitre VI: les-transformations-des-ann\u00e9es-80 \u00a0Chapitre IV:trente-glorieuse","og_url":"https:\/\/www.ummto.dz\/fsecsg\/module-hfe\/","og_site_name":"Facult\u00e9 des Sciences Economiques, Commerciales et des Sciences de Gestion","article_modified_time":"2022-03-04T19:16:40+00:00","twitter_card":"summary_large_image","twitter_misc":{"Dur\u00e9e de lecture estim\u00e9e":"1 minute"},"schema":{"@context":"https:\/\/schema.org","@graph":[{"@type":"WebPage","@id":"https:\/\/www.ummto.dz\/fsecsg\/module-hfe\/","url":"https:\/\/www.ummto.dz\/fsecsg\/module-hfe\/","name":"Module HFE - Facult\u00e9 des Sciences Economiques, Commerciales et des Sciences de Gestion","isPartOf":{"@id":"https:\/\/www.ummto.dz\/fsecsg\/#website"},"datePublished":"2019-02-20T16:38:47+00:00","dateModified":"2022-03-04T19:16:40+00:00","breadcrumb":{"@id":"https:\/\/www.ummto.dz\/fsecsg\/module-hfe\/#breadcrumb"},"inLanguage":"fr-FR","potentialAction":[{"@type":"ReadAction","target":["https:\/\/www.ummto.dz\/fsecsg\/module-hfe\/"]}]},{"@type":"BreadcrumbList","@id":"https:\/\/www.ummto.dz\/fsecsg\/module-hfe\/#breadcrumb","itemListElement":[{"@type":"ListItem","position":1,"name":"Accueil","item":"https:\/\/www.ummto.dz\/fsecsg\/"},{"@type":"ListItem","position":2,"name":"Module HFE"}]},{"@type":"WebSite","@id":"https:\/\/www.ummto.dz\/fsecsg\/#website","url":"https:\/\/www.ummto.dz\/fsecsg\/","name":"Facult\u00e9 des Sciences Economiques, Commerciales et des Sciences de Gestion","description":"Universit\u00e9 Mouloud Mammeri de Tizi Ouzou","potentialAction":[{"@type":"SearchAction","target":{"@type":"EntryPoint","urlTemplate":"https:\/\/www.ummto.dz\/fsecsg\/?s={search_term_string}"},"query-input":{"@type":"PropertyValueSpecification","valueRequired":true,"valueName":"search_term_string"}}],"inLanguage":"fr-FR"}]}},"_links":{"self":[{"href":"https:\/\/www.ummto.dz\/fsecsg\/wp-json\/wp\/v2\/pages\/10692","targetHints":{"allow":["GET"]}}],"collection":[{"href":"https:\/\/www.ummto.dz\/fsecsg\/wp-json\/wp\/v2\/pages"}],"about":[{"href":"https:\/\/www.ummto.dz\/fsecsg\/wp-json\/wp\/v2\/types\/page"}],"author":[{"embeddable":true,"href":"https:\/\/www.ummto.dz\/fsecsg\/wp-json\/wp\/v2\/users\/1"}],"replies":[{"embeddable":true,"href":"https:\/\/www.ummto.dz\/fsecsg\/wp-json\/wp\/v2\/comments?post=10692"}],"version-history":[{"count":6,"href":"https:\/\/www.ummto.dz\/fsecsg\/wp-json\/wp\/v2\/pages\/10692\/revisions"}],"predecessor-version":[{"id":56005,"href":"https:\/\/www.ummto.dz\/fsecsg\/wp-json\/wp\/v2\/pages\/10692\/revisions\/56005"}],"wp:attachment":[{"href":"https:\/\/www.ummto.dz\/fsecsg\/wp-json\/wp\/v2\/media?parent=10692"}],"curies":[{"name":"wp","href":"https:\/\/api.w.org\/{rel}","templated":true}]}}