{"id":11474,"date":"2019-04-28T11:28:19","date_gmt":"2019-04-28T09:28:19","guid":{"rendered":"http:\/\/fsecsg.ummto.dz\/?page_id=11474"},"modified":"2021-12-07T12:04:55","modified_gmt":"2021-12-07T11:04:55","slug":"cp-7","status":"publish","type":"page","link":"https:\/\/www.ummto.dz\/fsecsg\/cp-7\/","title":{"rendered":"CP"},"content":{"rendered":"<ul>\n<li><a href=\"http:\/\/fsecsg.ummto.dz\/wp-content\/uploads\/2020\/08\/CP-MASTER-1.pdf\"><span style=\"color: #000000\"><strong>Planning des CP\u00a0 (MASTER\u00a0 (S1 ,S2 ,S3).<\/strong><\/span><\/a><\/li>\n<li>\n<p class=\"post-title entry-title\"><a href=\"http:\/\/fsecsg.ummto.dz\/wp-content\/uploads\/2020\/02\/CP-MASTER.pdf\"><strong><span style=\"font-size: 14pt;font-family: 'times new roman', times, serif\">Invitation aux enseignants charg\u00e9 (Cours et TD) et d\u00e9l\u00e9gu\u00e9s de groupes des \u00e9tudiants des Masters Semestre 1 et Semestre 3 du d\u00e9partement des sciences Commerciales au CP<\/span><\/strong><\/a><\/p>\n<\/li>\n<li class=\"post-title entry-title\"><a href=\"https:\/\/www.ummto.dz\/fsecsg\/wp-content\/uploads\/2019\/04\/AFFICHAGE-master.pdf\"><span style=\"color: #000000\"><strong>Invitation aux enseignants Charg\u00e9e (cours ,TD ) et d\u00e9l\u00e9gu\u00e9s de groupes de Masters (S1 et S2)\u00a0 au CP pour le Dimanche 28\/04\/2019<\/strong><\/span><\/a><\/li>\n<\/ul>\n\n\n<p><\/p>\n","protected":false},"excerpt":{"rendered":"<p>Planning des CP\u00a0 (MASTER\u00a0 (S1 ,S2 ,S3). Invitation aux enseignants charg\u00e9 (Cours et TD) et d\u00e9l\u00e9gu\u00e9s de groupes des \u00e9tudiants des Masters Semestre 1 et Semestre 3 du d\u00e9partement des sciences Commerciales au CP Invitation aux enseignants Charg\u00e9e (cours ,TD ) et d\u00e9l\u00e9gu\u00e9s de groupes de Masters (S1 et S2)\u00a0 au CP pour le Dimanche [&hellip;]<\/p>\n","protected":false},"author":1,"featured_media":0,"parent":0,"menu_order":0,"comment_status":"closed","ping_status":"closed","template":"","meta":{"_et_pb_use_builder":"","_et_pb_old_content":"","_et_gb_content_width":"","footnotes":""},"class_list":["post-11474","page","type-page","status-publish","hentry"],"yoast_head":"<!-- This site is optimized with the Yoast SEO plugin v27.3 - https:\/\/yoast.com\/product\/yoast-seo-wordpress\/ -->\n<title>CP - Facult\u00e9 des Sciences Economiques, Commerciales et des Sciences de Gestion<\/title>\n<meta name=\"robots\" content=\"index, follow, max-snippet:-1, max-image-preview:large, max-video-preview:-1\" \/>\n<link rel=\"canonical\" href=\"https:\/\/www.ummto.dz\/fsecsg\/cp-7\/\" \/>\n<meta property=\"og:locale\" content=\"fr_FR\" \/>\n<meta property=\"og:type\" content=\"article\" \/>\n<meta property=\"og:title\" content=\"CP - Facult\u00e9 des Sciences Economiques, Commerciales et des Sciences de Gestion\" \/>\n<meta property=\"og:description\" content=\"Planning des CP\u00a0 (MASTER\u00a0 (S1 ,S2 ,S3). Invitation aux enseignants charg\u00e9 (Cours et TD) et d\u00e9l\u00e9gu\u00e9s de groupes des \u00e9tudiants des Masters Semestre 1 et Semestre 3 du d\u00e9partement des sciences Commerciales au CP Invitation aux enseignants Charg\u00e9e (cours ,TD ) et d\u00e9l\u00e9gu\u00e9s de groupes de Masters (S1 et S2)\u00a0 au CP pour le Dimanche [&hellip;]\" \/>\n<meta property=\"og:url\" content=\"https:\/\/www.ummto.dz\/fsecsg\/cp-7\/\" \/>\n<meta property=\"og:site_name\" content=\"Facult\u00e9 des Sciences Economiques, Commerciales et des Sciences de Gestion\" \/>\n<meta property=\"article:modified_time\" content=\"2021-12-07T11:04:55+00:00\" \/>\n<meta name=\"twitter:card\" content=\"summary_large_image\" \/>\n<meta name=\"twitter:label1\" content=\"Dur\u00e9e de lecture estim\u00e9e\" \/>\n\t<meta name=\"twitter:data1\" content=\"1 minute\" \/>\n<script type=\"application\/ld+json\" class=\"yoast-schema-graph\">{\"@context\":\"https:\\\/\\\/schema.org\",\"@graph\":[{\"@type\":\"WebPage\",\"@id\":\"https:\\\/\\\/www.ummto.dz\\\/fsecsg\\\/cp-7\\\/\",\"url\":\"https:\\\/\\\/www.ummto.dz\\\/fsecsg\\\/cp-7\\\/\",\"name\":\"CP - Facult\u00e9 des Sciences Economiques, Commerciales et des Sciences de Gestion\",\"isPartOf\":{\"@id\":\"https:\\\/\\\/www.ummto.dz\\\/fsecsg\\\/#website\"},\"datePublished\":\"2019-04-28T09:28:19+00:00\",\"dateModified\":\"2021-12-07T11:04:55+00:00\",\"breadcrumb\":{\"@id\":\"https:\\\/\\\/www.ummto.dz\\\/fsecsg\\\/cp-7\\\/#breadcrumb\"},\"inLanguage\":\"fr-FR\",\"potentialAction\":[{\"@type\":\"ReadAction\",\"target\":[\"https:\\\/\\\/www.ummto.dz\\\/fsecsg\\\/cp-7\\\/\"]}]},{\"@type\":\"BreadcrumbList\",\"@id\":\"https:\\\/\\\/www.ummto.dz\\\/fsecsg\\\/cp-7\\\/#breadcrumb\",\"itemListElement\":[{\"@type\":\"ListItem\",\"position\":1,\"name\":\"Accueil\",\"item\":\"https:\\\/\\\/www.ummto.dz\\\/fsecsg\\\/\"},{\"@type\":\"ListItem\",\"position\":2,\"name\":\"CP\"}]},{\"@type\":\"WebSite\",\"@id\":\"https:\\\/\\\/www.ummto.dz\\\/fsecsg\\\/#website\",\"url\":\"https:\\\/\\\/www.ummto.dz\\\/fsecsg\\\/\",\"name\":\"Facult\u00e9 des Sciences Economiques, Commerciales et des Sciences de Gestion\",\"description\":\"Universit\u00e9 Mouloud Mammeri de Tizi Ouzou\",\"potentialAction\":[{\"@type\":\"SearchAction\",\"target\":{\"@type\":\"EntryPoint\",\"urlTemplate\":\"https:\\\/\\\/www.ummto.dz\\\/fsecsg\\\/?s={search_term_string}\"},\"query-input\":{\"@type\":\"PropertyValueSpecification\",\"valueRequired\":true,\"valueName\":\"search_term_string\"}}],\"inLanguage\":\"fr-FR\"}]}<\/script>\n<!-- \/ Yoast SEO plugin. -->","yoast_head_json":{"title":"CP - Facult\u00e9 des Sciences Economiques, Commerciales et des Sciences de Gestion","robots":{"index":"index","follow":"follow","max-snippet":"max-snippet:-1","max-image-preview":"max-image-preview:large","max-video-preview":"max-video-preview:-1"},"canonical":"https:\/\/www.ummto.dz\/fsecsg\/cp-7\/","og_locale":"fr_FR","og_type":"article","og_title":"CP - Facult\u00e9 des Sciences Economiques, Commerciales et des Sciences de Gestion","og_description":"Planning des CP\u00a0 (MASTER\u00a0 (S1 ,S2 ,S3). Invitation aux enseignants charg\u00e9 (Cours et TD) et d\u00e9l\u00e9gu\u00e9s de groupes des \u00e9tudiants des Masters Semestre 1 et Semestre 3 du d\u00e9partement des sciences Commerciales au CP Invitation aux enseignants Charg\u00e9e (cours ,TD ) et d\u00e9l\u00e9gu\u00e9s de groupes de Masters (S1 et S2)\u00a0 au CP pour le Dimanche [&hellip;]","og_url":"https:\/\/www.ummto.dz\/fsecsg\/cp-7\/","og_site_name":"Facult\u00e9 des Sciences Economiques, Commerciales et des Sciences de Gestion","article_modified_time":"2021-12-07T11:04:55+00:00","twitter_card":"summary_large_image","twitter_misc":{"Dur\u00e9e de lecture estim\u00e9e":"1 minute"},"schema":{"@context":"https:\/\/schema.org","@graph":[{"@type":"WebPage","@id":"https:\/\/www.ummto.dz\/fsecsg\/cp-7\/","url":"https:\/\/www.ummto.dz\/fsecsg\/cp-7\/","name":"CP - Facult\u00e9 des Sciences Economiques, Commerciales et des Sciences de Gestion","isPartOf":{"@id":"https:\/\/www.ummto.dz\/fsecsg\/#website"},"datePublished":"2019-04-28T09:28:19+00:00","dateModified":"2021-12-07T11:04:55+00:00","breadcrumb":{"@id":"https:\/\/www.ummto.dz\/fsecsg\/cp-7\/#breadcrumb"},"inLanguage":"fr-FR","potentialAction":[{"@type":"ReadAction","target":["https:\/\/www.ummto.dz\/fsecsg\/cp-7\/"]}]},{"@type":"BreadcrumbList","@id":"https:\/\/www.ummto.dz\/fsecsg\/cp-7\/#breadcrumb","itemListElement":[{"@type":"ListItem","position":1,"name":"Accueil","item":"https:\/\/www.ummto.dz\/fsecsg\/"},{"@type":"ListItem","position":2,"name":"CP"}]},{"@type":"WebSite","@id":"https:\/\/www.ummto.dz\/fsecsg\/#website","url":"https:\/\/www.ummto.dz\/fsecsg\/","name":"Facult\u00e9 des Sciences Economiques, Commerciales et des Sciences de Gestion","description":"Universit\u00e9 Mouloud Mammeri de Tizi Ouzou","potentialAction":[{"@type":"SearchAction","target":{"@type":"EntryPoint","urlTemplate":"https:\/\/www.ummto.dz\/fsecsg\/?s={search_term_string}"},"query-input":{"@type":"PropertyValueSpecification","valueRequired":true,"valueName":"search_term_string"}}],"inLanguage":"fr-FR"}]}},"_links":{"self":[{"href":"https:\/\/www.ummto.dz\/fsecsg\/wp-json\/wp\/v2\/pages\/11474","targetHints":{"allow":["GET"]}}],"collection":[{"href":"https:\/\/www.ummto.dz\/fsecsg\/wp-json\/wp\/v2\/pages"}],"about":[{"href":"https:\/\/www.ummto.dz\/fsecsg\/wp-json\/wp\/v2\/types\/page"}],"author":[{"embeddable":true,"href":"https:\/\/www.ummto.dz\/fsecsg\/wp-json\/wp\/v2\/users\/1"}],"replies":[{"embeddable":true,"href":"https:\/\/www.ummto.dz\/fsecsg\/wp-json\/wp\/v2\/comments?post=11474"}],"version-history":[{"count":5,"href":"https:\/\/www.ummto.dz\/fsecsg\/wp-json\/wp\/v2\/pages\/11474\/revisions"}],"predecessor-version":[{"id":50277,"href":"https:\/\/www.ummto.dz\/fsecsg\/wp-json\/wp\/v2\/pages\/11474\/revisions\/50277"}],"wp:attachment":[{"href":"https:\/\/www.ummto.dz\/fsecsg\/wp-json\/wp\/v2\/media?parent=11474"}],"curies":[{"name":"wp","href":"https:\/\/api.w.org\/{rel}","templated":true}]}}