{"id":1591,"date":"2018-04-10T15:23:52","date_gmt":"2018-04-10T13:23:52","guid":{"rendered":"http:\/\/fsecsg.ummto.dz\/?page_id=1591"},"modified":"2021-10-27T13:40:20","modified_gmt":"2021-10-27T11:40:20","slug":"marketing-hotelier-et-touristique","status":"publish","type":"page","link":"https:\/\/www.ummto.dz\/fsecsg\/marketing-hotelier-et-touristique\/","title":{"rendered":"Marketing h\u00f4telier et touristique"},"content":{"rendered":"<ul>\n<li><a href=\"https:\/\/www.ummto.dz\/fsecsg\/liste-des-etudiants-48\/\"><span style=\"color: #000000\"><strong>Liste des \u00e9tudiants<\/strong><\/span><\/a><\/li>\n<li><a href=\"https:\/\/www.ummto.dz\/fsecsg\/?page_id=2794\"><span style=\"color: #000000\"><strong>Affichage des notes\u00a0<\/strong><\/span><\/a><\/li>\n<li><a href=\"https:\/\/www.ummto.dz\/fsecsg\/?page_id=4366\"><strong><span style=\"color: #000000\">D\u00e9lib\u00e9rations\u00a0<\/span><\/strong><\/a><\/li>\n<li><a href=\"https:\/\/www.ummto.dz\/fsecsg\/cp-7\/\"><span style=\"color: #000000\"><strong>CP<\/strong><\/span><\/a><\/li>\n<\/ul>\n","protected":false},"excerpt":{"rendered":"<p>Liste des \u00e9tudiants Affichage des notes\u00a0 D\u00e9lib\u00e9rations\u00a0 CP<\/p>\n","protected":false},"author":1,"featured_media":0,"parent":0,"menu_order":0,"comment_status":"closed","ping_status":"closed","template":"","meta":{"_et_pb_use_builder":"","_et_pb_old_content":"","_et_gb_content_width":"","footnotes":""},"class_list":["post-1591","page","type-page","status-publish","hentry"],"yoast_head":"<!-- This site is optimized with the Yoast SEO plugin v27.3 - https:\/\/yoast.com\/product\/yoast-seo-wordpress\/ -->\n<title>Marketing h\u00f4telier et touristique - Facult\u00e9 des Sciences Economiques, Commerciales et des Sciences de Gestion<\/title>\n<meta name=\"robots\" content=\"index, follow, max-snippet:-1, max-image-preview:large, max-video-preview:-1\" \/>\n<link rel=\"canonical\" href=\"https:\/\/www.ummto.dz\/fsecsg\/marketing-hotelier-et-touristique\/\" \/>\n<meta property=\"og:locale\" content=\"fr_FR\" \/>\n<meta property=\"og:type\" content=\"article\" \/>\n<meta property=\"og:title\" content=\"Marketing h\u00f4telier et touristique - Facult\u00e9 des Sciences Economiques, Commerciales et des Sciences de Gestion\" \/>\n<meta property=\"og:description\" content=\"Liste des \u00e9tudiants Affichage des notes\u00a0 D\u00e9lib\u00e9rations\u00a0 CP\" \/>\n<meta property=\"og:url\" content=\"https:\/\/www.ummto.dz\/fsecsg\/marketing-hotelier-et-touristique\/\" \/>\n<meta property=\"og:site_name\" content=\"Facult\u00e9 des Sciences Economiques, Commerciales et des Sciences de Gestion\" \/>\n<meta property=\"article:modified_time\" content=\"2021-10-27T11:40:20+00:00\" \/>\n<meta name=\"twitter:card\" content=\"summary_large_image\" \/>\n<meta name=\"twitter:label1\" content=\"Dur\u00e9e de lecture estim\u00e9e\" \/>\n\t<meta name=\"twitter:data1\" content=\"1 minute\" \/>\n<script type=\"application\/ld+json\" class=\"yoast-schema-graph\">{\"@context\":\"https:\\\/\\\/schema.org\",\"@graph\":[{\"@type\":\"WebPage\",\"@id\":\"https:\\\/\\\/www.ummto.dz\\\/fsecsg\\\/marketing-hotelier-et-touristique\\\/\",\"url\":\"https:\\\/\\\/www.ummto.dz\\\/fsecsg\\\/marketing-hotelier-et-touristique\\\/\",\"name\":\"Marketing h\u00f4telier et touristique - Facult\u00e9 des Sciences Economiques, Commerciales et des Sciences de Gestion\",\"isPartOf\":{\"@id\":\"https:\\\/\\\/www.ummto.dz\\\/fsecsg\\\/#website\"},\"datePublished\":\"2018-04-10T13:23:52+00:00\",\"dateModified\":\"2021-10-27T11:40:20+00:00\",\"breadcrumb\":{\"@id\":\"https:\\\/\\\/www.ummto.dz\\\/fsecsg\\\/marketing-hotelier-et-touristique\\\/#breadcrumb\"},\"inLanguage\":\"fr-FR\",\"potentialAction\":[{\"@type\":\"ReadAction\",\"target\":[\"https:\\\/\\\/www.ummto.dz\\\/fsecsg\\\/marketing-hotelier-et-touristique\\\/\"]}]},{\"@type\":\"BreadcrumbList\",\"@id\":\"https:\\\/\\\/www.ummto.dz\\\/fsecsg\\\/marketing-hotelier-et-touristique\\\/#breadcrumb\",\"itemListElement\":[{\"@type\":\"ListItem\",\"position\":1,\"name\":\"Accueil\",\"item\":\"https:\\\/\\\/www.ummto.dz\\\/fsecsg\\\/\"},{\"@type\":\"ListItem\",\"position\":2,\"name\":\"Marketing h\u00f4telier et touristique\"}]},{\"@type\":\"WebSite\",\"@id\":\"https:\\\/\\\/www.ummto.dz\\\/fsecsg\\\/#website\",\"url\":\"https:\\\/\\\/www.ummto.dz\\\/fsecsg\\\/\",\"name\":\"Facult\u00e9 des Sciences Economiques, Commerciales et des Sciences de Gestion\",\"description\":\"Universit\u00e9 Mouloud Mammeri de Tizi Ouzou\",\"potentialAction\":[{\"@type\":\"SearchAction\",\"target\":{\"@type\":\"EntryPoint\",\"urlTemplate\":\"https:\\\/\\\/www.ummto.dz\\\/fsecsg\\\/?s={search_term_string}\"},\"query-input\":{\"@type\":\"PropertyValueSpecification\",\"valueRequired\":true,\"valueName\":\"search_term_string\"}}],\"inLanguage\":\"fr-FR\"}]}<\/script>\n<!-- \/ Yoast SEO plugin. -->","yoast_head_json":{"title":"Marketing h\u00f4telier et touristique - Facult\u00e9 des Sciences Economiques, Commerciales et des Sciences de Gestion","robots":{"index":"index","follow":"follow","max-snippet":"max-snippet:-1","max-image-preview":"max-image-preview:large","max-video-preview":"max-video-preview:-1"},"canonical":"https:\/\/www.ummto.dz\/fsecsg\/marketing-hotelier-et-touristique\/","og_locale":"fr_FR","og_type":"article","og_title":"Marketing h\u00f4telier et touristique - Facult\u00e9 des Sciences Economiques, Commerciales et des Sciences de Gestion","og_description":"Liste des \u00e9tudiants Affichage des notes\u00a0 D\u00e9lib\u00e9rations\u00a0 CP","og_url":"https:\/\/www.ummto.dz\/fsecsg\/marketing-hotelier-et-touristique\/","og_site_name":"Facult\u00e9 des Sciences Economiques, Commerciales et des Sciences de Gestion","article_modified_time":"2021-10-27T11:40:20+00:00","twitter_card":"summary_large_image","twitter_misc":{"Dur\u00e9e de lecture estim\u00e9e":"1 minute"},"schema":{"@context":"https:\/\/schema.org","@graph":[{"@type":"WebPage","@id":"https:\/\/www.ummto.dz\/fsecsg\/marketing-hotelier-et-touristique\/","url":"https:\/\/www.ummto.dz\/fsecsg\/marketing-hotelier-et-touristique\/","name":"Marketing h\u00f4telier et touristique - Facult\u00e9 des Sciences Economiques, Commerciales et des Sciences de Gestion","isPartOf":{"@id":"https:\/\/www.ummto.dz\/fsecsg\/#website"},"datePublished":"2018-04-10T13:23:52+00:00","dateModified":"2021-10-27T11:40:20+00:00","breadcrumb":{"@id":"https:\/\/www.ummto.dz\/fsecsg\/marketing-hotelier-et-touristique\/#breadcrumb"},"inLanguage":"fr-FR","potentialAction":[{"@type":"ReadAction","target":["https:\/\/www.ummto.dz\/fsecsg\/marketing-hotelier-et-touristique\/"]}]},{"@type":"BreadcrumbList","@id":"https:\/\/www.ummto.dz\/fsecsg\/marketing-hotelier-et-touristique\/#breadcrumb","itemListElement":[{"@type":"ListItem","position":1,"name":"Accueil","item":"https:\/\/www.ummto.dz\/fsecsg\/"},{"@type":"ListItem","position":2,"name":"Marketing h\u00f4telier et touristique"}]},{"@type":"WebSite","@id":"https:\/\/www.ummto.dz\/fsecsg\/#website","url":"https:\/\/www.ummto.dz\/fsecsg\/","name":"Facult\u00e9 des Sciences Economiques, Commerciales et des Sciences de Gestion","description":"Universit\u00e9 Mouloud Mammeri de Tizi Ouzou","potentialAction":[{"@type":"SearchAction","target":{"@type":"EntryPoint","urlTemplate":"https:\/\/www.ummto.dz\/fsecsg\/?s={search_term_string}"},"query-input":{"@type":"PropertyValueSpecification","valueRequired":true,"valueName":"search_term_string"}}],"inLanguage":"fr-FR"}]}},"_links":{"self":[{"href":"https:\/\/www.ummto.dz\/fsecsg\/wp-json\/wp\/v2\/pages\/1591","targetHints":{"allow":["GET"]}}],"collection":[{"href":"https:\/\/www.ummto.dz\/fsecsg\/wp-json\/wp\/v2\/pages"}],"about":[{"href":"https:\/\/www.ummto.dz\/fsecsg\/wp-json\/wp\/v2\/types\/page"}],"author":[{"embeddable":true,"href":"https:\/\/www.ummto.dz\/fsecsg\/wp-json\/wp\/v2\/users\/1"}],"replies":[{"embeddable":true,"href":"https:\/\/www.ummto.dz\/fsecsg\/wp-json\/wp\/v2\/comments?post=1591"}],"version-history":[{"count":8,"href":"https:\/\/www.ummto.dz\/fsecsg\/wp-json\/wp\/v2\/pages\/1591\/revisions"}],"predecessor-version":[{"id":46789,"href":"https:\/\/www.ummto.dz\/fsecsg\/wp-json\/wp\/v2\/pages\/1591\/revisions\/46789"}],"wp:attachment":[{"href":"https:\/\/www.ummto.dz\/fsecsg\/wp-json\/wp\/v2\/media?parent=1591"}],"curies":[{"name":"wp","href":"https:\/\/api.w.org\/{rel}","templated":true}]}}