{"id":20610,"date":"2020-02-27T09:55:10","date_gmt":"2020-02-27T08:55:10","guid":{"rendered":"http:\/\/fsecsg.ummto.dz\/?page_id=20610"},"modified":"2020-02-27T09:58:13","modified_gmt":"2020-02-27T08:58:13","slug":"annee-2018-2019-59","status":"publish","type":"page","link":"https:\/\/www.ummto.dz\/fsecsg\/annee-2018-2019-59\/","title":{"rendered":"Ann\u00e9e 2018\/2019"},"content":{"rendered":"<ul>\n<li><span style=\"text-decoration: underline;\"><span style=\"color: #ff0000;\"><strong>Rattrapage:<\/strong><\/span><\/span><\/li>\n<\/ul>\n<ul>\n<li><span style=\"text-decoration: underline;\"><span style=\"color: #ff0000; text-decoration: underline;\"><strong>Semestre 1:<\/strong><\/span><\/span><\/li>\n<\/ul>\n<p><a href=\"http:\/\/fsecsg.ummto.dz\/wp-content\/uploads\/2019\/10\/1TC-1.pdf\"><span style=\"color: #000000;\"><strong>Planning des examens de rattrapage semestre 1<\/strong><\/span><\/a><\/p>\n<p><span style=\"color: #ff0000;\"><a style=\"color: #ff0000;\" href=\"http:\/\/fsecsg.ummto.dz\/wp-content\/uploads\/2019\/10\/1TC-Lieux-Rattrapages.pdf\"><strong>Lieux d&rsquo;examens\u00a0<\/strong><\/a><\/span><\/p>\n<p><span style=\"color: #000000;\"><strong><a href=\"http:\/\/fsecsg.ummto.dz\/wp-content\/uploads\/2019\/10\/D.1TC.pdf\">Planning des examens de dettes<span style=\"color: #ff0000;\">(2\u00e8me <\/span><\/a><\/strong><span style=\"color: #ff0000;\"><a style=\"color: #ff0000;\" href=\"http:\/\/fsecsg.ummto.dz\/wp-content\/uploads\/2019\/10\/D.1TC.pdf\"><strong>session)<\/strong><\/a><\/span><\/span><\/p>\n<p><span style=\"color: #000000; font-size: 14pt; font-family: 'times new roman', times, serif;\"><strong><span style=\"color: #000000;\"><a style=\"color: #000000;\" href=\"http:\/\/fsecsg.ummto.dz\/wp-content\/uploads\/2019\/10\/EXAMENS-dette.pdf\"><span style=\"font-size: 14pt; font-family: 'times new roman', times, serif;\"><img decoding=\"async\" class=\"alignnone size-full wp-image-9994\" src=\"http:\/\/fsecsg.ummto.dz\/wp-content\/uploads\/2019\/01\/rubon7903-ed895.gif\" alt=\"\" width=\"55\" height=\"55\" srcset=\"https:\/\/www.ummto.dz\/fsecsg\/wp-content\/uploads\/2019\/01\/rubon7903-ed895.gif 55w, https:\/\/www.ummto.dz\/fsecsg\/wp-content\/uploads\/2019\/01\/rubon7903-ed895-45x45.gif 45w\" sizes=\"(max-width: 55px) 100vw, 55px\" \/>Information aux \u00e9tudiants concern\u00e9s par le report des examens\u00a0 de <span style=\"color: #0000ff;\">1 \u00e8re Ann\u00e9e dette <\/span><\/span><\/a><\/span><\/strong><\/span><span style=\"font-size: 14pt; font-family: 'times new roman', times, serif;\"><span style=\"color: #ff0000;\"><strong><a style=\"color: #ff0000;\" href=\"http:\/\/fsecsg.ummto.dz\/wp-content\/uploads\/2019\/10\/EXAMENS-dette.pdf\"><span style=\"color: #0000ff;\">(session 02) <\/span><\/a><a style=\"color: #000000;\" href=\"http:\/\/fsecsg.ummto.dz\/wp-content\/uploads\/2019\/10\/EXAMENS-dette.pdf\">Semestre 1<\/a><\/strong><\/span><a href=\"http:\/\/fsecsg.ummto.dz\/wp-content\/uploads\/2019\/10\/EXAMENS-dette.pdf\"><strong> <span style=\"color: #000000;\">pour<\/span> <span style=\"color: #ff0000;\">le Dimanche 03\/11\/2019<\/span> <span style=\"color: #000000;\">et<\/span> <span style=\"color: #ff0000;\">Lundi 04\/11\/2019\u00a0<\/span><\/strong><\/a><\/span><\/p>\n<ul>\n<li><span style=\"text-decoration: underline;\"><span style=\"color: #ff0000;\"><strong>Semestre 2:<\/strong><\/span><\/span><\/li>\n<\/ul>\n<p><a href=\"http:\/\/fsecsg.ummto.dz\/wp-content\/uploads\/2019\/09\/1TC.pdf\"><span style=\"color: #000000;\"><strong>Planning des examens de rattrapage semestre 2<\/strong><\/span><\/a><\/p>\n<p><a href=\"http:\/\/fsecsg.ummto.dz\/wp-content\/uploads\/2019\/09\/1TC-Lieux-Rattrapages-1.pdf\"><span style=\"color: #ff0000;\"><strong>Lieux d&rsquo;examens\u00a0<\/strong><\/span><\/a><\/p>\n<p><a href=\"http:\/\/fsecsg.ummto.dz\/wp-content\/uploads\/2019\/09\/D.1TC.pdf\"><span style=\"color: #000000;\"><strong>Planning des examens de dettes <span style=\"color: #ff0000;\">(2 \u00e8me Session)<\/span><\/strong><\/span><\/a><\/p>\n<p>&nbsp;<\/p>\n<ul>\n<li><span style=\"text-decoration: underline;\"><span style=\"color: #0000ff;\"><strong>EMD:<\/strong><\/span><\/span><\/li>\n<li><span style=\"text-decoration: underline;\"><span style=\"color: #ff0000;\"><strong>Semestre 1:<\/strong><\/span><\/span><\/li>\n<\/ul>\n<p><a href=\"http:\/\/fsecsg.ummto.dz\/wp-content\/uploads\/2019\/07\/1TC.pdf\"><span style=\"color: #000000;\"><strong>Planning des examens semestre 1<\/strong><\/span><\/a><\/p>\n<p><strong><a href=\"http:\/\/fsecsg.ummto.dz\/wp-content\/uploads\/2019\/09\/Lieux-dexamen-1TC-2019-Copie-1.jpg\"><span style=\"color: #ff0000;\">Lieux d&rsquo;examens E, F , G et H<\/span><\/a><\/strong><\/p>\n<p><span style=\"text-decoration: underline;\"><span style=\"color: #ff0000;\"><strong>Lieux d\u2019examen Section \u00ab\u00a0E,F,G,H\u00a0\u00bb par salles et Amphis :<\/strong><\/span><\/span><\/p>\n<p><a href=\"http:\/\/fsecsg.ummto.dz\/wp-content\/uploads\/2019\/09\/Liste-des-\u00e9tudiants-SCES-1\u00e8re-Ann\u00e9e-LMD-E-F-G-et-H.pdf\"><span style=\"color: #000000;\"><strong>SECTION E<\/strong><\/span><\/a><\/p>\n<p><a href=\"http:\/\/fsecsg.ummto.dz\/wp-content\/uploads\/2019\/06\/Section-F.pdf\"><span style=\"color: #000000;\"><strong>SECTION F<\/strong><\/span><\/a><\/p>\n<p><span style=\"color: #000000;\"><a style=\"color: #000000;\" href=\"http:\/\/fsecsg.ummto.dz\/wp-content\/uploads\/2019\/06\/Section-G.pdf\"><strong>SECTION G<\/strong><\/a><\/span><\/p>\n<p><a href=\"http:\/\/fsecsg.ummto.dz\/wp-content\/uploads\/2019\/06\/Section-H.pdf\"><span style=\"color: #000000;\"><strong>SECTION H<\/strong><\/span><\/a><\/p>\n<p><a href=\"http:\/\/fsecsg.ummto.dz\/wp-content\/uploads\/2019\/07\/D.1TC.pdf\"><span style=\"color: #000000;\"><strong>Planning des examens de dettes semestre 1 (session 1)<\/strong><\/span><\/a><\/p>\n<p><a href=\"http:\/\/fsecsg.ummto.dz\/liste-des-etudiants-par-modules\/\"><span style=\"color: #ff0000;\"><strong>Liste des \u00e9tudiants de dettes par Modules<\/strong><\/span><\/a><span style=\"color: #ff0000;\"><strong>\u00a0<\/strong><\/span><\/p>\n<ul>\n<li><span style=\"text-decoration: underline;\"><span style=\"color: #ff0000;\"><strong>Semestre 2:<\/strong><\/span><\/span><\/li>\n<\/ul>\n<p><span style=\"font-family: 'times new roman', times, serif;\"><a href=\"http:\/\/fsecsg.ummto.dz\/wp-content\/uploads\/2019\/07\/t\u00e9l\u00e9chargement.png\"><span style=\"color: #000000; font-size: 14pt;\"><strong>Planning des examens de remplacement 1 \u00e8re Ann\u00e9e LMD\u00a0<\/strong><\/span><\/a><\/span><\/p>\n<p><a href=\"http:\/\/fsecsg.ummto.dz\/wp-content\/uploads\/2019\/06\/1TC.pdf\"><span style=\"color: #000000;\"><strong>Planning des examens semestre 2<\/strong><\/span><\/a><\/p>\n<p><a href=\"http:\/\/fsecsg.ummto.dz\/wp-content\/uploads\/2019\/06\/Lieux-dexamen-1TC-2019-Copie-1.jpg\"><span style=\"color: #000000;\"><strong><span style=\"color: #ff0000;\">Lieux d&rsquo;examen \u00ab\u00a0E,F,G,H\u00a0\u00bb<\/span><\/strong><\/span><\/a><\/p>\n<p><span style=\"text-decoration: underline;\"><span style=\"color: #ff0000;\"><strong>Lieux d\u2019examen Section \u00ab\u00a0E,F,G,H\u00a0\u00bb par salles et Amphis :<\/strong><\/span><\/span><\/p>\n<p><a href=\"http:\/\/fsecsg.ummto.dz\/wp-content\/uploads\/2019\/06\/Section-E.pdf\"><span style=\"color: #000000;\"><strong>SECTION E<\/strong><\/span><\/a><\/p>\n<p><a href=\"http:\/\/fsecsg.ummto.dz\/wp-content\/uploads\/2019\/06\/Section-F.pdf\"><span style=\"color: #000000;\"><strong>SECTION F<\/strong><\/span><\/a><\/p>\n<p><span style=\"color: #000000;\"><a style=\"color: #000000;\" href=\"http:\/\/fsecsg.ummto.dz\/wp-content\/uploads\/2019\/06\/Section-G.pdf\"><strong>SECTION G<\/strong><\/a><\/span><\/p>\n<p><a href=\"http:\/\/fsecsg.ummto.dz\/wp-content\/uploads\/2019\/06\/Section-H.pdf\"><span style=\"color: #000000;\"><strong>SECTION H<\/strong><\/span><\/a><\/p>\n<p><strong><span style=\"color: #000000;\"><a href=\"http:\/\/fsecsg.ummto.dz\/wp-content\/uploads\/2019\/06\/D1TC.pdf\">Planning des examens de dettes <span style=\"color: #ff0000;\">(session 1)<\/span><\/a>\u00a0<\/span><\/strong><\/p>\n<p><a href=\"http:\/\/fsecsg.ummto.dz\/liste-des-etudiants-44\/\"><span style=\"color: #ff0000;\"><strong>Liste des \u00e9tudiants par Modules et d\u00e9partements\u00a0\u00a0<\/strong><\/span><\/a><\/p>\n","protected":false},"excerpt":{"rendered":"<p>Rattrapage: Semestre 1: Planning des examens de rattrapage semestre 1 Lieux d&rsquo;examens\u00a0 Planning des examens de dettes(2\u00e8me session) Information aux \u00e9tudiants concern\u00e9s par le report des examens\u00a0 de 1 \u00e8re Ann\u00e9e dette (session 02) Semestre 1 pour le Dimanche 03\/11\/2019 et Lundi 04\/11\/2019\u00a0 Semestre 2: Planning des examens de rattrapage semestre 2 Lieux d&rsquo;examens\u00a0 Planning [&hellip;]<\/p>\n","protected":false},"author":1,"featured_media":0,"parent":0,"menu_order":0,"comment_status":"closed","ping_status":"closed","template":"","meta":{"_et_pb_use_builder":"","_et_pb_old_content":"","_et_gb_content_width":"","footnotes":""},"class_list":["post-20610","page","type-page","status-publish","hentry"],"yoast_head":"<!-- This site is optimized with the Yoast SEO plugin v27.3 - https:\/\/yoast.com\/product\/yoast-seo-wordpress\/ -->\n<title>Ann\u00e9e 2018\/2019 - Facult\u00e9 des Sciences Economiques, Commerciales et des Sciences de Gestion<\/title>\n<meta name=\"robots\" content=\"index, follow, max-snippet:-1, max-image-preview:large, max-video-preview:-1\" \/>\n<link rel=\"canonical\" href=\"https:\/\/www.ummto.dz\/fsecsg\/annee-2018-2019-59\/\" \/>\n<meta property=\"og:locale\" content=\"fr_FR\" \/>\n<meta property=\"og:type\" content=\"article\" \/>\n<meta property=\"og:title\" content=\"Ann\u00e9e 2018\/2019 - Facult\u00e9 des Sciences Economiques, Commerciales et des Sciences de Gestion\" \/>\n<meta property=\"og:description\" content=\"Rattrapage: Semestre 1: Planning des examens de rattrapage semestre 1 Lieux d&rsquo;examens\u00a0 Planning des examens de dettes(2\u00e8me session) Information aux \u00e9tudiants concern\u00e9s par le report des examens\u00a0 de 1 \u00e8re Ann\u00e9e dette (session 02) Semestre 1 pour le Dimanche 03\/11\/2019 et Lundi 04\/11\/2019\u00a0 Semestre 2: Planning des examens de rattrapage semestre 2 Lieux d&rsquo;examens\u00a0 Planning [&hellip;]\" \/>\n<meta property=\"og:url\" content=\"https:\/\/www.ummto.dz\/fsecsg\/annee-2018-2019-59\/\" \/>\n<meta property=\"og:site_name\" content=\"Facult\u00e9 des Sciences Economiques, Commerciales et des Sciences de Gestion\" \/>\n<meta property=\"article:modified_time\" content=\"2020-02-27T08:58:13+00:00\" \/>\n<meta property=\"og:image\" content=\"http:\/\/fsecsg.ummto.dz\/wp-content\/uploads\/2019\/01\/rubon7903-ed895.gif\" \/>\n<meta name=\"twitter:card\" content=\"summary_large_image\" \/>\n<meta name=\"twitter:label1\" content=\"Dur\u00e9e de lecture estim\u00e9e\" \/>\n\t<meta name=\"twitter:data1\" content=\"1 minute\" \/>\n<script type=\"application\/ld+json\" class=\"yoast-schema-graph\">{\"@context\":\"https:\\\/\\\/schema.org\",\"@graph\":[{\"@type\":\"WebPage\",\"@id\":\"https:\\\/\\\/www.ummto.dz\\\/fsecsg\\\/annee-2018-2019-59\\\/\",\"url\":\"https:\\\/\\\/www.ummto.dz\\\/fsecsg\\\/annee-2018-2019-59\\\/\",\"name\":\"Ann\u00e9e 2018\\\/2019 - Facult\u00e9 des Sciences Economiques, Commerciales et des Sciences de Gestion\",\"isPartOf\":{\"@id\":\"https:\\\/\\\/www.ummto.dz\\\/fsecsg\\\/#website\"},\"primaryImageOfPage\":{\"@id\":\"https:\\\/\\\/www.ummto.dz\\\/fsecsg\\\/annee-2018-2019-59\\\/#primaryimage\"},\"image\":{\"@id\":\"https:\\\/\\\/www.ummto.dz\\\/fsecsg\\\/annee-2018-2019-59\\\/#primaryimage\"},\"thumbnailUrl\":\"http:\\\/\\\/fsecsg.ummto.dz\\\/wp-content\\\/uploads\\\/2019\\\/01\\\/rubon7903-ed895.gif\",\"datePublished\":\"2020-02-27T08:55:10+00:00\",\"dateModified\":\"2020-02-27T08:58:13+00:00\",\"breadcrumb\":{\"@id\":\"https:\\\/\\\/www.ummto.dz\\\/fsecsg\\\/annee-2018-2019-59\\\/#breadcrumb\"},\"inLanguage\":\"fr-FR\",\"potentialAction\":[{\"@type\":\"ReadAction\",\"target\":[\"https:\\\/\\\/www.ummto.dz\\\/fsecsg\\\/annee-2018-2019-59\\\/\"]}]},{\"@type\":\"ImageObject\",\"inLanguage\":\"fr-FR\",\"@id\":\"https:\\\/\\\/www.ummto.dz\\\/fsecsg\\\/annee-2018-2019-59\\\/#primaryimage\",\"url\":\"http:\\\/\\\/fsecsg.ummto.dz\\\/wp-content\\\/uploads\\\/2019\\\/01\\\/rubon7903-ed895.gif\",\"contentUrl\":\"http:\\\/\\\/fsecsg.ummto.dz\\\/wp-content\\\/uploads\\\/2019\\\/01\\\/rubon7903-ed895.gif\"},{\"@type\":\"BreadcrumbList\",\"@id\":\"https:\\\/\\\/www.ummto.dz\\\/fsecsg\\\/annee-2018-2019-59\\\/#breadcrumb\",\"itemListElement\":[{\"@type\":\"ListItem\",\"position\":1,\"name\":\"Accueil\",\"item\":\"https:\\\/\\\/www.ummto.dz\\\/fsecsg\\\/\"},{\"@type\":\"ListItem\",\"position\":2,\"name\":\"Ann\u00e9e 2018\\\/2019\"}]},{\"@type\":\"WebSite\",\"@id\":\"https:\\\/\\\/www.ummto.dz\\\/fsecsg\\\/#website\",\"url\":\"https:\\\/\\\/www.ummto.dz\\\/fsecsg\\\/\",\"name\":\"Facult\u00e9 des Sciences Economiques, Commerciales et des Sciences de Gestion\",\"description\":\"Universit\u00e9 Mouloud Mammeri de Tizi Ouzou\",\"potentialAction\":[{\"@type\":\"SearchAction\",\"target\":{\"@type\":\"EntryPoint\",\"urlTemplate\":\"https:\\\/\\\/www.ummto.dz\\\/fsecsg\\\/?s={search_term_string}\"},\"query-input\":{\"@type\":\"PropertyValueSpecification\",\"valueRequired\":true,\"valueName\":\"search_term_string\"}}],\"inLanguage\":\"fr-FR\"}]}<\/script>\n<!-- \/ Yoast SEO plugin. -->","yoast_head_json":{"title":"Ann\u00e9e 2018\/2019 - Facult\u00e9 des Sciences Economiques, Commerciales et des Sciences de Gestion","robots":{"index":"index","follow":"follow","max-snippet":"max-snippet:-1","max-image-preview":"max-image-preview:large","max-video-preview":"max-video-preview:-1"},"canonical":"https:\/\/www.ummto.dz\/fsecsg\/annee-2018-2019-59\/","og_locale":"fr_FR","og_type":"article","og_title":"Ann\u00e9e 2018\/2019 - Facult\u00e9 des Sciences Economiques, Commerciales et des Sciences de Gestion","og_description":"Rattrapage: Semestre 1: Planning des examens de rattrapage semestre 1 Lieux d&rsquo;examens\u00a0 Planning des examens de dettes(2\u00e8me session) Information aux \u00e9tudiants concern\u00e9s par le report des examens\u00a0 de 1 \u00e8re Ann\u00e9e dette (session 02) Semestre 1 pour le Dimanche 03\/11\/2019 et Lundi 04\/11\/2019\u00a0 Semestre 2: Planning des examens de rattrapage semestre 2 Lieux d&rsquo;examens\u00a0 Planning [&hellip;]","og_url":"https:\/\/www.ummto.dz\/fsecsg\/annee-2018-2019-59\/","og_site_name":"Facult\u00e9 des Sciences Economiques, Commerciales et des Sciences de Gestion","article_modified_time":"2020-02-27T08:58:13+00:00","og_image":[{"url":"http:\/\/fsecsg.ummto.dz\/wp-content\/uploads\/2019\/01\/rubon7903-ed895.gif","type":"","width":"","height":""}],"twitter_card":"summary_large_image","twitter_misc":{"Dur\u00e9e de lecture estim\u00e9e":"1 minute"},"schema":{"@context":"https:\/\/schema.org","@graph":[{"@type":"WebPage","@id":"https:\/\/www.ummto.dz\/fsecsg\/annee-2018-2019-59\/","url":"https:\/\/www.ummto.dz\/fsecsg\/annee-2018-2019-59\/","name":"Ann\u00e9e 2018\/2019 - Facult\u00e9 des Sciences Economiques, Commerciales et des Sciences de Gestion","isPartOf":{"@id":"https:\/\/www.ummto.dz\/fsecsg\/#website"},"primaryImageOfPage":{"@id":"https:\/\/www.ummto.dz\/fsecsg\/annee-2018-2019-59\/#primaryimage"},"image":{"@id":"https:\/\/www.ummto.dz\/fsecsg\/annee-2018-2019-59\/#primaryimage"},"thumbnailUrl":"http:\/\/fsecsg.ummto.dz\/wp-content\/uploads\/2019\/01\/rubon7903-ed895.gif","datePublished":"2020-02-27T08:55:10+00:00","dateModified":"2020-02-27T08:58:13+00:00","breadcrumb":{"@id":"https:\/\/www.ummto.dz\/fsecsg\/annee-2018-2019-59\/#breadcrumb"},"inLanguage":"fr-FR","potentialAction":[{"@type":"ReadAction","target":["https:\/\/www.ummto.dz\/fsecsg\/annee-2018-2019-59\/"]}]},{"@type":"ImageObject","inLanguage":"fr-FR","@id":"https:\/\/www.ummto.dz\/fsecsg\/annee-2018-2019-59\/#primaryimage","url":"http:\/\/fsecsg.ummto.dz\/wp-content\/uploads\/2019\/01\/rubon7903-ed895.gif","contentUrl":"http:\/\/fsecsg.ummto.dz\/wp-content\/uploads\/2019\/01\/rubon7903-ed895.gif"},{"@type":"BreadcrumbList","@id":"https:\/\/www.ummto.dz\/fsecsg\/annee-2018-2019-59\/#breadcrumb","itemListElement":[{"@type":"ListItem","position":1,"name":"Accueil","item":"https:\/\/www.ummto.dz\/fsecsg\/"},{"@type":"ListItem","position":2,"name":"Ann\u00e9e 2018\/2019"}]},{"@type":"WebSite","@id":"https:\/\/www.ummto.dz\/fsecsg\/#website","url":"https:\/\/www.ummto.dz\/fsecsg\/","name":"Facult\u00e9 des Sciences Economiques, Commerciales et des Sciences de Gestion","description":"Universit\u00e9 Mouloud Mammeri de Tizi Ouzou","potentialAction":[{"@type":"SearchAction","target":{"@type":"EntryPoint","urlTemplate":"https:\/\/www.ummto.dz\/fsecsg\/?s={search_term_string}"},"query-input":{"@type":"PropertyValueSpecification","valueRequired":true,"valueName":"search_term_string"}}],"inLanguage":"fr-FR"}]}},"_links":{"self":[{"href":"https:\/\/www.ummto.dz\/fsecsg\/wp-json\/wp\/v2\/pages\/20610","targetHints":{"allow":["GET"]}}],"collection":[{"href":"https:\/\/www.ummto.dz\/fsecsg\/wp-json\/wp\/v2\/pages"}],"about":[{"href":"https:\/\/www.ummto.dz\/fsecsg\/wp-json\/wp\/v2\/types\/page"}],"author":[{"embeddable":true,"href":"https:\/\/www.ummto.dz\/fsecsg\/wp-json\/wp\/v2\/users\/1"}],"replies":[{"embeddable":true,"href":"https:\/\/www.ummto.dz\/fsecsg\/wp-json\/wp\/v2\/comments?post=20610"}],"version-history":[{"count":2,"href":"https:\/\/www.ummto.dz\/fsecsg\/wp-json\/wp\/v2\/pages\/20610\/revisions"}],"predecessor-version":[{"id":20615,"href":"https:\/\/www.ummto.dz\/fsecsg\/wp-json\/wp\/v2\/pages\/20610\/revisions\/20615"}],"wp:attachment":[{"href":"https:\/\/www.ummto.dz\/fsecsg\/wp-json\/wp\/v2\/media?parent=20610"}],"curies":[{"name":"wp","href":"https:\/\/api.w.org\/{rel}","templated":true}]}}