{"id":20618,"date":"2020-02-27T10:00:39","date_gmt":"2020-02-27T09:00:39","guid":{"rendered":"http:\/\/fsecsg.ummto.dz\/?page_id=20618"},"modified":"2021-01-25T15:20:51","modified_gmt":"2021-01-25T14:20:51","slug":"annee-2019-2020-39","status":"publish","type":"page","link":"https:\/\/www.ummto.dz\/fsecsg\/annee-2019-2020-39\/","title":{"rendered":"Ann\u00e9e 2019\/2020"},"content":{"rendered":"<ul>\n<li>\n<p class=\"post-title entry-title\"><span style=\"color: #000000;\"><a style=\"color: #000000;\" href=\"http:\/\/fsecsg.ummto.dz\/wp-content\/uploads\/2021\/01\/Planning-des-examens-de-rattrapage-remplacement-de-1ere-Annee-LMD.pdf\"><span style=\"font-family: 'arial black', sans-serif;\"><strong><span style=\"font-size: 14pt;\"><img decoding=\"async\" class=\"alignnone size-full wp-image-31467\" src=\"http:\/\/fsecsg.ummto.dz\/wp-content\/uploads\/2020\/12\/rubon7903-ed895.gif\" alt=\"\" width=\"55\" height=\"55\" srcset=\"https:\/\/www.ummto.dz\/fsecsg\/wp-content\/uploads\/2020\/12\/rubon7903-ed895.gif 55w, https:\/\/www.ummto.dz\/fsecsg\/wp-content\/uploads\/2020\/12\/rubon7903-ed895-45x45.gif 45w\" sizes=\"(max-width: 55px) 100vw, 55px\" \/>Planning des examens de rattrapage (remplacement) de 1\u00e8re Ann\u00e9e LMD\u00a0 pour le <span style=\"color: #ff0000;\">Mercredi 27\/01\/2021<\/span> et le <span style=\"color: #ff0000;\">Jeudi 28\/01\/2021<\/span>.<\/span><\/strong><\/span><\/a><\/span><\/p>\n<\/li>\n<li><img decoding=\"async\" class=\"alignnone size-full wp-image-21562\" src=\"http:\/\/fsecsg.ummto.dz\/wp-content\/uploads\/2020\/04\/rubon7903-ed895.gif\" alt=\"\" width=\"55\" height=\"55\" srcset=\"https:\/\/www.ummto.dz\/fsecsg\/wp-content\/uploads\/2020\/04\/rubon7903-ed895.gif 55w, https:\/\/www.ummto.dz\/fsecsg\/wp-content\/uploads\/2020\/04\/rubon7903-ed895-45x45.gif 45w\" sizes=\"(max-width: 55px) 100vw, 55px\" \/><span style=\"text-decoration: underline;\"><span style=\"font-size: 14pt; color: #ff0000;\"><strong>Plannings des examens de rattrapage :<\/strong><\/span><\/span><\/li>\n<\/ul>\n<p><span style=\"font-size: 14pt; color: #000000;\"><strong><a style=\"color: #000000;\" href=\"http:\/\/fsecsg.ummto.dz\/wp-content\/uploads\/2020\/12\/1TC_compressed.pdf\">Planning des examens de rattrapage 1\u00e8re Ann\u00e9e LMD<\/a>\u00a0<\/strong><\/span><\/p>\n<ul>\n<li><span style=\"color: #000000;\"><a style=\"color: #000000;\" href=\"http:\/\/fsecsg.ummto.dz\/wp-content\/uploads\/2020\/12\/Lieux-1TC_Rattrapage-1.pdf\"><strong><span style=\"font-size: 14pt;\">Lieux des examens de rattrapage 1\u00e8re Ann\u00e9e LMD\u00a0<\/span><\/strong><\/a><\/span><\/li>\n<\/ul>\n<p><span style=\"color: #000000;\"><a style=\"color: #000000;\" href=\"http:\/\/fsecsg.ummto.dz\/wp-content\/uploads\/2020\/12\/D.1TC.pdf\"><span style=\"font-size: 14pt;\"><strong>Planning des examens de dettes 1\u00e8re Ann\u00e9e LMD (2\u00e8me session)<\/strong><\/span><\/a><\/span><\/p>\n<p>&nbsp;<\/p>\n<p class=\"post-title entry-title\"><a href=\"http:\/\/fsecsg.ummto.dz\/wp-content\/uploads\/2020\/11\/Information-aux-etudiants-de-1ere-Annee-LMD.pdf\"><strong><span style=\"font-size: 14pt;\"><span style=\"color: #000000;\"><span style=\"color: #0000ff;\"><img decoding=\"async\" class=\"alignnone size-full wp-image-26431\" src=\"http:\/\/fsecsg.ummto.dz\/wp-content\/uploads\/2020\/10\/rubon5721.gif\" alt=\"\" width=\"63\" height=\"34\" \/><span style=\"color: #000000;\">Information aux \u00e9tudiants de<\/span> 1\u00e8re Ann\u00e9e Tronc Commun<\/span> : Les examens du <span style=\"color: #ff0000;\">Samedi 14\/11\/2020<\/span> sont report\u00e9s au <span style=\"color: #ff0000;\">Dimanche 29\/11\/2020 <span style=\"color: #339966;\">m\u00eames lieux et m\u00eames \u00a0horaires<\/span><\/span><\/span><\/span><\/strong><\/a><\/p>\n<ul>\n<li><img decoding=\"async\" class=\"alignnone size-full wp-image-21562\" src=\"http:\/\/fsecsg.ummto.dz\/wp-content\/uploads\/2020\/04\/rubon7903-ed895.gif\" alt=\"\" width=\"55\" height=\"55\" srcset=\"https:\/\/www.ummto.dz\/fsecsg\/wp-content\/uploads\/2020\/04\/rubon7903-ed895.gif 55w, https:\/\/www.ummto.dz\/fsecsg\/wp-content\/uploads\/2020\/04\/rubon7903-ed895-45x45.gif 45w\" sizes=\"(max-width: 55px) 100vw, 55px\" \/><span style=\"text-decoration: underline;\"><span style=\"font-size: 14pt; color: #ff0000;\"><strong>Plannings des examens Semestre 1,Semestre 2 et de dettes:<\/strong><\/span><\/span><\/li>\n<\/ul>\n<p><a href=\"http:\/\/fsecsg.ummto.dz\/wp-content\/uploads\/2020\/11\/1TC-1.pdf\"><span style=\"color: #000000;\"><strong><span style=\"font-size: 14pt;\">Planning des examens 1\u00e8re Ann\u00e9e LMD<\/span><\/strong><\/span><\/a><\/p>\n<p><span style=\"color: #000000;\"><a style=\"color: #000000;\" href=\"http:\/\/fsecsg.ummto.dz\/wp-content\/uploads\/2020\/10\/Lieux-1TC.pdf\"><span style=\"font-size: 14pt;\"><strong><span style=\"color: #0000ff;\">Lieux d&rsquo;examens<\/span> Section E,F,G et H<\/strong><\/span><\/a><\/span><\/p>\n<ul>\n<li><a href=\"http:\/\/fsecsg.ummto.dz\/wp-content\/uploads\/2020\/11\/E_compressed.pdf\"><span style=\"color: #000000;\"><strong><span style=\"font-size: 14pt;\">SECTION E<\/span><\/strong><\/span><\/a><\/li>\n<li><a href=\"http:\/\/fsecsg.ummto.dz\/wp-content\/uploads\/2020\/11\/F_compressed.pdf\"><span style=\"color: #000000;\"><span style=\"font-size: 14pt;\"><strong>SECTION F<\/strong><\/span><\/span><\/a><\/li>\n<li><a href=\"http:\/\/fsecsg.ummto.dz\/wp-content\/uploads\/2020\/11\/G_compressed.pdf\"><span style=\"color: #000000;\"><span style=\"font-size: 14pt;\"><strong>SECTION G<\/strong><\/span><\/span><\/a><\/li>\n<li><a href=\"http:\/\/fsecsg.ummto.dz\/wp-content\/uploads\/2020\/11\/H_compressed.pdf\"><span style=\"color: #000000;\"><span style=\"font-size: 14pt;\"><strong>SECTION H<\/strong><\/span><\/span><\/a><\/li>\n<\/ul>\n<p><span style=\"color: #000000; font-size: 14pt;\"><strong><a style=\"color: #000000;\" href=\"http:\/\/fsecsg.ummto.dz\/wp-content\/uploads\/2020\/11\/D.1TC.pdf\">Planning des examens\u00a0 de dettes 1\u00e8re Ann\u00e9e LMD<\/a><\/strong><\/span><\/p>\n<p>&nbsp;<\/p>\n<ul>\n<li><span style=\"text-decoration: underline;\"><span style=\"font-family: 'times new roman', times, serif; font-size: 14pt; color: #ff0000;\"><strong>Semestre 1:<\/strong><\/span><\/span><\/li>\n<li><a href=\"http:\/\/fsecsg.ummto.dz\/wp-content\/uploads\/2020\/03\/Nouveau-planning-des-examens-semestre-1-SC.pdf\"><span style=\"color: #000000; font-size: 14pt; font-family: 'times new roman', times, serif;\"><strong>Nouveau planning des examens semestre 1<\/strong><\/span><\/a><\/li>\n<\/ul>\n<p><span style=\"color: #ff0000;\"><strong>Liste des \u00e9tudiants Section \u00ab\u00a0E,F,G et H\u00a0\u00bb par Salles et Amphis:<\/strong><\/span><\/p>\n<ul>\n<li><span style=\"color: #000000;\"><a style=\"color: #000000;\" href=\"http:\/\/fsecsg.ummto.dz\/wp-content\/uploads\/2020\/03\/SECTION-E.pdf\"><strong>Section \u00ab\u00a0E\u00a0\u00bb\/<\/strong><\/a><a style=\"color: #000000;\" href=\"http:\/\/fsecsg.ummto.dz\/wp-content\/uploads\/2020\/03\/LA-SUITE-E.pdf\"><strong>La suite\u00a0<\/strong><\/a><\/span><\/li>\n<\/ul>\n<ul>\n<li><span style=\"color: #000000;\"><strong><span style=\"color: #000000;\"><a style=\"color: #000000;\" href=\"http:\/\/fsecsg.ummto.dz\/wp-content\/uploads\/2020\/03\/Section-F_compressed.pdf\">Section \u00ab\u00a0F\u00a0\u00bb<\/a><\/span>\/<\/strong><a style=\"color: #000000;\" href=\"http:\/\/fsecsg.ummto.dz\/wp-content\/uploads\/2020\/03\/La-suite-section-F.pdf\"><strong>La suite\u00a0<\/strong><\/a><\/span><\/li>\n<\/ul>\n<ul>\n<li><span style=\"color: #000000;\"><a style=\"color: #000000;\" href=\"http:\/\/fsecsg.ummto.dz\/wp-content\/uploads\/2020\/03\/SECTION-G-.pdf\"><strong>Section \u00ab\u00a0G\u00a0\u00bb\/<\/strong><\/a><a style=\"color: #000000;\" href=\"http:\/\/fsecsg.ummto.dz\/wp-content\/uploads\/2020\/03\/LA-SUITE-G.pdf\"><strong>La suite\u00a0<\/strong><\/a><\/span><\/li>\n<\/ul>\n<ul>\n<li><a href=\"http:\/\/fsecsg.ummto.dz\/wp-content\/uploads\/2020\/03\/SECTION-H.pdf\"><span style=\"color: #000000;\"><strong>Section \u00ab\u00a0H\u00a0\u00bb\/<\/strong><\/span><\/a><a href=\"http:\/\/fsecsg.ummto.dz\/wp-content\/uploads\/2020\/03\/LA-SUITE-SECTION-H.pdf\"><span style=\"color: #000000;\"><strong>La suite\u00a0<\/strong><\/span><\/a><\/li>\n<\/ul>\n<p>&nbsp;<\/p>\n<p><span style=\"font-size: 14pt; font-family: 'times new roman', times, serif;\"><a href=\"http:\/\/fsecsg.ummto.dz\/wp-content\/uploads\/2020\/03\/1TC.pdf\"><span style=\"color: #000000;\"><strong>Planning des examens semestre 1<\/strong><\/span><\/a><\/span><\/p>\n<p>&nbsp;<\/p>\n<p>&nbsp;<\/p>\n<p>&nbsp;<\/p>\n","protected":false},"excerpt":{"rendered":"<p>Planning des examens de rattrapage (remplacement) de 1\u00e8re Ann\u00e9e LMD\u00a0 pour le Mercredi 27\/01\/2021 et le Jeudi 28\/01\/2021. Plannings des examens de rattrapage : Planning des examens de rattrapage 1\u00e8re Ann\u00e9e LMD\u00a0 Lieux des examens de rattrapage 1\u00e8re Ann\u00e9e LMD\u00a0 Planning des examens de dettes 1\u00e8re Ann\u00e9e LMD (2\u00e8me session) &nbsp; Information aux \u00e9tudiants de [&hellip;]<\/p>\n","protected":false},"author":1,"featured_media":0,"parent":0,"menu_order":0,"comment_status":"closed","ping_status":"closed","template":"","meta":{"_et_pb_use_builder":"","_et_pb_old_content":"","_et_gb_content_width":"","footnotes":""},"class_list":["post-20618","page","type-page","status-publish","hentry"],"yoast_head":"<!-- This site is optimized with the Yoast SEO plugin v27.5 - https:\/\/yoast.com\/product\/yoast-seo-wordpress\/ -->\n<title>Ann\u00e9e 2019\/2020 - Facult\u00e9 des Sciences Economiques, Commerciales et des Sciences de Gestion<\/title>\n<meta name=\"robots\" content=\"index, follow, max-snippet:-1, max-image-preview:large, max-video-preview:-1\" \/>\n<link rel=\"canonical\" href=\"https:\/\/www.ummto.dz\/fsecsg\/annee-2019-2020-39\/\" \/>\n<meta property=\"og:locale\" content=\"fr_FR\" \/>\n<meta property=\"og:type\" content=\"article\" \/>\n<meta property=\"og:title\" content=\"Ann\u00e9e 2019\/2020 - Facult\u00e9 des Sciences Economiques, Commerciales et des Sciences de Gestion\" \/>\n<meta property=\"og:description\" content=\"Planning des examens de rattrapage (remplacement) de 1\u00e8re Ann\u00e9e LMD\u00a0 pour le Mercredi 27\/01\/2021 et le Jeudi 28\/01\/2021. Plannings des examens de rattrapage : Planning des examens de rattrapage 1\u00e8re Ann\u00e9e LMD\u00a0 Lieux des examens de rattrapage 1\u00e8re Ann\u00e9e LMD\u00a0 Planning des examens de dettes 1\u00e8re Ann\u00e9e LMD (2\u00e8me session) &nbsp; Information aux \u00e9tudiants de [&hellip;]\" \/>\n<meta property=\"og:url\" content=\"https:\/\/www.ummto.dz\/fsecsg\/annee-2019-2020-39\/\" \/>\n<meta property=\"og:site_name\" content=\"Facult\u00e9 des Sciences Economiques, Commerciales et des Sciences de Gestion\" \/>\n<meta property=\"article:modified_time\" content=\"2021-01-25T14:20:51+00:00\" \/>\n<meta property=\"og:image\" content=\"http:\/\/fsecsg.ummto.dz\/wp-content\/uploads\/2020\/12\/rubon7903-ed895.gif\" \/>\n<meta name=\"twitter:card\" content=\"summary_large_image\" \/>\n<meta name=\"twitter:label1\" content=\"Dur\u00e9e de lecture estim\u00e9e\" \/>\n\t<meta name=\"twitter:data1\" content=\"2 minutes\" \/>\n<script type=\"application\/ld+json\" class=\"yoast-schema-graph\">{\"@context\":\"https:\\\/\\\/schema.org\",\"@graph\":[{\"@type\":\"WebPage\",\"@id\":\"https:\\\/\\\/www.ummto.dz\\\/fsecsg\\\/annee-2019-2020-39\\\/\",\"url\":\"https:\\\/\\\/www.ummto.dz\\\/fsecsg\\\/annee-2019-2020-39\\\/\",\"name\":\"Ann\u00e9e 2019\\\/2020 - Facult\u00e9 des Sciences Economiques, Commerciales et des Sciences de Gestion\",\"isPartOf\":{\"@id\":\"https:\\\/\\\/www.ummto.dz\\\/fsecsg\\\/#website\"},\"primaryImageOfPage\":{\"@id\":\"https:\\\/\\\/www.ummto.dz\\\/fsecsg\\\/annee-2019-2020-39\\\/#primaryimage\"},\"image\":{\"@id\":\"https:\\\/\\\/www.ummto.dz\\\/fsecsg\\\/annee-2019-2020-39\\\/#primaryimage\"},\"thumbnailUrl\":\"http:\\\/\\\/fsecsg.ummto.dz\\\/wp-content\\\/uploads\\\/2020\\\/12\\\/rubon7903-ed895.gif\",\"datePublished\":\"2020-02-27T09:00:39+00:00\",\"dateModified\":\"2021-01-25T14:20:51+00:00\",\"breadcrumb\":{\"@id\":\"https:\\\/\\\/www.ummto.dz\\\/fsecsg\\\/annee-2019-2020-39\\\/#breadcrumb\"},\"inLanguage\":\"fr-FR\",\"potentialAction\":[{\"@type\":\"ReadAction\",\"target\":[\"https:\\\/\\\/www.ummto.dz\\\/fsecsg\\\/annee-2019-2020-39\\\/\"]}]},{\"@type\":\"ImageObject\",\"inLanguage\":\"fr-FR\",\"@id\":\"https:\\\/\\\/www.ummto.dz\\\/fsecsg\\\/annee-2019-2020-39\\\/#primaryimage\",\"url\":\"http:\\\/\\\/fsecsg.ummto.dz\\\/wp-content\\\/uploads\\\/2020\\\/12\\\/rubon7903-ed895.gif\",\"contentUrl\":\"http:\\\/\\\/fsecsg.ummto.dz\\\/wp-content\\\/uploads\\\/2020\\\/12\\\/rubon7903-ed895.gif\"},{\"@type\":\"BreadcrumbList\",\"@id\":\"https:\\\/\\\/www.ummto.dz\\\/fsecsg\\\/annee-2019-2020-39\\\/#breadcrumb\",\"itemListElement\":[{\"@type\":\"ListItem\",\"position\":1,\"name\":\"Accueil\",\"item\":\"https:\\\/\\\/www.ummto.dz\\\/fsecsg\\\/\"},{\"@type\":\"ListItem\",\"position\":2,\"name\":\"Ann\u00e9e 2019\\\/2020\"}]},{\"@type\":\"WebSite\",\"@id\":\"https:\\\/\\\/www.ummto.dz\\\/fsecsg\\\/#website\",\"url\":\"https:\\\/\\\/www.ummto.dz\\\/fsecsg\\\/\",\"name\":\"Facult\u00e9 des Sciences Economiques, Commerciales et des Sciences de Gestion\",\"description\":\"Universit\u00e9 Mouloud Mammeri de Tizi Ouzou\",\"potentialAction\":[{\"@type\":\"SearchAction\",\"target\":{\"@type\":\"EntryPoint\",\"urlTemplate\":\"https:\\\/\\\/www.ummto.dz\\\/fsecsg\\\/?s={search_term_string}\"},\"query-input\":{\"@type\":\"PropertyValueSpecification\",\"valueRequired\":true,\"valueName\":\"search_term_string\"}}],\"inLanguage\":\"fr-FR\"}]}<\/script>\n<!-- \/ Yoast SEO plugin. -->","yoast_head_json":{"title":"Ann\u00e9e 2019\/2020 - Facult\u00e9 des Sciences Economiques, Commerciales et des Sciences de Gestion","robots":{"index":"index","follow":"follow","max-snippet":"max-snippet:-1","max-image-preview":"max-image-preview:large","max-video-preview":"max-video-preview:-1"},"canonical":"https:\/\/www.ummto.dz\/fsecsg\/annee-2019-2020-39\/","og_locale":"fr_FR","og_type":"article","og_title":"Ann\u00e9e 2019\/2020 - Facult\u00e9 des Sciences Economiques, Commerciales et des Sciences de Gestion","og_description":"Planning des examens de rattrapage (remplacement) de 1\u00e8re Ann\u00e9e LMD\u00a0 pour le Mercredi 27\/01\/2021 et le Jeudi 28\/01\/2021. Plannings des examens de rattrapage : Planning des examens de rattrapage 1\u00e8re Ann\u00e9e LMD\u00a0 Lieux des examens de rattrapage 1\u00e8re Ann\u00e9e LMD\u00a0 Planning des examens de dettes 1\u00e8re Ann\u00e9e LMD (2\u00e8me session) &nbsp; Information aux \u00e9tudiants de [&hellip;]","og_url":"https:\/\/www.ummto.dz\/fsecsg\/annee-2019-2020-39\/","og_site_name":"Facult\u00e9 des Sciences Economiques, Commerciales et des Sciences de Gestion","article_modified_time":"2021-01-25T14:20:51+00:00","og_image":[{"url":"http:\/\/fsecsg.ummto.dz\/wp-content\/uploads\/2020\/12\/rubon7903-ed895.gif","type":"","width":"","height":""}],"twitter_card":"summary_large_image","twitter_misc":{"Dur\u00e9e de lecture estim\u00e9e":"2 minutes"},"schema":{"@context":"https:\/\/schema.org","@graph":[{"@type":"WebPage","@id":"https:\/\/www.ummto.dz\/fsecsg\/annee-2019-2020-39\/","url":"https:\/\/www.ummto.dz\/fsecsg\/annee-2019-2020-39\/","name":"Ann\u00e9e 2019\/2020 - Facult\u00e9 des Sciences Economiques, Commerciales et des Sciences de Gestion","isPartOf":{"@id":"https:\/\/www.ummto.dz\/fsecsg\/#website"},"primaryImageOfPage":{"@id":"https:\/\/www.ummto.dz\/fsecsg\/annee-2019-2020-39\/#primaryimage"},"image":{"@id":"https:\/\/www.ummto.dz\/fsecsg\/annee-2019-2020-39\/#primaryimage"},"thumbnailUrl":"http:\/\/fsecsg.ummto.dz\/wp-content\/uploads\/2020\/12\/rubon7903-ed895.gif","datePublished":"2020-02-27T09:00:39+00:00","dateModified":"2021-01-25T14:20:51+00:00","breadcrumb":{"@id":"https:\/\/www.ummto.dz\/fsecsg\/annee-2019-2020-39\/#breadcrumb"},"inLanguage":"fr-FR","potentialAction":[{"@type":"ReadAction","target":["https:\/\/www.ummto.dz\/fsecsg\/annee-2019-2020-39\/"]}]},{"@type":"ImageObject","inLanguage":"fr-FR","@id":"https:\/\/www.ummto.dz\/fsecsg\/annee-2019-2020-39\/#primaryimage","url":"http:\/\/fsecsg.ummto.dz\/wp-content\/uploads\/2020\/12\/rubon7903-ed895.gif","contentUrl":"http:\/\/fsecsg.ummto.dz\/wp-content\/uploads\/2020\/12\/rubon7903-ed895.gif"},{"@type":"BreadcrumbList","@id":"https:\/\/www.ummto.dz\/fsecsg\/annee-2019-2020-39\/#breadcrumb","itemListElement":[{"@type":"ListItem","position":1,"name":"Accueil","item":"https:\/\/www.ummto.dz\/fsecsg\/"},{"@type":"ListItem","position":2,"name":"Ann\u00e9e 2019\/2020"}]},{"@type":"WebSite","@id":"https:\/\/www.ummto.dz\/fsecsg\/#website","url":"https:\/\/www.ummto.dz\/fsecsg\/","name":"Facult\u00e9 des Sciences Economiques, Commerciales et des Sciences de Gestion","description":"Universit\u00e9 Mouloud Mammeri de Tizi Ouzou","potentialAction":[{"@type":"SearchAction","target":{"@type":"EntryPoint","urlTemplate":"https:\/\/www.ummto.dz\/fsecsg\/?s={search_term_string}"},"query-input":{"@type":"PropertyValueSpecification","valueRequired":true,"valueName":"search_term_string"}}],"inLanguage":"fr-FR"}]}},"_links":{"self":[{"href":"https:\/\/www.ummto.dz\/fsecsg\/wp-json\/wp\/v2\/pages\/20618","targetHints":{"allow":["GET"]}}],"collection":[{"href":"https:\/\/www.ummto.dz\/fsecsg\/wp-json\/wp\/v2\/pages"}],"about":[{"href":"https:\/\/www.ummto.dz\/fsecsg\/wp-json\/wp\/v2\/types\/page"}],"author":[{"embeddable":true,"href":"https:\/\/www.ummto.dz\/fsecsg\/wp-json\/wp\/v2\/users\/1"}],"replies":[{"embeddable":true,"href":"https:\/\/www.ummto.dz\/fsecsg\/wp-json\/wp\/v2\/comments?post=20618"}],"version-history":[{"count":33,"href":"https:\/\/www.ummto.dz\/fsecsg\/wp-json\/wp\/v2\/pages\/20618\/revisions"}],"predecessor-version":[{"id":35966,"href":"https:\/\/www.ummto.dz\/fsecsg\/wp-json\/wp\/v2\/pages\/20618\/revisions\/35966"}],"wp:attachment":[{"href":"https:\/\/www.ummto.dz\/fsecsg\/wp-json\/wp\/v2\/media?parent=20618"}],"curies":[{"name":"wp","href":"https:\/\/api.w.org\/{rel}","templated":true}]}}