{"id":20626,"date":"2020-02-27T10:06:55","date_gmt":"2020-02-27T09:06:55","guid":{"rendered":"http:\/\/fsecsg.ummto.dz\/?page_id=20626"},"modified":"2020-02-27T10:08:29","modified_gmt":"2020-02-27T09:08:29","slug":"annee-2018-2019-60","status":"publish","type":"page","link":"https:\/\/www.ummto.dz\/fsecsg\/annee-2018-2019-60\/","title":{"rendered":"Ann\u00e9e 2018\/2019"},"content":{"rendered":"<ul>\n<li><span style=\"text-decoration: underline;\"><span style=\"color: #ff0000; text-decoration: underline;\"><strong>Rattrapage:<\/strong><\/span><\/span><\/li>\n<li><span style=\"text-decoration: underline;\"><span style=\"color: #ff0000; text-decoration: underline;\"><strong>Semestre 3:<\/strong><\/span><\/span><\/li>\n<\/ul>\n<p><a href=\"http:\/\/fsecsg.ummto.dz\/wp-content\/uploads\/2019\/10\/2E.pdf\"><span style=\"color: #000000;\"><strong>Planning des examens de rattrapage semestre 3<\/strong><\/span><\/a><\/p>\n<p><a href=\"http:\/\/fsecsg.ummto.dz\/wp-content\/uploads\/2019\/10\/D.2E.pdf\"><span style=\"color: #000000;\"><strong>Planning des examens de dettes <span style=\"color: #ff0000;\">(2\u00e8me session)<\/span><\/strong><\/span><\/a><\/p>\n<p>&nbsp;<\/p>\n<ul>\n<li><span style=\"text-decoration: underline;\"><span style=\"color: #ff0000; text-decoration: underline;\"><strong>Semestre 4:<\/strong><\/span><\/span><\/li>\n<\/ul>\n<p><a href=\"http:\/\/fsecsg.ummto.dz\/wp-content\/uploads\/2019\/09\/2E.pdf\"><span style=\"color: #000000;\"><strong>Planning des examens de rattrapage semestre 4<\/strong><\/span><\/a><\/p>\n<p><span style=\"color: #000000;\"><strong><a style=\"color: #000000;\" href=\"http:\/\/fsecsg.ummto.dz\/wp-content\/uploads\/2019\/09\/D.2E.pdf\">Planning des examens de dettes (<span style=\"color: #ff0000;\">2\u00e8me session)<\/span><\/a><\/strong><\/span><\/p>\n<p>&nbsp;<\/p>\n<ul>\n<li><span style=\"text-decoration: underline;\"><span style=\"color: #ff0000; text-decoration: underline;\"><strong>Semestre 3:<\/strong><\/span><\/span><\/li>\n<\/ul>\n<p><span style=\"text-decoration: underline;\"><span style=\"color: #ff0000; text-decoration: underline;\"><strong><span style=\"color: #000000; text-decoration: underline;\"><span style=\"color: #000080; text-decoration: underline;\"><a style=\"color: #000000; text-decoration: underline;\" href=\"http:\/\/fsecsg.ummto.dz\/wp-content\/uploads\/2019\/09\/remplacement-2\u00e8me-ann\u00e9e-LMD.pdf\">Planning des examens de remplacement Semestre 3<\/a><a href=\"http:\/\/fsecsg.ummto.dz\/wp-content\/uploads\/2019\/06\/2SE-1.pdf\"><br \/>\n<\/a><\/span><\/span><\/strong><\/span><\/span><\/p>\n<p><a href=\"http:\/\/fsecsg.ummto.dz\/wp-content\/uploads\/2019\/07\/2SE.pdf\"><span style=\"color: #000000;\"><strong>Planning des examens semestre 3<\/strong><\/span><\/a><\/p>\n<p><span style=\"color: #ff0000;\"><strong><a style=\"color: #ff0000;\" href=\"http:\/\/fsecsg.ummto.dz\/liste-des-etudiants-33\/\">Liste des \u00e9tudiants par lieux d&rsquo;examen 2 \u00e8me Ann\u00e9e LMD\u00a0<\/a><\/strong><\/span><\/p>\n<p><a href=\"http:\/\/fsecsg.ummto.dz\/wp-content\/uploads\/2019\/07\/D.2SE.pdf\"><span style=\"color: #000000;\"><strong>Planning des examens de dettes semestre 3 (session 1)<\/strong><\/span><\/a><\/p>\n<ul>\n<li><span style=\"text-decoration: underline;\"><span style=\"color: #ff0000; text-decoration: underline;\"><strong>Semestre 4:<\/strong><\/span><\/span><\/li>\n<\/ul>\n<p><span style=\"font-size: 14pt;\"><a href=\"http:\/\/fsecsg.ummto.dz\/wp-content\/uploads\/2019\/07\/Planning-des-examens-de-remplacement-2\u00e8me-ann\u00e9e-sciences-\u00e9conomiques-.pdf\"><span style=\"color: #000000;\"><strong><span style=\"font-size: 14pt; font-family: 'times new roman', times, serif;\">Planning des\u00a0 examens de remplacement 2 \u00e8me Ann\u00e9e LMD Section \u00ab\u00a0A et B<\/span>\u00ab\u00a0<\/strong><\/span><\/a><\/span><\/p>\n<p><span style=\"color: #000000;\"><strong><a style=\"color: #000000;\" href=\"http:\/\/fsecsg.ummto.dz\/wp-content\/uploads\/2019\/06\/2SE-1.pdf\">Planning des examens semestre 4<\/a><\/strong><\/span><\/p>\n<p><span style=\"color: #ff0000;\"><strong><a style=\"color: #ff0000;\" href=\"http:\/\/fsecsg.ummto.dz\/liste-des-etudiants-33\/\">Liste des \u00e9tudiants par lieux d&rsquo;examen 2 \u00e8me Ann\u00e9e LMD\u00a0<\/a><\/strong><\/span><\/p>\n<p><a href=\"http:\/\/fsecsg.ummto.dz\/wp-content\/uploads\/2019\/06\/D2E.pdf\"><span style=\"color: #000000;\"><strong>Planning des examens de dettes semestre 4 <span style=\"color: #ff0000;\">(session 1)\/<\/span><\/strong><\/span><\/a><a href=\"http:\/\/fsecsg.ummto.dz\/cours-de-dettes-2\/\"><span style=\"color: #000000;\"><strong>Cours de dettes Semestre 4<\/strong><\/span><\/a><\/p>\n","protected":false},"excerpt":{"rendered":"<p>Rattrapage: Semestre 3: Planning des examens de rattrapage semestre 3 Planning des examens de dettes (2\u00e8me session) &nbsp; Semestre 4: Planning des examens de rattrapage semestre 4 Planning des examens de dettes (2\u00e8me session) &nbsp; Semestre 3: Planning des examens de remplacement Semestre 3 Planning des examens semestre 3 Liste des \u00e9tudiants par lieux d&rsquo;examen [&hellip;]<\/p>\n","protected":false},"author":1,"featured_media":0,"parent":0,"menu_order":0,"comment_status":"closed","ping_status":"closed","template":"","meta":{"_et_pb_use_builder":"","_et_pb_old_content":"","_et_gb_content_width":"","footnotes":""},"class_list":["post-20626","page","type-page","status-publish","hentry"],"yoast_head":"<!-- This site is optimized with the Yoast SEO plugin v27.3 - https:\/\/yoast.com\/product\/yoast-seo-wordpress\/ -->\n<title>Ann\u00e9e 2018\/2019 - Facult\u00e9 des Sciences Economiques, Commerciales et des Sciences de Gestion<\/title>\n<meta name=\"robots\" content=\"index, follow, max-snippet:-1, max-image-preview:large, max-video-preview:-1\" \/>\n<link rel=\"canonical\" href=\"https:\/\/www.ummto.dz\/fsecsg\/annee-2018-2019-60\/\" \/>\n<meta property=\"og:locale\" content=\"fr_FR\" \/>\n<meta property=\"og:type\" content=\"article\" \/>\n<meta property=\"og:title\" content=\"Ann\u00e9e 2018\/2019 - Facult\u00e9 des Sciences Economiques, Commerciales et des Sciences de Gestion\" \/>\n<meta property=\"og:description\" content=\"Rattrapage: Semestre 3: Planning des examens de rattrapage semestre 3 Planning des examens de dettes (2\u00e8me session) &nbsp; Semestre 4: Planning des examens de rattrapage semestre 4 Planning des examens de dettes (2\u00e8me session) &nbsp; Semestre 3: Planning des examens de remplacement Semestre 3 Planning des examens semestre 3 Liste des \u00e9tudiants par lieux d&rsquo;examen [&hellip;]\" \/>\n<meta property=\"og:url\" content=\"https:\/\/www.ummto.dz\/fsecsg\/annee-2018-2019-60\/\" \/>\n<meta property=\"og:site_name\" content=\"Facult\u00e9 des Sciences Economiques, Commerciales et des Sciences de Gestion\" \/>\n<meta property=\"article:modified_time\" content=\"2020-02-27T09:08:29+00:00\" \/>\n<meta name=\"twitter:card\" content=\"summary_large_image\" \/>\n<script type=\"application\/ld+json\" class=\"yoast-schema-graph\">{\"@context\":\"https:\\\/\\\/schema.org\",\"@graph\":[{\"@type\":\"WebPage\",\"@id\":\"https:\\\/\\\/www.ummto.dz\\\/fsecsg\\\/annee-2018-2019-60\\\/\",\"url\":\"https:\\\/\\\/www.ummto.dz\\\/fsecsg\\\/annee-2018-2019-60\\\/\",\"name\":\"Ann\u00e9e 2018\\\/2019 - Facult\u00e9 des Sciences Economiques, Commerciales et des Sciences de Gestion\",\"isPartOf\":{\"@id\":\"https:\\\/\\\/www.ummto.dz\\\/fsecsg\\\/#website\"},\"datePublished\":\"2020-02-27T09:06:55+00:00\",\"dateModified\":\"2020-02-27T09:08:29+00:00\",\"breadcrumb\":{\"@id\":\"https:\\\/\\\/www.ummto.dz\\\/fsecsg\\\/annee-2018-2019-60\\\/#breadcrumb\"},\"inLanguage\":\"fr-FR\",\"potentialAction\":[{\"@type\":\"ReadAction\",\"target\":[\"https:\\\/\\\/www.ummto.dz\\\/fsecsg\\\/annee-2018-2019-60\\\/\"]}]},{\"@type\":\"BreadcrumbList\",\"@id\":\"https:\\\/\\\/www.ummto.dz\\\/fsecsg\\\/annee-2018-2019-60\\\/#breadcrumb\",\"itemListElement\":[{\"@type\":\"ListItem\",\"position\":1,\"name\":\"Accueil\",\"item\":\"https:\\\/\\\/www.ummto.dz\\\/fsecsg\\\/\"},{\"@type\":\"ListItem\",\"position\":2,\"name\":\"Ann\u00e9e 2018\\\/2019\"}]},{\"@type\":\"WebSite\",\"@id\":\"https:\\\/\\\/www.ummto.dz\\\/fsecsg\\\/#website\",\"url\":\"https:\\\/\\\/www.ummto.dz\\\/fsecsg\\\/\",\"name\":\"Facult\u00e9 des Sciences Economiques, Commerciales et des Sciences de Gestion\",\"description\":\"Universit\u00e9 Mouloud Mammeri de Tizi Ouzou\",\"potentialAction\":[{\"@type\":\"SearchAction\",\"target\":{\"@type\":\"EntryPoint\",\"urlTemplate\":\"https:\\\/\\\/www.ummto.dz\\\/fsecsg\\\/?s={search_term_string}\"},\"query-input\":{\"@type\":\"PropertyValueSpecification\",\"valueRequired\":true,\"valueName\":\"search_term_string\"}}],\"inLanguage\":\"fr-FR\"}]}<\/script>\n<!-- \/ Yoast SEO plugin. -->","yoast_head_json":{"title":"Ann\u00e9e 2018\/2019 - Facult\u00e9 des Sciences Economiques, Commerciales et des Sciences de Gestion","robots":{"index":"index","follow":"follow","max-snippet":"max-snippet:-1","max-image-preview":"max-image-preview:large","max-video-preview":"max-video-preview:-1"},"canonical":"https:\/\/www.ummto.dz\/fsecsg\/annee-2018-2019-60\/","og_locale":"fr_FR","og_type":"article","og_title":"Ann\u00e9e 2018\/2019 - Facult\u00e9 des Sciences Economiques, Commerciales et des Sciences de Gestion","og_description":"Rattrapage: Semestre 3: Planning des examens de rattrapage semestre 3 Planning des examens de dettes (2\u00e8me session) &nbsp; Semestre 4: Planning des examens de rattrapage semestre 4 Planning des examens de dettes (2\u00e8me session) &nbsp; Semestre 3: Planning des examens de remplacement Semestre 3 Planning des examens semestre 3 Liste des \u00e9tudiants par lieux d&rsquo;examen [&hellip;]","og_url":"https:\/\/www.ummto.dz\/fsecsg\/annee-2018-2019-60\/","og_site_name":"Facult\u00e9 des Sciences Economiques, Commerciales et des Sciences de Gestion","article_modified_time":"2020-02-27T09:08:29+00:00","twitter_card":"summary_large_image","schema":{"@context":"https:\/\/schema.org","@graph":[{"@type":"WebPage","@id":"https:\/\/www.ummto.dz\/fsecsg\/annee-2018-2019-60\/","url":"https:\/\/www.ummto.dz\/fsecsg\/annee-2018-2019-60\/","name":"Ann\u00e9e 2018\/2019 - Facult\u00e9 des Sciences Economiques, Commerciales et des Sciences de Gestion","isPartOf":{"@id":"https:\/\/www.ummto.dz\/fsecsg\/#website"},"datePublished":"2020-02-27T09:06:55+00:00","dateModified":"2020-02-27T09:08:29+00:00","breadcrumb":{"@id":"https:\/\/www.ummto.dz\/fsecsg\/annee-2018-2019-60\/#breadcrumb"},"inLanguage":"fr-FR","potentialAction":[{"@type":"ReadAction","target":["https:\/\/www.ummto.dz\/fsecsg\/annee-2018-2019-60\/"]}]},{"@type":"BreadcrumbList","@id":"https:\/\/www.ummto.dz\/fsecsg\/annee-2018-2019-60\/#breadcrumb","itemListElement":[{"@type":"ListItem","position":1,"name":"Accueil","item":"https:\/\/www.ummto.dz\/fsecsg\/"},{"@type":"ListItem","position":2,"name":"Ann\u00e9e 2018\/2019"}]},{"@type":"WebSite","@id":"https:\/\/www.ummto.dz\/fsecsg\/#website","url":"https:\/\/www.ummto.dz\/fsecsg\/","name":"Facult\u00e9 des Sciences Economiques, Commerciales et des Sciences de Gestion","description":"Universit\u00e9 Mouloud Mammeri de Tizi Ouzou","potentialAction":[{"@type":"SearchAction","target":{"@type":"EntryPoint","urlTemplate":"https:\/\/www.ummto.dz\/fsecsg\/?s={search_term_string}"},"query-input":{"@type":"PropertyValueSpecification","valueRequired":true,"valueName":"search_term_string"}}],"inLanguage":"fr-FR"}]}},"_links":{"self":[{"href":"https:\/\/www.ummto.dz\/fsecsg\/wp-json\/wp\/v2\/pages\/20626","targetHints":{"allow":["GET"]}}],"collection":[{"href":"https:\/\/www.ummto.dz\/fsecsg\/wp-json\/wp\/v2\/pages"}],"about":[{"href":"https:\/\/www.ummto.dz\/fsecsg\/wp-json\/wp\/v2\/types\/page"}],"author":[{"embeddable":true,"href":"https:\/\/www.ummto.dz\/fsecsg\/wp-json\/wp\/v2\/users\/1"}],"replies":[{"embeddable":true,"href":"https:\/\/www.ummto.dz\/fsecsg\/wp-json\/wp\/v2\/comments?post=20626"}],"version-history":[{"count":2,"href":"https:\/\/www.ummto.dz\/fsecsg\/wp-json\/wp\/v2\/pages\/20626\/revisions"}],"predecessor-version":[{"id":20630,"href":"https:\/\/www.ummto.dz\/fsecsg\/wp-json\/wp\/v2\/pages\/20626\/revisions\/20630"}],"wp:attachment":[{"href":"https:\/\/www.ummto.dz\/fsecsg\/wp-json\/wp\/v2\/media?parent=20626"}],"curies":[{"name":"wp","href":"https:\/\/api.w.org\/{rel}","templated":true}]}}