{"id":20651,"date":"2020-02-27T10:20:20","date_gmt":"2020-02-27T09:20:20","guid":{"rendered":"http:\/\/fsecsg.ummto.dz\/?page_id=20651"},"modified":"2021-12-07T12:45:50","modified_gmt":"2021-12-07T11:45:50","slug":"annee-2017-2018-45","status":"publish","type":"page","link":"https:\/\/www.ummto.dz\/fsecsg\/annee-2017-2018-45\/","title":{"rendered":"Ann\u00e9e 2017\/2018"},"content":{"rendered":"<p><a href=\"https:\/\/www.ummto.dz\/fsecsg\/wp-content\/uploads\/2018\/09\/report-des-examens-de-2-\u00e8me-Ann\u00e9e-LMD-du-jeudi-20_09_2019-au-Mardi-25_09_208.pdf\"><span style=\"color: #000000\"><strong>Report des examens de 2 \u00e8me Ann\u00e9e LMD du jeudi 20_09_2019 au Mardi 25_09_208<\/strong><\/span><\/a><\/p>\n<p><span style=\"color: #000000\"><strong><a style=\"color: #000000\" href=\"https:\/\/www.ummto.dz\/fsecsg\/wp-content\/uploads\/2018\/09\/Avis-aux-\u00e9tudiants-de-2\u00e8me-ann\u00e9e-Sciences-de-Gestion-.pdf\">Report aux \u00e9tudiants de 2\u00e8me ann\u00e9e Sciences de Gestion<\/a><\/strong><\/span><\/p>\n<ul>\n<li><span style=\"text-decoration: underline\"><span style=\"color: #ff0000;text-decoration: underline\"><strong>Rattrapage Semestre 3:<\/strong><\/span><\/span><\/li>\n<\/ul>\n<p><span style=\"color: #000000\"><strong><a style=\"color: #000000\" href=\"https:\/\/www.ummto.dz\/fsecsg\/wp-content\/uploads\/2018\/07\/planning-des-examens-de-rattrapage-semestre-3.pdf\">Planning des examens de rattrapage semestre 3<\/a><\/strong><\/span><\/p>\n<p><span style=\"color: #000000\"><strong><a style=\"color: #000000\" href=\"https:\/\/www.ummto.dz\/fsecsg\/wp-content\/uploads\/2018\/07\/planning-des-examens-de-dettes-semestre-3-S.G-2-\u00e8me-session-.pdf\">Planning des examens de dettes semestre 3\u00a0 2 \u00e8me session<\/a><\/strong><\/span><\/p>\n<ul>\n<li><span style=\"color: #ff0000\"><strong><span style=\"text-decoration: underline\">Rattrapage Semestre 4<\/span>:<\/strong><\/span><\/li>\n<\/ul>\n<p><span style=\"color: #000000\"><strong><a style=\"color: #000000\" href=\"https:\/\/www.ummto.dz\/fsecsg\/wp-content\/uploads\/2018\/07\/planning-des-examens-de-rattrapage-semestres-4-s.g.pdf\">Planning des examens de rattrapage semestres 4\u00a0<\/a><\/strong><\/span><\/p>\n<p><span style=\"color: #000000\"><strong><a style=\"color: #000000\" href=\"https:\/\/www.ummto.dz\/fsecsg\/wp-content\/uploads\/2018\/07\/planning-des-examens-de-DETTES-semestres-4-S.G-2-\u00e8me-session.pdf\">Planning des examens de DETTES semestres 4 S.G 2 \u00e8me session<\/a><\/strong><\/span><\/p>\n<ul>\n<li><span style=\"text-decoration: underline\"><span style=\"color: #ff0000;text-decoration: underline\"><strong>EMD :<\/strong><\/span><\/span><\/li>\n<li><span style=\"text-decoration: underline\"><span style=\"color: #ff0000;text-decoration: underline\"><strong>Plannings des examens de remplacement semestre 4:<\/strong><\/span><\/span><\/li>\n<\/ul>\n<p><span style=\"color: #000000\"><strong><span style=\"text-decoration: underline\"><a style=\"color: #000000;text-decoration: underline\" href=\"https:\/\/www.ummto.dz\/fsecsg\/wp-content\/uploads\/2018\/06\/2-SG.pdf\">Planning des examens 2 \u00e8me Ann\u00e9e LMD\u00a0<\/a><\/span><\/strong><\/span><\/p>\n<p><span style=\"color: #000000\"><strong><a style=\"color: #000000\" href=\"https:\/\/www.ummto.dz\/fsecsg\/wp-content\/uploads\/2018\/06\/2-SG-DETTES.pdf\">Planning des examens 2 \u00e8me Ann\u00e9e LMD de dettes\u00a0<\/a><\/strong><\/span><\/p>\n<ul>\n<li><span style=\"text-decoration: underline\"><span style=\"color: #ff0000;text-decoration: underline\"><strong>Semestre 4:<\/strong><\/span><\/span><\/li>\n<\/ul>\n<p><strong><span style=\"text-decoration: underline;color: #000000\"><a style=\"color: #000000;text-decoration: underline\" href=\"https:\/\/www.ummto.dz\/fsecsg\/wp-content\/uploads\/2018\/06\/2-\u00e8me-Ann\u00e9e-SG.pdf\">Planning des examens 2 \u00e8me Ann\u00e9e\u00a0 LMD\u00a0 Semestre 4<\/a><\/span><\/strong><\/p>\n<p><a href=\"https:\/\/www.ummto.dz\/fsecsg\/wp-content\/uploads\/2018\/06\/2\u00e9me-ann\u00e9e-sg.pdf\"><span style=\"color: #000000\"><strong>Liste des \u00e9tudiants par lieu d&rsquo;examen\u00a0<\/strong><\/span><\/a><\/p>\n<p><strong><span style=\"text-decoration: underline;color: #000000\"><a style=\"color: #000000;text-decoration: underline\" href=\"https:\/\/www.ummto.dz\/fsecsg\/wp-content\/uploads\/2018\/06\/2-SG-DETTES-.pdf\">Planning des examens 2\u00a0 \u00e8me Ann\u00e9e LMD\u00a0 DETTES Semestre 4<\/a><\/span><\/strong><\/p>\n<ul>\n<li><span style=\"text-decoration: underline\"><span style=\"color: #ff0000;text-decoration: underline\"><strong>Semestre 3:<\/strong><\/span><\/span><\/li>\n<\/ul>\n<p><span style=\"color: #000000\"><strong><span style=\"text-decoration: underline\"><a style=\"color: #000000;text-decoration: underline\" href=\"https:\/\/www.ummto.dz\/fsecsg\/wp-content\/uploads\/2018\/04\/2-\u00e9me-Ann\u00e9e-sciences-de-gestion-.pdf\">Nouveau planning des examens semestre 3<\/a><\/span><\/strong><\/span><\/p>\n<p><span style=\"text-decoration: underline;color: #000080\"><span style=\"color: #000000;text-decoration: underline\"><strong><a style=\"color: #000000;text-decoration: underline\" href=\"https:\/\/www.ummto.dz\/fsecsg\/wp-content\/uploads\/2018\/04\/2-eme-ann\u00e9e-sciences-de-gestion-dettes.pdf\">Nouveau planning des examens semestre 3 de dettes<\/a>\u00a0<\/strong><\/span><\/span><\/p>\n","protected":false},"excerpt":{"rendered":"<p>Report des examens de 2 \u00e8me Ann\u00e9e LMD du jeudi 20_09_2019 au Mardi 25_09_208 Report aux \u00e9tudiants de 2\u00e8me ann\u00e9e Sciences de Gestion Rattrapage Semestre 3: Planning des examens de rattrapage semestre 3 Planning des examens de dettes semestre 3\u00a0 2 \u00e8me session Rattrapage Semestre 4: Planning des examens de rattrapage semestres 4\u00a0 Planning des [&hellip;]<\/p>\n","protected":false},"author":1,"featured_media":0,"parent":0,"menu_order":0,"comment_status":"closed","ping_status":"closed","template":"","meta":{"_et_pb_use_builder":"","_et_pb_old_content":"","_et_gb_content_width":"","footnotes":""},"class_list":["post-20651","page","type-page","status-publish","hentry"],"yoast_head":"<!-- This site is optimized with the Yoast SEO plugin v27.3 - https:\/\/yoast.com\/product\/yoast-seo-wordpress\/ -->\n<title>Ann\u00e9e 2017\/2018 - Facult\u00e9 des Sciences Economiques, Commerciales et des Sciences de Gestion<\/title>\n<meta name=\"robots\" content=\"index, follow, max-snippet:-1, max-image-preview:large, max-video-preview:-1\" \/>\n<link rel=\"canonical\" href=\"https:\/\/www.ummto.dz\/fsecsg\/annee-2017-2018-45\/\" \/>\n<meta property=\"og:locale\" content=\"fr_FR\" \/>\n<meta property=\"og:type\" content=\"article\" \/>\n<meta property=\"og:title\" content=\"Ann\u00e9e 2017\/2018 - Facult\u00e9 des Sciences Economiques, Commerciales et des Sciences de Gestion\" \/>\n<meta property=\"og:description\" content=\"Report des examens de 2 \u00e8me Ann\u00e9e LMD du jeudi 20_09_2019 au Mardi 25_09_208 Report aux \u00e9tudiants de 2\u00e8me ann\u00e9e Sciences de Gestion Rattrapage Semestre 3: Planning des examens de rattrapage semestre 3 Planning des examens de dettes semestre 3\u00a0 2 \u00e8me session Rattrapage Semestre 4: Planning des examens de rattrapage semestres 4\u00a0 Planning des [&hellip;]\" \/>\n<meta property=\"og:url\" content=\"https:\/\/www.ummto.dz\/fsecsg\/annee-2017-2018-45\/\" \/>\n<meta property=\"og:site_name\" content=\"Facult\u00e9 des Sciences Economiques, Commerciales et des Sciences de Gestion\" \/>\n<meta property=\"article:modified_time\" content=\"2021-12-07T11:45:50+00:00\" \/>\n<meta name=\"twitter:card\" content=\"summary_large_image\" \/>\n<meta name=\"twitter:label1\" content=\"Dur\u00e9e de lecture estim\u00e9e\" \/>\n\t<meta name=\"twitter:data1\" content=\"1 minute\" \/>\n<script type=\"application\/ld+json\" class=\"yoast-schema-graph\">{\"@context\":\"https:\\\/\\\/schema.org\",\"@graph\":[{\"@type\":\"WebPage\",\"@id\":\"https:\\\/\\\/www.ummto.dz\\\/fsecsg\\\/annee-2017-2018-45\\\/\",\"url\":\"https:\\\/\\\/www.ummto.dz\\\/fsecsg\\\/annee-2017-2018-45\\\/\",\"name\":\"Ann\u00e9e 2017\\\/2018 - Facult\u00e9 des Sciences Economiques, Commerciales et des Sciences de Gestion\",\"isPartOf\":{\"@id\":\"https:\\\/\\\/www.ummto.dz\\\/fsecsg\\\/#website\"},\"datePublished\":\"2020-02-27T09:20:20+00:00\",\"dateModified\":\"2021-12-07T11:45:50+00:00\",\"breadcrumb\":{\"@id\":\"https:\\\/\\\/www.ummto.dz\\\/fsecsg\\\/annee-2017-2018-45\\\/#breadcrumb\"},\"inLanguage\":\"fr-FR\",\"potentialAction\":[{\"@type\":\"ReadAction\",\"target\":[\"https:\\\/\\\/www.ummto.dz\\\/fsecsg\\\/annee-2017-2018-45\\\/\"]}]},{\"@type\":\"BreadcrumbList\",\"@id\":\"https:\\\/\\\/www.ummto.dz\\\/fsecsg\\\/annee-2017-2018-45\\\/#breadcrumb\",\"itemListElement\":[{\"@type\":\"ListItem\",\"position\":1,\"name\":\"Accueil\",\"item\":\"https:\\\/\\\/www.ummto.dz\\\/fsecsg\\\/\"},{\"@type\":\"ListItem\",\"position\":2,\"name\":\"Ann\u00e9e 2017\\\/2018\"}]},{\"@type\":\"WebSite\",\"@id\":\"https:\\\/\\\/www.ummto.dz\\\/fsecsg\\\/#website\",\"url\":\"https:\\\/\\\/www.ummto.dz\\\/fsecsg\\\/\",\"name\":\"Facult\u00e9 des Sciences Economiques, Commerciales et des Sciences de Gestion\",\"description\":\"Universit\u00e9 Mouloud Mammeri de Tizi Ouzou\",\"potentialAction\":[{\"@type\":\"SearchAction\",\"target\":{\"@type\":\"EntryPoint\",\"urlTemplate\":\"https:\\\/\\\/www.ummto.dz\\\/fsecsg\\\/?s={search_term_string}\"},\"query-input\":{\"@type\":\"PropertyValueSpecification\",\"valueRequired\":true,\"valueName\":\"search_term_string\"}}],\"inLanguage\":\"fr-FR\"}]}<\/script>\n<!-- \/ Yoast SEO plugin. -->","yoast_head_json":{"title":"Ann\u00e9e 2017\/2018 - Facult\u00e9 des Sciences Economiques, Commerciales et des Sciences de Gestion","robots":{"index":"index","follow":"follow","max-snippet":"max-snippet:-1","max-image-preview":"max-image-preview:large","max-video-preview":"max-video-preview:-1"},"canonical":"https:\/\/www.ummto.dz\/fsecsg\/annee-2017-2018-45\/","og_locale":"fr_FR","og_type":"article","og_title":"Ann\u00e9e 2017\/2018 - Facult\u00e9 des Sciences Economiques, Commerciales et des Sciences de Gestion","og_description":"Report des examens de 2 \u00e8me Ann\u00e9e LMD du jeudi 20_09_2019 au Mardi 25_09_208 Report aux \u00e9tudiants de 2\u00e8me ann\u00e9e Sciences de Gestion Rattrapage Semestre 3: Planning des examens de rattrapage semestre 3 Planning des examens de dettes semestre 3\u00a0 2 \u00e8me session Rattrapage Semestre 4: Planning des examens de rattrapage semestres 4\u00a0 Planning des [&hellip;]","og_url":"https:\/\/www.ummto.dz\/fsecsg\/annee-2017-2018-45\/","og_site_name":"Facult\u00e9 des Sciences Economiques, Commerciales et des Sciences de Gestion","article_modified_time":"2021-12-07T11:45:50+00:00","twitter_card":"summary_large_image","twitter_misc":{"Dur\u00e9e de lecture estim\u00e9e":"1 minute"},"schema":{"@context":"https:\/\/schema.org","@graph":[{"@type":"WebPage","@id":"https:\/\/www.ummto.dz\/fsecsg\/annee-2017-2018-45\/","url":"https:\/\/www.ummto.dz\/fsecsg\/annee-2017-2018-45\/","name":"Ann\u00e9e 2017\/2018 - Facult\u00e9 des Sciences Economiques, Commerciales et des Sciences de Gestion","isPartOf":{"@id":"https:\/\/www.ummto.dz\/fsecsg\/#website"},"datePublished":"2020-02-27T09:20:20+00:00","dateModified":"2021-12-07T11:45:50+00:00","breadcrumb":{"@id":"https:\/\/www.ummto.dz\/fsecsg\/annee-2017-2018-45\/#breadcrumb"},"inLanguage":"fr-FR","potentialAction":[{"@type":"ReadAction","target":["https:\/\/www.ummto.dz\/fsecsg\/annee-2017-2018-45\/"]}]},{"@type":"BreadcrumbList","@id":"https:\/\/www.ummto.dz\/fsecsg\/annee-2017-2018-45\/#breadcrumb","itemListElement":[{"@type":"ListItem","position":1,"name":"Accueil","item":"https:\/\/www.ummto.dz\/fsecsg\/"},{"@type":"ListItem","position":2,"name":"Ann\u00e9e 2017\/2018"}]},{"@type":"WebSite","@id":"https:\/\/www.ummto.dz\/fsecsg\/#website","url":"https:\/\/www.ummto.dz\/fsecsg\/","name":"Facult\u00e9 des Sciences Economiques, Commerciales et des Sciences de Gestion","description":"Universit\u00e9 Mouloud Mammeri de Tizi Ouzou","potentialAction":[{"@type":"SearchAction","target":{"@type":"EntryPoint","urlTemplate":"https:\/\/www.ummto.dz\/fsecsg\/?s={search_term_string}"},"query-input":{"@type":"PropertyValueSpecification","valueRequired":true,"valueName":"search_term_string"}}],"inLanguage":"fr-FR"}]}},"_links":{"self":[{"href":"https:\/\/www.ummto.dz\/fsecsg\/wp-json\/wp\/v2\/pages\/20651","targetHints":{"allow":["GET"]}}],"collection":[{"href":"https:\/\/www.ummto.dz\/fsecsg\/wp-json\/wp\/v2\/pages"}],"about":[{"href":"https:\/\/www.ummto.dz\/fsecsg\/wp-json\/wp\/v2\/types\/page"}],"author":[{"embeddable":true,"href":"https:\/\/www.ummto.dz\/fsecsg\/wp-json\/wp\/v2\/users\/1"}],"replies":[{"embeddable":true,"href":"https:\/\/www.ummto.dz\/fsecsg\/wp-json\/wp\/v2\/comments?post=20651"}],"version-history":[{"count":3,"href":"https:\/\/www.ummto.dz\/fsecsg\/wp-json\/wp\/v2\/pages\/20651\/revisions"}],"predecessor-version":[{"id":50293,"href":"https:\/\/www.ummto.dz\/fsecsg\/wp-json\/wp\/v2\/pages\/20651\/revisions\/50293"}],"wp:attachment":[{"href":"https:\/\/www.ummto.dz\/fsecsg\/wp-json\/wp\/v2\/media?parent=20651"}],"curies":[{"name":"wp","href":"https:\/\/api.w.org\/{rel}","templated":true}]}}