{"id":20683,"date":"2020-02-27T10:37:21","date_gmt":"2020-02-27T09:37:21","guid":{"rendered":"http:\/\/fsecsg.ummto.dz\/?page_id=20683"},"modified":"2020-02-27T10:38:59","modified_gmt":"2020-02-27T09:38:59","slug":"annee-2018-2019-64","status":"publish","type":"page","link":"https:\/\/www.ummto.dz\/fsecsg\/annee-2018-2019-64\/","title":{"rendered":"Ann\u00e9e 2018\/2019"},"content":{"rendered":"<ul>\n<li><span style=\"text-decoration: underline;\"><span style=\"color: #ff0000; text-decoration: underline;\"><strong>Rattrapage:<\/strong><\/span><\/span><\/li>\n<li><span style=\"text-decoration: underline;\"><strong><span style=\"color: #ff0000; text-decoration: underline;\">Semestre 3:<\/span><\/strong><\/span><\/li>\n<\/ul>\n<p><a href=\"http:\/\/fsecsg.ummto.dz\/wp-content\/uploads\/2019\/10\/2C.pdf\"><span style=\"color: #000000;\"><strong>Planning des examens de rattrapage\u00a0 semestre 3<\/strong><\/span><\/a><\/p>\n<p><a href=\"http:\/\/fsecsg.ummto.dz\/wp-content\/uploads\/2019\/10\/D.2C.pdf\"><span style=\"color: #000000;\"><strong>Planning des examens de dettes <span style=\"color: #ff0000;\">(2\u00e8me session)<\/span><\/strong><\/span><\/a><\/p>\n<p>&nbsp;<\/p>\n<ul>\n<li><span style=\"text-decoration: underline;\"><span style=\"color: #ff0000; text-decoration: underline;\"><strong>Semestre 4:<\/strong><\/span><\/span><\/li>\n<\/ul>\n<p><a href=\"http:\/\/fsecsg.ummto.dz\/wp-content\/uploads\/2019\/09\/2C.pdf\"><span style=\"color: #000000;\"><strong>Planning des examens de rattrapage semestre 4<\/strong><\/span><\/a><\/p>\n<p><a href=\"http:\/\/fsecsg.ummto.dz\/wp-content\/uploads\/2019\/09\/D.2C.pdf\"><span style=\"color: #000000;\"><strong>Planning des examens de dettes (2 \u00e8me session)<\/strong><\/span><\/a><\/p>\n<p>&nbsp;<\/p>\n<p>&nbsp;<\/p>\n<ul>\n<li><span style=\"text-decoration: underline; color: #0000ff;\"><span style=\"text-decoration: underline;\"><strong>EMD:<\/strong><\/span><\/span><\/li>\n<li><span style=\"text-decoration: underline;\"><span style=\"color: #ff0000; text-decoration: underline;\"><strong>Semestre 3:<\/strong><\/span><\/span><\/li>\n<\/ul>\n<p><a href=\"http:\/\/fsecsg.ummto.dz\/wp-content\/uploads\/2019\/07\/2SC.pdf\"><span style=\"color: #000000;\"><strong>Planning des examens semestre 3<\/strong><\/span><\/a><\/p>\n<p><a href=\"http:\/\/fsecsg.ummto.dz\/wp-content\/uploads\/2019\/06\/Liste-des-\u00e9tudiants-2-\u00e8me-Ann\u00e9e-LMD.pdf\"><span style=\"color: #ff0000;\"><strong>Liste des \u00e9tudiants 2 \u00e8me Ann\u00e9e LMD\u00a0<\/strong><\/span><\/a><\/p>\n<p><a href=\"http:\/\/fsecsg.ummto.dz\/wp-content\/uploads\/2019\/07\/D.2SC.pdf\"><span style=\"color: #000000;\"><strong>Planning des examens de dettes semestre 3 (session 1)<\/strong><\/span><\/a><\/p>\n<p><a href=\"http:\/\/fsecsg.ummto.dz\/liste-des-etudiants-de-dettes\/\"><span style=\"color: #ff0000;\"><strong>Liste des \u00e9tudiants de dettes semestre 3\u00a0<\/strong><\/span><\/a><\/p>\n<ul>\n<li><span style=\"text-decoration: underline;\"><span style=\"color: #ff0000; text-decoration: underline;\"><strong>Semestre 4:<\/strong><\/span><\/span><\/li>\n<\/ul>\n<p><span style=\"font-size: 14pt;\"><a href=\"http:\/\/fsecsg.ummto.dz\/wp-content\/uploads\/2019\/07\/Plnning-des-Exames-de-Remplacement-2-\u00e8me-ann\u00e9e.pdf\"><span style=\"color: #000000; font-family: 'times new roman', times, serif;\"><strong>Planning des examens de remplacement 2 \u00e8me Ann\u00e9e LMD section \u00ab\u00a0A et B\u00a0\u00bb<\/strong><\/span><\/a><\/span><\/p>\n<p><a href=\"http:\/\/fsecsg.ummto.dz\/wp-content\/uploads\/2019\/06\/2SC.pdf\"><span style=\"color: #000000;\"><strong>Planning des examens semestre 4<\/strong><\/span><\/a><\/p>\n<p><a href=\"http:\/\/fsecsg.ummto.dz\/wp-content\/uploads\/2019\/06\/Liste-des-\u00e9tudiants-2-\u00e8me-Ann\u00e9e-LMD.pdf\"><span style=\"color: #ff0000;\"><strong>Liste des \u00e9tudiants 2 \u00e8me Ann\u00e9e LMD\u00a0<\/strong><\/span><\/a><\/p>\n<p><a href=\"http:\/\/fsecsg.ummto.dz\/wp-content\/uploads\/2019\/06\/D2C.pdf\"><span style=\"color: #000000;\"><strong>Planning des examens semestre 4 de dettes <span style=\"color: #ff0000;\">(session 1)\/<\/span><\/strong><\/span><\/a> <a href=\"http:\/\/fsecsg.ummto.dz\/cours-de-dettes-3\/\"><span style=\"color: #000000;\"><strong>Cours de dettes semestre 4<\/strong><\/span><\/a><\/p>\n<p>&nbsp;<\/p>\n","protected":false},"excerpt":{"rendered":"<p>Rattrapage: Semestre 3: Planning des examens de rattrapage\u00a0 semestre 3 Planning des examens de dettes (2\u00e8me session) &nbsp; Semestre 4: Planning des examens de rattrapage semestre 4 Planning des examens de dettes (2 \u00e8me session) &nbsp; &nbsp; EMD: Semestre 3: Planning des examens semestre 3 Liste des \u00e9tudiants 2 \u00e8me Ann\u00e9e LMD\u00a0 Planning des examens [&hellip;]<\/p>\n","protected":false},"author":1,"featured_media":0,"parent":0,"menu_order":0,"comment_status":"closed","ping_status":"closed","template":"","meta":{"_et_pb_use_builder":"","_et_pb_old_content":"","_et_gb_content_width":"","footnotes":""},"class_list":["post-20683","page","type-page","status-publish","hentry"],"yoast_head":"<!-- This site is optimized with the Yoast SEO plugin v27.3 - https:\/\/yoast.com\/product\/yoast-seo-wordpress\/ -->\n<title>Ann\u00e9e 2018\/2019 - Facult\u00e9 des Sciences Economiques, Commerciales et des Sciences de Gestion<\/title>\n<meta name=\"robots\" content=\"index, follow, max-snippet:-1, max-image-preview:large, max-video-preview:-1\" \/>\n<link rel=\"canonical\" href=\"https:\/\/www.ummto.dz\/fsecsg\/annee-2018-2019-64\/\" \/>\n<meta property=\"og:locale\" content=\"fr_FR\" \/>\n<meta property=\"og:type\" content=\"article\" \/>\n<meta property=\"og:title\" content=\"Ann\u00e9e 2018\/2019 - Facult\u00e9 des Sciences Economiques, Commerciales et des Sciences de Gestion\" \/>\n<meta property=\"og:description\" content=\"Rattrapage: Semestre 3: Planning des examens de rattrapage\u00a0 semestre 3 Planning des examens de dettes (2\u00e8me session) &nbsp; Semestre 4: Planning des examens de rattrapage semestre 4 Planning des examens de dettes (2 \u00e8me session) &nbsp; &nbsp; EMD: Semestre 3: Planning des examens semestre 3 Liste des \u00e9tudiants 2 \u00e8me Ann\u00e9e LMD\u00a0 Planning des examens [&hellip;]\" \/>\n<meta property=\"og:url\" content=\"https:\/\/www.ummto.dz\/fsecsg\/annee-2018-2019-64\/\" \/>\n<meta property=\"og:site_name\" content=\"Facult\u00e9 des Sciences Economiques, Commerciales et des Sciences de Gestion\" \/>\n<meta property=\"article:modified_time\" content=\"2020-02-27T09:38:59+00:00\" \/>\n<meta name=\"twitter:card\" content=\"summary_large_image\" \/>\n<script type=\"application\/ld+json\" class=\"yoast-schema-graph\">{\"@context\":\"https:\\\/\\\/schema.org\",\"@graph\":[{\"@type\":\"WebPage\",\"@id\":\"https:\\\/\\\/www.ummto.dz\\\/fsecsg\\\/annee-2018-2019-64\\\/\",\"url\":\"https:\\\/\\\/www.ummto.dz\\\/fsecsg\\\/annee-2018-2019-64\\\/\",\"name\":\"Ann\u00e9e 2018\\\/2019 - Facult\u00e9 des Sciences Economiques, Commerciales et des Sciences de Gestion\",\"isPartOf\":{\"@id\":\"https:\\\/\\\/www.ummto.dz\\\/fsecsg\\\/#website\"},\"datePublished\":\"2020-02-27T09:37:21+00:00\",\"dateModified\":\"2020-02-27T09:38:59+00:00\",\"breadcrumb\":{\"@id\":\"https:\\\/\\\/www.ummto.dz\\\/fsecsg\\\/annee-2018-2019-64\\\/#breadcrumb\"},\"inLanguage\":\"fr-FR\",\"potentialAction\":[{\"@type\":\"ReadAction\",\"target\":[\"https:\\\/\\\/www.ummto.dz\\\/fsecsg\\\/annee-2018-2019-64\\\/\"]}]},{\"@type\":\"BreadcrumbList\",\"@id\":\"https:\\\/\\\/www.ummto.dz\\\/fsecsg\\\/annee-2018-2019-64\\\/#breadcrumb\",\"itemListElement\":[{\"@type\":\"ListItem\",\"position\":1,\"name\":\"Accueil\",\"item\":\"https:\\\/\\\/www.ummto.dz\\\/fsecsg\\\/\"},{\"@type\":\"ListItem\",\"position\":2,\"name\":\"Ann\u00e9e 2018\\\/2019\"}]},{\"@type\":\"WebSite\",\"@id\":\"https:\\\/\\\/www.ummto.dz\\\/fsecsg\\\/#website\",\"url\":\"https:\\\/\\\/www.ummto.dz\\\/fsecsg\\\/\",\"name\":\"Facult\u00e9 des Sciences Economiques, Commerciales et des Sciences de Gestion\",\"description\":\"Universit\u00e9 Mouloud Mammeri de Tizi Ouzou\",\"potentialAction\":[{\"@type\":\"SearchAction\",\"target\":{\"@type\":\"EntryPoint\",\"urlTemplate\":\"https:\\\/\\\/www.ummto.dz\\\/fsecsg\\\/?s={search_term_string}\"},\"query-input\":{\"@type\":\"PropertyValueSpecification\",\"valueRequired\":true,\"valueName\":\"search_term_string\"}}],\"inLanguage\":\"fr-FR\"}]}<\/script>\n<!-- \/ Yoast SEO plugin. -->","yoast_head_json":{"title":"Ann\u00e9e 2018\/2019 - Facult\u00e9 des Sciences Economiques, Commerciales et des Sciences de Gestion","robots":{"index":"index","follow":"follow","max-snippet":"max-snippet:-1","max-image-preview":"max-image-preview:large","max-video-preview":"max-video-preview:-1"},"canonical":"https:\/\/www.ummto.dz\/fsecsg\/annee-2018-2019-64\/","og_locale":"fr_FR","og_type":"article","og_title":"Ann\u00e9e 2018\/2019 - Facult\u00e9 des Sciences Economiques, Commerciales et des Sciences de Gestion","og_description":"Rattrapage: Semestre 3: Planning des examens de rattrapage\u00a0 semestre 3 Planning des examens de dettes (2\u00e8me session) &nbsp; Semestre 4: Planning des examens de rattrapage semestre 4 Planning des examens de dettes (2 \u00e8me session) &nbsp; &nbsp; EMD: Semestre 3: Planning des examens semestre 3 Liste des \u00e9tudiants 2 \u00e8me Ann\u00e9e LMD\u00a0 Planning des examens [&hellip;]","og_url":"https:\/\/www.ummto.dz\/fsecsg\/annee-2018-2019-64\/","og_site_name":"Facult\u00e9 des Sciences Economiques, Commerciales et des Sciences de Gestion","article_modified_time":"2020-02-27T09:38:59+00:00","twitter_card":"summary_large_image","schema":{"@context":"https:\/\/schema.org","@graph":[{"@type":"WebPage","@id":"https:\/\/www.ummto.dz\/fsecsg\/annee-2018-2019-64\/","url":"https:\/\/www.ummto.dz\/fsecsg\/annee-2018-2019-64\/","name":"Ann\u00e9e 2018\/2019 - Facult\u00e9 des Sciences Economiques, Commerciales et des Sciences de Gestion","isPartOf":{"@id":"https:\/\/www.ummto.dz\/fsecsg\/#website"},"datePublished":"2020-02-27T09:37:21+00:00","dateModified":"2020-02-27T09:38:59+00:00","breadcrumb":{"@id":"https:\/\/www.ummto.dz\/fsecsg\/annee-2018-2019-64\/#breadcrumb"},"inLanguage":"fr-FR","potentialAction":[{"@type":"ReadAction","target":["https:\/\/www.ummto.dz\/fsecsg\/annee-2018-2019-64\/"]}]},{"@type":"BreadcrumbList","@id":"https:\/\/www.ummto.dz\/fsecsg\/annee-2018-2019-64\/#breadcrumb","itemListElement":[{"@type":"ListItem","position":1,"name":"Accueil","item":"https:\/\/www.ummto.dz\/fsecsg\/"},{"@type":"ListItem","position":2,"name":"Ann\u00e9e 2018\/2019"}]},{"@type":"WebSite","@id":"https:\/\/www.ummto.dz\/fsecsg\/#website","url":"https:\/\/www.ummto.dz\/fsecsg\/","name":"Facult\u00e9 des Sciences Economiques, Commerciales et des Sciences de Gestion","description":"Universit\u00e9 Mouloud Mammeri de Tizi Ouzou","potentialAction":[{"@type":"SearchAction","target":{"@type":"EntryPoint","urlTemplate":"https:\/\/www.ummto.dz\/fsecsg\/?s={search_term_string}"},"query-input":{"@type":"PropertyValueSpecification","valueRequired":true,"valueName":"search_term_string"}}],"inLanguage":"fr-FR"}]}},"_links":{"self":[{"href":"https:\/\/www.ummto.dz\/fsecsg\/wp-json\/wp\/v2\/pages\/20683","targetHints":{"allow":["GET"]}}],"collection":[{"href":"https:\/\/www.ummto.dz\/fsecsg\/wp-json\/wp\/v2\/pages"}],"about":[{"href":"https:\/\/www.ummto.dz\/fsecsg\/wp-json\/wp\/v2\/types\/page"}],"author":[{"embeddable":true,"href":"https:\/\/www.ummto.dz\/fsecsg\/wp-json\/wp\/v2\/users\/1"}],"replies":[{"embeddable":true,"href":"https:\/\/www.ummto.dz\/fsecsg\/wp-json\/wp\/v2\/comments?post=20683"}],"version-history":[{"count":2,"href":"https:\/\/www.ummto.dz\/fsecsg\/wp-json\/wp\/v2\/pages\/20683\/revisions"}],"predecessor-version":[{"id":20687,"href":"https:\/\/www.ummto.dz\/fsecsg\/wp-json\/wp\/v2\/pages\/20683\/revisions\/20687"}],"wp:attachment":[{"href":"https:\/\/www.ummto.dz\/fsecsg\/wp-json\/wp\/v2\/media?parent=20683"}],"curies":[{"name":"wp","href":"https:\/\/api.w.org\/{rel}","templated":true}]}}