{"id":20688,"date":"2020-02-27T10:39:28","date_gmt":"2020-02-27T09:39:28","guid":{"rendered":"http:\/\/fsecsg.ummto.dz\/?page_id=20688"},"modified":"2021-01-25T17:27:29","modified_gmt":"2021-01-25T16:27:29","slug":"annee-2019-2020-44","status":"publish","type":"page","link":"https:\/\/www.ummto.dz\/fsecsg\/annee-2019-2020-44\/","title":{"rendered":"Ann\u00e9e 2019\/2020"},"content":{"rendered":"<p><span style=\"color: #000000;\"><a style=\"color: #000000;\" href=\"http:\/\/fsecsg.ummto.dz\/wp-content\/uploads\/2021\/01\/rattrapage-L2-1.pdf\"><span style=\"font-family: 'arial black', sans-serif;\"><strong><span style=\"font-size: 14pt;\"><img decoding=\"async\" class=\"alignnone size-full wp-image-31467\" src=\"http:\/\/fsecsg.ummto.dz\/wp-content\/uploads\/2020\/12\/rubon7903-ed895.gif\" alt=\"\" width=\"55\" height=\"55\" srcset=\"https:\/\/www.ummto.dz\/fsecsg\/wp-content\/uploads\/2020\/12\/rubon7903-ed895.gif 55w, https:\/\/www.ummto.dz\/fsecsg\/wp-content\/uploads\/2020\/12\/rubon7903-ed895-45x45.gif 45w\" sizes=\"(max-width: 55px) 100vw, 55px\" \/>Planning des examens de rattrapage (remplacement) de 2\u00e8me Ann\u00e9e LMD pour le <span style=\"color: #ff0000;\">Mercredi 27\/01\/2021<\/span>.<\/span><\/strong><\/span><\/a><\/span><\/p>\n<p class=\"post-title entry-title\"><a href=\"http:\/\/fsecsg.ummto.dz\/examens-de-dettes-s2\/\"><span style=\"font-family: 'arial black', sans-serif;\"><strong><span style=\"font-size: 14pt;\"><span style=\"color: #000000;\"><img decoding=\"async\" class=\"alignnone size-full wp-image-31467\" src=\"http:\/\/fsecsg.ummto.dz\/wp-content\/uploads\/2020\/12\/rubon7903-ed895.gif\" alt=\"\" width=\"55\" height=\"55\" srcset=\"https:\/\/www.ummto.dz\/fsecsg\/wp-content\/uploads\/2020\/12\/rubon7903-ed895.gif 55w, https:\/\/www.ummto.dz\/fsecsg\/wp-content\/uploads\/2020\/12\/rubon7903-ed895-45x45.gif 45w\" sizes=\"(max-width: 55px) 100vw, 55px\" \/>\u00a0Travaux de recherches \u00e0 remettre aux \u00e9tudiants de <span style=\"color: #ff0000;\">L2<\/span> et <span style=\"color: #ff0000;\">L3<\/span> du d\u00e9partement (SE,SG,SC et SFC) concern\u00e9s par les dettes de 1\u00e8re Ann\u00e9e LMD <span style=\"color: #ff0000;\">(2\u00e8me Session)<\/span> du <span style=\"color: #ff0000;\">24\/12\/2020<\/span> au <span style=\"color: #ff0000;\">29\/12\/2020<\/span><\/span><\/span><\/strong><\/span><\/a><\/p>\n<ul>\n<li><span style=\"text-decoration: underline;\"><span style=\"font-size: 14pt; color: #ff0000;\"><strong>Plannings des examens de rattrapage:<\/strong><\/span><\/span><\/li>\n<\/ul>\n<p><a href=\"http:\/\/fsecsg.ummto.dz\/wp-content\/uploads\/2020\/12\/2SC.pdf\"><span style=\"font-size: 14pt;\"><strong><span style=\"color: #000000;\">Planning des examens de rattrapage 2 \u00e8me Ann\u00e9e LMD<\/span><\/strong><\/span><\/a><\/p>\n<p><span style=\"color: #000000;\"><a style=\"color: #000000;\" href=\"http:\/\/fsecsg.ummto.dz\/wp-content\/uploads\/2020\/12\/D.2SC.pdf\"><span style=\"font-size: 14pt;\"><strong> Planning des examens de dettes 2\u00e8me\u00a0 Ann\u00e9e LMD (2\u00e8me session)<\/strong><\/span><\/a><\/span><\/p>\n<p>&nbsp;<\/p>\n<ul>\n<li><span style=\"text-decoration: underline;\"><span style=\"font-size: 14pt; color: #ff0000;\"><strong>Plannings des examens Semestre 3,Semestre 4 :<\/strong><\/span><\/span><\/li>\n<\/ul>\n<p><span style=\"color: #000000;\"><strong><a style=\"color: #000000;\" href=\"http:\/\/fsecsg.ummto.dz\/wp-content\/uploads\/2020\/11\/2SC-1.pdf\"><span style=\"font-size: 14pt;\">Planning des examens de 2\u00e8me Ann\u00e9e LMD<\/span><\/a><\/strong><\/span><\/p>\n<p><a href=\"http:\/\/fsecsg.ummto.dz\/wp-content\/uploads\/2020\/11\/2-SC-DETTES.pdf\"><span style=\"color: #000000;\"><strong><span style=\"font-size: 14pt;\">Planning des examens de dettes 2\u00e8me Ann\u00e9e LMD\u00a0<\/span><\/strong><\/span><\/a><\/p>\n<ul>\n<li><a href=\"http:\/\/fsecsg.ummto.dz\/wp-content\/uploads\/2020\/11\/lieux-examen-S3.pdf\"><span style=\"color: #0000ff;\"><strong>Liste des \u00e9tudiants et lieux d&rsquo;examen concern\u00e9s par les dettes de\u00a0 2 \u00e8me Ann\u00e9e LMD semestre 3<\/strong><\/span><\/a><\/li>\n<li><a href=\"http:\/\/fsecsg.ummto.dz\/wp-content\/uploads\/2020\/11\/lieux-examen-S4.pdf\"><span style=\"color: #0000ff;\"><strong>Liste des \u00e9tudiants\u00a0 et lieux d&rsquo;examen concern\u00e9s par les dettes de 2 \u00e8me Ann\u00e9e LMD \u00a0semestre 4<\/strong><\/span><\/a><\/li>\n<\/ul>\n<p>&nbsp;<\/p>\n<p class=\"post-title entry-title\"><span style=\"color: #000000;\"><a style=\"color: #000000;\" href=\"http:\/\/fsecsg.ummto.dz\/examens-de-dettes-semestre-1\/\"><strong><span style=\"font-size: 14pt;\"><img decoding=\"async\" class=\"alignnone wp-image-24431\" src=\"http:\/\/fsecsg.ummto.dz\/wp-content\/uploads\/2020\/09\/telechargement-1-300x162.jpg\" alt=\"\" width=\"117\" height=\"63\" srcset=\"https:\/\/www.ummto.dz\/fsecsg\/wp-content\/uploads\/2020\/09\/telechargement-1-300x162.jpg 300w, https:\/\/www.ummto.dz\/fsecsg\/wp-content\/uploads\/2020\/09\/telechargement-1.jpg 306w\" sizes=\"(max-width: 117px) 100vw, 117px\" \/>Examens de <span style=\"color: #0000ff;\">dettes 1\u00e8re Ann\u00e9e LMD semestre 1<\/span> Module( Introduction \u00e0 l\u2019\u00e9conomie , Introduction \u00e0 la sociologie, Anglais, Introduction au Droit, M\u00e9thodologie et HFE) aux \u00e9tudiants de <span style=\"color: #0000ff;\">2\u00e8me Ann\u00e9e LMD<\/span> et <span style=\"color: #0000ff;\">3\u00e8me Ann\u00e9e LMD<\/span> du d\u00e9partement (SE,SG,SFC et SC) du <span style=\"color: #ff0000;\">Dimanche 29\/11\/2020<\/span> au <span style=\"color: #ff0000;\">Mardi 01\/12\/2020<\/span><\/span><\/strong><\/a><\/span><\/p>\n<p class=\"post-title entry-title\"><span style=\"color: #000000;\"><a style=\"color: #000000;\" href=\"http:\/\/fsecsg.ummto.dz\/ex-dettes\/\"><strong><span style=\"font-size: 14pt;\"><img decoding=\"async\" class=\"alignnone size-full wp-image-21562\" src=\"http:\/\/fsecsg.ummto.dz\/wp-content\/uploads\/2020\/04\/rubon7903-ed895.gif\" alt=\"\" width=\"55\" height=\"55\" srcset=\"https:\/\/www.ummto.dz\/fsecsg\/wp-content\/uploads\/2020\/04\/rubon7903-ed895.gif 55w, https:\/\/www.ummto.dz\/fsecsg\/wp-content\/uploads\/2020\/04\/rubon7903-ed895-45x45.gif 45w\" sizes=\"(max-width: 55px) 100vw, 55px\" \/>Examens de <span style=\"color: #0000ff;\">dettes 1\u00e8re Ann\u00e9e LMD<\/span> <span style=\"color: #0000ff;\">semestre 2<\/span> Module( Introduction au Management , Sociologie des organisations, Anglais, Droit Commercial et Informatique) aux \u00e9tudiants de 2\u00e8me Ann\u00e9e LMD et 3\u00e8me Ann\u00e9e LMD du d\u00e9partement (SE,SG,SFC et SC) (le D\u00e9lai de <span style=\"color: #ff0000;\">Jeudi 12\/11\/2020<\/span> jusqu\u2019au <span style=\"color: #ff0000;\">Dimanche 15\/11\/2020<\/span>)<\/span><\/strong><\/a><\/span><\/p>\n<p class=\"post-title entry-title\"><span style=\"color: #000000;\"><a style=\"color: #000000;\" href=\"http:\/\/fsecsg.ummto.dz\/wp-content\/uploads\/2020\/10\/D.1TC.pdf\"><strong><span style=\"font-size: 14pt;\"><img decoding=\"async\" class=\"alignnone wp-image-24431\" src=\"http:\/\/fsecsg.ummto.dz\/wp-content\/uploads\/2020\/09\/telechargement-1-300x162.jpg\" alt=\"\" width=\"117\" height=\"63\" srcset=\"https:\/\/www.ummto.dz\/fsecsg\/wp-content\/uploads\/2020\/09\/telechargement-1-300x162.jpg 300w, https:\/\/www.ummto.dz\/fsecsg\/wp-content\/uploads\/2020\/09\/telechargement-1.jpg 306w\" sizes=\"(max-width: 117px) 100vw, 117px\" \/>Planning des examens de dettes de 1\u00e8re Ann\u00e9e LMD semestre 1 et semestre 2 aux \u00e9tudiants de 2\u00e8me Ann\u00e9e LMD et 3 \u00e8me Ann\u00e9e LMD du <span style=\"color: #ff0000;\">Lundi 09\/11\/2020<\/span> au <span style=\"color: #ff0000;\">jeudi 26\/11\/2020<\/span><\/span><\/strong><\/a><\/span><\/p>\n<p>&nbsp;<\/p>\n<p class=\"post-title entry-title\"><span style=\"color: #000000;\"><a style=\"color: #000000;\" href=\"http:\/\/fsecsg.ummto.dz\/wp-content\/uploads\/2020\/10\/English-Debts-remedial-exam.pdf\"><strong><span style=\"font-size: 14pt;\"><img decoding=\"async\" class=\"wp-image-24431 alignleft\" src=\"http:\/\/fsecsg.ummto.dz\/wp-content\/uploads\/2020\/09\/telechargement-1-300x162.jpg\" alt=\"\" width=\"140\" height=\"76\" srcset=\"https:\/\/www.ummto.dz\/fsecsg\/wp-content\/uploads\/2020\/09\/telechargement-1-300x162.jpg 300w, https:\/\/www.ummto.dz\/fsecsg\/wp-content\/uploads\/2020\/09\/telechargement-1.jpg 306w\" sizes=\"(max-width: 140px) 100vw, 140px\" \/>Examen de <span style=\"color: #ff0000;\">dettes<\/span> 2 \u00e8me Ann\u00e9e LMD semestre 3 aux \u00e9tudiants de 3\u00e8me Ann\u00e9e LMD (CI,CLI, Marketing) du d\u00e9partement sciences commerciales (Le dernier d\u00e9lai et le d\u00e9p\u00f4t pour le <span style=\"color: #ff0000;\">Jeudi 05\/11\/2020<\/span> au niveau du d\u00e9partement sciences commerciales )<\/span><\/strong><\/a><\/span><\/p>\n<p>&nbsp;<\/p>\n<ul>\n<li><span style=\"text-decoration: underline;\"><span style=\"color: #ff0000;\"><strong>Semestre 3:<\/strong><\/span><\/span><\/li>\n<\/ul>\n<p><a href=\"http:\/\/fsecsg.ummto.dz\/wp-content\/uploads\/2020\/03\/Nouveau-planning-des-examens-semestre-3-SC.pdf\"><span style=\"color: #000000; font-size: 14pt; font-family: 'times new roman', times, serif;\"><strong>Nouveau planning des examens semestre 3<\/strong><\/span><\/a><\/p>\n<p><span style=\"color: #000000;\"><a style=\"color: #000000;\" href=\"http:\/\/fsecsg.ummto.dz\/wp-content\/uploads\/2020\/03\/2SC.pdf\"><strong><span style=\"font-size: 14pt; font-family: 'times new roman', times, serif;\">Planning des examens semestre 3<\/span><\/strong><\/a><\/span><\/p>\n<p><strong><span style=\"color: #ff0000;\">Liste des \u00e9tudiants Section \u00ab\u00a0A et B\u00a0\u00bb par Salles et Amphis:<\/span><\/strong><\/p>\n<ul>\n<li><span style=\"color: #000000; font-size: 14pt; font-family: 'times new roman', times, serif;\"><strong><a style=\"color: #000000;\" href=\"http:\/\/fsecsg.ummto.dz\/wp-content\/uploads\/2020\/03\/2-EME-anne-Section-A_compressed.pdf\">Section A<\/a><\/strong><\/span><\/li>\n<li><span style=\"font-size: 14pt; font-family: 'times new roman', times, serif;\"><a href=\"http:\/\/fsecsg.ummto.dz\/wp-content\/uploads\/2020\/03\/2-EME-anne-Section-B_compressed.pdf\"><span style=\"color: #000000;\"><strong>Section B<\/strong><\/span><\/a><\/span><\/li>\n<\/ul>\n<p>&nbsp;<\/p>\n<p>&nbsp;<\/p>\n","protected":false},"excerpt":{"rendered":"<p>Planning des examens de rattrapage (remplacement) de 2\u00e8me Ann\u00e9e LMD pour le Mercredi 27\/01\/2021. \u00a0Travaux de recherches \u00e0 remettre aux \u00e9tudiants de L2 et L3 du d\u00e9partement (SE,SG,SC et SFC) concern\u00e9s par les dettes de 1\u00e8re Ann\u00e9e LMD (2\u00e8me Session) du 24\/12\/2020 au 29\/12\/2020 Plannings des examens de rattrapage: Planning des examens de rattrapage 2 [&hellip;]<\/p>\n","protected":false},"author":1,"featured_media":0,"parent":0,"menu_order":0,"comment_status":"closed","ping_status":"closed","template":"","meta":{"_et_pb_use_builder":"","_et_pb_old_content":"","_et_gb_content_width":"","footnotes":""},"class_list":["post-20688","page","type-page","status-publish","hentry"],"yoast_head":"<!-- This site is optimized with the Yoast SEO plugin v27.3 - https:\/\/yoast.com\/product\/yoast-seo-wordpress\/ -->\n<title>Ann\u00e9e 2019\/2020 - Facult\u00e9 des Sciences Economiques, Commerciales et des Sciences de Gestion<\/title>\n<meta name=\"robots\" content=\"index, follow, max-snippet:-1, max-image-preview:large, max-video-preview:-1\" \/>\n<link rel=\"canonical\" href=\"https:\/\/www.ummto.dz\/fsecsg\/annee-2019-2020-44\/\" \/>\n<meta property=\"og:locale\" content=\"fr_FR\" \/>\n<meta property=\"og:type\" content=\"article\" \/>\n<meta property=\"og:title\" content=\"Ann\u00e9e 2019\/2020 - Facult\u00e9 des Sciences Economiques, Commerciales et des Sciences de Gestion\" \/>\n<meta property=\"og:description\" content=\"Planning des examens de rattrapage (remplacement) de 2\u00e8me Ann\u00e9e LMD pour le Mercredi 27\/01\/2021. \u00a0Travaux de recherches \u00e0 remettre aux \u00e9tudiants de L2 et L3 du d\u00e9partement (SE,SG,SC et SFC) concern\u00e9s par les dettes de 1\u00e8re Ann\u00e9e LMD (2\u00e8me Session) du 24\/12\/2020 au 29\/12\/2020 Plannings des examens de rattrapage: Planning des examens de rattrapage 2 [&hellip;]\" \/>\n<meta property=\"og:url\" content=\"https:\/\/www.ummto.dz\/fsecsg\/annee-2019-2020-44\/\" \/>\n<meta property=\"og:site_name\" content=\"Facult\u00e9 des Sciences Economiques, Commerciales et des Sciences de Gestion\" \/>\n<meta property=\"article:modified_time\" content=\"2021-01-25T16:27:29+00:00\" \/>\n<meta property=\"og:image\" content=\"http:\/\/fsecsg.ummto.dz\/wp-content\/uploads\/2020\/12\/rubon7903-ed895.gif\" \/>\n<meta name=\"twitter:card\" content=\"summary_large_image\" \/>\n<meta name=\"twitter:label1\" content=\"Dur\u00e9e de lecture estim\u00e9e\" \/>\n\t<meta name=\"twitter:data1\" content=\"3 minutes\" \/>\n<script type=\"application\/ld+json\" class=\"yoast-schema-graph\">{\"@context\":\"https:\\\/\\\/schema.org\",\"@graph\":[{\"@type\":\"WebPage\",\"@id\":\"https:\\\/\\\/www.ummto.dz\\\/fsecsg\\\/annee-2019-2020-44\\\/\",\"url\":\"https:\\\/\\\/www.ummto.dz\\\/fsecsg\\\/annee-2019-2020-44\\\/\",\"name\":\"Ann\u00e9e 2019\\\/2020 - Facult\u00e9 des Sciences Economiques, Commerciales et des Sciences de Gestion\",\"isPartOf\":{\"@id\":\"https:\\\/\\\/www.ummto.dz\\\/fsecsg\\\/#website\"},\"primaryImageOfPage\":{\"@id\":\"https:\\\/\\\/www.ummto.dz\\\/fsecsg\\\/annee-2019-2020-44\\\/#primaryimage\"},\"image\":{\"@id\":\"https:\\\/\\\/www.ummto.dz\\\/fsecsg\\\/annee-2019-2020-44\\\/#primaryimage\"},\"thumbnailUrl\":\"http:\\\/\\\/fsecsg.ummto.dz\\\/wp-content\\\/uploads\\\/2020\\\/12\\\/rubon7903-ed895.gif\",\"datePublished\":\"2020-02-27T09:39:28+00:00\",\"dateModified\":\"2021-01-25T16:27:29+00:00\",\"breadcrumb\":{\"@id\":\"https:\\\/\\\/www.ummto.dz\\\/fsecsg\\\/annee-2019-2020-44\\\/#breadcrumb\"},\"inLanguage\":\"fr-FR\",\"potentialAction\":[{\"@type\":\"ReadAction\",\"target\":[\"https:\\\/\\\/www.ummto.dz\\\/fsecsg\\\/annee-2019-2020-44\\\/\"]}]},{\"@type\":\"ImageObject\",\"inLanguage\":\"fr-FR\",\"@id\":\"https:\\\/\\\/www.ummto.dz\\\/fsecsg\\\/annee-2019-2020-44\\\/#primaryimage\",\"url\":\"http:\\\/\\\/fsecsg.ummto.dz\\\/wp-content\\\/uploads\\\/2020\\\/12\\\/rubon7903-ed895.gif\",\"contentUrl\":\"http:\\\/\\\/fsecsg.ummto.dz\\\/wp-content\\\/uploads\\\/2020\\\/12\\\/rubon7903-ed895.gif\"},{\"@type\":\"BreadcrumbList\",\"@id\":\"https:\\\/\\\/www.ummto.dz\\\/fsecsg\\\/annee-2019-2020-44\\\/#breadcrumb\",\"itemListElement\":[{\"@type\":\"ListItem\",\"position\":1,\"name\":\"Accueil\",\"item\":\"https:\\\/\\\/www.ummto.dz\\\/fsecsg\\\/\"},{\"@type\":\"ListItem\",\"position\":2,\"name\":\"Ann\u00e9e 2019\\\/2020\"}]},{\"@type\":\"WebSite\",\"@id\":\"https:\\\/\\\/www.ummto.dz\\\/fsecsg\\\/#website\",\"url\":\"https:\\\/\\\/www.ummto.dz\\\/fsecsg\\\/\",\"name\":\"Facult\u00e9 des Sciences Economiques, Commerciales et des Sciences de Gestion\",\"description\":\"Universit\u00e9 Mouloud Mammeri de Tizi Ouzou\",\"potentialAction\":[{\"@type\":\"SearchAction\",\"target\":{\"@type\":\"EntryPoint\",\"urlTemplate\":\"https:\\\/\\\/www.ummto.dz\\\/fsecsg\\\/?s={search_term_string}\"},\"query-input\":{\"@type\":\"PropertyValueSpecification\",\"valueRequired\":true,\"valueName\":\"search_term_string\"}}],\"inLanguage\":\"fr-FR\"}]}<\/script>\n<!-- \/ Yoast SEO plugin. -->","yoast_head_json":{"title":"Ann\u00e9e 2019\/2020 - Facult\u00e9 des Sciences Economiques, Commerciales et des Sciences de Gestion","robots":{"index":"index","follow":"follow","max-snippet":"max-snippet:-1","max-image-preview":"max-image-preview:large","max-video-preview":"max-video-preview:-1"},"canonical":"https:\/\/www.ummto.dz\/fsecsg\/annee-2019-2020-44\/","og_locale":"fr_FR","og_type":"article","og_title":"Ann\u00e9e 2019\/2020 - Facult\u00e9 des Sciences Economiques, Commerciales et des Sciences de Gestion","og_description":"Planning des examens de rattrapage (remplacement) de 2\u00e8me Ann\u00e9e LMD pour le Mercredi 27\/01\/2021. \u00a0Travaux de recherches \u00e0 remettre aux \u00e9tudiants de L2 et L3 du d\u00e9partement (SE,SG,SC et SFC) concern\u00e9s par les dettes de 1\u00e8re Ann\u00e9e LMD (2\u00e8me Session) du 24\/12\/2020 au 29\/12\/2020 Plannings des examens de rattrapage: Planning des examens de rattrapage 2 [&hellip;]","og_url":"https:\/\/www.ummto.dz\/fsecsg\/annee-2019-2020-44\/","og_site_name":"Facult\u00e9 des Sciences Economiques, Commerciales et des Sciences de Gestion","article_modified_time":"2021-01-25T16:27:29+00:00","og_image":[{"url":"http:\/\/fsecsg.ummto.dz\/wp-content\/uploads\/2020\/12\/rubon7903-ed895.gif","type":"","width":"","height":""}],"twitter_card":"summary_large_image","twitter_misc":{"Dur\u00e9e de lecture estim\u00e9e":"3 minutes"},"schema":{"@context":"https:\/\/schema.org","@graph":[{"@type":"WebPage","@id":"https:\/\/www.ummto.dz\/fsecsg\/annee-2019-2020-44\/","url":"https:\/\/www.ummto.dz\/fsecsg\/annee-2019-2020-44\/","name":"Ann\u00e9e 2019\/2020 - Facult\u00e9 des Sciences Economiques, Commerciales et des Sciences de Gestion","isPartOf":{"@id":"https:\/\/www.ummto.dz\/fsecsg\/#website"},"primaryImageOfPage":{"@id":"https:\/\/www.ummto.dz\/fsecsg\/annee-2019-2020-44\/#primaryimage"},"image":{"@id":"https:\/\/www.ummto.dz\/fsecsg\/annee-2019-2020-44\/#primaryimage"},"thumbnailUrl":"http:\/\/fsecsg.ummto.dz\/wp-content\/uploads\/2020\/12\/rubon7903-ed895.gif","datePublished":"2020-02-27T09:39:28+00:00","dateModified":"2021-01-25T16:27:29+00:00","breadcrumb":{"@id":"https:\/\/www.ummto.dz\/fsecsg\/annee-2019-2020-44\/#breadcrumb"},"inLanguage":"fr-FR","potentialAction":[{"@type":"ReadAction","target":["https:\/\/www.ummto.dz\/fsecsg\/annee-2019-2020-44\/"]}]},{"@type":"ImageObject","inLanguage":"fr-FR","@id":"https:\/\/www.ummto.dz\/fsecsg\/annee-2019-2020-44\/#primaryimage","url":"http:\/\/fsecsg.ummto.dz\/wp-content\/uploads\/2020\/12\/rubon7903-ed895.gif","contentUrl":"http:\/\/fsecsg.ummto.dz\/wp-content\/uploads\/2020\/12\/rubon7903-ed895.gif"},{"@type":"BreadcrumbList","@id":"https:\/\/www.ummto.dz\/fsecsg\/annee-2019-2020-44\/#breadcrumb","itemListElement":[{"@type":"ListItem","position":1,"name":"Accueil","item":"https:\/\/www.ummto.dz\/fsecsg\/"},{"@type":"ListItem","position":2,"name":"Ann\u00e9e 2019\/2020"}]},{"@type":"WebSite","@id":"https:\/\/www.ummto.dz\/fsecsg\/#website","url":"https:\/\/www.ummto.dz\/fsecsg\/","name":"Facult\u00e9 des Sciences Economiques, Commerciales et des Sciences de Gestion","description":"Universit\u00e9 Mouloud Mammeri de Tizi Ouzou","potentialAction":[{"@type":"SearchAction","target":{"@type":"EntryPoint","urlTemplate":"https:\/\/www.ummto.dz\/fsecsg\/?s={search_term_string}"},"query-input":{"@type":"PropertyValueSpecification","valueRequired":true,"valueName":"search_term_string"}}],"inLanguage":"fr-FR"}]}},"_links":{"self":[{"href":"https:\/\/www.ummto.dz\/fsecsg\/wp-json\/wp\/v2\/pages\/20688","targetHints":{"allow":["GET"]}}],"collection":[{"href":"https:\/\/www.ummto.dz\/fsecsg\/wp-json\/wp\/v2\/pages"}],"about":[{"href":"https:\/\/www.ummto.dz\/fsecsg\/wp-json\/wp\/v2\/types\/page"}],"author":[{"embeddable":true,"href":"https:\/\/www.ummto.dz\/fsecsg\/wp-json\/wp\/v2\/users\/1"}],"replies":[{"embeddable":true,"href":"https:\/\/www.ummto.dz\/fsecsg\/wp-json\/wp\/v2\/comments?post=20688"}],"version-history":[{"count":24,"href":"https:\/\/www.ummto.dz\/fsecsg\/wp-json\/wp\/v2\/pages\/20688\/revisions"}],"predecessor-version":[{"id":35973,"href":"https:\/\/www.ummto.dz\/fsecsg\/wp-json\/wp\/v2\/pages\/20688\/revisions\/35973"}],"wp:attachment":[{"href":"https:\/\/www.ummto.dz\/fsecsg\/wp-json\/wp\/v2\/media?parent=20688"}],"curies":[{"name":"wp","href":"https:\/\/api.w.org\/{rel}","templated":true}]}}