{"id":20718,"date":"2020-02-27T10:56:28","date_gmt":"2020-02-27T09:56:28","guid":{"rendered":"http:\/\/fsecsg.ummto.dz\/?page_id=20718"},"modified":"2020-12-23T12:27:58","modified_gmt":"2020-12-23T11:27:58","slug":"annee-2019-2020-46","status":"publish","type":"page","link":"https:\/\/www.ummto.dz\/fsecsg\/annee-2019-2020-46\/","title":{"rendered":"Ann\u00e9e 2019\/2020"},"content":{"rendered":"<p>&nbsp;<\/p>\n<p class=\"post-title entry-title\"><span style=\"color: #000000;\"><a style=\"color: #000000;\" href=\"http:\/\/fsecsg.ummto.dz\/wp-content\/uploads\/2020\/12\/AVIS-AUX-ETUDIANTS-2-SCF-section-A.pdf\"><span style=\"font-family: 'arial black', sans-serif;\"><strong><span style=\"font-size: 14pt;\"><img decoding=\"async\" class=\"alignnone size-full wp-image-31467\" src=\"http:\/\/fsecsg.ummto.dz\/wp-content\/uploads\/2020\/12\/rubon7903-ed895.gif\" alt=\"\" width=\"55\" height=\"55\" srcset=\"https:\/\/www.ummto.dz\/fsecsg\/wp-content\/uploads\/2020\/12\/rubon7903-ed895.gif 55w, https:\/\/www.ummto.dz\/fsecsg\/wp-content\/uploads\/2020\/12\/rubon7903-ed895-45x45.gif 45w\" sizes=\"(max-width: 55px) 100vw, 55px\" \/>EXAMEN DE RATTRAPAGE AUX ETUDIANTS DE 2\u00e8me ANN\u00c9E LMD <span style=\"color: #ff0000;\">SECTION (A<\/span> <span style=\"color: #ff0000;\">ET B)<\/span> DU <span style=\"color: #0000ff;\">MODULE FINANCE D\u2019ENTREPRISE<\/span> QUE L\u2019EXAMEN AURA LIEU <span style=\"color: #ff0000;\">DIMAMCHE 27\/12\/2020<\/span> A <span style=\"color: #0000ff;\">10H00<\/span> : Amphi belhouas : section <span style=\"color: #ff0000;\">A<\/span> \/ Amphi benyahia : section <span style=\"color: #ff0000;\">B<\/span><\/span><\/strong><\/span><\/a><\/span><\/p>\n<p class=\"post-title entry-title\"><a href=\"http:\/\/fsecsg.ummto.dz\/examens-de-dettes-s2\/\"><span style=\"font-family: 'arial black', sans-serif;\"><strong><span style=\"font-size: 14pt;\"><span style=\"color: #000000;\"><img decoding=\"async\" class=\"alignnone size-full wp-image-31467\" src=\"http:\/\/fsecsg.ummto.dz\/wp-content\/uploads\/2020\/12\/rubon7903-ed895.gif\" alt=\"\" width=\"55\" height=\"55\" srcset=\"https:\/\/www.ummto.dz\/fsecsg\/wp-content\/uploads\/2020\/12\/rubon7903-ed895.gif 55w, https:\/\/www.ummto.dz\/fsecsg\/wp-content\/uploads\/2020\/12\/rubon7903-ed895-45x45.gif 45w\" sizes=\"(max-width: 55px) 100vw, 55px\" \/>\u00a0Travaux de recherches \u00e0 remettre aux \u00e9tudiants de <span style=\"color: #ff0000;\">L2<\/span> et <span style=\"color: #ff0000;\">L3<\/span> du d\u00e9partement (SE,SG,SC et SFC) concern\u00e9s par les dettes de 1\u00e8re Ann\u00e9e LMD <span style=\"color: #ff0000;\">(2\u00e8me Session)<\/span> du <span style=\"color: #ff0000;\">24\/12\/2020<\/span> au <span style=\"color: #ff0000;\">29\/12\/2020<\/span><\/span><\/span><\/strong><\/span><\/a><\/p>\n<p><span style=\"color: #000000;\"><span style=\"color: #000000; font-family: 'arial black', sans-serif;\"><strong><span style=\"font-size: 14pt;\"><a style=\"color: #000000;\" href=\"http:\/\/fsecsg.ummto.dz\/wp-content\/uploads\/2020\/12\/IMG-31-3.pdf\"><img decoding=\"async\" class=\"alignnone size-full wp-image-26431\" src=\"http:\/\/fsecsg.ummto.dz\/wp-content\/uploads\/2020\/10\/rubon5721.gif\" alt=\"\" width=\"63\" height=\"34\" \/>Examen de remplacement Module EMMC aux \u00e9tudiants de 2\u00e8me Ann\u00e9e LMD Sciences Financi\u00e8res et Comptabilit\u00e9 pour le <span style=\"color: #ff0000;\">Dimanche 20\/12\/2020<\/span> \u00e0 <\/a><a style=\"color: #000000;\" href=\"http:\/\/fsecsg.ummto.dz\/wp-content\/uploads\/2020\/12\/IMG-31-3.pdf\"><span style=\"color: #0000ff;\">13h00-14h00<\/span>\u00a0<\/a><a style=\"color: #000000;\" href=\"http:\/\/fsecsg.ummto.dz\/wp-content\/uploads\/2020\/12\/IMG-31-3.pdf\"> <span style=\"color: #008000;\">Salle 7 SG<\/span><\/a><\/span><\/strong><\/span><\/span><span style=\"color: #008000;\"><a style=\"color: #008000;\" href=\"http:\/\/fsecsg.ummto.dz\/wp-content\/uploads\/2020\/12\/IMG-31-3.pdf\"><span style=\"font-family: 'arial black', sans-serif;\"><strong><span style=\"font-size: 14pt;\">.<\/span><\/strong><\/span><\/a><\/span><\/p>\n<ul>\n<li><img decoding=\"async\" class=\"alignnone size-full wp-image-21562\" src=\"http:\/\/fsecsg.ummto.dz\/wp-content\/uploads\/2020\/04\/rubon7903-ed895.gif\" alt=\"\" width=\"55\" height=\"55\" srcset=\"https:\/\/www.ummto.dz\/fsecsg\/wp-content\/uploads\/2020\/04\/rubon7903-ed895.gif 55w, https:\/\/www.ummto.dz\/fsecsg\/wp-content\/uploads\/2020\/04\/rubon7903-ed895-45x45.gif 45w\" sizes=\"(max-width: 55px) 100vw, 55px\" \/><span style=\"text-decoration: underline;\"><span style=\"font-size: 14pt; color: #ff0000;\"><strong>Plannings des examens de rattrapage :<\/strong><\/span><\/span><\/li>\n<\/ul>\n<p><a href=\"http:\/\/fsecsg.ummto.dz\/wp-content\/uploads\/2020\/12\/2SFC-2.pdf\"><span style=\"font-size: 14pt;\"><strong><span style=\"color: #000000;\">Planning des examens de rattrapage 2 \u00e8me Ann\u00e9e LMD<\/span><\/strong><\/span><\/a><\/p>\n<p><a href=\"http:\/\/fsecsg.ummto.dz\/wp-content\/uploads\/2020\/12\/D.2SFC-1.pdf\"><span style=\"color: #000000;\"><span style=\"font-size: 14pt;\"><strong> Planning des examens de dettes 2\u00e8me\u00a0 Ann\u00e9e LMD (2\u00e8me session)<\/strong><\/span><\/span><\/a><\/p>\n<p>&nbsp;<\/p>\n<p><span style=\"color: #000000; font-family: 'arial black', sans-serif;\"><a style=\"color: #000000;\" href=\"http:\/\/fsecsg.ummto.dz\/wp-content\/uploads\/2020\/12\/planning-2eme-remplacement-examen-stat-3.pdf\"><strong><span style=\"font-size: 14pt;\"><img decoding=\"async\" class=\"alignnone size-full wp-image-26431\" src=\"http:\/\/fsecsg.ummto.dz\/wp-content\/uploads\/2020\/10\/rubon5721.gif\" alt=\"\" width=\"63\" height=\"34\" \/>Examen de remplacement aux \u00e9tudiants de 2\u00e8me Ann\u00e9e LMD section B Module statistique semestre 3 pour le <span style=\"color: #ff0000;\">Mardi 08\/12\/2020<\/span><\/span><\/strong><\/a><\/span><\/p>\n<ul>\n<li><img decoding=\"async\" class=\"alignnone size-full wp-image-21562\" src=\"http:\/\/fsecsg.ummto.dz\/wp-content\/uploads\/2020\/04\/rubon7903-ed895.gif\" alt=\"\" width=\"55\" height=\"55\" srcset=\"https:\/\/www.ummto.dz\/fsecsg\/wp-content\/uploads\/2020\/04\/rubon7903-ed895.gif 55w, https:\/\/www.ummto.dz\/fsecsg\/wp-content\/uploads\/2020\/04\/rubon7903-ed895-45x45.gif 45w\" sizes=\"(max-width: 55px) 100vw, 55px\" \/><span style=\"text-decoration: underline;\"><span style=\"font-size: 14pt; color: #ff0000;\"><strong>Plannings des examens Semestre 3,Semestre 4 :<\/strong><\/span><\/span><\/li>\n<\/ul>\n<p><span style=\"color: #000000;\"><a style=\"color: #000000;\" href=\"http:\/\/fsecsg.ummto.dz\/wp-content\/uploads\/2020\/11\/2SFC-1.pdf\"><strong><span style=\"font-size: 14pt;\">Planning des examens de 2\u00e8me Ann\u00e9e LMD<\/span><\/strong><\/a><\/span><\/p>\n<p><span style=\"color: #0000ff;\"><a style=\"color: #0000ff;\" href=\"http:\/\/fsecsg.ummto.dz\/wp-content\/uploads\/2020\/11\/2eme-Sciences-financieres-et-comptabilite-LMD.pdf\"><strong>Liste des \u00e9tudiants par lieux d&rsquo;examen de 2\u00e8me Ann\u00e9e LMD\u00a0<\/strong><\/a><\/span><\/p>\n<p><span style=\"color: #000000; font-size: 14pt;\"><strong><a style=\"color: #000000;\" href=\"http:\/\/fsecsg.ummto.dz\/wp-content\/uploads\/2020\/11\/D_2ASFC-1.pdf\">Planning des examens de dettes 2\u00e8me Ann\u00e9e LMD r\u00e9ctifi\u00e9 <\/a>\u00a0<\/strong><\/span><\/p>\n<p class=\"post-title entry-title\"><span style=\"color: #000000;\"><a style=\"color: #000000;\" href=\"http:\/\/fsecsg.ummto.dz\/examens-de-dettes-semestre-1\/\"><strong><span style=\"font-size: 14pt;\"><img decoding=\"async\" class=\"alignnone wp-image-24431\" src=\"http:\/\/fsecsg.ummto.dz\/wp-content\/uploads\/2020\/09\/telechargement-1-300x162.jpg\" alt=\"\" width=\"117\" height=\"63\" srcset=\"https:\/\/www.ummto.dz\/fsecsg\/wp-content\/uploads\/2020\/09\/telechargement-1-300x162.jpg 300w, https:\/\/www.ummto.dz\/fsecsg\/wp-content\/uploads\/2020\/09\/telechargement-1.jpg 306w\" sizes=\"(max-width: 117px) 100vw, 117px\" \/>Examens de <span style=\"color: #0000ff;\">dettes 1\u00e8re Ann\u00e9e LMD semestre 1<\/span> Module( Introduction \u00e0 l\u2019\u00e9conomie , Introduction \u00e0 la sociologie, Anglais, Introduction au Droit, M\u00e9thodologie et HFE) aux \u00e9tudiants de <span style=\"color: #0000ff;\">2\u00e8me Ann\u00e9e LMD<\/span> et <span style=\"color: #0000ff;\">3\u00e8me Ann\u00e9e LMD<\/span> du d\u00e9partement (SE,SG,SFC et SC) du <span style=\"color: #ff0000;\">Dimanche 29\/11\/2020<\/span> au <span style=\"color: #ff0000;\">Mardi 01\/12\/2020<\/span><\/span><\/strong><\/a><\/span><\/p>\n<p class=\"post-title entry-title\"><span style=\"color: #000000;\"><a style=\"color: #000000;\" href=\"http:\/\/fsecsg.ummto.dz\/ex-dettes\/\"><strong><span style=\"font-size: 14pt;\"><img decoding=\"async\" class=\"alignnone size-full wp-image-21562\" src=\"http:\/\/fsecsg.ummto.dz\/wp-content\/uploads\/2020\/04\/rubon7903-ed895.gif\" alt=\"\" width=\"55\" height=\"55\" srcset=\"https:\/\/www.ummto.dz\/fsecsg\/wp-content\/uploads\/2020\/04\/rubon7903-ed895.gif 55w, https:\/\/www.ummto.dz\/fsecsg\/wp-content\/uploads\/2020\/04\/rubon7903-ed895-45x45.gif 45w\" sizes=\"(max-width: 55px) 100vw, 55px\" \/>Examens de <span style=\"color: #0000ff;\">dettes 1\u00e8re Ann\u00e9e LMD<\/span> <span style=\"color: #0000ff;\">semestre 2<\/span> Module( Introduction au Management , Sociologie des organisations, Anglais, Droit Commercial et Informatique) aux \u00e9tudiants de 2\u00e8me Ann\u00e9e LMD et 3\u00e8me Ann\u00e9e LMD du d\u00e9partement (SE,SG,SFC et SC) (le D\u00e9lai de <span style=\"color: #ff0000;\">Jeudi 12\/11\/2020<\/span> jusqu\u2019au <span style=\"color: #ff0000;\">Dimanche 15\/11\/2020<\/span>)<\/span><\/strong><\/a><\/span><\/p>\n<p class=\"post-title entry-title\"><span style=\"color: #000000;\"><a style=\"color: #000000;\" href=\"http:\/\/fsecsg.ummto.dz\/wp-content\/uploads\/2020\/10\/D.1TC.pdf\"><strong><span style=\"font-size: 14pt;\"><img decoding=\"async\" class=\"alignnone wp-image-24431\" src=\"http:\/\/fsecsg.ummto.dz\/wp-content\/uploads\/2020\/09\/telechargement-1-300x162.jpg\" alt=\"\" width=\"117\" height=\"63\" srcset=\"https:\/\/www.ummto.dz\/fsecsg\/wp-content\/uploads\/2020\/09\/telechargement-1-300x162.jpg 300w, https:\/\/www.ummto.dz\/fsecsg\/wp-content\/uploads\/2020\/09\/telechargement-1.jpg 306w\" sizes=\"(max-width: 117px) 100vw, 117px\" \/>Planning des examens de dettes de 1\u00e8re Ann\u00e9e LMD semestre 1 et semestre 2 aux \u00e9tudiants de 2\u00e8me Ann\u00e9e LMD et 3 \u00e8me Ann\u00e9e LMD du <span style=\"color: #ff0000;\">Lundi 09\/11\/2020<\/span> au <span style=\"color: #ff0000;\">jeudi 26\/11\/2020<\/span><\/span><\/strong><\/a><\/span><\/p>\n<p>&nbsp;<\/p>\n<ul>\n<li><span style=\"text-decoration: underline;\"><span style=\"color: #ff0000;\"><strong>Semestre 3:<\/strong><\/span><\/span><\/li>\n<li><span style=\"color: #000000;\"><a style=\"color: #000000;\" href=\"http:\/\/fsecsg.ummto.dz\/wp-content\/uploads\/2020\/03\/2SFC-version-Avril-converti.pdf\"><span style=\"font-size: 14pt; font-family: 'times new roman', times, serif;\"><strong>Nouveau planning des examens semestre 3<\/strong><\/span><\/a><\/span><\/li>\n<\/ul>\n<p><span style=\"color: #000000;\"><a style=\"color: #000000;\" href=\"http:\/\/fsecsg.ummto.dz\/wp-content\/uploads\/2020\/03\/2SFC.pdf\"><strong><span style=\"font-size: 14pt; font-family: 'times new roman', times, serif;\">Planning des examens semestre 3<\/span><\/strong><\/a><\/span><\/p>\n<p><a href=\"http:\/\/fsecsg.ummto.dz\/wp-content\/uploads\/2020\/03\/2\u00e9me-Sciences-financieres-et-comptabilit\u00e9.pdf\"><span style=\"color: #ff0000;\"><strong><span style=\"font-size: 14pt; font-family: 'times new roman', times, serif;\">Liste des \u00e9tudiants Section \u00ab\u00a0A et B\u00a0\u00bb par Amphis<\/span><\/strong><\/span><\/a><\/p>\n<p>&nbsp;<\/p>\n<ul>\n<li><span style=\"text-decoration: underline;\"><span style=\"color: #ff0000;\"><strong>Semestre 4:<\/strong><\/span><\/span><\/li>\n<\/ul>\n<p class=\"post-title entry-title\"><span style=\"color: #000000;\"><a style=\"color: #000000;\" href=\"http:\/\/fsecsg.ummto.dz\/wp-content\/uploads\/2020\/10\/2-eme-annee-LMD-A.pdf\"><strong><span style=\"font-size: 14pt;\"><img decoding=\"async\" class=\"alignnone wp-image-23469\" src=\"http:\/\/fsecsg.ummto.dz\/wp-content\/uploads\/2020\/09\/examen-algemeen-320x320-1.jpg\" alt=\"\" width=\"112\" height=\"72\" \/>Examen Module Informatique semestre 4 aux \u00e9tudiants de 2\u00e8me Ann\u00e9e LMD section A pour le <span style=\"color: #ff0000;\">Lundi 26\/10\/2020<\/span> \u00e0 <span style=\"color: #0000ff;\">11h00<\/span><\/span><\/strong><\/a><\/span><\/p>\n<p>&nbsp;<\/p>\n<p>&nbsp;<\/p>\n<p>&nbsp;<\/p>\n","protected":false},"excerpt":{"rendered":"<p>&nbsp; EXAMEN DE RATTRAPAGE AUX ETUDIANTS DE 2\u00e8me ANN\u00c9E LMD SECTION (A ET B) DU MODULE FINANCE D\u2019ENTREPRISE QUE L\u2019EXAMEN AURA LIEU DIMAMCHE 27\/12\/2020 A 10H00 : Amphi belhouas : section A \/ Amphi benyahia : section B \u00a0Travaux de recherches \u00e0 remettre aux \u00e9tudiants de L2 et L3 du d\u00e9partement (SE,SG,SC et SFC) concern\u00e9s [&hellip;]<\/p>\n","protected":false},"author":1,"featured_media":0,"parent":0,"menu_order":0,"comment_status":"closed","ping_status":"closed","template":"","meta":{"_et_pb_use_builder":"","_et_pb_old_content":"","_et_gb_content_width":"","footnotes":""},"class_list":["post-20718","page","type-page","status-publish","hentry"],"yoast_head":"<!-- This site is optimized with the Yoast SEO plugin v27.3 - https:\/\/yoast.com\/product\/yoast-seo-wordpress\/ -->\n<title>Ann\u00e9e 2019\/2020 - Facult\u00e9 des Sciences Economiques, Commerciales et des Sciences de Gestion<\/title>\n<meta name=\"robots\" content=\"index, follow, max-snippet:-1, max-image-preview:large, max-video-preview:-1\" \/>\n<link rel=\"canonical\" href=\"https:\/\/www.ummto.dz\/fsecsg\/annee-2019-2020-46\/\" \/>\n<meta property=\"og:locale\" content=\"fr_FR\" \/>\n<meta property=\"og:type\" content=\"article\" \/>\n<meta property=\"og:title\" content=\"Ann\u00e9e 2019\/2020 - Facult\u00e9 des Sciences Economiques, Commerciales et des Sciences de Gestion\" \/>\n<meta property=\"og:description\" content=\"&nbsp; EXAMEN DE RATTRAPAGE AUX ETUDIANTS DE 2\u00e8me ANN\u00c9E LMD SECTION (A ET B) DU MODULE FINANCE D\u2019ENTREPRISE QUE L\u2019EXAMEN AURA LIEU DIMAMCHE 27\/12\/2020 A 10H00 : Amphi belhouas : section A \/ Amphi benyahia : section B \u00a0Travaux de recherches \u00e0 remettre aux \u00e9tudiants de L2 et L3 du d\u00e9partement (SE,SG,SC et SFC) concern\u00e9s [&hellip;]\" \/>\n<meta property=\"og:url\" content=\"https:\/\/www.ummto.dz\/fsecsg\/annee-2019-2020-46\/\" \/>\n<meta property=\"og:site_name\" content=\"Facult\u00e9 des Sciences Economiques, Commerciales et des Sciences de Gestion\" \/>\n<meta property=\"article:modified_time\" content=\"2020-12-23T11:27:58+00:00\" \/>\n<meta property=\"og:image\" content=\"http:\/\/fsecsg.ummto.dz\/wp-content\/uploads\/2020\/12\/rubon7903-ed895.gif\" \/>\n<meta name=\"twitter:card\" content=\"summary_large_image\" \/>\n<meta name=\"twitter:label1\" content=\"Dur\u00e9e de lecture estim\u00e9e\" \/>\n\t<meta name=\"twitter:data1\" content=\"2 minutes\" \/>\n<script type=\"application\/ld+json\" class=\"yoast-schema-graph\">{\"@context\":\"https:\\\/\\\/schema.org\",\"@graph\":[{\"@type\":\"WebPage\",\"@id\":\"https:\\\/\\\/www.ummto.dz\\\/fsecsg\\\/annee-2019-2020-46\\\/\",\"url\":\"https:\\\/\\\/www.ummto.dz\\\/fsecsg\\\/annee-2019-2020-46\\\/\",\"name\":\"Ann\u00e9e 2019\\\/2020 - Facult\u00e9 des Sciences Economiques, Commerciales et des Sciences de Gestion\",\"isPartOf\":{\"@id\":\"https:\\\/\\\/www.ummto.dz\\\/fsecsg\\\/#website\"},\"primaryImageOfPage\":{\"@id\":\"https:\\\/\\\/www.ummto.dz\\\/fsecsg\\\/annee-2019-2020-46\\\/#primaryimage\"},\"image\":{\"@id\":\"https:\\\/\\\/www.ummto.dz\\\/fsecsg\\\/annee-2019-2020-46\\\/#primaryimage\"},\"thumbnailUrl\":\"http:\\\/\\\/fsecsg.ummto.dz\\\/wp-content\\\/uploads\\\/2020\\\/12\\\/rubon7903-ed895.gif\",\"datePublished\":\"2020-02-27T09:56:28+00:00\",\"dateModified\":\"2020-12-23T11:27:58+00:00\",\"breadcrumb\":{\"@id\":\"https:\\\/\\\/www.ummto.dz\\\/fsecsg\\\/annee-2019-2020-46\\\/#breadcrumb\"},\"inLanguage\":\"fr-FR\",\"potentialAction\":[{\"@type\":\"ReadAction\",\"target\":[\"https:\\\/\\\/www.ummto.dz\\\/fsecsg\\\/annee-2019-2020-46\\\/\"]}]},{\"@type\":\"ImageObject\",\"inLanguage\":\"fr-FR\",\"@id\":\"https:\\\/\\\/www.ummto.dz\\\/fsecsg\\\/annee-2019-2020-46\\\/#primaryimage\",\"url\":\"http:\\\/\\\/fsecsg.ummto.dz\\\/wp-content\\\/uploads\\\/2020\\\/12\\\/rubon7903-ed895.gif\",\"contentUrl\":\"http:\\\/\\\/fsecsg.ummto.dz\\\/wp-content\\\/uploads\\\/2020\\\/12\\\/rubon7903-ed895.gif\"},{\"@type\":\"BreadcrumbList\",\"@id\":\"https:\\\/\\\/www.ummto.dz\\\/fsecsg\\\/annee-2019-2020-46\\\/#breadcrumb\",\"itemListElement\":[{\"@type\":\"ListItem\",\"position\":1,\"name\":\"Accueil\",\"item\":\"https:\\\/\\\/www.ummto.dz\\\/fsecsg\\\/\"},{\"@type\":\"ListItem\",\"position\":2,\"name\":\"Ann\u00e9e 2019\\\/2020\"}]},{\"@type\":\"WebSite\",\"@id\":\"https:\\\/\\\/www.ummto.dz\\\/fsecsg\\\/#website\",\"url\":\"https:\\\/\\\/www.ummto.dz\\\/fsecsg\\\/\",\"name\":\"Facult\u00e9 des Sciences Economiques, Commerciales et des Sciences de Gestion\",\"description\":\"Universit\u00e9 Mouloud Mammeri de Tizi Ouzou\",\"potentialAction\":[{\"@type\":\"SearchAction\",\"target\":{\"@type\":\"EntryPoint\",\"urlTemplate\":\"https:\\\/\\\/www.ummto.dz\\\/fsecsg\\\/?s={search_term_string}\"},\"query-input\":{\"@type\":\"PropertyValueSpecification\",\"valueRequired\":true,\"valueName\":\"search_term_string\"}}],\"inLanguage\":\"fr-FR\"}]}<\/script>\n<!-- \/ Yoast SEO plugin. -->","yoast_head_json":{"title":"Ann\u00e9e 2019\/2020 - Facult\u00e9 des Sciences Economiques, Commerciales et des Sciences de Gestion","robots":{"index":"index","follow":"follow","max-snippet":"max-snippet:-1","max-image-preview":"max-image-preview:large","max-video-preview":"max-video-preview:-1"},"canonical":"https:\/\/www.ummto.dz\/fsecsg\/annee-2019-2020-46\/","og_locale":"fr_FR","og_type":"article","og_title":"Ann\u00e9e 2019\/2020 - Facult\u00e9 des Sciences Economiques, Commerciales et des Sciences de Gestion","og_description":"&nbsp; EXAMEN DE RATTRAPAGE AUX ETUDIANTS DE 2\u00e8me ANN\u00c9E LMD SECTION (A ET B) DU MODULE FINANCE D\u2019ENTREPRISE QUE L\u2019EXAMEN AURA LIEU DIMAMCHE 27\/12\/2020 A 10H00 : Amphi belhouas : section A \/ Amphi benyahia : section B \u00a0Travaux de recherches \u00e0 remettre aux \u00e9tudiants de L2 et L3 du d\u00e9partement (SE,SG,SC et SFC) concern\u00e9s [&hellip;]","og_url":"https:\/\/www.ummto.dz\/fsecsg\/annee-2019-2020-46\/","og_site_name":"Facult\u00e9 des Sciences Economiques, Commerciales et des Sciences de Gestion","article_modified_time":"2020-12-23T11:27:58+00:00","og_image":[{"url":"http:\/\/fsecsg.ummto.dz\/wp-content\/uploads\/2020\/12\/rubon7903-ed895.gif","type":"","width":"","height":""}],"twitter_card":"summary_large_image","twitter_misc":{"Dur\u00e9e de lecture estim\u00e9e":"2 minutes"},"schema":{"@context":"https:\/\/schema.org","@graph":[{"@type":"WebPage","@id":"https:\/\/www.ummto.dz\/fsecsg\/annee-2019-2020-46\/","url":"https:\/\/www.ummto.dz\/fsecsg\/annee-2019-2020-46\/","name":"Ann\u00e9e 2019\/2020 - Facult\u00e9 des Sciences Economiques, Commerciales et des Sciences de Gestion","isPartOf":{"@id":"https:\/\/www.ummto.dz\/fsecsg\/#website"},"primaryImageOfPage":{"@id":"https:\/\/www.ummto.dz\/fsecsg\/annee-2019-2020-46\/#primaryimage"},"image":{"@id":"https:\/\/www.ummto.dz\/fsecsg\/annee-2019-2020-46\/#primaryimage"},"thumbnailUrl":"http:\/\/fsecsg.ummto.dz\/wp-content\/uploads\/2020\/12\/rubon7903-ed895.gif","datePublished":"2020-02-27T09:56:28+00:00","dateModified":"2020-12-23T11:27:58+00:00","breadcrumb":{"@id":"https:\/\/www.ummto.dz\/fsecsg\/annee-2019-2020-46\/#breadcrumb"},"inLanguage":"fr-FR","potentialAction":[{"@type":"ReadAction","target":["https:\/\/www.ummto.dz\/fsecsg\/annee-2019-2020-46\/"]}]},{"@type":"ImageObject","inLanguage":"fr-FR","@id":"https:\/\/www.ummto.dz\/fsecsg\/annee-2019-2020-46\/#primaryimage","url":"http:\/\/fsecsg.ummto.dz\/wp-content\/uploads\/2020\/12\/rubon7903-ed895.gif","contentUrl":"http:\/\/fsecsg.ummto.dz\/wp-content\/uploads\/2020\/12\/rubon7903-ed895.gif"},{"@type":"BreadcrumbList","@id":"https:\/\/www.ummto.dz\/fsecsg\/annee-2019-2020-46\/#breadcrumb","itemListElement":[{"@type":"ListItem","position":1,"name":"Accueil","item":"https:\/\/www.ummto.dz\/fsecsg\/"},{"@type":"ListItem","position":2,"name":"Ann\u00e9e 2019\/2020"}]},{"@type":"WebSite","@id":"https:\/\/www.ummto.dz\/fsecsg\/#website","url":"https:\/\/www.ummto.dz\/fsecsg\/","name":"Facult\u00e9 des Sciences Economiques, Commerciales et des Sciences de Gestion","description":"Universit\u00e9 Mouloud Mammeri de Tizi Ouzou","potentialAction":[{"@type":"SearchAction","target":{"@type":"EntryPoint","urlTemplate":"https:\/\/www.ummto.dz\/fsecsg\/?s={search_term_string}"},"query-input":{"@type":"PropertyValueSpecification","valueRequired":true,"valueName":"search_term_string"}}],"inLanguage":"fr-FR"}]}},"_links":{"self":[{"href":"https:\/\/www.ummto.dz\/fsecsg\/wp-json\/wp\/v2\/pages\/20718","targetHints":{"allow":["GET"]}}],"collection":[{"href":"https:\/\/www.ummto.dz\/fsecsg\/wp-json\/wp\/v2\/pages"}],"about":[{"href":"https:\/\/www.ummto.dz\/fsecsg\/wp-json\/wp\/v2\/types\/page"}],"author":[{"embeddable":true,"href":"https:\/\/www.ummto.dz\/fsecsg\/wp-json\/wp\/v2\/users\/1"}],"replies":[{"embeddable":true,"href":"https:\/\/www.ummto.dz\/fsecsg\/wp-json\/wp\/v2\/comments?post=20718"}],"version-history":[{"count":26,"href":"https:\/\/www.ummto.dz\/fsecsg\/wp-json\/wp\/v2\/pages\/20718\/revisions"}],"predecessor-version":[{"id":33345,"href":"https:\/\/www.ummto.dz\/fsecsg\/wp-json\/wp\/v2\/pages\/20718\/revisions\/33345"}],"wp:attachment":[{"href":"https:\/\/www.ummto.dz\/fsecsg\/wp-json\/wp\/v2\/media?parent=20718"}],"curies":[{"name":"wp","href":"https:\/\/api.w.org\/{rel}","templated":true}]}}