{"id":21238,"date":"2020-03-15T16:38:25","date_gmt":"2020-03-15T15:38:25","guid":{"rendered":"http:\/\/fsecsg.ummto.dz\/?page_id=21238"},"modified":"2020-03-16T11:44:54","modified_gmt":"2020-03-16T10:44:54","slug":"plate-forme-e-learning","status":"publish","type":"page","link":"https:\/\/www.ummto.dz\/fsecsg\/plate-forme-e-learning\/","title":{"rendered":"plate forme E-LEARNING"},"content":{"rendered":"<p><span style=\"color: #000000; font-size: 14pt; font-family: 'times new roman', times, serif;\"><strong>Nous avons l\u2019honneur de vous rappeler qu\u2019afin d\u2019assurer un enseignement \u00e0 distance, notre \u00e9tablissement dispose d\u2019une plateforme d\u2019E-Learning accessible \u00e0 partir du site web de l\u2019universit\u00e9 www.ummto.dz.<\/strong><\/span><br \/>\n<span style=\"color: #000000; font-size: 14pt; font-family: 'times new roman', times, serif;\"><strong>A cet effet, nous vous informons que les enseignants d\u00e9j\u00e0 inscrits sur cette plateforme peuvent l\u2019alimenter en publiant leurs cours, TD et corrig\u00e9s en se connectant sur leurs comptes.<\/strong><\/span><br \/>\n<span style=\"color: #000000; font-size: 14pt; font-family: 'times new roman', times, serif;\"><strong>Les enseignants qui ne sont pas encore inscrits sur la plateforme sont invit\u00e9s \u00e0 cr\u00e9er leurs comptes en envoyant leurs Noms, Pr\u00e9noms, D\u00e9partement, Facult\u00e9 et adresse mail (obligatoire) \u00e0 l\u2019adresse suivante :\u00a0<\/strong><\/span><\/p>\n<p><span style=\"color: #000000; font-size: 14pt; font-family: 'times new roman', times, serif;\"><strong><span style=\"color: #ff0000;\">tele-enseignement@ummto.dz<\/span>. Un nom d\u2019utilisateur et un mot de passe leurs seront communiqu\u00e9s par mail pour qu\u2019ils puissent acc\u00e9der \u00e0 leur compte et y publier des cours.<\/strong><\/span><br \/>\n<span style=\"color: #000000; font-size: 14pt; font-family: 'times new roman', times, serif;\"><strong>Nous tenons \u00e9galement \u00e0 rassurer les enseignants que notre plateforme d\u2019E-Learning est s\u00e9curis\u00e9e et que les cours publi\u00e9s ne seront accessibles qu\u2019\u00e0 leurs \u00e9tudiants auxquels ils devront remettre un mot de passe.<\/strong><\/span><br \/>\n<span style=\"color: #000000; font-size: 14pt; font-family: 'times new roman', times, serif;\"><strong>Par ailleurs, nous vous invitons \u00e0 privil\u00e9gier les courriers \u00e9lectroniques et les nouvelles technologies de l\u2019information et de la communication pour assurer la fluidit\u00e9 de l\u2019information.<\/strong><\/span><\/p>\n<p>&nbsp;<\/p>\n<ul>\n<li><span style=\"color: #ff0000; font-size: 14pt; font-family: 'times new roman', times, serif;\"><strong>T\u00e9l: 026 18 62 28<\/strong><\/span><\/li>\n<\/ul>\n<p>&nbsp;<\/p>\n<p>&nbsp;<\/p>\n","protected":false},"excerpt":{"rendered":"<p>Nous avons l\u2019honneur de vous rappeler qu\u2019afin d\u2019assurer un enseignement \u00e0 distance, notre \u00e9tablissement dispose d\u2019une plateforme d\u2019E-Learning accessible \u00e0 partir du site web de l\u2019universit\u00e9 www.ummto.dz. A cet effet, nous vous informons que les enseignants d\u00e9j\u00e0 inscrits sur cette plateforme peuvent l\u2019alimenter en publiant leurs cours, TD et corrig\u00e9s en se connectant sur leurs [&hellip;]<\/p>\n","protected":false},"author":1,"featured_media":0,"parent":0,"menu_order":0,"comment_status":"closed","ping_status":"closed","template":"","meta":{"_et_pb_use_builder":"","_et_pb_old_content":"","_et_gb_content_width":"","footnotes":""},"class_list":["post-21238","page","type-page","status-publish","hentry"],"yoast_head":"<!-- This site is optimized with the Yoast SEO plugin v27.3 - https:\/\/yoast.com\/product\/yoast-seo-wordpress\/ -->\n<title>plate forme E-LEARNING - Facult\u00e9 des Sciences Economiques, Commerciales et des Sciences de Gestion<\/title>\n<meta name=\"robots\" content=\"index, follow, max-snippet:-1, max-image-preview:large, max-video-preview:-1\" \/>\n<link rel=\"canonical\" href=\"https:\/\/www.ummto.dz\/fsecsg\/plate-forme-e-learning\/\" \/>\n<meta property=\"og:locale\" content=\"fr_FR\" \/>\n<meta property=\"og:type\" content=\"article\" \/>\n<meta property=\"og:title\" content=\"plate forme E-LEARNING - Facult\u00e9 des Sciences Economiques, Commerciales et des Sciences de Gestion\" \/>\n<meta property=\"og:description\" content=\"Nous avons l\u2019honneur de vous rappeler qu\u2019afin d\u2019assurer un enseignement \u00e0 distance, notre \u00e9tablissement dispose d\u2019une plateforme d\u2019E-Learning accessible \u00e0 partir du site web de l\u2019universit\u00e9 www.ummto.dz. A cet effet, nous vous informons que les enseignants d\u00e9j\u00e0 inscrits sur cette plateforme peuvent l\u2019alimenter en publiant leurs cours, TD et corrig\u00e9s en se connectant sur leurs [&hellip;]\" \/>\n<meta property=\"og:url\" content=\"https:\/\/www.ummto.dz\/fsecsg\/plate-forme-e-learning\/\" \/>\n<meta property=\"og:site_name\" content=\"Facult\u00e9 des Sciences Economiques, Commerciales et des Sciences de Gestion\" \/>\n<meta property=\"article:modified_time\" content=\"2020-03-16T10:44:54+00:00\" \/>\n<meta name=\"twitter:card\" content=\"summary_large_image\" \/>\n<meta name=\"twitter:label1\" content=\"Dur\u00e9e de lecture estim\u00e9e\" \/>\n\t<meta name=\"twitter:data1\" content=\"1 minute\" \/>\n<script type=\"application\/ld+json\" class=\"yoast-schema-graph\">{\"@context\":\"https:\\\/\\\/schema.org\",\"@graph\":[{\"@type\":\"WebPage\",\"@id\":\"https:\\\/\\\/www.ummto.dz\\\/fsecsg\\\/plate-forme-e-learning\\\/\",\"url\":\"https:\\\/\\\/www.ummto.dz\\\/fsecsg\\\/plate-forme-e-learning\\\/\",\"name\":\"plate forme E-LEARNING - Facult\u00e9 des Sciences Economiques, Commerciales et des Sciences de Gestion\",\"isPartOf\":{\"@id\":\"https:\\\/\\\/www.ummto.dz\\\/fsecsg\\\/#website\"},\"datePublished\":\"2020-03-15T15:38:25+00:00\",\"dateModified\":\"2020-03-16T10:44:54+00:00\",\"breadcrumb\":{\"@id\":\"https:\\\/\\\/www.ummto.dz\\\/fsecsg\\\/plate-forme-e-learning\\\/#breadcrumb\"},\"inLanguage\":\"fr-FR\",\"potentialAction\":[{\"@type\":\"ReadAction\",\"target\":[\"https:\\\/\\\/www.ummto.dz\\\/fsecsg\\\/plate-forme-e-learning\\\/\"]}]},{\"@type\":\"BreadcrumbList\",\"@id\":\"https:\\\/\\\/www.ummto.dz\\\/fsecsg\\\/plate-forme-e-learning\\\/#breadcrumb\",\"itemListElement\":[{\"@type\":\"ListItem\",\"position\":1,\"name\":\"Accueil\",\"item\":\"https:\\\/\\\/www.ummto.dz\\\/fsecsg\\\/\"},{\"@type\":\"ListItem\",\"position\":2,\"name\":\"plate forme E-LEARNING\"}]},{\"@type\":\"WebSite\",\"@id\":\"https:\\\/\\\/www.ummto.dz\\\/fsecsg\\\/#website\",\"url\":\"https:\\\/\\\/www.ummto.dz\\\/fsecsg\\\/\",\"name\":\"Facult\u00e9 des Sciences Economiques, Commerciales et des Sciences de Gestion\",\"description\":\"Universit\u00e9 Mouloud Mammeri de Tizi Ouzou\",\"potentialAction\":[{\"@type\":\"SearchAction\",\"target\":{\"@type\":\"EntryPoint\",\"urlTemplate\":\"https:\\\/\\\/www.ummto.dz\\\/fsecsg\\\/?s={search_term_string}\"},\"query-input\":{\"@type\":\"PropertyValueSpecification\",\"valueRequired\":true,\"valueName\":\"search_term_string\"}}],\"inLanguage\":\"fr-FR\"}]}<\/script>\n<!-- \/ Yoast SEO plugin. -->","yoast_head_json":{"title":"plate forme E-LEARNING - Facult\u00e9 des Sciences Economiques, Commerciales et des Sciences de Gestion","robots":{"index":"index","follow":"follow","max-snippet":"max-snippet:-1","max-image-preview":"max-image-preview:large","max-video-preview":"max-video-preview:-1"},"canonical":"https:\/\/www.ummto.dz\/fsecsg\/plate-forme-e-learning\/","og_locale":"fr_FR","og_type":"article","og_title":"plate forme E-LEARNING - Facult\u00e9 des Sciences Economiques, Commerciales et des Sciences de Gestion","og_description":"Nous avons l\u2019honneur de vous rappeler qu\u2019afin d\u2019assurer un enseignement \u00e0 distance, notre \u00e9tablissement dispose d\u2019une plateforme d\u2019E-Learning accessible \u00e0 partir du site web de l\u2019universit\u00e9 www.ummto.dz. A cet effet, nous vous informons que les enseignants d\u00e9j\u00e0 inscrits sur cette plateforme peuvent l\u2019alimenter en publiant leurs cours, TD et corrig\u00e9s en se connectant sur leurs [&hellip;]","og_url":"https:\/\/www.ummto.dz\/fsecsg\/plate-forme-e-learning\/","og_site_name":"Facult\u00e9 des Sciences Economiques, Commerciales et des Sciences de Gestion","article_modified_time":"2020-03-16T10:44:54+00:00","twitter_card":"summary_large_image","twitter_misc":{"Dur\u00e9e de lecture estim\u00e9e":"1 minute"},"schema":{"@context":"https:\/\/schema.org","@graph":[{"@type":"WebPage","@id":"https:\/\/www.ummto.dz\/fsecsg\/plate-forme-e-learning\/","url":"https:\/\/www.ummto.dz\/fsecsg\/plate-forme-e-learning\/","name":"plate forme E-LEARNING - Facult\u00e9 des Sciences Economiques, Commerciales et des Sciences de Gestion","isPartOf":{"@id":"https:\/\/www.ummto.dz\/fsecsg\/#website"},"datePublished":"2020-03-15T15:38:25+00:00","dateModified":"2020-03-16T10:44:54+00:00","breadcrumb":{"@id":"https:\/\/www.ummto.dz\/fsecsg\/plate-forme-e-learning\/#breadcrumb"},"inLanguage":"fr-FR","potentialAction":[{"@type":"ReadAction","target":["https:\/\/www.ummto.dz\/fsecsg\/plate-forme-e-learning\/"]}]},{"@type":"BreadcrumbList","@id":"https:\/\/www.ummto.dz\/fsecsg\/plate-forme-e-learning\/#breadcrumb","itemListElement":[{"@type":"ListItem","position":1,"name":"Accueil","item":"https:\/\/www.ummto.dz\/fsecsg\/"},{"@type":"ListItem","position":2,"name":"plate forme E-LEARNING"}]},{"@type":"WebSite","@id":"https:\/\/www.ummto.dz\/fsecsg\/#website","url":"https:\/\/www.ummto.dz\/fsecsg\/","name":"Facult\u00e9 des Sciences Economiques, Commerciales et des Sciences de Gestion","description":"Universit\u00e9 Mouloud Mammeri de Tizi Ouzou","potentialAction":[{"@type":"SearchAction","target":{"@type":"EntryPoint","urlTemplate":"https:\/\/www.ummto.dz\/fsecsg\/?s={search_term_string}"},"query-input":{"@type":"PropertyValueSpecification","valueRequired":true,"valueName":"search_term_string"}}],"inLanguage":"fr-FR"}]}},"_links":{"self":[{"href":"https:\/\/www.ummto.dz\/fsecsg\/wp-json\/wp\/v2\/pages\/21238","targetHints":{"allow":["GET"]}}],"collection":[{"href":"https:\/\/www.ummto.dz\/fsecsg\/wp-json\/wp\/v2\/pages"}],"about":[{"href":"https:\/\/www.ummto.dz\/fsecsg\/wp-json\/wp\/v2\/types\/page"}],"author":[{"embeddable":true,"href":"https:\/\/www.ummto.dz\/fsecsg\/wp-json\/wp\/v2\/users\/1"}],"replies":[{"embeddable":true,"href":"https:\/\/www.ummto.dz\/fsecsg\/wp-json\/wp\/v2\/comments?post=21238"}],"version-history":[{"count":4,"href":"https:\/\/www.ummto.dz\/fsecsg\/wp-json\/wp\/v2\/pages\/21238\/revisions"}],"predecessor-version":[{"id":21260,"href":"https:\/\/www.ummto.dz\/fsecsg\/wp-json\/wp\/v2\/pages\/21238\/revisions\/21260"}],"wp:attachment":[{"href":"https:\/\/www.ummto.dz\/fsecsg\/wp-json\/wp\/v2\/media?parent=21238"}],"curies":[{"name":"wp","href":"https:\/\/api.w.org\/{rel}","templated":true}]}}